{"id":9099,"date":"2024-02-27T10:44:57","date_gmt":"2024-02-27T09:44:57","guid":{"rendered":"https:\/\/www.jlg.nicolas-briche.fr\/index.php\/produit\/barnum-pliant-alu-3x3m-520gr\/"},"modified":"2024-06-04T12:27:40","modified_gmt":"2024-06-04T10:27:40","slug":"barnum-pliant-alu-3x3m-520gr","status":"publish","type":"product","link":"https:\/\/jlgequipements.fr\/index.php\/produit\/barnum-pliant-alu-3x3m-520gr\/","title":{"rendered":"TONNELLE BARNUM PLIANT ALU 3 x 3 m"},"content":{"rendered":"<p>\u2022 Surface au sol : 9 m2<br \/>\n\u2022 B\u00e2ches lat\u00e9rales : 580 gr pour pi\u00e8tement \u00f8 55 mm <strong>(garantie 10 ans)<\/strong> ou 380 gr pour pi\u00e8tement \u00f8 45 mm<strong> (garantie 5 ans)<\/strong><br \/>\n\u2022 Hauteur sous structure : 2,05 m<br \/>\n\u2022 Composition : 2 murs fen\u00eatres + 1 mur plein + 1 mur porte<br \/>\n\u2022 Pi\u00e8ces de connexion garantie \u00e0 vie<\/p>\n<p>LES AVANTAGES :<br \/>\n&#8211; Montage rapide<br \/>\n&#8211; Aucun outil n\u00e9cessaire<br \/>\n&#8211; R\u00e9sistance au feu M2<br \/>\n&#8211; B\u00e2che 100% \u00e9tanche<\/p>\n<p>r\u00e9sistance au vent: \u00f8 55mm:65KM\/H<\/p>\n<p>\u00f8 45mm:60KM\/H<\/p>\n<p><strong>Offert:<\/strong><br \/>\n&#8211; sac de rangement pour parois lat\u00e9rales<br \/>\n&#8211; sac de rangement pour b\u00e2che de toit<br \/>\n&#8211; housse de transport<\/p>\n<p>&nbsp;<\/p>\n","protected":false},"excerpt":{"rendered":"<p>\u2022 Surface au sol : 9 m2 \u2022 B\u00e2ches lat\u00e9rales : 580 gr pour pi\u00e8tement \u00f8 55 mm (garantie 10 ans) ou 380 gr pour pi\u00e8tement \u00f8 45 mm (garantie 5 ans) \u2022 Hauteur sous structure : 2,05 m \u2022 Composition : 2 murs fen\u00eatres + 1 mur plein + 1 mur porte \u2022 Pi\u00e8ces de connexion garantie \u00e0 vie LES AVANTAGES : &#8211; Montage rapide &#8211; Aucun outil n\u00e9cessaire &#8211; R\u00e9sistance au feu M2 &#8211; B\u00e2che 100% \u00e9tanche r\u00e9sistance au vent: \u00f8 55mm:65KM\/H \u00f8 45mm:60KM\/H Offert: &#8211; sac de rangement pour parois lat\u00e9rales &#8211; sac de rangement pour b\u00e2che de toit &#8211; housse de transport &nbsp;<\/p>\n","protected":false},"featured_media":10600,"comment_status":"closed","ping_status":"closed","template":"","meta":[],"product_brand":[],"product_cat":[285,234],"product_tag":[],"class_list":{"0":"post-9099","1":"product","2":"type-product","3":"status-publish","4":"has-post-thumbnail","6":"product_cat-tonnelles-premium-pro","7":"product_cat-mobilier-salle-polyvalente","9":"first","10":"instock","11":"shipping-taxable","12":"product-type-simple"},"yoast_head":"<!-- This site is optimized with the Yoast SEO plugin v27.1.1 - https:\/\/yoast.com\/product\/yoast-seo-wordpress\/ -->\n<title>TONNELLE BARNUM PLIANT ALU 3 x 3 m - JLG \u00c9quipements Collectivit\u00e9s<\/title>\n<meta name=\"robots\" content=\"index, follow, max-snippet:-1, max-image-preview:large, max-video-preview:-1\" \/>\n<link rel=\"canonical\" href=\"https:\/\/jlgequipements.fr\/index.php\/produit\/barnum-pliant-alu-3x3m-520gr\/\" \/>\n<meta property=\"og:locale\" content=\"fr_FR\" \/>\n<meta property=\"og:type\" content=\"article\" \/>\n<meta property=\"og:title\" content=\"TONNELLE BARNUM PLIANT ALU 3 x 3 m - JLG \u00c9quipements Collectivit\u00e9s\" \/>\n<meta property=\"og:description\" content=\"\u2022 Surface au sol : 9 m2 \u2022 B\u00e2ches lat\u00e9rales : 580 gr pour pi\u00e8tement \u00f8 55 mm (garantie 10 ans) ou 380 gr pour pi\u00e8tement \u00f8 45 mm (garantie 5 ans) \u2022 Hauteur sous structure : 2,05 m \u2022 Composition : 2 murs fen\u00eatres + 1 mur plein + 1 mur porte \u2022 Pi\u00e8ces de connexion garantie \u00e0 vie LES AVANTAGES : &#8211; Montage rapide &#8211; Aucun outil n\u00e9cessaire &#8211; R\u00e9sistance au feu M2 &#8211; B\u00e2che 100% \u00e9tanche r\u00e9sistance au vent: \u00f8 55mm:65KM\/H \u00f8 45mm:60KM\/H Offert: &#8211; sac de rangement pour parois lat\u00e9rales &#8211; sac de rangement pour b\u00e2che de toit &#8211; housse de transport &nbsp;\" \/>\n<meta property=\"og:url\" content=\"https:\/\/jlgequipements.fr\/index.php\/produit\/barnum-pliant-alu-3x3m-520gr\/\" \/>\n<meta property=\"og:site_name\" content=\"JLG \u00c9quipements Collectivit\u00e9s\" \/>\n<meta property=\"article:modified_time\" content=\"2024-06-04T10:27:40+00:00\" \/>\n<meta property=\"og:image\" content=\"https:\/\/jlgequipements.fr\/wp-content\/uploads\/2024\/02\/Untitled-48.jpg\" \/>\n\t<meta property=\"og:image:width\" content=\"500\" \/>\n\t<meta property=\"og:image:height\" content=\"500\" \/>\n\t<meta property=\"og:image:type\" content=\"image\/jpeg\" \/>\n<meta name=\"twitter:card\" content=\"summary_large_image\" \/>\n<script type=\"application\/ld+json\" class=\"yoast-schema-graph\">{\"@context\":\"https:\/\/schema.org\",\"@graph\":[{\"@type\":\"WebPage\",\"@id\":\"https:\/\/jlgequipements.fr\/index.php\/produit\/barnum-pliant-alu-3x3m-520gr\/\",\"url\":\"https:\/\/jlgequipements.fr\/index.php\/produit\/barnum-pliant-alu-3x3m-520gr\/\",\"name\":\"TONNELLE BARNUM PLIANT ALU 3 x 3 m - JLG \u00c9quipements Collectivit\u00e9s\",\"isPartOf\":{\"@id\":\"https:\/\/jlgequipements.fr\/#website\"},\"primaryImageOfPage\":{\"@id\":\"https:\/\/jlgequipements.fr\/index.php\/produit\/barnum-pliant-alu-3x3m-520gr\/#primaryimage\"},\"image\":{\"@id\":\"https:\/\/jlgequipements.fr\/index.php\/produit\/barnum-pliant-alu-3x3m-520gr\/#primaryimage\"},\"thumbnailUrl\":\"https:\/\/jlgequipements.fr\/wp-content\/uploads\/2024\/02\/Untitled-48.jpg\",\"datePublished\":\"2024-02-27T09:44:57+00:00\",\"dateModified\":\"2024-06-04T10:27:40+00:00\",\"breadcrumb\":{\"@id\":\"https:\/\/jlgequipements.fr\/index.php\/produit\/barnum-pliant-alu-3x3m-520gr\/#breadcrumb\"},\"inLanguage\":\"fr-FR\",\"potentialAction\":[{\"@type\":\"ReadAction\",\"target\":[\"https:\/\/jlgequipements.fr\/index.php\/produit\/barnum-pliant-alu-3x3m-520gr\/\"]}]},{\"@type\":\"ImageObject\",\"inLanguage\":\"fr-FR\",\"@id\":\"https:\/\/jlgequipements.fr\/index.php\/produit\/barnum-pliant-alu-3x3m-520gr\/#primaryimage\",\"url\":\"https:\/\/jlgequipements.fr\/wp-content\/uploads\/2024\/02\/Untitled-48.jpg\",\"contentUrl\":\"https:\/\/jlgequipements.fr\/wp-content\/uploads\/2024\/02\/Untitled-48.jpg\",\"width\":500,\"height\":500,\"caption\":\"Barnum pliant 3x3\"},{\"@type\":\"BreadcrumbList\",\"@id\":\"https:\/\/jlgequipements.fr\/index.php\/produit\/barnum-pliant-alu-3x3m-520gr\/#breadcrumb\",\"itemListElement\":[{\"@type\":\"ListItem\",\"position\":1,\"name\":\"Accueil\",\"item\":\"https:\/\/jlgequipements.fr\/\"},{\"@type\":\"ListItem\",\"position\":2,\"name\":\"Boutique\",\"item\":\"https:\/\/jlgequipements.fr\/index.php\/boutique\/\"},{\"@type\":\"ListItem\",\"position\":3,\"name\":\"TONNELLE BARNUM PLIANT ALU 3 x 3 m\"}]},{\"@type\":\"WebSite\",\"@id\":\"https:\/\/jlgequipements.fr\/#website\",\"url\":\"https:\/\/jlgequipements.fr\/\",\"name\":\"JLG \u00c9quipements collectivit\u00e9\",\"description\":\"Le partenaire des communes\",\"publisher\":{\"@id\":\"https:\/\/jlgequipements.fr\/#organization\"},\"potentialAction\":[{\"@type\":\"SearchAction\",\"target\":{\"@type\":\"EntryPoint\",\"urlTemplate\":\"https:\/\/jlgequipements.fr\/?s={search_term_string}\"},\"query-input\":{\"@type\":\"PropertyValueSpecification\",\"valueRequired\":true,\"valueName\":\"search_term_string\"}}],\"inLanguage\":\"fr-FR\"},{\"@type\":\"Organization\",\"@id\":\"https:\/\/jlgequipements.fr\/#organization\",\"name\":\"JLG \u00c9quipements collectivit\u00e9\",\"url\":\"https:\/\/jlgequipements.fr\/\",\"logo\":{\"@type\":\"ImageObject\",\"inLanguage\":\"fr-FR\",\"@id\":\"https:\/\/jlgequipements.fr\/#\/schema\/logo\/image\/\",\"url\":\"https:\/\/jlgequipements.fr\/wp-content\/uploads\/2024\/01\/JLG_LOGO_VECTO.png\",\"contentUrl\":\"https:\/\/jlgequipements.fr\/wp-content\/uploads\/2024\/01\/JLG_LOGO_VECTO.png\",\"width\":3293,\"height\":3292,\"caption\":\"JLG \u00c9quipements collectivit\u00e9\"},\"image\":{\"@id\":\"https:\/\/jlgequipements.fr\/#\/schema\/logo\/image\/\"}}]}<\/script>\n<!-- \/ Yoast SEO plugin. -->","yoast_head_json":{"title":"TONNELLE BARNUM PLIANT ALU 3 x 3 m - JLG \u00c9quipements Collectivit\u00e9s","robots":{"index":"index","follow":"follow","max-snippet":"max-snippet:-1","max-image-preview":"max-image-preview:large","max-video-preview":"max-video-preview:-1"},"canonical":"https:\/\/jlgequipements.fr\/index.php\/produit\/barnum-pliant-alu-3x3m-520gr\/","og_locale":"fr_FR","og_type":"article","og_title":"TONNELLE BARNUM PLIANT ALU 3 x 3 m - JLG \u00c9quipements Collectivit\u00e9s","og_description":"\u2022 Surface au sol : 9 m2 \u2022 B\u00e2ches lat\u00e9rales : 580 gr pour pi\u00e8tement \u00f8 55 mm (garantie 10 ans) ou 380 gr pour pi\u00e8tement \u00f8 45 mm (garantie 5 ans) \u2022 Hauteur sous structure : 2,05 m \u2022 Composition : 2 murs fen\u00eatres + 1 mur plein + 1 mur porte \u2022 Pi\u00e8ces de connexion garantie \u00e0 vie LES AVANTAGES : &#8211; Montage rapide &#8211; Aucun outil n\u00e9cessaire &#8211; R\u00e9sistance au feu M2 &#8211; B\u00e2che 100% \u00e9tanche r\u00e9sistance au vent: \u00f8 55mm:65KM\/H \u00f8 45mm:60KM\/H Offert: &#8211; sac de rangement pour parois lat\u00e9rales &#8211; sac de rangement pour b\u00e2che de toit &#8211; housse de transport &nbsp;","og_url":"https:\/\/jlgequipements.fr\/index.php\/produit\/barnum-pliant-alu-3x3m-520gr\/","og_site_name":"JLG \u00c9quipements Collectivit\u00e9s","article_modified_time":"2024-06-04T10:27:40+00:00","og_image":[{"width":500,"height":500,"url":"https:\/\/jlgequipements.fr\/wp-content\/uploads\/2024\/02\/Untitled-48.jpg","type":"image\/jpeg"}],"twitter_card":"summary_large_image","schema":{"@context":"https:\/\/schema.org","@graph":[{"@type":"WebPage","@id":"https:\/\/jlgequipements.fr\/index.php\/produit\/barnum-pliant-alu-3x3m-520gr\/","url":"https:\/\/jlgequipements.fr\/index.php\/produit\/barnum-pliant-alu-3x3m-520gr\/","name":"TONNELLE BARNUM PLIANT ALU 3 x 3 m - JLG \u00c9quipements Collectivit\u00e9s","isPartOf":{"@id":"https:\/\/jlgequipements.fr\/#website"},"primaryImageOfPage":{"@id":"https:\/\/jlgequipements.fr\/index.php\/produit\/barnum-pliant-alu-3x3m-520gr\/#primaryimage"},"image":{"@id":"https:\/\/jlgequipements.fr\/index.php\/produit\/barnum-pliant-alu-3x3m-520gr\/#primaryimage"},"thumbnailUrl":"https:\/\/jlgequipements.fr\/wp-content\/uploads\/2024\/02\/Untitled-48.jpg","datePublished":"2024-02-27T09:44:57+00:00","dateModified":"2024-06-04T10:27:40+00:00","breadcrumb":{"@id":"https:\/\/jlgequipements.fr\/index.php\/produit\/barnum-pliant-alu-3x3m-520gr\/#breadcrumb"},"inLanguage":"fr-FR","potentialAction":[{"@type":"ReadAction","target":["https:\/\/jlgequipements.fr\/index.php\/produit\/barnum-pliant-alu-3x3m-520gr\/"]}]},{"@type":"ImageObject","inLanguage":"fr-FR","@id":"https:\/\/jlgequipements.fr\/index.php\/produit\/barnum-pliant-alu-3x3m-520gr\/#primaryimage","url":"https:\/\/jlgequipements.fr\/wp-content\/uploads\/2024\/02\/Untitled-48.jpg","contentUrl":"https:\/\/jlgequipements.fr\/wp-content\/uploads\/2024\/02\/Untitled-48.jpg","width":500,"height":500,"caption":"Barnum pliant 3x3"},{"@type":"BreadcrumbList","@id":"https:\/\/jlgequipements.fr\/index.php\/produit\/barnum-pliant-alu-3x3m-520gr\/#breadcrumb","itemListElement":[{"@type":"ListItem","position":1,"name":"Accueil","item":"https:\/\/jlgequipements.fr\/"},{"@type":"ListItem","position":2,"name":"Boutique","item":"https:\/\/jlgequipements.fr\/index.php\/boutique\/"},{"@type":"ListItem","position":3,"name":"TONNELLE BARNUM PLIANT ALU 3 x 3 m"}]},{"@type":"WebSite","@id":"https:\/\/jlgequipements.fr\/#website","url":"https:\/\/jlgequipements.fr\/","name":"JLG \u00c9quipements collectivit\u00e9","description":"Le partenaire des communes","publisher":{"@id":"https:\/\/jlgequipements.fr\/#organization"},"potentialAction":[{"@type":"SearchAction","target":{"@type":"EntryPoint","urlTemplate":"https:\/\/jlgequipements.fr\/?s={search_term_string}"},"query-input":{"@type":"PropertyValueSpecification","valueRequired":true,"valueName":"search_term_string"}}],"inLanguage":"fr-FR"},{"@type":"Organization","@id":"https:\/\/jlgequipements.fr\/#organization","name":"JLG \u00c9quipements collectivit\u00e9","url":"https:\/\/jlgequipements.fr\/","logo":{"@type":"ImageObject","inLanguage":"fr-FR","@id":"https:\/\/jlgequipements.fr\/#\/schema\/logo\/image\/","url":"https:\/\/jlgequipements.fr\/wp-content\/uploads\/2024\/01\/JLG_LOGO_VECTO.png","contentUrl":"https:\/\/jlgequipements.fr\/wp-content\/uploads\/2024\/01\/JLG_LOGO_VECTO.png","width":3293,"height":3292,"caption":"JLG \u00c9quipements collectivit\u00e9"},"image":{"@id":"https:\/\/jlgequipements.fr\/#\/schema\/logo\/image\/"}}]}},"_links":{"self":[{"href":"https:\/\/jlgequipements.fr\/index.php\/wp-json\/wp\/v2\/product\/9099","targetHints":{"allow":["GET"]}}],"collection":[{"href":"https:\/\/jlgequipements.fr\/index.php\/wp-json\/wp\/v2\/product"}],"about":[{"href":"https:\/\/jlgequipements.fr\/index.php\/wp-json\/wp\/v2\/types\/product"}],"replies":[{"embeddable":true,"href":"https:\/\/jlgequipements.fr\/index.php\/wp-json\/wp\/v2\/comments?post=9099"}],"version-history":[{"count":6,"href":"https:\/\/jlgequipements.fr\/index.php\/wp-json\/wp\/v2\/product\/9099\/revisions"}],"predecessor-version":[{"id":12607,"href":"https:\/\/jlgequipements.fr\/index.php\/wp-json\/wp\/v2\/product\/9099\/revisions\/12607"}],"wp:featuredmedia":[{"embeddable":true,"href":"https:\/\/jlgequipements.fr\/index.php\/wp-json\/wp\/v2\/media\/10600"}],"wp:attachment":[{"href":"https:\/\/jlgequipements.fr\/index.php\/wp-json\/wp\/v2\/media?parent=9099"}],"wp:term":[{"taxonomy":"product_brand","embeddable":true,"href":"https:\/\/jlgequipements.fr\/index.php\/wp-json\/wp\/v2\/product_brand?post=9099"},{"taxonomy":"product_cat","embeddable":true,"href":"https:\/\/jlgequipements.fr\/index.php\/wp-json\/wp\/v2\/product_cat?post=9099"},{"taxonomy":"product_tag","embeddable":true,"href":"https:\/\/jlgequipements.fr\/index.php\/wp-json\/wp\/v2\/product_tag?post=9099"}],"curies":[{"name":"wp","href":"https:\/\/api.w.org\/{rel}","templated":true}]}}