{"id":8405,"date":"2024-02-27T10:42:00","date_gmt":"2024-02-27T09:42:00","guid":{"rendered":"https:\/\/www.jlg.nicolas-briche.fr\/index.php\/produit\/vitrine-exclusive-16-a4-2-serrures\/"},"modified":"2025-01-30T09:57:57","modified_gmt":"2025-01-30T08:57:57","slug":"vitrine-exclusive-16-a4-2-serrures","status":"publish","type":"product","link":"https:\/\/jlgequipements.fr\/index.php\/produit\/vitrine-exclusive-16-a4-2-serrures\/","title":{"rendered":"VITRINE TRADITION \u00c9PAISSEUR 30 MM"},"content":{"rendered":"<p>\u2022 Ext\u00e9rieure<br \/>\n\u2022 Cadre en aluminium anodis\u00e9 ou peint (voir nuancier)<br \/>\n\u2022 Vitre en plexichocs ou verre s\u00e9curit\u00e9 \u00e9paisseur 4 mm<br \/>\n\u2022 Porte battante r\u00e9versible ou \u00e0 double battant<br \/>\n\u2022 Ventilation assur\u00e9e pour \u00e9viter la condensation et joint \u00e9lastom\u00e8re pour assurer l\u2019\u00e9tanch\u00e9it\u00e9<br \/>\n\u2022 Verrouillage par serrure plac\u00e9e sur un profil aluminium avec 2 cl\u00e9s fournies, anti-vandalisme<br \/>\n\u2022 Fond magn\u00e9tique en t\u00f4le galvanis\u00e9e laqu\u00e9e blanc<br \/>\n\u2022 \u00c9paisseur totale : 30 mm<br \/>\n\u2022 Fixation murale<\/p>\n<p>Formats disponibles :<\/p>\n<ul>\n<li>Simple battant 2 A4, anodis\u00e9, H 400 x 550 mm\u00a0 \u00a0 \u00a0 \u00a0 \u00a0 \u00a0 \u00a0 \u00a0 \u00a0 \u00a0 \u00a0R\u00e9f. 505000<\/li>\n<li>Simple battant 2 A4, peint, H 550 x 400 mm\u00a0 \u00a0 \u00a0 \u00a0 \u00a0 \u00a0 \u00a0 \u00a0 \u00a0 \u00a0 \u00a0 \u00a0 \u00a0 R\u00e9f. 405000<\/li>\n<li>Simple battant 4 A4, anodis\u00e9, H 550 x 750 mm\u00a0 \u00a0 \u00a0 \u00a0 \u00a0 \u00a0 \u00a0 \u00a0 \u00a0 \u00a0 \u00a0 R\u00e9f. 505001<\/li>\n<li>Simple battant 4 A4, peint, H 550 x 750 mm\u00a0 \u00a0 \u00a0 \u00a0 \u00a0 \u00a0 \u00a0 \u00a0 \u00a0 \u00a0 \u00a0 \u00a0 \u00a0 \u00a0R\u00e9f. 405001<\/li>\n<li>Simple battant 6 A4, anodis\u00e9, H 750 x 750 mm\u00a0 \u00a0 \u00a0 \u00a0 \u00a0 \u00a0 \u00a0 \u00a0 \u00a0 \u00a0 \u00a0 R\u00e9f. 505002<\/li>\n<li>Simple battant 6 A4, peint, H 750 x 750 mm\u00a0 \u00a0 \u00a0 \u00a0 \u00a0 \u00a0 \u00a0 \u00a0 \u00a0 \u00a0 \u00a0 \u00a0 \u00a0 \u00a0R\u00e9f. 405002<\/li>\n<li>Simple battant 8 A4, anodis\u00e9, H 980 x 830 mm\u00a0 \u00a0 \u00a0 \u00a0 \u00a0 \u00a0 \u00a0 \u00a0 \u00a0 \u00a0 \u00a0R\u00e9f. 505060<\/li>\n<li>Simple battant 8 A4, peint, H 980 x 830 mm\u00a0 \u00a0 \u00a0 \u00a0 \u00a0 \u00a0 \u00a0 \u00a0 \u00a0 \u00a0 \u00a0 \u00a0 \u00a0 R\u00e9f. 405060<\/li>\n<li>Simple battant 9 A4, anodis\u00e9, H 1050 x 750 mm\u00a0 \u00a0 \u00a0 \u00a0 \u00a0 \u00a0 \u00a0 \u00a0 \u00a0 \u00a0 R\u00e9f. 505003<\/li>\n<li>Simple battant 9 A4, peint, H 1050 x 750 mm\u00a0 \u00a0 \u00a0 \u00a0 \u00a0 \u00a0 \u00a0 \u00a0 \u00a0 \u00a0 \u00a0 \u00a0 \u00a0R\u00e9f. 405003<\/li>\n<li>Double battant 8 A4, anodis\u00e9, H 1200 x 750 mm\u00a0 \u00a0 \u00a0 \u00a0 \u00a0 \u00a0 \u00a0 \u00a0 \u00a0 \u00a0R\u00e9f. 505075<\/li>\n<li>Double battant 8 A4, peint, H 1200 x 750 mm\u00a0 \u00a0 \u00a0 \u00a0 \u00a0 \u00a0 \u00a0 \u00a0 \u00a0 \u00a0 \u00a0 \u00a0 R\u00e9f. 405075<\/li>\n<li>Double battant 18 A4, anodis\u00e9, H 1050 x 1400 mm\u00a0 \u00a0 \u00a0 \u00a0 \u00a0 \u00a0 \u00a0 \u00a0R\u00e9f. 505076<\/li>\n<\/ul>\n","protected":false},"excerpt":{"rendered":"<p>\u2022 Ext\u00e9rieure \u2022 Cadre en aluminium anodis\u00e9 ou peint (voir nuancier) \u2022 Vitre en plexichocs ou verre s\u00e9curit\u00e9 \u00e9paisseur 4 mm \u2022 Porte battante r\u00e9versible ou \u00e0 double battant \u2022 Ventilation assur\u00e9e pour \u00e9viter la condensation et joint \u00e9lastom\u00e8re pour assurer l\u2019\u00e9tanch\u00e9it\u00e9 \u2022 Verrouillage par serrure plac\u00e9e sur un profil aluminium avec 2 cl\u00e9s fournies, anti-vandalisme \u2022 Fond magn\u00e9tique en t\u00f4le galvanis\u00e9e laqu\u00e9e blanc \u2022 \u00c9paisseur totale : 30 mm \u2022 Fixation murale Formats disponibles : Simple battant 2 A4, anodis\u00e9, H 400 x 550 mm\u00a0 \u00a0 \u00a0 \u00a0 \u00a0 \u00a0 \u00a0 \u00a0 \u00a0 \u00a0 \u00a0R\u00e9f. 505000 Simple battant 2 A4, peint, H 550 x 400 mm\u00a0 \u00a0 \u00a0 \u00a0 \u00a0 \u00a0 \u00a0 \u00a0 \u00a0 \u00a0 \u00a0 \u00a0 \u00a0 R\u00e9f. 405000 Simple battant 4 A4, anodis\u00e9, H 550 x 750 mm\u00a0 \u00a0 \u00a0 \u00a0 \u00a0 \u00a0 \u00a0 \u00a0 \u00a0 \u00a0 \u00a0 R\u00e9f. 505001 Simple battant 4 A4, peint, H 550 x 750 mm\u00a0 \u00a0 \u00a0 \u00a0 \u00a0 \u00a0 \u00a0 \u00a0 \u00a0 \u00a0 \u00a0 \u00a0 \u00a0 \u00a0R\u00e9f. 405001 Simple battant 6 A4, anodis\u00e9, H 750 x 750 mm\u00a0 \u00a0 \u00a0 \u00a0 \u00a0 \u00a0 \u00a0 \u00a0 \u00a0 \u00a0 \u00a0 R\u00e9f. 505002 Simple battant 6 A4, peint, H 750 x 750 mm\u00a0 \u00a0 \u00a0 \u00a0 \u00a0 \u00a0 \u00a0 \u00a0 \u00a0 \u00a0 \u00a0 \u00a0 \u00a0 \u00a0R\u00e9f. 405002 Simple battant 8 A4, anodis\u00e9, H 980 x 830 mm\u00a0 \u00a0 \u00a0 \u00a0 \u00a0 \u00a0 \u00a0 \u00a0 \u00a0 \u00a0 \u00a0R\u00e9f. 505060 Simple battant 8 A4, peint, H 980 x 830 mm\u00a0 \u00a0 \u00a0 \u00a0 \u00a0 \u00a0 \u00a0 \u00a0 \u00a0 \u00a0 \u00a0 \u00a0 \u00a0 R\u00e9f. 405060 Simple battant 9 A4, anodis\u00e9, H 1050 x 750 mm\u00a0 \u00a0 \u00a0 \u00a0 \u00a0 \u00a0 \u00a0 \u00a0 \u00a0 \u00a0 R\u00e9f. 505003 Simple battant 9 A4, peint, H 1050 x 750 mm\u00a0 \u00a0 \u00a0 \u00a0 \u00a0 \u00a0 \u00a0 \u00a0 \u00a0 \u00a0 \u00a0 \u00a0 \u00a0R\u00e9f. 405003 Double battant 8 A4, anodis\u00e9, H 1200 x 750 mm\u00a0 \u00a0 \u00a0 \u00a0 \u00a0 \u00a0 \u00a0 \u00a0 \u00a0 \u00a0R\u00e9f. 505075 Double battant 8 A4, peint, H 1200 x 750 mm\u00a0 \u00a0 \u00a0 \u00a0 \u00a0 \u00a0 \u00a0 \u00a0 \u00a0 \u00a0 \u00a0 \u00a0 R\u00e9f. 405075 Double battant 18 A4, anodis\u00e9, H 1050 x 1400 mm\u00a0 \u00a0 \u00a0 \u00a0 \u00a0 \u00a0 \u00a0 \u00a0R\u00e9f. 505076<\/p>\n","protected":false},"featured_media":11616,"comment_status":"closed","ping_status":"closed","template":"","meta":[],"product_brand":[],"product_cat":[226,230],"product_tag":[],"class_list":{"0":"post-8405","1":"product","2":"type-product","3":"status-publish","4":"has-post-thumbnail","6":"product_cat-mobilier-urbain","7":"product_cat-vitrines-exterieures","9":"first","10":"instock","11":"shipping-taxable","12":"product-type-simple"},"yoast_head":"<!-- This site is optimized with the Yoast SEO plugin v27.1.1 - https:\/\/yoast.com\/product\/yoast-seo-wordpress\/ -->\n<title>VITRINE TRADITION \u00c9PAISSEUR 30 MM - JLG \u00c9quipements Collectivit\u00e9s<\/title>\n<meta name=\"robots\" content=\"index, follow, max-snippet:-1, max-image-preview:large, max-video-preview:-1\" \/>\n<link rel=\"canonical\" href=\"https:\/\/jlgequipements.fr\/index.php\/produit\/vitrine-exclusive-16-a4-2-serrures\/\" \/>\n<meta property=\"og:locale\" content=\"fr_FR\" \/>\n<meta property=\"og:type\" content=\"article\" \/>\n<meta property=\"og:title\" content=\"VITRINE TRADITION \u00c9PAISSEUR 30 MM - JLG \u00c9quipements Collectivit\u00e9s\" \/>\n<meta property=\"og:description\" content=\"\u2022 Ext\u00e9rieure \u2022 Cadre en aluminium anodis\u00e9 ou peint (voir nuancier) \u2022 Vitre en plexichocs ou verre s\u00e9curit\u00e9 \u00e9paisseur 4 mm \u2022 Porte battante r\u00e9versible ou \u00e0 double battant \u2022 Ventilation assur\u00e9e pour \u00e9viter la condensation et joint \u00e9lastom\u00e8re pour assurer l\u2019\u00e9tanch\u00e9it\u00e9 \u2022 Verrouillage par serrure plac\u00e9e sur un profil aluminium avec 2 cl\u00e9s fournies, anti-vandalisme \u2022 Fond magn\u00e9tique en t\u00f4le galvanis\u00e9e laqu\u00e9e blanc \u2022 \u00c9paisseur totale : 30 mm \u2022 Fixation murale Formats disponibles : Simple battant 2 A4, anodis\u00e9, H 400 x 550 mm\u00a0 \u00a0 \u00a0 \u00a0 \u00a0 \u00a0 \u00a0 \u00a0 \u00a0 \u00a0 \u00a0R\u00e9f. 505000 Simple battant 2 A4, peint, H 550 x 400 mm\u00a0 \u00a0 \u00a0 \u00a0 \u00a0 \u00a0 \u00a0 \u00a0 \u00a0 \u00a0 \u00a0 \u00a0 \u00a0 R\u00e9f. 405000 Simple battant 4 A4, anodis\u00e9, H 550 x 750 mm\u00a0 \u00a0 \u00a0 \u00a0 \u00a0 \u00a0 \u00a0 \u00a0 \u00a0 \u00a0 \u00a0 R\u00e9f. 505001 Simple battant 4 A4, peint, H 550 x 750 mm\u00a0 \u00a0 \u00a0 \u00a0 \u00a0 \u00a0 \u00a0 \u00a0 \u00a0 \u00a0 \u00a0 \u00a0 \u00a0 \u00a0R\u00e9f. 405001 Simple battant 6 A4, anodis\u00e9, H 750 x 750 mm\u00a0 \u00a0 \u00a0 \u00a0 \u00a0 \u00a0 \u00a0 \u00a0 \u00a0 \u00a0 \u00a0 R\u00e9f. 505002 Simple battant 6 A4, peint, H 750 x 750 mm\u00a0 \u00a0 \u00a0 \u00a0 \u00a0 \u00a0 \u00a0 \u00a0 \u00a0 \u00a0 \u00a0 \u00a0 \u00a0 \u00a0R\u00e9f. 405002 Simple battant 8 A4, anodis\u00e9, H 980 x 830 mm\u00a0 \u00a0 \u00a0 \u00a0 \u00a0 \u00a0 \u00a0 \u00a0 \u00a0 \u00a0 \u00a0R\u00e9f. 505060 Simple battant 8 A4, peint, H 980 x 830 mm\u00a0 \u00a0 \u00a0 \u00a0 \u00a0 \u00a0 \u00a0 \u00a0 \u00a0 \u00a0 \u00a0 \u00a0 \u00a0 R\u00e9f. 405060 Simple battant 9 A4, anodis\u00e9, H 1050 x 750 mm\u00a0 \u00a0 \u00a0 \u00a0 \u00a0 \u00a0 \u00a0 \u00a0 \u00a0 \u00a0 R\u00e9f. 505003 Simple battant 9 A4, peint, H 1050 x 750 mm\u00a0 \u00a0 \u00a0 \u00a0 \u00a0 \u00a0 \u00a0 \u00a0 \u00a0 \u00a0 \u00a0 \u00a0 \u00a0R\u00e9f. 405003 Double battant 8 A4, anodis\u00e9, H 1200 x 750 mm\u00a0 \u00a0 \u00a0 \u00a0 \u00a0 \u00a0 \u00a0 \u00a0 \u00a0 \u00a0R\u00e9f. 505075 Double battant 8 A4, peint, H 1200 x 750 mm\u00a0 \u00a0 \u00a0 \u00a0 \u00a0 \u00a0 \u00a0 \u00a0 \u00a0 \u00a0 \u00a0 \u00a0 R\u00e9f. 405075 Double battant 18 A4, anodis\u00e9, H 1050 x 1400 mm\u00a0 \u00a0 \u00a0 \u00a0 \u00a0 \u00a0 \u00a0 \u00a0R\u00e9f. 505076\" \/>\n<meta property=\"og:url\" content=\"https:\/\/jlgequipements.fr\/index.php\/produit\/vitrine-exclusive-16-a4-2-serrures\/\" \/>\n<meta property=\"og:site_name\" content=\"JLG \u00c9quipements Collectivit\u00e9s\" \/>\n<meta property=\"article:modified_time\" content=\"2025-01-30T08:57:57+00:00\" \/>\n<meta property=\"og:image\" content=\"https:\/\/jlgequipements.fr\/wp-content\/uploads\/2024\/02\/Untitled-2024-03-25T122939.678.jpg\" \/>\n\t<meta property=\"og:image:width\" content=\"500\" \/>\n\t<meta property=\"og:image:height\" content=\"500\" \/>\n\t<meta property=\"og:image:type\" content=\"image\/jpeg\" \/>\n<meta name=\"twitter:card\" content=\"summary_large_image\" \/>\n<meta name=\"twitter:label1\" content=\"Dur\u00e9e de lecture estim\u00e9e\" \/>\n\t<meta name=\"twitter:data1\" content=\"1 minute\" \/>\n<script type=\"application\/ld+json\" class=\"yoast-schema-graph\">{\"@context\":\"https:\/\/schema.org\",\"@graph\":[{\"@type\":\"WebPage\",\"@id\":\"https:\/\/jlgequipements.fr\/index.php\/produit\/vitrine-exclusive-16-a4-2-serrures\/\",\"url\":\"https:\/\/jlgequipements.fr\/index.php\/produit\/vitrine-exclusive-16-a4-2-serrures\/\",\"name\":\"VITRINE TRADITION \u00c9PAISSEUR 30 MM - JLG \u00c9quipements Collectivit\u00e9s\",\"isPartOf\":{\"@id\":\"https:\/\/jlgequipements.fr\/#website\"},\"primaryImageOfPage\":{\"@id\":\"https:\/\/jlgequipements.fr\/index.php\/produit\/vitrine-exclusive-16-a4-2-serrures\/#primaryimage\"},\"image\":{\"@id\":\"https:\/\/jlgequipements.fr\/index.php\/produit\/vitrine-exclusive-16-a4-2-serrures\/#primaryimage\"},\"thumbnailUrl\":\"https:\/\/jlgequipements.fr\/wp-content\/uploads\/2024\/02\/Untitled-2024-03-25T122939.678.jpg\",\"datePublished\":\"2024-02-27T09:42:00+00:00\",\"dateModified\":\"2025-01-30T08:57:57+00:00\",\"breadcrumb\":{\"@id\":\"https:\/\/jlgequipements.fr\/index.php\/produit\/vitrine-exclusive-16-a4-2-serrures\/#breadcrumb\"},\"inLanguage\":\"fr-FR\",\"potentialAction\":[{\"@type\":\"ReadAction\",\"target\":[\"https:\/\/jlgequipements.fr\/index.php\/produit\/vitrine-exclusive-16-a4-2-serrures\/\"]}]},{\"@type\":\"ImageObject\",\"inLanguage\":\"fr-FR\",\"@id\":\"https:\/\/jlgequipements.fr\/index.php\/produit\/vitrine-exclusive-16-a4-2-serrures\/#primaryimage\",\"url\":\"https:\/\/jlgequipements.fr\/wp-content\/uploads\/2024\/02\/Untitled-2024-03-25T122939.678.jpg\",\"contentUrl\":\"https:\/\/jlgequipements.fr\/wp-content\/uploads\/2024\/02\/Untitled-2024-03-25T122939.678.jpg\",\"width\":500,\"height\":500,\"caption\":\"Vitrine tradition \u00e9paisseur 30 mm\"},{\"@type\":\"BreadcrumbList\",\"@id\":\"https:\/\/jlgequipements.fr\/index.php\/produit\/vitrine-exclusive-16-a4-2-serrures\/#breadcrumb\",\"itemListElement\":[{\"@type\":\"ListItem\",\"position\":1,\"name\":\"Accueil\",\"item\":\"https:\/\/jlgequipements.fr\/\"},{\"@type\":\"ListItem\",\"position\":2,\"name\":\"Boutique\",\"item\":\"https:\/\/jlgequipements.fr\/index.php\/boutique\/\"},{\"@type\":\"ListItem\",\"position\":3,\"name\":\"VITRINE TRADITION \u00c9PAISSEUR 30 MM\"}]},{\"@type\":\"WebSite\",\"@id\":\"https:\/\/jlgequipements.fr\/#website\",\"url\":\"https:\/\/jlgequipements.fr\/\",\"name\":\"JLG \u00c9quipements collectivit\u00e9\",\"description\":\"Le partenaire des communes\",\"publisher\":{\"@id\":\"https:\/\/jlgequipements.fr\/#organization\"},\"potentialAction\":[{\"@type\":\"SearchAction\",\"target\":{\"@type\":\"EntryPoint\",\"urlTemplate\":\"https:\/\/jlgequipements.fr\/?s={search_term_string}\"},\"query-input\":{\"@type\":\"PropertyValueSpecification\",\"valueRequired\":true,\"valueName\":\"search_term_string\"}}],\"inLanguage\":\"fr-FR\"},{\"@type\":\"Organization\",\"@id\":\"https:\/\/jlgequipements.fr\/#organization\",\"name\":\"JLG \u00c9quipements collectivit\u00e9\",\"url\":\"https:\/\/jlgequipements.fr\/\",\"logo\":{\"@type\":\"ImageObject\",\"inLanguage\":\"fr-FR\",\"@id\":\"https:\/\/jlgequipements.fr\/#\/schema\/logo\/image\/\",\"url\":\"https:\/\/jlgequipements.fr\/wp-content\/uploads\/2024\/01\/JLG_LOGO_VECTO.png\",\"contentUrl\":\"https:\/\/jlgequipements.fr\/wp-content\/uploads\/2024\/01\/JLG_LOGO_VECTO.png\",\"width\":3293,\"height\":3292,\"caption\":\"JLG \u00c9quipements collectivit\u00e9\"},\"image\":{\"@id\":\"https:\/\/jlgequipements.fr\/#\/schema\/logo\/image\/\"}}]}<\/script>\n<!-- \/ Yoast SEO plugin. -->","yoast_head_json":{"title":"VITRINE TRADITION \u00c9PAISSEUR 30 MM - JLG \u00c9quipements Collectivit\u00e9s","robots":{"index":"index","follow":"follow","max-snippet":"max-snippet:-1","max-image-preview":"max-image-preview:large","max-video-preview":"max-video-preview:-1"},"canonical":"https:\/\/jlgequipements.fr\/index.php\/produit\/vitrine-exclusive-16-a4-2-serrures\/","og_locale":"fr_FR","og_type":"article","og_title":"VITRINE TRADITION \u00c9PAISSEUR 30 MM - JLG \u00c9quipements Collectivit\u00e9s","og_description":"\u2022 Ext\u00e9rieure \u2022 Cadre en aluminium anodis\u00e9 ou peint (voir nuancier) \u2022 Vitre en plexichocs ou verre s\u00e9curit\u00e9 \u00e9paisseur 4 mm \u2022 Porte battante r\u00e9versible ou \u00e0 double battant \u2022 Ventilation assur\u00e9e pour \u00e9viter la condensation et joint \u00e9lastom\u00e8re pour assurer l\u2019\u00e9tanch\u00e9it\u00e9 \u2022 Verrouillage par serrure plac\u00e9e sur un profil aluminium avec 2 cl\u00e9s fournies, anti-vandalisme \u2022 Fond magn\u00e9tique en t\u00f4le galvanis\u00e9e laqu\u00e9e blanc \u2022 \u00c9paisseur totale : 30 mm \u2022 Fixation murale Formats disponibles : Simple battant 2 A4, anodis\u00e9, H 400 x 550 mm\u00a0 \u00a0 \u00a0 \u00a0 \u00a0 \u00a0 \u00a0 \u00a0 \u00a0 \u00a0 \u00a0R\u00e9f. 505000 Simple battant 2 A4, peint, H 550 x 400 mm\u00a0 \u00a0 \u00a0 \u00a0 \u00a0 \u00a0 \u00a0 \u00a0 \u00a0 \u00a0 \u00a0 \u00a0 \u00a0 R\u00e9f. 405000 Simple battant 4 A4, anodis\u00e9, H 550 x 750 mm\u00a0 \u00a0 \u00a0 \u00a0 \u00a0 \u00a0 \u00a0 \u00a0 \u00a0 \u00a0 \u00a0 R\u00e9f. 505001 Simple battant 4 A4, peint, H 550 x 750 mm\u00a0 \u00a0 \u00a0 \u00a0 \u00a0 \u00a0 \u00a0 \u00a0 \u00a0 \u00a0 \u00a0 \u00a0 \u00a0 \u00a0R\u00e9f. 405001 Simple battant 6 A4, anodis\u00e9, H 750 x 750 mm\u00a0 \u00a0 \u00a0 \u00a0 \u00a0 \u00a0 \u00a0 \u00a0 \u00a0 \u00a0 \u00a0 R\u00e9f. 505002 Simple battant 6 A4, peint, H 750 x 750 mm\u00a0 \u00a0 \u00a0 \u00a0 \u00a0 \u00a0 \u00a0 \u00a0 \u00a0 \u00a0 \u00a0 \u00a0 \u00a0 \u00a0R\u00e9f. 405002 Simple battant 8 A4, anodis\u00e9, H 980 x 830 mm\u00a0 \u00a0 \u00a0 \u00a0 \u00a0 \u00a0 \u00a0 \u00a0 \u00a0 \u00a0 \u00a0R\u00e9f. 505060 Simple battant 8 A4, peint, H 980 x 830 mm\u00a0 \u00a0 \u00a0 \u00a0 \u00a0 \u00a0 \u00a0 \u00a0 \u00a0 \u00a0 \u00a0 \u00a0 \u00a0 R\u00e9f. 405060 Simple battant 9 A4, anodis\u00e9, H 1050 x 750 mm\u00a0 \u00a0 \u00a0 \u00a0 \u00a0 \u00a0 \u00a0 \u00a0 \u00a0 \u00a0 R\u00e9f. 505003 Simple battant 9 A4, peint, H 1050 x 750 mm\u00a0 \u00a0 \u00a0 \u00a0 \u00a0 \u00a0 \u00a0 \u00a0 \u00a0 \u00a0 \u00a0 \u00a0 \u00a0R\u00e9f. 405003 Double battant 8 A4, anodis\u00e9, H 1200 x 750 mm\u00a0 \u00a0 \u00a0 \u00a0 \u00a0 \u00a0 \u00a0 \u00a0 \u00a0 \u00a0R\u00e9f. 505075 Double battant 8 A4, peint, H 1200 x 750 mm\u00a0 \u00a0 \u00a0 \u00a0 \u00a0 \u00a0 \u00a0 \u00a0 \u00a0 \u00a0 \u00a0 \u00a0 R\u00e9f. 405075 Double battant 18 A4, anodis\u00e9, H 1050 x 1400 mm\u00a0 \u00a0 \u00a0 \u00a0 \u00a0 \u00a0 \u00a0 \u00a0R\u00e9f. 505076","og_url":"https:\/\/jlgequipements.fr\/index.php\/produit\/vitrine-exclusive-16-a4-2-serrures\/","og_site_name":"JLG \u00c9quipements Collectivit\u00e9s","article_modified_time":"2025-01-30T08:57:57+00:00","og_image":[{"width":500,"height":500,"url":"https:\/\/jlgequipements.fr\/wp-content\/uploads\/2024\/02\/Untitled-2024-03-25T122939.678.jpg","type":"image\/jpeg"}],"twitter_card":"summary_large_image","twitter_misc":{"Dur\u00e9e de lecture estim\u00e9e":"1 minute"},"schema":{"@context":"https:\/\/schema.org","@graph":[{"@type":"WebPage","@id":"https:\/\/jlgequipements.fr\/index.php\/produit\/vitrine-exclusive-16-a4-2-serrures\/","url":"https:\/\/jlgequipements.fr\/index.php\/produit\/vitrine-exclusive-16-a4-2-serrures\/","name":"VITRINE TRADITION \u00c9PAISSEUR 30 MM - JLG \u00c9quipements Collectivit\u00e9s","isPartOf":{"@id":"https:\/\/jlgequipements.fr\/#website"},"primaryImageOfPage":{"@id":"https:\/\/jlgequipements.fr\/index.php\/produit\/vitrine-exclusive-16-a4-2-serrures\/#primaryimage"},"image":{"@id":"https:\/\/jlgequipements.fr\/index.php\/produit\/vitrine-exclusive-16-a4-2-serrures\/#primaryimage"},"thumbnailUrl":"https:\/\/jlgequipements.fr\/wp-content\/uploads\/2024\/02\/Untitled-2024-03-25T122939.678.jpg","datePublished":"2024-02-27T09:42:00+00:00","dateModified":"2025-01-30T08:57:57+00:00","breadcrumb":{"@id":"https:\/\/jlgequipements.fr\/index.php\/produit\/vitrine-exclusive-16-a4-2-serrures\/#breadcrumb"},"inLanguage":"fr-FR","potentialAction":[{"@type":"ReadAction","target":["https:\/\/jlgequipements.fr\/index.php\/produit\/vitrine-exclusive-16-a4-2-serrures\/"]}]},{"@type":"ImageObject","inLanguage":"fr-FR","@id":"https:\/\/jlgequipements.fr\/index.php\/produit\/vitrine-exclusive-16-a4-2-serrures\/#primaryimage","url":"https:\/\/jlgequipements.fr\/wp-content\/uploads\/2024\/02\/Untitled-2024-03-25T122939.678.jpg","contentUrl":"https:\/\/jlgequipements.fr\/wp-content\/uploads\/2024\/02\/Untitled-2024-03-25T122939.678.jpg","width":500,"height":500,"caption":"Vitrine tradition \u00e9paisseur 30 mm"},{"@type":"BreadcrumbList","@id":"https:\/\/jlgequipements.fr\/index.php\/produit\/vitrine-exclusive-16-a4-2-serrures\/#breadcrumb","itemListElement":[{"@type":"ListItem","position":1,"name":"Accueil","item":"https:\/\/jlgequipements.fr\/"},{"@type":"ListItem","position":2,"name":"Boutique","item":"https:\/\/jlgequipements.fr\/index.php\/boutique\/"},{"@type":"ListItem","position":3,"name":"VITRINE TRADITION \u00c9PAISSEUR 30 MM"}]},{"@type":"WebSite","@id":"https:\/\/jlgequipements.fr\/#website","url":"https:\/\/jlgequipements.fr\/","name":"JLG \u00c9quipements collectivit\u00e9","description":"Le partenaire des communes","publisher":{"@id":"https:\/\/jlgequipements.fr\/#organization"},"potentialAction":[{"@type":"SearchAction","target":{"@type":"EntryPoint","urlTemplate":"https:\/\/jlgequipements.fr\/?s={search_term_string}"},"query-input":{"@type":"PropertyValueSpecification","valueRequired":true,"valueName":"search_term_string"}}],"inLanguage":"fr-FR"},{"@type":"Organization","@id":"https:\/\/jlgequipements.fr\/#organization","name":"JLG \u00c9quipements collectivit\u00e9","url":"https:\/\/jlgequipements.fr\/","logo":{"@type":"ImageObject","inLanguage":"fr-FR","@id":"https:\/\/jlgequipements.fr\/#\/schema\/logo\/image\/","url":"https:\/\/jlgequipements.fr\/wp-content\/uploads\/2024\/01\/JLG_LOGO_VECTO.png","contentUrl":"https:\/\/jlgequipements.fr\/wp-content\/uploads\/2024\/01\/JLG_LOGO_VECTO.png","width":3293,"height":3292,"caption":"JLG \u00c9quipements collectivit\u00e9"},"image":{"@id":"https:\/\/jlgequipements.fr\/#\/schema\/logo\/image\/"}}]}},"_links":{"self":[{"href":"https:\/\/jlgequipements.fr\/index.php\/wp-json\/wp\/v2\/product\/8405","targetHints":{"allow":["GET"]}}],"collection":[{"href":"https:\/\/jlgequipements.fr\/index.php\/wp-json\/wp\/v2\/product"}],"about":[{"href":"https:\/\/jlgequipements.fr\/index.php\/wp-json\/wp\/v2\/types\/product"}],"replies":[{"embeddable":true,"href":"https:\/\/jlgequipements.fr\/index.php\/wp-json\/wp\/v2\/comments?post=8405"}],"version-history":[{"count":3,"href":"https:\/\/jlgequipements.fr\/index.php\/wp-json\/wp\/v2\/product\/8405\/revisions"}],"predecessor-version":[{"id":11618,"href":"https:\/\/jlgequipements.fr\/index.php\/wp-json\/wp\/v2\/product\/8405\/revisions\/11618"}],"wp:featuredmedia":[{"embeddable":true,"href":"https:\/\/jlgequipements.fr\/index.php\/wp-json\/wp\/v2\/media\/11616"}],"wp:attachment":[{"href":"https:\/\/jlgequipements.fr\/index.php\/wp-json\/wp\/v2\/media?parent=8405"}],"wp:term":[{"taxonomy":"product_brand","embeddable":true,"href":"https:\/\/jlgequipements.fr\/index.php\/wp-json\/wp\/v2\/product_brand?post=8405"},{"taxonomy":"product_cat","embeddable":true,"href":"https:\/\/jlgequipements.fr\/index.php\/wp-json\/wp\/v2\/product_cat?post=8405"},{"taxonomy":"product_tag","embeddable":true,"href":"https:\/\/jlgequipements.fr\/index.php\/wp-json\/wp\/v2\/product_tag?post=8405"}],"curies":[{"name":"wp","href":"https:\/\/api.w.org\/{rel}","templated":true}]}}