{"id":8396,"date":"2024-02-27T10:41:58","date_gmt":"2024-02-27T09:41:58","guid":{"rendered":"https:\/\/www.jlg.nicolas-briche.fr\/index.php\/produit\/totem-gros-crayon-fibre-arthur-ecole\/"},"modified":"2024-03-22T16:52:26","modified_gmt":"2024-03-22T15:52:26","slug":"totem-gros-crayon-fibre-arthur-ecole","status":"publish","type":"product","link":"https:\/\/jlgequipements.fr\/index.php\/produit\/totem-gros-crayon-fibre-arthur-ecole\/","title":{"rendered":"TOTEM GROS CRAYON FIBRE ARTHUR-\u00c9COLE"},"content":{"rendered":"<p><strong>Poteau :<\/strong> poteau hexagonal de largeur 400 mm<\/p>\n<ul>\n<li>Hauteur 3000 mm en fibre de verre renforc\u00e9e et r\u00e9sine polyester<\/li>\n<li>Gel coat teint\u00e9 dans la masse.<\/li>\n<li>Poteaux mono<\/li>\n<li>Couleur au choix en forme de crayon sur la partie sup\u00e9rieure ( coloris disponible : jaune, rouge, vert, bleu).<\/li>\n<li>Fixation au sol avec une platine double en fibre de verre renforc\u00e9e et r\u00e9sine polyester, \u00e0 enfouir dans le sol sur une \u00e9paisseur de 20 cm et recouvrement par une semelle b\u00e9ton ou fixation directe au sol par chevillage.<\/li>\n<\/ul>\n<p><strong>R\u00e9f.<\/strong> <em>SSGCRF<\/em><\/p>\n","protected":false},"excerpt":{"rendered":"<p>Poteau : poteau hexagonal de largeur 400 mm Hauteur 3000 mm en fibre de verre renforc\u00e9e et r\u00e9sine polyester Gel coat teint\u00e9 dans la masse. Poteaux mono Couleur au choix en forme de crayon sur la partie sup\u00e9rieure ( coloris disponible : jaune, rouge, vert, bleu). Fixation au sol avec une platine double en fibre de verre renforc\u00e9e et r\u00e9sine polyester, \u00e0 enfouir dans le sol sur une \u00e9paisseur de 20 cm et recouvrement par une semelle b\u00e9ton ou fixation directe au sol par chevillage. R\u00e9f. SSGCRF<\/p>\n","protected":false},"featured_media":11577,"comment_status":"closed","ping_status":"closed","template":"","meta":[],"product_brand":[],"product_cat":[226,228],"product_tag":[],"class_list":{"0":"post-8396","1":"product","2":"type-product","3":"status-publish","4":"has-post-thumbnail","6":"product_cat-mobilier-urbain","7":"product_cat-figurines","9":"first","10":"instock","11":"shipping-taxable","12":"product-type-simple"},"yoast_head":"<!-- This site is optimized with the Yoast SEO plugin v27.1.1 - https:\/\/yoast.com\/product\/yoast-seo-wordpress\/ -->\n<title>TOTEM GROS CRAYON FIBRE ARTHUR-\u00c9COLE - JLG \u00c9quipements Collectivit\u00e9s<\/title>\n<meta name=\"robots\" content=\"index, follow, max-snippet:-1, max-image-preview:large, max-video-preview:-1\" \/>\n<link rel=\"canonical\" href=\"https:\/\/jlgequipements.fr\/index.php\/produit\/totem-gros-crayon-fibre-arthur-ecole\/\" \/>\n<meta property=\"og:locale\" content=\"fr_FR\" \/>\n<meta property=\"og:type\" content=\"article\" \/>\n<meta property=\"og:title\" content=\"TOTEM GROS CRAYON FIBRE ARTHUR-\u00c9COLE - JLG \u00c9quipements Collectivit\u00e9s\" \/>\n<meta property=\"og:description\" content=\"Poteau : poteau hexagonal de largeur 400 mm Hauteur 3000 mm en fibre de verre renforc\u00e9e et r\u00e9sine polyester Gel coat teint\u00e9 dans la masse. Poteaux mono Couleur au choix en forme de crayon sur la partie sup\u00e9rieure ( coloris disponible : jaune, rouge, vert, bleu). Fixation au sol avec une platine double en fibre de verre renforc\u00e9e et r\u00e9sine polyester, \u00e0 enfouir dans le sol sur une \u00e9paisseur de 20 cm et recouvrement par une semelle b\u00e9ton ou fixation directe au sol par chevillage. R\u00e9f. SSGCRF\" \/>\n<meta property=\"og:url\" content=\"https:\/\/jlgequipements.fr\/index.php\/produit\/totem-gros-crayon-fibre-arthur-ecole\/\" \/>\n<meta property=\"og:site_name\" content=\"JLG \u00c9quipements Collectivit\u00e9s\" \/>\n<meta property=\"article:modified_time\" content=\"2024-03-22T15:52:26+00:00\" \/>\n<meta property=\"og:image\" content=\"https:\/\/jlgequipements.fr\/wp-content\/uploads\/2024\/02\/Untitled-2024-03-22T165140.214.jpg\" \/>\n\t<meta property=\"og:image:width\" content=\"500\" \/>\n\t<meta property=\"og:image:height\" content=\"500\" \/>\n\t<meta property=\"og:image:type\" content=\"image\/jpeg\" \/>\n<meta name=\"twitter:card\" content=\"summary_large_image\" \/>\n<script type=\"application\/ld+json\" class=\"yoast-schema-graph\">{\"@context\":\"https:\/\/schema.org\",\"@graph\":[{\"@type\":\"WebPage\",\"@id\":\"https:\/\/jlgequipements.fr\/index.php\/produit\/totem-gros-crayon-fibre-arthur-ecole\/\",\"url\":\"https:\/\/jlgequipements.fr\/index.php\/produit\/totem-gros-crayon-fibre-arthur-ecole\/\",\"name\":\"TOTEM GROS CRAYON FIBRE ARTHUR-\u00c9COLE - JLG \u00c9quipements Collectivit\u00e9s\",\"isPartOf\":{\"@id\":\"https:\/\/jlgequipements.fr\/#website\"},\"primaryImageOfPage\":{\"@id\":\"https:\/\/jlgequipements.fr\/index.php\/produit\/totem-gros-crayon-fibre-arthur-ecole\/#primaryimage\"},\"image\":{\"@id\":\"https:\/\/jlgequipements.fr\/index.php\/produit\/totem-gros-crayon-fibre-arthur-ecole\/#primaryimage\"},\"thumbnailUrl\":\"https:\/\/jlgequipements.fr\/wp-content\/uploads\/2024\/02\/Untitled-2024-03-22T165140.214.jpg\",\"datePublished\":\"2024-02-27T09:41:58+00:00\",\"dateModified\":\"2024-03-22T15:52:26+00:00\",\"breadcrumb\":{\"@id\":\"https:\/\/jlgequipements.fr\/index.php\/produit\/totem-gros-crayon-fibre-arthur-ecole\/#breadcrumb\"},\"inLanguage\":\"fr-FR\",\"potentialAction\":[{\"@type\":\"ReadAction\",\"target\":[\"https:\/\/jlgequipements.fr\/index.php\/produit\/totem-gros-crayon-fibre-arthur-ecole\/\"]}]},{\"@type\":\"ImageObject\",\"inLanguage\":\"fr-FR\",\"@id\":\"https:\/\/jlgequipements.fr\/index.php\/produit\/totem-gros-crayon-fibre-arthur-ecole\/#primaryimage\",\"url\":\"https:\/\/jlgequipements.fr\/wp-content\/uploads\/2024\/02\/Untitled-2024-03-22T165140.214.jpg\",\"contentUrl\":\"https:\/\/jlgequipements.fr\/wp-content\/uploads\/2024\/02\/Untitled-2024-03-22T165140.214.jpg\",\"width\":500,\"height\":500,\"caption\":\"Totem Arthur\"},{\"@type\":\"BreadcrumbList\",\"@id\":\"https:\/\/jlgequipements.fr\/index.php\/produit\/totem-gros-crayon-fibre-arthur-ecole\/#breadcrumb\",\"itemListElement\":[{\"@type\":\"ListItem\",\"position\":1,\"name\":\"Accueil\",\"item\":\"https:\/\/jlgequipements.fr\/\"},{\"@type\":\"ListItem\",\"position\":2,\"name\":\"Boutique\",\"item\":\"https:\/\/jlgequipements.fr\/index.php\/boutique\/\"},{\"@type\":\"ListItem\",\"position\":3,\"name\":\"TOTEM GROS CRAYON FIBRE ARTHUR-\u00c9COLE\"}]},{\"@type\":\"WebSite\",\"@id\":\"https:\/\/jlgequipements.fr\/#website\",\"url\":\"https:\/\/jlgequipements.fr\/\",\"name\":\"JLG \u00c9quipements collectivit\u00e9\",\"description\":\"Le partenaire des communes\",\"publisher\":{\"@id\":\"https:\/\/jlgequipements.fr\/#organization\"},\"potentialAction\":[{\"@type\":\"SearchAction\",\"target\":{\"@type\":\"EntryPoint\",\"urlTemplate\":\"https:\/\/jlgequipements.fr\/?s={search_term_string}\"},\"query-input\":{\"@type\":\"PropertyValueSpecification\",\"valueRequired\":true,\"valueName\":\"search_term_string\"}}],\"inLanguage\":\"fr-FR\"},{\"@type\":\"Organization\",\"@id\":\"https:\/\/jlgequipements.fr\/#organization\",\"name\":\"JLG \u00c9quipements collectivit\u00e9\",\"url\":\"https:\/\/jlgequipements.fr\/\",\"logo\":{\"@type\":\"ImageObject\",\"inLanguage\":\"fr-FR\",\"@id\":\"https:\/\/jlgequipements.fr\/#\/schema\/logo\/image\/\",\"url\":\"https:\/\/jlgequipements.fr\/wp-content\/uploads\/2024\/01\/JLG_LOGO_VECTO.png\",\"contentUrl\":\"https:\/\/jlgequipements.fr\/wp-content\/uploads\/2024\/01\/JLG_LOGO_VECTO.png\",\"width\":3293,\"height\":3292,\"caption\":\"JLG \u00c9quipements collectivit\u00e9\"},\"image\":{\"@id\":\"https:\/\/jlgequipements.fr\/#\/schema\/logo\/image\/\"}}]}<\/script>\n<!-- \/ Yoast SEO plugin. -->","yoast_head_json":{"title":"TOTEM GROS CRAYON FIBRE ARTHUR-\u00c9COLE - JLG \u00c9quipements Collectivit\u00e9s","robots":{"index":"index","follow":"follow","max-snippet":"max-snippet:-1","max-image-preview":"max-image-preview:large","max-video-preview":"max-video-preview:-1"},"canonical":"https:\/\/jlgequipements.fr\/index.php\/produit\/totem-gros-crayon-fibre-arthur-ecole\/","og_locale":"fr_FR","og_type":"article","og_title":"TOTEM GROS CRAYON FIBRE ARTHUR-\u00c9COLE - JLG \u00c9quipements Collectivit\u00e9s","og_description":"Poteau : poteau hexagonal de largeur 400 mm Hauteur 3000 mm en fibre de verre renforc\u00e9e et r\u00e9sine polyester Gel coat teint\u00e9 dans la masse. Poteaux mono Couleur au choix en forme de crayon sur la partie sup\u00e9rieure ( coloris disponible : jaune, rouge, vert, bleu). Fixation au sol avec une platine double en fibre de verre renforc\u00e9e et r\u00e9sine polyester, \u00e0 enfouir dans le sol sur une \u00e9paisseur de 20 cm et recouvrement par une semelle b\u00e9ton ou fixation directe au sol par chevillage. R\u00e9f. SSGCRF","og_url":"https:\/\/jlgequipements.fr\/index.php\/produit\/totem-gros-crayon-fibre-arthur-ecole\/","og_site_name":"JLG \u00c9quipements Collectivit\u00e9s","article_modified_time":"2024-03-22T15:52:26+00:00","og_image":[{"width":500,"height":500,"url":"https:\/\/jlgequipements.fr\/wp-content\/uploads\/2024\/02\/Untitled-2024-03-22T165140.214.jpg","type":"image\/jpeg"}],"twitter_card":"summary_large_image","schema":{"@context":"https:\/\/schema.org","@graph":[{"@type":"WebPage","@id":"https:\/\/jlgequipements.fr\/index.php\/produit\/totem-gros-crayon-fibre-arthur-ecole\/","url":"https:\/\/jlgequipements.fr\/index.php\/produit\/totem-gros-crayon-fibre-arthur-ecole\/","name":"TOTEM GROS CRAYON FIBRE ARTHUR-\u00c9COLE - JLG \u00c9quipements Collectivit\u00e9s","isPartOf":{"@id":"https:\/\/jlgequipements.fr\/#website"},"primaryImageOfPage":{"@id":"https:\/\/jlgequipements.fr\/index.php\/produit\/totem-gros-crayon-fibre-arthur-ecole\/#primaryimage"},"image":{"@id":"https:\/\/jlgequipements.fr\/index.php\/produit\/totem-gros-crayon-fibre-arthur-ecole\/#primaryimage"},"thumbnailUrl":"https:\/\/jlgequipements.fr\/wp-content\/uploads\/2024\/02\/Untitled-2024-03-22T165140.214.jpg","datePublished":"2024-02-27T09:41:58+00:00","dateModified":"2024-03-22T15:52:26+00:00","breadcrumb":{"@id":"https:\/\/jlgequipements.fr\/index.php\/produit\/totem-gros-crayon-fibre-arthur-ecole\/#breadcrumb"},"inLanguage":"fr-FR","potentialAction":[{"@type":"ReadAction","target":["https:\/\/jlgequipements.fr\/index.php\/produit\/totem-gros-crayon-fibre-arthur-ecole\/"]}]},{"@type":"ImageObject","inLanguage":"fr-FR","@id":"https:\/\/jlgequipements.fr\/index.php\/produit\/totem-gros-crayon-fibre-arthur-ecole\/#primaryimage","url":"https:\/\/jlgequipements.fr\/wp-content\/uploads\/2024\/02\/Untitled-2024-03-22T165140.214.jpg","contentUrl":"https:\/\/jlgequipements.fr\/wp-content\/uploads\/2024\/02\/Untitled-2024-03-22T165140.214.jpg","width":500,"height":500,"caption":"Totem Arthur"},{"@type":"BreadcrumbList","@id":"https:\/\/jlgequipements.fr\/index.php\/produit\/totem-gros-crayon-fibre-arthur-ecole\/#breadcrumb","itemListElement":[{"@type":"ListItem","position":1,"name":"Accueil","item":"https:\/\/jlgequipements.fr\/"},{"@type":"ListItem","position":2,"name":"Boutique","item":"https:\/\/jlgequipements.fr\/index.php\/boutique\/"},{"@type":"ListItem","position":3,"name":"TOTEM GROS CRAYON FIBRE ARTHUR-\u00c9COLE"}]},{"@type":"WebSite","@id":"https:\/\/jlgequipements.fr\/#website","url":"https:\/\/jlgequipements.fr\/","name":"JLG \u00c9quipements collectivit\u00e9","description":"Le partenaire des communes","publisher":{"@id":"https:\/\/jlgequipements.fr\/#organization"},"potentialAction":[{"@type":"SearchAction","target":{"@type":"EntryPoint","urlTemplate":"https:\/\/jlgequipements.fr\/?s={search_term_string}"},"query-input":{"@type":"PropertyValueSpecification","valueRequired":true,"valueName":"search_term_string"}}],"inLanguage":"fr-FR"},{"@type":"Organization","@id":"https:\/\/jlgequipements.fr\/#organization","name":"JLG \u00c9quipements collectivit\u00e9","url":"https:\/\/jlgequipements.fr\/","logo":{"@type":"ImageObject","inLanguage":"fr-FR","@id":"https:\/\/jlgequipements.fr\/#\/schema\/logo\/image\/","url":"https:\/\/jlgequipements.fr\/wp-content\/uploads\/2024\/01\/JLG_LOGO_VECTO.png","contentUrl":"https:\/\/jlgequipements.fr\/wp-content\/uploads\/2024\/01\/JLG_LOGO_VECTO.png","width":3293,"height":3292,"caption":"JLG \u00c9quipements collectivit\u00e9"},"image":{"@id":"https:\/\/jlgequipements.fr\/#\/schema\/logo\/image\/"}}]}},"_links":{"self":[{"href":"https:\/\/jlgequipements.fr\/index.php\/wp-json\/wp\/v2\/product\/8396","targetHints":{"allow":["GET"]}}],"collection":[{"href":"https:\/\/jlgequipements.fr\/index.php\/wp-json\/wp\/v2\/product"}],"about":[{"href":"https:\/\/jlgequipements.fr\/index.php\/wp-json\/wp\/v2\/types\/product"}],"replies":[{"embeddable":true,"href":"https:\/\/jlgequipements.fr\/index.php\/wp-json\/wp\/v2\/comments?post=8396"}],"version-history":[{"count":2,"href":"https:\/\/jlgequipements.fr\/index.php\/wp-json\/wp\/v2\/product\/8396\/revisions"}],"predecessor-version":[{"id":11578,"href":"https:\/\/jlgequipements.fr\/index.php\/wp-json\/wp\/v2\/product\/8396\/revisions\/11578"}],"wp:featuredmedia":[{"embeddable":true,"href":"https:\/\/jlgequipements.fr\/index.php\/wp-json\/wp\/v2\/media\/11577"}],"wp:attachment":[{"href":"https:\/\/jlgequipements.fr\/index.php\/wp-json\/wp\/v2\/media?parent=8396"}],"wp:term":[{"taxonomy":"product_brand","embeddable":true,"href":"https:\/\/jlgequipements.fr\/index.php\/wp-json\/wp\/v2\/product_brand?post=8396"},{"taxonomy":"product_cat","embeddable":true,"href":"https:\/\/jlgequipements.fr\/index.php\/wp-json\/wp\/v2\/product_cat?post=8396"},{"taxonomy":"product_tag","embeddable":true,"href":"https:\/\/jlgequipements.fr\/index.php\/wp-json\/wp\/v2\/product_tag?post=8396"}],"curies":[{"name":"wp","href":"https:\/\/api.w.org\/{rel}","templated":true}]}}