{"id":8395,"date":"2024-02-27T10:41:58","date_gmt":"2024-02-27T09:41:58","guid":{"rendered":"https:\/\/www.jlg.nicolas-briche.fr\/index.php\/produit\/totem-crayons-fibre-double-avec-ardoise\/"},"modified":"2024-03-26T11:57:37","modified_gmt":"2024-03-26T10:57:37","slug":"totem-crayons-fibre-double-avec-ardoise","status":"publish","type":"product","link":"https:\/\/jlgequipements.fr\/index.php\/produit\/totem-crayons-fibre-double-avec-ardoise\/","title":{"rendered":"TOTEM CRAYONS FIBRE DOUBLE AVEC ARDOISE"},"content":{"rendered":"<p><strong>Poteau 1 :<\/strong><\/p>\n<ul>\n<li>poteau hexagonal de section 150 x 150 mm (section hors tout : 170 mm)<\/li>\n<li>hauteur 3300 mm en fibre de verre renforc\u00e9e et r\u00e9sine polyester<\/li>\n<li>Gel coat teint\u00e9 dans la masse .<\/li>\n<\/ul>\n<p><strong>Poteau 2 :<\/strong> Idem que le crayon 1 sauf hauteur de 3100 mm<\/p>\n<ul>\n<li>Poteaux mono-couleur au choix en forme de crayon sur la partie sup\u00e9rieure<br \/>\n(coloris disponible : jaune, rouge, vert, bleu)<\/li>\n<li>Fixation au sol par une platine double en fibre de verre renforc\u00e9e et r\u00e9sine polyester, \u00e0 enfouir dans le sol sur une \u00e9paisseur de 20 cm et recouvrement par une semelle b\u00e9ton ou fixation directe au sol par chevillage<\/li>\n<\/ul>\n<p><strong>Panneau-ardoise ( recto seul ou recto-verso) :<\/strong> panneau en fibre de verre renforc\u00e9e 3 mm, de dimension 700 x 550 mm.<\/p>\n<p>Visuel texte d\u00e9coup\u00e9 \u00e0 la demande selon maquette et BAT \u00e0 valider.<br \/>\nFixation en face avant par vissage et collage sur les 2 poteaux.<\/p>\n<p>Option ardoise : (dim : 700 x 500)<\/p>\n","protected":false},"excerpt":{"rendered":"<p>Poteau 1 : poteau hexagonal de section 150 x 150 mm (section hors tout : 170 mm) hauteur 3300 mm en fibre de verre renforc\u00e9e et r\u00e9sine polyester Gel coat teint\u00e9 dans la masse . Poteau 2 : Idem que le crayon 1 sauf hauteur de 3100 mm Poteaux mono-couleur au choix en forme de crayon sur la partie sup\u00e9rieure (coloris disponible : jaune, rouge, vert, bleu) Fixation au sol par une platine double en fibre de verre renforc\u00e9e et r\u00e9sine polyester, \u00e0 enfouir dans le sol sur une \u00e9paisseur de 20 cm et recouvrement par une semelle b\u00e9ton ou fixation directe au sol par chevillage Panneau-ardoise ( recto seul ou recto-verso) : panneau en fibre de verre renforc\u00e9e 3 mm, de dimension 700 x 550 mm. Visuel texte d\u00e9coup\u00e9 \u00e0 la demande selon maquette et BAT \u00e0 valider. Fixation en face avant par vissage et collage sur les 2 poteaux. Option ardoise : (dim : 700 x 500)<\/p>\n","protected":false},"featured_media":11582,"comment_status":"closed","ping_status":"closed","template":"","meta":[],"product_brand":[],"product_cat":[226,228],"product_tag":[],"class_list":{"0":"post-8395","1":"product","2":"type-product","3":"status-publish","4":"has-post-thumbnail","6":"product_cat-mobilier-urbain","7":"product_cat-figurines","9":"first","10":"instock","11":"shipping-taxable","12":"product-type-simple"},"yoast_head":"<!-- This site is optimized with the Yoast SEO plugin v27.1.1 - https:\/\/yoast.com\/product\/yoast-seo-wordpress\/ -->\n<title>TOTEM CRAYONS FIBRE DOUBLE AVEC ARDOISE - JLG \u00c9quipements Collectivit\u00e9s<\/title>\n<meta name=\"robots\" content=\"index, follow, max-snippet:-1, max-image-preview:large, max-video-preview:-1\" \/>\n<link rel=\"canonical\" href=\"https:\/\/jlgequipements.fr\/index.php\/produit\/totem-crayons-fibre-double-avec-ardoise\/\" \/>\n<meta property=\"og:locale\" content=\"fr_FR\" \/>\n<meta property=\"og:type\" content=\"article\" \/>\n<meta property=\"og:title\" content=\"TOTEM CRAYONS FIBRE DOUBLE AVEC ARDOISE - JLG \u00c9quipements Collectivit\u00e9s\" \/>\n<meta property=\"og:description\" content=\"Poteau 1 : poteau hexagonal de section 150 x 150 mm (section hors tout : 170 mm) hauteur 3300 mm en fibre de verre renforc\u00e9e et r\u00e9sine polyester Gel coat teint\u00e9 dans la masse . Poteau 2 : Idem que le crayon 1 sauf hauteur de 3100 mm Poteaux mono-couleur au choix en forme de crayon sur la partie sup\u00e9rieure (coloris disponible : jaune, rouge, vert, bleu) Fixation au sol par une platine double en fibre de verre renforc\u00e9e et r\u00e9sine polyester, \u00e0 enfouir dans le sol sur une \u00e9paisseur de 20 cm et recouvrement par une semelle b\u00e9ton ou fixation directe au sol par chevillage Panneau-ardoise ( recto seul ou recto-verso) : panneau en fibre de verre renforc\u00e9e 3 mm, de dimension 700 x 550 mm. Visuel texte d\u00e9coup\u00e9 \u00e0 la demande selon maquette et BAT \u00e0 valider. Fixation en face avant par vissage et collage sur les 2 poteaux. Option ardoise : (dim : 700 x 500)\" \/>\n<meta property=\"og:url\" content=\"https:\/\/jlgequipements.fr\/index.php\/produit\/totem-crayons-fibre-double-avec-ardoise\/\" \/>\n<meta property=\"og:site_name\" content=\"JLG \u00c9quipements Collectivit\u00e9s\" \/>\n<meta property=\"article:modified_time\" content=\"2024-03-26T10:57:37+00:00\" \/>\n<meta property=\"og:image\" content=\"https:\/\/jlgequipements.fr\/wp-content\/uploads\/2024\/02\/Untitled-2024-03-25T085508.379.jpg\" \/>\n\t<meta property=\"og:image:width\" content=\"500\" \/>\n\t<meta property=\"og:image:height\" content=\"500\" \/>\n\t<meta property=\"og:image:type\" content=\"image\/jpeg\" \/>\n<meta name=\"twitter:card\" content=\"summary_large_image\" \/>\n<meta name=\"twitter:label1\" content=\"Dur\u00e9e de lecture estim\u00e9e\" \/>\n\t<meta name=\"twitter:data1\" content=\"1 minute\" \/>\n<script type=\"application\/ld+json\" class=\"yoast-schema-graph\">{\"@context\":\"https:\/\/schema.org\",\"@graph\":[{\"@type\":\"WebPage\",\"@id\":\"https:\/\/jlgequipements.fr\/index.php\/produit\/totem-crayons-fibre-double-avec-ardoise\/\",\"url\":\"https:\/\/jlgequipements.fr\/index.php\/produit\/totem-crayons-fibre-double-avec-ardoise\/\",\"name\":\"TOTEM CRAYONS FIBRE DOUBLE AVEC ARDOISE - JLG \u00c9quipements Collectivit\u00e9s\",\"isPartOf\":{\"@id\":\"https:\/\/jlgequipements.fr\/#website\"},\"primaryImageOfPage\":{\"@id\":\"https:\/\/jlgequipements.fr\/index.php\/produit\/totem-crayons-fibre-double-avec-ardoise\/#primaryimage\"},\"image\":{\"@id\":\"https:\/\/jlgequipements.fr\/index.php\/produit\/totem-crayons-fibre-double-avec-ardoise\/#primaryimage\"},\"thumbnailUrl\":\"https:\/\/jlgequipements.fr\/wp-content\/uploads\/2024\/02\/Untitled-2024-03-25T085508.379.jpg\",\"datePublished\":\"2024-02-27T09:41:58+00:00\",\"dateModified\":\"2024-03-26T10:57:37+00:00\",\"breadcrumb\":{\"@id\":\"https:\/\/jlgequipements.fr\/index.php\/produit\/totem-crayons-fibre-double-avec-ardoise\/#breadcrumb\"},\"inLanguage\":\"fr-FR\",\"potentialAction\":[{\"@type\":\"ReadAction\",\"target\":[\"https:\/\/jlgequipements.fr\/index.php\/produit\/totem-crayons-fibre-double-avec-ardoise\/\"]}]},{\"@type\":\"ImageObject\",\"inLanguage\":\"fr-FR\",\"@id\":\"https:\/\/jlgequipements.fr\/index.php\/produit\/totem-crayons-fibre-double-avec-ardoise\/#primaryimage\",\"url\":\"https:\/\/jlgequipements.fr\/wp-content\/uploads\/2024\/02\/Untitled-2024-03-25T085508.379.jpg\",\"contentUrl\":\"https:\/\/jlgequipements.fr\/wp-content\/uploads\/2024\/02\/Untitled-2024-03-25T085508.379.jpg\",\"width\":500,\"height\":500,\"caption\":\"Totem crayons fibre double avec ardoise\"},{\"@type\":\"BreadcrumbList\",\"@id\":\"https:\/\/jlgequipements.fr\/index.php\/produit\/totem-crayons-fibre-double-avec-ardoise\/#breadcrumb\",\"itemListElement\":[{\"@type\":\"ListItem\",\"position\":1,\"name\":\"Accueil\",\"item\":\"https:\/\/jlgequipements.fr\/\"},{\"@type\":\"ListItem\",\"position\":2,\"name\":\"Boutique\",\"item\":\"https:\/\/jlgequipements.fr\/index.php\/boutique\/\"},{\"@type\":\"ListItem\",\"position\":3,\"name\":\"TOTEM CRAYONS FIBRE DOUBLE AVEC ARDOISE\"}]},{\"@type\":\"WebSite\",\"@id\":\"https:\/\/jlgequipements.fr\/#website\",\"url\":\"https:\/\/jlgequipements.fr\/\",\"name\":\"JLG \u00c9quipements collectivit\u00e9\",\"description\":\"Le partenaire des communes\",\"publisher\":{\"@id\":\"https:\/\/jlgequipements.fr\/#organization\"},\"potentialAction\":[{\"@type\":\"SearchAction\",\"target\":{\"@type\":\"EntryPoint\",\"urlTemplate\":\"https:\/\/jlgequipements.fr\/?s={search_term_string}\"},\"query-input\":{\"@type\":\"PropertyValueSpecification\",\"valueRequired\":true,\"valueName\":\"search_term_string\"}}],\"inLanguage\":\"fr-FR\"},{\"@type\":\"Organization\",\"@id\":\"https:\/\/jlgequipements.fr\/#organization\",\"name\":\"JLG \u00c9quipements collectivit\u00e9\",\"url\":\"https:\/\/jlgequipements.fr\/\",\"logo\":{\"@type\":\"ImageObject\",\"inLanguage\":\"fr-FR\",\"@id\":\"https:\/\/jlgequipements.fr\/#\/schema\/logo\/image\/\",\"url\":\"https:\/\/jlgequipements.fr\/wp-content\/uploads\/2024\/01\/JLG_LOGO_VECTO.png\",\"contentUrl\":\"https:\/\/jlgequipements.fr\/wp-content\/uploads\/2024\/01\/JLG_LOGO_VECTO.png\",\"width\":3293,\"height\":3292,\"caption\":\"JLG \u00c9quipements collectivit\u00e9\"},\"image\":{\"@id\":\"https:\/\/jlgequipements.fr\/#\/schema\/logo\/image\/\"}}]}<\/script>\n<!-- \/ Yoast SEO plugin. -->","yoast_head_json":{"title":"TOTEM CRAYONS FIBRE DOUBLE AVEC ARDOISE - JLG \u00c9quipements Collectivit\u00e9s","robots":{"index":"index","follow":"follow","max-snippet":"max-snippet:-1","max-image-preview":"max-image-preview:large","max-video-preview":"max-video-preview:-1"},"canonical":"https:\/\/jlgequipements.fr\/index.php\/produit\/totem-crayons-fibre-double-avec-ardoise\/","og_locale":"fr_FR","og_type":"article","og_title":"TOTEM CRAYONS FIBRE DOUBLE AVEC ARDOISE - JLG \u00c9quipements Collectivit\u00e9s","og_description":"Poteau 1 : poteau hexagonal de section 150 x 150 mm (section hors tout : 170 mm) hauteur 3300 mm en fibre de verre renforc\u00e9e et r\u00e9sine polyester Gel coat teint\u00e9 dans la masse . Poteau 2 : Idem que le crayon 1 sauf hauteur de 3100 mm Poteaux mono-couleur au choix en forme de crayon sur la partie sup\u00e9rieure (coloris disponible : jaune, rouge, vert, bleu) Fixation au sol par une platine double en fibre de verre renforc\u00e9e et r\u00e9sine polyester, \u00e0 enfouir dans le sol sur une \u00e9paisseur de 20 cm et recouvrement par une semelle b\u00e9ton ou fixation directe au sol par chevillage Panneau-ardoise ( recto seul ou recto-verso) : panneau en fibre de verre renforc\u00e9e 3 mm, de dimension 700 x 550 mm. Visuel texte d\u00e9coup\u00e9 \u00e0 la demande selon maquette et BAT \u00e0 valider. Fixation en face avant par vissage et collage sur les 2 poteaux. Option ardoise : (dim : 700 x 500)","og_url":"https:\/\/jlgequipements.fr\/index.php\/produit\/totem-crayons-fibre-double-avec-ardoise\/","og_site_name":"JLG \u00c9quipements Collectivit\u00e9s","article_modified_time":"2024-03-26T10:57:37+00:00","og_image":[{"width":500,"height":500,"url":"https:\/\/jlgequipements.fr\/wp-content\/uploads\/2024\/02\/Untitled-2024-03-25T085508.379.jpg","type":"image\/jpeg"}],"twitter_card":"summary_large_image","twitter_misc":{"Dur\u00e9e de lecture estim\u00e9e":"1 minute"},"schema":{"@context":"https:\/\/schema.org","@graph":[{"@type":"WebPage","@id":"https:\/\/jlgequipements.fr\/index.php\/produit\/totem-crayons-fibre-double-avec-ardoise\/","url":"https:\/\/jlgequipements.fr\/index.php\/produit\/totem-crayons-fibre-double-avec-ardoise\/","name":"TOTEM CRAYONS FIBRE DOUBLE AVEC ARDOISE - JLG \u00c9quipements Collectivit\u00e9s","isPartOf":{"@id":"https:\/\/jlgequipements.fr\/#website"},"primaryImageOfPage":{"@id":"https:\/\/jlgequipements.fr\/index.php\/produit\/totem-crayons-fibre-double-avec-ardoise\/#primaryimage"},"image":{"@id":"https:\/\/jlgequipements.fr\/index.php\/produit\/totem-crayons-fibre-double-avec-ardoise\/#primaryimage"},"thumbnailUrl":"https:\/\/jlgequipements.fr\/wp-content\/uploads\/2024\/02\/Untitled-2024-03-25T085508.379.jpg","datePublished":"2024-02-27T09:41:58+00:00","dateModified":"2024-03-26T10:57:37+00:00","breadcrumb":{"@id":"https:\/\/jlgequipements.fr\/index.php\/produit\/totem-crayons-fibre-double-avec-ardoise\/#breadcrumb"},"inLanguage":"fr-FR","potentialAction":[{"@type":"ReadAction","target":["https:\/\/jlgequipements.fr\/index.php\/produit\/totem-crayons-fibre-double-avec-ardoise\/"]}]},{"@type":"ImageObject","inLanguage":"fr-FR","@id":"https:\/\/jlgequipements.fr\/index.php\/produit\/totem-crayons-fibre-double-avec-ardoise\/#primaryimage","url":"https:\/\/jlgequipements.fr\/wp-content\/uploads\/2024\/02\/Untitled-2024-03-25T085508.379.jpg","contentUrl":"https:\/\/jlgequipements.fr\/wp-content\/uploads\/2024\/02\/Untitled-2024-03-25T085508.379.jpg","width":500,"height":500,"caption":"Totem crayons fibre double avec ardoise"},{"@type":"BreadcrumbList","@id":"https:\/\/jlgequipements.fr\/index.php\/produit\/totem-crayons-fibre-double-avec-ardoise\/#breadcrumb","itemListElement":[{"@type":"ListItem","position":1,"name":"Accueil","item":"https:\/\/jlgequipements.fr\/"},{"@type":"ListItem","position":2,"name":"Boutique","item":"https:\/\/jlgequipements.fr\/index.php\/boutique\/"},{"@type":"ListItem","position":3,"name":"TOTEM CRAYONS FIBRE DOUBLE AVEC ARDOISE"}]},{"@type":"WebSite","@id":"https:\/\/jlgequipements.fr\/#website","url":"https:\/\/jlgequipements.fr\/","name":"JLG \u00c9quipements collectivit\u00e9","description":"Le partenaire des communes","publisher":{"@id":"https:\/\/jlgequipements.fr\/#organization"},"potentialAction":[{"@type":"SearchAction","target":{"@type":"EntryPoint","urlTemplate":"https:\/\/jlgequipements.fr\/?s={search_term_string}"},"query-input":{"@type":"PropertyValueSpecification","valueRequired":true,"valueName":"search_term_string"}}],"inLanguage":"fr-FR"},{"@type":"Organization","@id":"https:\/\/jlgequipements.fr\/#organization","name":"JLG \u00c9quipements collectivit\u00e9","url":"https:\/\/jlgequipements.fr\/","logo":{"@type":"ImageObject","inLanguage":"fr-FR","@id":"https:\/\/jlgequipements.fr\/#\/schema\/logo\/image\/","url":"https:\/\/jlgequipements.fr\/wp-content\/uploads\/2024\/01\/JLG_LOGO_VECTO.png","contentUrl":"https:\/\/jlgequipements.fr\/wp-content\/uploads\/2024\/01\/JLG_LOGO_VECTO.png","width":3293,"height":3292,"caption":"JLG \u00c9quipements collectivit\u00e9"},"image":{"@id":"https:\/\/jlgequipements.fr\/#\/schema\/logo\/image\/"}}]}},"_links":{"self":[{"href":"https:\/\/jlgequipements.fr\/index.php\/wp-json\/wp\/v2\/product\/8395","targetHints":{"allow":["GET"]}}],"collection":[{"href":"https:\/\/jlgequipements.fr\/index.php\/wp-json\/wp\/v2\/product"}],"about":[{"href":"https:\/\/jlgequipements.fr\/index.php\/wp-json\/wp\/v2\/types\/product"}],"replies":[{"embeddable":true,"href":"https:\/\/jlgequipements.fr\/index.php\/wp-json\/wp\/v2\/comments?post=8395"}],"version-history":[{"count":3,"href":"https:\/\/jlgequipements.fr\/index.php\/wp-json\/wp\/v2\/product\/8395\/revisions"}],"predecessor-version":[{"id":11791,"href":"https:\/\/jlgequipements.fr\/index.php\/wp-json\/wp\/v2\/product\/8395\/revisions\/11791"}],"wp:featuredmedia":[{"embeddable":true,"href":"https:\/\/jlgequipements.fr\/index.php\/wp-json\/wp\/v2\/media\/11582"}],"wp:attachment":[{"href":"https:\/\/jlgequipements.fr\/index.php\/wp-json\/wp\/v2\/media?parent=8395"}],"wp:term":[{"taxonomy":"product_brand","embeddable":true,"href":"https:\/\/jlgequipements.fr\/index.php\/wp-json\/wp\/v2\/product_brand?post=8395"},{"taxonomy":"product_cat","embeddable":true,"href":"https:\/\/jlgequipements.fr\/index.php\/wp-json\/wp\/v2\/product_cat?post=8395"},{"taxonomy":"product_tag","embeddable":true,"href":"https:\/\/jlgequipements.fr\/index.php\/wp-json\/wp\/v2\/product_tag?post=8395"}],"curies":[{"name":"wp","href":"https:\/\/api.w.org\/{rel}","templated":true}]}}