{"id":8308,"date":"2024-02-27T10:41:34","date_gmt":"2024-02-27T09:41:34","guid":{"rendered":"https:\/\/www.jlg.nicolas-briche.fr\/index.php\/produit\/jeux-a-ressort-poisson\/"},"modified":"2024-03-26T09:11:20","modified_gmt":"2024-03-26T08:11:20","slug":"jeux-a-ressort-poisson","status":"publish","type":"product","link":"https:\/\/jlgequipements.fr\/index.php\/produit\/jeux-a-ressort-poisson\/","title":{"rendered":"JEUX \u00c0 RESSORT \u00ab\u00a0POISSON\u00a0\u00bb"},"content":{"rendered":"<p><strong>\u00c2ge :<\/strong>\u00a01 \u00e0 12 ans<br \/>\nStructure en poly\u00e9thyl\u00e8ne teint\u00e9 dans la masse, r\u00e9sistant aux UV<br \/>\nRessort h\u00e9lico\u00efdal \u00d8 17 mm avec syst\u00e8me anti-pincement<br \/>\nPoign\u00e9es, repose-pieds et cache-\u00e9crous en poly\u00e9thyl\u00e8ne<br \/>\nVisserie en acier zingu\u00e9 et boulons en acier galvanis\u00e9 ou inox<br \/>\nLivr\u00e9 avec tabouret d\u2019ancrage \u00e0 sceller dans plot b\u00e9ton<br \/>\n<strong>Hauteur de chute :<\/strong>\u00a060 cm<br \/>\n<strong>Surface amortissante :<\/strong>\u00a07,5 m2, 8,75 mm2 pour la m\u00e9duse et le cochon, 10,5 mm2 pour le tr\u00e8fle<br \/>\n<strong>Poids :<\/strong>\u00a019 kg ou 29 kg pour l\u2019\u00e9l\u00e9phant et le poisson, 29 kg<br \/>\nLivr\u00e9 pr\u00eat \u00e0 monter avec notice de montage (et certificat de conformit\u00e9)<br \/>\nConforme \u00e0 la norme EN 1176.<\/p>\n<p><strong>R\u00e9f.<\/strong>\u00a0<i>26820<\/i><\/p>\n","protected":false},"excerpt":{"rendered":"<p>\u00c2ge :\u00a01 \u00e0 12 ans Structure en poly\u00e9thyl\u00e8ne teint\u00e9 dans la masse, r\u00e9sistant aux UV Ressort h\u00e9lico\u00efdal \u00d8 17 mm avec syst\u00e8me anti-pincement Poign\u00e9es, repose-pieds et cache-\u00e9crous en poly\u00e9thyl\u00e8ne Visserie en acier zingu\u00e9 et boulons en acier galvanis\u00e9 ou inox Livr\u00e9 avec tabouret d\u2019ancrage \u00e0 sceller dans plot b\u00e9ton Hauteur de chute :\u00a060 cm Surface amortissante :\u00a07,5 m2, 8,75 mm2 pour la m\u00e9duse et le cochon, 10,5 mm2 pour le tr\u00e8fle Poids :\u00a019 kg ou 29 kg pour l\u2019\u00e9l\u00e9phant et le poisson, 29 kg Livr\u00e9 pr\u00eat \u00e0 monter avec notice de montage (et certificat de conformit\u00e9) Conforme \u00e0 la norme EN 1176. R\u00e9f.\u00a026820<\/p>\n","protected":false},"featured_media":11713,"comment_status":"closed","ping_status":"closed","template":"","meta":[],"product_brand":[],"product_cat":[226,231],"product_tag":[],"class_list":{"0":"post-8308","1":"product","2":"type-product","3":"status-publish","4":"has-post-thumbnail","6":"product_cat-mobilier-urbain","7":"product_cat-aires-de-jeux","9":"first","10":"instock","11":"shipping-taxable","12":"product-type-simple"},"yoast_head":"<!-- This site is optimized with the Yoast SEO plugin v27.1.1 - https:\/\/yoast.com\/product\/yoast-seo-wordpress\/ -->\n<title>JEUX \u00c0 RESSORT &quot;POISSON&quot; - JLG \u00c9quipements Collectivit\u00e9s<\/title>\n<meta name=\"robots\" content=\"index, follow, max-snippet:-1, max-image-preview:large, max-video-preview:-1\" \/>\n<link rel=\"canonical\" href=\"https:\/\/jlgequipements.fr\/index.php\/produit\/jeux-a-ressort-poisson\/\" \/>\n<meta property=\"og:locale\" content=\"fr_FR\" \/>\n<meta property=\"og:type\" content=\"article\" \/>\n<meta property=\"og:title\" content=\"JEUX \u00c0 RESSORT &quot;POISSON&quot; - JLG \u00c9quipements Collectivit\u00e9s\" \/>\n<meta property=\"og:description\" content=\"\u00c2ge :\u00a01 \u00e0 12 ans Structure en poly\u00e9thyl\u00e8ne teint\u00e9 dans la masse, r\u00e9sistant aux UV Ressort h\u00e9lico\u00efdal \u00d8 17 mm avec syst\u00e8me anti-pincement Poign\u00e9es, repose-pieds et cache-\u00e9crous en poly\u00e9thyl\u00e8ne Visserie en acier zingu\u00e9 et boulons en acier galvanis\u00e9 ou inox Livr\u00e9 avec tabouret d\u2019ancrage \u00e0 sceller dans plot b\u00e9ton Hauteur de chute :\u00a060 cm Surface amortissante :\u00a07,5 m2, 8,75 mm2 pour la m\u00e9duse et le cochon, 10,5 mm2 pour le tr\u00e8fle Poids :\u00a019 kg ou 29 kg pour l\u2019\u00e9l\u00e9phant et le poisson, 29 kg Livr\u00e9 pr\u00eat \u00e0 monter avec notice de montage (et certificat de conformit\u00e9) Conforme \u00e0 la norme EN 1176. R\u00e9f.\u00a026820\" \/>\n<meta property=\"og:url\" content=\"https:\/\/jlgequipements.fr\/index.php\/produit\/jeux-a-ressort-poisson\/\" \/>\n<meta property=\"og:site_name\" content=\"JLG \u00c9quipements Collectivit\u00e9s\" \/>\n<meta property=\"article:modified_time\" content=\"2024-03-26T08:11:20+00:00\" \/>\n<meta property=\"og:image\" content=\"https:\/\/jlgequipements.fr\/wp-content\/uploads\/2024\/02\/Untitled-2024-03-25T162432.101.jpg\" \/>\n\t<meta property=\"og:image:width\" content=\"500\" \/>\n\t<meta property=\"og:image:height\" content=\"500\" \/>\n\t<meta property=\"og:image:type\" content=\"image\/jpeg\" \/>\n<meta name=\"twitter:card\" content=\"summary_large_image\" \/>\n<meta name=\"twitter:label1\" content=\"Dur\u00e9e de lecture estim\u00e9e\" \/>\n\t<meta name=\"twitter:data1\" content=\"1 minute\" \/>\n<script type=\"application\/ld+json\" class=\"yoast-schema-graph\">{\"@context\":\"https:\/\/schema.org\",\"@graph\":[{\"@type\":\"WebPage\",\"@id\":\"https:\/\/jlgequipements.fr\/index.php\/produit\/jeux-a-ressort-poisson\/\",\"url\":\"https:\/\/jlgequipements.fr\/index.php\/produit\/jeux-a-ressort-poisson\/\",\"name\":\"JEUX \u00c0 RESSORT \\\"POISSON\\\" - JLG \u00c9quipements Collectivit\u00e9s\",\"isPartOf\":{\"@id\":\"https:\/\/jlgequipements.fr\/#website\"},\"primaryImageOfPage\":{\"@id\":\"https:\/\/jlgequipements.fr\/index.php\/produit\/jeux-a-ressort-poisson\/#primaryimage\"},\"image\":{\"@id\":\"https:\/\/jlgequipements.fr\/index.php\/produit\/jeux-a-ressort-poisson\/#primaryimage\"},\"thumbnailUrl\":\"https:\/\/jlgequipements.fr\/wp-content\/uploads\/2024\/02\/Untitled-2024-03-25T162432.101.jpg\",\"datePublished\":\"2024-02-27T09:41:34+00:00\",\"dateModified\":\"2024-03-26T08:11:20+00:00\",\"breadcrumb\":{\"@id\":\"https:\/\/jlgequipements.fr\/index.php\/produit\/jeux-a-ressort-poisson\/#breadcrumb\"},\"inLanguage\":\"fr-FR\",\"potentialAction\":[{\"@type\":\"ReadAction\",\"target\":[\"https:\/\/jlgequipements.fr\/index.php\/produit\/jeux-a-ressort-poisson\/\"]}]},{\"@type\":\"ImageObject\",\"inLanguage\":\"fr-FR\",\"@id\":\"https:\/\/jlgequipements.fr\/index.php\/produit\/jeux-a-ressort-poisson\/#primaryimage\",\"url\":\"https:\/\/jlgequipements.fr\/wp-content\/uploads\/2024\/02\/Untitled-2024-03-25T162432.101.jpg\",\"contentUrl\":\"https:\/\/jlgequipements.fr\/wp-content\/uploads\/2024\/02\/Untitled-2024-03-25T162432.101.jpg\",\"width\":500,\"height\":500,\"caption\":\"Jeux \u00e0 ressort poisson\"},{\"@type\":\"BreadcrumbList\",\"@id\":\"https:\/\/jlgequipements.fr\/index.php\/produit\/jeux-a-ressort-poisson\/#breadcrumb\",\"itemListElement\":[{\"@type\":\"ListItem\",\"position\":1,\"name\":\"Accueil\",\"item\":\"https:\/\/jlgequipements.fr\/\"},{\"@type\":\"ListItem\",\"position\":2,\"name\":\"Boutique\",\"item\":\"https:\/\/jlgequipements.fr\/index.php\/boutique\/\"},{\"@type\":\"ListItem\",\"position\":3,\"name\":\"JEUX \u00c0 RESSORT \u00ab\u00a0POISSON\u00a0\u00bb\"}]},{\"@type\":\"WebSite\",\"@id\":\"https:\/\/jlgequipements.fr\/#website\",\"url\":\"https:\/\/jlgequipements.fr\/\",\"name\":\"JLG \u00c9quipements collectivit\u00e9\",\"description\":\"Le partenaire des communes\",\"publisher\":{\"@id\":\"https:\/\/jlgequipements.fr\/#organization\"},\"potentialAction\":[{\"@type\":\"SearchAction\",\"target\":{\"@type\":\"EntryPoint\",\"urlTemplate\":\"https:\/\/jlgequipements.fr\/?s={search_term_string}\"},\"query-input\":{\"@type\":\"PropertyValueSpecification\",\"valueRequired\":true,\"valueName\":\"search_term_string\"}}],\"inLanguage\":\"fr-FR\"},{\"@type\":\"Organization\",\"@id\":\"https:\/\/jlgequipements.fr\/#organization\",\"name\":\"JLG \u00c9quipements collectivit\u00e9\",\"url\":\"https:\/\/jlgequipements.fr\/\",\"logo\":{\"@type\":\"ImageObject\",\"inLanguage\":\"fr-FR\",\"@id\":\"https:\/\/jlgequipements.fr\/#\/schema\/logo\/image\/\",\"url\":\"https:\/\/jlgequipements.fr\/wp-content\/uploads\/2024\/01\/JLG_LOGO_VECTO.png\",\"contentUrl\":\"https:\/\/jlgequipements.fr\/wp-content\/uploads\/2024\/01\/JLG_LOGO_VECTO.png\",\"width\":3293,\"height\":3292,\"caption\":\"JLG \u00c9quipements collectivit\u00e9\"},\"image\":{\"@id\":\"https:\/\/jlgequipements.fr\/#\/schema\/logo\/image\/\"}}]}<\/script>\n<!-- \/ Yoast SEO plugin. -->","yoast_head_json":{"title":"JEUX \u00c0 RESSORT \"POISSON\" - JLG \u00c9quipements Collectivit\u00e9s","robots":{"index":"index","follow":"follow","max-snippet":"max-snippet:-1","max-image-preview":"max-image-preview:large","max-video-preview":"max-video-preview:-1"},"canonical":"https:\/\/jlgequipements.fr\/index.php\/produit\/jeux-a-ressort-poisson\/","og_locale":"fr_FR","og_type":"article","og_title":"JEUX \u00c0 RESSORT \"POISSON\" - JLG \u00c9quipements Collectivit\u00e9s","og_description":"\u00c2ge :\u00a01 \u00e0 12 ans Structure en poly\u00e9thyl\u00e8ne teint\u00e9 dans la masse, r\u00e9sistant aux UV Ressort h\u00e9lico\u00efdal \u00d8 17 mm avec syst\u00e8me anti-pincement Poign\u00e9es, repose-pieds et cache-\u00e9crous en poly\u00e9thyl\u00e8ne Visserie en acier zingu\u00e9 et boulons en acier galvanis\u00e9 ou inox Livr\u00e9 avec tabouret d\u2019ancrage \u00e0 sceller dans plot b\u00e9ton Hauteur de chute :\u00a060 cm Surface amortissante :\u00a07,5 m2, 8,75 mm2 pour la m\u00e9duse et le cochon, 10,5 mm2 pour le tr\u00e8fle Poids :\u00a019 kg ou 29 kg pour l\u2019\u00e9l\u00e9phant et le poisson, 29 kg Livr\u00e9 pr\u00eat \u00e0 monter avec notice de montage (et certificat de conformit\u00e9) Conforme \u00e0 la norme EN 1176. R\u00e9f.\u00a026820","og_url":"https:\/\/jlgequipements.fr\/index.php\/produit\/jeux-a-ressort-poisson\/","og_site_name":"JLG \u00c9quipements Collectivit\u00e9s","article_modified_time":"2024-03-26T08:11:20+00:00","og_image":[{"width":500,"height":500,"url":"https:\/\/jlgequipements.fr\/wp-content\/uploads\/2024\/02\/Untitled-2024-03-25T162432.101.jpg","type":"image\/jpeg"}],"twitter_card":"summary_large_image","twitter_misc":{"Dur\u00e9e de lecture estim\u00e9e":"1 minute"},"schema":{"@context":"https:\/\/schema.org","@graph":[{"@type":"WebPage","@id":"https:\/\/jlgequipements.fr\/index.php\/produit\/jeux-a-ressort-poisson\/","url":"https:\/\/jlgequipements.fr\/index.php\/produit\/jeux-a-ressort-poisson\/","name":"JEUX \u00c0 RESSORT \"POISSON\" - JLG \u00c9quipements Collectivit\u00e9s","isPartOf":{"@id":"https:\/\/jlgequipements.fr\/#website"},"primaryImageOfPage":{"@id":"https:\/\/jlgequipements.fr\/index.php\/produit\/jeux-a-ressort-poisson\/#primaryimage"},"image":{"@id":"https:\/\/jlgequipements.fr\/index.php\/produit\/jeux-a-ressort-poisson\/#primaryimage"},"thumbnailUrl":"https:\/\/jlgequipements.fr\/wp-content\/uploads\/2024\/02\/Untitled-2024-03-25T162432.101.jpg","datePublished":"2024-02-27T09:41:34+00:00","dateModified":"2024-03-26T08:11:20+00:00","breadcrumb":{"@id":"https:\/\/jlgequipements.fr\/index.php\/produit\/jeux-a-ressort-poisson\/#breadcrumb"},"inLanguage":"fr-FR","potentialAction":[{"@type":"ReadAction","target":["https:\/\/jlgequipements.fr\/index.php\/produit\/jeux-a-ressort-poisson\/"]}]},{"@type":"ImageObject","inLanguage":"fr-FR","@id":"https:\/\/jlgequipements.fr\/index.php\/produit\/jeux-a-ressort-poisson\/#primaryimage","url":"https:\/\/jlgequipements.fr\/wp-content\/uploads\/2024\/02\/Untitled-2024-03-25T162432.101.jpg","contentUrl":"https:\/\/jlgequipements.fr\/wp-content\/uploads\/2024\/02\/Untitled-2024-03-25T162432.101.jpg","width":500,"height":500,"caption":"Jeux \u00e0 ressort poisson"},{"@type":"BreadcrumbList","@id":"https:\/\/jlgequipements.fr\/index.php\/produit\/jeux-a-ressort-poisson\/#breadcrumb","itemListElement":[{"@type":"ListItem","position":1,"name":"Accueil","item":"https:\/\/jlgequipements.fr\/"},{"@type":"ListItem","position":2,"name":"Boutique","item":"https:\/\/jlgequipements.fr\/index.php\/boutique\/"},{"@type":"ListItem","position":3,"name":"JEUX \u00c0 RESSORT \u00ab\u00a0POISSON\u00a0\u00bb"}]},{"@type":"WebSite","@id":"https:\/\/jlgequipements.fr\/#website","url":"https:\/\/jlgequipements.fr\/","name":"JLG \u00c9quipements collectivit\u00e9","description":"Le partenaire des communes","publisher":{"@id":"https:\/\/jlgequipements.fr\/#organization"},"potentialAction":[{"@type":"SearchAction","target":{"@type":"EntryPoint","urlTemplate":"https:\/\/jlgequipements.fr\/?s={search_term_string}"},"query-input":{"@type":"PropertyValueSpecification","valueRequired":true,"valueName":"search_term_string"}}],"inLanguage":"fr-FR"},{"@type":"Organization","@id":"https:\/\/jlgequipements.fr\/#organization","name":"JLG \u00c9quipements collectivit\u00e9","url":"https:\/\/jlgequipements.fr\/","logo":{"@type":"ImageObject","inLanguage":"fr-FR","@id":"https:\/\/jlgequipements.fr\/#\/schema\/logo\/image\/","url":"https:\/\/jlgequipements.fr\/wp-content\/uploads\/2024\/01\/JLG_LOGO_VECTO.png","contentUrl":"https:\/\/jlgequipements.fr\/wp-content\/uploads\/2024\/01\/JLG_LOGO_VECTO.png","width":3293,"height":3292,"caption":"JLG \u00c9quipements collectivit\u00e9"},"image":{"@id":"https:\/\/jlgequipements.fr\/#\/schema\/logo\/image\/"}}]}},"_links":{"self":[{"href":"https:\/\/jlgequipements.fr\/index.php\/wp-json\/wp\/v2\/product\/8308","targetHints":{"allow":["GET"]}}],"collection":[{"href":"https:\/\/jlgequipements.fr\/index.php\/wp-json\/wp\/v2\/product"}],"about":[{"href":"https:\/\/jlgequipements.fr\/index.php\/wp-json\/wp\/v2\/types\/product"}],"replies":[{"embeddable":true,"href":"https:\/\/jlgequipements.fr\/index.php\/wp-json\/wp\/v2\/comments?post=8308"}],"version-history":[{"count":2,"href":"https:\/\/jlgequipements.fr\/index.php\/wp-json\/wp\/v2\/product\/8308\/revisions"}],"predecessor-version":[{"id":11712,"href":"https:\/\/jlgequipements.fr\/index.php\/wp-json\/wp\/v2\/product\/8308\/revisions\/11712"}],"wp:featuredmedia":[{"embeddable":true,"href":"https:\/\/jlgequipements.fr\/index.php\/wp-json\/wp\/v2\/media\/11713"}],"wp:attachment":[{"href":"https:\/\/jlgequipements.fr\/index.php\/wp-json\/wp\/v2\/media?parent=8308"}],"wp:term":[{"taxonomy":"product_brand","embeddable":true,"href":"https:\/\/jlgequipements.fr\/index.php\/wp-json\/wp\/v2\/product_brand?post=8308"},{"taxonomy":"product_cat","embeddable":true,"href":"https:\/\/jlgequipements.fr\/index.php\/wp-json\/wp\/v2\/product_cat?post=8308"},{"taxonomy":"product_tag","embeddable":true,"href":"https:\/\/jlgequipements.fr\/index.php\/wp-json\/wp\/v2\/product_tag?post=8308"}],"curies":[{"name":"wp","href":"https:\/\/api.w.org\/{rel}","templated":true}]}}