{"id":8301,"date":"2024-02-27T10:41:32","date_gmt":"2024-02-27T09:41:32","guid":{"rendered":"https:\/\/www.jlg.nicolas-briche.fr\/index.php\/produit\/jeux-a-ressort-depanneuse\/"},"modified":"2024-03-25T16:14:47","modified_gmt":"2024-03-25T15:14:47","slug":"jeux-a-ressort-depanneuse","status":"publish","type":"product","link":"https:\/\/jlgequipements.fr\/index.php\/produit\/jeux-a-ressort-depanneuse\/","title":{"rendered":"JEUX \u00c0 RESSORT \u00ab\u00a0D\u00c9PANNEUSE\u00a0\u00bb"},"content":{"rendered":"<p><strong>\u00c2ge :<\/strong>\u00a03 \u00e0 12 ans<br \/>\nFigurine en poly\u00e9thyl\u00e8ne haute densit\u00e9 \u00e9p. 19 mm avec si\u00e8ge \u00e9p. 19 mm<br \/>\nPoign\u00e9es et repose pieds en poly\u00e9thyl\u00e8ne haute densit\u00e9 avec profil antid\u00e9rapant Anti-vandalisme<br \/>\nLivr\u00e9 avec tabouret d\u2019ancrage en acier galvanis\u00e9, \u00e0 sceller dans le plot b\u00e9ton<br \/>\nLivr\u00e9 pr\u00eat \u00e0 monter avec notice de montage (et certificat de conformit\u00e9)<br \/>\n<strong>Hauteur de chute :<\/strong>\u00a060 cm<br \/>\n<strong>Surface amortissante :<\/strong>\u00a014 m2<br \/>\nSol amortissant, nous consulter<br \/>\nConforme \u00e0 la norme EN 1176<\/p>\n<p><strong>Tabouret d\u2019ancrage :<\/strong><\/p>\n<p>Ressort h\u00e9lico\u00efdal \u00d8 200 mm, tube section \u00d8 20 mm, hauteur 400 mm, finition peinture verte ou hauteur 425 mm.<\/p>\n<p><strong>R\u00e9f :<\/strong> <i>20200 (option dossier sur demande)<\/i><\/p>\n","protected":false},"excerpt":{"rendered":"<p>\u00c2ge :\u00a03 \u00e0 12 ans Figurine en poly\u00e9thyl\u00e8ne haute densit\u00e9 \u00e9p. 19 mm avec si\u00e8ge \u00e9p. 19 mm Poign\u00e9es et repose pieds en poly\u00e9thyl\u00e8ne haute densit\u00e9 avec profil antid\u00e9rapant Anti-vandalisme Livr\u00e9 avec tabouret d\u2019ancrage en acier galvanis\u00e9, \u00e0 sceller dans le plot b\u00e9ton Livr\u00e9 pr\u00eat \u00e0 monter avec notice de montage (et certificat de conformit\u00e9) Hauteur de chute :\u00a060 cm Surface amortissante :\u00a014 m2 Sol amortissant, nous consulter Conforme \u00e0 la norme EN 1176 Tabouret d\u2019ancrage : Ressort h\u00e9lico\u00efdal \u00d8 200 mm, tube section \u00d8 20 mm, hauteur 400 mm, finition peinture verte ou hauteur 425 mm. R\u00e9f : 20200 (option dossier sur demande)<\/p>\n","protected":false},"featured_media":11698,"comment_status":"closed","ping_status":"closed","template":"","meta":[],"product_brand":[],"product_cat":[226,231],"product_tag":[],"class_list":{"0":"post-8301","1":"product","2":"type-product","3":"status-publish","4":"has-post-thumbnail","6":"product_cat-mobilier-urbain","7":"product_cat-aires-de-jeux","9":"first","10":"instock","11":"shipping-taxable","12":"product-type-simple"},"yoast_head":"<!-- This site is optimized with the Yoast SEO plugin v27.1.1 - https:\/\/yoast.com\/product\/yoast-seo-wordpress\/ -->\n<title>JEUX \u00c0 RESSORT &quot;D\u00c9PANNEUSE&quot; - JLG \u00c9quipements Collectivit\u00e9s<\/title>\n<meta name=\"robots\" content=\"index, follow, max-snippet:-1, max-image-preview:large, max-video-preview:-1\" \/>\n<link rel=\"canonical\" href=\"https:\/\/jlgequipements.fr\/index.php\/produit\/jeux-a-ressort-depanneuse\/\" \/>\n<meta property=\"og:locale\" content=\"fr_FR\" \/>\n<meta property=\"og:type\" content=\"article\" \/>\n<meta property=\"og:title\" content=\"JEUX \u00c0 RESSORT &quot;D\u00c9PANNEUSE&quot; - JLG \u00c9quipements Collectivit\u00e9s\" \/>\n<meta property=\"og:description\" content=\"\u00c2ge :\u00a03 \u00e0 12 ans Figurine en poly\u00e9thyl\u00e8ne haute densit\u00e9 \u00e9p. 19 mm avec si\u00e8ge \u00e9p. 19 mm Poign\u00e9es et repose pieds en poly\u00e9thyl\u00e8ne haute densit\u00e9 avec profil antid\u00e9rapant Anti-vandalisme Livr\u00e9 avec tabouret d\u2019ancrage en acier galvanis\u00e9, \u00e0 sceller dans le plot b\u00e9ton Livr\u00e9 pr\u00eat \u00e0 monter avec notice de montage (et certificat de conformit\u00e9) Hauteur de chute :\u00a060 cm Surface amortissante :\u00a014 m2 Sol amortissant, nous consulter Conforme \u00e0 la norme EN 1176 Tabouret d\u2019ancrage : Ressort h\u00e9lico\u00efdal \u00d8 200 mm, tube section \u00d8 20 mm, hauteur 400 mm, finition peinture verte ou hauteur 425 mm. R\u00e9f : 20200 (option dossier sur demande)\" \/>\n<meta property=\"og:url\" content=\"https:\/\/jlgequipements.fr\/index.php\/produit\/jeux-a-ressort-depanneuse\/\" \/>\n<meta property=\"og:site_name\" content=\"JLG \u00c9quipements Collectivit\u00e9s\" \/>\n<meta property=\"article:modified_time\" content=\"2024-03-25T15:14:47+00:00\" \/>\n<meta property=\"og:image\" content=\"https:\/\/jlgequipements.fr\/wp-content\/uploads\/2024\/02\/Untitled-2024-03-25T154623.621.jpg\" \/>\n\t<meta property=\"og:image:width\" content=\"500\" \/>\n\t<meta property=\"og:image:height\" content=\"500\" \/>\n\t<meta property=\"og:image:type\" content=\"image\/jpeg\" \/>\n<meta name=\"twitter:card\" content=\"summary_large_image\" \/>\n<script type=\"application\/ld+json\" class=\"yoast-schema-graph\">{\"@context\":\"https:\/\/schema.org\",\"@graph\":[{\"@type\":\"WebPage\",\"@id\":\"https:\/\/jlgequipements.fr\/index.php\/produit\/jeux-a-ressort-depanneuse\/\",\"url\":\"https:\/\/jlgequipements.fr\/index.php\/produit\/jeux-a-ressort-depanneuse\/\",\"name\":\"JEUX \u00c0 RESSORT \\\"D\u00c9PANNEUSE\\\" - JLG \u00c9quipements Collectivit\u00e9s\",\"isPartOf\":{\"@id\":\"https:\/\/jlgequipements.fr\/#website\"},\"primaryImageOfPage\":{\"@id\":\"https:\/\/jlgequipements.fr\/index.php\/produit\/jeux-a-ressort-depanneuse\/#primaryimage\"},\"image\":{\"@id\":\"https:\/\/jlgequipements.fr\/index.php\/produit\/jeux-a-ressort-depanneuse\/#primaryimage\"},\"thumbnailUrl\":\"https:\/\/jlgequipements.fr\/wp-content\/uploads\/2024\/02\/Untitled-2024-03-25T154623.621.jpg\",\"datePublished\":\"2024-02-27T09:41:32+00:00\",\"dateModified\":\"2024-03-25T15:14:47+00:00\",\"breadcrumb\":{\"@id\":\"https:\/\/jlgequipements.fr\/index.php\/produit\/jeux-a-ressort-depanneuse\/#breadcrumb\"},\"inLanguage\":\"fr-FR\",\"potentialAction\":[{\"@type\":\"ReadAction\",\"target\":[\"https:\/\/jlgequipements.fr\/index.php\/produit\/jeux-a-ressort-depanneuse\/\"]}]},{\"@type\":\"ImageObject\",\"inLanguage\":\"fr-FR\",\"@id\":\"https:\/\/jlgequipements.fr\/index.php\/produit\/jeux-a-ressort-depanneuse\/#primaryimage\",\"url\":\"https:\/\/jlgequipements.fr\/wp-content\/uploads\/2024\/02\/Untitled-2024-03-25T154623.621.jpg\",\"contentUrl\":\"https:\/\/jlgequipements.fr\/wp-content\/uploads\/2024\/02\/Untitled-2024-03-25T154623.621.jpg\",\"width\":500,\"height\":500,\"caption\":\"Jeux \u00e0 ressort d\u00e9panneuse\"},{\"@type\":\"BreadcrumbList\",\"@id\":\"https:\/\/jlgequipements.fr\/index.php\/produit\/jeux-a-ressort-depanneuse\/#breadcrumb\",\"itemListElement\":[{\"@type\":\"ListItem\",\"position\":1,\"name\":\"Accueil\",\"item\":\"https:\/\/jlgequipements.fr\/\"},{\"@type\":\"ListItem\",\"position\":2,\"name\":\"Boutique\",\"item\":\"https:\/\/jlgequipements.fr\/index.php\/boutique\/\"},{\"@type\":\"ListItem\",\"position\":3,\"name\":\"JEUX \u00c0 RESSORT \u00ab\u00a0D\u00c9PANNEUSE\u00a0\u00bb\"}]},{\"@type\":\"WebSite\",\"@id\":\"https:\/\/jlgequipements.fr\/#website\",\"url\":\"https:\/\/jlgequipements.fr\/\",\"name\":\"JLG \u00c9quipements collectivit\u00e9\",\"description\":\"Le partenaire des communes\",\"publisher\":{\"@id\":\"https:\/\/jlgequipements.fr\/#organization\"},\"potentialAction\":[{\"@type\":\"SearchAction\",\"target\":{\"@type\":\"EntryPoint\",\"urlTemplate\":\"https:\/\/jlgequipements.fr\/?s={search_term_string}\"},\"query-input\":{\"@type\":\"PropertyValueSpecification\",\"valueRequired\":true,\"valueName\":\"search_term_string\"}}],\"inLanguage\":\"fr-FR\"},{\"@type\":\"Organization\",\"@id\":\"https:\/\/jlgequipements.fr\/#organization\",\"name\":\"JLG \u00c9quipements collectivit\u00e9\",\"url\":\"https:\/\/jlgequipements.fr\/\",\"logo\":{\"@type\":\"ImageObject\",\"inLanguage\":\"fr-FR\",\"@id\":\"https:\/\/jlgequipements.fr\/#\/schema\/logo\/image\/\",\"url\":\"https:\/\/jlgequipements.fr\/wp-content\/uploads\/2024\/01\/JLG_LOGO_VECTO.png\",\"contentUrl\":\"https:\/\/jlgequipements.fr\/wp-content\/uploads\/2024\/01\/JLG_LOGO_VECTO.png\",\"width\":3293,\"height\":3292,\"caption\":\"JLG \u00c9quipements collectivit\u00e9\"},\"image\":{\"@id\":\"https:\/\/jlgequipements.fr\/#\/schema\/logo\/image\/\"}}]}<\/script>\n<!-- \/ Yoast SEO plugin. -->","yoast_head_json":{"title":"JEUX \u00c0 RESSORT \"D\u00c9PANNEUSE\" - JLG \u00c9quipements Collectivit\u00e9s","robots":{"index":"index","follow":"follow","max-snippet":"max-snippet:-1","max-image-preview":"max-image-preview:large","max-video-preview":"max-video-preview:-1"},"canonical":"https:\/\/jlgequipements.fr\/index.php\/produit\/jeux-a-ressort-depanneuse\/","og_locale":"fr_FR","og_type":"article","og_title":"JEUX \u00c0 RESSORT \"D\u00c9PANNEUSE\" - JLG \u00c9quipements Collectivit\u00e9s","og_description":"\u00c2ge :\u00a03 \u00e0 12 ans Figurine en poly\u00e9thyl\u00e8ne haute densit\u00e9 \u00e9p. 19 mm avec si\u00e8ge \u00e9p. 19 mm Poign\u00e9es et repose pieds en poly\u00e9thyl\u00e8ne haute densit\u00e9 avec profil antid\u00e9rapant Anti-vandalisme Livr\u00e9 avec tabouret d\u2019ancrage en acier galvanis\u00e9, \u00e0 sceller dans le plot b\u00e9ton Livr\u00e9 pr\u00eat \u00e0 monter avec notice de montage (et certificat de conformit\u00e9) Hauteur de chute :\u00a060 cm Surface amortissante :\u00a014 m2 Sol amortissant, nous consulter Conforme \u00e0 la norme EN 1176 Tabouret d\u2019ancrage : Ressort h\u00e9lico\u00efdal \u00d8 200 mm, tube section \u00d8 20 mm, hauteur 400 mm, finition peinture verte ou hauteur 425 mm. R\u00e9f : 20200 (option dossier sur demande)","og_url":"https:\/\/jlgequipements.fr\/index.php\/produit\/jeux-a-ressort-depanneuse\/","og_site_name":"JLG \u00c9quipements Collectivit\u00e9s","article_modified_time":"2024-03-25T15:14:47+00:00","og_image":[{"width":500,"height":500,"url":"https:\/\/jlgequipements.fr\/wp-content\/uploads\/2024\/02\/Untitled-2024-03-25T154623.621.jpg","type":"image\/jpeg"}],"twitter_card":"summary_large_image","schema":{"@context":"https:\/\/schema.org","@graph":[{"@type":"WebPage","@id":"https:\/\/jlgequipements.fr\/index.php\/produit\/jeux-a-ressort-depanneuse\/","url":"https:\/\/jlgequipements.fr\/index.php\/produit\/jeux-a-ressort-depanneuse\/","name":"JEUX \u00c0 RESSORT \"D\u00c9PANNEUSE\" - JLG \u00c9quipements Collectivit\u00e9s","isPartOf":{"@id":"https:\/\/jlgequipements.fr\/#website"},"primaryImageOfPage":{"@id":"https:\/\/jlgequipements.fr\/index.php\/produit\/jeux-a-ressort-depanneuse\/#primaryimage"},"image":{"@id":"https:\/\/jlgequipements.fr\/index.php\/produit\/jeux-a-ressort-depanneuse\/#primaryimage"},"thumbnailUrl":"https:\/\/jlgequipements.fr\/wp-content\/uploads\/2024\/02\/Untitled-2024-03-25T154623.621.jpg","datePublished":"2024-02-27T09:41:32+00:00","dateModified":"2024-03-25T15:14:47+00:00","breadcrumb":{"@id":"https:\/\/jlgequipements.fr\/index.php\/produit\/jeux-a-ressort-depanneuse\/#breadcrumb"},"inLanguage":"fr-FR","potentialAction":[{"@type":"ReadAction","target":["https:\/\/jlgequipements.fr\/index.php\/produit\/jeux-a-ressort-depanneuse\/"]}]},{"@type":"ImageObject","inLanguage":"fr-FR","@id":"https:\/\/jlgequipements.fr\/index.php\/produit\/jeux-a-ressort-depanneuse\/#primaryimage","url":"https:\/\/jlgequipements.fr\/wp-content\/uploads\/2024\/02\/Untitled-2024-03-25T154623.621.jpg","contentUrl":"https:\/\/jlgequipements.fr\/wp-content\/uploads\/2024\/02\/Untitled-2024-03-25T154623.621.jpg","width":500,"height":500,"caption":"Jeux \u00e0 ressort d\u00e9panneuse"},{"@type":"BreadcrumbList","@id":"https:\/\/jlgequipements.fr\/index.php\/produit\/jeux-a-ressort-depanneuse\/#breadcrumb","itemListElement":[{"@type":"ListItem","position":1,"name":"Accueil","item":"https:\/\/jlgequipements.fr\/"},{"@type":"ListItem","position":2,"name":"Boutique","item":"https:\/\/jlgequipements.fr\/index.php\/boutique\/"},{"@type":"ListItem","position":3,"name":"JEUX \u00c0 RESSORT \u00ab\u00a0D\u00c9PANNEUSE\u00a0\u00bb"}]},{"@type":"WebSite","@id":"https:\/\/jlgequipements.fr\/#website","url":"https:\/\/jlgequipements.fr\/","name":"JLG \u00c9quipements collectivit\u00e9","description":"Le partenaire des communes","publisher":{"@id":"https:\/\/jlgequipements.fr\/#organization"},"potentialAction":[{"@type":"SearchAction","target":{"@type":"EntryPoint","urlTemplate":"https:\/\/jlgequipements.fr\/?s={search_term_string}"},"query-input":{"@type":"PropertyValueSpecification","valueRequired":true,"valueName":"search_term_string"}}],"inLanguage":"fr-FR"},{"@type":"Organization","@id":"https:\/\/jlgequipements.fr\/#organization","name":"JLG \u00c9quipements collectivit\u00e9","url":"https:\/\/jlgequipements.fr\/","logo":{"@type":"ImageObject","inLanguage":"fr-FR","@id":"https:\/\/jlgequipements.fr\/#\/schema\/logo\/image\/","url":"https:\/\/jlgequipements.fr\/wp-content\/uploads\/2024\/01\/JLG_LOGO_VECTO.png","contentUrl":"https:\/\/jlgequipements.fr\/wp-content\/uploads\/2024\/01\/JLG_LOGO_VECTO.png","width":3293,"height":3292,"caption":"JLG \u00c9quipements collectivit\u00e9"},"image":{"@id":"https:\/\/jlgequipements.fr\/#\/schema\/logo\/image\/"}}]}},"_links":{"self":[{"href":"https:\/\/jlgequipements.fr\/index.php\/wp-json\/wp\/v2\/product\/8301","targetHints":{"allow":["GET"]}}],"collection":[{"href":"https:\/\/jlgequipements.fr\/index.php\/wp-json\/wp\/v2\/product"}],"about":[{"href":"https:\/\/jlgequipements.fr\/index.php\/wp-json\/wp\/v2\/types\/product"}],"replies":[{"embeddable":true,"href":"https:\/\/jlgequipements.fr\/index.php\/wp-json\/wp\/v2\/comments?post=8301"}],"version-history":[{"count":3,"href":"https:\/\/jlgequipements.fr\/index.php\/wp-json\/wp\/v2\/product\/8301\/revisions"}],"predecessor-version":[{"id":11697,"href":"https:\/\/jlgequipements.fr\/index.php\/wp-json\/wp\/v2\/product\/8301\/revisions\/11697"}],"wp:featuredmedia":[{"embeddable":true,"href":"https:\/\/jlgequipements.fr\/index.php\/wp-json\/wp\/v2\/media\/11698"}],"wp:attachment":[{"href":"https:\/\/jlgequipements.fr\/index.php\/wp-json\/wp\/v2\/media?parent=8301"}],"wp:term":[{"taxonomy":"product_brand","embeddable":true,"href":"https:\/\/jlgequipements.fr\/index.php\/wp-json\/wp\/v2\/product_brand?post=8301"},{"taxonomy":"product_cat","embeddable":true,"href":"https:\/\/jlgequipements.fr\/index.php\/wp-json\/wp\/v2\/product_cat?post=8301"},{"taxonomy":"product_tag","embeddable":true,"href":"https:\/\/jlgequipements.fr\/index.php\/wp-json\/wp\/v2\/product_tag?post=8301"}],"curies":[{"name":"wp","href":"https:\/\/api.w.org\/{rel}","templated":true}]}}