{"id":8251,"date":"2024-02-27T10:41:10","date_gmt":"2024-02-27T09:41:10","guid":{"rendered":"https:\/\/www.jlg.nicolas-briche.fr\/index.php\/produit\/barriere-speciale-ecole-linea-bicolore-avec-animation\/"},"modified":"2026-01-28T17:03:41","modified_gmt":"2026-01-28T16:03:41","slug":"barriere-speciale-ecole-linea-bicolore-avec-animation","status":"publish","type":"product","link":"https:\/\/jlgequipements.fr\/index.php\/produit\/barriere-speciale-ecole-linea-bicolore-avec-animation\/","title":{"rendered":"BARRI\u00c8RE SP\u00c9CIALE \u00c9COLE LINEA"},"content":{"rendered":"<p><strong>Longueur :<\/strong> 1572 mm<br \/>\n<strong>Grillage :<\/strong> mailles carr\u00e9es en fil de \u00d8 4 mm<br \/>\n<strong>Hauteur hors sol :<\/strong> 1100 mm<br \/>\n<strong>Pommeau :<\/strong> Carrefour<br \/>\n<strong>Garde au sol :<\/strong> 150 mm<br \/>\n<strong>Poteaux :<\/strong> tubes acier \u00d8 76 mm<br \/>\n<strong>Finition :<\/strong> acier peint sur zinc selon nos RAL<br \/>\n<strong>Fixation :<\/strong> scellement direct (platines en option)<\/p>\n<p><strong>Animations enfantines :<\/strong><br \/>\n<strong>T\u00f4le acier galvanis\u00e9 :<\/strong> 3 mm<br \/>\n<strong>Finition :<\/strong> peint sur Galva selon gamme de couleurs sp\u00e9cifique<br \/>\n<strong>Fixation :<\/strong> animation mont\u00e9e sur grillage en usine.<\/p>\n<p><b>R\u00e9f :<\/b><\/p>\n<ul>\n<li>Monochrome sans animation : <em>206808<\/em><\/li>\n<li>Bicolore sans animation : <em>206804<\/em><\/li>\n<li>Bicolore avec Serpent :<em> 206815<\/em><\/li>\n<li>Bicolore avec Croco : <em>206816<\/em><\/li>\n<li>Bicolore avec Dino : <em>206817<\/em><\/li>\n<\/ul>\n<p>&nbsp;<\/p>\n","protected":false},"excerpt":{"rendered":"<p>Longueur : 1572 mm Grillage : mailles carr\u00e9es en fil de \u00d8 4 mm Hauteur hors sol : 1100 mm Pommeau : Carrefour Garde au sol : 150 mm Poteaux : tubes acier \u00d8 76 mm Finition : acier peint sur zinc selon nos RAL Fixation : scellement direct (platines en option) Animations enfantines : T\u00f4le acier galvanis\u00e9 : 3 mm Finition : peint sur Galva selon gamme de couleurs sp\u00e9cifique Fixation : animation mont\u00e9e sur grillage en usine. R\u00e9f : Monochrome sans animation : 206808 Bicolore sans animation : 206804 Bicolore avec Serpent : 206815 Bicolore avec Croco : 206816 Bicolore avec Dino : 206817 &nbsp;<\/p>\n","protected":false},"featured_media":14483,"comment_status":"closed","ping_status":"closed","template":"","meta":[],"product_brand":[],"product_cat":[226,227],"product_tag":[],"class_list":{"0":"post-8251","1":"product","2":"type-product","3":"status-publish","4":"has-post-thumbnail","6":"product_cat-mobilier-urbain","7":"product_cat-barrieres-de-ville-et-de-police","9":"first","10":"instock","11":"shipping-taxable","12":"product-type-simple"},"yoast_head":"<!-- This site is optimized with the Yoast SEO plugin v27.1.1 - https:\/\/yoast.com\/product\/yoast-seo-wordpress\/ -->\n<title>BARRI\u00c8RE SP\u00c9CIALE \u00c9COLE LINEA - JLG \u00c9quipements Collectivit\u00e9s<\/title>\n<meta name=\"robots\" content=\"index, follow, max-snippet:-1, max-image-preview:large, max-video-preview:-1\" \/>\n<link rel=\"canonical\" href=\"https:\/\/jlgequipements.fr\/index.php\/produit\/barriere-speciale-ecole-linea-bicolore-avec-animation\/\" \/>\n<meta property=\"og:locale\" content=\"fr_FR\" \/>\n<meta property=\"og:type\" content=\"article\" \/>\n<meta property=\"og:title\" content=\"BARRI\u00c8RE SP\u00c9CIALE \u00c9COLE LINEA - JLG \u00c9quipements Collectivit\u00e9s\" \/>\n<meta property=\"og:description\" content=\"Longueur : 1572 mm Grillage : mailles carr\u00e9es en fil de \u00d8 4 mm Hauteur hors sol : 1100 mm Pommeau : Carrefour Garde au sol : 150 mm Poteaux : tubes acier \u00d8 76 mm Finition : acier peint sur zinc selon nos RAL Fixation : scellement direct (platines en option) Animations enfantines : T\u00f4le acier galvanis\u00e9 : 3 mm Finition : peint sur Galva selon gamme de couleurs sp\u00e9cifique Fixation : animation mont\u00e9e sur grillage en usine. R\u00e9f : Monochrome sans animation : 206808 Bicolore sans animation : 206804 Bicolore avec Serpent : 206815 Bicolore avec Croco : 206816 Bicolore avec Dino : 206817 &nbsp;\" \/>\n<meta property=\"og:url\" content=\"https:\/\/jlgequipements.fr\/index.php\/produit\/barriere-speciale-ecole-linea-bicolore-avec-animation\/\" \/>\n<meta property=\"og:site_name\" content=\"JLG \u00c9quipements Collectivit\u00e9s\" \/>\n<meta property=\"article:modified_time\" content=\"2026-01-28T16:03:41+00:00\" \/>\n<meta property=\"og:image\" content=\"https:\/\/jlgequipements.fr\/wp-content\/uploads\/2024\/02\/BARRIERE-LIENA-1024x1024.jpg\" \/>\n\t<meta property=\"og:image:width\" content=\"1024\" \/>\n\t<meta property=\"og:image:height\" content=\"1024\" \/>\n\t<meta property=\"og:image:type\" content=\"image\/jpeg\" \/>\n<meta name=\"twitter:card\" content=\"summary_large_image\" \/>\n<script type=\"application\/ld+json\" class=\"yoast-schema-graph\">{\"@context\":\"https:\/\/schema.org\",\"@graph\":[{\"@type\":\"WebPage\",\"@id\":\"https:\/\/jlgequipements.fr\/index.php\/produit\/barriere-speciale-ecole-linea-bicolore-avec-animation\/\",\"url\":\"https:\/\/jlgequipements.fr\/index.php\/produit\/barriere-speciale-ecole-linea-bicolore-avec-animation\/\",\"name\":\"BARRI\u00c8RE SP\u00c9CIALE \u00c9COLE LINEA - JLG \u00c9quipements Collectivit\u00e9s\",\"isPartOf\":{\"@id\":\"https:\/\/jlgequipements.fr\/#website\"},\"primaryImageOfPage\":{\"@id\":\"https:\/\/jlgequipements.fr\/index.php\/produit\/barriere-speciale-ecole-linea-bicolore-avec-animation\/#primaryimage\"},\"image\":{\"@id\":\"https:\/\/jlgequipements.fr\/index.php\/produit\/barriere-speciale-ecole-linea-bicolore-avec-animation\/#primaryimage\"},\"thumbnailUrl\":\"https:\/\/jlgequipements.fr\/wp-content\/uploads\/2024\/02\/BARRIERE-LIENA.jpg\",\"datePublished\":\"2024-02-27T09:41:10+00:00\",\"dateModified\":\"2026-01-28T16:03:41+00:00\",\"breadcrumb\":{\"@id\":\"https:\/\/jlgequipements.fr\/index.php\/produit\/barriere-speciale-ecole-linea-bicolore-avec-animation\/#breadcrumb\"},\"inLanguage\":\"fr-FR\",\"potentialAction\":[{\"@type\":\"ReadAction\",\"target\":[\"https:\/\/jlgequipements.fr\/index.php\/produit\/barriere-speciale-ecole-linea-bicolore-avec-animation\/\"]}]},{\"@type\":\"ImageObject\",\"inLanguage\":\"fr-FR\",\"@id\":\"https:\/\/jlgequipements.fr\/index.php\/produit\/barriere-speciale-ecole-linea-bicolore-avec-animation\/#primaryimage\",\"url\":\"https:\/\/jlgequipements.fr\/wp-content\/uploads\/2024\/02\/BARRIERE-LIENA.jpg\",\"contentUrl\":\"https:\/\/jlgequipements.fr\/wp-content\/uploads\/2024\/02\/BARRIERE-LIENA.jpg\",\"width\":2083,\"height\":2083},{\"@type\":\"BreadcrumbList\",\"@id\":\"https:\/\/jlgequipements.fr\/index.php\/produit\/barriere-speciale-ecole-linea-bicolore-avec-animation\/#breadcrumb\",\"itemListElement\":[{\"@type\":\"ListItem\",\"position\":1,\"name\":\"Accueil\",\"item\":\"https:\/\/jlgequipements.fr\/\"},{\"@type\":\"ListItem\",\"position\":2,\"name\":\"Boutique\",\"item\":\"https:\/\/jlgequipements.fr\/index.php\/boutique\/\"},{\"@type\":\"ListItem\",\"position\":3,\"name\":\"BARRI\u00c8RE SP\u00c9CIALE \u00c9COLE LINEA\"}]},{\"@type\":\"WebSite\",\"@id\":\"https:\/\/jlgequipements.fr\/#website\",\"url\":\"https:\/\/jlgequipements.fr\/\",\"name\":\"JLG \u00c9quipements collectivit\u00e9\",\"description\":\"Le partenaire des communes\",\"publisher\":{\"@id\":\"https:\/\/jlgequipements.fr\/#organization\"},\"potentialAction\":[{\"@type\":\"SearchAction\",\"target\":{\"@type\":\"EntryPoint\",\"urlTemplate\":\"https:\/\/jlgequipements.fr\/?s={search_term_string}\"},\"query-input\":{\"@type\":\"PropertyValueSpecification\",\"valueRequired\":true,\"valueName\":\"search_term_string\"}}],\"inLanguage\":\"fr-FR\"},{\"@type\":\"Organization\",\"@id\":\"https:\/\/jlgequipements.fr\/#organization\",\"name\":\"JLG \u00c9quipements collectivit\u00e9\",\"url\":\"https:\/\/jlgequipements.fr\/\",\"logo\":{\"@type\":\"ImageObject\",\"inLanguage\":\"fr-FR\",\"@id\":\"https:\/\/jlgequipements.fr\/#\/schema\/logo\/image\/\",\"url\":\"https:\/\/jlgequipements.fr\/wp-content\/uploads\/2024\/01\/JLG_LOGO_VECTO.png\",\"contentUrl\":\"https:\/\/jlgequipements.fr\/wp-content\/uploads\/2024\/01\/JLG_LOGO_VECTO.png\",\"width\":3293,\"height\":3292,\"caption\":\"JLG \u00c9quipements collectivit\u00e9\"},\"image\":{\"@id\":\"https:\/\/jlgequipements.fr\/#\/schema\/logo\/image\/\"}}]}<\/script>\n<!-- \/ Yoast SEO plugin. -->","yoast_head_json":{"title":"BARRI\u00c8RE SP\u00c9CIALE \u00c9COLE LINEA - JLG \u00c9quipements Collectivit\u00e9s","robots":{"index":"index","follow":"follow","max-snippet":"max-snippet:-1","max-image-preview":"max-image-preview:large","max-video-preview":"max-video-preview:-1"},"canonical":"https:\/\/jlgequipements.fr\/index.php\/produit\/barriere-speciale-ecole-linea-bicolore-avec-animation\/","og_locale":"fr_FR","og_type":"article","og_title":"BARRI\u00c8RE SP\u00c9CIALE \u00c9COLE LINEA - JLG \u00c9quipements Collectivit\u00e9s","og_description":"Longueur : 1572 mm Grillage : mailles carr\u00e9es en fil de \u00d8 4 mm Hauteur hors sol : 1100 mm Pommeau : Carrefour Garde au sol : 150 mm Poteaux : tubes acier \u00d8 76 mm Finition : acier peint sur zinc selon nos RAL Fixation : scellement direct (platines en option) Animations enfantines : T\u00f4le acier galvanis\u00e9 : 3 mm Finition : peint sur Galva selon gamme de couleurs sp\u00e9cifique Fixation : animation mont\u00e9e sur grillage en usine. R\u00e9f : Monochrome sans animation : 206808 Bicolore sans animation : 206804 Bicolore avec Serpent : 206815 Bicolore avec Croco : 206816 Bicolore avec Dino : 206817 &nbsp;","og_url":"https:\/\/jlgequipements.fr\/index.php\/produit\/barriere-speciale-ecole-linea-bicolore-avec-animation\/","og_site_name":"JLG \u00c9quipements Collectivit\u00e9s","article_modified_time":"2026-01-28T16:03:41+00:00","og_image":[{"width":1024,"height":1024,"url":"https:\/\/jlgequipements.fr\/wp-content\/uploads\/2024\/02\/BARRIERE-LIENA-1024x1024.jpg","type":"image\/jpeg"}],"twitter_card":"summary_large_image","schema":{"@context":"https:\/\/schema.org","@graph":[{"@type":"WebPage","@id":"https:\/\/jlgequipements.fr\/index.php\/produit\/barriere-speciale-ecole-linea-bicolore-avec-animation\/","url":"https:\/\/jlgequipements.fr\/index.php\/produit\/barriere-speciale-ecole-linea-bicolore-avec-animation\/","name":"BARRI\u00c8RE SP\u00c9CIALE \u00c9COLE LINEA - JLG \u00c9quipements Collectivit\u00e9s","isPartOf":{"@id":"https:\/\/jlgequipements.fr\/#website"},"primaryImageOfPage":{"@id":"https:\/\/jlgequipements.fr\/index.php\/produit\/barriere-speciale-ecole-linea-bicolore-avec-animation\/#primaryimage"},"image":{"@id":"https:\/\/jlgequipements.fr\/index.php\/produit\/barriere-speciale-ecole-linea-bicolore-avec-animation\/#primaryimage"},"thumbnailUrl":"https:\/\/jlgequipements.fr\/wp-content\/uploads\/2024\/02\/BARRIERE-LIENA.jpg","datePublished":"2024-02-27T09:41:10+00:00","dateModified":"2026-01-28T16:03:41+00:00","breadcrumb":{"@id":"https:\/\/jlgequipements.fr\/index.php\/produit\/barriere-speciale-ecole-linea-bicolore-avec-animation\/#breadcrumb"},"inLanguage":"fr-FR","potentialAction":[{"@type":"ReadAction","target":["https:\/\/jlgequipements.fr\/index.php\/produit\/barriere-speciale-ecole-linea-bicolore-avec-animation\/"]}]},{"@type":"ImageObject","inLanguage":"fr-FR","@id":"https:\/\/jlgequipements.fr\/index.php\/produit\/barriere-speciale-ecole-linea-bicolore-avec-animation\/#primaryimage","url":"https:\/\/jlgequipements.fr\/wp-content\/uploads\/2024\/02\/BARRIERE-LIENA.jpg","contentUrl":"https:\/\/jlgequipements.fr\/wp-content\/uploads\/2024\/02\/BARRIERE-LIENA.jpg","width":2083,"height":2083},{"@type":"BreadcrumbList","@id":"https:\/\/jlgequipements.fr\/index.php\/produit\/barriere-speciale-ecole-linea-bicolore-avec-animation\/#breadcrumb","itemListElement":[{"@type":"ListItem","position":1,"name":"Accueil","item":"https:\/\/jlgequipements.fr\/"},{"@type":"ListItem","position":2,"name":"Boutique","item":"https:\/\/jlgequipements.fr\/index.php\/boutique\/"},{"@type":"ListItem","position":3,"name":"BARRI\u00c8RE SP\u00c9CIALE \u00c9COLE LINEA"}]},{"@type":"WebSite","@id":"https:\/\/jlgequipements.fr\/#website","url":"https:\/\/jlgequipements.fr\/","name":"JLG \u00c9quipements collectivit\u00e9","description":"Le partenaire des communes","publisher":{"@id":"https:\/\/jlgequipements.fr\/#organization"},"potentialAction":[{"@type":"SearchAction","target":{"@type":"EntryPoint","urlTemplate":"https:\/\/jlgequipements.fr\/?s={search_term_string}"},"query-input":{"@type":"PropertyValueSpecification","valueRequired":true,"valueName":"search_term_string"}}],"inLanguage":"fr-FR"},{"@type":"Organization","@id":"https:\/\/jlgequipements.fr\/#organization","name":"JLG \u00c9quipements collectivit\u00e9","url":"https:\/\/jlgequipements.fr\/","logo":{"@type":"ImageObject","inLanguage":"fr-FR","@id":"https:\/\/jlgequipements.fr\/#\/schema\/logo\/image\/","url":"https:\/\/jlgequipements.fr\/wp-content\/uploads\/2024\/01\/JLG_LOGO_VECTO.png","contentUrl":"https:\/\/jlgequipements.fr\/wp-content\/uploads\/2024\/01\/JLG_LOGO_VECTO.png","width":3293,"height":3292,"caption":"JLG \u00c9quipements collectivit\u00e9"},"image":{"@id":"https:\/\/jlgequipements.fr\/#\/schema\/logo\/image\/"}}]}},"_links":{"self":[{"href":"https:\/\/jlgequipements.fr\/index.php\/wp-json\/wp\/v2\/product\/8251","targetHints":{"allow":["GET"]}}],"collection":[{"href":"https:\/\/jlgequipements.fr\/index.php\/wp-json\/wp\/v2\/product"}],"about":[{"href":"https:\/\/jlgequipements.fr\/index.php\/wp-json\/wp\/v2\/types\/product"}],"replies":[{"embeddable":true,"href":"https:\/\/jlgequipements.fr\/index.php\/wp-json\/wp\/v2\/comments?post=8251"}],"version-history":[{"count":2,"href":"https:\/\/jlgequipements.fr\/index.php\/wp-json\/wp\/v2\/product\/8251\/revisions"}],"predecessor-version":[{"id":11610,"href":"https:\/\/jlgequipements.fr\/index.php\/wp-json\/wp\/v2\/product\/8251\/revisions\/11610"}],"wp:featuredmedia":[{"embeddable":true,"href":"https:\/\/jlgequipements.fr\/index.php\/wp-json\/wp\/v2\/media\/14483"}],"wp:attachment":[{"href":"https:\/\/jlgequipements.fr\/index.php\/wp-json\/wp\/v2\/media?parent=8251"}],"wp:term":[{"taxonomy":"product_brand","embeddable":true,"href":"https:\/\/jlgequipements.fr\/index.php\/wp-json\/wp\/v2\/product_brand?post=8251"},{"taxonomy":"product_cat","embeddable":true,"href":"https:\/\/jlgequipements.fr\/index.php\/wp-json\/wp\/v2\/product_cat?post=8251"},{"taxonomy":"product_tag","embeddable":true,"href":"https:\/\/jlgequipements.fr\/index.php\/wp-json\/wp\/v2\/product_tag?post=8251"}],"curies":[{"name":"wp","href":"https:\/\/api.w.org\/{rel}","templated":true}]}}