{"id":8248,"date":"2024-02-27T10:41:10","date_gmt":"2024-02-27T09:41:10","guid":{"rendered":"https:\/\/www.jlg.nicolas-briche.fr\/index.php\/produit\/barriere-province-simple-croix-1572mm\/"},"modified":"2024-04-09T09:50:41","modified_gmt":"2024-04-09T07:50:41","slug":"barriere-province-simple-croix-1572mm","status":"publish","type":"product","link":"https:\/\/jlgequipements.fr\/index.php\/produit\/barriere-province-simple-croix-1572mm\/","title":{"rendered":"BARRI\u00c8RES PROVINCE"},"content":{"rendered":"<ul>\n<li>\n<p class=\"p1\"><b>Longueurs :<\/b> 1072 mm ou 1572 mm<\/p>\n<\/li>\n<li>\n<p class=\"p1\"><b>Trois cadres :<\/b> simple croix, rosace ou grillag\u00e9<span class=\"Apple-converted-space\">\u00a0<\/span><\/p>\n<\/li>\n<li>\n<p class=\"p1\"><b>Hauteur hors sol : <\/b>1000 mm (hors pommeau)<\/p>\n<\/li>\n<li>\n<p class=\"p1\"><b>5 pommeaux au choix :<\/b> City, Agora, Boule, Forum, Inox<\/p>\n<\/li>\n<li>\n<p class=\"p1\"><b>Poteaux : <\/b>tubes acier \u00d8 76 mm<\/p>\n<\/li>\n<li>\n<p class=\"p1\"><b>Finition :<\/b> acier peint sur zinc selon nos RAL<span class=\"Apple-converted-space\">\u00a0<\/span><\/p>\n<\/li>\n<li>\n<p class=\"p1\"><b>Fixation : <\/b>scellement direct (platines en option).<\/p>\n<\/li>\n<\/ul>\n","protected":false},"excerpt":{"rendered":"<p>Longueurs : 1072 mm ou 1572 mm Trois cadres : simple croix, rosace ou grillag\u00e9\u00a0 Hauteur hors sol : 1000 mm (hors pommeau) 5 pommeaux au choix : City, Agora, Boule, Forum, Inox Poteaux : tubes acier \u00d8 76 mm Finition : acier peint sur zinc selon nos RAL\u00a0 Fixation : scellement direct (platines en option).<\/p>\n","protected":false},"featured_media":11927,"comment_status":"closed","ping_status":"closed","template":"","meta":[],"product_brand":[],"product_cat":[226,227],"product_tag":[],"class_list":{"0":"post-8248","1":"product","2":"type-product","3":"status-publish","4":"has-post-thumbnail","6":"product_cat-mobilier-urbain","7":"product_cat-barrieres-de-ville-et-de-police","9":"first","10":"instock","11":"shipping-taxable","12":"product-type-simple"},"yoast_head":"<!-- This site is optimized with the Yoast SEO plugin v27.1.1 - https:\/\/yoast.com\/product\/yoast-seo-wordpress\/ -->\n<title>BARRI\u00c8RES PROVINCE - JLG \u00c9quipements Collectivit\u00e9s<\/title>\n<meta name=\"robots\" content=\"index, follow, max-snippet:-1, max-image-preview:large, max-video-preview:-1\" \/>\n<link rel=\"canonical\" href=\"https:\/\/jlgequipements.fr\/index.php\/produit\/barriere-province-simple-croix-1572mm\/\" \/>\n<meta property=\"og:locale\" content=\"fr_FR\" \/>\n<meta property=\"og:type\" content=\"article\" \/>\n<meta property=\"og:title\" content=\"BARRI\u00c8RES PROVINCE - JLG \u00c9quipements Collectivit\u00e9s\" \/>\n<meta property=\"og:description\" content=\"Longueurs : 1072 mm ou 1572 mm Trois cadres : simple croix, rosace ou grillag\u00e9\u00a0 Hauteur hors sol : 1000 mm (hors pommeau) 5 pommeaux au choix : City, Agora, Boule, Forum, Inox Poteaux : tubes acier \u00d8 76 mm Finition : acier peint sur zinc selon nos RAL\u00a0 Fixation : scellement direct (platines en option).\" \/>\n<meta property=\"og:url\" content=\"https:\/\/jlgequipements.fr\/index.php\/produit\/barriere-province-simple-croix-1572mm\/\" \/>\n<meta property=\"og:site_name\" content=\"JLG \u00c9quipements Collectivit\u00e9s\" \/>\n<meta property=\"article:modified_time\" content=\"2024-04-09T07:50:41+00:00\" \/>\n<meta property=\"og:image\" content=\"https:\/\/jlgequipements.fr\/wp-content\/uploads\/2024\/02\/BARRIERE_PROVINCE_Plan-de-travail-1-copie-9-1024x1024.jpg\" \/>\n\t<meta property=\"og:image:width\" content=\"1024\" \/>\n\t<meta property=\"og:image:height\" content=\"1024\" \/>\n\t<meta property=\"og:image:type\" content=\"image\/jpeg\" \/>\n<meta name=\"twitter:card\" content=\"summary_large_image\" \/>\n<script type=\"application\/ld+json\" class=\"yoast-schema-graph\">{\"@context\":\"https:\/\/schema.org\",\"@graph\":[{\"@type\":\"WebPage\",\"@id\":\"https:\/\/jlgequipements.fr\/index.php\/produit\/barriere-province-simple-croix-1572mm\/\",\"url\":\"https:\/\/jlgequipements.fr\/index.php\/produit\/barriere-province-simple-croix-1572mm\/\",\"name\":\"BARRI\u00c8RES PROVINCE - JLG \u00c9quipements Collectivit\u00e9s\",\"isPartOf\":{\"@id\":\"https:\/\/jlgequipements.fr\/#website\"},\"primaryImageOfPage\":{\"@id\":\"https:\/\/jlgequipements.fr\/index.php\/produit\/barriere-province-simple-croix-1572mm\/#primaryimage\"},\"image\":{\"@id\":\"https:\/\/jlgequipements.fr\/index.php\/produit\/barriere-province-simple-croix-1572mm\/#primaryimage\"},\"thumbnailUrl\":\"https:\/\/jlgequipements.fr\/wp-content\/uploads\/2024\/02\/BARRIERE_PROVINCE_Plan-de-travail-1-copie-9.jpg\",\"datePublished\":\"2024-02-27T09:41:10+00:00\",\"dateModified\":\"2024-04-09T07:50:41+00:00\",\"breadcrumb\":{\"@id\":\"https:\/\/jlgequipements.fr\/index.php\/produit\/barriere-province-simple-croix-1572mm\/#breadcrumb\"},\"inLanguage\":\"fr-FR\",\"potentialAction\":[{\"@type\":\"ReadAction\",\"target\":[\"https:\/\/jlgequipements.fr\/index.php\/produit\/barriere-province-simple-croix-1572mm\/\"]}]},{\"@type\":\"ImageObject\",\"inLanguage\":\"fr-FR\",\"@id\":\"https:\/\/jlgequipements.fr\/index.php\/produit\/barriere-province-simple-croix-1572mm\/#primaryimage\",\"url\":\"https:\/\/jlgequipements.fr\/wp-content\/uploads\/2024\/02\/BARRIERE_PROVINCE_Plan-de-travail-1-copie-9.jpg\",\"contentUrl\":\"https:\/\/jlgequipements.fr\/wp-content\/uploads\/2024\/02\/BARRIERE_PROVINCE_Plan-de-travail-1-copie-9.jpg\",\"width\":2084,\"height\":2084},{\"@type\":\"BreadcrumbList\",\"@id\":\"https:\/\/jlgequipements.fr\/index.php\/produit\/barriere-province-simple-croix-1572mm\/#breadcrumb\",\"itemListElement\":[{\"@type\":\"ListItem\",\"position\":1,\"name\":\"Accueil\",\"item\":\"https:\/\/jlgequipements.fr\/\"},{\"@type\":\"ListItem\",\"position\":2,\"name\":\"Boutique\",\"item\":\"https:\/\/jlgequipements.fr\/index.php\/boutique\/\"},{\"@type\":\"ListItem\",\"position\":3,\"name\":\"BARRI\u00c8RES PROVINCE\"}]},{\"@type\":\"WebSite\",\"@id\":\"https:\/\/jlgequipements.fr\/#website\",\"url\":\"https:\/\/jlgequipements.fr\/\",\"name\":\"JLG \u00c9quipements collectivit\u00e9\",\"description\":\"Le partenaire des communes\",\"publisher\":{\"@id\":\"https:\/\/jlgequipements.fr\/#organization\"},\"potentialAction\":[{\"@type\":\"SearchAction\",\"target\":{\"@type\":\"EntryPoint\",\"urlTemplate\":\"https:\/\/jlgequipements.fr\/?s={search_term_string}\"},\"query-input\":{\"@type\":\"PropertyValueSpecification\",\"valueRequired\":true,\"valueName\":\"search_term_string\"}}],\"inLanguage\":\"fr-FR\"},{\"@type\":\"Organization\",\"@id\":\"https:\/\/jlgequipements.fr\/#organization\",\"name\":\"JLG \u00c9quipements collectivit\u00e9\",\"url\":\"https:\/\/jlgequipements.fr\/\",\"logo\":{\"@type\":\"ImageObject\",\"inLanguage\":\"fr-FR\",\"@id\":\"https:\/\/jlgequipements.fr\/#\/schema\/logo\/image\/\",\"url\":\"https:\/\/jlgequipements.fr\/wp-content\/uploads\/2024\/01\/JLG_LOGO_VECTO.png\",\"contentUrl\":\"https:\/\/jlgequipements.fr\/wp-content\/uploads\/2024\/01\/JLG_LOGO_VECTO.png\",\"width\":3293,\"height\":3292,\"caption\":\"JLG \u00c9quipements collectivit\u00e9\"},\"image\":{\"@id\":\"https:\/\/jlgequipements.fr\/#\/schema\/logo\/image\/\"}}]}<\/script>\n<!-- \/ Yoast SEO plugin. -->","yoast_head_json":{"title":"BARRI\u00c8RES PROVINCE - JLG \u00c9quipements Collectivit\u00e9s","robots":{"index":"index","follow":"follow","max-snippet":"max-snippet:-1","max-image-preview":"max-image-preview:large","max-video-preview":"max-video-preview:-1"},"canonical":"https:\/\/jlgequipements.fr\/index.php\/produit\/barriere-province-simple-croix-1572mm\/","og_locale":"fr_FR","og_type":"article","og_title":"BARRI\u00c8RES PROVINCE - JLG \u00c9quipements Collectivit\u00e9s","og_description":"Longueurs : 1072 mm ou 1572 mm Trois cadres : simple croix, rosace ou grillag\u00e9\u00a0 Hauteur hors sol : 1000 mm (hors pommeau) 5 pommeaux au choix : City, Agora, Boule, Forum, Inox Poteaux : tubes acier \u00d8 76 mm Finition : acier peint sur zinc selon nos RAL\u00a0 Fixation : scellement direct (platines en option).","og_url":"https:\/\/jlgequipements.fr\/index.php\/produit\/barriere-province-simple-croix-1572mm\/","og_site_name":"JLG \u00c9quipements Collectivit\u00e9s","article_modified_time":"2024-04-09T07:50:41+00:00","og_image":[{"width":1024,"height":1024,"url":"https:\/\/jlgequipements.fr\/wp-content\/uploads\/2024\/02\/BARRIERE_PROVINCE_Plan-de-travail-1-copie-9-1024x1024.jpg","type":"image\/jpeg"}],"twitter_card":"summary_large_image","schema":{"@context":"https:\/\/schema.org","@graph":[{"@type":"WebPage","@id":"https:\/\/jlgequipements.fr\/index.php\/produit\/barriere-province-simple-croix-1572mm\/","url":"https:\/\/jlgequipements.fr\/index.php\/produit\/barriere-province-simple-croix-1572mm\/","name":"BARRI\u00c8RES PROVINCE - JLG \u00c9quipements Collectivit\u00e9s","isPartOf":{"@id":"https:\/\/jlgequipements.fr\/#website"},"primaryImageOfPage":{"@id":"https:\/\/jlgequipements.fr\/index.php\/produit\/barriere-province-simple-croix-1572mm\/#primaryimage"},"image":{"@id":"https:\/\/jlgequipements.fr\/index.php\/produit\/barriere-province-simple-croix-1572mm\/#primaryimage"},"thumbnailUrl":"https:\/\/jlgequipements.fr\/wp-content\/uploads\/2024\/02\/BARRIERE_PROVINCE_Plan-de-travail-1-copie-9.jpg","datePublished":"2024-02-27T09:41:10+00:00","dateModified":"2024-04-09T07:50:41+00:00","breadcrumb":{"@id":"https:\/\/jlgequipements.fr\/index.php\/produit\/barriere-province-simple-croix-1572mm\/#breadcrumb"},"inLanguage":"fr-FR","potentialAction":[{"@type":"ReadAction","target":["https:\/\/jlgequipements.fr\/index.php\/produit\/barriere-province-simple-croix-1572mm\/"]}]},{"@type":"ImageObject","inLanguage":"fr-FR","@id":"https:\/\/jlgequipements.fr\/index.php\/produit\/barriere-province-simple-croix-1572mm\/#primaryimage","url":"https:\/\/jlgequipements.fr\/wp-content\/uploads\/2024\/02\/BARRIERE_PROVINCE_Plan-de-travail-1-copie-9.jpg","contentUrl":"https:\/\/jlgequipements.fr\/wp-content\/uploads\/2024\/02\/BARRIERE_PROVINCE_Plan-de-travail-1-copie-9.jpg","width":2084,"height":2084},{"@type":"BreadcrumbList","@id":"https:\/\/jlgequipements.fr\/index.php\/produit\/barriere-province-simple-croix-1572mm\/#breadcrumb","itemListElement":[{"@type":"ListItem","position":1,"name":"Accueil","item":"https:\/\/jlgequipements.fr\/"},{"@type":"ListItem","position":2,"name":"Boutique","item":"https:\/\/jlgequipements.fr\/index.php\/boutique\/"},{"@type":"ListItem","position":3,"name":"BARRI\u00c8RES PROVINCE"}]},{"@type":"WebSite","@id":"https:\/\/jlgequipements.fr\/#website","url":"https:\/\/jlgequipements.fr\/","name":"JLG \u00c9quipements collectivit\u00e9","description":"Le partenaire des communes","publisher":{"@id":"https:\/\/jlgequipements.fr\/#organization"},"potentialAction":[{"@type":"SearchAction","target":{"@type":"EntryPoint","urlTemplate":"https:\/\/jlgequipements.fr\/?s={search_term_string}"},"query-input":{"@type":"PropertyValueSpecification","valueRequired":true,"valueName":"search_term_string"}}],"inLanguage":"fr-FR"},{"@type":"Organization","@id":"https:\/\/jlgequipements.fr\/#organization","name":"JLG \u00c9quipements collectivit\u00e9","url":"https:\/\/jlgequipements.fr\/","logo":{"@type":"ImageObject","inLanguage":"fr-FR","@id":"https:\/\/jlgequipements.fr\/#\/schema\/logo\/image\/","url":"https:\/\/jlgequipements.fr\/wp-content\/uploads\/2024\/01\/JLG_LOGO_VECTO.png","contentUrl":"https:\/\/jlgequipements.fr\/wp-content\/uploads\/2024\/01\/JLG_LOGO_VECTO.png","width":3293,"height":3292,"caption":"JLG \u00c9quipements collectivit\u00e9"},"image":{"@id":"https:\/\/jlgequipements.fr\/#\/schema\/logo\/image\/"}}]}},"_links":{"self":[{"href":"https:\/\/jlgequipements.fr\/index.php\/wp-json\/wp\/v2\/product\/8248","targetHints":{"allow":["GET"]}}],"collection":[{"href":"https:\/\/jlgequipements.fr\/index.php\/wp-json\/wp\/v2\/product"}],"about":[{"href":"https:\/\/jlgequipements.fr\/index.php\/wp-json\/wp\/v2\/types\/product"}],"replies":[{"embeddable":true,"href":"https:\/\/jlgequipements.fr\/index.php\/wp-json\/wp\/v2\/comments?post=8248"}],"version-history":[{"count":2,"href":"https:\/\/jlgequipements.fr\/index.php\/wp-json\/wp\/v2\/product\/8248\/revisions"}],"predecessor-version":[{"id":11928,"href":"https:\/\/jlgequipements.fr\/index.php\/wp-json\/wp\/v2\/product\/8248\/revisions\/11928"}],"wp:featuredmedia":[{"embeddable":true,"href":"https:\/\/jlgequipements.fr\/index.php\/wp-json\/wp\/v2\/media\/11927"}],"wp:attachment":[{"href":"https:\/\/jlgequipements.fr\/index.php\/wp-json\/wp\/v2\/media?parent=8248"}],"wp:term":[{"taxonomy":"product_brand","embeddable":true,"href":"https:\/\/jlgequipements.fr\/index.php\/wp-json\/wp\/v2\/product_brand?post=8248"},{"taxonomy":"product_cat","embeddable":true,"href":"https:\/\/jlgequipements.fr\/index.php\/wp-json\/wp\/v2\/product_cat?post=8248"},{"taxonomy":"product_tag","embeddable":true,"href":"https:\/\/jlgequipements.fr\/index.php\/wp-json\/wp\/v2\/product_tag?post=8248"}],"curies":[{"name":"wp","href":"https:\/\/api.w.org\/{rel}","templated":true}]}}