{"id":8215,"date":"2024-02-27T10:41:03","date_gmt":"2024-02-27T09:41:03","guid":{"rendered":"https:\/\/www.jlg.nicolas-briche.fr\/index.php\/produit\/araignee-hauteur-27-m\/"},"modified":"2024-03-22T15:14:33","modified_gmt":"2024-03-22T14:14:33","slug":"araignee-hauteur-27-m","status":"publish","type":"product","link":"https:\/\/jlgequipements.fr\/index.php\/produit\/araignee-hauteur-27-m\/","title":{"rendered":"ARAIGN\u00c9E HAUTEUR 2,7 m"},"content":{"rendered":"<p><strong>\u00c2ge :<\/strong> 3 \u00e0 12 ans<br \/>\nFilet de pyramide en corde arm\u00e9e solide \u00d8 16 mm<br \/>\navec connecteurs en aluminium,<br \/>\nPilier central galvanis\u00e9 \u00e0 chaud \u00d8 120 mm,<br \/>\nTendeurs et set d\u2019ancrage inclu,<br \/>\n\u00c0 sceller dans plot b\u00e9ton.<br \/>\n<strong>Hauteur de chute :<\/strong> 150 cm<br \/>\n<strong>Surface amortissante :<\/strong> 34 m2<br \/>\n<strong>Charge admissible :<\/strong> 1400 kg<br \/>\n<strong>Poids :<\/strong> 100 kg<br \/>\nConforme \u00e0 la norme EN 1176<\/p>\n<p><strong>R\u00e9f.<\/strong> <em>20230<\/em><\/p>\n","protected":false},"excerpt":{"rendered":"<p>\u00c2ge : 3 \u00e0 12 ans Filet de pyramide en corde arm\u00e9e solide \u00d8 16 mm avec connecteurs en aluminium, Pilier central galvanis\u00e9 \u00e0 chaud \u00d8 120 mm, Tendeurs et set d\u2019ancrage inclu, \u00c0 sceller dans plot b\u00e9ton. Hauteur de chute : 150 cm Surface amortissante : 34 m2 Charge admissible : 1400 kg Poids : 100 kg Conforme \u00e0 la norme EN 1176 R\u00e9f. 20230<\/p>\n","protected":false},"featured_media":11526,"comment_status":"closed","ping_status":"closed","template":"","meta":[],"product_brand":[],"product_cat":[226,231],"product_tag":[],"class_list":{"0":"post-8215","1":"product","2":"type-product","3":"status-publish","4":"has-post-thumbnail","6":"product_cat-mobilier-urbain","7":"product_cat-aires-de-jeux","9":"first","10":"instock","11":"shipping-taxable","12":"product-type-simple"},"yoast_head":"<!-- This site is optimized with the Yoast SEO plugin v27.1.1 - https:\/\/yoast.com\/product\/yoast-seo-wordpress\/ -->\n<title>ARAIGN\u00c9E HAUTEUR 2,7 m - JLG \u00c9quipements Collectivit\u00e9s<\/title>\n<meta name=\"robots\" content=\"index, follow, max-snippet:-1, max-image-preview:large, max-video-preview:-1\" \/>\n<link rel=\"canonical\" href=\"https:\/\/jlgequipements.fr\/index.php\/produit\/araignee-hauteur-27-m\/\" \/>\n<meta property=\"og:locale\" content=\"fr_FR\" \/>\n<meta property=\"og:type\" content=\"article\" \/>\n<meta property=\"og:title\" content=\"ARAIGN\u00c9E HAUTEUR 2,7 m - JLG \u00c9quipements Collectivit\u00e9s\" \/>\n<meta property=\"og:description\" content=\"\u00c2ge : 3 \u00e0 12 ans Filet de pyramide en corde arm\u00e9e solide \u00d8 16 mm avec connecteurs en aluminium, Pilier central galvanis\u00e9 \u00e0 chaud \u00d8 120 mm, Tendeurs et set d\u2019ancrage inclu, \u00c0 sceller dans plot b\u00e9ton. Hauteur de chute : 150 cm Surface amortissante : 34 m2 Charge admissible : 1400 kg Poids : 100 kg Conforme \u00e0 la norme EN 1176 R\u00e9f. 20230\" \/>\n<meta property=\"og:url\" content=\"https:\/\/jlgequipements.fr\/index.php\/produit\/araignee-hauteur-27-m\/\" \/>\n<meta property=\"og:site_name\" content=\"JLG \u00c9quipements Collectivit\u00e9s\" \/>\n<meta property=\"article:modified_time\" content=\"2024-03-22T14:14:33+00:00\" \/>\n<meta property=\"og:image\" content=\"https:\/\/jlgequipements.fr\/wp-content\/uploads\/2024\/02\/Untitled-2024-03-22T151312.041.jpg\" \/>\n\t<meta property=\"og:image:width\" content=\"500\" \/>\n\t<meta property=\"og:image:height\" content=\"500\" \/>\n\t<meta property=\"og:image:type\" content=\"image\/jpeg\" \/>\n<meta name=\"twitter:card\" content=\"summary_large_image\" \/>\n<script type=\"application\/ld+json\" class=\"yoast-schema-graph\">{\"@context\":\"https:\/\/schema.org\",\"@graph\":[{\"@type\":\"WebPage\",\"@id\":\"https:\/\/jlgequipements.fr\/index.php\/produit\/araignee-hauteur-27-m\/\",\"url\":\"https:\/\/jlgequipements.fr\/index.php\/produit\/araignee-hauteur-27-m\/\",\"name\":\"ARAIGN\u00c9E HAUTEUR 2,7 m - JLG \u00c9quipements Collectivit\u00e9s\",\"isPartOf\":{\"@id\":\"https:\/\/jlgequipements.fr\/#website\"},\"primaryImageOfPage\":{\"@id\":\"https:\/\/jlgequipements.fr\/index.php\/produit\/araignee-hauteur-27-m\/#primaryimage\"},\"image\":{\"@id\":\"https:\/\/jlgequipements.fr\/index.php\/produit\/araignee-hauteur-27-m\/#primaryimage\"},\"thumbnailUrl\":\"https:\/\/jlgequipements.fr\/wp-content\/uploads\/2024\/02\/Untitled-2024-03-22T151312.041.jpg\",\"datePublished\":\"2024-02-27T09:41:03+00:00\",\"dateModified\":\"2024-03-22T14:14:33+00:00\",\"breadcrumb\":{\"@id\":\"https:\/\/jlgequipements.fr\/index.php\/produit\/araignee-hauteur-27-m\/#breadcrumb\"},\"inLanguage\":\"fr-FR\",\"potentialAction\":[{\"@type\":\"ReadAction\",\"target\":[\"https:\/\/jlgequipements.fr\/index.php\/produit\/araignee-hauteur-27-m\/\"]}]},{\"@type\":\"ImageObject\",\"inLanguage\":\"fr-FR\",\"@id\":\"https:\/\/jlgequipements.fr\/index.php\/produit\/araignee-hauteur-27-m\/#primaryimage\",\"url\":\"https:\/\/jlgequipements.fr\/wp-content\/uploads\/2024\/02\/Untitled-2024-03-22T151312.041.jpg\",\"contentUrl\":\"https:\/\/jlgequipements.fr\/wp-content\/uploads\/2024\/02\/Untitled-2024-03-22T151312.041.jpg\",\"width\":500,\"height\":500,\"caption\":\"Araign\u00e9e\"},{\"@type\":\"BreadcrumbList\",\"@id\":\"https:\/\/jlgequipements.fr\/index.php\/produit\/araignee-hauteur-27-m\/#breadcrumb\",\"itemListElement\":[{\"@type\":\"ListItem\",\"position\":1,\"name\":\"Accueil\",\"item\":\"https:\/\/jlgequipements.fr\/\"},{\"@type\":\"ListItem\",\"position\":2,\"name\":\"Boutique\",\"item\":\"https:\/\/jlgequipements.fr\/index.php\/boutique\/\"},{\"@type\":\"ListItem\",\"position\":3,\"name\":\"ARAIGN\u00c9E HAUTEUR 2,7 m\"}]},{\"@type\":\"WebSite\",\"@id\":\"https:\/\/jlgequipements.fr\/#website\",\"url\":\"https:\/\/jlgequipements.fr\/\",\"name\":\"JLG \u00c9quipements collectivit\u00e9\",\"description\":\"Le partenaire des communes\",\"publisher\":{\"@id\":\"https:\/\/jlgequipements.fr\/#organization\"},\"potentialAction\":[{\"@type\":\"SearchAction\",\"target\":{\"@type\":\"EntryPoint\",\"urlTemplate\":\"https:\/\/jlgequipements.fr\/?s={search_term_string}\"},\"query-input\":{\"@type\":\"PropertyValueSpecification\",\"valueRequired\":true,\"valueName\":\"search_term_string\"}}],\"inLanguage\":\"fr-FR\"},{\"@type\":\"Organization\",\"@id\":\"https:\/\/jlgequipements.fr\/#organization\",\"name\":\"JLG \u00c9quipements collectivit\u00e9\",\"url\":\"https:\/\/jlgequipements.fr\/\",\"logo\":{\"@type\":\"ImageObject\",\"inLanguage\":\"fr-FR\",\"@id\":\"https:\/\/jlgequipements.fr\/#\/schema\/logo\/image\/\",\"url\":\"https:\/\/jlgequipements.fr\/wp-content\/uploads\/2024\/01\/JLG_LOGO_VECTO.png\",\"contentUrl\":\"https:\/\/jlgequipements.fr\/wp-content\/uploads\/2024\/01\/JLG_LOGO_VECTO.png\",\"width\":3293,\"height\":3292,\"caption\":\"JLG \u00c9quipements collectivit\u00e9\"},\"image\":{\"@id\":\"https:\/\/jlgequipements.fr\/#\/schema\/logo\/image\/\"}}]}<\/script>\n<!-- \/ Yoast SEO plugin. -->","yoast_head_json":{"title":"ARAIGN\u00c9E HAUTEUR 2,7 m - JLG \u00c9quipements Collectivit\u00e9s","robots":{"index":"index","follow":"follow","max-snippet":"max-snippet:-1","max-image-preview":"max-image-preview:large","max-video-preview":"max-video-preview:-1"},"canonical":"https:\/\/jlgequipements.fr\/index.php\/produit\/araignee-hauteur-27-m\/","og_locale":"fr_FR","og_type":"article","og_title":"ARAIGN\u00c9E HAUTEUR 2,7 m - JLG \u00c9quipements Collectivit\u00e9s","og_description":"\u00c2ge : 3 \u00e0 12 ans Filet de pyramide en corde arm\u00e9e solide \u00d8 16 mm avec connecteurs en aluminium, Pilier central galvanis\u00e9 \u00e0 chaud \u00d8 120 mm, Tendeurs et set d\u2019ancrage inclu, \u00c0 sceller dans plot b\u00e9ton. Hauteur de chute : 150 cm Surface amortissante : 34 m2 Charge admissible : 1400 kg Poids : 100 kg Conforme \u00e0 la norme EN 1176 R\u00e9f. 20230","og_url":"https:\/\/jlgequipements.fr\/index.php\/produit\/araignee-hauteur-27-m\/","og_site_name":"JLG \u00c9quipements Collectivit\u00e9s","article_modified_time":"2024-03-22T14:14:33+00:00","og_image":[{"width":500,"height":500,"url":"https:\/\/jlgequipements.fr\/wp-content\/uploads\/2024\/02\/Untitled-2024-03-22T151312.041.jpg","type":"image\/jpeg"}],"twitter_card":"summary_large_image","schema":{"@context":"https:\/\/schema.org","@graph":[{"@type":"WebPage","@id":"https:\/\/jlgequipements.fr\/index.php\/produit\/araignee-hauteur-27-m\/","url":"https:\/\/jlgequipements.fr\/index.php\/produit\/araignee-hauteur-27-m\/","name":"ARAIGN\u00c9E HAUTEUR 2,7 m - JLG \u00c9quipements Collectivit\u00e9s","isPartOf":{"@id":"https:\/\/jlgequipements.fr\/#website"},"primaryImageOfPage":{"@id":"https:\/\/jlgequipements.fr\/index.php\/produit\/araignee-hauteur-27-m\/#primaryimage"},"image":{"@id":"https:\/\/jlgequipements.fr\/index.php\/produit\/araignee-hauteur-27-m\/#primaryimage"},"thumbnailUrl":"https:\/\/jlgequipements.fr\/wp-content\/uploads\/2024\/02\/Untitled-2024-03-22T151312.041.jpg","datePublished":"2024-02-27T09:41:03+00:00","dateModified":"2024-03-22T14:14:33+00:00","breadcrumb":{"@id":"https:\/\/jlgequipements.fr\/index.php\/produit\/araignee-hauteur-27-m\/#breadcrumb"},"inLanguage":"fr-FR","potentialAction":[{"@type":"ReadAction","target":["https:\/\/jlgequipements.fr\/index.php\/produit\/araignee-hauteur-27-m\/"]}]},{"@type":"ImageObject","inLanguage":"fr-FR","@id":"https:\/\/jlgequipements.fr\/index.php\/produit\/araignee-hauteur-27-m\/#primaryimage","url":"https:\/\/jlgequipements.fr\/wp-content\/uploads\/2024\/02\/Untitled-2024-03-22T151312.041.jpg","contentUrl":"https:\/\/jlgequipements.fr\/wp-content\/uploads\/2024\/02\/Untitled-2024-03-22T151312.041.jpg","width":500,"height":500,"caption":"Araign\u00e9e"},{"@type":"BreadcrumbList","@id":"https:\/\/jlgequipements.fr\/index.php\/produit\/araignee-hauteur-27-m\/#breadcrumb","itemListElement":[{"@type":"ListItem","position":1,"name":"Accueil","item":"https:\/\/jlgequipements.fr\/"},{"@type":"ListItem","position":2,"name":"Boutique","item":"https:\/\/jlgequipements.fr\/index.php\/boutique\/"},{"@type":"ListItem","position":3,"name":"ARAIGN\u00c9E HAUTEUR 2,7 m"}]},{"@type":"WebSite","@id":"https:\/\/jlgequipements.fr\/#website","url":"https:\/\/jlgequipements.fr\/","name":"JLG \u00c9quipements collectivit\u00e9","description":"Le partenaire des communes","publisher":{"@id":"https:\/\/jlgequipements.fr\/#organization"},"potentialAction":[{"@type":"SearchAction","target":{"@type":"EntryPoint","urlTemplate":"https:\/\/jlgequipements.fr\/?s={search_term_string}"},"query-input":{"@type":"PropertyValueSpecification","valueRequired":true,"valueName":"search_term_string"}}],"inLanguage":"fr-FR"},{"@type":"Organization","@id":"https:\/\/jlgequipements.fr\/#organization","name":"JLG \u00c9quipements collectivit\u00e9","url":"https:\/\/jlgequipements.fr\/","logo":{"@type":"ImageObject","inLanguage":"fr-FR","@id":"https:\/\/jlgequipements.fr\/#\/schema\/logo\/image\/","url":"https:\/\/jlgequipements.fr\/wp-content\/uploads\/2024\/01\/JLG_LOGO_VECTO.png","contentUrl":"https:\/\/jlgequipements.fr\/wp-content\/uploads\/2024\/01\/JLG_LOGO_VECTO.png","width":3293,"height":3292,"caption":"JLG \u00c9quipements collectivit\u00e9"},"image":{"@id":"https:\/\/jlgequipements.fr\/#\/schema\/logo\/image\/"}}]}},"_links":{"self":[{"href":"https:\/\/jlgequipements.fr\/index.php\/wp-json\/wp\/v2\/product\/8215","targetHints":{"allow":["GET"]}}],"collection":[{"href":"https:\/\/jlgequipements.fr\/index.php\/wp-json\/wp\/v2\/product"}],"about":[{"href":"https:\/\/jlgequipements.fr\/index.php\/wp-json\/wp\/v2\/types\/product"}],"replies":[{"embeddable":true,"href":"https:\/\/jlgequipements.fr\/index.php\/wp-json\/wp\/v2\/comments?post=8215"}],"version-history":[{"count":2,"href":"https:\/\/jlgequipements.fr\/index.php\/wp-json\/wp\/v2\/product\/8215\/revisions"}],"predecessor-version":[{"id":11527,"href":"https:\/\/jlgequipements.fr\/index.php\/wp-json\/wp\/v2\/product\/8215\/revisions\/11527"}],"wp:featuredmedia":[{"embeddable":true,"href":"https:\/\/jlgequipements.fr\/index.php\/wp-json\/wp\/v2\/media\/11526"}],"wp:attachment":[{"href":"https:\/\/jlgequipements.fr\/index.php\/wp-json\/wp\/v2\/media?parent=8215"}],"wp:term":[{"taxonomy":"product_brand","embeddable":true,"href":"https:\/\/jlgequipements.fr\/index.php\/wp-json\/wp\/v2\/product_brand?post=8215"},{"taxonomy":"product_cat","embeddable":true,"href":"https:\/\/jlgequipements.fr\/index.php\/wp-json\/wp\/v2\/product_cat?post=8215"},{"taxonomy":"product_tag","embeddable":true,"href":"https:\/\/jlgequipements.fr\/index.php\/wp-json\/wp\/v2\/product_tag?post=8215"}],"curies":[{"name":"wp","href":"https:\/\/api.w.org\/{rel}","templated":true}]}}