{"id":8205,"date":"2024-02-27T10:41:01","date_gmt":"2024-02-27T09:41:01","guid":{"rendered":"https:\/\/www.jlg.nicolas-briche.fr\/index.php\/produit\/aire-de-jeux-bouton-dor-bambin\/"},"modified":"2024-04-04T09:36:06","modified_gmt":"2024-04-04T07:36:06","slug":"aire-de-jeux-bouton-dor-bambin","status":"publish","type":"product","link":"https:\/\/jlgequipements.fr\/index.php\/produit\/aire-de-jeux-bouton-dor-bambin\/","title":{"rendered":"AIRE DE JEUX \u00ab\u00a0BOUTON D&rsquo;OR BAMBIN\u00a0\u00bb"},"content":{"rendered":"<p><strong>Tranche d&rsquo;\u00e2ge :<\/strong> 2 \u00e0 7 ans<br \/>\n<strong>Surface amortissante :<\/strong> 29,5 m2<br \/>\n<strong>Hauteur de chute (HIC) :<\/strong> 0,90 m<br \/>\n<strong>Poids :<\/strong> 262 kg<br \/>\n<strong>Nombre de colis :<\/strong> 11<br \/>\n<strong>Encombrement hors tout :<\/strong> 0,74 m x 4,76 m<br \/>\n<strong>Scellement niveau 0 :<\/strong> applicable<\/p>\n<p><strong>Attention : selon EN 1176-3, version 2017, pt 4,8 ; la zone de sortie de glissi\u00e8re a une <\/strong><strong>HIC de 1,00 m, la surface amortissante doit \u00eatre adapt\u00e9e en cons\u00e9quence.<\/strong><\/p>\n<p><strong>Structure :<\/strong><br \/>\nEssence PIN NORD ROUGE origine FINLANDE et\/ou SUEDE, cat\u00e9gorie 5, gage de stabilit\u00e9 et de haute r\u00e9sistance ; Traitement autoclave sous pression, classe 4, solution aqueuse sans chrome ni arsenic ; Visserie INOX A2 pour l&rsquo;assemblage des bois et visserie ZINGU\u00c9E<br \/>\npour l&rsquo;assemblage de l&rsquo;option Filou,<br \/>\n<strong>\u00c9l\u00e9ment de d\u00e9cor :<\/strong> compact imputrescible.<br \/>\n<strong>Scellement :<\/strong><br \/>\n<strong>Nombre de r\u00e9servation :<\/strong> 10<br \/>\n<strong>Diam\u00e8tre :<\/strong> 30 cm<br \/>\n<strong>Profondeur :<\/strong> 50 cm<br \/>\n<strong>Dosage b\u00e9ton :<\/strong> 300 kg\/m3<\/p>\n<p><strong>R\u00e9f.<\/strong> <em>JAMB<\/em><\/p>\n","protected":false},"excerpt":{"rendered":"<p>Tranche d&rsquo;\u00e2ge : 2 \u00e0 7 ans Surface amortissante : 29,5 m2 Hauteur de chute (HIC) : 0,90 m Poids : 262 kg Nombre de colis : 11 Encombrement hors tout : 0,74 m x 4,76 m Scellement niveau 0 : applicable Attention : selon EN 1176-3, version 2017, pt 4,8 ; la zone de sortie de glissi\u00e8re a une HIC de 1,00 m, la surface amortissante doit \u00eatre adapt\u00e9e en cons\u00e9quence. Structure : Essence PIN NORD ROUGE origine FINLANDE et\/ou SUEDE, cat\u00e9gorie 5, gage de stabilit\u00e9 et de haute r\u00e9sistance ; Traitement autoclave sous pression, classe 4, solution aqueuse sans chrome ni arsenic ; Visserie INOX A2 pour l&rsquo;assemblage des bois et visserie ZINGU\u00c9E pour l&rsquo;assemblage de l&rsquo;option Filou, \u00c9l\u00e9ment de d\u00e9cor : compact imputrescible. Scellement : Nombre de r\u00e9servation : 10 Diam\u00e8tre : 30 cm Profondeur : 50 cm Dosage b\u00e9ton : 300 kg\/m3 R\u00e9f. JAMB<\/p>\n","protected":false},"featured_media":11518,"comment_status":"closed","ping_status":"closed","template":"","meta":[],"product_brand":[],"product_cat":[226,231],"product_tag":[],"class_list":{"0":"post-8205","1":"product","2":"type-product","3":"status-publish","4":"has-post-thumbnail","6":"product_cat-mobilier-urbain","7":"product_cat-aires-de-jeux","9":"first","10":"instock","11":"shipping-taxable","12":"product-type-simple"},"yoast_head":"<!-- This site is optimized with the Yoast SEO plugin v27.1.1 - https:\/\/yoast.com\/product\/yoast-seo-wordpress\/ -->\n<title>AIRE DE JEUX &quot;BOUTON D&#039;OR BAMBIN&quot; - JLG \u00c9quipements Collectivit\u00e9s<\/title>\n<meta name=\"robots\" content=\"index, follow, max-snippet:-1, max-image-preview:large, max-video-preview:-1\" \/>\n<link rel=\"canonical\" href=\"https:\/\/jlgequipements.fr\/index.php\/produit\/aire-de-jeux-bouton-dor-bambin\/\" \/>\n<meta property=\"og:locale\" content=\"fr_FR\" \/>\n<meta property=\"og:type\" content=\"article\" \/>\n<meta property=\"og:title\" content=\"AIRE DE JEUX &quot;BOUTON D&#039;OR BAMBIN&quot; - JLG \u00c9quipements Collectivit\u00e9s\" \/>\n<meta property=\"og:description\" content=\"Tranche d&rsquo;\u00e2ge : 2 \u00e0 7 ans Surface amortissante : 29,5 m2 Hauteur de chute (HIC) : 0,90 m Poids : 262 kg Nombre de colis : 11 Encombrement hors tout : 0,74 m x 4,76 m Scellement niveau 0 : applicable Attention : selon EN 1176-3, version 2017, pt 4,8 ; la zone de sortie de glissi\u00e8re a une HIC de 1,00 m, la surface amortissante doit \u00eatre adapt\u00e9e en cons\u00e9quence. Structure : Essence PIN NORD ROUGE origine FINLANDE et\/ou SUEDE, cat\u00e9gorie 5, gage de stabilit\u00e9 et de haute r\u00e9sistance ; Traitement autoclave sous pression, classe 4, solution aqueuse sans chrome ni arsenic ; Visserie INOX A2 pour l&rsquo;assemblage des bois et visserie ZINGU\u00c9E pour l&rsquo;assemblage de l&rsquo;option Filou, \u00c9l\u00e9ment de d\u00e9cor : compact imputrescible. Scellement : Nombre de r\u00e9servation : 10 Diam\u00e8tre : 30 cm Profondeur : 50 cm Dosage b\u00e9ton : 300 kg\/m3 R\u00e9f. JAMB\" \/>\n<meta property=\"og:url\" content=\"https:\/\/jlgequipements.fr\/index.php\/produit\/aire-de-jeux-bouton-dor-bambin\/\" \/>\n<meta property=\"og:site_name\" content=\"JLG \u00c9quipements Collectivit\u00e9s\" \/>\n<meta property=\"article:modified_time\" content=\"2024-04-04T07:36:06+00:00\" \/>\n<meta property=\"og:image\" content=\"https:\/\/jlgequipements.fr\/wp-content\/uploads\/2024\/02\/Untitled-2024-03-22T145630.925.jpg\" \/>\n\t<meta property=\"og:image:width\" content=\"500\" \/>\n\t<meta property=\"og:image:height\" content=\"500\" \/>\n\t<meta property=\"og:image:type\" content=\"image\/jpeg\" \/>\n<meta name=\"twitter:card\" content=\"summary_large_image\" \/>\n<meta name=\"twitter:label1\" content=\"Dur\u00e9e de lecture estim\u00e9e\" \/>\n\t<meta name=\"twitter:data1\" content=\"1 minute\" \/>\n<script type=\"application\/ld+json\" class=\"yoast-schema-graph\">{\"@context\":\"https:\/\/schema.org\",\"@graph\":[{\"@type\":\"WebPage\",\"@id\":\"https:\/\/jlgequipements.fr\/index.php\/produit\/aire-de-jeux-bouton-dor-bambin\/\",\"url\":\"https:\/\/jlgequipements.fr\/index.php\/produit\/aire-de-jeux-bouton-dor-bambin\/\",\"name\":\"AIRE DE JEUX \\\"BOUTON D'OR BAMBIN\\\" - JLG \u00c9quipements Collectivit\u00e9s\",\"isPartOf\":{\"@id\":\"https:\/\/jlgequipements.fr\/#website\"},\"primaryImageOfPage\":{\"@id\":\"https:\/\/jlgequipements.fr\/index.php\/produit\/aire-de-jeux-bouton-dor-bambin\/#primaryimage\"},\"image\":{\"@id\":\"https:\/\/jlgequipements.fr\/index.php\/produit\/aire-de-jeux-bouton-dor-bambin\/#primaryimage\"},\"thumbnailUrl\":\"https:\/\/jlgequipements.fr\/wp-content\/uploads\/2024\/02\/Untitled-2024-03-22T145630.925.jpg\",\"datePublished\":\"2024-02-27T09:41:01+00:00\",\"dateModified\":\"2024-04-04T07:36:06+00:00\",\"breadcrumb\":{\"@id\":\"https:\/\/jlgequipements.fr\/index.php\/produit\/aire-de-jeux-bouton-dor-bambin\/#breadcrumb\"},\"inLanguage\":\"fr-FR\",\"potentialAction\":[{\"@type\":\"ReadAction\",\"target\":[\"https:\/\/jlgequipements.fr\/index.php\/produit\/aire-de-jeux-bouton-dor-bambin\/\"]}]},{\"@type\":\"ImageObject\",\"inLanguage\":\"fr-FR\",\"@id\":\"https:\/\/jlgequipements.fr\/index.php\/produit\/aire-de-jeux-bouton-dor-bambin\/#primaryimage\",\"url\":\"https:\/\/jlgequipements.fr\/wp-content\/uploads\/2024\/02\/Untitled-2024-03-22T145630.925.jpg\",\"contentUrl\":\"https:\/\/jlgequipements.fr\/wp-content\/uploads\/2024\/02\/Untitled-2024-03-22T145630.925.jpg\",\"width\":500,\"height\":500,\"caption\":\"Bouton d'or bambin\"},{\"@type\":\"BreadcrumbList\",\"@id\":\"https:\/\/jlgequipements.fr\/index.php\/produit\/aire-de-jeux-bouton-dor-bambin\/#breadcrumb\",\"itemListElement\":[{\"@type\":\"ListItem\",\"position\":1,\"name\":\"Accueil\",\"item\":\"https:\/\/jlgequipements.fr\/\"},{\"@type\":\"ListItem\",\"position\":2,\"name\":\"Boutique\",\"item\":\"https:\/\/jlgequipements.fr\/index.php\/boutique\/\"},{\"@type\":\"ListItem\",\"position\":3,\"name\":\"AIRE DE JEUX \u00ab\u00a0BOUTON D&rsquo;OR BAMBIN\u00a0\u00bb\"}]},{\"@type\":\"WebSite\",\"@id\":\"https:\/\/jlgequipements.fr\/#website\",\"url\":\"https:\/\/jlgequipements.fr\/\",\"name\":\"JLG \u00c9quipements collectivit\u00e9\",\"description\":\"Le partenaire des communes\",\"publisher\":{\"@id\":\"https:\/\/jlgequipements.fr\/#organization\"},\"potentialAction\":[{\"@type\":\"SearchAction\",\"target\":{\"@type\":\"EntryPoint\",\"urlTemplate\":\"https:\/\/jlgequipements.fr\/?s={search_term_string}\"},\"query-input\":{\"@type\":\"PropertyValueSpecification\",\"valueRequired\":true,\"valueName\":\"search_term_string\"}}],\"inLanguage\":\"fr-FR\"},{\"@type\":\"Organization\",\"@id\":\"https:\/\/jlgequipements.fr\/#organization\",\"name\":\"JLG \u00c9quipements collectivit\u00e9\",\"url\":\"https:\/\/jlgequipements.fr\/\",\"logo\":{\"@type\":\"ImageObject\",\"inLanguage\":\"fr-FR\",\"@id\":\"https:\/\/jlgequipements.fr\/#\/schema\/logo\/image\/\",\"url\":\"https:\/\/jlgequipements.fr\/wp-content\/uploads\/2024\/01\/JLG_LOGO_VECTO.png\",\"contentUrl\":\"https:\/\/jlgequipements.fr\/wp-content\/uploads\/2024\/01\/JLG_LOGO_VECTO.png\",\"width\":3293,\"height\":3292,\"caption\":\"JLG \u00c9quipements collectivit\u00e9\"},\"image\":{\"@id\":\"https:\/\/jlgequipements.fr\/#\/schema\/logo\/image\/\"}}]}<\/script>\n<!-- \/ Yoast SEO plugin. -->","yoast_head_json":{"title":"AIRE DE JEUX \"BOUTON D'OR BAMBIN\" - JLG \u00c9quipements Collectivit\u00e9s","robots":{"index":"index","follow":"follow","max-snippet":"max-snippet:-1","max-image-preview":"max-image-preview:large","max-video-preview":"max-video-preview:-1"},"canonical":"https:\/\/jlgequipements.fr\/index.php\/produit\/aire-de-jeux-bouton-dor-bambin\/","og_locale":"fr_FR","og_type":"article","og_title":"AIRE DE JEUX \"BOUTON D'OR BAMBIN\" - JLG \u00c9quipements Collectivit\u00e9s","og_description":"Tranche d&rsquo;\u00e2ge : 2 \u00e0 7 ans Surface amortissante : 29,5 m2 Hauteur de chute (HIC) : 0,90 m Poids : 262 kg Nombre de colis : 11 Encombrement hors tout : 0,74 m x 4,76 m Scellement niveau 0 : applicable Attention : selon EN 1176-3, version 2017, pt 4,8 ; la zone de sortie de glissi\u00e8re a une HIC de 1,00 m, la surface amortissante doit \u00eatre adapt\u00e9e en cons\u00e9quence. Structure : Essence PIN NORD ROUGE origine FINLANDE et\/ou SUEDE, cat\u00e9gorie 5, gage de stabilit\u00e9 et de haute r\u00e9sistance ; Traitement autoclave sous pression, classe 4, solution aqueuse sans chrome ni arsenic ; Visserie INOX A2 pour l&rsquo;assemblage des bois et visserie ZINGU\u00c9E pour l&rsquo;assemblage de l&rsquo;option Filou, \u00c9l\u00e9ment de d\u00e9cor : compact imputrescible. Scellement : Nombre de r\u00e9servation : 10 Diam\u00e8tre : 30 cm Profondeur : 50 cm Dosage b\u00e9ton : 300 kg\/m3 R\u00e9f. JAMB","og_url":"https:\/\/jlgequipements.fr\/index.php\/produit\/aire-de-jeux-bouton-dor-bambin\/","og_site_name":"JLG \u00c9quipements Collectivit\u00e9s","article_modified_time":"2024-04-04T07:36:06+00:00","og_image":[{"width":500,"height":500,"url":"https:\/\/jlgequipements.fr\/wp-content\/uploads\/2024\/02\/Untitled-2024-03-22T145630.925.jpg","type":"image\/jpeg"}],"twitter_card":"summary_large_image","twitter_misc":{"Dur\u00e9e de lecture estim\u00e9e":"1 minute"},"schema":{"@context":"https:\/\/schema.org","@graph":[{"@type":"WebPage","@id":"https:\/\/jlgequipements.fr\/index.php\/produit\/aire-de-jeux-bouton-dor-bambin\/","url":"https:\/\/jlgequipements.fr\/index.php\/produit\/aire-de-jeux-bouton-dor-bambin\/","name":"AIRE DE JEUX \"BOUTON D'OR BAMBIN\" - JLG \u00c9quipements Collectivit\u00e9s","isPartOf":{"@id":"https:\/\/jlgequipements.fr\/#website"},"primaryImageOfPage":{"@id":"https:\/\/jlgequipements.fr\/index.php\/produit\/aire-de-jeux-bouton-dor-bambin\/#primaryimage"},"image":{"@id":"https:\/\/jlgequipements.fr\/index.php\/produit\/aire-de-jeux-bouton-dor-bambin\/#primaryimage"},"thumbnailUrl":"https:\/\/jlgequipements.fr\/wp-content\/uploads\/2024\/02\/Untitled-2024-03-22T145630.925.jpg","datePublished":"2024-02-27T09:41:01+00:00","dateModified":"2024-04-04T07:36:06+00:00","breadcrumb":{"@id":"https:\/\/jlgequipements.fr\/index.php\/produit\/aire-de-jeux-bouton-dor-bambin\/#breadcrumb"},"inLanguage":"fr-FR","potentialAction":[{"@type":"ReadAction","target":["https:\/\/jlgequipements.fr\/index.php\/produit\/aire-de-jeux-bouton-dor-bambin\/"]}]},{"@type":"ImageObject","inLanguage":"fr-FR","@id":"https:\/\/jlgequipements.fr\/index.php\/produit\/aire-de-jeux-bouton-dor-bambin\/#primaryimage","url":"https:\/\/jlgequipements.fr\/wp-content\/uploads\/2024\/02\/Untitled-2024-03-22T145630.925.jpg","contentUrl":"https:\/\/jlgequipements.fr\/wp-content\/uploads\/2024\/02\/Untitled-2024-03-22T145630.925.jpg","width":500,"height":500,"caption":"Bouton d'or bambin"},{"@type":"BreadcrumbList","@id":"https:\/\/jlgequipements.fr\/index.php\/produit\/aire-de-jeux-bouton-dor-bambin\/#breadcrumb","itemListElement":[{"@type":"ListItem","position":1,"name":"Accueil","item":"https:\/\/jlgequipements.fr\/"},{"@type":"ListItem","position":2,"name":"Boutique","item":"https:\/\/jlgequipements.fr\/index.php\/boutique\/"},{"@type":"ListItem","position":3,"name":"AIRE DE JEUX \u00ab\u00a0BOUTON D&rsquo;OR BAMBIN\u00a0\u00bb"}]},{"@type":"WebSite","@id":"https:\/\/jlgequipements.fr\/#website","url":"https:\/\/jlgequipements.fr\/","name":"JLG \u00c9quipements collectivit\u00e9","description":"Le partenaire des communes","publisher":{"@id":"https:\/\/jlgequipements.fr\/#organization"},"potentialAction":[{"@type":"SearchAction","target":{"@type":"EntryPoint","urlTemplate":"https:\/\/jlgequipements.fr\/?s={search_term_string}"},"query-input":{"@type":"PropertyValueSpecification","valueRequired":true,"valueName":"search_term_string"}}],"inLanguage":"fr-FR"},{"@type":"Organization","@id":"https:\/\/jlgequipements.fr\/#organization","name":"JLG \u00c9quipements collectivit\u00e9","url":"https:\/\/jlgequipements.fr\/","logo":{"@type":"ImageObject","inLanguage":"fr-FR","@id":"https:\/\/jlgequipements.fr\/#\/schema\/logo\/image\/","url":"https:\/\/jlgequipements.fr\/wp-content\/uploads\/2024\/01\/JLG_LOGO_VECTO.png","contentUrl":"https:\/\/jlgequipements.fr\/wp-content\/uploads\/2024\/01\/JLG_LOGO_VECTO.png","width":3293,"height":3292,"caption":"JLG \u00c9quipements collectivit\u00e9"},"image":{"@id":"https:\/\/jlgequipements.fr\/#\/schema\/logo\/image\/"}}]}},"_links":{"self":[{"href":"https:\/\/jlgequipements.fr\/index.php\/wp-json\/wp\/v2\/product\/8205","targetHints":{"allow":["GET"]}}],"collection":[{"href":"https:\/\/jlgequipements.fr\/index.php\/wp-json\/wp\/v2\/product"}],"about":[{"href":"https:\/\/jlgequipements.fr\/index.php\/wp-json\/wp\/v2\/types\/product"}],"replies":[{"embeddable":true,"href":"https:\/\/jlgequipements.fr\/index.php\/wp-json\/wp\/v2\/comments?post=8205"}],"version-history":[{"count":3,"href":"https:\/\/jlgequipements.fr\/index.php\/wp-json\/wp\/v2\/product\/8205\/revisions"}],"predecessor-version":[{"id":12248,"href":"https:\/\/jlgequipements.fr\/index.php\/wp-json\/wp\/v2\/product\/8205\/revisions\/12248"}],"wp:featuredmedia":[{"embeddable":true,"href":"https:\/\/jlgequipements.fr\/index.php\/wp-json\/wp\/v2\/media\/11518"}],"wp:attachment":[{"href":"https:\/\/jlgequipements.fr\/index.php\/wp-json\/wp\/v2\/media?parent=8205"}],"wp:term":[{"taxonomy":"product_brand","embeddable":true,"href":"https:\/\/jlgequipements.fr\/index.php\/wp-json\/wp\/v2\/product_brand?post=8205"},{"taxonomy":"product_cat","embeddable":true,"href":"https:\/\/jlgequipements.fr\/index.php\/wp-json\/wp\/v2\/product_cat?post=8205"},{"taxonomy":"product_tag","embeddable":true,"href":"https:\/\/jlgequipements.fr\/index.php\/wp-json\/wp\/v2\/product_tag?post=8205"}],"curies":[{"name":"wp","href":"https:\/\/api.w.org\/{rel}","templated":true}]}}