{"id":8194,"date":"2024-02-27T10:40:58","date_gmt":"2024-02-27T09:40:58","guid":{"rendered":"https:\/\/www.jlg.nicolas-briche.fr\/index.php\/produit\/table-start-2-reglable-1-place-melamine\/"},"modified":"2026-01-29T11:05:42","modified_gmt":"2026-01-29T10:05:42","slug":"table-s2-fixe","status":"publish","type":"product","link":"https:\/\/jlgequipements.fr\/index.php\/produit\/table-s2-fixe\/","title":{"rendered":"TABLE S2 FIXE"},"content":{"rendered":"<p class=\"p1\"><b><span class=\"Apple-converted-space\">\u00a0 <\/span>Description :<\/b><\/p>\n<p class=\"p1\"><span class=\"s1\">&#8211; Plateau m\u00e9lamin\u00e9 \u00e9paisseur 19 mm, avec chant polypro \u00e9paisseur 2 mm assorti.<\/span><\/p>\n<p class=\"p1\"><span class=\"s1\">&#8211; Coloris du plateau : seringa beige.<\/span><\/p>\n<p class=\"p1\"><span class=\"s1\">&#8211; Structure en acier : cadre porteur constitu\u00e9 d\u2019un longeron et de deux entretoises en profil\u00e9 acier 50 x 20 mm reli\u00e9s<span class=\"Apple-converted-space\">\u00a0 \u00a0 <\/span>par deux goussets en t\u00f4le \u00e9paisseur 3 mm.<\/span><\/p>\n<p class=\"p1\"><span class=\"s1\">&#8211; 2 pi\u00e8tements en tube \u00d8 40 mm, et une colonne en tube <span class=\"Apple-converted-space\">\u00a0 <\/span>carr\u00e9e 40 x 40 cm soud\u00e9e sur une semelle en tube rond <span class=\"Apple-converted-space\">\u00a0 <\/span>de \u00d8 45 mm, finition peinture \u00e9poxy <\/span><\/p>\n<p class=\"p1\"><span class=\"s1\">&#8211; Embouts sabot \u00e0 l\u2019arri\u00e8re et v\u00e9rins \u00e0 l\u2019avant, en <span class=\"Apple-converted-space\">\u00a0 <\/span>polypropyl\u00e8ne noir non tachant.<\/span><\/p>\n<p class=\"p1\"><span class=\"s2\"><b>&#8211; 1 place :<\/b><\/span><span class=\"s1\"> 70 x 50 cm.<\/span><\/p>\n<p class=\"p2\"><span class=\"s1\"><b>&#8211; 2 places : <\/b><\/span><span class=\"s3\">130 x 50 cm.<\/span><\/p>\n<p><strong>Option :\u00a0<\/strong><\/p>\n<p>&#8211; Crochet ABS S2 COL4293 noir<\/p>\n<p>&#8211; Casier classique<\/p>\n<p>&#8211; Grand casier<\/p>\n","protected":false},"excerpt":{"rendered":"<p>\u00a0 Description : &#8211; Plateau m\u00e9lamin\u00e9 \u00e9paisseur 19 mm, avec chant polypro \u00e9paisseur 2 mm assorti. &#8211; Coloris du plateau : seringa beige. &#8211; Structure en acier : cadre porteur constitu\u00e9 d\u2019un longeron et de deux entretoises en profil\u00e9 acier 50 x 20 mm reli\u00e9s\u00a0 \u00a0 par deux goussets en t\u00f4le \u00e9paisseur 3 mm. &#8211; 2 pi\u00e8tements en tube \u00d8 40 mm, et une colonne en tube \u00a0 carr\u00e9e 40 x 40 cm soud\u00e9e sur une semelle en tube rond \u00a0 de \u00d8 45 mm, finition peinture \u00e9poxy &#8211; Embouts sabot \u00e0 l\u2019arri\u00e8re et v\u00e9rins \u00e0 l\u2019avant, en \u00a0 polypropyl\u00e8ne noir non tachant. &#8211; 1 place : 70 x 50 cm. &#8211; 2 places : 130 x 50 cm. Option :\u00a0 &#8211; Crochet ABS S2 COL4293 noir &#8211; Casier classique &#8211; Grand casier<\/p>\n","protected":false},"featured_media":14560,"comment_status":"closed","ping_status":"closed","template":"","meta":[],"product_brand":[],"product_cat":[240,242],"product_tag":[],"class_list":{"0":"post-8194","1":"product","2":"type-product","3":"status-publish","4":"has-post-thumbnail","6":"product_cat-mobilier-scolaire","7":"product_cat-tables","9":"first","10":"instock","11":"shipping-taxable","12":"product-type-simple"},"yoast_head":"<!-- This site is optimized with the Yoast SEO plugin v27.1.1 - https:\/\/yoast.com\/product\/yoast-seo-wordpress\/ -->\n<title>TABLE S2 FIXE - JLG \u00c9quipements Collectivit\u00e9s<\/title>\n<meta name=\"robots\" content=\"index, follow, max-snippet:-1, max-image-preview:large, max-video-preview:-1\" \/>\n<link rel=\"canonical\" href=\"https:\/\/jlgequipements.fr\/index.php\/produit\/table-s2-fixe\/\" \/>\n<meta property=\"og:locale\" content=\"fr_FR\" \/>\n<meta property=\"og:type\" content=\"article\" \/>\n<meta property=\"og:title\" content=\"TABLE S2 FIXE - JLG \u00c9quipements Collectivit\u00e9s\" \/>\n<meta property=\"og:description\" content=\"\u00a0 Description : &#8211; Plateau m\u00e9lamin\u00e9 \u00e9paisseur 19 mm, avec chant polypro \u00e9paisseur 2 mm assorti. &#8211; Coloris du plateau : seringa beige. &#8211; Structure en acier : cadre porteur constitu\u00e9 d\u2019un longeron et de deux entretoises en profil\u00e9 acier 50 x 20 mm reli\u00e9s\u00a0 \u00a0 par deux goussets en t\u00f4le \u00e9paisseur 3 mm. &#8211; 2 pi\u00e8tements en tube \u00d8 40 mm, et une colonne en tube \u00a0 carr\u00e9e 40 x 40 cm soud\u00e9e sur une semelle en tube rond \u00a0 de \u00d8 45 mm, finition peinture \u00e9poxy &#8211; Embouts sabot \u00e0 l\u2019arri\u00e8re et v\u00e9rins \u00e0 l\u2019avant, en \u00a0 polypropyl\u00e8ne noir non tachant. &#8211; 1 place : 70 x 50 cm. &#8211; 2 places : 130 x 50 cm. Option :\u00a0 &#8211; Crochet ABS S2 COL4293 noir &#8211; Casier classique &#8211; Grand casier\" \/>\n<meta property=\"og:url\" content=\"https:\/\/jlgequipements.fr\/index.php\/produit\/table-s2-fixe\/\" \/>\n<meta property=\"og:site_name\" content=\"JLG \u00c9quipements Collectivit\u00e9s\" \/>\n<meta property=\"article:modified_time\" content=\"2026-01-29T10:05:42+00:00\" \/>\n<meta property=\"og:image\" content=\"https:\/\/jlgequipements.fr\/wp-content\/uploads\/2024\/02\/TABLE-S2-FIXZ-01.jpg\" \/>\n\t<meta property=\"og:image:width\" content=\"2083\" \/>\n\t<meta property=\"og:image:height\" content=\"2083\" \/>\n\t<meta property=\"og:image:type\" content=\"image\/jpeg\" \/>\n<meta name=\"twitter:card\" content=\"summary_large_image\" \/>\n<meta name=\"twitter:label1\" content=\"Dur\u00e9e de lecture estim\u00e9e\" \/>\n\t<meta name=\"twitter:data1\" content=\"1 minute\" \/>\n<script type=\"application\/ld+json\" class=\"yoast-schema-graph\">{\"@context\":\"https:\/\/schema.org\",\"@graph\":[{\"@type\":\"WebPage\",\"@id\":\"https:\/\/jlgequipements.fr\/index.php\/produit\/table-s2-fixe\/\",\"url\":\"https:\/\/jlgequipements.fr\/index.php\/produit\/table-s2-fixe\/\",\"name\":\"TABLE S2 FIXE - JLG \u00c9quipements Collectivit\u00e9s\",\"isPartOf\":{\"@id\":\"https:\/\/jlgequipements.fr\/#website\"},\"primaryImageOfPage\":{\"@id\":\"https:\/\/jlgequipements.fr\/index.php\/produit\/table-s2-fixe\/#primaryimage\"},\"image\":{\"@id\":\"https:\/\/jlgequipements.fr\/index.php\/produit\/table-s2-fixe\/#primaryimage\"},\"thumbnailUrl\":\"https:\/\/jlgequipements.fr\/wp-content\/uploads\/2024\/02\/TABLE-S2-FIXZ-01.jpg\",\"datePublished\":\"2024-02-27T09:40:58+00:00\",\"dateModified\":\"2026-01-29T10:05:42+00:00\",\"breadcrumb\":{\"@id\":\"https:\/\/jlgequipements.fr\/index.php\/produit\/table-s2-fixe\/#breadcrumb\"},\"inLanguage\":\"fr-FR\",\"potentialAction\":[{\"@type\":\"ReadAction\",\"target\":[\"https:\/\/jlgequipements.fr\/index.php\/produit\/table-s2-fixe\/\"]}]},{\"@type\":\"ImageObject\",\"inLanguage\":\"fr-FR\",\"@id\":\"https:\/\/jlgequipements.fr\/index.php\/produit\/table-s2-fixe\/#primaryimage\",\"url\":\"https:\/\/jlgequipements.fr\/wp-content\/uploads\/2024\/02\/TABLE-S2-FIXZ-01.jpg\",\"contentUrl\":\"https:\/\/jlgequipements.fr\/wp-content\/uploads\/2024\/02\/TABLE-S2-FIXZ-01.jpg\",\"width\":2083,\"height\":2083},{\"@type\":\"BreadcrumbList\",\"@id\":\"https:\/\/jlgequipements.fr\/index.php\/produit\/table-s2-fixe\/#breadcrumb\",\"itemListElement\":[{\"@type\":\"ListItem\",\"position\":1,\"name\":\"Accueil\",\"item\":\"https:\/\/jlgequipements.fr\/\"},{\"@type\":\"ListItem\",\"position\":2,\"name\":\"Boutique\",\"item\":\"https:\/\/jlgequipements.fr\/index.php\/boutique\/\"},{\"@type\":\"ListItem\",\"position\":3,\"name\":\"TABLE S2 FIXE\"}]},{\"@type\":\"WebSite\",\"@id\":\"https:\/\/jlgequipements.fr\/#website\",\"url\":\"https:\/\/jlgequipements.fr\/\",\"name\":\"JLG \u00c9quipements collectivit\u00e9\",\"description\":\"Le partenaire des communes\",\"publisher\":{\"@id\":\"https:\/\/jlgequipements.fr\/#organization\"},\"potentialAction\":[{\"@type\":\"SearchAction\",\"target\":{\"@type\":\"EntryPoint\",\"urlTemplate\":\"https:\/\/jlgequipements.fr\/?s={search_term_string}\"},\"query-input\":{\"@type\":\"PropertyValueSpecification\",\"valueRequired\":true,\"valueName\":\"search_term_string\"}}],\"inLanguage\":\"fr-FR\"},{\"@type\":\"Organization\",\"@id\":\"https:\/\/jlgequipements.fr\/#organization\",\"name\":\"JLG \u00c9quipements collectivit\u00e9\",\"url\":\"https:\/\/jlgequipements.fr\/\",\"logo\":{\"@type\":\"ImageObject\",\"inLanguage\":\"fr-FR\",\"@id\":\"https:\/\/jlgequipements.fr\/#\/schema\/logo\/image\/\",\"url\":\"https:\/\/jlgequipements.fr\/wp-content\/uploads\/2024\/01\/JLG_LOGO_VECTO.png\",\"contentUrl\":\"https:\/\/jlgequipements.fr\/wp-content\/uploads\/2024\/01\/JLG_LOGO_VECTO.png\",\"width\":3293,\"height\":3292,\"caption\":\"JLG \u00c9quipements collectivit\u00e9\"},\"image\":{\"@id\":\"https:\/\/jlgequipements.fr\/#\/schema\/logo\/image\/\"}}]}<\/script>\n<!-- \/ Yoast SEO plugin. -->","yoast_head_json":{"title":"TABLE S2 FIXE - JLG \u00c9quipements Collectivit\u00e9s","robots":{"index":"index","follow":"follow","max-snippet":"max-snippet:-1","max-image-preview":"max-image-preview:large","max-video-preview":"max-video-preview:-1"},"canonical":"https:\/\/jlgequipements.fr\/index.php\/produit\/table-s2-fixe\/","og_locale":"fr_FR","og_type":"article","og_title":"TABLE S2 FIXE - JLG \u00c9quipements Collectivit\u00e9s","og_description":"\u00a0 Description : &#8211; Plateau m\u00e9lamin\u00e9 \u00e9paisseur 19 mm, avec chant polypro \u00e9paisseur 2 mm assorti. &#8211; Coloris du plateau : seringa beige. &#8211; Structure en acier : cadre porteur constitu\u00e9 d\u2019un longeron et de deux entretoises en profil\u00e9 acier 50 x 20 mm reli\u00e9s\u00a0 \u00a0 par deux goussets en t\u00f4le \u00e9paisseur 3 mm. &#8211; 2 pi\u00e8tements en tube \u00d8 40 mm, et une colonne en tube \u00a0 carr\u00e9e 40 x 40 cm soud\u00e9e sur une semelle en tube rond \u00a0 de \u00d8 45 mm, finition peinture \u00e9poxy &#8211; Embouts sabot \u00e0 l\u2019arri\u00e8re et v\u00e9rins \u00e0 l\u2019avant, en \u00a0 polypropyl\u00e8ne noir non tachant. &#8211; 1 place : 70 x 50 cm. &#8211; 2 places : 130 x 50 cm. Option :\u00a0 &#8211; Crochet ABS S2 COL4293 noir &#8211; Casier classique &#8211; Grand casier","og_url":"https:\/\/jlgequipements.fr\/index.php\/produit\/table-s2-fixe\/","og_site_name":"JLG \u00c9quipements Collectivit\u00e9s","article_modified_time":"2026-01-29T10:05:42+00:00","og_image":[{"width":2083,"height":2083,"url":"https:\/\/jlgequipements.fr\/wp-content\/uploads\/2024\/02\/TABLE-S2-FIXZ-01.jpg","type":"image\/jpeg"}],"twitter_card":"summary_large_image","twitter_misc":{"Dur\u00e9e de lecture estim\u00e9e":"1 minute"},"schema":{"@context":"https:\/\/schema.org","@graph":[{"@type":"WebPage","@id":"https:\/\/jlgequipements.fr\/index.php\/produit\/table-s2-fixe\/","url":"https:\/\/jlgequipements.fr\/index.php\/produit\/table-s2-fixe\/","name":"TABLE S2 FIXE - JLG \u00c9quipements Collectivit\u00e9s","isPartOf":{"@id":"https:\/\/jlgequipements.fr\/#website"},"primaryImageOfPage":{"@id":"https:\/\/jlgequipements.fr\/index.php\/produit\/table-s2-fixe\/#primaryimage"},"image":{"@id":"https:\/\/jlgequipements.fr\/index.php\/produit\/table-s2-fixe\/#primaryimage"},"thumbnailUrl":"https:\/\/jlgequipements.fr\/wp-content\/uploads\/2024\/02\/TABLE-S2-FIXZ-01.jpg","datePublished":"2024-02-27T09:40:58+00:00","dateModified":"2026-01-29T10:05:42+00:00","breadcrumb":{"@id":"https:\/\/jlgequipements.fr\/index.php\/produit\/table-s2-fixe\/#breadcrumb"},"inLanguage":"fr-FR","potentialAction":[{"@type":"ReadAction","target":["https:\/\/jlgequipements.fr\/index.php\/produit\/table-s2-fixe\/"]}]},{"@type":"ImageObject","inLanguage":"fr-FR","@id":"https:\/\/jlgequipements.fr\/index.php\/produit\/table-s2-fixe\/#primaryimage","url":"https:\/\/jlgequipements.fr\/wp-content\/uploads\/2024\/02\/TABLE-S2-FIXZ-01.jpg","contentUrl":"https:\/\/jlgequipements.fr\/wp-content\/uploads\/2024\/02\/TABLE-S2-FIXZ-01.jpg","width":2083,"height":2083},{"@type":"BreadcrumbList","@id":"https:\/\/jlgequipements.fr\/index.php\/produit\/table-s2-fixe\/#breadcrumb","itemListElement":[{"@type":"ListItem","position":1,"name":"Accueil","item":"https:\/\/jlgequipements.fr\/"},{"@type":"ListItem","position":2,"name":"Boutique","item":"https:\/\/jlgequipements.fr\/index.php\/boutique\/"},{"@type":"ListItem","position":3,"name":"TABLE S2 FIXE"}]},{"@type":"WebSite","@id":"https:\/\/jlgequipements.fr\/#website","url":"https:\/\/jlgequipements.fr\/","name":"JLG \u00c9quipements collectivit\u00e9","description":"Le partenaire des communes","publisher":{"@id":"https:\/\/jlgequipements.fr\/#organization"},"potentialAction":[{"@type":"SearchAction","target":{"@type":"EntryPoint","urlTemplate":"https:\/\/jlgequipements.fr\/?s={search_term_string}"},"query-input":{"@type":"PropertyValueSpecification","valueRequired":true,"valueName":"search_term_string"}}],"inLanguage":"fr-FR"},{"@type":"Organization","@id":"https:\/\/jlgequipements.fr\/#organization","name":"JLG \u00c9quipements collectivit\u00e9","url":"https:\/\/jlgequipements.fr\/","logo":{"@type":"ImageObject","inLanguage":"fr-FR","@id":"https:\/\/jlgequipements.fr\/#\/schema\/logo\/image\/","url":"https:\/\/jlgequipements.fr\/wp-content\/uploads\/2024\/01\/JLG_LOGO_VECTO.png","contentUrl":"https:\/\/jlgequipements.fr\/wp-content\/uploads\/2024\/01\/JLG_LOGO_VECTO.png","width":3293,"height":3292,"caption":"JLG \u00c9quipements collectivit\u00e9"},"image":{"@id":"https:\/\/jlgequipements.fr\/#\/schema\/logo\/image\/"}}]}},"_links":{"self":[{"href":"https:\/\/jlgequipements.fr\/index.php\/wp-json\/wp\/v2\/product\/8194","targetHints":{"allow":["GET"]}}],"collection":[{"href":"https:\/\/jlgequipements.fr\/index.php\/wp-json\/wp\/v2\/product"}],"about":[{"href":"https:\/\/jlgequipements.fr\/index.php\/wp-json\/wp\/v2\/types\/product"}],"replies":[{"embeddable":true,"href":"https:\/\/jlgequipements.fr\/index.php\/wp-json\/wp\/v2\/comments?post=8194"}],"version-history":[{"count":5,"href":"https:\/\/jlgequipements.fr\/index.php\/wp-json\/wp\/v2\/product\/8194\/revisions"}],"predecessor-version":[{"id":14565,"href":"https:\/\/jlgequipements.fr\/index.php\/wp-json\/wp\/v2\/product\/8194\/revisions\/14565"}],"wp:featuredmedia":[{"embeddable":true,"href":"https:\/\/jlgequipements.fr\/index.php\/wp-json\/wp\/v2\/media\/14560"}],"wp:attachment":[{"href":"https:\/\/jlgequipements.fr\/index.php\/wp-json\/wp\/v2\/media?parent=8194"}],"wp:term":[{"taxonomy":"product_brand","embeddable":true,"href":"https:\/\/jlgequipements.fr\/index.php\/wp-json\/wp\/v2\/product_brand?post=8194"},{"taxonomy":"product_cat","embeddable":true,"href":"https:\/\/jlgequipements.fr\/index.php\/wp-json\/wp\/v2\/product_cat?post=8194"},{"taxonomy":"product_tag","embeddable":true,"href":"https:\/\/jlgequipements.fr\/index.php\/wp-json\/wp\/v2\/product_tag?post=8194"}],"curies":[{"name":"wp","href":"https:\/\/api.w.org\/{rel}","templated":true}]}}