{"id":8140,"date":"2024-02-27T10:40:47","date_gmt":"2024-02-27T09:40:47","guid":{"rendered":"https:\/\/www.jlg.nicolas-briche.fr\/index.php\/produit\/projecteur-gobo-80w\/"},"modified":"2024-04-04T11:45:54","modified_gmt":"2024-04-04T09:45:54","slug":"projecteur-gobo-80w","status":"publish","type":"product","link":"https:\/\/jlgequipements.fr\/index.php\/produit\/projecteur-gobo-80w\/","title":{"rendered":"PROJECTEUR GOBO 80 W"},"content":{"rendered":"<ul>\n<li>T\u00b0 de couleur : 6500 K\u00b0<\/li>\n<li>Lux : 15000 lux 1m<\/li>\n<li>Intensit\u00e9 luminosit\u00e9 : 9000 lumens<\/li>\n<li>Distance max. de projection (conditions id\u00e9ales) : 35 m<\/li>\n<li>Distance max. conseill\u00e9e : 25 m<\/li>\n<li>Taille de l&rsquo;image 10m ( \u00e0 20 m), 17,5 m ( \u00e0 35 m)<\/li>\n<li>Ouverture (angle) : 28 \u030a<\/li>\n<li>Gobos fixes et\/ou rotatifs : Rotatifs (r\u00e9glable)<\/li>\n<li>R\u00e9glages : Arr\u00eat, rotation, 3 paliers de vitesse<\/li>\n<li>Taille du Gobo : 54 mm<\/li>\n<li>Lentilles de Gobos (non fourni) : 1<\/li>\n<li>Utilisation : Ext\u00e9rieure (IP 65)<\/li>\n<li>Consommation : 85 Watt<\/li>\n<li>Dimensions : 360 x 250 x 220 mm<\/li>\n<li>Poids : 6 kg<\/li>\n<li>T\u00e9l\u00e9commande : Oui<br \/>\n+ Cordon d&rsquo;alimentation<\/li>\n<\/ul>\n","protected":false},"excerpt":{"rendered":"<p>T\u00b0 de couleur : 6500 K\u00b0 Lux : 15000 lux 1m Intensit\u00e9 luminosit\u00e9 : 9000 lumens Distance max. de projection (conditions id\u00e9ales) : 35 m Distance max. conseill\u00e9e : 25 m Taille de l&rsquo;image 10m ( \u00e0 20 m), 17,5 m ( \u00e0 35 m) Ouverture (angle) : 28 \u030a Gobos fixes et\/ou rotatifs : Rotatifs (r\u00e9glable) R\u00e9glages : Arr\u00eat, rotation, 3 paliers de vitesse Taille du Gobo : 54 mm Lentilles de Gobos (non fourni) : 1 Utilisation : Ext\u00e9rieure (IP 65) Consommation : 85 Watt Dimensions : 360 x 250 x 220 mm Poids : 6 kg T\u00e9l\u00e9commande : Oui + Cordon d&rsquo;alimentation<\/p>\n","protected":false},"featured_media":10119,"comment_status":"closed","ping_status":"closed","template":"","meta":[],"product_brand":[],"product_cat":[249,268,221],"product_tag":[],"class_list":{"0":"post-8140","1":"product","2":"type-product","3":"status-publish","4":"has-post-thumbnail","6":"product_cat-projecteurs-gobos","7":"product_cat-illumination","8":"product_cat-octobre-rose","10":"first","11":"instock","12":"shipping-taxable","13":"product-type-simple"},"yoast_head":"<!-- This site is optimized with the Yoast SEO plugin v27.1.1 - https:\/\/yoast.com\/product\/yoast-seo-wordpress\/ -->\n<title>PROJECTEUR GOBO 80 W - JLG \u00c9quipements Collectivit\u00e9s<\/title>\n<meta name=\"robots\" content=\"index, follow, max-snippet:-1, max-image-preview:large, max-video-preview:-1\" \/>\n<link rel=\"canonical\" href=\"https:\/\/jlgequipements.fr\/index.php\/produit\/projecteur-gobo-80w\/\" \/>\n<meta property=\"og:locale\" content=\"fr_FR\" \/>\n<meta property=\"og:type\" content=\"article\" \/>\n<meta property=\"og:title\" content=\"PROJECTEUR GOBO 80 W - JLG \u00c9quipements Collectivit\u00e9s\" \/>\n<meta property=\"og:description\" content=\"T\u00b0 de couleur : 6500 K\u00b0 Lux : 15000 lux 1m Intensit\u00e9 luminosit\u00e9 : 9000 lumens Distance max. de projection (conditions id\u00e9ales) : 35 m Distance max. conseill\u00e9e : 25 m Taille de l&rsquo;image 10m ( \u00e0 20 m), 17,5 m ( \u00e0 35 m) Ouverture (angle) : 28 \u030a Gobos fixes et\/ou rotatifs : Rotatifs (r\u00e9glable) R\u00e9glages : Arr\u00eat, rotation, 3 paliers de vitesse Taille du Gobo : 54 mm Lentilles de Gobos (non fourni) : 1 Utilisation : Ext\u00e9rieure (IP 65) Consommation : 85 Watt Dimensions : 360 x 250 x 220 mm Poids : 6 kg T\u00e9l\u00e9commande : Oui + Cordon d&rsquo;alimentation\" \/>\n<meta property=\"og:url\" content=\"https:\/\/jlgequipements.fr\/index.php\/produit\/projecteur-gobo-80w\/\" \/>\n<meta property=\"og:site_name\" content=\"JLG \u00c9quipements Collectivit\u00e9s\" \/>\n<meta property=\"article:modified_time\" content=\"2024-04-04T09:45:54+00:00\" \/>\n<meta property=\"og:image\" content=\"https:\/\/jlgequipements.fr\/wp-content\/uploads\/2024\/02\/Projecteur_Gobo_80W.jpg\" \/>\n\t<meta property=\"og:image:width\" content=\"500\" \/>\n\t<meta property=\"og:image:height\" content=\"500\" \/>\n\t<meta property=\"og:image:type\" content=\"image\/jpeg\" \/>\n<meta name=\"twitter:card\" content=\"summary_large_image\" \/>\n<script type=\"application\/ld+json\" class=\"yoast-schema-graph\">{\"@context\":\"https:\/\/schema.org\",\"@graph\":[{\"@type\":\"WebPage\",\"@id\":\"https:\/\/jlgequipements.fr\/index.php\/produit\/projecteur-gobo-80w\/\",\"url\":\"https:\/\/jlgequipements.fr\/index.php\/produit\/projecteur-gobo-80w\/\",\"name\":\"PROJECTEUR GOBO 80 W - JLG \u00c9quipements Collectivit\u00e9s\",\"isPartOf\":{\"@id\":\"https:\/\/jlgequipements.fr\/#website\"},\"primaryImageOfPage\":{\"@id\":\"https:\/\/jlgequipements.fr\/index.php\/produit\/projecteur-gobo-80w\/#primaryimage\"},\"image\":{\"@id\":\"https:\/\/jlgequipements.fr\/index.php\/produit\/projecteur-gobo-80w\/#primaryimage\"},\"thumbnailUrl\":\"https:\/\/jlgequipements.fr\/wp-content\/uploads\/2024\/02\/Projecteur_Gobo_80W.jpg\",\"datePublished\":\"2024-02-27T09:40:47+00:00\",\"dateModified\":\"2024-04-04T09:45:54+00:00\",\"breadcrumb\":{\"@id\":\"https:\/\/jlgequipements.fr\/index.php\/produit\/projecteur-gobo-80w\/#breadcrumb\"},\"inLanguage\":\"fr-FR\",\"potentialAction\":[{\"@type\":\"ReadAction\",\"target\":[\"https:\/\/jlgequipements.fr\/index.php\/produit\/projecteur-gobo-80w\/\"]}]},{\"@type\":\"ImageObject\",\"inLanguage\":\"fr-FR\",\"@id\":\"https:\/\/jlgequipements.fr\/index.php\/produit\/projecteur-gobo-80w\/#primaryimage\",\"url\":\"https:\/\/jlgequipements.fr\/wp-content\/uploads\/2024\/02\/Projecteur_Gobo_80W.jpg\",\"contentUrl\":\"https:\/\/jlgequipements.fr\/wp-content\/uploads\/2024\/02\/Projecteur_Gobo_80W.jpg\",\"width\":500,\"height\":500,\"caption\":\"Projecteur_Gobo_80W\"},{\"@type\":\"BreadcrumbList\",\"@id\":\"https:\/\/jlgequipements.fr\/index.php\/produit\/projecteur-gobo-80w\/#breadcrumb\",\"itemListElement\":[{\"@type\":\"ListItem\",\"position\":1,\"name\":\"Accueil\",\"item\":\"https:\/\/jlgequipements.fr\/\"},{\"@type\":\"ListItem\",\"position\":2,\"name\":\"Boutique\",\"item\":\"https:\/\/jlgequipements.fr\/index.php\/boutique\/\"},{\"@type\":\"ListItem\",\"position\":3,\"name\":\"PROJECTEUR GOBO 80 W\"}]},{\"@type\":\"WebSite\",\"@id\":\"https:\/\/jlgequipements.fr\/#website\",\"url\":\"https:\/\/jlgequipements.fr\/\",\"name\":\"JLG \u00c9quipements collectivit\u00e9\",\"description\":\"Le partenaire des communes\",\"publisher\":{\"@id\":\"https:\/\/jlgequipements.fr\/#organization\"},\"potentialAction\":[{\"@type\":\"SearchAction\",\"target\":{\"@type\":\"EntryPoint\",\"urlTemplate\":\"https:\/\/jlgequipements.fr\/?s={search_term_string}\"},\"query-input\":{\"@type\":\"PropertyValueSpecification\",\"valueRequired\":true,\"valueName\":\"search_term_string\"}}],\"inLanguage\":\"fr-FR\"},{\"@type\":\"Organization\",\"@id\":\"https:\/\/jlgequipements.fr\/#organization\",\"name\":\"JLG \u00c9quipements collectivit\u00e9\",\"url\":\"https:\/\/jlgequipements.fr\/\",\"logo\":{\"@type\":\"ImageObject\",\"inLanguage\":\"fr-FR\",\"@id\":\"https:\/\/jlgequipements.fr\/#\/schema\/logo\/image\/\",\"url\":\"https:\/\/jlgequipements.fr\/wp-content\/uploads\/2024\/01\/JLG_LOGO_VECTO.png\",\"contentUrl\":\"https:\/\/jlgequipements.fr\/wp-content\/uploads\/2024\/01\/JLG_LOGO_VECTO.png\",\"width\":3293,\"height\":3292,\"caption\":\"JLG \u00c9quipements collectivit\u00e9\"},\"image\":{\"@id\":\"https:\/\/jlgequipements.fr\/#\/schema\/logo\/image\/\"}}]}<\/script>\n<!-- \/ Yoast SEO plugin. -->","yoast_head_json":{"title":"PROJECTEUR GOBO 80 W - JLG \u00c9quipements Collectivit\u00e9s","robots":{"index":"index","follow":"follow","max-snippet":"max-snippet:-1","max-image-preview":"max-image-preview:large","max-video-preview":"max-video-preview:-1"},"canonical":"https:\/\/jlgequipements.fr\/index.php\/produit\/projecteur-gobo-80w\/","og_locale":"fr_FR","og_type":"article","og_title":"PROJECTEUR GOBO 80 W - JLG \u00c9quipements Collectivit\u00e9s","og_description":"T\u00b0 de couleur : 6500 K\u00b0 Lux : 15000 lux 1m Intensit\u00e9 luminosit\u00e9 : 9000 lumens Distance max. de projection (conditions id\u00e9ales) : 35 m Distance max. conseill\u00e9e : 25 m Taille de l&rsquo;image 10m ( \u00e0 20 m), 17,5 m ( \u00e0 35 m) Ouverture (angle) : 28 \u030a Gobos fixes et\/ou rotatifs : Rotatifs (r\u00e9glable) R\u00e9glages : Arr\u00eat, rotation, 3 paliers de vitesse Taille du Gobo : 54 mm Lentilles de Gobos (non fourni) : 1 Utilisation : Ext\u00e9rieure (IP 65) Consommation : 85 Watt Dimensions : 360 x 250 x 220 mm Poids : 6 kg T\u00e9l\u00e9commande : Oui + Cordon d&rsquo;alimentation","og_url":"https:\/\/jlgequipements.fr\/index.php\/produit\/projecteur-gobo-80w\/","og_site_name":"JLG \u00c9quipements Collectivit\u00e9s","article_modified_time":"2024-04-04T09:45:54+00:00","og_image":[{"width":500,"height":500,"url":"https:\/\/jlgequipements.fr\/wp-content\/uploads\/2024\/02\/Projecteur_Gobo_80W.jpg","type":"image\/jpeg"}],"twitter_card":"summary_large_image","schema":{"@context":"https:\/\/schema.org","@graph":[{"@type":"WebPage","@id":"https:\/\/jlgequipements.fr\/index.php\/produit\/projecteur-gobo-80w\/","url":"https:\/\/jlgequipements.fr\/index.php\/produit\/projecteur-gobo-80w\/","name":"PROJECTEUR GOBO 80 W - JLG \u00c9quipements Collectivit\u00e9s","isPartOf":{"@id":"https:\/\/jlgequipements.fr\/#website"},"primaryImageOfPage":{"@id":"https:\/\/jlgequipements.fr\/index.php\/produit\/projecteur-gobo-80w\/#primaryimage"},"image":{"@id":"https:\/\/jlgequipements.fr\/index.php\/produit\/projecteur-gobo-80w\/#primaryimage"},"thumbnailUrl":"https:\/\/jlgequipements.fr\/wp-content\/uploads\/2024\/02\/Projecteur_Gobo_80W.jpg","datePublished":"2024-02-27T09:40:47+00:00","dateModified":"2024-04-04T09:45:54+00:00","breadcrumb":{"@id":"https:\/\/jlgequipements.fr\/index.php\/produit\/projecteur-gobo-80w\/#breadcrumb"},"inLanguage":"fr-FR","potentialAction":[{"@type":"ReadAction","target":["https:\/\/jlgequipements.fr\/index.php\/produit\/projecteur-gobo-80w\/"]}]},{"@type":"ImageObject","inLanguage":"fr-FR","@id":"https:\/\/jlgequipements.fr\/index.php\/produit\/projecteur-gobo-80w\/#primaryimage","url":"https:\/\/jlgequipements.fr\/wp-content\/uploads\/2024\/02\/Projecteur_Gobo_80W.jpg","contentUrl":"https:\/\/jlgequipements.fr\/wp-content\/uploads\/2024\/02\/Projecteur_Gobo_80W.jpg","width":500,"height":500,"caption":"Projecteur_Gobo_80W"},{"@type":"BreadcrumbList","@id":"https:\/\/jlgequipements.fr\/index.php\/produit\/projecteur-gobo-80w\/#breadcrumb","itemListElement":[{"@type":"ListItem","position":1,"name":"Accueil","item":"https:\/\/jlgequipements.fr\/"},{"@type":"ListItem","position":2,"name":"Boutique","item":"https:\/\/jlgequipements.fr\/index.php\/boutique\/"},{"@type":"ListItem","position":3,"name":"PROJECTEUR GOBO 80 W"}]},{"@type":"WebSite","@id":"https:\/\/jlgequipements.fr\/#website","url":"https:\/\/jlgequipements.fr\/","name":"JLG \u00c9quipements collectivit\u00e9","description":"Le partenaire des communes","publisher":{"@id":"https:\/\/jlgequipements.fr\/#organization"},"potentialAction":[{"@type":"SearchAction","target":{"@type":"EntryPoint","urlTemplate":"https:\/\/jlgequipements.fr\/?s={search_term_string}"},"query-input":{"@type":"PropertyValueSpecification","valueRequired":true,"valueName":"search_term_string"}}],"inLanguage":"fr-FR"},{"@type":"Organization","@id":"https:\/\/jlgequipements.fr\/#organization","name":"JLG \u00c9quipements collectivit\u00e9","url":"https:\/\/jlgequipements.fr\/","logo":{"@type":"ImageObject","inLanguage":"fr-FR","@id":"https:\/\/jlgequipements.fr\/#\/schema\/logo\/image\/","url":"https:\/\/jlgequipements.fr\/wp-content\/uploads\/2024\/01\/JLG_LOGO_VECTO.png","contentUrl":"https:\/\/jlgequipements.fr\/wp-content\/uploads\/2024\/01\/JLG_LOGO_VECTO.png","width":3293,"height":3292,"caption":"JLG \u00c9quipements collectivit\u00e9"},"image":{"@id":"https:\/\/jlgequipements.fr\/#\/schema\/logo\/image\/"}}]}},"_links":{"self":[{"href":"https:\/\/jlgequipements.fr\/index.php\/wp-json\/wp\/v2\/product\/8140","targetHints":{"allow":["GET"]}}],"collection":[{"href":"https:\/\/jlgequipements.fr\/index.php\/wp-json\/wp\/v2\/product"}],"about":[{"href":"https:\/\/jlgequipements.fr\/index.php\/wp-json\/wp\/v2\/types\/product"}],"replies":[{"embeddable":true,"href":"https:\/\/jlgequipements.fr\/index.php\/wp-json\/wp\/v2\/comments?post=8140"}],"version-history":[{"count":4,"href":"https:\/\/jlgequipements.fr\/index.php\/wp-json\/wp\/v2\/product\/8140\/revisions"}],"predecessor-version":[{"id":12028,"href":"https:\/\/jlgequipements.fr\/index.php\/wp-json\/wp\/v2\/product\/8140\/revisions\/12028"}],"wp:featuredmedia":[{"embeddable":true,"href":"https:\/\/jlgequipements.fr\/index.php\/wp-json\/wp\/v2\/media\/10119"}],"wp:attachment":[{"href":"https:\/\/jlgequipements.fr\/index.php\/wp-json\/wp\/v2\/media?parent=8140"}],"wp:term":[{"taxonomy":"product_brand","embeddable":true,"href":"https:\/\/jlgequipements.fr\/index.php\/wp-json\/wp\/v2\/product_brand?post=8140"},{"taxonomy":"product_cat","embeddable":true,"href":"https:\/\/jlgequipements.fr\/index.php\/wp-json\/wp\/v2\/product_cat?post=8140"},{"taxonomy":"product_tag","embeddable":true,"href":"https:\/\/jlgequipements.fr\/index.php\/wp-json\/wp\/v2\/product_tag?post=8140"}],"curies":[{"name":"wp","href":"https:\/\/api.w.org\/{rel}","templated":true}]}}