{"id":8039,"date":"2024-02-27T10:40:27","date_gmt":"2024-02-27T09:40:27","guid":{"rendered":"https:\/\/www.jlg.nicolas-briche.fr\/index.php\/produit\/pavillon-de-region-et-de-province-120x180\/"},"modified":"2024-03-13T10:00:28","modified_gmt":"2024-03-13T09:00:28","slug":"pavillon-de-region-et-de-province-120x180","status":"publish","type":"product","link":"https:\/\/jlgequipements.fr\/index.php\/produit\/pavillon-de-region-et-de-province-120x180\/","title":{"rendered":"PAVILLONS PROVINCES &#038; R\u00c9GION"},"content":{"rendered":"<ul>\n<li>Pavillons Provinces &amp; R\u00e9gions<\/li>\n<li>Maille polyester 115 gr<\/li>\n<\/ul>\n<p>Format disponible :<\/p>\n<ul>\n<li>40 x 60 cm<\/li>\n<li>\u00a050 x 75 cm<\/li>\n<li>60 x 90 cm<\/li>\n<li>80 x 120 cm<\/li>\n<li>100 x 150 cm<\/li>\n<li>120 x 180 cm<\/li>\n<li>150 x 225 cm<\/li>\n<li>200 x 300 cm<\/li>\n<\/ul>\n","protected":false},"excerpt":{"rendered":"<p>Pavillons Provinces &amp; R\u00e9gions Maille polyester 115 gr Format disponible : 40 x 60 cm \u00a050 x 75 cm 60 x 90 cm 80 x 120 cm 100 x 150 cm 120 x 180 cm 150 x 225 cm 200 x 300 cm<\/p>\n","protected":false},"featured_media":10250,"comment_status":"closed","ping_status":"closed","template":"","meta":[],"product_brand":[],"product_cat":[211,214],"product_tag":[],"class_list":{"0":"post-8039","1":"product","2":"type-product","3":"status-publish","4":"has-post-thumbnail","6":"product_cat-pavoisement","7":"product_cat-provinces-et-regions","9":"first","10":"instock","11":"shipping-taxable","12":"product-type-simple"},"yoast_head":"<!-- This site is optimized with the Yoast SEO plugin v27.1.1 - https:\/\/yoast.com\/product\/yoast-seo-wordpress\/ -->\n<title>PAVILLONS PROVINCES &amp; R\u00c9GION - JLG \u00c9quipements Collectivit\u00e9s<\/title>\n<meta name=\"robots\" content=\"index, follow, max-snippet:-1, max-image-preview:large, max-video-preview:-1\" \/>\n<link rel=\"canonical\" href=\"https:\/\/jlgequipements.fr\/index.php\/produit\/pavillon-de-region-et-de-province-120x180\/\" \/>\n<meta property=\"og:locale\" content=\"fr_FR\" \/>\n<meta property=\"og:type\" content=\"article\" \/>\n<meta property=\"og:title\" content=\"PAVILLONS PROVINCES &amp; R\u00c9GION - JLG \u00c9quipements Collectivit\u00e9s\" \/>\n<meta property=\"og:description\" content=\"Pavillons Provinces &amp; R\u00e9gions Maille polyester 115 gr Format disponible : 40 x 60 cm \u00a050 x 75 cm 60 x 90 cm 80 x 120 cm 100 x 150 cm 120 x 180 cm 150 x 225 cm 200 x 300 cm\" \/>\n<meta property=\"og:url\" content=\"https:\/\/jlgequipements.fr\/index.php\/produit\/pavillon-de-region-et-de-province-120x180\/\" \/>\n<meta property=\"og:site_name\" content=\"JLG \u00c9quipements Collectivit\u00e9s\" \/>\n<meta property=\"article:modified_time\" content=\"2024-03-13T09:00:28+00:00\" \/>\n<meta property=\"og:image\" content=\"https:\/\/jlgequipements.fr\/wp-content\/uploads\/2024\/02\/PAVILLON_PROVINCE_REGION.jpg\" \/>\n\t<meta property=\"og:image:width\" content=\"1524\" \/>\n\t<meta property=\"og:image:height\" content=\"2013\" \/>\n\t<meta property=\"og:image:type\" content=\"image\/jpeg\" \/>\n<meta name=\"twitter:card\" content=\"summary_large_image\" \/>\n<script type=\"application\/ld+json\" class=\"yoast-schema-graph\">{\"@context\":\"https:\/\/schema.org\",\"@graph\":[{\"@type\":\"WebPage\",\"@id\":\"https:\/\/jlgequipements.fr\/index.php\/produit\/pavillon-de-region-et-de-province-120x180\/\",\"url\":\"https:\/\/jlgequipements.fr\/index.php\/produit\/pavillon-de-region-et-de-province-120x180\/\",\"name\":\"PAVILLONS PROVINCES & R\u00c9GION - JLG \u00c9quipements Collectivit\u00e9s\",\"isPartOf\":{\"@id\":\"https:\/\/jlgequipements.fr\/#website\"},\"primaryImageOfPage\":{\"@id\":\"https:\/\/jlgequipements.fr\/index.php\/produit\/pavillon-de-region-et-de-province-120x180\/#primaryimage\"},\"image\":{\"@id\":\"https:\/\/jlgequipements.fr\/index.php\/produit\/pavillon-de-region-et-de-province-120x180\/#primaryimage\"},\"thumbnailUrl\":\"https:\/\/jlgequipements.fr\/wp-content\/uploads\/2024\/02\/PAVILLON_PROVINCE_REGION.jpg\",\"datePublished\":\"2024-02-27T09:40:27+00:00\",\"dateModified\":\"2024-03-13T09:00:28+00:00\",\"breadcrumb\":{\"@id\":\"https:\/\/jlgequipements.fr\/index.php\/produit\/pavillon-de-region-et-de-province-120x180\/#breadcrumb\"},\"inLanguage\":\"fr-FR\",\"potentialAction\":[{\"@type\":\"ReadAction\",\"target\":[\"https:\/\/jlgequipements.fr\/index.php\/produit\/pavillon-de-region-et-de-province-120x180\/\"]}]},{\"@type\":\"ImageObject\",\"inLanguage\":\"fr-FR\",\"@id\":\"https:\/\/jlgequipements.fr\/index.php\/produit\/pavillon-de-region-et-de-province-120x180\/#primaryimage\",\"url\":\"https:\/\/jlgequipements.fr\/wp-content\/uploads\/2024\/02\/PAVILLON_PROVINCE_REGION.jpg\",\"contentUrl\":\"https:\/\/jlgequipements.fr\/wp-content\/uploads\/2024\/02\/PAVILLON_PROVINCE_REGION.jpg\",\"width\":1524,\"height\":2013,\"caption\":\"pavillon_province_region\"},{\"@type\":\"BreadcrumbList\",\"@id\":\"https:\/\/jlgequipements.fr\/index.php\/produit\/pavillon-de-region-et-de-province-120x180\/#breadcrumb\",\"itemListElement\":[{\"@type\":\"ListItem\",\"position\":1,\"name\":\"Accueil\",\"item\":\"https:\/\/jlgequipements.fr\/\"},{\"@type\":\"ListItem\",\"position\":2,\"name\":\"Boutique\",\"item\":\"https:\/\/jlgequipements.fr\/index.php\/boutique\/\"},{\"@type\":\"ListItem\",\"position\":3,\"name\":\"PAVILLONS PROVINCES &#038; R\u00c9GION\"}]},{\"@type\":\"WebSite\",\"@id\":\"https:\/\/jlgequipements.fr\/#website\",\"url\":\"https:\/\/jlgequipements.fr\/\",\"name\":\"JLG \u00c9quipements collectivit\u00e9\",\"description\":\"Le partenaire des communes\",\"publisher\":{\"@id\":\"https:\/\/jlgequipements.fr\/#organization\"},\"potentialAction\":[{\"@type\":\"SearchAction\",\"target\":{\"@type\":\"EntryPoint\",\"urlTemplate\":\"https:\/\/jlgequipements.fr\/?s={search_term_string}\"},\"query-input\":{\"@type\":\"PropertyValueSpecification\",\"valueRequired\":true,\"valueName\":\"search_term_string\"}}],\"inLanguage\":\"fr-FR\"},{\"@type\":\"Organization\",\"@id\":\"https:\/\/jlgequipements.fr\/#organization\",\"name\":\"JLG \u00c9quipements collectivit\u00e9\",\"url\":\"https:\/\/jlgequipements.fr\/\",\"logo\":{\"@type\":\"ImageObject\",\"inLanguage\":\"fr-FR\",\"@id\":\"https:\/\/jlgequipements.fr\/#\/schema\/logo\/image\/\",\"url\":\"https:\/\/jlgequipements.fr\/wp-content\/uploads\/2024\/01\/JLG_LOGO_VECTO.png\",\"contentUrl\":\"https:\/\/jlgequipements.fr\/wp-content\/uploads\/2024\/01\/JLG_LOGO_VECTO.png\",\"width\":3293,\"height\":3292,\"caption\":\"JLG \u00c9quipements collectivit\u00e9\"},\"image\":{\"@id\":\"https:\/\/jlgequipements.fr\/#\/schema\/logo\/image\/\"}}]}<\/script>\n<!-- \/ Yoast SEO plugin. -->","yoast_head_json":{"title":"PAVILLONS PROVINCES & R\u00c9GION - JLG \u00c9quipements Collectivit\u00e9s","robots":{"index":"index","follow":"follow","max-snippet":"max-snippet:-1","max-image-preview":"max-image-preview:large","max-video-preview":"max-video-preview:-1"},"canonical":"https:\/\/jlgequipements.fr\/index.php\/produit\/pavillon-de-region-et-de-province-120x180\/","og_locale":"fr_FR","og_type":"article","og_title":"PAVILLONS PROVINCES & R\u00c9GION - JLG \u00c9quipements Collectivit\u00e9s","og_description":"Pavillons Provinces &amp; R\u00e9gions Maille polyester 115 gr Format disponible : 40 x 60 cm \u00a050 x 75 cm 60 x 90 cm 80 x 120 cm 100 x 150 cm 120 x 180 cm 150 x 225 cm 200 x 300 cm","og_url":"https:\/\/jlgequipements.fr\/index.php\/produit\/pavillon-de-region-et-de-province-120x180\/","og_site_name":"JLG \u00c9quipements Collectivit\u00e9s","article_modified_time":"2024-03-13T09:00:28+00:00","og_image":[{"width":1524,"height":2013,"url":"https:\/\/jlgequipements.fr\/wp-content\/uploads\/2024\/02\/PAVILLON_PROVINCE_REGION.jpg","type":"image\/jpeg"}],"twitter_card":"summary_large_image","schema":{"@context":"https:\/\/schema.org","@graph":[{"@type":"WebPage","@id":"https:\/\/jlgequipements.fr\/index.php\/produit\/pavillon-de-region-et-de-province-120x180\/","url":"https:\/\/jlgequipements.fr\/index.php\/produit\/pavillon-de-region-et-de-province-120x180\/","name":"PAVILLONS PROVINCES & R\u00c9GION - JLG \u00c9quipements Collectivit\u00e9s","isPartOf":{"@id":"https:\/\/jlgequipements.fr\/#website"},"primaryImageOfPage":{"@id":"https:\/\/jlgequipements.fr\/index.php\/produit\/pavillon-de-region-et-de-province-120x180\/#primaryimage"},"image":{"@id":"https:\/\/jlgequipements.fr\/index.php\/produit\/pavillon-de-region-et-de-province-120x180\/#primaryimage"},"thumbnailUrl":"https:\/\/jlgequipements.fr\/wp-content\/uploads\/2024\/02\/PAVILLON_PROVINCE_REGION.jpg","datePublished":"2024-02-27T09:40:27+00:00","dateModified":"2024-03-13T09:00:28+00:00","breadcrumb":{"@id":"https:\/\/jlgequipements.fr\/index.php\/produit\/pavillon-de-region-et-de-province-120x180\/#breadcrumb"},"inLanguage":"fr-FR","potentialAction":[{"@type":"ReadAction","target":["https:\/\/jlgequipements.fr\/index.php\/produit\/pavillon-de-region-et-de-province-120x180\/"]}]},{"@type":"ImageObject","inLanguage":"fr-FR","@id":"https:\/\/jlgequipements.fr\/index.php\/produit\/pavillon-de-region-et-de-province-120x180\/#primaryimage","url":"https:\/\/jlgequipements.fr\/wp-content\/uploads\/2024\/02\/PAVILLON_PROVINCE_REGION.jpg","contentUrl":"https:\/\/jlgequipements.fr\/wp-content\/uploads\/2024\/02\/PAVILLON_PROVINCE_REGION.jpg","width":1524,"height":2013,"caption":"pavillon_province_region"},{"@type":"BreadcrumbList","@id":"https:\/\/jlgequipements.fr\/index.php\/produit\/pavillon-de-region-et-de-province-120x180\/#breadcrumb","itemListElement":[{"@type":"ListItem","position":1,"name":"Accueil","item":"https:\/\/jlgequipements.fr\/"},{"@type":"ListItem","position":2,"name":"Boutique","item":"https:\/\/jlgequipements.fr\/index.php\/boutique\/"},{"@type":"ListItem","position":3,"name":"PAVILLONS PROVINCES &#038; R\u00c9GION"}]},{"@type":"WebSite","@id":"https:\/\/jlgequipements.fr\/#website","url":"https:\/\/jlgequipements.fr\/","name":"JLG \u00c9quipements collectivit\u00e9","description":"Le partenaire des communes","publisher":{"@id":"https:\/\/jlgequipements.fr\/#organization"},"potentialAction":[{"@type":"SearchAction","target":{"@type":"EntryPoint","urlTemplate":"https:\/\/jlgequipements.fr\/?s={search_term_string}"},"query-input":{"@type":"PropertyValueSpecification","valueRequired":true,"valueName":"search_term_string"}}],"inLanguage":"fr-FR"},{"@type":"Organization","@id":"https:\/\/jlgequipements.fr\/#organization","name":"JLG \u00c9quipements collectivit\u00e9","url":"https:\/\/jlgequipements.fr\/","logo":{"@type":"ImageObject","inLanguage":"fr-FR","@id":"https:\/\/jlgequipements.fr\/#\/schema\/logo\/image\/","url":"https:\/\/jlgequipements.fr\/wp-content\/uploads\/2024\/01\/JLG_LOGO_VECTO.png","contentUrl":"https:\/\/jlgequipements.fr\/wp-content\/uploads\/2024\/01\/JLG_LOGO_VECTO.png","width":3293,"height":3292,"caption":"JLG \u00c9quipements collectivit\u00e9"},"image":{"@id":"https:\/\/jlgequipements.fr\/#\/schema\/logo\/image\/"}}]}},"_links":{"self":[{"href":"https:\/\/jlgequipements.fr\/index.php\/wp-json\/wp\/v2\/product\/8039","targetHints":{"allow":["GET"]}}],"collection":[{"href":"https:\/\/jlgequipements.fr\/index.php\/wp-json\/wp\/v2\/product"}],"about":[{"href":"https:\/\/jlgequipements.fr\/index.php\/wp-json\/wp\/v2\/types\/product"}],"replies":[{"embeddable":true,"href":"https:\/\/jlgequipements.fr\/index.php\/wp-json\/wp\/v2\/comments?post=8039"}],"version-history":[{"count":3,"href":"https:\/\/jlgequipements.fr\/index.php\/wp-json\/wp\/v2\/product\/8039\/revisions"}],"predecessor-version":[{"id":10254,"href":"https:\/\/jlgequipements.fr\/index.php\/wp-json\/wp\/v2\/product\/8039\/revisions\/10254"}],"wp:featuredmedia":[{"embeddable":true,"href":"https:\/\/jlgequipements.fr\/index.php\/wp-json\/wp\/v2\/media\/10250"}],"wp:attachment":[{"href":"https:\/\/jlgequipements.fr\/index.php\/wp-json\/wp\/v2\/media?parent=8039"}],"wp:term":[{"taxonomy":"product_brand","embeddable":true,"href":"https:\/\/jlgequipements.fr\/index.php\/wp-json\/wp\/v2\/product_brand?post=8039"},{"taxonomy":"product_cat","embeddable":true,"href":"https:\/\/jlgequipements.fr\/index.php\/wp-json\/wp\/v2\/product_cat?post=8039"},{"taxonomy":"product_tag","embeddable":true,"href":"https:\/\/jlgequipements.fr\/index.php\/wp-json\/wp\/v2\/product_tag?post=8039"}],"curies":[{"name":"wp","href":"https:\/\/api.w.org\/{rel}","templated":true}]}}