{"id":7996,"date":"2024-02-27T10:40:19","date_gmt":"2024-02-27T09:40:19","guid":{"rendered":"https:\/\/www.jlg.nicolas-briche.fr\/index.php\/produit\/kit-premium-loi-blanquer\/"},"modified":"2024-04-04T14:10:54","modified_gmt":"2024-04-04T12:10:54","slug":"kit-premium-loi-blanquer","status":"publish","type":"product","link":"https:\/\/jlgequipements.fr\/index.php\/produit\/kit-premium-loi-blanquer\/","title":{"rendered":"KIT PREMIUM LOI BLANQUER"},"content":{"rendered":"<ul>\n<li>Une plaque PVC imprim\u00e9e en 3 mm<\/li>\n<li>En format A3 \u00ab\u00a0La Marseillaise\u00a0\u00bb<\/li>\n<li>2 tasseaux<\/li>\n<li>4 vis<\/li>\n<li>4 cache vis<\/li>\n<li>1 drapeau fran\u00e7ais 40 x 60 cm<\/li>\n<li>1 drapeau europ\u00e9en 40 x 60 cm<\/li>\n<li>1 notice de montage<\/li>\n<\/ul>\n","protected":false},"excerpt":{"rendered":"<p>Une plaque PVC imprim\u00e9e en 3 mm En format A3 \u00ab\u00a0La Marseillaise\u00a0\u00bb 2 tasseaux 4 vis 4 cache vis 1 drapeau fran\u00e7ais 40 x 60 cm 1 drapeau europ\u00e9en 40 x 60 cm 1 notice de montage<\/p>\n","protected":false},"featured_media":10776,"comment_status":"closed","ping_status":"closed","template":"","meta":[],"product_brand":[],"product_cat":[298,211],"product_tag":[],"class_list":{"0":"post-7996","1":"product","2":"type-product","3":"status-publish","4":"has-post-thumbnail","6":"product_cat-anciens-combattants","7":"product_cat-pavoisement","9":"first","10":"instock","11":"shipping-taxable","12":"product-type-simple"},"yoast_head":"<!-- This site is optimized with the Yoast SEO plugin v27.1.1 - https:\/\/yoast.com\/product\/yoast-seo-wordpress\/ -->\n<title>KIT PREMIUM LOI BLANQUER - JLG \u00c9quipements Collectivit\u00e9s<\/title>\n<meta name=\"robots\" content=\"index, follow, max-snippet:-1, max-image-preview:large, max-video-preview:-1\" \/>\n<link rel=\"canonical\" href=\"https:\/\/jlgequipements.fr\/index.php\/produit\/kit-premium-loi-blanquer\/\" \/>\n<meta property=\"og:locale\" content=\"fr_FR\" \/>\n<meta property=\"og:type\" content=\"article\" \/>\n<meta property=\"og:title\" content=\"KIT PREMIUM LOI BLANQUER - JLG \u00c9quipements Collectivit\u00e9s\" \/>\n<meta property=\"og:description\" content=\"Une plaque PVC imprim\u00e9e en 3 mm En format A3 \u00ab\u00a0La Marseillaise\u00a0\u00bb 2 tasseaux 4 vis 4 cache vis 1 drapeau fran\u00e7ais 40 x 60 cm 1 drapeau europ\u00e9en 40 x 60 cm 1 notice de montage\" \/>\n<meta property=\"og:url\" content=\"https:\/\/jlgequipements.fr\/index.php\/produit\/kit-premium-loi-blanquer\/\" \/>\n<meta property=\"og:site_name\" content=\"JLG \u00c9quipements Collectivit\u00e9s\" \/>\n<meta property=\"article:modified_time\" content=\"2024-04-04T12:10:54+00:00\" \/>\n<meta property=\"og:image\" content=\"https:\/\/jlgequipements.fr\/wp-content\/uploads\/2024\/02\/Untitled-86.jpg\" \/>\n\t<meta property=\"og:image:width\" content=\"500\" \/>\n\t<meta property=\"og:image:height\" content=\"500\" \/>\n\t<meta property=\"og:image:type\" content=\"image\/jpeg\" \/>\n<meta name=\"twitter:card\" content=\"summary_large_image\" \/>\n<script type=\"application\/ld+json\" class=\"yoast-schema-graph\">{\"@context\":\"https:\/\/schema.org\",\"@graph\":[{\"@type\":\"WebPage\",\"@id\":\"https:\/\/jlgequipements.fr\/index.php\/produit\/kit-premium-loi-blanquer\/\",\"url\":\"https:\/\/jlgequipements.fr\/index.php\/produit\/kit-premium-loi-blanquer\/\",\"name\":\"KIT PREMIUM LOI BLANQUER - JLG \u00c9quipements Collectivit\u00e9s\",\"isPartOf\":{\"@id\":\"https:\/\/jlgequipements.fr\/#website\"},\"primaryImageOfPage\":{\"@id\":\"https:\/\/jlgequipements.fr\/index.php\/produit\/kit-premium-loi-blanquer\/#primaryimage\"},\"image\":{\"@id\":\"https:\/\/jlgequipements.fr\/index.php\/produit\/kit-premium-loi-blanquer\/#primaryimage\"},\"thumbnailUrl\":\"https:\/\/jlgequipements.fr\/wp-content\/uploads\/2024\/02\/Untitled-86.jpg\",\"datePublished\":\"2024-02-27T09:40:19+00:00\",\"dateModified\":\"2024-04-04T12:10:54+00:00\",\"breadcrumb\":{\"@id\":\"https:\/\/jlgequipements.fr\/index.php\/produit\/kit-premium-loi-blanquer\/#breadcrumb\"},\"inLanguage\":\"fr-FR\",\"potentialAction\":[{\"@type\":\"ReadAction\",\"target\":[\"https:\/\/jlgequipements.fr\/index.php\/produit\/kit-premium-loi-blanquer\/\"]}]},{\"@type\":\"ImageObject\",\"inLanguage\":\"fr-FR\",\"@id\":\"https:\/\/jlgequipements.fr\/index.php\/produit\/kit-premium-loi-blanquer\/#primaryimage\",\"url\":\"https:\/\/jlgequipements.fr\/wp-content\/uploads\/2024\/02\/Untitled-86.jpg\",\"contentUrl\":\"https:\/\/jlgequipements.fr\/wp-content\/uploads\/2024\/02\/Untitled-86.jpg\",\"width\":500,\"height\":500,\"caption\":\"Kit premium loi Blanquer\"},{\"@type\":\"BreadcrumbList\",\"@id\":\"https:\/\/jlgequipements.fr\/index.php\/produit\/kit-premium-loi-blanquer\/#breadcrumb\",\"itemListElement\":[{\"@type\":\"ListItem\",\"position\":1,\"name\":\"Accueil\",\"item\":\"https:\/\/jlgequipements.fr\/\"},{\"@type\":\"ListItem\",\"position\":2,\"name\":\"Boutique\",\"item\":\"https:\/\/jlgequipements.fr\/index.php\/boutique\/\"},{\"@type\":\"ListItem\",\"position\":3,\"name\":\"KIT PREMIUM LOI BLANQUER\"}]},{\"@type\":\"WebSite\",\"@id\":\"https:\/\/jlgequipements.fr\/#website\",\"url\":\"https:\/\/jlgequipements.fr\/\",\"name\":\"JLG \u00c9quipements collectivit\u00e9\",\"description\":\"Le partenaire des communes\",\"publisher\":{\"@id\":\"https:\/\/jlgequipements.fr\/#organization\"},\"potentialAction\":[{\"@type\":\"SearchAction\",\"target\":{\"@type\":\"EntryPoint\",\"urlTemplate\":\"https:\/\/jlgequipements.fr\/?s={search_term_string}\"},\"query-input\":{\"@type\":\"PropertyValueSpecification\",\"valueRequired\":true,\"valueName\":\"search_term_string\"}}],\"inLanguage\":\"fr-FR\"},{\"@type\":\"Organization\",\"@id\":\"https:\/\/jlgequipements.fr\/#organization\",\"name\":\"JLG \u00c9quipements collectivit\u00e9\",\"url\":\"https:\/\/jlgequipements.fr\/\",\"logo\":{\"@type\":\"ImageObject\",\"inLanguage\":\"fr-FR\",\"@id\":\"https:\/\/jlgequipements.fr\/#\/schema\/logo\/image\/\",\"url\":\"https:\/\/jlgequipements.fr\/wp-content\/uploads\/2024\/01\/JLG_LOGO_VECTO.png\",\"contentUrl\":\"https:\/\/jlgequipements.fr\/wp-content\/uploads\/2024\/01\/JLG_LOGO_VECTO.png\",\"width\":3293,\"height\":3292,\"caption\":\"JLG \u00c9quipements collectivit\u00e9\"},\"image\":{\"@id\":\"https:\/\/jlgequipements.fr\/#\/schema\/logo\/image\/\"}}]}<\/script>\n<!-- \/ Yoast SEO plugin. -->","yoast_head_json":{"title":"KIT PREMIUM LOI BLANQUER - JLG \u00c9quipements Collectivit\u00e9s","robots":{"index":"index","follow":"follow","max-snippet":"max-snippet:-1","max-image-preview":"max-image-preview:large","max-video-preview":"max-video-preview:-1"},"canonical":"https:\/\/jlgequipements.fr\/index.php\/produit\/kit-premium-loi-blanquer\/","og_locale":"fr_FR","og_type":"article","og_title":"KIT PREMIUM LOI BLANQUER - JLG \u00c9quipements Collectivit\u00e9s","og_description":"Une plaque PVC imprim\u00e9e en 3 mm En format A3 \u00ab\u00a0La Marseillaise\u00a0\u00bb 2 tasseaux 4 vis 4 cache vis 1 drapeau fran\u00e7ais 40 x 60 cm 1 drapeau europ\u00e9en 40 x 60 cm 1 notice de montage","og_url":"https:\/\/jlgequipements.fr\/index.php\/produit\/kit-premium-loi-blanquer\/","og_site_name":"JLG \u00c9quipements Collectivit\u00e9s","article_modified_time":"2024-04-04T12:10:54+00:00","og_image":[{"width":500,"height":500,"url":"https:\/\/jlgequipements.fr\/wp-content\/uploads\/2024\/02\/Untitled-86.jpg","type":"image\/jpeg"}],"twitter_card":"summary_large_image","schema":{"@context":"https:\/\/schema.org","@graph":[{"@type":"WebPage","@id":"https:\/\/jlgequipements.fr\/index.php\/produit\/kit-premium-loi-blanquer\/","url":"https:\/\/jlgequipements.fr\/index.php\/produit\/kit-premium-loi-blanquer\/","name":"KIT PREMIUM LOI BLANQUER - JLG \u00c9quipements Collectivit\u00e9s","isPartOf":{"@id":"https:\/\/jlgequipements.fr\/#website"},"primaryImageOfPage":{"@id":"https:\/\/jlgequipements.fr\/index.php\/produit\/kit-premium-loi-blanquer\/#primaryimage"},"image":{"@id":"https:\/\/jlgequipements.fr\/index.php\/produit\/kit-premium-loi-blanquer\/#primaryimage"},"thumbnailUrl":"https:\/\/jlgequipements.fr\/wp-content\/uploads\/2024\/02\/Untitled-86.jpg","datePublished":"2024-02-27T09:40:19+00:00","dateModified":"2024-04-04T12:10:54+00:00","breadcrumb":{"@id":"https:\/\/jlgequipements.fr\/index.php\/produit\/kit-premium-loi-blanquer\/#breadcrumb"},"inLanguage":"fr-FR","potentialAction":[{"@type":"ReadAction","target":["https:\/\/jlgequipements.fr\/index.php\/produit\/kit-premium-loi-blanquer\/"]}]},{"@type":"ImageObject","inLanguage":"fr-FR","@id":"https:\/\/jlgequipements.fr\/index.php\/produit\/kit-premium-loi-blanquer\/#primaryimage","url":"https:\/\/jlgequipements.fr\/wp-content\/uploads\/2024\/02\/Untitled-86.jpg","contentUrl":"https:\/\/jlgequipements.fr\/wp-content\/uploads\/2024\/02\/Untitled-86.jpg","width":500,"height":500,"caption":"Kit premium loi Blanquer"},{"@type":"BreadcrumbList","@id":"https:\/\/jlgequipements.fr\/index.php\/produit\/kit-premium-loi-blanquer\/#breadcrumb","itemListElement":[{"@type":"ListItem","position":1,"name":"Accueil","item":"https:\/\/jlgequipements.fr\/"},{"@type":"ListItem","position":2,"name":"Boutique","item":"https:\/\/jlgequipements.fr\/index.php\/boutique\/"},{"@type":"ListItem","position":3,"name":"KIT PREMIUM LOI BLANQUER"}]},{"@type":"WebSite","@id":"https:\/\/jlgequipements.fr\/#website","url":"https:\/\/jlgequipements.fr\/","name":"JLG \u00c9quipements collectivit\u00e9","description":"Le partenaire des communes","publisher":{"@id":"https:\/\/jlgequipements.fr\/#organization"},"potentialAction":[{"@type":"SearchAction","target":{"@type":"EntryPoint","urlTemplate":"https:\/\/jlgequipements.fr\/?s={search_term_string}"},"query-input":{"@type":"PropertyValueSpecification","valueRequired":true,"valueName":"search_term_string"}}],"inLanguage":"fr-FR"},{"@type":"Organization","@id":"https:\/\/jlgequipements.fr\/#organization","name":"JLG \u00c9quipements collectivit\u00e9","url":"https:\/\/jlgequipements.fr\/","logo":{"@type":"ImageObject","inLanguage":"fr-FR","@id":"https:\/\/jlgequipements.fr\/#\/schema\/logo\/image\/","url":"https:\/\/jlgequipements.fr\/wp-content\/uploads\/2024\/01\/JLG_LOGO_VECTO.png","contentUrl":"https:\/\/jlgequipements.fr\/wp-content\/uploads\/2024\/01\/JLG_LOGO_VECTO.png","width":3293,"height":3292,"caption":"JLG \u00c9quipements collectivit\u00e9"},"image":{"@id":"https:\/\/jlgequipements.fr\/#\/schema\/logo\/image\/"}}]}},"_links":{"self":[{"href":"https:\/\/jlgequipements.fr\/index.php\/wp-json\/wp\/v2\/product\/7996","targetHints":{"allow":["GET"]}}],"collection":[{"href":"https:\/\/jlgequipements.fr\/index.php\/wp-json\/wp\/v2\/product"}],"about":[{"href":"https:\/\/jlgequipements.fr\/index.php\/wp-json\/wp\/v2\/types\/product"}],"replies":[{"embeddable":true,"href":"https:\/\/jlgequipements.fr\/index.php\/wp-json\/wp\/v2\/comments?post=7996"}],"version-history":[{"count":2,"href":"https:\/\/jlgequipements.fr\/index.php\/wp-json\/wp\/v2\/product\/7996\/revisions"}],"predecessor-version":[{"id":10778,"href":"https:\/\/jlgequipements.fr\/index.php\/wp-json\/wp\/v2\/product\/7996\/revisions\/10778"}],"wp:featuredmedia":[{"embeddable":true,"href":"https:\/\/jlgequipements.fr\/index.php\/wp-json\/wp\/v2\/media\/10776"}],"wp:attachment":[{"href":"https:\/\/jlgequipements.fr\/index.php\/wp-json\/wp\/v2\/media?parent=7996"}],"wp:term":[{"taxonomy":"product_brand","embeddable":true,"href":"https:\/\/jlgequipements.fr\/index.php\/wp-json\/wp\/v2\/product_brand?post=7996"},{"taxonomy":"product_cat","embeddable":true,"href":"https:\/\/jlgequipements.fr\/index.php\/wp-json\/wp\/v2\/product_cat?post=7996"},{"taxonomy":"product_tag","embeddable":true,"href":"https:\/\/jlgequipements.fr\/index.php\/wp-json\/wp\/v2\/product_tag?post=7996"}],"curies":[{"name":"wp","href":"https:\/\/api.w.org\/{rel}","templated":true}]}}