{"id":7834,"date":"2024-02-27T10:39:46","date_gmt":"2024-02-27T09:39:46","guid":{"rendered":"https:\/\/www.jlg.nicolas-briche.fr\/index.php\/produit\/registre-davis-de-mention-changement-de-nom\/"},"modified":"2024-03-29T14:41:05","modified_gmt":"2024-03-29T13:41:05","slug":"registre-davis-de-mention-changement-de-nom","status":"publish","type":"product","link":"https:\/\/jlgequipements.fr\/index.php\/produit\/registre-davis-de-mention-changement-de-nom\/","title":{"rendered":"REGISTRE D&rsquo;AVIS DE MENTION CHANGEMENT DE NOM"},"content":{"rendered":"<ul>\n<li class=\"p1\">Pour mariage, pacs, d\u00e9c\u00e8s, divorce,<span class=\"Apple-converted-space\">\u00a0<\/span>s\u00e9paration de corps, acte de notori\u00e9t\u00e9.<\/li>\n<li class=\"p1\">Carnet de 50 duplicatas.<\/li>\n<li class=\"p1\">Impression recto verso sur papier autocopiant.<\/li>\n<li class=\"p1\">1<span class=\"s1\">er<\/span> feuillet blanc d\u00e9tachable avec r\u00e9c\u00e9piss\u00e9 d\u2019avis de mention.<\/li>\n<li class=\"p1\">Nouveau pour changement de nom.<\/li>\n<li class=\"p1\">Liasse de 25 en duplicata.<\/li>\n<li>Format 21 x 29,7 cm<\/li>\n<\/ul>\n","protected":false},"excerpt":{"rendered":"<p>Pour mariage, pacs, d\u00e9c\u00e8s, divorce,\u00a0s\u00e9paration de corps, acte de notori\u00e9t\u00e9. Carnet de 50 duplicatas. Impression recto verso sur papier autocopiant. 1er feuillet blanc d\u00e9tachable avec r\u00e9c\u00e9piss\u00e9 d\u2019avis de mention. Nouveau pour changement de nom. Liasse de 25 en duplicata. Format 21 x 29,7 cm<\/p>\n","protected":false},"featured_media":11990,"comment_status":"closed","ping_status":"closed","template":"","meta":[],"product_brand":[],"product_cat":[287,198],"product_tag":[],"class_list":{"0":"post-7834","1":"product","2":"type-product","3":"status-publish","4":"has-post-thumbnail","6":"product_cat-mariage","7":"product_cat-etat-civil","9":"first","10":"instock","11":"shipping-taxable","12":"product-type-simple"},"yoast_head":"<!-- This site is optimized with the Yoast SEO plugin v27.1.1 - https:\/\/yoast.com\/product\/yoast-seo-wordpress\/ -->\n<title>REGISTRE D&#039;AVIS DE MENTION CHANGEMENT DE NOM - JLG \u00c9quipements Collectivit\u00e9s<\/title>\n<meta name=\"robots\" content=\"index, follow, max-snippet:-1, max-image-preview:large, max-video-preview:-1\" \/>\n<link rel=\"canonical\" href=\"https:\/\/jlgequipements.fr\/index.php\/produit\/registre-davis-de-mention-changement-de-nom\/\" \/>\n<meta property=\"og:locale\" content=\"fr_FR\" \/>\n<meta property=\"og:type\" content=\"article\" \/>\n<meta property=\"og:title\" content=\"REGISTRE D&#039;AVIS DE MENTION CHANGEMENT DE NOM - JLG \u00c9quipements Collectivit\u00e9s\" \/>\n<meta property=\"og:description\" content=\"Pour mariage, pacs, d\u00e9c\u00e8s, divorce,\u00a0s\u00e9paration de corps, acte de notori\u00e9t\u00e9. Carnet de 50 duplicatas. Impression recto verso sur papier autocopiant. 1er feuillet blanc d\u00e9tachable avec r\u00e9c\u00e9piss\u00e9 d\u2019avis de mention. Nouveau pour changement de nom. Liasse de 25 en duplicata. Format 21 x 29,7 cm\" \/>\n<meta property=\"og:url\" content=\"https:\/\/jlgequipements.fr\/index.php\/produit\/registre-davis-de-mention-changement-de-nom\/\" \/>\n<meta property=\"og:site_name\" content=\"JLG \u00c9quipements Collectivit\u00e9s\" \/>\n<meta property=\"article:modified_time\" content=\"2024-03-29T13:41:05+00:00\" \/>\n<meta property=\"og:image\" content=\"https:\/\/jlgequipements.fr\/wp-content\/uploads\/2024\/02\/REGISTRE_AVIS_MENTION-724x1024.png\" \/>\n\t<meta property=\"og:image:width\" content=\"724\" \/>\n\t<meta property=\"og:image:height\" content=\"1024\" \/>\n\t<meta property=\"og:image:type\" content=\"image\/png\" \/>\n<meta name=\"twitter:card\" content=\"summary_large_image\" \/>\n<script type=\"application\/ld+json\" class=\"yoast-schema-graph\">{\"@context\":\"https:\/\/schema.org\",\"@graph\":[{\"@type\":\"WebPage\",\"@id\":\"https:\/\/jlgequipements.fr\/index.php\/produit\/registre-davis-de-mention-changement-de-nom\/\",\"url\":\"https:\/\/jlgequipements.fr\/index.php\/produit\/registre-davis-de-mention-changement-de-nom\/\",\"name\":\"REGISTRE D'AVIS DE MENTION CHANGEMENT DE NOM - JLG \u00c9quipements Collectivit\u00e9s\",\"isPartOf\":{\"@id\":\"https:\/\/jlgequipements.fr\/#website\"},\"primaryImageOfPage\":{\"@id\":\"https:\/\/jlgequipements.fr\/index.php\/produit\/registre-davis-de-mention-changement-de-nom\/#primaryimage\"},\"image\":{\"@id\":\"https:\/\/jlgequipements.fr\/index.php\/produit\/registre-davis-de-mention-changement-de-nom\/#primaryimage\"},\"thumbnailUrl\":\"https:\/\/jlgequipements.fr\/wp-content\/uploads\/2024\/02\/REGISTRE_AVIS_MENTION.png\",\"datePublished\":\"2024-02-27T09:39:46+00:00\",\"dateModified\":\"2024-03-29T13:41:05+00:00\",\"breadcrumb\":{\"@id\":\"https:\/\/jlgequipements.fr\/index.php\/produit\/registre-davis-de-mention-changement-de-nom\/#breadcrumb\"},\"inLanguage\":\"fr-FR\",\"potentialAction\":[{\"@type\":\"ReadAction\",\"target\":[\"https:\/\/jlgequipements.fr\/index.php\/produit\/registre-davis-de-mention-changement-de-nom\/\"]}]},{\"@type\":\"ImageObject\",\"inLanguage\":\"fr-FR\",\"@id\":\"https:\/\/jlgequipements.fr\/index.php\/produit\/registre-davis-de-mention-changement-de-nom\/#primaryimage\",\"url\":\"https:\/\/jlgequipements.fr\/wp-content\/uploads\/2024\/02\/REGISTRE_AVIS_MENTION.png\",\"contentUrl\":\"https:\/\/jlgequipements.fr\/wp-content\/uploads\/2024\/02\/REGISTRE_AVIS_MENTION.png\",\"width\":3520,\"height\":4981},{\"@type\":\"BreadcrumbList\",\"@id\":\"https:\/\/jlgequipements.fr\/index.php\/produit\/registre-davis-de-mention-changement-de-nom\/#breadcrumb\",\"itemListElement\":[{\"@type\":\"ListItem\",\"position\":1,\"name\":\"Accueil\",\"item\":\"https:\/\/jlgequipements.fr\/\"},{\"@type\":\"ListItem\",\"position\":2,\"name\":\"Boutique\",\"item\":\"https:\/\/jlgequipements.fr\/index.php\/boutique\/\"},{\"@type\":\"ListItem\",\"position\":3,\"name\":\"REGISTRE D&rsquo;AVIS DE MENTION CHANGEMENT DE NOM\"}]},{\"@type\":\"WebSite\",\"@id\":\"https:\/\/jlgequipements.fr\/#website\",\"url\":\"https:\/\/jlgequipements.fr\/\",\"name\":\"JLG \u00c9quipements collectivit\u00e9\",\"description\":\"Le partenaire des communes\",\"publisher\":{\"@id\":\"https:\/\/jlgequipements.fr\/#organization\"},\"potentialAction\":[{\"@type\":\"SearchAction\",\"target\":{\"@type\":\"EntryPoint\",\"urlTemplate\":\"https:\/\/jlgequipements.fr\/?s={search_term_string}\"},\"query-input\":{\"@type\":\"PropertyValueSpecification\",\"valueRequired\":true,\"valueName\":\"search_term_string\"}}],\"inLanguage\":\"fr-FR\"},{\"@type\":\"Organization\",\"@id\":\"https:\/\/jlgequipements.fr\/#organization\",\"name\":\"JLG \u00c9quipements collectivit\u00e9\",\"url\":\"https:\/\/jlgequipements.fr\/\",\"logo\":{\"@type\":\"ImageObject\",\"inLanguage\":\"fr-FR\",\"@id\":\"https:\/\/jlgequipements.fr\/#\/schema\/logo\/image\/\",\"url\":\"https:\/\/jlgequipements.fr\/wp-content\/uploads\/2024\/01\/JLG_LOGO_VECTO.png\",\"contentUrl\":\"https:\/\/jlgequipements.fr\/wp-content\/uploads\/2024\/01\/JLG_LOGO_VECTO.png\",\"width\":3293,\"height\":3292,\"caption\":\"JLG \u00c9quipements collectivit\u00e9\"},\"image\":{\"@id\":\"https:\/\/jlgequipements.fr\/#\/schema\/logo\/image\/\"}}]}<\/script>\n<!-- \/ Yoast SEO plugin. -->","yoast_head_json":{"title":"REGISTRE D'AVIS DE MENTION CHANGEMENT DE NOM - JLG \u00c9quipements Collectivit\u00e9s","robots":{"index":"index","follow":"follow","max-snippet":"max-snippet:-1","max-image-preview":"max-image-preview:large","max-video-preview":"max-video-preview:-1"},"canonical":"https:\/\/jlgequipements.fr\/index.php\/produit\/registre-davis-de-mention-changement-de-nom\/","og_locale":"fr_FR","og_type":"article","og_title":"REGISTRE D'AVIS DE MENTION CHANGEMENT DE NOM - JLG \u00c9quipements Collectivit\u00e9s","og_description":"Pour mariage, pacs, d\u00e9c\u00e8s, divorce,\u00a0s\u00e9paration de corps, acte de notori\u00e9t\u00e9. Carnet de 50 duplicatas. Impression recto verso sur papier autocopiant. 1er feuillet blanc d\u00e9tachable avec r\u00e9c\u00e9piss\u00e9 d\u2019avis de mention. Nouveau pour changement de nom. Liasse de 25 en duplicata. Format 21 x 29,7 cm","og_url":"https:\/\/jlgequipements.fr\/index.php\/produit\/registre-davis-de-mention-changement-de-nom\/","og_site_name":"JLG \u00c9quipements Collectivit\u00e9s","article_modified_time":"2024-03-29T13:41:05+00:00","og_image":[{"width":724,"height":1024,"url":"https:\/\/jlgequipements.fr\/wp-content\/uploads\/2024\/02\/REGISTRE_AVIS_MENTION-724x1024.png","type":"image\/png"}],"twitter_card":"summary_large_image","schema":{"@context":"https:\/\/schema.org","@graph":[{"@type":"WebPage","@id":"https:\/\/jlgequipements.fr\/index.php\/produit\/registre-davis-de-mention-changement-de-nom\/","url":"https:\/\/jlgequipements.fr\/index.php\/produit\/registre-davis-de-mention-changement-de-nom\/","name":"REGISTRE D'AVIS DE MENTION CHANGEMENT DE NOM - JLG \u00c9quipements Collectivit\u00e9s","isPartOf":{"@id":"https:\/\/jlgequipements.fr\/#website"},"primaryImageOfPage":{"@id":"https:\/\/jlgequipements.fr\/index.php\/produit\/registre-davis-de-mention-changement-de-nom\/#primaryimage"},"image":{"@id":"https:\/\/jlgequipements.fr\/index.php\/produit\/registre-davis-de-mention-changement-de-nom\/#primaryimage"},"thumbnailUrl":"https:\/\/jlgequipements.fr\/wp-content\/uploads\/2024\/02\/REGISTRE_AVIS_MENTION.png","datePublished":"2024-02-27T09:39:46+00:00","dateModified":"2024-03-29T13:41:05+00:00","breadcrumb":{"@id":"https:\/\/jlgequipements.fr\/index.php\/produit\/registre-davis-de-mention-changement-de-nom\/#breadcrumb"},"inLanguage":"fr-FR","potentialAction":[{"@type":"ReadAction","target":["https:\/\/jlgequipements.fr\/index.php\/produit\/registre-davis-de-mention-changement-de-nom\/"]}]},{"@type":"ImageObject","inLanguage":"fr-FR","@id":"https:\/\/jlgequipements.fr\/index.php\/produit\/registre-davis-de-mention-changement-de-nom\/#primaryimage","url":"https:\/\/jlgequipements.fr\/wp-content\/uploads\/2024\/02\/REGISTRE_AVIS_MENTION.png","contentUrl":"https:\/\/jlgequipements.fr\/wp-content\/uploads\/2024\/02\/REGISTRE_AVIS_MENTION.png","width":3520,"height":4981},{"@type":"BreadcrumbList","@id":"https:\/\/jlgequipements.fr\/index.php\/produit\/registre-davis-de-mention-changement-de-nom\/#breadcrumb","itemListElement":[{"@type":"ListItem","position":1,"name":"Accueil","item":"https:\/\/jlgequipements.fr\/"},{"@type":"ListItem","position":2,"name":"Boutique","item":"https:\/\/jlgequipements.fr\/index.php\/boutique\/"},{"@type":"ListItem","position":3,"name":"REGISTRE D&rsquo;AVIS DE MENTION CHANGEMENT DE NOM"}]},{"@type":"WebSite","@id":"https:\/\/jlgequipements.fr\/#website","url":"https:\/\/jlgequipements.fr\/","name":"JLG \u00c9quipements collectivit\u00e9","description":"Le partenaire des communes","publisher":{"@id":"https:\/\/jlgequipements.fr\/#organization"},"potentialAction":[{"@type":"SearchAction","target":{"@type":"EntryPoint","urlTemplate":"https:\/\/jlgequipements.fr\/?s={search_term_string}"},"query-input":{"@type":"PropertyValueSpecification","valueRequired":true,"valueName":"search_term_string"}}],"inLanguage":"fr-FR"},{"@type":"Organization","@id":"https:\/\/jlgequipements.fr\/#organization","name":"JLG \u00c9quipements collectivit\u00e9","url":"https:\/\/jlgequipements.fr\/","logo":{"@type":"ImageObject","inLanguage":"fr-FR","@id":"https:\/\/jlgequipements.fr\/#\/schema\/logo\/image\/","url":"https:\/\/jlgequipements.fr\/wp-content\/uploads\/2024\/01\/JLG_LOGO_VECTO.png","contentUrl":"https:\/\/jlgequipements.fr\/wp-content\/uploads\/2024\/01\/JLG_LOGO_VECTO.png","width":3293,"height":3292,"caption":"JLG \u00c9quipements collectivit\u00e9"},"image":{"@id":"https:\/\/jlgequipements.fr\/#\/schema\/logo\/image\/"}}]}},"_links":{"self":[{"href":"https:\/\/jlgequipements.fr\/index.php\/wp-json\/wp\/v2\/product\/7834","targetHints":{"allow":["GET"]}}],"collection":[{"href":"https:\/\/jlgequipements.fr\/index.php\/wp-json\/wp\/v2\/product"}],"about":[{"href":"https:\/\/jlgequipements.fr\/index.php\/wp-json\/wp\/v2\/types\/product"}],"replies":[{"embeddable":true,"href":"https:\/\/jlgequipements.fr\/index.php\/wp-json\/wp\/v2\/comments?post=7834"}],"version-history":[{"count":4,"href":"https:\/\/jlgequipements.fr\/index.php\/wp-json\/wp\/v2\/product\/7834\/revisions"}],"predecessor-version":[{"id":11992,"href":"https:\/\/jlgequipements.fr\/index.php\/wp-json\/wp\/v2\/product\/7834\/revisions\/11992"}],"wp:featuredmedia":[{"embeddable":true,"href":"https:\/\/jlgequipements.fr\/index.php\/wp-json\/wp\/v2\/media\/11990"}],"wp:attachment":[{"href":"https:\/\/jlgequipements.fr\/index.php\/wp-json\/wp\/v2\/media?parent=7834"}],"wp:term":[{"taxonomy":"product_brand","embeddable":true,"href":"https:\/\/jlgequipements.fr\/index.php\/wp-json\/wp\/v2\/product_brand?post=7834"},{"taxonomy":"product_cat","embeddable":true,"href":"https:\/\/jlgequipements.fr\/index.php\/wp-json\/wp\/v2\/product_cat?post=7834"},{"taxonomy":"product_tag","embeddable":true,"href":"https:\/\/jlgequipements.fr\/index.php\/wp-json\/wp\/v2\/product_tag?post=7834"}],"curies":[{"name":"wp","href":"https:\/\/api.w.org\/{rel}","templated":true}]}}