{"id":7820,"date":"2024-02-27T10:39:44","date_gmt":"2024-02-27T09:39:44","guid":{"rendered":"https:\/\/www.jlg.nicolas-briche.fr\/index.php\/produit\/livret-de-famille-manuscrit\/"},"modified":"2024-03-29T14:59:01","modified_gmt":"2024-03-29T13:59:01","slug":"livret-de-famille-manuscrit","status":"publish","type":"product","link":"https:\/\/jlgequipements.fr\/index.php\/produit\/livret-de-famille-manuscrit\/","title":{"rendered":"LIVRET DE FAMILLE MANUSCRIT OU INFORMATIQUE"},"content":{"rendered":"<ul>\n<li>Les livrets de famille ont une couverture avec impression \u00ab Livret de Famille \u00bb. \u00c0 l\u2019int\u00e9rieur, le papier est certifi\u00e9 ISO 9706. La reliure est r\u00e9alis\u00e9e avec un fil de lin ind\u00e9chirable rendant le livret infalsifiable.<\/li>\n<li>Version manuscrit ou informatique (encart pleine page; bande adh\u00e9sive)<\/li>\n<\/ul>\n<p>&nbsp;<\/p>\n","protected":false},"excerpt":{"rendered":"<p>Les livrets de famille ont une couverture avec impression \u00ab Livret de Famille \u00bb. \u00c0 l\u2019int\u00e9rieur, le papier est certifi\u00e9 ISO 9706. La reliure est r\u00e9alis\u00e9e avec un fil de lin ind\u00e9chirable rendant le livret infalsifiable. Version manuscrit ou informatique (encart pleine page; bande adh\u00e9sive) &nbsp;<\/p>\n","protected":false},"featured_media":10881,"comment_status":"closed","ping_status":"closed","template":"","meta":[],"product_brand":[],"product_cat":[198,201],"product_tag":[],"class_list":{"0":"post-7820","1":"product","2":"type-product","3":"status-publish","4":"has-post-thumbnail","6":"product_cat-etat-civil","7":"product_cat-livrets-et-etuis-de-familles","9":"first","10":"instock","11":"shipping-taxable","12":"product-type-simple"},"yoast_head":"<!-- This site is optimized with the Yoast SEO plugin v27.1.1 - https:\/\/yoast.com\/product\/yoast-seo-wordpress\/ -->\n<title>LIVRET DE FAMILLE MANUSCRIT OU INFORMATIQUE - JLG \u00c9quipements Collectivit\u00e9s<\/title>\n<meta name=\"robots\" content=\"index, follow, max-snippet:-1, max-image-preview:large, max-video-preview:-1\" \/>\n<link rel=\"canonical\" href=\"https:\/\/jlgequipements.fr\/index.php\/produit\/livret-de-famille-manuscrit\/\" \/>\n<meta property=\"og:locale\" content=\"fr_FR\" \/>\n<meta property=\"og:type\" content=\"article\" \/>\n<meta property=\"og:title\" content=\"LIVRET DE FAMILLE MANUSCRIT OU INFORMATIQUE - JLG \u00c9quipements Collectivit\u00e9s\" \/>\n<meta property=\"og:description\" content=\"Les livrets de famille ont une couverture avec impression \u00ab Livret de Famille \u00bb. \u00c0 l\u2019int\u00e9rieur, le papier est certifi\u00e9 ISO 9706. La reliure est r\u00e9alis\u00e9e avec un fil de lin ind\u00e9chirable rendant le livret infalsifiable. Version manuscrit ou informatique (encart pleine page; bande adh\u00e9sive) &nbsp;\" \/>\n<meta property=\"og:url\" content=\"https:\/\/jlgequipements.fr\/index.php\/produit\/livret-de-famille-manuscrit\/\" \/>\n<meta property=\"og:site_name\" content=\"JLG \u00c9quipements Collectivit\u00e9s\" \/>\n<meta property=\"article:modified_time\" content=\"2024-03-29T13:59:01+00:00\" \/>\n<meta property=\"og:image\" content=\"http:\/\/jlgequipements.fr\/wp-content\/uploads\/2024\/02\/Untitled-100.jpg\" \/>\n\t<meta property=\"og:image:width\" content=\"500\" \/>\n\t<meta property=\"og:image:height\" content=\"500\" \/>\n\t<meta property=\"og:image:type\" content=\"image\/jpeg\" \/>\n<meta name=\"twitter:card\" content=\"summary_large_image\" \/>\n<script type=\"application\/ld+json\" class=\"yoast-schema-graph\">{\"@context\":\"https:\/\/schema.org\",\"@graph\":[{\"@type\":\"WebPage\",\"@id\":\"https:\/\/jlgequipements.fr\/index.php\/produit\/livret-de-famille-manuscrit\/\",\"url\":\"https:\/\/jlgequipements.fr\/index.php\/produit\/livret-de-famille-manuscrit\/\",\"name\":\"LIVRET DE FAMILLE MANUSCRIT OU INFORMATIQUE - JLG \u00c9quipements Collectivit\u00e9s\",\"isPartOf\":{\"@id\":\"https:\/\/jlgequipements.fr\/#website\"},\"primaryImageOfPage\":{\"@id\":\"https:\/\/jlgequipements.fr\/index.php\/produit\/livret-de-famille-manuscrit\/#primaryimage\"},\"image\":{\"@id\":\"https:\/\/jlgequipements.fr\/index.php\/produit\/livret-de-famille-manuscrit\/#primaryimage\"},\"thumbnailUrl\":\"https:\/\/jlgequipements.fr\/wp-content\/uploads\/2024\/02\/Untitled-100.jpg\",\"datePublished\":\"2024-02-27T09:39:44+00:00\",\"dateModified\":\"2024-03-29T13:59:01+00:00\",\"breadcrumb\":{\"@id\":\"https:\/\/jlgequipements.fr\/index.php\/produit\/livret-de-famille-manuscrit\/#breadcrumb\"},\"inLanguage\":\"fr-FR\",\"potentialAction\":[{\"@type\":\"ReadAction\",\"target\":[\"https:\/\/jlgequipements.fr\/index.php\/produit\/livret-de-famille-manuscrit\/\"]}]},{\"@type\":\"ImageObject\",\"inLanguage\":\"fr-FR\",\"@id\":\"https:\/\/jlgequipements.fr\/index.php\/produit\/livret-de-famille-manuscrit\/#primaryimage\",\"url\":\"https:\/\/jlgequipements.fr\/wp-content\/uploads\/2024\/02\/Untitled-100.jpg\",\"contentUrl\":\"https:\/\/jlgequipements.fr\/wp-content\/uploads\/2024\/02\/Untitled-100.jpg\",\"width\":500,\"height\":500,\"caption\":\"Livret manuscrit ou informatique\"},{\"@type\":\"BreadcrumbList\",\"@id\":\"https:\/\/jlgequipements.fr\/index.php\/produit\/livret-de-famille-manuscrit\/#breadcrumb\",\"itemListElement\":[{\"@type\":\"ListItem\",\"position\":1,\"name\":\"Accueil\",\"item\":\"https:\/\/jlgequipements.fr\/\"},{\"@type\":\"ListItem\",\"position\":2,\"name\":\"Boutique\",\"item\":\"https:\/\/jlgequipements.fr\/index.php\/boutique\/\"},{\"@type\":\"ListItem\",\"position\":3,\"name\":\"LIVRET DE FAMILLE MANUSCRIT OU INFORMATIQUE\"}]},{\"@type\":\"WebSite\",\"@id\":\"https:\/\/jlgequipements.fr\/#website\",\"url\":\"https:\/\/jlgequipements.fr\/\",\"name\":\"JLG \u00c9quipements collectivit\u00e9\",\"description\":\"Le partenaire des communes\",\"publisher\":{\"@id\":\"https:\/\/jlgequipements.fr\/#organization\"},\"potentialAction\":[{\"@type\":\"SearchAction\",\"target\":{\"@type\":\"EntryPoint\",\"urlTemplate\":\"https:\/\/jlgequipements.fr\/?s={search_term_string}\"},\"query-input\":{\"@type\":\"PropertyValueSpecification\",\"valueRequired\":true,\"valueName\":\"search_term_string\"}}],\"inLanguage\":\"fr-FR\"},{\"@type\":\"Organization\",\"@id\":\"https:\/\/jlgequipements.fr\/#organization\",\"name\":\"JLG \u00c9quipements collectivit\u00e9\",\"url\":\"https:\/\/jlgequipements.fr\/\",\"logo\":{\"@type\":\"ImageObject\",\"inLanguage\":\"fr-FR\",\"@id\":\"https:\/\/jlgequipements.fr\/#\/schema\/logo\/image\/\",\"url\":\"https:\/\/jlgequipements.fr\/wp-content\/uploads\/2024\/01\/JLG_LOGO_VECTO.png\",\"contentUrl\":\"https:\/\/jlgequipements.fr\/wp-content\/uploads\/2024\/01\/JLG_LOGO_VECTO.png\",\"width\":3293,\"height\":3292,\"caption\":\"JLG \u00c9quipements collectivit\u00e9\"},\"image\":{\"@id\":\"https:\/\/jlgequipements.fr\/#\/schema\/logo\/image\/\"}}]}<\/script>\n<!-- \/ Yoast SEO plugin. -->","yoast_head_json":{"title":"LIVRET DE FAMILLE MANUSCRIT OU INFORMATIQUE - JLG \u00c9quipements Collectivit\u00e9s","robots":{"index":"index","follow":"follow","max-snippet":"max-snippet:-1","max-image-preview":"max-image-preview:large","max-video-preview":"max-video-preview:-1"},"canonical":"https:\/\/jlgequipements.fr\/index.php\/produit\/livret-de-famille-manuscrit\/","og_locale":"fr_FR","og_type":"article","og_title":"LIVRET DE FAMILLE MANUSCRIT OU INFORMATIQUE - JLG \u00c9quipements Collectivit\u00e9s","og_description":"Les livrets de famille ont une couverture avec impression \u00ab Livret de Famille \u00bb. \u00c0 l\u2019int\u00e9rieur, le papier est certifi\u00e9 ISO 9706. La reliure est r\u00e9alis\u00e9e avec un fil de lin ind\u00e9chirable rendant le livret infalsifiable. Version manuscrit ou informatique (encart pleine page; bande adh\u00e9sive) &nbsp;","og_url":"https:\/\/jlgequipements.fr\/index.php\/produit\/livret-de-famille-manuscrit\/","og_site_name":"JLG \u00c9quipements Collectivit\u00e9s","article_modified_time":"2024-03-29T13:59:01+00:00","og_image":[{"width":500,"height":500,"url":"http:\/\/jlgequipements.fr\/wp-content\/uploads\/2024\/02\/Untitled-100.jpg","type":"image\/jpeg"}],"twitter_card":"summary_large_image","schema":{"@context":"https:\/\/schema.org","@graph":[{"@type":"WebPage","@id":"https:\/\/jlgequipements.fr\/index.php\/produit\/livret-de-famille-manuscrit\/","url":"https:\/\/jlgequipements.fr\/index.php\/produit\/livret-de-famille-manuscrit\/","name":"LIVRET DE FAMILLE MANUSCRIT OU INFORMATIQUE - JLG \u00c9quipements Collectivit\u00e9s","isPartOf":{"@id":"https:\/\/jlgequipements.fr\/#website"},"primaryImageOfPage":{"@id":"https:\/\/jlgequipements.fr\/index.php\/produit\/livret-de-famille-manuscrit\/#primaryimage"},"image":{"@id":"https:\/\/jlgequipements.fr\/index.php\/produit\/livret-de-famille-manuscrit\/#primaryimage"},"thumbnailUrl":"https:\/\/jlgequipements.fr\/wp-content\/uploads\/2024\/02\/Untitled-100.jpg","datePublished":"2024-02-27T09:39:44+00:00","dateModified":"2024-03-29T13:59:01+00:00","breadcrumb":{"@id":"https:\/\/jlgequipements.fr\/index.php\/produit\/livret-de-famille-manuscrit\/#breadcrumb"},"inLanguage":"fr-FR","potentialAction":[{"@type":"ReadAction","target":["https:\/\/jlgequipements.fr\/index.php\/produit\/livret-de-famille-manuscrit\/"]}]},{"@type":"ImageObject","inLanguage":"fr-FR","@id":"https:\/\/jlgequipements.fr\/index.php\/produit\/livret-de-famille-manuscrit\/#primaryimage","url":"https:\/\/jlgequipements.fr\/wp-content\/uploads\/2024\/02\/Untitled-100.jpg","contentUrl":"https:\/\/jlgequipements.fr\/wp-content\/uploads\/2024\/02\/Untitled-100.jpg","width":500,"height":500,"caption":"Livret manuscrit ou informatique"},{"@type":"BreadcrumbList","@id":"https:\/\/jlgequipements.fr\/index.php\/produit\/livret-de-famille-manuscrit\/#breadcrumb","itemListElement":[{"@type":"ListItem","position":1,"name":"Accueil","item":"https:\/\/jlgequipements.fr\/"},{"@type":"ListItem","position":2,"name":"Boutique","item":"https:\/\/jlgequipements.fr\/index.php\/boutique\/"},{"@type":"ListItem","position":3,"name":"LIVRET DE FAMILLE MANUSCRIT OU INFORMATIQUE"}]},{"@type":"WebSite","@id":"https:\/\/jlgequipements.fr\/#website","url":"https:\/\/jlgequipements.fr\/","name":"JLG \u00c9quipements collectivit\u00e9","description":"Le partenaire des communes","publisher":{"@id":"https:\/\/jlgequipements.fr\/#organization"},"potentialAction":[{"@type":"SearchAction","target":{"@type":"EntryPoint","urlTemplate":"https:\/\/jlgequipements.fr\/?s={search_term_string}"},"query-input":{"@type":"PropertyValueSpecification","valueRequired":true,"valueName":"search_term_string"}}],"inLanguage":"fr-FR"},{"@type":"Organization","@id":"https:\/\/jlgequipements.fr\/#organization","name":"JLG \u00c9quipements collectivit\u00e9","url":"https:\/\/jlgequipements.fr\/","logo":{"@type":"ImageObject","inLanguage":"fr-FR","@id":"https:\/\/jlgequipements.fr\/#\/schema\/logo\/image\/","url":"https:\/\/jlgequipements.fr\/wp-content\/uploads\/2024\/01\/JLG_LOGO_VECTO.png","contentUrl":"https:\/\/jlgequipements.fr\/wp-content\/uploads\/2024\/01\/JLG_LOGO_VECTO.png","width":3293,"height":3292,"caption":"JLG \u00c9quipements collectivit\u00e9"},"image":{"@id":"https:\/\/jlgequipements.fr\/#\/schema\/logo\/image\/"}}]}},"_links":{"self":[{"href":"https:\/\/jlgequipements.fr\/index.php\/wp-json\/wp\/v2\/product\/7820","targetHints":{"allow":["GET"]}}],"collection":[{"href":"https:\/\/jlgequipements.fr\/index.php\/wp-json\/wp\/v2\/product"}],"about":[{"href":"https:\/\/jlgequipements.fr\/index.php\/wp-json\/wp\/v2\/types\/product"}],"replies":[{"embeddable":true,"href":"https:\/\/jlgequipements.fr\/index.php\/wp-json\/wp\/v2\/comments?post=7820"}],"version-history":[{"count":6,"href":"https:\/\/jlgequipements.fr\/index.php\/wp-json\/wp\/v2\/product\/7820\/revisions"}],"predecessor-version":[{"id":12001,"href":"https:\/\/jlgequipements.fr\/index.php\/wp-json\/wp\/v2\/product\/7820\/revisions\/12001"}],"wp:featuredmedia":[{"embeddable":true,"href":"https:\/\/jlgequipements.fr\/index.php\/wp-json\/wp\/v2\/media\/10881"}],"wp:attachment":[{"href":"https:\/\/jlgequipements.fr\/index.php\/wp-json\/wp\/v2\/media?parent=7820"}],"wp:term":[{"taxonomy":"product_brand","embeddable":true,"href":"https:\/\/jlgequipements.fr\/index.php\/wp-json\/wp\/v2\/product_brand?post=7820"},{"taxonomy":"product_cat","embeddable":true,"href":"https:\/\/jlgequipements.fr\/index.php\/wp-json\/wp\/v2\/product_cat?post=7820"},{"taxonomy":"product_tag","embeddable":true,"href":"https:\/\/jlgequipements.fr\/index.php\/wp-json\/wp\/v2\/product_tag?post=7820"}],"curies":[{"name":"wp","href":"https:\/\/api.w.org\/{rel}","templated":true}]}}