{"id":7767,"date":"2024-02-27T10:39:33","date_gmt":"2024-02-27T09:39:33","guid":{"rendered":"https:\/\/www.jlg.nicolas-briche.fr\/index.php\/produit\/panneau-electoral\/"},"modified":"2026-01-28T15:10:37","modified_gmt":"2026-01-28T14:10:37","slug":"panneau-electoral-2-candidats","status":"publish","type":"product","link":"https:\/\/jlgequipements.fr\/index.php\/produit\/panneau-electoral-2-candidats\/","title":{"rendered":"PANNEAU \u00c9LECTORAL 2 CANDIDATS"},"content":{"rendered":"<ul>\n<li>Tube (\u00f8 35 mm) et t\u00f4le<br \/>\n(\u00e9paisseur12\/10 \u00e8me)<br \/>\nen acier galvanis\u00e9<\/li>\n<li>Syst\u00e8me d\u2019accroche m\u00e2le et<br \/>\nfemelle pour solidariser<br \/>\nplusieurs panneaux entre eux.<\/li>\n<li>Plaque pour inscrire le num\u00e9ro<\/li>\n<li>Dimension hors tout :<br \/>\nH 2,45 m x l 1,55 m<\/li>\n<li>Affichage : 1,25 x 1,50 m (2 candidats)<\/li>\n<li>Poids: 30 kg<\/li>\n<\/ul>\n","protected":false},"excerpt":{"rendered":"<p>Tube (\u00f8 35 mm) et t\u00f4le (\u00e9paisseur12\/10 \u00e8me) en acier galvanis\u00e9 Syst\u00e8me d\u2019accroche m\u00e2le et femelle pour solidariser plusieurs panneaux entre eux. Plaque pour inscrire le num\u00e9ro Dimension hors tout : H 2,45 m x l 1,55 m Affichage : 1,25 x 1,50 m (2 candidats) Poids: 30 kg<\/p>\n","protected":false},"featured_media":11099,"comment_status":"closed","ping_status":"closed","template":"","meta":[],"product_brand":[],"product_cat":[198,208],"product_tag":[],"class_list":{"0":"post-7767","1":"product","2":"type-product","3":"status-publish","4":"has-post-thumbnail","6":"product_cat-etat-civil","7":"product_cat-elections","9":"first","10":"instock","11":"shipping-taxable","12":"product-type-simple"},"yoast_head":"<!-- This site is optimized with the Yoast SEO plugin v27.1.1 - https:\/\/yoast.com\/product\/yoast-seo-wordpress\/ -->\n<title>PANNEAU \u00c9LECTORAL 2 CANDIDATS - JLG \u00c9quipements Collectivit\u00e9s<\/title>\n<meta name=\"robots\" content=\"index, follow, max-snippet:-1, max-image-preview:large, max-video-preview:-1\" \/>\n<link rel=\"canonical\" href=\"https:\/\/jlgequipements.fr\/index.php\/produit\/panneau-electoral-2-candidats\/\" \/>\n<meta property=\"og:locale\" content=\"fr_FR\" \/>\n<meta property=\"og:type\" content=\"article\" \/>\n<meta property=\"og:title\" content=\"PANNEAU \u00c9LECTORAL 2 CANDIDATS - JLG \u00c9quipements Collectivit\u00e9s\" \/>\n<meta property=\"og:description\" content=\"Tube (\u00f8 35 mm) et t\u00f4le (\u00e9paisseur12\/10 \u00e8me) en acier galvanis\u00e9 Syst\u00e8me d\u2019accroche m\u00e2le et femelle pour solidariser plusieurs panneaux entre eux. Plaque pour inscrire le num\u00e9ro Dimension hors tout : H 2,45 m x l 1,55 m Affichage : 1,25 x 1,50 m (2 candidats) Poids: 30 kg\" \/>\n<meta property=\"og:url\" content=\"https:\/\/jlgequipements.fr\/index.php\/produit\/panneau-electoral-2-candidats\/\" \/>\n<meta property=\"og:site_name\" content=\"JLG \u00c9quipements Collectivit\u00e9s\" \/>\n<meta property=\"article:modified_time\" content=\"2026-01-28T14:10:37+00:00\" \/>\n<meta property=\"og:image\" content=\"http:\/\/jlgequipements.fr\/wp-content\/uploads\/2024\/02\/PANNEAUX_ELECTORAUX.jpg\" \/>\n\t<meta property=\"og:image:width\" content=\"500\" \/>\n\t<meta property=\"og:image:height\" content=\"500\" \/>\n\t<meta property=\"og:image:type\" content=\"image\/jpeg\" \/>\n<meta name=\"twitter:card\" content=\"summary_large_image\" \/>\n<script type=\"application\/ld+json\" class=\"yoast-schema-graph\">{\"@context\":\"https:\/\/schema.org\",\"@graph\":[{\"@type\":\"WebPage\",\"@id\":\"https:\/\/jlgequipements.fr\/index.php\/produit\/panneau-electoral-2-candidats\/\",\"url\":\"https:\/\/jlgequipements.fr\/index.php\/produit\/panneau-electoral-2-candidats\/\",\"name\":\"PANNEAU \u00c9LECTORAL 2 CANDIDATS - JLG \u00c9quipements Collectivit\u00e9s\",\"isPartOf\":{\"@id\":\"https:\/\/jlgequipements.fr\/#website\"},\"primaryImageOfPage\":{\"@id\":\"https:\/\/jlgequipements.fr\/index.php\/produit\/panneau-electoral-2-candidats\/#primaryimage\"},\"image\":{\"@id\":\"https:\/\/jlgequipements.fr\/index.php\/produit\/panneau-electoral-2-candidats\/#primaryimage\"},\"thumbnailUrl\":\"https:\/\/jlgequipements.fr\/wp-content\/uploads\/2024\/02\/PANNEAUX_ELECTORAUX.jpg\",\"datePublished\":\"2024-02-27T09:39:33+00:00\",\"dateModified\":\"2026-01-28T14:10:37+00:00\",\"breadcrumb\":{\"@id\":\"https:\/\/jlgequipements.fr\/index.php\/produit\/panneau-electoral-2-candidats\/#breadcrumb\"},\"inLanguage\":\"fr-FR\",\"potentialAction\":[{\"@type\":\"ReadAction\",\"target\":[\"https:\/\/jlgequipements.fr\/index.php\/produit\/panneau-electoral-2-candidats\/\"]}]},{\"@type\":\"ImageObject\",\"inLanguage\":\"fr-FR\",\"@id\":\"https:\/\/jlgequipements.fr\/index.php\/produit\/panneau-electoral-2-candidats\/#primaryimage\",\"url\":\"https:\/\/jlgequipements.fr\/wp-content\/uploads\/2024\/02\/PANNEAUX_ELECTORAUX.jpg\",\"contentUrl\":\"https:\/\/jlgequipements.fr\/wp-content\/uploads\/2024\/02\/PANNEAUX_ELECTORAUX.jpg\",\"width\":500,\"height\":500},{\"@type\":\"BreadcrumbList\",\"@id\":\"https:\/\/jlgequipements.fr\/index.php\/produit\/panneau-electoral-2-candidats\/#breadcrumb\",\"itemListElement\":[{\"@type\":\"ListItem\",\"position\":1,\"name\":\"Accueil\",\"item\":\"https:\/\/jlgequipements.fr\/\"},{\"@type\":\"ListItem\",\"position\":2,\"name\":\"Boutique\",\"item\":\"https:\/\/jlgequipements.fr\/index.php\/boutique\/\"},{\"@type\":\"ListItem\",\"position\":3,\"name\":\"PANNEAU \u00c9LECTORAL 2 CANDIDATS\"}]},{\"@type\":\"WebSite\",\"@id\":\"https:\/\/jlgequipements.fr\/#website\",\"url\":\"https:\/\/jlgequipements.fr\/\",\"name\":\"JLG \u00c9quipements collectivit\u00e9\",\"description\":\"Le partenaire des communes\",\"publisher\":{\"@id\":\"https:\/\/jlgequipements.fr\/#organization\"},\"potentialAction\":[{\"@type\":\"SearchAction\",\"target\":{\"@type\":\"EntryPoint\",\"urlTemplate\":\"https:\/\/jlgequipements.fr\/?s={search_term_string}\"},\"query-input\":{\"@type\":\"PropertyValueSpecification\",\"valueRequired\":true,\"valueName\":\"search_term_string\"}}],\"inLanguage\":\"fr-FR\"},{\"@type\":\"Organization\",\"@id\":\"https:\/\/jlgequipements.fr\/#organization\",\"name\":\"JLG \u00c9quipements collectivit\u00e9\",\"url\":\"https:\/\/jlgequipements.fr\/\",\"logo\":{\"@type\":\"ImageObject\",\"inLanguage\":\"fr-FR\",\"@id\":\"https:\/\/jlgequipements.fr\/#\/schema\/logo\/image\/\",\"url\":\"https:\/\/jlgequipements.fr\/wp-content\/uploads\/2024\/01\/JLG_LOGO_VECTO.png\",\"contentUrl\":\"https:\/\/jlgequipements.fr\/wp-content\/uploads\/2024\/01\/JLG_LOGO_VECTO.png\",\"width\":3293,\"height\":3292,\"caption\":\"JLG \u00c9quipements collectivit\u00e9\"},\"image\":{\"@id\":\"https:\/\/jlgequipements.fr\/#\/schema\/logo\/image\/\"}}]}<\/script>\n<!-- \/ Yoast SEO plugin. -->","yoast_head_json":{"title":"PANNEAU \u00c9LECTORAL 2 CANDIDATS - JLG \u00c9quipements Collectivit\u00e9s","robots":{"index":"index","follow":"follow","max-snippet":"max-snippet:-1","max-image-preview":"max-image-preview:large","max-video-preview":"max-video-preview:-1"},"canonical":"https:\/\/jlgequipements.fr\/index.php\/produit\/panneau-electoral-2-candidats\/","og_locale":"fr_FR","og_type":"article","og_title":"PANNEAU \u00c9LECTORAL 2 CANDIDATS - JLG \u00c9quipements Collectivit\u00e9s","og_description":"Tube (\u00f8 35 mm) et t\u00f4le (\u00e9paisseur12\/10 \u00e8me) en acier galvanis\u00e9 Syst\u00e8me d\u2019accroche m\u00e2le et femelle pour solidariser plusieurs panneaux entre eux. Plaque pour inscrire le num\u00e9ro Dimension hors tout : H 2,45 m x l 1,55 m Affichage : 1,25 x 1,50 m (2 candidats) Poids: 30 kg","og_url":"https:\/\/jlgequipements.fr\/index.php\/produit\/panneau-electoral-2-candidats\/","og_site_name":"JLG \u00c9quipements Collectivit\u00e9s","article_modified_time":"2026-01-28T14:10:37+00:00","og_image":[{"width":500,"height":500,"url":"http:\/\/jlgequipements.fr\/wp-content\/uploads\/2024\/02\/PANNEAUX_ELECTORAUX.jpg","type":"image\/jpeg"}],"twitter_card":"summary_large_image","schema":{"@context":"https:\/\/schema.org","@graph":[{"@type":"WebPage","@id":"https:\/\/jlgequipements.fr\/index.php\/produit\/panneau-electoral-2-candidats\/","url":"https:\/\/jlgequipements.fr\/index.php\/produit\/panneau-electoral-2-candidats\/","name":"PANNEAU \u00c9LECTORAL 2 CANDIDATS - JLG \u00c9quipements Collectivit\u00e9s","isPartOf":{"@id":"https:\/\/jlgequipements.fr\/#website"},"primaryImageOfPage":{"@id":"https:\/\/jlgequipements.fr\/index.php\/produit\/panneau-electoral-2-candidats\/#primaryimage"},"image":{"@id":"https:\/\/jlgequipements.fr\/index.php\/produit\/panneau-electoral-2-candidats\/#primaryimage"},"thumbnailUrl":"https:\/\/jlgequipements.fr\/wp-content\/uploads\/2024\/02\/PANNEAUX_ELECTORAUX.jpg","datePublished":"2024-02-27T09:39:33+00:00","dateModified":"2026-01-28T14:10:37+00:00","breadcrumb":{"@id":"https:\/\/jlgequipements.fr\/index.php\/produit\/panneau-electoral-2-candidats\/#breadcrumb"},"inLanguage":"fr-FR","potentialAction":[{"@type":"ReadAction","target":["https:\/\/jlgequipements.fr\/index.php\/produit\/panneau-electoral-2-candidats\/"]}]},{"@type":"ImageObject","inLanguage":"fr-FR","@id":"https:\/\/jlgequipements.fr\/index.php\/produit\/panneau-electoral-2-candidats\/#primaryimage","url":"https:\/\/jlgequipements.fr\/wp-content\/uploads\/2024\/02\/PANNEAUX_ELECTORAUX.jpg","contentUrl":"https:\/\/jlgequipements.fr\/wp-content\/uploads\/2024\/02\/PANNEAUX_ELECTORAUX.jpg","width":500,"height":500},{"@type":"BreadcrumbList","@id":"https:\/\/jlgequipements.fr\/index.php\/produit\/panneau-electoral-2-candidats\/#breadcrumb","itemListElement":[{"@type":"ListItem","position":1,"name":"Accueil","item":"https:\/\/jlgequipements.fr\/"},{"@type":"ListItem","position":2,"name":"Boutique","item":"https:\/\/jlgequipements.fr\/index.php\/boutique\/"},{"@type":"ListItem","position":3,"name":"PANNEAU \u00c9LECTORAL 2 CANDIDATS"}]},{"@type":"WebSite","@id":"https:\/\/jlgequipements.fr\/#website","url":"https:\/\/jlgequipements.fr\/","name":"JLG \u00c9quipements collectivit\u00e9","description":"Le partenaire des communes","publisher":{"@id":"https:\/\/jlgequipements.fr\/#organization"},"potentialAction":[{"@type":"SearchAction","target":{"@type":"EntryPoint","urlTemplate":"https:\/\/jlgequipements.fr\/?s={search_term_string}"},"query-input":{"@type":"PropertyValueSpecification","valueRequired":true,"valueName":"search_term_string"}}],"inLanguage":"fr-FR"},{"@type":"Organization","@id":"https:\/\/jlgequipements.fr\/#organization","name":"JLG \u00c9quipements collectivit\u00e9","url":"https:\/\/jlgequipements.fr\/","logo":{"@type":"ImageObject","inLanguage":"fr-FR","@id":"https:\/\/jlgequipements.fr\/#\/schema\/logo\/image\/","url":"https:\/\/jlgequipements.fr\/wp-content\/uploads\/2024\/01\/JLG_LOGO_VECTO.png","contentUrl":"https:\/\/jlgequipements.fr\/wp-content\/uploads\/2024\/01\/JLG_LOGO_VECTO.png","width":3293,"height":3292,"caption":"JLG \u00c9quipements collectivit\u00e9"},"image":{"@id":"https:\/\/jlgequipements.fr\/#\/schema\/logo\/image\/"}}]}},"_links":{"self":[{"href":"https:\/\/jlgequipements.fr\/index.php\/wp-json\/wp\/v2\/product\/7767","targetHints":{"allow":["GET"]}}],"collection":[{"href":"https:\/\/jlgequipements.fr\/index.php\/wp-json\/wp\/v2\/product"}],"about":[{"href":"https:\/\/jlgequipements.fr\/index.php\/wp-json\/wp\/v2\/types\/product"}],"replies":[{"embeddable":true,"href":"https:\/\/jlgequipements.fr\/index.php\/wp-json\/wp\/v2\/comments?post=7767"}],"version-history":[{"count":4,"href":"https:\/\/jlgequipements.fr\/index.php\/wp-json\/wp\/v2\/product\/7767\/revisions"}],"predecessor-version":[{"id":14405,"href":"https:\/\/jlgequipements.fr\/index.php\/wp-json\/wp\/v2\/product\/7767\/revisions\/14405"}],"wp:featuredmedia":[{"embeddable":true,"href":"https:\/\/jlgequipements.fr\/index.php\/wp-json\/wp\/v2\/media\/11099"}],"wp:attachment":[{"href":"https:\/\/jlgequipements.fr\/index.php\/wp-json\/wp\/v2\/media?parent=7767"}],"wp:term":[{"taxonomy":"product_brand","embeddable":true,"href":"https:\/\/jlgequipements.fr\/index.php\/wp-json\/wp\/v2\/product_brand?post=7767"},{"taxonomy":"product_cat","embeddable":true,"href":"https:\/\/jlgequipements.fr\/index.php\/wp-json\/wp\/v2\/product_cat?post=7767"},{"taxonomy":"product_tag","embeddable":true,"href":"https:\/\/jlgequipements.fr\/index.php\/wp-json\/wp\/v2\/product_tag?post=7767"}],"curies":[{"name":"wp","href":"https:\/\/api.w.org\/{rel}","templated":true}]}}