{"id":7762,"date":"2024-02-27T10:39:32","date_gmt":"2024-02-27T09:39:32","guid":{"rendered":"https:\/\/www.jlg.nicolas-briche.fr\/index.php\/produit\/isoloir-de-vote-electoral-pmr-pince-flx\/"},"modified":"2024-03-19T13:50:54","modified_gmt":"2024-03-19T12:50:54","slug":"isoloir-de-vote-electoral-pmr-pince-flx","status":"publish","type":"product","link":"https:\/\/jlgequipements.fr\/index.php\/produit\/isoloir-de-vote-electoral-pmr-pince-flx\/","title":{"rendered":"ISOLOIR DE VOTE \u00c9LECTORAL PMR"},"content":{"rendered":"<ul>\n<li>Structure en aluminium anodis\u00e9 naturel<\/li>\n<li>C\u00f4t\u00e9s remplissages en panneaux m\u00e9lamin\u00e9 blanc 7,3 mm<\/li>\n<li>2 rideaux anti-feu M1, opaques gris dimensions : L 800 x H 1500<\/li>\n<li>Dimensions : L 1350 x H 1990 x P 1350 mm<\/li>\n<li>Poids : 35 kg<\/li>\n<li>Tablette amovible et rabattable en acier finition noire grain\u00e9e<\/li>\n<li>Dimension 1300 x 1500 mm<\/li>\n<li>Hauteur de la tablette par rapport au sol : 730 mm<\/li>\n<\/ul>\n","protected":false},"excerpt":{"rendered":"<p>Structure en aluminium anodis\u00e9 naturel C\u00f4t\u00e9s remplissages en panneaux m\u00e9lamin\u00e9 blanc 7,3 mm 2 rideaux anti-feu M1, opaques gris dimensions : L 800 x H 1500 Dimensions : L 1350 x H 1990 x P 1350 mm Poids : 35 kg Tablette amovible et rabattable en acier finition noire grain\u00e9e Dimension 1300 x 1500 mm Hauteur de la tablette par rapport au sol : 730 mm<\/p>\n","protected":false},"featured_media":11057,"comment_status":"closed","ping_status":"closed","template":"","meta":[],"product_brand":[],"product_cat":[198,208],"product_tag":[],"class_list":{"0":"post-7762","1":"product","2":"type-product","3":"status-publish","4":"has-post-thumbnail","6":"product_cat-etat-civil","7":"product_cat-elections","9":"first","10":"instock","11":"shipping-taxable","12":"product-type-simple"},"yoast_head":"<!-- This site is optimized with the Yoast SEO plugin v27.1.1 - https:\/\/yoast.com\/product\/yoast-seo-wordpress\/ -->\n<title>ISOLOIR DE VOTE \u00c9LECTORAL PMR - JLG \u00c9quipements Collectivit\u00e9s<\/title>\n<meta name=\"robots\" content=\"index, follow, max-snippet:-1, max-image-preview:large, max-video-preview:-1\" \/>\n<link rel=\"canonical\" href=\"https:\/\/jlgequipements.fr\/index.php\/produit\/isoloir-de-vote-electoral-pmr-pince-flx\/\" \/>\n<meta property=\"og:locale\" content=\"fr_FR\" \/>\n<meta property=\"og:type\" content=\"article\" \/>\n<meta property=\"og:title\" content=\"ISOLOIR DE VOTE \u00c9LECTORAL PMR - JLG \u00c9quipements Collectivit\u00e9s\" \/>\n<meta property=\"og:description\" content=\"Structure en aluminium anodis\u00e9 naturel C\u00f4t\u00e9s remplissages en panneaux m\u00e9lamin\u00e9 blanc 7,3 mm 2 rideaux anti-feu M1, opaques gris dimensions : L 800 x H 1500 Dimensions : L 1350 x H 1990 x P 1350 mm Poids : 35 kg Tablette amovible et rabattable en acier finition noire grain\u00e9e Dimension 1300 x 1500 mm Hauteur de la tablette par rapport au sol : 730 mm\" \/>\n<meta property=\"og:url\" content=\"https:\/\/jlgequipements.fr\/index.php\/produit\/isoloir-de-vote-electoral-pmr-pince-flx\/\" \/>\n<meta property=\"og:site_name\" content=\"JLG \u00c9quipements Collectivit\u00e9s\" \/>\n<meta property=\"article:modified_time\" content=\"2024-03-19T12:50:54+00:00\" \/>\n<meta property=\"og:image\" content=\"https:\/\/jlgequipements.fr\/wp-content\/uploads\/2024\/02\/ISOLOIR_ELECTORAL_VOTE_PMR.jpg\" \/>\n\t<meta property=\"og:image:width\" content=\"500\" \/>\n\t<meta property=\"og:image:height\" content=\"500\" \/>\n\t<meta property=\"og:image:type\" content=\"image\/jpeg\" \/>\n<meta name=\"twitter:card\" content=\"summary_large_image\" \/>\n<script type=\"application\/ld+json\" class=\"yoast-schema-graph\">{\"@context\":\"https:\/\/schema.org\",\"@graph\":[{\"@type\":\"WebPage\",\"@id\":\"https:\/\/jlgequipements.fr\/index.php\/produit\/isoloir-de-vote-electoral-pmr-pince-flx\/\",\"url\":\"https:\/\/jlgequipements.fr\/index.php\/produit\/isoloir-de-vote-electoral-pmr-pince-flx\/\",\"name\":\"ISOLOIR DE VOTE \u00c9LECTORAL PMR - JLG \u00c9quipements Collectivit\u00e9s\",\"isPartOf\":{\"@id\":\"https:\/\/jlgequipements.fr\/#website\"},\"primaryImageOfPage\":{\"@id\":\"https:\/\/jlgequipements.fr\/index.php\/produit\/isoloir-de-vote-electoral-pmr-pince-flx\/#primaryimage\"},\"image\":{\"@id\":\"https:\/\/jlgequipements.fr\/index.php\/produit\/isoloir-de-vote-electoral-pmr-pince-flx\/#primaryimage\"},\"thumbnailUrl\":\"https:\/\/jlgequipements.fr\/wp-content\/uploads\/2024\/02\/ISOLOIR_ELECTORAL_VOTE_PMR.jpg\",\"datePublished\":\"2024-02-27T09:39:32+00:00\",\"dateModified\":\"2024-03-19T12:50:54+00:00\",\"breadcrumb\":{\"@id\":\"https:\/\/jlgequipements.fr\/index.php\/produit\/isoloir-de-vote-electoral-pmr-pince-flx\/#breadcrumb\"},\"inLanguage\":\"fr-FR\",\"potentialAction\":[{\"@type\":\"ReadAction\",\"target\":[\"https:\/\/jlgequipements.fr\/index.php\/produit\/isoloir-de-vote-electoral-pmr-pince-flx\/\"]}]},{\"@type\":\"ImageObject\",\"inLanguage\":\"fr-FR\",\"@id\":\"https:\/\/jlgequipements.fr\/index.php\/produit\/isoloir-de-vote-electoral-pmr-pince-flx\/#primaryimage\",\"url\":\"https:\/\/jlgequipements.fr\/wp-content\/uploads\/2024\/02\/ISOLOIR_ELECTORAL_VOTE_PMR.jpg\",\"contentUrl\":\"https:\/\/jlgequipements.fr\/wp-content\/uploads\/2024\/02\/ISOLOIR_ELECTORAL_VOTE_PMR.jpg\",\"width\":500,\"height\":500},{\"@type\":\"BreadcrumbList\",\"@id\":\"https:\/\/jlgequipements.fr\/index.php\/produit\/isoloir-de-vote-electoral-pmr-pince-flx\/#breadcrumb\",\"itemListElement\":[{\"@type\":\"ListItem\",\"position\":1,\"name\":\"Accueil\",\"item\":\"https:\/\/jlgequipements.fr\/\"},{\"@type\":\"ListItem\",\"position\":2,\"name\":\"Boutique\",\"item\":\"https:\/\/jlgequipements.fr\/index.php\/boutique\/\"},{\"@type\":\"ListItem\",\"position\":3,\"name\":\"ISOLOIR DE VOTE \u00c9LECTORAL PMR\"}]},{\"@type\":\"WebSite\",\"@id\":\"https:\/\/jlgequipements.fr\/#website\",\"url\":\"https:\/\/jlgequipements.fr\/\",\"name\":\"JLG \u00c9quipements collectivit\u00e9\",\"description\":\"Le partenaire des communes\",\"publisher\":{\"@id\":\"https:\/\/jlgequipements.fr\/#organization\"},\"potentialAction\":[{\"@type\":\"SearchAction\",\"target\":{\"@type\":\"EntryPoint\",\"urlTemplate\":\"https:\/\/jlgequipements.fr\/?s={search_term_string}\"},\"query-input\":{\"@type\":\"PropertyValueSpecification\",\"valueRequired\":true,\"valueName\":\"search_term_string\"}}],\"inLanguage\":\"fr-FR\"},{\"@type\":\"Organization\",\"@id\":\"https:\/\/jlgequipements.fr\/#organization\",\"name\":\"JLG \u00c9quipements collectivit\u00e9\",\"url\":\"https:\/\/jlgequipements.fr\/\",\"logo\":{\"@type\":\"ImageObject\",\"inLanguage\":\"fr-FR\",\"@id\":\"https:\/\/jlgequipements.fr\/#\/schema\/logo\/image\/\",\"url\":\"https:\/\/jlgequipements.fr\/wp-content\/uploads\/2024\/01\/JLG_LOGO_VECTO.png\",\"contentUrl\":\"https:\/\/jlgequipements.fr\/wp-content\/uploads\/2024\/01\/JLG_LOGO_VECTO.png\",\"width\":3293,\"height\":3292,\"caption\":\"JLG \u00c9quipements collectivit\u00e9\"},\"image\":{\"@id\":\"https:\/\/jlgequipements.fr\/#\/schema\/logo\/image\/\"}}]}<\/script>\n<!-- \/ Yoast SEO plugin. -->","yoast_head_json":{"title":"ISOLOIR DE VOTE \u00c9LECTORAL PMR - JLG \u00c9quipements Collectivit\u00e9s","robots":{"index":"index","follow":"follow","max-snippet":"max-snippet:-1","max-image-preview":"max-image-preview:large","max-video-preview":"max-video-preview:-1"},"canonical":"https:\/\/jlgequipements.fr\/index.php\/produit\/isoloir-de-vote-electoral-pmr-pince-flx\/","og_locale":"fr_FR","og_type":"article","og_title":"ISOLOIR DE VOTE \u00c9LECTORAL PMR - JLG \u00c9quipements Collectivit\u00e9s","og_description":"Structure en aluminium anodis\u00e9 naturel C\u00f4t\u00e9s remplissages en panneaux m\u00e9lamin\u00e9 blanc 7,3 mm 2 rideaux anti-feu M1, opaques gris dimensions : L 800 x H 1500 Dimensions : L 1350 x H 1990 x P 1350 mm Poids : 35 kg Tablette amovible et rabattable en acier finition noire grain\u00e9e Dimension 1300 x 1500 mm Hauteur de la tablette par rapport au sol : 730 mm","og_url":"https:\/\/jlgequipements.fr\/index.php\/produit\/isoloir-de-vote-electoral-pmr-pince-flx\/","og_site_name":"JLG \u00c9quipements Collectivit\u00e9s","article_modified_time":"2024-03-19T12:50:54+00:00","og_image":[{"width":500,"height":500,"url":"https:\/\/jlgequipements.fr\/wp-content\/uploads\/2024\/02\/ISOLOIR_ELECTORAL_VOTE_PMR.jpg","type":"image\/jpeg"}],"twitter_card":"summary_large_image","schema":{"@context":"https:\/\/schema.org","@graph":[{"@type":"WebPage","@id":"https:\/\/jlgequipements.fr\/index.php\/produit\/isoloir-de-vote-electoral-pmr-pince-flx\/","url":"https:\/\/jlgequipements.fr\/index.php\/produit\/isoloir-de-vote-electoral-pmr-pince-flx\/","name":"ISOLOIR DE VOTE \u00c9LECTORAL PMR - JLG \u00c9quipements Collectivit\u00e9s","isPartOf":{"@id":"https:\/\/jlgequipements.fr\/#website"},"primaryImageOfPage":{"@id":"https:\/\/jlgequipements.fr\/index.php\/produit\/isoloir-de-vote-electoral-pmr-pince-flx\/#primaryimage"},"image":{"@id":"https:\/\/jlgequipements.fr\/index.php\/produit\/isoloir-de-vote-electoral-pmr-pince-flx\/#primaryimage"},"thumbnailUrl":"https:\/\/jlgequipements.fr\/wp-content\/uploads\/2024\/02\/ISOLOIR_ELECTORAL_VOTE_PMR.jpg","datePublished":"2024-02-27T09:39:32+00:00","dateModified":"2024-03-19T12:50:54+00:00","breadcrumb":{"@id":"https:\/\/jlgequipements.fr\/index.php\/produit\/isoloir-de-vote-electoral-pmr-pince-flx\/#breadcrumb"},"inLanguage":"fr-FR","potentialAction":[{"@type":"ReadAction","target":["https:\/\/jlgequipements.fr\/index.php\/produit\/isoloir-de-vote-electoral-pmr-pince-flx\/"]}]},{"@type":"ImageObject","inLanguage":"fr-FR","@id":"https:\/\/jlgequipements.fr\/index.php\/produit\/isoloir-de-vote-electoral-pmr-pince-flx\/#primaryimage","url":"https:\/\/jlgequipements.fr\/wp-content\/uploads\/2024\/02\/ISOLOIR_ELECTORAL_VOTE_PMR.jpg","contentUrl":"https:\/\/jlgequipements.fr\/wp-content\/uploads\/2024\/02\/ISOLOIR_ELECTORAL_VOTE_PMR.jpg","width":500,"height":500},{"@type":"BreadcrumbList","@id":"https:\/\/jlgequipements.fr\/index.php\/produit\/isoloir-de-vote-electoral-pmr-pince-flx\/#breadcrumb","itemListElement":[{"@type":"ListItem","position":1,"name":"Accueil","item":"https:\/\/jlgequipements.fr\/"},{"@type":"ListItem","position":2,"name":"Boutique","item":"https:\/\/jlgequipements.fr\/index.php\/boutique\/"},{"@type":"ListItem","position":3,"name":"ISOLOIR DE VOTE \u00c9LECTORAL PMR"}]},{"@type":"WebSite","@id":"https:\/\/jlgequipements.fr\/#website","url":"https:\/\/jlgequipements.fr\/","name":"JLG \u00c9quipements collectivit\u00e9","description":"Le partenaire des communes","publisher":{"@id":"https:\/\/jlgequipements.fr\/#organization"},"potentialAction":[{"@type":"SearchAction","target":{"@type":"EntryPoint","urlTemplate":"https:\/\/jlgequipements.fr\/?s={search_term_string}"},"query-input":{"@type":"PropertyValueSpecification","valueRequired":true,"valueName":"search_term_string"}}],"inLanguage":"fr-FR"},{"@type":"Organization","@id":"https:\/\/jlgequipements.fr\/#organization","name":"JLG \u00c9quipements collectivit\u00e9","url":"https:\/\/jlgequipements.fr\/","logo":{"@type":"ImageObject","inLanguage":"fr-FR","@id":"https:\/\/jlgequipements.fr\/#\/schema\/logo\/image\/","url":"https:\/\/jlgequipements.fr\/wp-content\/uploads\/2024\/01\/JLG_LOGO_VECTO.png","contentUrl":"https:\/\/jlgequipements.fr\/wp-content\/uploads\/2024\/01\/JLG_LOGO_VECTO.png","width":3293,"height":3292,"caption":"JLG \u00c9quipements collectivit\u00e9"},"image":{"@id":"https:\/\/jlgequipements.fr\/#\/schema\/logo\/image\/"}}]}},"_links":{"self":[{"href":"https:\/\/jlgequipements.fr\/index.php\/wp-json\/wp\/v2\/product\/7762","targetHints":{"allow":["GET"]}}],"collection":[{"href":"https:\/\/jlgequipements.fr\/index.php\/wp-json\/wp\/v2\/product"}],"about":[{"href":"https:\/\/jlgequipements.fr\/index.php\/wp-json\/wp\/v2\/types\/product"}],"replies":[{"embeddable":true,"href":"https:\/\/jlgequipements.fr\/index.php\/wp-json\/wp\/v2\/comments?post=7762"}],"version-history":[{"count":3,"href":"https:\/\/jlgequipements.fr\/index.php\/wp-json\/wp\/v2\/product\/7762\/revisions"}],"predecessor-version":[{"id":11058,"href":"https:\/\/jlgequipements.fr\/index.php\/wp-json\/wp\/v2\/product\/7762\/revisions\/11058"}],"wp:featuredmedia":[{"embeddable":true,"href":"https:\/\/jlgequipements.fr\/index.php\/wp-json\/wp\/v2\/media\/11057"}],"wp:attachment":[{"href":"https:\/\/jlgequipements.fr\/index.php\/wp-json\/wp\/v2\/media?parent=7762"}],"wp:term":[{"taxonomy":"product_brand","embeddable":true,"href":"https:\/\/jlgequipements.fr\/index.php\/wp-json\/wp\/v2\/product_brand?post=7762"},{"taxonomy":"product_cat","embeddable":true,"href":"https:\/\/jlgequipements.fr\/index.php\/wp-json\/wp\/v2\/product_cat?post=7762"},{"taxonomy":"product_tag","embeddable":true,"href":"https:\/\/jlgequipements.fr\/index.php\/wp-json\/wp\/v2\/product_tag?post=7762"}],"curies":[{"name":"wp","href":"https:\/\/api.w.org\/{rel}","templated":true}]}}