{"id":7761,"date":"2024-02-27T10:39:32","date_gmt":"2024-02-27T09:39:32","guid":{"rendered":"https:\/\/www.jlg.nicolas-briche.fr\/index.php\/produit\/isoloir-de-vote-electoral-initial-pince-flx\/"},"modified":"2024-06-03T16:00:52","modified_gmt":"2024-06-03T14:00:52","slug":"isoloir-de-vote-electoral-initial-pince-flx","status":"publish","type":"product","link":"https:\/\/jlgequipements.fr\/index.php\/produit\/isoloir-de-vote-electoral-initial-pince-flx\/","title":{"rendered":"ISOLOIR DE VOTE \u00c9LECTORAL CASE D\u00c9PART ET SUIVANTE"},"content":{"rendered":"<ul>\n<li>Il peut \u00e0 la fois servir seul et \u00eatre utilis\u00e9 comme case de d\u00e9part,<br \/>\nl\u2019isoloir de vote \u00e9lectoral suivant<br \/>\nviendra se greffer pour former une rang\u00e9e de<br \/>\nplusieurs isoloirs.<\/li>\n<li>Structure en aluminium anodis\u00e9 naturel<\/li>\n<li>C\u00f4t\u00e9s remplissages en panneaux m\u00e9lamin\u00e9 blanc<\/li>\n<li>2 rideaux anti-feu M1 dimension L 800 x H 1500 mm<\/li>\n<li>(case initiale) Dimensions : L 825 x H 1990 x P 800 mm<\/li>\n<li>(case suivante) Dimensions : L 825 x H 1990 x P 800 mm<\/li>\n<li>Tablette : amovible et rabattable en acier<\/li>\n<li>Finition noire grain\u00e9e<\/li>\n<li>Dimension 1300 x 1500 mm<\/li>\n<li>Dimension de la tablette 400 x 150 mm<\/li>\n<li>Hauteur de la tablette par rapport au sol : 730 mm<\/li>\n<li>Montage et d\u00e9montage facile et sans outils<\/li>\n<li>Stockage facile : faible encombrement une fois d\u00e9mont\u00e9<\/li>\n<li>S\u00e9curit\u00e9 : rideaux anti-feu, class\u00e9s M1<\/li>\n<li>Excellente stabilit\u00e9.<\/li>\n<\/ul>\n","protected":false},"excerpt":{"rendered":"<p>Il peut \u00e0 la fois servir seul et \u00eatre utilis\u00e9 comme case de d\u00e9part, l\u2019isoloir de vote \u00e9lectoral suivant viendra se greffer pour former une rang\u00e9e de plusieurs isoloirs. Structure en aluminium anodis\u00e9 naturel C\u00f4t\u00e9s remplissages en panneaux m\u00e9lamin\u00e9 blanc 2 rideaux anti-feu M1 dimension L 800 x H 1500 mm (case initiale) Dimensions : L 825 x H 1990 x P 800 mm (case suivante) Dimensions : L 825 x H 1990 x P 800 mm Tablette : amovible et rabattable en acier Finition noire grain\u00e9e Dimension 1300 x 1500 mm Dimension de la tablette 400 x 150 mm Hauteur de la tablette par rapport au sol : 730 mm Montage et d\u00e9montage facile et sans outils Stockage facile : faible encombrement une fois d\u00e9mont\u00e9 S\u00e9curit\u00e9 : rideaux anti-feu, class\u00e9s M1 Excellente stabilit\u00e9.<\/p>\n","protected":false},"featured_media":10398,"comment_status":"closed","ping_status":"closed","template":"","meta":[],"product_brand":[],"product_cat":[198,208],"product_tag":[],"class_list":{"0":"post-7761","1":"product","2":"type-product","3":"status-publish","4":"has-post-thumbnail","6":"product_cat-etat-civil","7":"product_cat-elections","9":"first","10":"instock","11":"shipping-taxable","12":"product-type-simple"},"yoast_head":"<!-- This site is optimized with the Yoast SEO plugin v27.1.1 - https:\/\/yoast.com\/product\/yoast-seo-wordpress\/ -->\n<title>ISOLOIR DE VOTE \u00c9LECTORAL CASE D\u00c9PART ET SUIVANTE - JLG \u00c9quipements Collectivit\u00e9s<\/title>\n<meta name=\"robots\" content=\"index, follow, max-snippet:-1, max-image-preview:large, max-video-preview:-1\" \/>\n<link rel=\"canonical\" href=\"https:\/\/jlgequipements.fr\/index.php\/produit\/isoloir-de-vote-electoral-initial-pince-flx\/\" \/>\n<meta property=\"og:locale\" content=\"fr_FR\" \/>\n<meta property=\"og:type\" content=\"article\" \/>\n<meta property=\"og:title\" content=\"ISOLOIR DE VOTE \u00c9LECTORAL CASE D\u00c9PART ET SUIVANTE - JLG \u00c9quipements Collectivit\u00e9s\" \/>\n<meta property=\"og:description\" content=\"Il peut \u00e0 la fois servir seul et \u00eatre utilis\u00e9 comme case de d\u00e9part, l\u2019isoloir de vote \u00e9lectoral suivant viendra se greffer pour former une rang\u00e9e de plusieurs isoloirs. Structure en aluminium anodis\u00e9 naturel C\u00f4t\u00e9s remplissages en panneaux m\u00e9lamin\u00e9 blanc 2 rideaux anti-feu M1 dimension L 800 x H 1500 mm (case initiale) Dimensions : L 825 x H 1990 x P 800 mm (case suivante) Dimensions : L 825 x H 1990 x P 800 mm Tablette : amovible et rabattable en acier Finition noire grain\u00e9e Dimension 1300 x 1500 mm Dimension de la tablette 400 x 150 mm Hauteur de la tablette par rapport au sol : 730 mm Montage et d\u00e9montage facile et sans outils Stockage facile : faible encombrement une fois d\u00e9mont\u00e9 S\u00e9curit\u00e9 : rideaux anti-feu, class\u00e9s M1 Excellente stabilit\u00e9.\" \/>\n<meta property=\"og:url\" content=\"https:\/\/jlgequipements.fr\/index.php\/produit\/isoloir-de-vote-electoral-initial-pince-flx\/\" \/>\n<meta property=\"og:site_name\" content=\"JLG \u00c9quipements Collectivit\u00e9s\" \/>\n<meta property=\"article:modified_time\" content=\"2024-06-03T14:00:52+00:00\" \/>\n<meta property=\"og:image\" content=\"https:\/\/jlgequipements.fr\/wp-content\/uploads\/2024\/02\/ISOLOIR_CASE_DEPART_SUIVANTE-.jpg\" \/>\n\t<meta property=\"og:image:width\" content=\"500\" \/>\n\t<meta property=\"og:image:height\" content=\"500\" \/>\n\t<meta property=\"og:image:type\" content=\"image\/jpeg\" \/>\n<meta name=\"twitter:card\" content=\"summary_large_image\" \/>\n<meta name=\"twitter:label1\" content=\"Dur\u00e9e de lecture estim\u00e9e\" \/>\n\t<meta name=\"twitter:data1\" content=\"1 minute\" \/>\n<script type=\"application\/ld+json\" class=\"yoast-schema-graph\">{\"@context\":\"https:\/\/schema.org\",\"@graph\":[{\"@type\":\"WebPage\",\"@id\":\"https:\/\/jlgequipements.fr\/index.php\/produit\/isoloir-de-vote-electoral-initial-pince-flx\/\",\"url\":\"https:\/\/jlgequipements.fr\/index.php\/produit\/isoloir-de-vote-electoral-initial-pince-flx\/\",\"name\":\"ISOLOIR DE VOTE \u00c9LECTORAL CASE D\u00c9PART ET SUIVANTE - JLG \u00c9quipements Collectivit\u00e9s\",\"isPartOf\":{\"@id\":\"https:\/\/jlgequipements.fr\/#website\"},\"primaryImageOfPage\":{\"@id\":\"https:\/\/jlgequipements.fr\/index.php\/produit\/isoloir-de-vote-electoral-initial-pince-flx\/#primaryimage\"},\"image\":{\"@id\":\"https:\/\/jlgequipements.fr\/index.php\/produit\/isoloir-de-vote-electoral-initial-pince-flx\/#primaryimage\"},\"thumbnailUrl\":\"https:\/\/jlgequipements.fr\/wp-content\/uploads\/2024\/02\/ISOLOIR_CASE_DEPART_SUIVANTE-.jpg\",\"datePublished\":\"2024-02-27T09:39:32+00:00\",\"dateModified\":\"2024-06-03T14:00:52+00:00\",\"breadcrumb\":{\"@id\":\"https:\/\/jlgequipements.fr\/index.php\/produit\/isoloir-de-vote-electoral-initial-pince-flx\/#breadcrumb\"},\"inLanguage\":\"fr-FR\",\"potentialAction\":[{\"@type\":\"ReadAction\",\"target\":[\"https:\/\/jlgequipements.fr\/index.php\/produit\/isoloir-de-vote-electoral-initial-pince-flx\/\"]}]},{\"@type\":\"ImageObject\",\"inLanguage\":\"fr-FR\",\"@id\":\"https:\/\/jlgequipements.fr\/index.php\/produit\/isoloir-de-vote-electoral-initial-pince-flx\/#primaryimage\",\"url\":\"https:\/\/jlgequipements.fr\/wp-content\/uploads\/2024\/02\/ISOLOIR_CASE_DEPART_SUIVANTE-.jpg\",\"contentUrl\":\"https:\/\/jlgequipements.fr\/wp-content\/uploads\/2024\/02\/ISOLOIR_CASE_DEPART_SUIVANTE-.jpg\",\"width\":500,\"height\":500},{\"@type\":\"BreadcrumbList\",\"@id\":\"https:\/\/jlgequipements.fr\/index.php\/produit\/isoloir-de-vote-electoral-initial-pince-flx\/#breadcrumb\",\"itemListElement\":[{\"@type\":\"ListItem\",\"position\":1,\"name\":\"Accueil\",\"item\":\"https:\/\/jlgequipements.fr\/\"},{\"@type\":\"ListItem\",\"position\":2,\"name\":\"Boutique\",\"item\":\"https:\/\/jlgequipements.fr\/index.php\/boutique\/\"},{\"@type\":\"ListItem\",\"position\":3,\"name\":\"ISOLOIR DE VOTE \u00c9LECTORAL CASE D\u00c9PART ET SUIVANTE\"}]},{\"@type\":\"WebSite\",\"@id\":\"https:\/\/jlgequipements.fr\/#website\",\"url\":\"https:\/\/jlgequipements.fr\/\",\"name\":\"JLG \u00c9quipements collectivit\u00e9\",\"description\":\"Le partenaire des communes\",\"publisher\":{\"@id\":\"https:\/\/jlgequipements.fr\/#organization\"},\"potentialAction\":[{\"@type\":\"SearchAction\",\"target\":{\"@type\":\"EntryPoint\",\"urlTemplate\":\"https:\/\/jlgequipements.fr\/?s={search_term_string}\"},\"query-input\":{\"@type\":\"PropertyValueSpecification\",\"valueRequired\":true,\"valueName\":\"search_term_string\"}}],\"inLanguage\":\"fr-FR\"},{\"@type\":\"Organization\",\"@id\":\"https:\/\/jlgequipements.fr\/#organization\",\"name\":\"JLG \u00c9quipements collectivit\u00e9\",\"url\":\"https:\/\/jlgequipements.fr\/\",\"logo\":{\"@type\":\"ImageObject\",\"inLanguage\":\"fr-FR\",\"@id\":\"https:\/\/jlgequipements.fr\/#\/schema\/logo\/image\/\",\"url\":\"https:\/\/jlgequipements.fr\/wp-content\/uploads\/2024\/01\/JLG_LOGO_VECTO.png\",\"contentUrl\":\"https:\/\/jlgequipements.fr\/wp-content\/uploads\/2024\/01\/JLG_LOGO_VECTO.png\",\"width\":3293,\"height\":3292,\"caption\":\"JLG \u00c9quipements collectivit\u00e9\"},\"image\":{\"@id\":\"https:\/\/jlgequipements.fr\/#\/schema\/logo\/image\/\"}}]}<\/script>\n<!-- \/ Yoast SEO plugin. -->","yoast_head_json":{"title":"ISOLOIR DE VOTE \u00c9LECTORAL CASE D\u00c9PART ET SUIVANTE - JLG \u00c9quipements Collectivit\u00e9s","robots":{"index":"index","follow":"follow","max-snippet":"max-snippet:-1","max-image-preview":"max-image-preview:large","max-video-preview":"max-video-preview:-1"},"canonical":"https:\/\/jlgequipements.fr\/index.php\/produit\/isoloir-de-vote-electoral-initial-pince-flx\/","og_locale":"fr_FR","og_type":"article","og_title":"ISOLOIR DE VOTE \u00c9LECTORAL CASE D\u00c9PART ET SUIVANTE - JLG \u00c9quipements Collectivit\u00e9s","og_description":"Il peut \u00e0 la fois servir seul et \u00eatre utilis\u00e9 comme case de d\u00e9part, l\u2019isoloir de vote \u00e9lectoral suivant viendra se greffer pour former une rang\u00e9e de plusieurs isoloirs. Structure en aluminium anodis\u00e9 naturel C\u00f4t\u00e9s remplissages en panneaux m\u00e9lamin\u00e9 blanc 2 rideaux anti-feu M1 dimension L 800 x H 1500 mm (case initiale) Dimensions : L 825 x H 1990 x P 800 mm (case suivante) Dimensions : L 825 x H 1990 x P 800 mm Tablette : amovible et rabattable en acier Finition noire grain\u00e9e Dimension 1300 x 1500 mm Dimension de la tablette 400 x 150 mm Hauteur de la tablette par rapport au sol : 730 mm Montage et d\u00e9montage facile et sans outils Stockage facile : faible encombrement une fois d\u00e9mont\u00e9 S\u00e9curit\u00e9 : rideaux anti-feu, class\u00e9s M1 Excellente stabilit\u00e9.","og_url":"https:\/\/jlgequipements.fr\/index.php\/produit\/isoloir-de-vote-electoral-initial-pince-flx\/","og_site_name":"JLG \u00c9quipements Collectivit\u00e9s","article_modified_time":"2024-06-03T14:00:52+00:00","og_image":[{"width":500,"height":500,"url":"https:\/\/jlgequipements.fr\/wp-content\/uploads\/2024\/02\/ISOLOIR_CASE_DEPART_SUIVANTE-.jpg","type":"image\/jpeg"}],"twitter_card":"summary_large_image","twitter_misc":{"Dur\u00e9e de lecture estim\u00e9e":"1 minute"},"schema":{"@context":"https:\/\/schema.org","@graph":[{"@type":"WebPage","@id":"https:\/\/jlgequipements.fr\/index.php\/produit\/isoloir-de-vote-electoral-initial-pince-flx\/","url":"https:\/\/jlgequipements.fr\/index.php\/produit\/isoloir-de-vote-electoral-initial-pince-flx\/","name":"ISOLOIR DE VOTE \u00c9LECTORAL CASE D\u00c9PART ET SUIVANTE - JLG \u00c9quipements Collectivit\u00e9s","isPartOf":{"@id":"https:\/\/jlgequipements.fr\/#website"},"primaryImageOfPage":{"@id":"https:\/\/jlgequipements.fr\/index.php\/produit\/isoloir-de-vote-electoral-initial-pince-flx\/#primaryimage"},"image":{"@id":"https:\/\/jlgequipements.fr\/index.php\/produit\/isoloir-de-vote-electoral-initial-pince-flx\/#primaryimage"},"thumbnailUrl":"https:\/\/jlgequipements.fr\/wp-content\/uploads\/2024\/02\/ISOLOIR_CASE_DEPART_SUIVANTE-.jpg","datePublished":"2024-02-27T09:39:32+00:00","dateModified":"2024-06-03T14:00:52+00:00","breadcrumb":{"@id":"https:\/\/jlgequipements.fr\/index.php\/produit\/isoloir-de-vote-electoral-initial-pince-flx\/#breadcrumb"},"inLanguage":"fr-FR","potentialAction":[{"@type":"ReadAction","target":["https:\/\/jlgequipements.fr\/index.php\/produit\/isoloir-de-vote-electoral-initial-pince-flx\/"]}]},{"@type":"ImageObject","inLanguage":"fr-FR","@id":"https:\/\/jlgequipements.fr\/index.php\/produit\/isoloir-de-vote-electoral-initial-pince-flx\/#primaryimage","url":"https:\/\/jlgequipements.fr\/wp-content\/uploads\/2024\/02\/ISOLOIR_CASE_DEPART_SUIVANTE-.jpg","contentUrl":"https:\/\/jlgequipements.fr\/wp-content\/uploads\/2024\/02\/ISOLOIR_CASE_DEPART_SUIVANTE-.jpg","width":500,"height":500},{"@type":"BreadcrumbList","@id":"https:\/\/jlgequipements.fr\/index.php\/produit\/isoloir-de-vote-electoral-initial-pince-flx\/#breadcrumb","itemListElement":[{"@type":"ListItem","position":1,"name":"Accueil","item":"https:\/\/jlgequipements.fr\/"},{"@type":"ListItem","position":2,"name":"Boutique","item":"https:\/\/jlgequipements.fr\/index.php\/boutique\/"},{"@type":"ListItem","position":3,"name":"ISOLOIR DE VOTE \u00c9LECTORAL CASE D\u00c9PART ET SUIVANTE"}]},{"@type":"WebSite","@id":"https:\/\/jlgequipements.fr\/#website","url":"https:\/\/jlgequipements.fr\/","name":"JLG \u00c9quipements collectivit\u00e9","description":"Le partenaire des communes","publisher":{"@id":"https:\/\/jlgequipements.fr\/#organization"},"potentialAction":[{"@type":"SearchAction","target":{"@type":"EntryPoint","urlTemplate":"https:\/\/jlgequipements.fr\/?s={search_term_string}"},"query-input":{"@type":"PropertyValueSpecification","valueRequired":true,"valueName":"search_term_string"}}],"inLanguage":"fr-FR"},{"@type":"Organization","@id":"https:\/\/jlgequipements.fr\/#organization","name":"JLG \u00c9quipements collectivit\u00e9","url":"https:\/\/jlgequipements.fr\/","logo":{"@type":"ImageObject","inLanguage":"fr-FR","@id":"https:\/\/jlgequipements.fr\/#\/schema\/logo\/image\/","url":"https:\/\/jlgequipements.fr\/wp-content\/uploads\/2024\/01\/JLG_LOGO_VECTO.png","contentUrl":"https:\/\/jlgequipements.fr\/wp-content\/uploads\/2024\/01\/JLG_LOGO_VECTO.png","width":3293,"height":3292,"caption":"JLG \u00c9quipements collectivit\u00e9"},"image":{"@id":"https:\/\/jlgequipements.fr\/#\/schema\/logo\/image\/"}}]}},"_links":{"self":[{"href":"https:\/\/jlgequipements.fr\/index.php\/wp-json\/wp\/v2\/product\/7761","targetHints":{"allow":["GET"]}}],"collection":[{"href":"https:\/\/jlgequipements.fr\/index.php\/wp-json\/wp\/v2\/product"}],"about":[{"href":"https:\/\/jlgequipements.fr\/index.php\/wp-json\/wp\/v2\/types\/product"}],"replies":[{"embeddable":true,"href":"https:\/\/jlgequipements.fr\/index.php\/wp-json\/wp\/v2\/comments?post=7761"}],"version-history":[{"count":4,"href":"https:\/\/jlgequipements.fr\/index.php\/wp-json\/wp\/v2\/product\/7761\/revisions"}],"predecessor-version":[{"id":12582,"href":"https:\/\/jlgequipements.fr\/index.php\/wp-json\/wp\/v2\/product\/7761\/revisions\/12582"}],"wp:featuredmedia":[{"embeddable":true,"href":"https:\/\/jlgequipements.fr\/index.php\/wp-json\/wp\/v2\/media\/10398"}],"wp:attachment":[{"href":"https:\/\/jlgequipements.fr\/index.php\/wp-json\/wp\/v2\/media?parent=7761"}],"wp:term":[{"taxonomy":"product_brand","embeddable":true,"href":"https:\/\/jlgequipements.fr\/index.php\/wp-json\/wp\/v2\/product_brand?post=7761"},{"taxonomy":"product_cat","embeddable":true,"href":"https:\/\/jlgequipements.fr\/index.php\/wp-json\/wp\/v2\/product_cat?post=7761"},{"taxonomy":"product_tag","embeddable":true,"href":"https:\/\/jlgequipements.fr\/index.php\/wp-json\/wp\/v2\/product_tag?post=7761"}],"curies":[{"name":"wp","href":"https:\/\/api.w.org\/{rel}","templated":true}]}}