{"id":7754,"date":"2024-02-27T10:39:31","date_gmt":"2024-02-27T09:39:31","guid":{"rendered":"https:\/\/www.jlg.nicolas-briche.fr\/index.php\/produit\/timbre-officiel-en-cuivre\/"},"modified":"2024-03-21T12:30:35","modified_gmt":"2024-03-21T11:30:35","slug":"timbre-officiel-en-cuivre","status":"publish","type":"product","link":"https:\/\/jlgequipements.fr\/index.php\/produit\/timbre-officiel-en-cuivre\/","title":{"rendered":"TIMBRE OFFICIEL EN CUIVRE"},"content":{"rendered":"<ul>\n<li>Diam\u00e8tre : 25 mm<\/li>\n<li>Cachet officiel, grav\u00e9 en creux, en laiton, au nom de la commune avec la Marianne au centre<\/li>\n<li>Utilisation \u00e0 la cire uniquement<\/li>\n<\/ul>\n<ul>\n<li>R\u00e9f\u00e9rences r\u00e9glementaires :<br \/>\nArt. R.2213.48 du CGCT<br \/>\nArticle L.2213-14 du C.G.C.T. modifi\u00e9 par Loi<br \/>\nn\u00b02015-177 du 16 f\u00e9vrier 2015 &#8211; art. 15<\/li>\n<\/ul>\n","protected":false},"excerpt":{"rendered":"<p>Diam\u00e8tre : 25 mm Cachet officiel, grav\u00e9 en creux, en laiton, au nom de la commune avec la Marianne au centre Utilisation \u00e0 la cire uniquement R\u00e9f\u00e9rences r\u00e9glementaires : Art. R.2213.48 du CGCT Article L.2213-14 du C.G.C.T. modifi\u00e9 par Loi n\u00b02015-177 du 16 f\u00e9vrier 2015 &#8211; art. 15<\/p>\n","protected":false},"featured_media":10446,"comment_status":"closed","ping_status":"closed","template":"","meta":[],"product_brand":[],"product_cat":[198,209],"product_tag":[],"class_list":{"0":"post-7754","1":"product","2":"type-product","3":"status-publish","4":"has-post-thumbnail","6":"product_cat-etat-civil","7":"product_cat-cimetieres","9":"first","10":"instock","11":"shipping-taxable","12":"product-type-simple"},"yoast_head":"<!-- This site is optimized with the Yoast SEO plugin v27.1.1 - https:\/\/yoast.com\/product\/yoast-seo-wordpress\/ -->\n<title>TIMBRE OFFICIEL EN CUIVRE - JLG \u00c9quipements Collectivit\u00e9s<\/title>\n<meta name=\"robots\" content=\"index, follow, max-snippet:-1, max-image-preview:large, max-video-preview:-1\" \/>\n<link rel=\"canonical\" href=\"https:\/\/jlgequipements.fr\/index.php\/produit\/timbre-officiel-en-cuivre\/\" \/>\n<meta property=\"og:locale\" content=\"fr_FR\" \/>\n<meta property=\"og:type\" content=\"article\" \/>\n<meta property=\"og:title\" content=\"TIMBRE OFFICIEL EN CUIVRE - JLG \u00c9quipements Collectivit\u00e9s\" \/>\n<meta property=\"og:description\" content=\"Diam\u00e8tre : 25 mm Cachet officiel, grav\u00e9 en creux, en laiton, au nom de la commune avec la Marianne au centre Utilisation \u00e0 la cire uniquement R\u00e9f\u00e9rences r\u00e9glementaires : Art. R.2213.48 du CGCT Article L.2213-14 du C.G.C.T. modifi\u00e9 par Loi n\u00b02015-177 du 16 f\u00e9vrier 2015 &#8211; art. 15\" \/>\n<meta property=\"og:url\" content=\"https:\/\/jlgequipements.fr\/index.php\/produit\/timbre-officiel-en-cuivre\/\" \/>\n<meta property=\"og:site_name\" content=\"JLG \u00c9quipements Collectivit\u00e9s\" \/>\n<meta property=\"article:modified_time\" content=\"2024-03-21T11:30:35+00:00\" \/>\n<meta property=\"og:image\" content=\"https:\/\/jlgequipements.fr\/wp-content\/uploads\/2024\/02\/TIMBRE_OFFICIEL_CUIVRE.jpg\" \/>\n\t<meta property=\"og:image:width\" content=\"500\" \/>\n\t<meta property=\"og:image:height\" content=\"500\" \/>\n\t<meta property=\"og:image:type\" content=\"image\/jpeg\" \/>\n<meta name=\"twitter:card\" content=\"summary_large_image\" \/>\n<script type=\"application\/ld+json\" class=\"yoast-schema-graph\">{\"@context\":\"https:\/\/schema.org\",\"@graph\":[{\"@type\":\"WebPage\",\"@id\":\"https:\/\/jlgequipements.fr\/index.php\/produit\/timbre-officiel-en-cuivre\/\",\"url\":\"https:\/\/jlgequipements.fr\/index.php\/produit\/timbre-officiel-en-cuivre\/\",\"name\":\"TIMBRE OFFICIEL EN CUIVRE - JLG \u00c9quipements Collectivit\u00e9s\",\"isPartOf\":{\"@id\":\"https:\/\/jlgequipements.fr\/#website\"},\"primaryImageOfPage\":{\"@id\":\"https:\/\/jlgequipements.fr\/index.php\/produit\/timbre-officiel-en-cuivre\/#primaryimage\"},\"image\":{\"@id\":\"https:\/\/jlgequipements.fr\/index.php\/produit\/timbre-officiel-en-cuivre\/#primaryimage\"},\"thumbnailUrl\":\"https:\/\/jlgequipements.fr\/wp-content\/uploads\/2024\/02\/TIMBRE_OFFICIEL_CUIVRE.jpg\",\"datePublished\":\"2024-02-27T09:39:31+00:00\",\"dateModified\":\"2024-03-21T11:30:35+00:00\",\"breadcrumb\":{\"@id\":\"https:\/\/jlgequipements.fr\/index.php\/produit\/timbre-officiel-en-cuivre\/#breadcrumb\"},\"inLanguage\":\"fr-FR\",\"potentialAction\":[{\"@type\":\"ReadAction\",\"target\":[\"https:\/\/jlgequipements.fr\/index.php\/produit\/timbre-officiel-en-cuivre\/\"]}]},{\"@type\":\"ImageObject\",\"inLanguage\":\"fr-FR\",\"@id\":\"https:\/\/jlgequipements.fr\/index.php\/produit\/timbre-officiel-en-cuivre\/#primaryimage\",\"url\":\"https:\/\/jlgequipements.fr\/wp-content\/uploads\/2024\/02\/TIMBRE_OFFICIEL_CUIVRE.jpg\",\"contentUrl\":\"https:\/\/jlgequipements.fr\/wp-content\/uploads\/2024\/02\/TIMBRE_OFFICIEL_CUIVRE.jpg\",\"width\":500,\"height\":500},{\"@type\":\"BreadcrumbList\",\"@id\":\"https:\/\/jlgequipements.fr\/index.php\/produit\/timbre-officiel-en-cuivre\/#breadcrumb\",\"itemListElement\":[{\"@type\":\"ListItem\",\"position\":1,\"name\":\"Accueil\",\"item\":\"https:\/\/jlgequipements.fr\/\"},{\"@type\":\"ListItem\",\"position\":2,\"name\":\"Boutique\",\"item\":\"https:\/\/jlgequipements.fr\/index.php\/boutique\/\"},{\"@type\":\"ListItem\",\"position\":3,\"name\":\"TIMBRE OFFICIEL EN CUIVRE\"}]},{\"@type\":\"WebSite\",\"@id\":\"https:\/\/jlgequipements.fr\/#website\",\"url\":\"https:\/\/jlgequipements.fr\/\",\"name\":\"JLG \u00c9quipements collectivit\u00e9\",\"description\":\"Le partenaire des communes\",\"publisher\":{\"@id\":\"https:\/\/jlgequipements.fr\/#organization\"},\"potentialAction\":[{\"@type\":\"SearchAction\",\"target\":{\"@type\":\"EntryPoint\",\"urlTemplate\":\"https:\/\/jlgequipements.fr\/?s={search_term_string}\"},\"query-input\":{\"@type\":\"PropertyValueSpecification\",\"valueRequired\":true,\"valueName\":\"search_term_string\"}}],\"inLanguage\":\"fr-FR\"},{\"@type\":\"Organization\",\"@id\":\"https:\/\/jlgequipements.fr\/#organization\",\"name\":\"JLG \u00c9quipements collectivit\u00e9\",\"url\":\"https:\/\/jlgequipements.fr\/\",\"logo\":{\"@type\":\"ImageObject\",\"inLanguage\":\"fr-FR\",\"@id\":\"https:\/\/jlgequipements.fr\/#\/schema\/logo\/image\/\",\"url\":\"https:\/\/jlgequipements.fr\/wp-content\/uploads\/2024\/01\/JLG_LOGO_VECTO.png\",\"contentUrl\":\"https:\/\/jlgequipements.fr\/wp-content\/uploads\/2024\/01\/JLG_LOGO_VECTO.png\",\"width\":3293,\"height\":3292,\"caption\":\"JLG \u00c9quipements collectivit\u00e9\"},\"image\":{\"@id\":\"https:\/\/jlgequipements.fr\/#\/schema\/logo\/image\/\"}}]}<\/script>\n<!-- \/ Yoast SEO plugin. -->","yoast_head_json":{"title":"TIMBRE OFFICIEL EN CUIVRE - JLG \u00c9quipements Collectivit\u00e9s","robots":{"index":"index","follow":"follow","max-snippet":"max-snippet:-1","max-image-preview":"max-image-preview:large","max-video-preview":"max-video-preview:-1"},"canonical":"https:\/\/jlgequipements.fr\/index.php\/produit\/timbre-officiel-en-cuivre\/","og_locale":"fr_FR","og_type":"article","og_title":"TIMBRE OFFICIEL EN CUIVRE - JLG \u00c9quipements Collectivit\u00e9s","og_description":"Diam\u00e8tre : 25 mm Cachet officiel, grav\u00e9 en creux, en laiton, au nom de la commune avec la Marianne au centre Utilisation \u00e0 la cire uniquement R\u00e9f\u00e9rences r\u00e9glementaires : Art. R.2213.48 du CGCT Article L.2213-14 du C.G.C.T. modifi\u00e9 par Loi n\u00b02015-177 du 16 f\u00e9vrier 2015 &#8211; art. 15","og_url":"https:\/\/jlgequipements.fr\/index.php\/produit\/timbre-officiel-en-cuivre\/","og_site_name":"JLG \u00c9quipements Collectivit\u00e9s","article_modified_time":"2024-03-21T11:30:35+00:00","og_image":[{"width":500,"height":500,"url":"https:\/\/jlgequipements.fr\/wp-content\/uploads\/2024\/02\/TIMBRE_OFFICIEL_CUIVRE.jpg","type":"image\/jpeg"}],"twitter_card":"summary_large_image","schema":{"@context":"https:\/\/schema.org","@graph":[{"@type":"WebPage","@id":"https:\/\/jlgequipements.fr\/index.php\/produit\/timbre-officiel-en-cuivre\/","url":"https:\/\/jlgequipements.fr\/index.php\/produit\/timbre-officiel-en-cuivre\/","name":"TIMBRE OFFICIEL EN CUIVRE - JLG \u00c9quipements Collectivit\u00e9s","isPartOf":{"@id":"https:\/\/jlgequipements.fr\/#website"},"primaryImageOfPage":{"@id":"https:\/\/jlgequipements.fr\/index.php\/produit\/timbre-officiel-en-cuivre\/#primaryimage"},"image":{"@id":"https:\/\/jlgequipements.fr\/index.php\/produit\/timbre-officiel-en-cuivre\/#primaryimage"},"thumbnailUrl":"https:\/\/jlgequipements.fr\/wp-content\/uploads\/2024\/02\/TIMBRE_OFFICIEL_CUIVRE.jpg","datePublished":"2024-02-27T09:39:31+00:00","dateModified":"2024-03-21T11:30:35+00:00","breadcrumb":{"@id":"https:\/\/jlgequipements.fr\/index.php\/produit\/timbre-officiel-en-cuivre\/#breadcrumb"},"inLanguage":"fr-FR","potentialAction":[{"@type":"ReadAction","target":["https:\/\/jlgequipements.fr\/index.php\/produit\/timbre-officiel-en-cuivre\/"]}]},{"@type":"ImageObject","inLanguage":"fr-FR","@id":"https:\/\/jlgequipements.fr\/index.php\/produit\/timbre-officiel-en-cuivre\/#primaryimage","url":"https:\/\/jlgequipements.fr\/wp-content\/uploads\/2024\/02\/TIMBRE_OFFICIEL_CUIVRE.jpg","contentUrl":"https:\/\/jlgequipements.fr\/wp-content\/uploads\/2024\/02\/TIMBRE_OFFICIEL_CUIVRE.jpg","width":500,"height":500},{"@type":"BreadcrumbList","@id":"https:\/\/jlgequipements.fr\/index.php\/produit\/timbre-officiel-en-cuivre\/#breadcrumb","itemListElement":[{"@type":"ListItem","position":1,"name":"Accueil","item":"https:\/\/jlgequipements.fr\/"},{"@type":"ListItem","position":2,"name":"Boutique","item":"https:\/\/jlgequipements.fr\/index.php\/boutique\/"},{"@type":"ListItem","position":3,"name":"TIMBRE OFFICIEL EN CUIVRE"}]},{"@type":"WebSite","@id":"https:\/\/jlgequipements.fr\/#website","url":"https:\/\/jlgequipements.fr\/","name":"JLG \u00c9quipements collectivit\u00e9","description":"Le partenaire des communes","publisher":{"@id":"https:\/\/jlgequipements.fr\/#organization"},"potentialAction":[{"@type":"SearchAction","target":{"@type":"EntryPoint","urlTemplate":"https:\/\/jlgequipements.fr\/?s={search_term_string}"},"query-input":{"@type":"PropertyValueSpecification","valueRequired":true,"valueName":"search_term_string"}}],"inLanguage":"fr-FR"},{"@type":"Organization","@id":"https:\/\/jlgequipements.fr\/#organization","name":"JLG \u00c9quipements collectivit\u00e9","url":"https:\/\/jlgequipements.fr\/","logo":{"@type":"ImageObject","inLanguage":"fr-FR","@id":"https:\/\/jlgequipements.fr\/#\/schema\/logo\/image\/","url":"https:\/\/jlgequipements.fr\/wp-content\/uploads\/2024\/01\/JLG_LOGO_VECTO.png","contentUrl":"https:\/\/jlgequipements.fr\/wp-content\/uploads\/2024\/01\/JLG_LOGO_VECTO.png","width":3293,"height":3292,"caption":"JLG \u00c9quipements collectivit\u00e9"},"image":{"@id":"https:\/\/jlgequipements.fr\/#\/schema\/logo\/image\/"}}]}},"_links":{"self":[{"href":"https:\/\/jlgequipements.fr\/index.php\/wp-json\/wp\/v2\/product\/7754","targetHints":{"allow":["GET"]}}],"collection":[{"href":"https:\/\/jlgequipements.fr\/index.php\/wp-json\/wp\/v2\/product"}],"about":[{"href":"https:\/\/jlgequipements.fr\/index.php\/wp-json\/wp\/v2\/types\/product"}],"replies":[{"embeddable":true,"href":"https:\/\/jlgequipements.fr\/index.php\/wp-json\/wp\/v2\/comments?post=7754"}],"version-history":[{"count":4,"href":"https:\/\/jlgequipements.fr\/index.php\/wp-json\/wp\/v2\/product\/7754\/revisions"}],"predecessor-version":[{"id":11313,"href":"https:\/\/jlgequipements.fr\/index.php\/wp-json\/wp\/v2\/product\/7754\/revisions\/11313"}],"wp:featuredmedia":[{"embeddable":true,"href":"https:\/\/jlgequipements.fr\/index.php\/wp-json\/wp\/v2\/media\/10446"}],"wp:attachment":[{"href":"https:\/\/jlgequipements.fr\/index.php\/wp-json\/wp\/v2\/media?parent=7754"}],"wp:term":[{"taxonomy":"product_brand","embeddable":true,"href":"https:\/\/jlgequipements.fr\/index.php\/wp-json\/wp\/v2\/product_brand?post=7754"},{"taxonomy":"product_cat","embeddable":true,"href":"https:\/\/jlgequipements.fr\/index.php\/wp-json\/wp\/v2\/product_cat?post=7754"},{"taxonomy":"product_tag","embeddable":true,"href":"https:\/\/jlgequipements.fr\/index.php\/wp-json\/wp\/v2\/product_tag?post=7754"}],"curies":[{"name":"wp","href":"https:\/\/api.w.org\/{rel}","templated":true}]}}