{"id":14744,"date":"2026-02-03T10:54:26","date_gmt":"2026-02-03T09:54:26","guid":{"rendered":"https:\/\/jlgequipements.fr\/?post_type=product&#038;p=14744"},"modified":"2026-02-03T10:54:26","modified_gmt":"2026-02-03T09:54:26","slug":"panneaux-defense-de-fumer","status":"publish","type":"product","link":"https:\/\/jlgequipements.fr\/index.php\/produit\/panneaux-defense-de-fumer\/","title":{"rendered":"PANNEAUX D\u00c9FENSE DE FUMER"},"content":{"rendered":"<p class=\"p1\"><span class=\"s1\">&#8211; Fixation Murale<\/span><\/p>\n<p class=\"p1\"><span class=\"s1\">&#8211; Plaque aluminium, 2 mm pr\u00e9-perc\u00e9e<\/span><\/p>\n<p class=\"p1\"><span class=\"s1\">&#8211; Vis, chevilles et caches-vis, lot de 4<\/span><\/p>\n<p class=\"p1\"><span class=\"s1\">&#8211; Fixation sur poteau : sur demande<\/span><\/p>\n<p>&#8211; 500 x 300 ou 700 x 500<\/p>\n<p>&#8211; Personnalisable avec logo de la commune<\/p>\n","protected":false},"excerpt":{"rendered":"<p>&#8211; Fixation Murale &#8211; Plaque aluminium, 2 mm pr\u00e9-perc\u00e9e &#8211; Vis, chevilles et caches-vis, lot de 4 &#8211; Fixation sur poteau : sur demande &#8211; 500 x 300 ou 700 x 500 &#8211; Personnalisable avec logo de la commune<\/p>\n","protected":false},"featured_media":14750,"comment_status":"open","ping_status":"closed","template":"","meta":[],"product_brand":[],"product_cat":[226,233],"product_tag":[],"class_list":{"0":"post-14744","1":"product","2":"type-product","3":"status-publish","4":"has-post-thumbnail","6":"product_cat-mobilier-urbain","7":"product_cat-poteaux-et-signalisation-routiere","9":"first","10":"instock","11":"shipping-taxable","12":"product-type-simple"},"yoast_head":"<!-- This site is optimized with the Yoast SEO plugin v27.1.1 - https:\/\/yoast.com\/product\/yoast-seo-wordpress\/ -->\n<title>PANNEAUX D\u00c9FENSE DE FUMER - JLG \u00c9quipements Collectivit\u00e9s<\/title>\n<meta name=\"robots\" content=\"index, follow, max-snippet:-1, max-image-preview:large, max-video-preview:-1\" \/>\n<link rel=\"canonical\" href=\"https:\/\/jlgequipements.fr\/index.php\/produit\/panneaux-defense-de-fumer\/\" \/>\n<meta property=\"og:locale\" content=\"fr_FR\" \/>\n<meta property=\"og:type\" content=\"article\" \/>\n<meta property=\"og:title\" content=\"PANNEAUX D\u00c9FENSE DE FUMER - JLG \u00c9quipements Collectivit\u00e9s\" \/>\n<meta property=\"og:description\" content=\"&#8211; Fixation Murale &#8211; Plaque aluminium, 2 mm pr\u00e9-perc\u00e9e &#8211; Vis, chevilles et caches-vis, lot de 4 &#8211; Fixation sur poteau : sur demande &#8211; 500 x 300 ou 700 x 500 &#8211; Personnalisable avec logo de la commune\" \/>\n<meta property=\"og:url\" content=\"https:\/\/jlgequipements.fr\/index.php\/produit\/panneaux-defense-de-fumer\/\" \/>\n<meta property=\"og:site_name\" content=\"JLG \u00c9quipements Collectivit\u00e9s\" \/>\n<meta property=\"og:image\" content=\"http:\/\/jlgequipements.fr\/wp-content\/uploads\/2026\/02\/INTERDICTION-DE-FUMER-06.jpg\" \/>\n\t<meta property=\"og:image:width\" content=\"2083\" \/>\n\t<meta property=\"og:image:height\" content=\"2083\" \/>\n\t<meta property=\"og:image:type\" content=\"image\/jpeg\" \/>\n<meta name=\"twitter:card\" content=\"summary_large_image\" \/>\n<meta name=\"twitter:label1\" content=\"Dur\u00e9e de lecture estim\u00e9e\" \/>\n\t<meta name=\"twitter:data1\" content=\"1 minute\" \/>\n<script type=\"application\/ld+json\" class=\"yoast-schema-graph\">{\"@context\":\"https:\/\/schema.org\",\"@graph\":[{\"@type\":\"WebPage\",\"@id\":\"https:\/\/jlgequipements.fr\/index.php\/produit\/panneaux-defense-de-fumer\/\",\"url\":\"https:\/\/jlgequipements.fr\/index.php\/produit\/panneaux-defense-de-fumer\/\",\"name\":\"PANNEAUX D\u00c9FENSE DE FUMER - JLG \u00c9quipements Collectivit\u00e9s\",\"isPartOf\":{\"@id\":\"https:\/\/jlgequipements.fr\/#website\"},\"primaryImageOfPage\":{\"@id\":\"https:\/\/jlgequipements.fr\/index.php\/produit\/panneaux-defense-de-fumer\/#primaryimage\"},\"image\":{\"@id\":\"https:\/\/jlgequipements.fr\/index.php\/produit\/panneaux-defense-de-fumer\/#primaryimage\"},\"thumbnailUrl\":\"https:\/\/jlgequipements.fr\/wp-content\/uploads\/2026\/02\/INTERDICTION-DE-FUMER-06.jpg\",\"datePublished\":\"2026-02-03T09:54:26+00:00\",\"breadcrumb\":{\"@id\":\"https:\/\/jlgequipements.fr\/index.php\/produit\/panneaux-defense-de-fumer\/#breadcrumb\"},\"inLanguage\":\"fr-FR\",\"potentialAction\":[{\"@type\":\"ReadAction\",\"target\":[\"https:\/\/jlgequipements.fr\/index.php\/produit\/panneaux-defense-de-fumer\/\"]}]},{\"@type\":\"ImageObject\",\"inLanguage\":\"fr-FR\",\"@id\":\"https:\/\/jlgequipements.fr\/index.php\/produit\/panneaux-defense-de-fumer\/#primaryimage\",\"url\":\"https:\/\/jlgequipements.fr\/wp-content\/uploads\/2026\/02\/INTERDICTION-DE-FUMER-06.jpg\",\"contentUrl\":\"https:\/\/jlgequipements.fr\/wp-content\/uploads\/2026\/02\/INTERDICTION-DE-FUMER-06.jpg\",\"width\":2083,\"height\":2083},{\"@type\":\"BreadcrumbList\",\"@id\":\"https:\/\/jlgequipements.fr\/index.php\/produit\/panneaux-defense-de-fumer\/#breadcrumb\",\"itemListElement\":[{\"@type\":\"ListItem\",\"position\":1,\"name\":\"Accueil\",\"item\":\"https:\/\/jlgequipements.fr\/\"},{\"@type\":\"ListItem\",\"position\":2,\"name\":\"Boutique\",\"item\":\"https:\/\/jlgequipements.fr\/index.php\/boutique\/\"},{\"@type\":\"ListItem\",\"position\":3,\"name\":\"PANNEAUX D\u00c9FENSE DE FUMER\"}]},{\"@type\":\"WebSite\",\"@id\":\"https:\/\/jlgequipements.fr\/#website\",\"url\":\"https:\/\/jlgequipements.fr\/\",\"name\":\"JLG \u00c9quipements collectivit\u00e9\",\"description\":\"Le partenaire des communes\",\"publisher\":{\"@id\":\"https:\/\/jlgequipements.fr\/#organization\"},\"potentialAction\":[{\"@type\":\"SearchAction\",\"target\":{\"@type\":\"EntryPoint\",\"urlTemplate\":\"https:\/\/jlgequipements.fr\/?s={search_term_string}\"},\"query-input\":{\"@type\":\"PropertyValueSpecification\",\"valueRequired\":true,\"valueName\":\"search_term_string\"}}],\"inLanguage\":\"fr-FR\"},{\"@type\":\"Organization\",\"@id\":\"https:\/\/jlgequipements.fr\/#organization\",\"name\":\"JLG \u00c9quipements collectivit\u00e9\",\"url\":\"https:\/\/jlgequipements.fr\/\",\"logo\":{\"@type\":\"ImageObject\",\"inLanguage\":\"fr-FR\",\"@id\":\"https:\/\/jlgequipements.fr\/#\/schema\/logo\/image\/\",\"url\":\"https:\/\/jlgequipements.fr\/wp-content\/uploads\/2024\/01\/JLG_LOGO_VECTO.png\",\"contentUrl\":\"https:\/\/jlgequipements.fr\/wp-content\/uploads\/2024\/01\/JLG_LOGO_VECTO.png\",\"width\":3293,\"height\":3292,\"caption\":\"JLG \u00c9quipements collectivit\u00e9\"},\"image\":{\"@id\":\"https:\/\/jlgequipements.fr\/#\/schema\/logo\/image\/\"}}]}<\/script>\n<!-- \/ Yoast SEO plugin. -->","yoast_head_json":{"title":"PANNEAUX D\u00c9FENSE DE FUMER - JLG \u00c9quipements Collectivit\u00e9s","robots":{"index":"index","follow":"follow","max-snippet":"max-snippet:-1","max-image-preview":"max-image-preview:large","max-video-preview":"max-video-preview:-1"},"canonical":"https:\/\/jlgequipements.fr\/index.php\/produit\/panneaux-defense-de-fumer\/","og_locale":"fr_FR","og_type":"article","og_title":"PANNEAUX D\u00c9FENSE DE FUMER - JLG \u00c9quipements Collectivit\u00e9s","og_description":"&#8211; Fixation Murale &#8211; Plaque aluminium, 2 mm pr\u00e9-perc\u00e9e &#8211; Vis, chevilles et caches-vis, lot de 4 &#8211; Fixation sur poteau : sur demande &#8211; 500 x 300 ou 700 x 500 &#8211; Personnalisable avec logo de la commune","og_url":"https:\/\/jlgequipements.fr\/index.php\/produit\/panneaux-defense-de-fumer\/","og_site_name":"JLG \u00c9quipements Collectivit\u00e9s","og_image":[{"width":2083,"height":2083,"url":"http:\/\/jlgequipements.fr\/wp-content\/uploads\/2026\/02\/INTERDICTION-DE-FUMER-06.jpg","type":"image\/jpeg"}],"twitter_card":"summary_large_image","twitter_misc":{"Dur\u00e9e de lecture estim\u00e9e":"1 minute"},"schema":{"@context":"https:\/\/schema.org","@graph":[{"@type":"WebPage","@id":"https:\/\/jlgequipements.fr\/index.php\/produit\/panneaux-defense-de-fumer\/","url":"https:\/\/jlgequipements.fr\/index.php\/produit\/panneaux-defense-de-fumer\/","name":"PANNEAUX D\u00c9FENSE DE FUMER - JLG \u00c9quipements Collectivit\u00e9s","isPartOf":{"@id":"https:\/\/jlgequipements.fr\/#website"},"primaryImageOfPage":{"@id":"https:\/\/jlgequipements.fr\/index.php\/produit\/panneaux-defense-de-fumer\/#primaryimage"},"image":{"@id":"https:\/\/jlgequipements.fr\/index.php\/produit\/panneaux-defense-de-fumer\/#primaryimage"},"thumbnailUrl":"https:\/\/jlgequipements.fr\/wp-content\/uploads\/2026\/02\/INTERDICTION-DE-FUMER-06.jpg","datePublished":"2026-02-03T09:54:26+00:00","breadcrumb":{"@id":"https:\/\/jlgequipements.fr\/index.php\/produit\/panneaux-defense-de-fumer\/#breadcrumb"},"inLanguage":"fr-FR","potentialAction":[{"@type":"ReadAction","target":["https:\/\/jlgequipements.fr\/index.php\/produit\/panneaux-defense-de-fumer\/"]}]},{"@type":"ImageObject","inLanguage":"fr-FR","@id":"https:\/\/jlgequipements.fr\/index.php\/produit\/panneaux-defense-de-fumer\/#primaryimage","url":"https:\/\/jlgequipements.fr\/wp-content\/uploads\/2026\/02\/INTERDICTION-DE-FUMER-06.jpg","contentUrl":"https:\/\/jlgequipements.fr\/wp-content\/uploads\/2026\/02\/INTERDICTION-DE-FUMER-06.jpg","width":2083,"height":2083},{"@type":"BreadcrumbList","@id":"https:\/\/jlgequipements.fr\/index.php\/produit\/panneaux-defense-de-fumer\/#breadcrumb","itemListElement":[{"@type":"ListItem","position":1,"name":"Accueil","item":"https:\/\/jlgequipements.fr\/"},{"@type":"ListItem","position":2,"name":"Boutique","item":"https:\/\/jlgequipements.fr\/index.php\/boutique\/"},{"@type":"ListItem","position":3,"name":"PANNEAUX D\u00c9FENSE DE FUMER"}]},{"@type":"WebSite","@id":"https:\/\/jlgequipements.fr\/#website","url":"https:\/\/jlgequipements.fr\/","name":"JLG \u00c9quipements collectivit\u00e9","description":"Le partenaire des communes","publisher":{"@id":"https:\/\/jlgequipements.fr\/#organization"},"potentialAction":[{"@type":"SearchAction","target":{"@type":"EntryPoint","urlTemplate":"https:\/\/jlgequipements.fr\/?s={search_term_string}"},"query-input":{"@type":"PropertyValueSpecification","valueRequired":true,"valueName":"search_term_string"}}],"inLanguage":"fr-FR"},{"@type":"Organization","@id":"https:\/\/jlgequipements.fr\/#organization","name":"JLG \u00c9quipements collectivit\u00e9","url":"https:\/\/jlgequipements.fr\/","logo":{"@type":"ImageObject","inLanguage":"fr-FR","@id":"https:\/\/jlgequipements.fr\/#\/schema\/logo\/image\/","url":"https:\/\/jlgequipements.fr\/wp-content\/uploads\/2024\/01\/JLG_LOGO_VECTO.png","contentUrl":"https:\/\/jlgequipements.fr\/wp-content\/uploads\/2024\/01\/JLG_LOGO_VECTO.png","width":3293,"height":3292,"caption":"JLG \u00c9quipements collectivit\u00e9"},"image":{"@id":"https:\/\/jlgequipements.fr\/#\/schema\/logo\/image\/"}}]}},"_links":{"self":[{"href":"https:\/\/jlgequipements.fr\/index.php\/wp-json\/wp\/v2\/product\/14744","targetHints":{"allow":["GET"]}}],"collection":[{"href":"https:\/\/jlgequipements.fr\/index.php\/wp-json\/wp\/v2\/product"}],"about":[{"href":"https:\/\/jlgequipements.fr\/index.php\/wp-json\/wp\/v2\/types\/product"}],"replies":[{"embeddable":true,"href":"https:\/\/jlgequipements.fr\/index.php\/wp-json\/wp\/v2\/comments?post=14744"}],"version-history":[{"count":1,"href":"https:\/\/jlgequipements.fr\/index.php\/wp-json\/wp\/v2\/product\/14744\/revisions"}],"predecessor-version":[{"id":14753,"href":"https:\/\/jlgequipements.fr\/index.php\/wp-json\/wp\/v2\/product\/14744\/revisions\/14753"}],"wp:featuredmedia":[{"embeddable":true,"href":"https:\/\/jlgequipements.fr\/index.php\/wp-json\/wp\/v2\/media\/14750"}],"wp:attachment":[{"href":"https:\/\/jlgequipements.fr\/index.php\/wp-json\/wp\/v2\/media?parent=14744"}],"wp:term":[{"taxonomy":"product_brand","embeddable":true,"href":"https:\/\/jlgequipements.fr\/index.php\/wp-json\/wp\/v2\/product_brand?post=14744"},{"taxonomy":"product_cat","embeddable":true,"href":"https:\/\/jlgequipements.fr\/index.php\/wp-json\/wp\/v2\/product_cat?post=14744"},{"taxonomy":"product_tag","embeddable":true,"href":"https:\/\/jlgequipements.fr\/index.php\/wp-json\/wp\/v2\/product_tag?post=14744"}],"curies":[{"name":"wp","href":"https:\/\/api.w.org\/{rel}","templated":true}]}}