{"id":14612,"date":"2026-01-29T12:04:30","date_gmt":"2026-01-29T11:04:30","guid":{"rendered":"https:\/\/jlgequipements.fr\/?post_type=product&#038;p=14612"},"modified":"2026-01-29T12:04:31","modified_gmt":"2026-01-29T11:04:31","slug":"tableau-interactif","status":"publish","type":"product","link":"https:\/\/jlgequipements.fr\/index.php\/produit\/tableau-interactif\/","title":{"rendered":"TABLEAU INTERACTIF"},"content":{"rendered":"<p class=\"p1\"><span class=\"s1\">L\u2019i3 Connect Elm 2 est un \u00e9cran tactile interactif sp\u00e9cialement con\u00e7u pour les salles de classe modernes, fonctionnant sous Android 14 avec un processeur 8 c\u0153urs et 8 Go de m\u00e9moire pour une utilisation fluide des applications p\u00e9dagogiques. Il int\u00e8gre nativement les logiciels i3CONNECT Whiteboard pour l\u2019annotation collaborative et i3CONNECT ALLSYNC pour partager l\u2019\u00e9cran sans fil depuis Android, macOS ou Windows, avec l\u2019option i3RDM pour une gestion \u00e0 distance simplifi\u00e9e par les \u00e9quipes IT. Orient\u00e9 \u00e9ducation, il priorise la s\u00e9curit\u00e9, la facilit\u00e9 de configuration et la stabilit\u00e9, tout en offrant une ergonomie optimale gr\u00e2ce \u00e0 un menu repositionnable, plusieurs modes de couleur et un bouton multifonction personnalisable, s\u2019adaptant ainsi parfaitement aux besoins des enseignants et des \u00e9l\u00e8ves.<\/span><\/p>\n<p>&nbsp;<\/p>\n<table class=\"t1\" cellspacing=\"0\" cellpadding=\"0\">\n<tbody>\n<tr>\n<td class=\"td1\" valign=\"middle\">\n<p class=\"p1\">i3TOUCH <span class=\"s1\"><b>ELM-65<\/b><\/span> +<\/p>\n<p class=\"p1\">c\u00e2ble USB-C, sans support mural<\/p>\n<\/td>\n<td class=\"td2\" valign=\"middle\">\n<p class=\"p1\"><span class=\"s2\">\u00c9cran ELM2 plat interactif EDLA tactile 65\u00bb, 50 touch, manuel utilisateur, t\u00e9l\u00e9commande, c\u00e2ble d\u2019alimentation<\/span><\/p>\n<p class=\"p1\"><span class=\"s2\">(EU\/US\/UK), 2x stylets passifs, sans support mural, module Wifi, c\u00e2ble USB-C\/ Garantie 2 ans<\/span><\/p>\n<\/td>\n<\/tr>\n<tr>\n<td class=\"td3\" valign=\"middle\">\n<p class=\"p1\">i3TOUCH <span class=\"s1\"><b>ELM-75<\/b> <\/span>+<\/p>\n<p class=\"p1\">c\u00e2ble USB-C, sans support mural<\/p>\n<\/td>\n<td class=\"td4\" valign=\"middle\">\n<p class=\"p1\"><span class=\"s2\">\u00c9cran ELM2 plat interactif EDLA tactile 75\u00bb, 50 touch, manuel utilisateur, t\u00e9l\u00e9commande, c\u00e2ble d\u2019alimentation<\/span><\/p>\n<p class=\"p1\"><span class=\"s2\">(EU\/US\/UK), 2x stylets passifs, sans support mural, module Wifi, c\u00e2ble USB-C\/ Garantie 2 ans<\/span><\/p>\n<\/td>\n<\/tr>\n<tr>\n<td class=\"td5\" valign=\"middle\">\n<p class=\"p1\">i3TOUCH <span class=\"s1\"><b>ELM-86<\/b><\/span> +<\/p>\n<p class=\"p1\">c\u00e2ble USB-C, sans support mural<\/p>\n<\/td>\n<td class=\"td6\" valign=\"middle\">\n<p class=\"p1\"><span class=\"s2\">\u00c9cran ELM2 plat interactif EDLA tactile 86\u00bb, 50 touch, manuel utilisateur, t\u00e9l\u00e9commande, c\u00e2ble d\u2019alimentation<\/span><\/p>\n<p class=\"p1\"><span class=\"s2\">(EU\/US\/UK), 2x stylets passifs, sans support mural, module Wifi, c\u00e2ble USB-C\/ Garantie 2 ans<\/span><\/p>\n<\/td>\n<\/tr>\n<tr>\n<td class=\"td7\" valign=\"middle\">\n<p class=\"p1\"><span class=\"s3\">i3TOUCH CORP 3 ans &gt; 5 ans d\u2019extension de garantie<\/span><\/p>\n<p class=\"p1\"><span class=\"s3\">ELM 2: 2 ans &gt; 4 ans d\u2019extension de garantie<\/span><\/p>\n<\/td>\n<td class=\"td8\" valign=\"middle\">\n<p class=\"p1\">Uniquement valable 30 jours apr\u00e8s r\u00e9ception du produit apr\u00e8s enregistrement<\/p>\n<\/td>\n<\/tr>\n<tr>\n<td class=\"td3\" valign=\"middle\">\n<p class=\"p1\"><span class=\"s3\">i3TOUCH E-One EDU 5&gt;8 ans d\u2019extension de garantie m\u00eame code pour le ELM 2<\/span><\/p>\n<\/td>\n<td class=\"td4\" valign=\"middle\">\n<p class=\"p1\">Uniquement valable 30 jours apr\u00e8s r\u00e9ception du produit apr\u00e8s enregistrement Garantie standard 2 ans<\/p>\n<p class=\"p1\">Pour \u00e9ducation : 5 ans (apr\u00e8s enregistrement)<\/p>\n<\/td>\n<\/tr>\n<tr>\n<td class=\"td5\" valign=\"middle\">\n<p class=\"p1\"><span class=\"s3\">i3TOUCH E-One EDU 5&gt;7 ans d\u2019extension de garantie m\u00eame code pour le ELM 2<\/span><\/p>\n<\/td>\n<td class=\"td6\" valign=\"middle\">\n<p class=\"p1\">Uniquement valable 30 jours apr\u00e8s r\u00e9ception du produit apr\u00e8s enregistrement Garantie standard 2 ans<\/p>\n<p class=\"p1\">Pour \u00e9ducation : 5 ans (apr\u00e8s enregistrement)<\/p>\n<\/td>\n<\/tr>\n<tr>\n<td class=\"td7\" valign=\"middle\">\n<p class=\"p1\">i3MOUNT 2 Support mural<\/p>\n<\/td>\n<td class=\"td8\" valign=\"middle\">\n<p class=\"p1\">Support mural universel VESA 800 x 600 maximum 120 kg maximum \/ garantie 2ans<\/p>\n<\/td>\n<\/tr>\n<tr>\n<td class=\"td3\" valign=\"middle\">\n<p class=\"p1\">Stylet pour ELM 2 (2pcs)<\/p>\n<\/td>\n<td class=\"td4\" valign=\"middle\">\n<p class=\"p1\">2 stylets + 3 pointes de rechange<\/p>\n<\/td>\n<\/tr>\n<tr>\n<td class=\"td7\" valign=\"middle\">\n<p class=\"p1\">Lot de 3 c\u00e2bles<\/p>\n<\/td>\n<td class=\"td8\" valign=\"middle\">\n<p class=\"p1\">USB-B 2m ; USB-C 2m; HDMI 3m<\/p>\n<\/td>\n<\/tr>\n<\/tbody>\n<\/table>\n<p>&nbsp;<\/p>\n<p class=\"p1\"><span class=\"s1\"><b>Nous proposons \u00e9galement l\u2019option BUNDLE ECRAN ELM2 75\u2019\u2019+ TABLEAU COULISSANT<\/b><\/span><\/p>\n","protected":false},"excerpt":{"rendered":"<p>L\u2019i3 Connect Elm 2 est un \u00e9cran tactile interactif sp\u00e9cialement con\u00e7u pour les salles de classe modernes, fonctionnant sous Android 14 avec un processeur 8 c\u0153urs et 8 Go de m\u00e9moire pour une utilisation fluide des applications p\u00e9dagogiques. Il int\u00e8gre nativement les logiciels i3CONNECT Whiteboard pour l\u2019annotation collaborative et i3CONNECT ALLSYNC pour partager l\u2019\u00e9cran sans fil depuis Android, macOS ou Windows, avec l\u2019option i3RDM pour une gestion \u00e0 distance simplifi\u00e9e par les \u00e9quipes IT. Orient\u00e9 \u00e9ducation, il priorise la s\u00e9curit\u00e9, la facilit\u00e9 de configuration et la stabilit\u00e9, tout en offrant une ergonomie optimale gr\u00e2ce \u00e0 un menu repositionnable, plusieurs modes de couleur et un bouton multifonction personnalisable, s\u2019adaptant ainsi parfaitement aux besoins des enseignants et des \u00e9l\u00e8ves. &nbsp; i3TOUCH ELM-65 + c\u00e2ble USB-C, sans support mural \u00c9cran ELM2 plat interactif EDLA tactile 65\u00bb, 50 touch, manuel utilisateur, t\u00e9l\u00e9commande, c\u00e2ble d\u2019alimentation (EU\/US\/UK), 2x stylets passifs, sans support mural, module Wifi, c\u00e2ble USB-C\/ Garantie 2 ans i3TOUCH ELM-75 + c\u00e2ble USB-C, sans support mural \u00c9cran ELM2 plat interactif EDLA tactile 75\u00bb, 50 touch, manuel utilisateur, t\u00e9l\u00e9commande, c\u00e2ble d\u2019alimentation (EU\/US\/UK), 2x stylets passifs, sans support mural, module Wifi, c\u00e2ble USB-C\/ Garantie 2 ans i3TOUCH ELM-86 + c\u00e2ble USB-C, sans support mural \u00c9cran ELM2 plat interactif EDLA tactile 86\u00bb, 50 touch, manuel utilisateur, t\u00e9l\u00e9commande, c\u00e2ble d\u2019alimentation (EU\/US\/UK), 2x stylets passifs, sans support mural, module Wifi, c\u00e2ble USB-C\/ Garantie 2 ans i3TOUCH CORP 3 ans &gt; 5 ans d\u2019extension de garantie ELM 2: 2 ans &gt; 4 ans d\u2019extension de garantie Uniquement valable 30 jours apr\u00e8s r\u00e9ception du produit apr\u00e8s enregistrement i3TOUCH E-One EDU 5&gt;8 ans d\u2019extension de garantie m\u00eame code pour le ELM 2 Uniquement valable 30 jours apr\u00e8s r\u00e9ception du produit apr\u00e8s enregistrement Garantie standard 2 ans Pour \u00e9ducation : 5 ans (apr\u00e8s enregistrement) i3TOUCH E-One EDU 5&gt;7 ans d\u2019extension de garantie m\u00eame code pour le ELM 2 Uniquement valable 30 jours apr\u00e8s r\u00e9ception du produit apr\u00e8s enregistrement Garantie standard 2 ans Pour \u00e9ducation : 5 ans (apr\u00e8s enregistrement) i3MOUNT 2 Support mural Support mural universel VESA 800 x 600 maximum 120 kg maximum \/ garantie 2ans Stylet pour ELM 2 (2pcs) 2 stylets + 3 pointes de rechange Lot de 3 c\u00e2bles USB-B 2m ; USB-C 2m; HDMI 3m &nbsp; Nous proposons \u00e9galement l\u2019option BUNDLE ECRAN ELM2 75\u2019\u2019+ TABLEAU COULISSANT<\/p>\n","protected":false},"featured_media":14613,"comment_status":"open","ping_status":"closed","template":"","meta":[],"product_brand":[],"product_cat":[240,245],"product_tag":[],"class_list":{"0":"post-14612","1":"product","2":"type-product","3":"status-publish","4":"has-post-thumbnail","6":"product_cat-mobilier-scolaire","7":"product_cat-tableaux-scolaire","9":"first","10":"instock","11":"shipping-taxable","12":"product-type-simple"},"yoast_head":"<!-- This site is optimized with the Yoast SEO plugin v27.1.1 - https:\/\/yoast.com\/product\/yoast-seo-wordpress\/ -->\n<title>TABLEAU INTERACTIF - JLG \u00c9quipements Collectivit\u00e9s<\/title>\n<meta name=\"robots\" content=\"index, follow, max-snippet:-1, max-image-preview:large, max-video-preview:-1\" \/>\n<link rel=\"canonical\" href=\"https:\/\/jlgequipements.fr\/index.php\/produit\/tableau-interactif\/\" \/>\n<meta property=\"og:locale\" content=\"fr_FR\" \/>\n<meta property=\"og:type\" content=\"article\" \/>\n<meta property=\"og:title\" content=\"TABLEAU INTERACTIF - JLG \u00c9quipements Collectivit\u00e9s\" \/>\n<meta property=\"og:description\" content=\"L\u2019i3 Connect Elm 2 est un \u00e9cran tactile interactif sp\u00e9cialement con\u00e7u pour les salles de classe modernes, fonctionnant sous Android 14 avec un processeur 8 c\u0153urs et 8 Go de m\u00e9moire pour une utilisation fluide des applications p\u00e9dagogiques. Il int\u00e8gre nativement les logiciels i3CONNECT Whiteboard pour l\u2019annotation collaborative et i3CONNECT ALLSYNC pour partager l\u2019\u00e9cran sans fil depuis Android, macOS ou Windows, avec l\u2019option i3RDM pour une gestion \u00e0 distance simplifi\u00e9e par les \u00e9quipes IT. Orient\u00e9 \u00e9ducation, il priorise la s\u00e9curit\u00e9, la facilit\u00e9 de configuration et la stabilit\u00e9, tout en offrant une ergonomie optimale gr\u00e2ce \u00e0 un menu repositionnable, plusieurs modes de couleur et un bouton multifonction personnalisable, s\u2019adaptant ainsi parfaitement aux besoins des enseignants et des \u00e9l\u00e8ves. &nbsp; i3TOUCH ELM-65 + c\u00e2ble USB-C, sans support mural \u00c9cran ELM2 plat interactif EDLA tactile 65\u00bb, 50 touch, manuel utilisateur, t\u00e9l\u00e9commande, c\u00e2ble d\u2019alimentation (EU\/US\/UK), 2x stylets passifs, sans support mural, module Wifi, c\u00e2ble USB-C\/ Garantie 2 ans i3TOUCH ELM-75 + c\u00e2ble USB-C, sans support mural \u00c9cran ELM2 plat interactif EDLA tactile 75\u00bb, 50 touch, manuel utilisateur, t\u00e9l\u00e9commande, c\u00e2ble d\u2019alimentation (EU\/US\/UK), 2x stylets passifs, sans support mural, module Wifi, c\u00e2ble USB-C\/ Garantie 2 ans i3TOUCH ELM-86 + c\u00e2ble USB-C, sans support mural \u00c9cran ELM2 plat interactif EDLA tactile 86\u00bb, 50 touch, manuel utilisateur, t\u00e9l\u00e9commande, c\u00e2ble d\u2019alimentation (EU\/US\/UK), 2x stylets passifs, sans support mural, module Wifi, c\u00e2ble USB-C\/ Garantie 2 ans i3TOUCH CORP 3 ans &gt; 5 ans d\u2019extension de garantie ELM 2: 2 ans &gt; 4 ans d\u2019extension de garantie Uniquement valable 30 jours apr\u00e8s r\u00e9ception du produit apr\u00e8s enregistrement i3TOUCH E-One EDU 5&gt;8 ans d\u2019extension de garantie m\u00eame code pour le ELM 2 Uniquement valable 30 jours apr\u00e8s r\u00e9ception du produit apr\u00e8s enregistrement Garantie standard 2 ans Pour \u00e9ducation : 5 ans (apr\u00e8s enregistrement) i3TOUCH E-One EDU 5&gt;7 ans d\u2019extension de garantie m\u00eame code pour le ELM 2 Uniquement valable 30 jours apr\u00e8s r\u00e9ception du produit apr\u00e8s enregistrement Garantie standard 2 ans Pour \u00e9ducation : 5 ans (apr\u00e8s enregistrement) i3MOUNT 2 Support mural Support mural universel VESA 800 x 600 maximum 120 kg maximum \/ garantie 2ans Stylet pour ELM 2 (2pcs) 2 stylets + 3 pointes de rechange Lot de 3 c\u00e2bles USB-B 2m ; USB-C 2m; HDMI 3m &nbsp; Nous proposons \u00e9galement l\u2019option BUNDLE ECRAN ELM2 75\u2019\u2019+ TABLEAU COULISSANT\" \/>\n<meta property=\"og:url\" content=\"https:\/\/jlgequipements.fr\/index.php\/produit\/tableau-interactif\/\" \/>\n<meta property=\"og:site_name\" content=\"JLG \u00c9quipements Collectivit\u00e9s\" \/>\n<meta property=\"article:modified_time\" content=\"2026-01-29T11:04:31+00:00\" \/>\n<meta property=\"og:image\" content=\"http:\/\/jlgequipements.fr\/wp-content\/uploads\/2026\/01\/TABLEAU-INTERACTIF-01.jpg\" \/>\n\t<meta property=\"og:image:width\" content=\"2083\" \/>\n\t<meta property=\"og:image:height\" content=\"2083\" \/>\n\t<meta property=\"og:image:type\" content=\"image\/jpeg\" \/>\n<meta name=\"twitter:card\" content=\"summary_large_image\" \/>\n<meta name=\"twitter:label1\" content=\"Dur\u00e9e de lecture estim\u00e9e\" \/>\n\t<meta name=\"twitter:data1\" content=\"2 minutes\" \/>\n<script type=\"application\/ld+json\" class=\"yoast-schema-graph\">{\"@context\":\"https:\/\/schema.org\",\"@graph\":[{\"@type\":\"WebPage\",\"@id\":\"https:\/\/jlgequipements.fr\/index.php\/produit\/tableau-interactif\/\",\"url\":\"https:\/\/jlgequipements.fr\/index.php\/produit\/tableau-interactif\/\",\"name\":\"TABLEAU INTERACTIF - JLG \u00c9quipements Collectivit\u00e9s\",\"isPartOf\":{\"@id\":\"https:\/\/jlgequipements.fr\/#website\"},\"primaryImageOfPage\":{\"@id\":\"https:\/\/jlgequipements.fr\/index.php\/produit\/tableau-interactif\/#primaryimage\"},\"image\":{\"@id\":\"https:\/\/jlgequipements.fr\/index.php\/produit\/tableau-interactif\/#primaryimage\"},\"thumbnailUrl\":\"https:\/\/jlgequipements.fr\/wp-content\/uploads\/2026\/01\/TABLEAU-INTERACTIF-01.jpg\",\"datePublished\":\"2026-01-29T11:04:30+00:00\",\"dateModified\":\"2026-01-29T11:04:31+00:00\",\"breadcrumb\":{\"@id\":\"https:\/\/jlgequipements.fr\/index.php\/produit\/tableau-interactif\/#breadcrumb\"},\"inLanguage\":\"fr-FR\",\"potentialAction\":[{\"@type\":\"ReadAction\",\"target\":[\"https:\/\/jlgequipements.fr\/index.php\/produit\/tableau-interactif\/\"]}]},{\"@type\":\"ImageObject\",\"inLanguage\":\"fr-FR\",\"@id\":\"https:\/\/jlgequipements.fr\/index.php\/produit\/tableau-interactif\/#primaryimage\",\"url\":\"https:\/\/jlgequipements.fr\/wp-content\/uploads\/2026\/01\/TABLEAU-INTERACTIF-01.jpg\",\"contentUrl\":\"https:\/\/jlgequipements.fr\/wp-content\/uploads\/2026\/01\/TABLEAU-INTERACTIF-01.jpg\",\"width\":2083,\"height\":2083},{\"@type\":\"BreadcrumbList\",\"@id\":\"https:\/\/jlgequipements.fr\/index.php\/produit\/tableau-interactif\/#breadcrumb\",\"itemListElement\":[{\"@type\":\"ListItem\",\"position\":1,\"name\":\"Accueil\",\"item\":\"https:\/\/jlgequipements.fr\/\"},{\"@type\":\"ListItem\",\"position\":2,\"name\":\"Boutique\",\"item\":\"https:\/\/jlgequipements.fr\/index.php\/boutique\/\"},{\"@type\":\"ListItem\",\"position\":3,\"name\":\"TABLEAU INTERACTIF\"}]},{\"@type\":\"WebSite\",\"@id\":\"https:\/\/jlgequipements.fr\/#website\",\"url\":\"https:\/\/jlgequipements.fr\/\",\"name\":\"JLG \u00c9quipements collectivit\u00e9\",\"description\":\"Le partenaire des communes\",\"publisher\":{\"@id\":\"https:\/\/jlgequipements.fr\/#organization\"},\"potentialAction\":[{\"@type\":\"SearchAction\",\"target\":{\"@type\":\"EntryPoint\",\"urlTemplate\":\"https:\/\/jlgequipements.fr\/?s={search_term_string}\"},\"query-input\":{\"@type\":\"PropertyValueSpecification\",\"valueRequired\":true,\"valueName\":\"search_term_string\"}}],\"inLanguage\":\"fr-FR\"},{\"@type\":\"Organization\",\"@id\":\"https:\/\/jlgequipements.fr\/#organization\",\"name\":\"JLG \u00c9quipements collectivit\u00e9\",\"url\":\"https:\/\/jlgequipements.fr\/\",\"logo\":{\"@type\":\"ImageObject\",\"inLanguage\":\"fr-FR\",\"@id\":\"https:\/\/jlgequipements.fr\/#\/schema\/logo\/image\/\",\"url\":\"https:\/\/jlgequipements.fr\/wp-content\/uploads\/2024\/01\/JLG_LOGO_VECTO.png\",\"contentUrl\":\"https:\/\/jlgequipements.fr\/wp-content\/uploads\/2024\/01\/JLG_LOGO_VECTO.png\",\"width\":3293,\"height\":3292,\"caption\":\"JLG \u00c9quipements collectivit\u00e9\"},\"image\":{\"@id\":\"https:\/\/jlgequipements.fr\/#\/schema\/logo\/image\/\"}}]}<\/script>\n<!-- \/ Yoast SEO plugin. -->","yoast_head_json":{"title":"TABLEAU INTERACTIF - JLG \u00c9quipements Collectivit\u00e9s","robots":{"index":"index","follow":"follow","max-snippet":"max-snippet:-1","max-image-preview":"max-image-preview:large","max-video-preview":"max-video-preview:-1"},"canonical":"https:\/\/jlgequipements.fr\/index.php\/produit\/tableau-interactif\/","og_locale":"fr_FR","og_type":"article","og_title":"TABLEAU INTERACTIF - JLG \u00c9quipements Collectivit\u00e9s","og_description":"L\u2019i3 Connect Elm 2 est un \u00e9cran tactile interactif sp\u00e9cialement con\u00e7u pour les salles de classe modernes, fonctionnant sous Android 14 avec un processeur 8 c\u0153urs et 8 Go de m\u00e9moire pour une utilisation fluide des applications p\u00e9dagogiques. Il int\u00e8gre nativement les logiciels i3CONNECT Whiteboard pour l\u2019annotation collaborative et i3CONNECT ALLSYNC pour partager l\u2019\u00e9cran sans fil depuis Android, macOS ou Windows, avec l\u2019option i3RDM pour une gestion \u00e0 distance simplifi\u00e9e par les \u00e9quipes IT. Orient\u00e9 \u00e9ducation, il priorise la s\u00e9curit\u00e9, la facilit\u00e9 de configuration et la stabilit\u00e9, tout en offrant une ergonomie optimale gr\u00e2ce \u00e0 un menu repositionnable, plusieurs modes de couleur et un bouton multifonction personnalisable, s\u2019adaptant ainsi parfaitement aux besoins des enseignants et des \u00e9l\u00e8ves. &nbsp; i3TOUCH ELM-65 + c\u00e2ble USB-C, sans support mural \u00c9cran ELM2 plat interactif EDLA tactile 65\u00bb, 50 touch, manuel utilisateur, t\u00e9l\u00e9commande, c\u00e2ble d\u2019alimentation (EU\/US\/UK), 2x stylets passifs, sans support mural, module Wifi, c\u00e2ble USB-C\/ Garantie 2 ans i3TOUCH ELM-75 + c\u00e2ble USB-C, sans support mural \u00c9cran ELM2 plat interactif EDLA tactile 75\u00bb, 50 touch, manuel utilisateur, t\u00e9l\u00e9commande, c\u00e2ble d\u2019alimentation (EU\/US\/UK), 2x stylets passifs, sans support mural, module Wifi, c\u00e2ble USB-C\/ Garantie 2 ans i3TOUCH ELM-86 + c\u00e2ble USB-C, sans support mural \u00c9cran ELM2 plat interactif EDLA tactile 86\u00bb, 50 touch, manuel utilisateur, t\u00e9l\u00e9commande, c\u00e2ble d\u2019alimentation (EU\/US\/UK), 2x stylets passifs, sans support mural, module Wifi, c\u00e2ble USB-C\/ Garantie 2 ans i3TOUCH CORP 3 ans &gt; 5 ans d\u2019extension de garantie ELM 2: 2 ans &gt; 4 ans d\u2019extension de garantie Uniquement valable 30 jours apr\u00e8s r\u00e9ception du produit apr\u00e8s enregistrement i3TOUCH E-One EDU 5&gt;8 ans d\u2019extension de garantie m\u00eame code pour le ELM 2 Uniquement valable 30 jours apr\u00e8s r\u00e9ception du produit apr\u00e8s enregistrement Garantie standard 2 ans Pour \u00e9ducation : 5 ans (apr\u00e8s enregistrement) i3TOUCH E-One EDU 5&gt;7 ans d\u2019extension de garantie m\u00eame code pour le ELM 2 Uniquement valable 30 jours apr\u00e8s r\u00e9ception du produit apr\u00e8s enregistrement Garantie standard 2 ans Pour \u00e9ducation : 5 ans (apr\u00e8s enregistrement) i3MOUNT 2 Support mural Support mural universel VESA 800 x 600 maximum 120 kg maximum \/ garantie 2ans Stylet pour ELM 2 (2pcs) 2 stylets + 3 pointes de rechange Lot de 3 c\u00e2bles USB-B 2m ; USB-C 2m; HDMI 3m &nbsp; Nous proposons \u00e9galement l\u2019option BUNDLE ECRAN ELM2 75\u2019\u2019+ TABLEAU COULISSANT","og_url":"https:\/\/jlgequipements.fr\/index.php\/produit\/tableau-interactif\/","og_site_name":"JLG \u00c9quipements Collectivit\u00e9s","article_modified_time":"2026-01-29T11:04:31+00:00","og_image":[{"width":2083,"height":2083,"url":"http:\/\/jlgequipements.fr\/wp-content\/uploads\/2026\/01\/TABLEAU-INTERACTIF-01.jpg","type":"image\/jpeg"}],"twitter_card":"summary_large_image","twitter_misc":{"Dur\u00e9e de lecture estim\u00e9e":"2 minutes"},"schema":{"@context":"https:\/\/schema.org","@graph":[{"@type":"WebPage","@id":"https:\/\/jlgequipements.fr\/index.php\/produit\/tableau-interactif\/","url":"https:\/\/jlgequipements.fr\/index.php\/produit\/tableau-interactif\/","name":"TABLEAU INTERACTIF - JLG \u00c9quipements Collectivit\u00e9s","isPartOf":{"@id":"https:\/\/jlgequipements.fr\/#website"},"primaryImageOfPage":{"@id":"https:\/\/jlgequipements.fr\/index.php\/produit\/tableau-interactif\/#primaryimage"},"image":{"@id":"https:\/\/jlgequipements.fr\/index.php\/produit\/tableau-interactif\/#primaryimage"},"thumbnailUrl":"https:\/\/jlgequipements.fr\/wp-content\/uploads\/2026\/01\/TABLEAU-INTERACTIF-01.jpg","datePublished":"2026-01-29T11:04:30+00:00","dateModified":"2026-01-29T11:04:31+00:00","breadcrumb":{"@id":"https:\/\/jlgequipements.fr\/index.php\/produit\/tableau-interactif\/#breadcrumb"},"inLanguage":"fr-FR","potentialAction":[{"@type":"ReadAction","target":["https:\/\/jlgequipements.fr\/index.php\/produit\/tableau-interactif\/"]}]},{"@type":"ImageObject","inLanguage":"fr-FR","@id":"https:\/\/jlgequipements.fr\/index.php\/produit\/tableau-interactif\/#primaryimage","url":"https:\/\/jlgequipements.fr\/wp-content\/uploads\/2026\/01\/TABLEAU-INTERACTIF-01.jpg","contentUrl":"https:\/\/jlgequipements.fr\/wp-content\/uploads\/2026\/01\/TABLEAU-INTERACTIF-01.jpg","width":2083,"height":2083},{"@type":"BreadcrumbList","@id":"https:\/\/jlgequipements.fr\/index.php\/produit\/tableau-interactif\/#breadcrumb","itemListElement":[{"@type":"ListItem","position":1,"name":"Accueil","item":"https:\/\/jlgequipements.fr\/"},{"@type":"ListItem","position":2,"name":"Boutique","item":"https:\/\/jlgequipements.fr\/index.php\/boutique\/"},{"@type":"ListItem","position":3,"name":"TABLEAU INTERACTIF"}]},{"@type":"WebSite","@id":"https:\/\/jlgequipements.fr\/#website","url":"https:\/\/jlgequipements.fr\/","name":"JLG \u00c9quipements collectivit\u00e9","description":"Le partenaire des communes","publisher":{"@id":"https:\/\/jlgequipements.fr\/#organization"},"potentialAction":[{"@type":"SearchAction","target":{"@type":"EntryPoint","urlTemplate":"https:\/\/jlgequipements.fr\/?s={search_term_string}"},"query-input":{"@type":"PropertyValueSpecification","valueRequired":true,"valueName":"search_term_string"}}],"inLanguage":"fr-FR"},{"@type":"Organization","@id":"https:\/\/jlgequipements.fr\/#organization","name":"JLG \u00c9quipements collectivit\u00e9","url":"https:\/\/jlgequipements.fr\/","logo":{"@type":"ImageObject","inLanguage":"fr-FR","@id":"https:\/\/jlgequipements.fr\/#\/schema\/logo\/image\/","url":"https:\/\/jlgequipements.fr\/wp-content\/uploads\/2024\/01\/JLG_LOGO_VECTO.png","contentUrl":"https:\/\/jlgequipements.fr\/wp-content\/uploads\/2024\/01\/JLG_LOGO_VECTO.png","width":3293,"height":3292,"caption":"JLG \u00c9quipements collectivit\u00e9"},"image":{"@id":"https:\/\/jlgequipements.fr\/#\/schema\/logo\/image\/"}}]}},"_links":{"self":[{"href":"https:\/\/jlgequipements.fr\/index.php\/wp-json\/wp\/v2\/product\/14612","targetHints":{"allow":["GET"]}}],"collection":[{"href":"https:\/\/jlgequipements.fr\/index.php\/wp-json\/wp\/v2\/product"}],"about":[{"href":"https:\/\/jlgequipements.fr\/index.php\/wp-json\/wp\/v2\/types\/product"}],"replies":[{"embeddable":true,"href":"https:\/\/jlgequipements.fr\/index.php\/wp-json\/wp\/v2\/comments?post=14612"}],"version-history":[{"count":1,"href":"https:\/\/jlgequipements.fr\/index.php\/wp-json\/wp\/v2\/product\/14612\/revisions"}],"predecessor-version":[{"id":14615,"href":"https:\/\/jlgequipements.fr\/index.php\/wp-json\/wp\/v2\/product\/14612\/revisions\/14615"}],"wp:featuredmedia":[{"embeddable":true,"href":"https:\/\/jlgequipements.fr\/index.php\/wp-json\/wp\/v2\/media\/14613"}],"wp:attachment":[{"href":"https:\/\/jlgequipements.fr\/index.php\/wp-json\/wp\/v2\/media?parent=14612"}],"wp:term":[{"taxonomy":"product_brand","embeddable":true,"href":"https:\/\/jlgequipements.fr\/index.php\/wp-json\/wp\/v2\/product_brand?post=14612"},{"taxonomy":"product_cat","embeddable":true,"href":"https:\/\/jlgequipements.fr\/index.php\/wp-json\/wp\/v2\/product_cat?post=14612"},{"taxonomy":"product_tag","embeddable":true,"href":"https:\/\/jlgequipements.fr\/index.php\/wp-json\/wp\/v2\/product_tag?post=14612"}],"curies":[{"name":"wp","href":"https:\/\/api.w.org\/{rel}","templated":true}]}}