{"id":14609,"date":"2026-01-29T12:01:07","date_gmt":"2026-01-29T11:01:07","guid":{"rendered":"https:\/\/jlgequipements.fr\/?post_type=product&#038;p=14609"},"modified":"2026-01-29T12:01:31","modified_gmt":"2026-01-29T11:01:31","slug":"tableau-coulissant","status":"publish","type":"product","link":"https:\/\/jlgequipements.fr\/index.php\/produit\/tableau-coulissant\/","title":{"rendered":"TABLEAU COULISSANT"},"content":{"rendered":"<p class=\"p1\"><span class=\"s1\">Ce tableau coulissant horizontal permet de disposer de surfaces d\u2019\u00e9criture et d\u2019affichage en \u00e9maille toute en int\u00e9grant un \u00e9cran interactif tactile<\/span><\/p>\n<p class=\"p1\"><span class=\"s1\"><strong>Compos\u00e9 de 4 tableaux :<\/strong> <\/span><\/p>\n<p class=\"p1\">&#8211; 2 tableaux fixe Long.100 cm Haut. 120 cm<\/p>\n<p class=\"p1\">&#8211; 2 tableaux coulissants L100 cm Haut.120 cm<\/p>\n<p class=\"p1\">&#8211; Long. totale : 400 cm<\/p>\n<p>&nbsp;<\/p>\n<p class=\"p1\"><span class=\"s1\"><b>Avantages et caract\u00e9ristiques produits<\/b><\/span><\/p>\n<p class=\"p1\"><span class=\"s1\"><b>&#8211; Protection et masquage :<\/b><\/span><b> <\/b>Le ou les tableau(x) coulissant(s) font office de panneaux de modestie et cachent l\u2019\u00e9cran en position ferm\u00e9.<\/p>\n<p class=\"p1\"><span class=\"s1\"><b>&#8211; Universel :<\/b><\/span><b> <\/b>Compatible avec un \u00e9cran de toute marque jusqu\u2019\u00e0 2 m de largeur.<\/p>\n<p class=\"p1\"><span class=\"s1\"><b>&#8211; Facile \u00e0 utiliser et s\u00fbr : <\/b><\/span>Coulissement parfait et s\u00e9curit\u00e9 antid\u00e9crochement.<\/p>\n<p class=\"p1\"><span class=\"s1\"><b>&#8211; Gain de place et pratique <\/b>: <\/span>Avec ses tableaux coulissants, cette solution convient aux espaces plus \u00e9troits.<\/p>\n<p class=\"p1\"><span class=\"s3\"><b>&#8211; Choix des finitions :<\/b><\/span><span class=\"s4\"> Le syst\u00e8me coulissant peut \u00eatre mont\u00e9 sur demande aussi sur les gammes de tableaux simples muraux CLASSIC,HORIZON, SB, i3WHITEBOARD.<\/span><\/p>\n<p class=\"p1\"><span class=\"s1\"><b>&#8211; Autres configurations disponibles :<\/b><\/span> Rails de 2m juxtaposables jusqu\u2019\u00e0 8 m.<\/p>\n<p class=\"p1\"><span class=\"s1\"><b>&#8211; \u00c9cologique et durable :<\/b><\/span> Mat\u00e9riaux \u00e9cologiques tels que la surface en \u00e9mail e3, garantie \u00e0 vie* et recyclable \u00e0 99%, qui offre une r\u00e9sistance accrue aux rayures, bact\u00e9ries et aux produits chimiques. * Sous conditions normales d\u2019utilisation.<\/p>\n<p>&nbsp;<\/p>\n<p>SURFACE GARANTIE \u00c0 VIE<\/p>\n<p>TABLEAUX GARANTIE 2 ANS<\/p>\n","protected":false},"excerpt":{"rendered":"<p>Ce tableau coulissant horizontal permet de disposer de surfaces d\u2019\u00e9criture et d\u2019affichage en \u00e9maille toute en int\u00e9grant un \u00e9cran interactif tactile Compos\u00e9 de 4 tableaux : &#8211; 2 tableaux fixe Long.100 cm Haut. 120 cm &#8211; 2 tableaux coulissants L100 cm Haut.120 cm &#8211; Long. totale : 400 cm &nbsp; Avantages et caract\u00e9ristiques produits &#8211; Protection et masquage : Le ou les tableau(x) coulissant(s) font office de panneaux de modestie et cachent l\u2019\u00e9cran en position ferm\u00e9. &#8211; Universel : Compatible avec un \u00e9cran de toute marque jusqu\u2019\u00e0 2 m de largeur. &#8211; Facile \u00e0 utiliser et s\u00fbr : Coulissement parfait et s\u00e9curit\u00e9 antid\u00e9crochement. &#8211; Gain de place et pratique : Avec ses tableaux coulissants, cette solution convient aux espaces plus \u00e9troits. &#8211; Choix des finitions : Le syst\u00e8me coulissant peut \u00eatre mont\u00e9 sur demande aussi sur les gammes de tableaux simples muraux CLASSIC,HORIZON, SB, i3WHITEBOARD. &#8211; Autres configurations disponibles : Rails de 2m juxtaposables jusqu\u2019\u00e0 8 m. &#8211; \u00c9cologique et durable : Mat\u00e9riaux \u00e9cologiques tels que la surface en \u00e9mail e3, garantie \u00e0 vie* et recyclable \u00e0 99%, qui offre une r\u00e9sistance accrue aux rayures, bact\u00e9ries et aux produits chimiques. * Sous conditions normales d\u2019utilisation. &nbsp; SURFACE GARANTIE \u00c0 VIE TABLEAUX GARANTIE 2 ANS<\/p>\n","protected":false},"featured_media":14610,"comment_status":"open","ping_status":"closed","template":"","meta":[],"product_brand":[],"product_cat":[240,245],"product_tag":[],"class_list":{"0":"post-14609","1":"product","2":"type-product","3":"status-publish","4":"has-post-thumbnail","6":"product_cat-mobilier-scolaire","7":"product_cat-tableaux-scolaire","9":"first","10":"instock","11":"shipping-taxable","12":"product-type-simple"},"yoast_head":"<!-- This site is optimized with the Yoast SEO plugin v27.1.1 - https:\/\/yoast.com\/product\/yoast-seo-wordpress\/ -->\n<title>TABLEAU COULISSANT - JLG \u00c9quipements Collectivit\u00e9s<\/title>\n<meta name=\"robots\" content=\"index, follow, max-snippet:-1, max-image-preview:large, max-video-preview:-1\" \/>\n<link rel=\"canonical\" href=\"https:\/\/jlgequipements.fr\/index.php\/produit\/tableau-coulissant\/\" \/>\n<meta property=\"og:locale\" content=\"fr_FR\" \/>\n<meta property=\"og:type\" content=\"article\" \/>\n<meta property=\"og:title\" content=\"TABLEAU COULISSANT - JLG \u00c9quipements Collectivit\u00e9s\" \/>\n<meta property=\"og:description\" content=\"Ce tableau coulissant horizontal permet de disposer de surfaces d\u2019\u00e9criture et d\u2019affichage en \u00e9maille toute en int\u00e9grant un \u00e9cran interactif tactile Compos\u00e9 de 4 tableaux : &#8211; 2 tableaux fixe Long.100 cm Haut. 120 cm &#8211; 2 tableaux coulissants L100 cm Haut.120 cm &#8211; Long. totale : 400 cm &nbsp; Avantages et caract\u00e9ristiques produits &#8211; Protection et masquage : Le ou les tableau(x) coulissant(s) font office de panneaux de modestie et cachent l\u2019\u00e9cran en position ferm\u00e9. &#8211; Universel : Compatible avec un \u00e9cran de toute marque jusqu\u2019\u00e0 2 m de largeur. &#8211; Facile \u00e0 utiliser et s\u00fbr : Coulissement parfait et s\u00e9curit\u00e9 antid\u00e9crochement. &#8211; Gain de place et pratique : Avec ses tableaux coulissants, cette solution convient aux espaces plus \u00e9troits. &#8211; Choix des finitions : Le syst\u00e8me coulissant peut \u00eatre mont\u00e9 sur demande aussi sur les gammes de tableaux simples muraux CLASSIC,HORIZON, SB, i3WHITEBOARD. &#8211; Autres configurations disponibles : Rails de 2m juxtaposables jusqu\u2019\u00e0 8 m. &#8211; \u00c9cologique et durable : Mat\u00e9riaux \u00e9cologiques tels que la surface en \u00e9mail e3, garantie \u00e0 vie* et recyclable \u00e0 99%, qui offre une r\u00e9sistance accrue aux rayures, bact\u00e9ries et aux produits chimiques. * Sous conditions normales d\u2019utilisation. &nbsp; SURFACE GARANTIE \u00c0 VIE TABLEAUX GARANTIE 2 ANS\" \/>\n<meta property=\"og:url\" content=\"https:\/\/jlgequipements.fr\/index.php\/produit\/tableau-coulissant\/\" \/>\n<meta property=\"og:site_name\" content=\"JLG \u00c9quipements Collectivit\u00e9s\" \/>\n<meta property=\"article:modified_time\" content=\"2026-01-29T11:01:31+00:00\" \/>\n<meta property=\"og:image\" content=\"http:\/\/jlgequipements.fr\/wp-content\/uploads\/2026\/01\/TABLEAU-COULISSANT.jpg\" \/>\n\t<meta property=\"og:image:width\" content=\"2083\" \/>\n\t<meta property=\"og:image:height\" content=\"2083\" \/>\n\t<meta property=\"og:image:type\" content=\"image\/jpeg\" \/>\n<meta name=\"twitter:card\" content=\"summary_large_image\" \/>\n<meta name=\"twitter:label1\" content=\"Dur\u00e9e de lecture estim\u00e9e\" \/>\n\t<meta name=\"twitter:data1\" content=\"1 minute\" \/>\n<script type=\"application\/ld+json\" class=\"yoast-schema-graph\">{\"@context\":\"https:\/\/schema.org\",\"@graph\":[{\"@type\":\"WebPage\",\"@id\":\"https:\/\/jlgequipements.fr\/index.php\/produit\/tableau-coulissant\/\",\"url\":\"https:\/\/jlgequipements.fr\/index.php\/produit\/tableau-coulissant\/\",\"name\":\"TABLEAU COULISSANT - JLG \u00c9quipements Collectivit\u00e9s\",\"isPartOf\":{\"@id\":\"https:\/\/jlgequipements.fr\/#website\"},\"primaryImageOfPage\":{\"@id\":\"https:\/\/jlgequipements.fr\/index.php\/produit\/tableau-coulissant\/#primaryimage\"},\"image\":{\"@id\":\"https:\/\/jlgequipements.fr\/index.php\/produit\/tableau-coulissant\/#primaryimage\"},\"thumbnailUrl\":\"https:\/\/jlgequipements.fr\/wp-content\/uploads\/2026\/01\/TABLEAU-COULISSANT.jpg\",\"datePublished\":\"2026-01-29T11:01:07+00:00\",\"dateModified\":\"2026-01-29T11:01:31+00:00\",\"breadcrumb\":{\"@id\":\"https:\/\/jlgequipements.fr\/index.php\/produit\/tableau-coulissant\/#breadcrumb\"},\"inLanguage\":\"fr-FR\",\"potentialAction\":[{\"@type\":\"ReadAction\",\"target\":[\"https:\/\/jlgequipements.fr\/index.php\/produit\/tableau-coulissant\/\"]}]},{\"@type\":\"ImageObject\",\"inLanguage\":\"fr-FR\",\"@id\":\"https:\/\/jlgequipements.fr\/index.php\/produit\/tableau-coulissant\/#primaryimage\",\"url\":\"https:\/\/jlgequipements.fr\/wp-content\/uploads\/2026\/01\/TABLEAU-COULISSANT.jpg\",\"contentUrl\":\"https:\/\/jlgequipements.fr\/wp-content\/uploads\/2026\/01\/TABLEAU-COULISSANT.jpg\",\"width\":2083,\"height\":2083},{\"@type\":\"BreadcrumbList\",\"@id\":\"https:\/\/jlgequipements.fr\/index.php\/produit\/tableau-coulissant\/#breadcrumb\",\"itemListElement\":[{\"@type\":\"ListItem\",\"position\":1,\"name\":\"Accueil\",\"item\":\"https:\/\/jlgequipements.fr\/\"},{\"@type\":\"ListItem\",\"position\":2,\"name\":\"Boutique\",\"item\":\"https:\/\/jlgequipements.fr\/index.php\/boutique\/\"},{\"@type\":\"ListItem\",\"position\":3,\"name\":\"TABLEAU COULISSANT\"}]},{\"@type\":\"WebSite\",\"@id\":\"https:\/\/jlgequipements.fr\/#website\",\"url\":\"https:\/\/jlgequipements.fr\/\",\"name\":\"JLG \u00c9quipements collectivit\u00e9\",\"description\":\"Le partenaire des communes\",\"publisher\":{\"@id\":\"https:\/\/jlgequipements.fr\/#organization\"},\"potentialAction\":[{\"@type\":\"SearchAction\",\"target\":{\"@type\":\"EntryPoint\",\"urlTemplate\":\"https:\/\/jlgequipements.fr\/?s={search_term_string}\"},\"query-input\":{\"@type\":\"PropertyValueSpecification\",\"valueRequired\":true,\"valueName\":\"search_term_string\"}}],\"inLanguage\":\"fr-FR\"},{\"@type\":\"Organization\",\"@id\":\"https:\/\/jlgequipements.fr\/#organization\",\"name\":\"JLG \u00c9quipements collectivit\u00e9\",\"url\":\"https:\/\/jlgequipements.fr\/\",\"logo\":{\"@type\":\"ImageObject\",\"inLanguage\":\"fr-FR\",\"@id\":\"https:\/\/jlgequipements.fr\/#\/schema\/logo\/image\/\",\"url\":\"https:\/\/jlgequipements.fr\/wp-content\/uploads\/2024\/01\/JLG_LOGO_VECTO.png\",\"contentUrl\":\"https:\/\/jlgequipements.fr\/wp-content\/uploads\/2024\/01\/JLG_LOGO_VECTO.png\",\"width\":3293,\"height\":3292,\"caption\":\"JLG \u00c9quipements collectivit\u00e9\"},\"image\":{\"@id\":\"https:\/\/jlgequipements.fr\/#\/schema\/logo\/image\/\"}}]}<\/script>\n<!-- \/ Yoast SEO plugin. -->","yoast_head_json":{"title":"TABLEAU COULISSANT - JLG \u00c9quipements Collectivit\u00e9s","robots":{"index":"index","follow":"follow","max-snippet":"max-snippet:-1","max-image-preview":"max-image-preview:large","max-video-preview":"max-video-preview:-1"},"canonical":"https:\/\/jlgequipements.fr\/index.php\/produit\/tableau-coulissant\/","og_locale":"fr_FR","og_type":"article","og_title":"TABLEAU COULISSANT - JLG \u00c9quipements Collectivit\u00e9s","og_description":"Ce tableau coulissant horizontal permet de disposer de surfaces d\u2019\u00e9criture et d\u2019affichage en \u00e9maille toute en int\u00e9grant un \u00e9cran interactif tactile Compos\u00e9 de 4 tableaux : &#8211; 2 tableaux fixe Long.100 cm Haut. 120 cm &#8211; 2 tableaux coulissants L100 cm Haut.120 cm &#8211; Long. totale : 400 cm &nbsp; Avantages et caract\u00e9ristiques produits &#8211; Protection et masquage : Le ou les tableau(x) coulissant(s) font office de panneaux de modestie et cachent l\u2019\u00e9cran en position ferm\u00e9. &#8211; Universel : Compatible avec un \u00e9cran de toute marque jusqu\u2019\u00e0 2 m de largeur. &#8211; Facile \u00e0 utiliser et s\u00fbr : Coulissement parfait et s\u00e9curit\u00e9 antid\u00e9crochement. &#8211; Gain de place et pratique : Avec ses tableaux coulissants, cette solution convient aux espaces plus \u00e9troits. &#8211; Choix des finitions : Le syst\u00e8me coulissant peut \u00eatre mont\u00e9 sur demande aussi sur les gammes de tableaux simples muraux CLASSIC,HORIZON, SB, i3WHITEBOARD. &#8211; Autres configurations disponibles : Rails de 2m juxtaposables jusqu\u2019\u00e0 8 m. &#8211; \u00c9cologique et durable : Mat\u00e9riaux \u00e9cologiques tels que la surface en \u00e9mail e3, garantie \u00e0 vie* et recyclable \u00e0 99%, qui offre une r\u00e9sistance accrue aux rayures, bact\u00e9ries et aux produits chimiques. * Sous conditions normales d\u2019utilisation. &nbsp; SURFACE GARANTIE \u00c0 VIE TABLEAUX GARANTIE 2 ANS","og_url":"https:\/\/jlgequipements.fr\/index.php\/produit\/tableau-coulissant\/","og_site_name":"JLG \u00c9quipements Collectivit\u00e9s","article_modified_time":"2026-01-29T11:01:31+00:00","og_image":[{"width":2083,"height":2083,"url":"http:\/\/jlgequipements.fr\/wp-content\/uploads\/2026\/01\/TABLEAU-COULISSANT.jpg","type":"image\/jpeg"}],"twitter_card":"summary_large_image","twitter_misc":{"Dur\u00e9e de lecture estim\u00e9e":"1 minute"},"schema":{"@context":"https:\/\/schema.org","@graph":[{"@type":"WebPage","@id":"https:\/\/jlgequipements.fr\/index.php\/produit\/tableau-coulissant\/","url":"https:\/\/jlgequipements.fr\/index.php\/produit\/tableau-coulissant\/","name":"TABLEAU COULISSANT - JLG \u00c9quipements Collectivit\u00e9s","isPartOf":{"@id":"https:\/\/jlgequipements.fr\/#website"},"primaryImageOfPage":{"@id":"https:\/\/jlgequipements.fr\/index.php\/produit\/tableau-coulissant\/#primaryimage"},"image":{"@id":"https:\/\/jlgequipements.fr\/index.php\/produit\/tableau-coulissant\/#primaryimage"},"thumbnailUrl":"https:\/\/jlgequipements.fr\/wp-content\/uploads\/2026\/01\/TABLEAU-COULISSANT.jpg","datePublished":"2026-01-29T11:01:07+00:00","dateModified":"2026-01-29T11:01:31+00:00","breadcrumb":{"@id":"https:\/\/jlgequipements.fr\/index.php\/produit\/tableau-coulissant\/#breadcrumb"},"inLanguage":"fr-FR","potentialAction":[{"@type":"ReadAction","target":["https:\/\/jlgequipements.fr\/index.php\/produit\/tableau-coulissant\/"]}]},{"@type":"ImageObject","inLanguage":"fr-FR","@id":"https:\/\/jlgequipements.fr\/index.php\/produit\/tableau-coulissant\/#primaryimage","url":"https:\/\/jlgequipements.fr\/wp-content\/uploads\/2026\/01\/TABLEAU-COULISSANT.jpg","contentUrl":"https:\/\/jlgequipements.fr\/wp-content\/uploads\/2026\/01\/TABLEAU-COULISSANT.jpg","width":2083,"height":2083},{"@type":"BreadcrumbList","@id":"https:\/\/jlgequipements.fr\/index.php\/produit\/tableau-coulissant\/#breadcrumb","itemListElement":[{"@type":"ListItem","position":1,"name":"Accueil","item":"https:\/\/jlgequipements.fr\/"},{"@type":"ListItem","position":2,"name":"Boutique","item":"https:\/\/jlgequipements.fr\/index.php\/boutique\/"},{"@type":"ListItem","position":3,"name":"TABLEAU COULISSANT"}]},{"@type":"WebSite","@id":"https:\/\/jlgequipements.fr\/#website","url":"https:\/\/jlgequipements.fr\/","name":"JLG \u00c9quipements collectivit\u00e9","description":"Le partenaire des communes","publisher":{"@id":"https:\/\/jlgequipements.fr\/#organization"},"potentialAction":[{"@type":"SearchAction","target":{"@type":"EntryPoint","urlTemplate":"https:\/\/jlgequipements.fr\/?s={search_term_string}"},"query-input":{"@type":"PropertyValueSpecification","valueRequired":true,"valueName":"search_term_string"}}],"inLanguage":"fr-FR"},{"@type":"Organization","@id":"https:\/\/jlgequipements.fr\/#organization","name":"JLG \u00c9quipements collectivit\u00e9","url":"https:\/\/jlgequipements.fr\/","logo":{"@type":"ImageObject","inLanguage":"fr-FR","@id":"https:\/\/jlgequipements.fr\/#\/schema\/logo\/image\/","url":"https:\/\/jlgequipements.fr\/wp-content\/uploads\/2024\/01\/JLG_LOGO_VECTO.png","contentUrl":"https:\/\/jlgequipements.fr\/wp-content\/uploads\/2024\/01\/JLG_LOGO_VECTO.png","width":3293,"height":3292,"caption":"JLG \u00c9quipements collectivit\u00e9"},"image":{"@id":"https:\/\/jlgequipements.fr\/#\/schema\/logo\/image\/"}}]}},"_links":{"self":[{"href":"https:\/\/jlgequipements.fr\/index.php\/wp-json\/wp\/v2\/product\/14609","targetHints":{"allow":["GET"]}}],"collection":[{"href":"https:\/\/jlgequipements.fr\/index.php\/wp-json\/wp\/v2\/product"}],"about":[{"href":"https:\/\/jlgequipements.fr\/index.php\/wp-json\/wp\/v2\/types\/product"}],"replies":[{"embeddable":true,"href":"https:\/\/jlgequipements.fr\/index.php\/wp-json\/wp\/v2\/comments?post=14609"}],"version-history":[{"count":1,"href":"https:\/\/jlgequipements.fr\/index.php\/wp-json\/wp\/v2\/product\/14609\/revisions"}],"predecessor-version":[{"id":14611,"href":"https:\/\/jlgequipements.fr\/index.php\/wp-json\/wp\/v2\/product\/14609\/revisions\/14611"}],"wp:featuredmedia":[{"embeddable":true,"href":"https:\/\/jlgequipements.fr\/index.php\/wp-json\/wp\/v2\/media\/14610"}],"wp:attachment":[{"href":"https:\/\/jlgequipements.fr\/index.php\/wp-json\/wp\/v2\/media?parent=14609"}],"wp:term":[{"taxonomy":"product_brand","embeddable":true,"href":"https:\/\/jlgequipements.fr\/index.php\/wp-json\/wp\/v2\/product_brand?post=14609"},{"taxonomy":"product_cat","embeddable":true,"href":"https:\/\/jlgequipements.fr\/index.php\/wp-json\/wp\/v2\/product_cat?post=14609"},{"taxonomy":"product_tag","embeddable":true,"href":"https:\/\/jlgequipements.fr\/index.php\/wp-json\/wp\/v2\/product_tag?post=14609"}],"curies":[{"name":"wp","href":"https:\/\/api.w.org\/{rel}","templated":true}]}}