{"id":14606,"date":"2026-01-29T11:56:38","date_gmt":"2026-01-29T10:56:38","guid":{"rendered":"https:\/\/jlgequipements.fr\/?post_type=product&#038;p=14606"},"modified":"2026-01-29T11:56:38","modified_gmt":"2026-01-29T10:56:38","slug":"tableau-shellboard-liege","status":"publish","type":"product","link":"https:\/\/jlgequipements.fr\/index.php\/produit\/tableau-shellboard-liege\/","title":{"rendered":"TABLEAU SHELLBOARD LI\u00c8GE"},"content":{"rendered":"<p class=\"p1\"><span class=\"s1\">Id\u00e9al pour les bureaux et les espaces partag\u00e9s.<\/span><\/p>\n<p class=\"p1\"><span class=\"s1\">Dot\u00e9 d\u2019un encadrement sobre et \u00e9l\u00e9gant en aluminium anodis\u00e9 naturel, le tableau SB mixte de la gamme SB (SHELLBOARD) combine une surface en li\u00e8ge agglom\u00e9r\u00e9 naturelle et chaleureuse \u00e0 une surface en \u00e9mail e3 con\u00e7ue pour une \u00e9criture intensive avec des marqueurs. Il est tr\u00e8s facile \u00e0 installer avec seulement 4 points de fixation et peut \u00eatre mont\u00e9 \u00e0 l\u2019horizontale ou \u00e0 la verticale.<\/span><\/p>\n<p>SURFACE GARANTIE \u00c0 VIE<\/p>\n<p>TABLEAUX GARANTIE 2 ANS<\/p>\n<p>Disponible en versions : li\u00e8ge, laqu\u00e9, \u00e9maill\u00e9 et li\u00e8ge et \u00e9maill\u00e9<\/p>\n<p>Dimensions disponibles :<\/p>\n<p>45 x 60 cm<\/p>\n<p>60 x 90 cm<\/p>\n<p>90 x 120 cm<\/p>\n<p>90 x 150 cm<\/p>\n<p>100 x 120 cm<\/p>\n<p>90 x 180 cm<\/p>\n<p>100 x 150 cm<\/p>\n<p>100 x 200 cm<\/p>\n<p>120 x 200 cm<\/p>\n<p>120 x 240 cm<\/p>\n","protected":false},"excerpt":{"rendered":"<p>Id\u00e9al pour les bureaux et les espaces partag\u00e9s. Dot\u00e9 d\u2019un encadrement sobre et \u00e9l\u00e9gant en aluminium anodis\u00e9 naturel, le tableau SB mixte de la gamme SB (SHELLBOARD) combine une surface en li\u00e8ge agglom\u00e9r\u00e9 naturelle et chaleureuse \u00e0 une surface en \u00e9mail e3 con\u00e7ue pour une \u00e9criture intensive avec des marqueurs. Il est tr\u00e8s facile \u00e0 installer avec seulement 4 points de fixation et peut \u00eatre mont\u00e9 \u00e0 l\u2019horizontale ou \u00e0 la verticale. SURFACE GARANTIE \u00c0 VIE TABLEAUX GARANTIE 2 ANS Disponible en versions : li\u00e8ge, laqu\u00e9, \u00e9maill\u00e9 et li\u00e8ge et \u00e9maill\u00e9 Dimensions disponibles : 45 x 60 cm 60 x 90 cm 90 x 120 cm 90 x 150 cm 100 x 120 cm 90 x 180 cm 100 x 150 cm 100 x 200 cm 120 x 200 cm 120 x 240 cm<\/p>\n","protected":false},"featured_media":14607,"comment_status":"open","ping_status":"closed","template":"","meta":[],"product_brand":[],"product_cat":[240,245],"product_tag":[],"class_list":{"0":"post-14606","1":"product","2":"type-product","3":"status-publish","4":"has-post-thumbnail","6":"product_cat-mobilier-scolaire","7":"product_cat-tableaux-scolaire","9":"first","10":"instock","11":"shipping-taxable","12":"product-type-simple"},"yoast_head":"<!-- This site is optimized with the Yoast SEO plugin v27.1.1 - https:\/\/yoast.com\/product\/yoast-seo-wordpress\/ -->\n<title>TABLEAU SHELLBOARD LI\u00c8GE - JLG \u00c9quipements Collectivit\u00e9s<\/title>\n<meta name=\"robots\" content=\"index, follow, max-snippet:-1, max-image-preview:large, max-video-preview:-1\" \/>\n<link rel=\"canonical\" href=\"https:\/\/jlgequipements.fr\/index.php\/produit\/tableau-shellboard-liege\/\" \/>\n<meta property=\"og:locale\" content=\"fr_FR\" \/>\n<meta property=\"og:type\" content=\"article\" \/>\n<meta property=\"og:title\" content=\"TABLEAU SHELLBOARD LI\u00c8GE - JLG \u00c9quipements Collectivit\u00e9s\" \/>\n<meta property=\"og:description\" content=\"Id\u00e9al pour les bureaux et les espaces partag\u00e9s. Dot\u00e9 d\u2019un encadrement sobre et \u00e9l\u00e9gant en aluminium anodis\u00e9 naturel, le tableau SB mixte de la gamme SB (SHELLBOARD) combine une surface en li\u00e8ge agglom\u00e9r\u00e9 naturelle et chaleureuse \u00e0 une surface en \u00e9mail e3 con\u00e7ue pour une \u00e9criture intensive avec des marqueurs. Il est tr\u00e8s facile \u00e0 installer avec seulement 4 points de fixation et peut \u00eatre mont\u00e9 \u00e0 l\u2019horizontale ou \u00e0 la verticale. SURFACE GARANTIE \u00c0 VIE TABLEAUX GARANTIE 2 ANS Disponible en versions : li\u00e8ge, laqu\u00e9, \u00e9maill\u00e9 et li\u00e8ge et \u00e9maill\u00e9 Dimensions disponibles : 45 x 60 cm 60 x 90 cm 90 x 120 cm 90 x 150 cm 100 x 120 cm 90 x 180 cm 100 x 150 cm 100 x 200 cm 120 x 200 cm 120 x 240 cm\" \/>\n<meta property=\"og:url\" content=\"https:\/\/jlgequipements.fr\/index.php\/produit\/tableau-shellboard-liege\/\" \/>\n<meta property=\"og:site_name\" content=\"JLG \u00c9quipements Collectivit\u00e9s\" \/>\n<meta property=\"og:image\" content=\"http:\/\/jlgequipements.fr\/wp-content\/uploads\/2026\/01\/shellboard.jpg\" \/>\n\t<meta property=\"og:image:width\" content=\"2083\" \/>\n\t<meta property=\"og:image:height\" content=\"2083\" \/>\n\t<meta property=\"og:image:type\" content=\"image\/jpeg\" \/>\n<meta name=\"twitter:card\" content=\"summary_large_image\" \/>\n<meta name=\"twitter:label1\" content=\"Dur\u00e9e de lecture estim\u00e9e\" \/>\n\t<meta name=\"twitter:data1\" content=\"1 minute\" \/>\n<script type=\"application\/ld+json\" class=\"yoast-schema-graph\">{\"@context\":\"https:\/\/schema.org\",\"@graph\":[{\"@type\":\"WebPage\",\"@id\":\"https:\/\/jlgequipements.fr\/index.php\/produit\/tableau-shellboard-liege\/\",\"url\":\"https:\/\/jlgequipements.fr\/index.php\/produit\/tableau-shellboard-liege\/\",\"name\":\"TABLEAU SHELLBOARD LI\u00c8GE - JLG \u00c9quipements Collectivit\u00e9s\",\"isPartOf\":{\"@id\":\"https:\/\/jlgequipements.fr\/#website\"},\"primaryImageOfPage\":{\"@id\":\"https:\/\/jlgequipements.fr\/index.php\/produit\/tableau-shellboard-liege\/#primaryimage\"},\"image\":{\"@id\":\"https:\/\/jlgequipements.fr\/index.php\/produit\/tableau-shellboard-liege\/#primaryimage\"},\"thumbnailUrl\":\"https:\/\/jlgequipements.fr\/wp-content\/uploads\/2026\/01\/shellboard.jpg\",\"datePublished\":\"2026-01-29T10:56:38+00:00\",\"breadcrumb\":{\"@id\":\"https:\/\/jlgequipements.fr\/index.php\/produit\/tableau-shellboard-liege\/#breadcrumb\"},\"inLanguage\":\"fr-FR\",\"potentialAction\":[{\"@type\":\"ReadAction\",\"target\":[\"https:\/\/jlgequipements.fr\/index.php\/produit\/tableau-shellboard-liege\/\"]}]},{\"@type\":\"ImageObject\",\"inLanguage\":\"fr-FR\",\"@id\":\"https:\/\/jlgequipements.fr\/index.php\/produit\/tableau-shellboard-liege\/#primaryimage\",\"url\":\"https:\/\/jlgequipements.fr\/wp-content\/uploads\/2026\/01\/shellboard.jpg\",\"contentUrl\":\"https:\/\/jlgequipements.fr\/wp-content\/uploads\/2026\/01\/shellboard.jpg\",\"width\":2083,\"height\":2083},{\"@type\":\"BreadcrumbList\",\"@id\":\"https:\/\/jlgequipements.fr\/index.php\/produit\/tableau-shellboard-liege\/#breadcrumb\",\"itemListElement\":[{\"@type\":\"ListItem\",\"position\":1,\"name\":\"Accueil\",\"item\":\"https:\/\/jlgequipements.fr\/\"},{\"@type\":\"ListItem\",\"position\":2,\"name\":\"Boutique\",\"item\":\"https:\/\/jlgequipements.fr\/index.php\/boutique\/\"},{\"@type\":\"ListItem\",\"position\":3,\"name\":\"TABLEAU SHELLBOARD LI\u00c8GE\"}]},{\"@type\":\"WebSite\",\"@id\":\"https:\/\/jlgequipements.fr\/#website\",\"url\":\"https:\/\/jlgequipements.fr\/\",\"name\":\"JLG \u00c9quipements collectivit\u00e9\",\"description\":\"Le partenaire des communes\",\"publisher\":{\"@id\":\"https:\/\/jlgequipements.fr\/#organization\"},\"potentialAction\":[{\"@type\":\"SearchAction\",\"target\":{\"@type\":\"EntryPoint\",\"urlTemplate\":\"https:\/\/jlgequipements.fr\/?s={search_term_string}\"},\"query-input\":{\"@type\":\"PropertyValueSpecification\",\"valueRequired\":true,\"valueName\":\"search_term_string\"}}],\"inLanguage\":\"fr-FR\"},{\"@type\":\"Organization\",\"@id\":\"https:\/\/jlgequipements.fr\/#organization\",\"name\":\"JLG \u00c9quipements collectivit\u00e9\",\"url\":\"https:\/\/jlgequipements.fr\/\",\"logo\":{\"@type\":\"ImageObject\",\"inLanguage\":\"fr-FR\",\"@id\":\"https:\/\/jlgequipements.fr\/#\/schema\/logo\/image\/\",\"url\":\"https:\/\/jlgequipements.fr\/wp-content\/uploads\/2024\/01\/JLG_LOGO_VECTO.png\",\"contentUrl\":\"https:\/\/jlgequipements.fr\/wp-content\/uploads\/2024\/01\/JLG_LOGO_VECTO.png\",\"width\":3293,\"height\":3292,\"caption\":\"JLG \u00c9quipements collectivit\u00e9\"},\"image\":{\"@id\":\"https:\/\/jlgequipements.fr\/#\/schema\/logo\/image\/\"}}]}<\/script>\n<!-- \/ Yoast SEO plugin. -->","yoast_head_json":{"title":"TABLEAU SHELLBOARD LI\u00c8GE - JLG \u00c9quipements Collectivit\u00e9s","robots":{"index":"index","follow":"follow","max-snippet":"max-snippet:-1","max-image-preview":"max-image-preview:large","max-video-preview":"max-video-preview:-1"},"canonical":"https:\/\/jlgequipements.fr\/index.php\/produit\/tableau-shellboard-liege\/","og_locale":"fr_FR","og_type":"article","og_title":"TABLEAU SHELLBOARD LI\u00c8GE - JLG \u00c9quipements Collectivit\u00e9s","og_description":"Id\u00e9al pour les bureaux et les espaces partag\u00e9s. Dot\u00e9 d\u2019un encadrement sobre et \u00e9l\u00e9gant en aluminium anodis\u00e9 naturel, le tableau SB mixte de la gamme SB (SHELLBOARD) combine une surface en li\u00e8ge agglom\u00e9r\u00e9 naturelle et chaleureuse \u00e0 une surface en \u00e9mail e3 con\u00e7ue pour une \u00e9criture intensive avec des marqueurs. Il est tr\u00e8s facile \u00e0 installer avec seulement 4 points de fixation et peut \u00eatre mont\u00e9 \u00e0 l\u2019horizontale ou \u00e0 la verticale. SURFACE GARANTIE \u00c0 VIE TABLEAUX GARANTIE 2 ANS Disponible en versions : li\u00e8ge, laqu\u00e9, \u00e9maill\u00e9 et li\u00e8ge et \u00e9maill\u00e9 Dimensions disponibles : 45 x 60 cm 60 x 90 cm 90 x 120 cm 90 x 150 cm 100 x 120 cm 90 x 180 cm 100 x 150 cm 100 x 200 cm 120 x 200 cm 120 x 240 cm","og_url":"https:\/\/jlgequipements.fr\/index.php\/produit\/tableau-shellboard-liege\/","og_site_name":"JLG \u00c9quipements Collectivit\u00e9s","og_image":[{"width":2083,"height":2083,"url":"http:\/\/jlgequipements.fr\/wp-content\/uploads\/2026\/01\/shellboard.jpg","type":"image\/jpeg"}],"twitter_card":"summary_large_image","twitter_misc":{"Dur\u00e9e de lecture estim\u00e9e":"1 minute"},"schema":{"@context":"https:\/\/schema.org","@graph":[{"@type":"WebPage","@id":"https:\/\/jlgequipements.fr\/index.php\/produit\/tableau-shellboard-liege\/","url":"https:\/\/jlgequipements.fr\/index.php\/produit\/tableau-shellboard-liege\/","name":"TABLEAU SHELLBOARD LI\u00c8GE - JLG \u00c9quipements Collectivit\u00e9s","isPartOf":{"@id":"https:\/\/jlgequipements.fr\/#website"},"primaryImageOfPage":{"@id":"https:\/\/jlgequipements.fr\/index.php\/produit\/tableau-shellboard-liege\/#primaryimage"},"image":{"@id":"https:\/\/jlgequipements.fr\/index.php\/produit\/tableau-shellboard-liege\/#primaryimage"},"thumbnailUrl":"https:\/\/jlgequipements.fr\/wp-content\/uploads\/2026\/01\/shellboard.jpg","datePublished":"2026-01-29T10:56:38+00:00","breadcrumb":{"@id":"https:\/\/jlgequipements.fr\/index.php\/produit\/tableau-shellboard-liege\/#breadcrumb"},"inLanguage":"fr-FR","potentialAction":[{"@type":"ReadAction","target":["https:\/\/jlgequipements.fr\/index.php\/produit\/tableau-shellboard-liege\/"]}]},{"@type":"ImageObject","inLanguage":"fr-FR","@id":"https:\/\/jlgequipements.fr\/index.php\/produit\/tableau-shellboard-liege\/#primaryimage","url":"https:\/\/jlgequipements.fr\/wp-content\/uploads\/2026\/01\/shellboard.jpg","contentUrl":"https:\/\/jlgequipements.fr\/wp-content\/uploads\/2026\/01\/shellboard.jpg","width":2083,"height":2083},{"@type":"BreadcrumbList","@id":"https:\/\/jlgequipements.fr\/index.php\/produit\/tableau-shellboard-liege\/#breadcrumb","itemListElement":[{"@type":"ListItem","position":1,"name":"Accueil","item":"https:\/\/jlgequipements.fr\/"},{"@type":"ListItem","position":2,"name":"Boutique","item":"https:\/\/jlgequipements.fr\/index.php\/boutique\/"},{"@type":"ListItem","position":3,"name":"TABLEAU SHELLBOARD LI\u00c8GE"}]},{"@type":"WebSite","@id":"https:\/\/jlgequipements.fr\/#website","url":"https:\/\/jlgequipements.fr\/","name":"JLG \u00c9quipements collectivit\u00e9","description":"Le partenaire des communes","publisher":{"@id":"https:\/\/jlgequipements.fr\/#organization"},"potentialAction":[{"@type":"SearchAction","target":{"@type":"EntryPoint","urlTemplate":"https:\/\/jlgequipements.fr\/?s={search_term_string}"},"query-input":{"@type":"PropertyValueSpecification","valueRequired":true,"valueName":"search_term_string"}}],"inLanguage":"fr-FR"},{"@type":"Organization","@id":"https:\/\/jlgequipements.fr\/#organization","name":"JLG \u00c9quipements collectivit\u00e9","url":"https:\/\/jlgequipements.fr\/","logo":{"@type":"ImageObject","inLanguage":"fr-FR","@id":"https:\/\/jlgequipements.fr\/#\/schema\/logo\/image\/","url":"https:\/\/jlgequipements.fr\/wp-content\/uploads\/2024\/01\/JLG_LOGO_VECTO.png","contentUrl":"https:\/\/jlgequipements.fr\/wp-content\/uploads\/2024\/01\/JLG_LOGO_VECTO.png","width":3293,"height":3292,"caption":"JLG \u00c9quipements collectivit\u00e9"},"image":{"@id":"https:\/\/jlgequipements.fr\/#\/schema\/logo\/image\/"}}]}},"_links":{"self":[{"href":"https:\/\/jlgequipements.fr\/index.php\/wp-json\/wp\/v2\/product\/14606","targetHints":{"allow":["GET"]}}],"collection":[{"href":"https:\/\/jlgequipements.fr\/index.php\/wp-json\/wp\/v2\/product"}],"about":[{"href":"https:\/\/jlgequipements.fr\/index.php\/wp-json\/wp\/v2\/types\/product"}],"replies":[{"embeddable":true,"href":"https:\/\/jlgequipements.fr\/index.php\/wp-json\/wp\/v2\/comments?post=14606"}],"version-history":[{"count":1,"href":"https:\/\/jlgequipements.fr\/index.php\/wp-json\/wp\/v2\/product\/14606\/revisions"}],"predecessor-version":[{"id":14608,"href":"https:\/\/jlgequipements.fr\/index.php\/wp-json\/wp\/v2\/product\/14606\/revisions\/14608"}],"wp:featuredmedia":[{"embeddable":true,"href":"https:\/\/jlgequipements.fr\/index.php\/wp-json\/wp\/v2\/media\/14607"}],"wp:attachment":[{"href":"https:\/\/jlgequipements.fr\/index.php\/wp-json\/wp\/v2\/media?parent=14606"}],"wp:term":[{"taxonomy":"product_brand","embeddable":true,"href":"https:\/\/jlgequipements.fr\/index.php\/wp-json\/wp\/v2\/product_brand?post=14606"},{"taxonomy":"product_cat","embeddable":true,"href":"https:\/\/jlgequipements.fr\/index.php\/wp-json\/wp\/v2\/product_cat?post=14606"},{"taxonomy":"product_tag","embeddable":true,"href":"https:\/\/jlgequipements.fr\/index.php\/wp-json\/wp\/v2\/product_tag?post=14606"}],"curies":[{"name":"wp","href":"https:\/\/api.w.org\/{rel}","templated":true}]}}