{"id":14603,"date":"2026-01-29T11:52:20","date_gmt":"2026-01-29T10:52:20","guid":{"rendered":"https:\/\/jlgequipements.fr\/?post_type=product&#038;p=14603"},"modified":"2026-01-29T11:52:20","modified_gmt":"2026-01-29T10:52:20","slug":"tableau-mobile-tipi","status":"publish","type":"product","link":"https:\/\/jlgequipements.fr\/index.php\/produit\/tableau-mobile-tipi\/","title":{"rendered":"TABLEAU MOBILE TIPI"},"content":{"rendered":"<p class=\"p1\"><span class=\"s1\"><b>Mat\u00e9riaux de surface<\/b><\/span><\/p>\n<p class=\"p2\"><span class=\"s1\">&#8211; \u00c9mail blanc feutre double face<\/span><\/p>\n<p class=\"p2\"><span class=\"s1\">&#8211; Verre selon le nuancier sur devis<\/span><\/p>\n<p class=\"p2\"><span class=\"s1\">&#8211; Acoustique sur devis<\/span><\/p>\n<p>&#8211; Dimensions : 160 x 100 cm<\/p>\n<p class=\"p1\">Le tableau mobile Tipi offre 2 grandes surfaces, parfaites pour que plusieurs groupes partagent leurs id\u00e9es en simultan\u00e9. Facile \u00e0 d\u00e9placer gr\u00e2ce \u00e0 ses roulettes, il reste parfaitement stable une fois positionn\u00e9. Les jonctions aimant\u00e9es permettent d\u2019assembler plusieurs TIPI pour cr\u00e9er un mur collaboratif modulable. Pratique, un espace de rangement int\u00e9gr\u00e9 entre les 2 tableaux permet de stocker des mat\u00e9riels.<\/p>\n<p class=\"p1\"><span class=\"s1\"><b>Option \u00e9mail standard <\/b><\/span><span class=\"s2\"><b>(blanc feutre, vert craie, blanc projection)<\/b><b><\/b><\/span><\/p>\n<p class=\"p1\"><span class=\"s3\"><b>Option verre coloris standard <\/b><\/span><b>(blanc 9003, noir 9005, rouge 3002, gris 7011)<\/b><b><\/b><\/p>\n<p class=\"p2\"><b>Option verre coloris nuancier VANERUM<\/b><\/p>\n<p class=\"p2\"><b>Option panneau acoustique<\/b><\/p>\n<p>SURFACE GARANTIE \u00c0 VIE<\/p>\n<p>TABLEAUX GARANTIE 2 ANS<\/p>\n","protected":false},"excerpt":{"rendered":"<p>Mat\u00e9riaux de surface &#8211; \u00c9mail blanc feutre double face &#8211; Verre selon le nuancier sur devis &#8211; Acoustique sur devis &#8211; Dimensions : 160 x 100 cm Le tableau mobile Tipi offre 2 grandes surfaces, parfaites pour que plusieurs groupes partagent leurs id\u00e9es en simultan\u00e9. Facile \u00e0 d\u00e9placer gr\u00e2ce \u00e0 ses roulettes, il reste parfaitement stable une fois positionn\u00e9. Les jonctions aimant\u00e9es permettent d\u2019assembler plusieurs TIPI pour cr\u00e9er un mur collaboratif modulable. Pratique, un espace de rangement int\u00e9gr\u00e9 entre les 2 tableaux permet de stocker des mat\u00e9riels. Option \u00e9mail standard (blanc feutre, vert craie, blanc projection) Option verre coloris standard (blanc 9003, noir 9005, rouge 3002, gris 7011) Option verre coloris nuancier VANERUM Option panneau acoustique SURFACE GARANTIE \u00c0 VIE TABLEAUX GARANTIE 2 ANS<\/p>\n","protected":false},"featured_media":14604,"comment_status":"open","ping_status":"closed","template":"","meta":[],"product_brand":[],"product_cat":[240,245],"product_tag":[],"class_list":{"0":"post-14603","1":"product","2":"type-product","3":"status-publish","4":"has-post-thumbnail","6":"product_cat-mobilier-scolaire","7":"product_cat-tableaux-scolaire","9":"first","10":"instock","11":"shipping-taxable","12":"product-type-simple"},"yoast_head":"<!-- This site is optimized with the Yoast SEO plugin v27.1.1 - https:\/\/yoast.com\/product\/yoast-seo-wordpress\/ -->\n<title>TABLEAU MOBILE TIPI - JLG \u00c9quipements Collectivit\u00e9s<\/title>\n<meta name=\"robots\" content=\"index, follow, max-snippet:-1, max-image-preview:large, max-video-preview:-1\" \/>\n<link rel=\"canonical\" href=\"https:\/\/jlgequipements.fr\/index.php\/produit\/tableau-mobile-tipi\/\" \/>\n<meta property=\"og:locale\" content=\"fr_FR\" \/>\n<meta property=\"og:type\" content=\"article\" \/>\n<meta property=\"og:title\" content=\"TABLEAU MOBILE TIPI - JLG \u00c9quipements Collectivit\u00e9s\" \/>\n<meta property=\"og:description\" content=\"Mat\u00e9riaux de surface &#8211; \u00c9mail blanc feutre double face &#8211; Verre selon le nuancier sur devis &#8211; Acoustique sur devis &#8211; Dimensions : 160 x 100 cm Le tableau mobile Tipi offre 2 grandes surfaces, parfaites pour que plusieurs groupes partagent leurs id\u00e9es en simultan\u00e9. Facile \u00e0 d\u00e9placer gr\u00e2ce \u00e0 ses roulettes, il reste parfaitement stable une fois positionn\u00e9. Les jonctions aimant\u00e9es permettent d\u2019assembler plusieurs TIPI pour cr\u00e9er un mur collaboratif modulable. Pratique, un espace de rangement int\u00e9gr\u00e9 entre les 2 tableaux permet de stocker des mat\u00e9riels. Option \u00e9mail standard (blanc feutre, vert craie, blanc projection) Option verre coloris standard (blanc 9003, noir 9005, rouge 3002, gris 7011) Option verre coloris nuancier VANERUM Option panneau acoustique SURFACE GARANTIE \u00c0 VIE TABLEAUX GARANTIE 2 ANS\" \/>\n<meta property=\"og:url\" content=\"https:\/\/jlgequipements.fr\/index.php\/produit\/tableau-mobile-tipi\/\" \/>\n<meta property=\"og:site_name\" content=\"JLG \u00c9quipements Collectivit\u00e9s\" \/>\n<meta property=\"og:image\" content=\"http:\/\/jlgequipements.fr\/wp-content\/uploads\/2026\/01\/TABLEAU-TIPI.jpg\" \/>\n\t<meta property=\"og:image:width\" content=\"2083\" \/>\n\t<meta property=\"og:image:height\" content=\"2083\" \/>\n\t<meta property=\"og:image:type\" content=\"image\/jpeg\" \/>\n<meta name=\"twitter:card\" content=\"summary_large_image\" \/>\n<meta name=\"twitter:label1\" content=\"Dur\u00e9e de lecture estim\u00e9e\" \/>\n\t<meta name=\"twitter:data1\" content=\"1 minute\" \/>\n<script type=\"application\/ld+json\" class=\"yoast-schema-graph\">{\"@context\":\"https:\/\/schema.org\",\"@graph\":[{\"@type\":\"WebPage\",\"@id\":\"https:\/\/jlgequipements.fr\/index.php\/produit\/tableau-mobile-tipi\/\",\"url\":\"https:\/\/jlgequipements.fr\/index.php\/produit\/tableau-mobile-tipi\/\",\"name\":\"TABLEAU MOBILE TIPI - JLG \u00c9quipements Collectivit\u00e9s\",\"isPartOf\":{\"@id\":\"https:\/\/jlgequipements.fr\/#website\"},\"primaryImageOfPage\":{\"@id\":\"https:\/\/jlgequipements.fr\/index.php\/produit\/tableau-mobile-tipi\/#primaryimage\"},\"image\":{\"@id\":\"https:\/\/jlgequipements.fr\/index.php\/produit\/tableau-mobile-tipi\/#primaryimage\"},\"thumbnailUrl\":\"https:\/\/jlgequipements.fr\/wp-content\/uploads\/2026\/01\/TABLEAU-TIPI.jpg\",\"datePublished\":\"2026-01-29T10:52:20+00:00\",\"breadcrumb\":{\"@id\":\"https:\/\/jlgequipements.fr\/index.php\/produit\/tableau-mobile-tipi\/#breadcrumb\"},\"inLanguage\":\"fr-FR\",\"potentialAction\":[{\"@type\":\"ReadAction\",\"target\":[\"https:\/\/jlgequipements.fr\/index.php\/produit\/tableau-mobile-tipi\/\"]}]},{\"@type\":\"ImageObject\",\"inLanguage\":\"fr-FR\",\"@id\":\"https:\/\/jlgequipements.fr\/index.php\/produit\/tableau-mobile-tipi\/#primaryimage\",\"url\":\"https:\/\/jlgequipements.fr\/wp-content\/uploads\/2026\/01\/TABLEAU-TIPI.jpg\",\"contentUrl\":\"https:\/\/jlgequipements.fr\/wp-content\/uploads\/2026\/01\/TABLEAU-TIPI.jpg\",\"width\":2083,\"height\":2083},{\"@type\":\"BreadcrumbList\",\"@id\":\"https:\/\/jlgequipements.fr\/index.php\/produit\/tableau-mobile-tipi\/#breadcrumb\",\"itemListElement\":[{\"@type\":\"ListItem\",\"position\":1,\"name\":\"Accueil\",\"item\":\"https:\/\/jlgequipements.fr\/\"},{\"@type\":\"ListItem\",\"position\":2,\"name\":\"Boutique\",\"item\":\"https:\/\/jlgequipements.fr\/index.php\/boutique\/\"},{\"@type\":\"ListItem\",\"position\":3,\"name\":\"TABLEAU MOBILE TIPI\"}]},{\"@type\":\"WebSite\",\"@id\":\"https:\/\/jlgequipements.fr\/#website\",\"url\":\"https:\/\/jlgequipements.fr\/\",\"name\":\"JLG \u00c9quipements collectivit\u00e9\",\"description\":\"Le partenaire des communes\",\"publisher\":{\"@id\":\"https:\/\/jlgequipements.fr\/#organization\"},\"potentialAction\":[{\"@type\":\"SearchAction\",\"target\":{\"@type\":\"EntryPoint\",\"urlTemplate\":\"https:\/\/jlgequipements.fr\/?s={search_term_string}\"},\"query-input\":{\"@type\":\"PropertyValueSpecification\",\"valueRequired\":true,\"valueName\":\"search_term_string\"}}],\"inLanguage\":\"fr-FR\"},{\"@type\":\"Organization\",\"@id\":\"https:\/\/jlgequipements.fr\/#organization\",\"name\":\"JLG \u00c9quipements collectivit\u00e9\",\"url\":\"https:\/\/jlgequipements.fr\/\",\"logo\":{\"@type\":\"ImageObject\",\"inLanguage\":\"fr-FR\",\"@id\":\"https:\/\/jlgequipements.fr\/#\/schema\/logo\/image\/\",\"url\":\"https:\/\/jlgequipements.fr\/wp-content\/uploads\/2024\/01\/JLG_LOGO_VECTO.png\",\"contentUrl\":\"https:\/\/jlgequipements.fr\/wp-content\/uploads\/2024\/01\/JLG_LOGO_VECTO.png\",\"width\":3293,\"height\":3292,\"caption\":\"JLG \u00c9quipements collectivit\u00e9\"},\"image\":{\"@id\":\"https:\/\/jlgequipements.fr\/#\/schema\/logo\/image\/\"}}]}<\/script>\n<!-- \/ Yoast SEO plugin. -->","yoast_head_json":{"title":"TABLEAU MOBILE TIPI - JLG \u00c9quipements Collectivit\u00e9s","robots":{"index":"index","follow":"follow","max-snippet":"max-snippet:-1","max-image-preview":"max-image-preview:large","max-video-preview":"max-video-preview:-1"},"canonical":"https:\/\/jlgequipements.fr\/index.php\/produit\/tableau-mobile-tipi\/","og_locale":"fr_FR","og_type":"article","og_title":"TABLEAU MOBILE TIPI - JLG \u00c9quipements Collectivit\u00e9s","og_description":"Mat\u00e9riaux de surface &#8211; \u00c9mail blanc feutre double face &#8211; Verre selon le nuancier sur devis &#8211; Acoustique sur devis &#8211; Dimensions : 160 x 100 cm Le tableau mobile Tipi offre 2 grandes surfaces, parfaites pour que plusieurs groupes partagent leurs id\u00e9es en simultan\u00e9. Facile \u00e0 d\u00e9placer gr\u00e2ce \u00e0 ses roulettes, il reste parfaitement stable une fois positionn\u00e9. Les jonctions aimant\u00e9es permettent d\u2019assembler plusieurs TIPI pour cr\u00e9er un mur collaboratif modulable. Pratique, un espace de rangement int\u00e9gr\u00e9 entre les 2 tableaux permet de stocker des mat\u00e9riels. Option \u00e9mail standard (blanc feutre, vert craie, blanc projection) Option verre coloris standard (blanc 9003, noir 9005, rouge 3002, gris 7011) Option verre coloris nuancier VANERUM Option panneau acoustique SURFACE GARANTIE \u00c0 VIE TABLEAUX GARANTIE 2 ANS","og_url":"https:\/\/jlgequipements.fr\/index.php\/produit\/tableau-mobile-tipi\/","og_site_name":"JLG \u00c9quipements Collectivit\u00e9s","og_image":[{"width":2083,"height":2083,"url":"http:\/\/jlgequipements.fr\/wp-content\/uploads\/2026\/01\/TABLEAU-TIPI.jpg","type":"image\/jpeg"}],"twitter_card":"summary_large_image","twitter_misc":{"Dur\u00e9e de lecture estim\u00e9e":"1 minute"},"schema":{"@context":"https:\/\/schema.org","@graph":[{"@type":"WebPage","@id":"https:\/\/jlgequipements.fr\/index.php\/produit\/tableau-mobile-tipi\/","url":"https:\/\/jlgequipements.fr\/index.php\/produit\/tableau-mobile-tipi\/","name":"TABLEAU MOBILE TIPI - JLG \u00c9quipements Collectivit\u00e9s","isPartOf":{"@id":"https:\/\/jlgequipements.fr\/#website"},"primaryImageOfPage":{"@id":"https:\/\/jlgequipements.fr\/index.php\/produit\/tableau-mobile-tipi\/#primaryimage"},"image":{"@id":"https:\/\/jlgequipements.fr\/index.php\/produit\/tableau-mobile-tipi\/#primaryimage"},"thumbnailUrl":"https:\/\/jlgequipements.fr\/wp-content\/uploads\/2026\/01\/TABLEAU-TIPI.jpg","datePublished":"2026-01-29T10:52:20+00:00","breadcrumb":{"@id":"https:\/\/jlgequipements.fr\/index.php\/produit\/tableau-mobile-tipi\/#breadcrumb"},"inLanguage":"fr-FR","potentialAction":[{"@type":"ReadAction","target":["https:\/\/jlgequipements.fr\/index.php\/produit\/tableau-mobile-tipi\/"]}]},{"@type":"ImageObject","inLanguage":"fr-FR","@id":"https:\/\/jlgequipements.fr\/index.php\/produit\/tableau-mobile-tipi\/#primaryimage","url":"https:\/\/jlgequipements.fr\/wp-content\/uploads\/2026\/01\/TABLEAU-TIPI.jpg","contentUrl":"https:\/\/jlgequipements.fr\/wp-content\/uploads\/2026\/01\/TABLEAU-TIPI.jpg","width":2083,"height":2083},{"@type":"BreadcrumbList","@id":"https:\/\/jlgequipements.fr\/index.php\/produit\/tableau-mobile-tipi\/#breadcrumb","itemListElement":[{"@type":"ListItem","position":1,"name":"Accueil","item":"https:\/\/jlgequipements.fr\/"},{"@type":"ListItem","position":2,"name":"Boutique","item":"https:\/\/jlgequipements.fr\/index.php\/boutique\/"},{"@type":"ListItem","position":3,"name":"TABLEAU MOBILE TIPI"}]},{"@type":"WebSite","@id":"https:\/\/jlgequipements.fr\/#website","url":"https:\/\/jlgequipements.fr\/","name":"JLG \u00c9quipements collectivit\u00e9","description":"Le partenaire des communes","publisher":{"@id":"https:\/\/jlgequipements.fr\/#organization"},"potentialAction":[{"@type":"SearchAction","target":{"@type":"EntryPoint","urlTemplate":"https:\/\/jlgequipements.fr\/?s={search_term_string}"},"query-input":{"@type":"PropertyValueSpecification","valueRequired":true,"valueName":"search_term_string"}}],"inLanguage":"fr-FR"},{"@type":"Organization","@id":"https:\/\/jlgequipements.fr\/#organization","name":"JLG \u00c9quipements collectivit\u00e9","url":"https:\/\/jlgequipements.fr\/","logo":{"@type":"ImageObject","inLanguage":"fr-FR","@id":"https:\/\/jlgequipements.fr\/#\/schema\/logo\/image\/","url":"https:\/\/jlgequipements.fr\/wp-content\/uploads\/2024\/01\/JLG_LOGO_VECTO.png","contentUrl":"https:\/\/jlgequipements.fr\/wp-content\/uploads\/2024\/01\/JLG_LOGO_VECTO.png","width":3293,"height":3292,"caption":"JLG \u00c9quipements collectivit\u00e9"},"image":{"@id":"https:\/\/jlgequipements.fr\/#\/schema\/logo\/image\/"}}]}},"_links":{"self":[{"href":"https:\/\/jlgequipements.fr\/index.php\/wp-json\/wp\/v2\/product\/14603","targetHints":{"allow":["GET"]}}],"collection":[{"href":"https:\/\/jlgequipements.fr\/index.php\/wp-json\/wp\/v2\/product"}],"about":[{"href":"https:\/\/jlgequipements.fr\/index.php\/wp-json\/wp\/v2\/types\/product"}],"replies":[{"embeddable":true,"href":"https:\/\/jlgequipements.fr\/index.php\/wp-json\/wp\/v2\/comments?post=14603"}],"version-history":[{"count":1,"href":"https:\/\/jlgequipements.fr\/index.php\/wp-json\/wp\/v2\/product\/14603\/revisions"}],"predecessor-version":[{"id":14605,"href":"https:\/\/jlgequipements.fr\/index.php\/wp-json\/wp\/v2\/product\/14603\/revisions\/14605"}],"wp:featuredmedia":[{"embeddable":true,"href":"https:\/\/jlgequipements.fr\/index.php\/wp-json\/wp\/v2\/media\/14604"}],"wp:attachment":[{"href":"https:\/\/jlgequipements.fr\/index.php\/wp-json\/wp\/v2\/media?parent=14603"}],"wp:term":[{"taxonomy":"product_brand","embeddable":true,"href":"https:\/\/jlgequipements.fr\/index.php\/wp-json\/wp\/v2\/product_brand?post=14603"},{"taxonomy":"product_cat","embeddable":true,"href":"https:\/\/jlgequipements.fr\/index.php\/wp-json\/wp\/v2\/product_cat?post=14603"},{"taxonomy":"product_tag","embeddable":true,"href":"https:\/\/jlgequipements.fr\/index.php\/wp-json\/wp\/v2\/product_tag?post=14603"}],"curies":[{"name":"wp","href":"https:\/\/api.w.org\/{rel}","templated":true}]}}