{"id":14591,"date":"2026-01-29T11:34:25","date_gmt":"2026-01-29T10:34:25","guid":{"rendered":"https:\/\/jlgequipements.fr\/?post_type=product&#038;p=14591"},"modified":"2026-01-29T11:34:25","modified_gmt":"2026-01-29T10:34:25","slug":"table-artense-diam-120-cm","status":"publish","type":"product","link":"https:\/\/jlgequipements.fr\/index.php\/produit\/table-artense-diam-120-cm\/","title":{"rendered":"TABLE ARTENSE DIAM 120 CM"},"content":{"rendered":"<p class=\"p1\"><b><span class=\"Apple-converted-space\">\u00a0 <\/span>Description :<\/b><\/p>\n<p class=\"p1\">La structure m\u00e9tallique est compos\u00e9e d\u2019un cadre porteur non soud\u00e9 en profil\u00e9 rectangulaire 50\u00d720 mm, reli\u00e9 par quatre goussets en t\u00f4le emboutie de 4 mm d\u2019\u00e9paisseur, ce qui assure la rigidit\u00e9 de l\u2019ensemble. Elle est compl\u00e9t\u00e9e par quatre pieds en tube rond de 50 mm de diam\u00e8tre, \u00e9quip\u00e9s \u00e0 leur extr\u00e9mit\u00e9 sup\u00e9rieure d\u2019un fer de serrage taraud\u00e9 permettant leur fixation solide sur le cadre \u00e0 l\u2019aide de vis m\u00e9taux.<\/p>\n<p class=\"p1\">Poids : 33,9 kg<\/p>\n","protected":false},"excerpt":{"rendered":"<p>\u00a0 Description : La structure m\u00e9tallique est compos\u00e9e d\u2019un cadre porteur non soud\u00e9 en profil\u00e9 rectangulaire 50\u00d720 mm, reli\u00e9 par quatre goussets en t\u00f4le emboutie de 4 mm d\u2019\u00e9paisseur, ce qui assure la rigidit\u00e9 de l\u2019ensemble. Elle est compl\u00e9t\u00e9e par quatre pieds en tube rond de 50 mm de diam\u00e8tre, \u00e9quip\u00e9s \u00e0 leur extr\u00e9mit\u00e9 sup\u00e9rieure d\u2019un fer de serrage taraud\u00e9 permettant leur fixation solide sur le cadre \u00e0 l\u2019aide de vis m\u00e9taux. Poids : 33,9 kg<\/p>\n","protected":false},"featured_media":14589,"comment_status":"open","ping_status":"closed","template":"","meta":[],"product_brand":[],"product_cat":[240,242],"product_tag":[],"class_list":{"0":"post-14591","1":"product","2":"type-product","3":"status-publish","4":"has-post-thumbnail","6":"product_cat-mobilier-scolaire","7":"product_cat-tables","9":"first","10":"instock","11":"shipping-taxable","12":"product-type-simple"},"yoast_head":"<!-- This site is optimized with the Yoast SEO plugin v27.1.1 - https:\/\/yoast.com\/product\/yoast-seo-wordpress\/ -->\n<title>TABLE ARTENSE DIAM 120 CM - JLG \u00c9quipements Collectivit\u00e9s<\/title>\n<meta name=\"robots\" content=\"index, follow, max-snippet:-1, max-image-preview:large, max-video-preview:-1\" \/>\n<link rel=\"canonical\" href=\"https:\/\/jlgequipements.fr\/index.php\/produit\/table-artense-diam-120-cm\/\" \/>\n<meta property=\"og:locale\" content=\"fr_FR\" \/>\n<meta property=\"og:type\" content=\"article\" \/>\n<meta property=\"og:title\" content=\"TABLE ARTENSE DIAM 120 CM - JLG \u00c9quipements Collectivit\u00e9s\" \/>\n<meta property=\"og:description\" content=\"\u00a0 Description : La structure m\u00e9tallique est compos\u00e9e d\u2019un cadre porteur non soud\u00e9 en profil\u00e9 rectangulaire 50\u00d720 mm, reli\u00e9 par quatre goussets en t\u00f4le emboutie de 4 mm d\u2019\u00e9paisseur, ce qui assure la rigidit\u00e9 de l\u2019ensemble. Elle est compl\u00e9t\u00e9e par quatre pieds en tube rond de 50 mm de diam\u00e8tre, \u00e9quip\u00e9s \u00e0 leur extr\u00e9mit\u00e9 sup\u00e9rieure d\u2019un fer de serrage taraud\u00e9 permettant leur fixation solide sur le cadre \u00e0 l\u2019aide de vis m\u00e9taux. Poids : 33,9 kg\" \/>\n<meta property=\"og:url\" content=\"https:\/\/jlgequipements.fr\/index.php\/produit\/table-artense-diam-120-cm\/\" \/>\n<meta property=\"og:site_name\" content=\"JLG \u00c9quipements Collectivit\u00e9s\" \/>\n<meta property=\"og:image\" content=\"http:\/\/jlgequipements.fr\/wp-content\/uploads\/2026\/01\/CHAISE-CENDRINE_TABLE-ARTENSE-DIAM.jpg\" \/>\n\t<meta property=\"og:image:width\" content=\"2083\" \/>\n\t<meta property=\"og:image:height\" content=\"2083\" \/>\n\t<meta property=\"og:image:type\" content=\"image\/jpeg\" \/>\n<meta name=\"twitter:card\" content=\"summary_large_image\" \/>\n<script type=\"application\/ld+json\" class=\"yoast-schema-graph\">{\"@context\":\"https:\/\/schema.org\",\"@graph\":[{\"@type\":\"WebPage\",\"@id\":\"https:\/\/jlgequipements.fr\/index.php\/produit\/table-artense-diam-120-cm\/\",\"url\":\"https:\/\/jlgequipements.fr\/index.php\/produit\/table-artense-diam-120-cm\/\",\"name\":\"TABLE ARTENSE DIAM 120 CM - JLG \u00c9quipements Collectivit\u00e9s\",\"isPartOf\":{\"@id\":\"https:\/\/jlgequipements.fr\/#website\"},\"primaryImageOfPage\":{\"@id\":\"https:\/\/jlgequipements.fr\/index.php\/produit\/table-artense-diam-120-cm\/#primaryimage\"},\"image\":{\"@id\":\"https:\/\/jlgequipements.fr\/index.php\/produit\/table-artense-diam-120-cm\/#primaryimage\"},\"thumbnailUrl\":\"https:\/\/jlgequipements.fr\/wp-content\/uploads\/2026\/01\/CHAISE-CENDRINE_TABLE-ARTENSE-DIAM.jpg\",\"datePublished\":\"2026-01-29T10:34:25+00:00\",\"breadcrumb\":{\"@id\":\"https:\/\/jlgequipements.fr\/index.php\/produit\/table-artense-diam-120-cm\/#breadcrumb\"},\"inLanguage\":\"fr-FR\",\"potentialAction\":[{\"@type\":\"ReadAction\",\"target\":[\"https:\/\/jlgequipements.fr\/index.php\/produit\/table-artense-diam-120-cm\/\"]}]},{\"@type\":\"ImageObject\",\"inLanguage\":\"fr-FR\",\"@id\":\"https:\/\/jlgequipements.fr\/index.php\/produit\/table-artense-diam-120-cm\/#primaryimage\",\"url\":\"https:\/\/jlgequipements.fr\/wp-content\/uploads\/2026\/01\/CHAISE-CENDRINE_TABLE-ARTENSE-DIAM.jpg\",\"contentUrl\":\"https:\/\/jlgequipements.fr\/wp-content\/uploads\/2026\/01\/CHAISE-CENDRINE_TABLE-ARTENSE-DIAM.jpg\",\"width\":2083,\"height\":2083},{\"@type\":\"BreadcrumbList\",\"@id\":\"https:\/\/jlgequipements.fr\/index.php\/produit\/table-artense-diam-120-cm\/#breadcrumb\",\"itemListElement\":[{\"@type\":\"ListItem\",\"position\":1,\"name\":\"Accueil\",\"item\":\"https:\/\/jlgequipements.fr\/\"},{\"@type\":\"ListItem\",\"position\":2,\"name\":\"Boutique\",\"item\":\"https:\/\/jlgequipements.fr\/index.php\/boutique\/\"},{\"@type\":\"ListItem\",\"position\":3,\"name\":\"TABLE ARTENSE DIAM 120 CM\"}]},{\"@type\":\"WebSite\",\"@id\":\"https:\/\/jlgequipements.fr\/#website\",\"url\":\"https:\/\/jlgequipements.fr\/\",\"name\":\"JLG \u00c9quipements collectivit\u00e9\",\"description\":\"Le partenaire des communes\",\"publisher\":{\"@id\":\"https:\/\/jlgequipements.fr\/#organization\"},\"potentialAction\":[{\"@type\":\"SearchAction\",\"target\":{\"@type\":\"EntryPoint\",\"urlTemplate\":\"https:\/\/jlgequipements.fr\/?s={search_term_string}\"},\"query-input\":{\"@type\":\"PropertyValueSpecification\",\"valueRequired\":true,\"valueName\":\"search_term_string\"}}],\"inLanguage\":\"fr-FR\"},{\"@type\":\"Organization\",\"@id\":\"https:\/\/jlgequipements.fr\/#organization\",\"name\":\"JLG \u00c9quipements collectivit\u00e9\",\"url\":\"https:\/\/jlgequipements.fr\/\",\"logo\":{\"@type\":\"ImageObject\",\"inLanguage\":\"fr-FR\",\"@id\":\"https:\/\/jlgequipements.fr\/#\/schema\/logo\/image\/\",\"url\":\"https:\/\/jlgequipements.fr\/wp-content\/uploads\/2024\/01\/JLG_LOGO_VECTO.png\",\"contentUrl\":\"https:\/\/jlgequipements.fr\/wp-content\/uploads\/2024\/01\/JLG_LOGO_VECTO.png\",\"width\":3293,\"height\":3292,\"caption\":\"JLG \u00c9quipements collectivit\u00e9\"},\"image\":{\"@id\":\"https:\/\/jlgequipements.fr\/#\/schema\/logo\/image\/\"}}]}<\/script>\n<!-- \/ Yoast SEO plugin. -->","yoast_head_json":{"title":"TABLE ARTENSE DIAM 120 CM - JLG \u00c9quipements Collectivit\u00e9s","robots":{"index":"index","follow":"follow","max-snippet":"max-snippet:-1","max-image-preview":"max-image-preview:large","max-video-preview":"max-video-preview:-1"},"canonical":"https:\/\/jlgequipements.fr\/index.php\/produit\/table-artense-diam-120-cm\/","og_locale":"fr_FR","og_type":"article","og_title":"TABLE ARTENSE DIAM 120 CM - JLG \u00c9quipements Collectivit\u00e9s","og_description":"\u00a0 Description : La structure m\u00e9tallique est compos\u00e9e d\u2019un cadre porteur non soud\u00e9 en profil\u00e9 rectangulaire 50\u00d720 mm, reli\u00e9 par quatre goussets en t\u00f4le emboutie de 4 mm d\u2019\u00e9paisseur, ce qui assure la rigidit\u00e9 de l\u2019ensemble. Elle est compl\u00e9t\u00e9e par quatre pieds en tube rond de 50 mm de diam\u00e8tre, \u00e9quip\u00e9s \u00e0 leur extr\u00e9mit\u00e9 sup\u00e9rieure d\u2019un fer de serrage taraud\u00e9 permettant leur fixation solide sur le cadre \u00e0 l\u2019aide de vis m\u00e9taux. Poids : 33,9 kg","og_url":"https:\/\/jlgequipements.fr\/index.php\/produit\/table-artense-diam-120-cm\/","og_site_name":"JLG \u00c9quipements Collectivit\u00e9s","og_image":[{"width":2083,"height":2083,"url":"http:\/\/jlgequipements.fr\/wp-content\/uploads\/2026\/01\/CHAISE-CENDRINE_TABLE-ARTENSE-DIAM.jpg","type":"image\/jpeg"}],"twitter_card":"summary_large_image","schema":{"@context":"https:\/\/schema.org","@graph":[{"@type":"WebPage","@id":"https:\/\/jlgequipements.fr\/index.php\/produit\/table-artense-diam-120-cm\/","url":"https:\/\/jlgequipements.fr\/index.php\/produit\/table-artense-diam-120-cm\/","name":"TABLE ARTENSE DIAM 120 CM - JLG \u00c9quipements Collectivit\u00e9s","isPartOf":{"@id":"https:\/\/jlgequipements.fr\/#website"},"primaryImageOfPage":{"@id":"https:\/\/jlgequipements.fr\/index.php\/produit\/table-artense-diam-120-cm\/#primaryimage"},"image":{"@id":"https:\/\/jlgequipements.fr\/index.php\/produit\/table-artense-diam-120-cm\/#primaryimage"},"thumbnailUrl":"https:\/\/jlgequipements.fr\/wp-content\/uploads\/2026\/01\/CHAISE-CENDRINE_TABLE-ARTENSE-DIAM.jpg","datePublished":"2026-01-29T10:34:25+00:00","breadcrumb":{"@id":"https:\/\/jlgequipements.fr\/index.php\/produit\/table-artense-diam-120-cm\/#breadcrumb"},"inLanguage":"fr-FR","potentialAction":[{"@type":"ReadAction","target":["https:\/\/jlgequipements.fr\/index.php\/produit\/table-artense-diam-120-cm\/"]}]},{"@type":"ImageObject","inLanguage":"fr-FR","@id":"https:\/\/jlgequipements.fr\/index.php\/produit\/table-artense-diam-120-cm\/#primaryimage","url":"https:\/\/jlgequipements.fr\/wp-content\/uploads\/2026\/01\/CHAISE-CENDRINE_TABLE-ARTENSE-DIAM.jpg","contentUrl":"https:\/\/jlgequipements.fr\/wp-content\/uploads\/2026\/01\/CHAISE-CENDRINE_TABLE-ARTENSE-DIAM.jpg","width":2083,"height":2083},{"@type":"BreadcrumbList","@id":"https:\/\/jlgequipements.fr\/index.php\/produit\/table-artense-diam-120-cm\/#breadcrumb","itemListElement":[{"@type":"ListItem","position":1,"name":"Accueil","item":"https:\/\/jlgequipements.fr\/"},{"@type":"ListItem","position":2,"name":"Boutique","item":"https:\/\/jlgequipements.fr\/index.php\/boutique\/"},{"@type":"ListItem","position":3,"name":"TABLE ARTENSE DIAM 120 CM"}]},{"@type":"WebSite","@id":"https:\/\/jlgequipements.fr\/#website","url":"https:\/\/jlgequipements.fr\/","name":"JLG \u00c9quipements collectivit\u00e9","description":"Le partenaire des communes","publisher":{"@id":"https:\/\/jlgequipements.fr\/#organization"},"potentialAction":[{"@type":"SearchAction","target":{"@type":"EntryPoint","urlTemplate":"https:\/\/jlgequipements.fr\/?s={search_term_string}"},"query-input":{"@type":"PropertyValueSpecification","valueRequired":true,"valueName":"search_term_string"}}],"inLanguage":"fr-FR"},{"@type":"Organization","@id":"https:\/\/jlgequipements.fr\/#organization","name":"JLG \u00c9quipements collectivit\u00e9","url":"https:\/\/jlgequipements.fr\/","logo":{"@type":"ImageObject","inLanguage":"fr-FR","@id":"https:\/\/jlgequipements.fr\/#\/schema\/logo\/image\/","url":"https:\/\/jlgequipements.fr\/wp-content\/uploads\/2024\/01\/JLG_LOGO_VECTO.png","contentUrl":"https:\/\/jlgequipements.fr\/wp-content\/uploads\/2024\/01\/JLG_LOGO_VECTO.png","width":3293,"height":3292,"caption":"JLG \u00c9quipements collectivit\u00e9"},"image":{"@id":"https:\/\/jlgequipements.fr\/#\/schema\/logo\/image\/"}}]}},"_links":{"self":[{"href":"https:\/\/jlgequipements.fr\/index.php\/wp-json\/wp\/v2\/product\/14591","targetHints":{"allow":["GET"]}}],"collection":[{"href":"https:\/\/jlgequipements.fr\/index.php\/wp-json\/wp\/v2\/product"}],"about":[{"href":"https:\/\/jlgequipements.fr\/index.php\/wp-json\/wp\/v2\/types\/product"}],"replies":[{"embeddable":true,"href":"https:\/\/jlgequipements.fr\/index.php\/wp-json\/wp\/v2\/comments?post=14591"}],"version-history":[{"count":1,"href":"https:\/\/jlgequipements.fr\/index.php\/wp-json\/wp\/v2\/product\/14591\/revisions"}],"predecessor-version":[{"id":14592,"href":"https:\/\/jlgequipements.fr\/index.php\/wp-json\/wp\/v2\/product\/14591\/revisions\/14592"}],"wp:featuredmedia":[{"embeddable":true,"href":"https:\/\/jlgequipements.fr\/index.php\/wp-json\/wp\/v2\/media\/14589"}],"wp:attachment":[{"href":"https:\/\/jlgequipements.fr\/index.php\/wp-json\/wp\/v2\/media?parent=14591"}],"wp:term":[{"taxonomy":"product_brand","embeddable":true,"href":"https:\/\/jlgequipements.fr\/index.php\/wp-json\/wp\/v2\/product_brand?post=14591"},{"taxonomy":"product_cat","embeddable":true,"href":"https:\/\/jlgequipements.fr\/index.php\/wp-json\/wp\/v2\/product_cat?post=14591"},{"taxonomy":"product_tag","embeddable":true,"href":"https:\/\/jlgequipements.fr\/index.php\/wp-json\/wp\/v2\/product_tag?post=14591"}],"curies":[{"name":"wp","href":"https:\/\/api.w.org\/{rel}","templated":true}]}}