{"id":14579,"date":"2026-01-29T11:22:17","date_gmt":"2026-01-29T10:22:17","guid":{"rendered":"https:\/\/jlgequipements.fr\/?post_type=product&#038;p=14579"},"modified":"2026-01-29T11:22:17","modified_gmt":"2026-01-29T10:22:17","slug":"table-zenith","status":"publish","type":"product","link":"https:\/\/jlgequipements.fr\/index.php\/produit\/table-zenith\/","title":{"rendered":"TABLE ZENITH"},"content":{"rendered":"<p class=\"p1\"><b><span class=\"Apple-converted-space\">\u00a0 <\/span>Description :<\/b><\/p>\n<p class=\"p1\"><span class=\"s1\">Structure m\u00e9tallique compos\u00e9e de 2 pi\u00e8tements cintr\u00e9s et semelles en acier <\/span><\/p>\n<p class=\"p1\"><span class=\"s1\">5 x 2,5 cm, 2 colonnes \u00d8 65 mm et traverse support plateau en tube rectangle <\/span><\/p>\n<p class=\"p1\"><span class=\"s1\">3 x 2 cm (pour version 2 pieds), d\u2019un croisillon cintr\u00e9 avec semelles en acier <\/span><\/p>\n<p class=\"p1\"><span class=\"s1\">5 x 2,5 cm pour le bas et traverses support plateau en tube 3 x 2 cm pour le haut, une colonne centrale \u00d8 102 mm (version pied central), finition peinture \u00e9poxy, pieds \u00e9quip\u00e9s de 4 v\u00e9rins r\u00e9glables.<\/span><\/p>\n<p class=\"p1\"><span class=\"s1\">Plateau de table en panneau stratifi\u00e9 \u00e9paisseur 24 mm,<\/span><\/p>\n<p class=\"p1\"><span class=\"s1\">Hauteur de table : 72,9 cm<\/span><\/p>\n<p>120 X 80 : 4 personnes<\/p>\n<p>180 x 80 : 6 personnes<\/p>\n","protected":false},"excerpt":{"rendered":"<p>\u00a0 Description : Structure m\u00e9tallique compos\u00e9e de 2 pi\u00e8tements cintr\u00e9s et semelles en acier 5 x 2,5 cm, 2 colonnes \u00d8 65 mm et traverse support plateau en tube rectangle 3 x 2 cm (pour version 2 pieds), d\u2019un croisillon cintr\u00e9 avec semelles en acier 5 x 2,5 cm pour le bas et traverses support plateau en tube 3 x 2 cm pour le haut, une colonne centrale \u00d8 102 mm (version pied central), finition peinture \u00e9poxy, pieds \u00e9quip\u00e9s de 4 v\u00e9rins r\u00e9glables. Plateau de table en panneau stratifi\u00e9 \u00e9paisseur 24 mm, Hauteur de table : 72,9 cm 120 X 80 : 4 personnes 180 x 80 : 6 personnes<\/p>\n","protected":false},"featured_media":14580,"comment_status":"open","ping_status":"closed","template":"","meta":[],"product_brand":[],"product_cat":[240,242],"product_tag":[],"class_list":{"0":"post-14579","1":"product","2":"type-product","3":"status-publish","4":"has-post-thumbnail","6":"product_cat-mobilier-scolaire","7":"product_cat-tables","9":"first","10":"instock","11":"shipping-taxable","12":"product-type-simple"},"yoast_head":"<!-- This site is optimized with the Yoast SEO plugin v27.1.1 - https:\/\/yoast.com\/product\/yoast-seo-wordpress\/ -->\n<title>TABLE ZENITH - JLG \u00c9quipements Collectivit\u00e9s<\/title>\n<meta name=\"robots\" content=\"index, follow, max-snippet:-1, max-image-preview:large, max-video-preview:-1\" \/>\n<link rel=\"canonical\" href=\"https:\/\/jlgequipements.fr\/index.php\/produit\/table-zenith\/\" \/>\n<meta property=\"og:locale\" content=\"fr_FR\" \/>\n<meta property=\"og:type\" content=\"article\" \/>\n<meta property=\"og:title\" content=\"TABLE ZENITH - JLG \u00c9quipements Collectivit\u00e9s\" \/>\n<meta property=\"og:description\" content=\"\u00a0 Description : Structure m\u00e9tallique compos\u00e9e de 2 pi\u00e8tements cintr\u00e9s et semelles en acier 5 x 2,5 cm, 2 colonnes \u00d8 65 mm et traverse support plateau en tube rectangle 3 x 2 cm (pour version 2 pieds), d\u2019un croisillon cintr\u00e9 avec semelles en acier 5 x 2,5 cm pour le bas et traverses support plateau en tube 3 x 2 cm pour le haut, une colonne centrale \u00d8 102 mm (version pied central), finition peinture \u00e9poxy, pieds \u00e9quip\u00e9s de 4 v\u00e9rins r\u00e9glables. Plateau de table en panneau stratifi\u00e9 \u00e9paisseur 24 mm, Hauteur de table : 72,9 cm 120 X 80 : 4 personnes 180 x 80 : 6 personnes\" \/>\n<meta property=\"og:url\" content=\"https:\/\/jlgequipements.fr\/index.php\/produit\/table-zenith\/\" \/>\n<meta property=\"og:site_name\" content=\"JLG \u00c9quipements Collectivit\u00e9s\" \/>\n<meta property=\"og:image\" content=\"http:\/\/jlgequipements.fr\/wp-content\/uploads\/2026\/01\/TABLE-ZENITH-01.jpg\" \/>\n\t<meta property=\"og:image:width\" content=\"2083\" \/>\n\t<meta property=\"og:image:height\" content=\"2083\" \/>\n\t<meta property=\"og:image:type\" content=\"image\/jpeg\" \/>\n<meta name=\"twitter:card\" content=\"summary_large_image\" \/>\n<script type=\"application\/ld+json\" class=\"yoast-schema-graph\">{\"@context\":\"https:\/\/schema.org\",\"@graph\":[{\"@type\":\"WebPage\",\"@id\":\"https:\/\/jlgequipements.fr\/index.php\/produit\/table-zenith\/\",\"url\":\"https:\/\/jlgequipements.fr\/index.php\/produit\/table-zenith\/\",\"name\":\"TABLE ZENITH - JLG \u00c9quipements Collectivit\u00e9s\",\"isPartOf\":{\"@id\":\"https:\/\/jlgequipements.fr\/#website\"},\"primaryImageOfPage\":{\"@id\":\"https:\/\/jlgequipements.fr\/index.php\/produit\/table-zenith\/#primaryimage\"},\"image\":{\"@id\":\"https:\/\/jlgequipements.fr\/index.php\/produit\/table-zenith\/#primaryimage\"},\"thumbnailUrl\":\"https:\/\/jlgequipements.fr\/wp-content\/uploads\/2026\/01\/TABLE-ZENITH-01.jpg\",\"datePublished\":\"2026-01-29T10:22:17+00:00\",\"breadcrumb\":{\"@id\":\"https:\/\/jlgequipements.fr\/index.php\/produit\/table-zenith\/#breadcrumb\"},\"inLanguage\":\"fr-FR\",\"potentialAction\":[{\"@type\":\"ReadAction\",\"target\":[\"https:\/\/jlgequipements.fr\/index.php\/produit\/table-zenith\/\"]}]},{\"@type\":\"ImageObject\",\"inLanguage\":\"fr-FR\",\"@id\":\"https:\/\/jlgequipements.fr\/index.php\/produit\/table-zenith\/#primaryimage\",\"url\":\"https:\/\/jlgequipements.fr\/wp-content\/uploads\/2026\/01\/TABLE-ZENITH-01.jpg\",\"contentUrl\":\"https:\/\/jlgequipements.fr\/wp-content\/uploads\/2026\/01\/TABLE-ZENITH-01.jpg\",\"width\":2083,\"height\":2083},{\"@type\":\"BreadcrumbList\",\"@id\":\"https:\/\/jlgequipements.fr\/index.php\/produit\/table-zenith\/#breadcrumb\",\"itemListElement\":[{\"@type\":\"ListItem\",\"position\":1,\"name\":\"Accueil\",\"item\":\"https:\/\/jlgequipements.fr\/\"},{\"@type\":\"ListItem\",\"position\":2,\"name\":\"Boutique\",\"item\":\"https:\/\/jlgequipements.fr\/index.php\/boutique\/\"},{\"@type\":\"ListItem\",\"position\":3,\"name\":\"TABLE ZENITH\"}]},{\"@type\":\"WebSite\",\"@id\":\"https:\/\/jlgequipements.fr\/#website\",\"url\":\"https:\/\/jlgequipements.fr\/\",\"name\":\"JLG \u00c9quipements collectivit\u00e9\",\"description\":\"Le partenaire des communes\",\"publisher\":{\"@id\":\"https:\/\/jlgequipements.fr\/#organization\"},\"potentialAction\":[{\"@type\":\"SearchAction\",\"target\":{\"@type\":\"EntryPoint\",\"urlTemplate\":\"https:\/\/jlgequipements.fr\/?s={search_term_string}\"},\"query-input\":{\"@type\":\"PropertyValueSpecification\",\"valueRequired\":true,\"valueName\":\"search_term_string\"}}],\"inLanguage\":\"fr-FR\"},{\"@type\":\"Organization\",\"@id\":\"https:\/\/jlgequipements.fr\/#organization\",\"name\":\"JLG \u00c9quipements collectivit\u00e9\",\"url\":\"https:\/\/jlgequipements.fr\/\",\"logo\":{\"@type\":\"ImageObject\",\"inLanguage\":\"fr-FR\",\"@id\":\"https:\/\/jlgequipements.fr\/#\/schema\/logo\/image\/\",\"url\":\"https:\/\/jlgequipements.fr\/wp-content\/uploads\/2024\/01\/JLG_LOGO_VECTO.png\",\"contentUrl\":\"https:\/\/jlgequipements.fr\/wp-content\/uploads\/2024\/01\/JLG_LOGO_VECTO.png\",\"width\":3293,\"height\":3292,\"caption\":\"JLG \u00c9quipements collectivit\u00e9\"},\"image\":{\"@id\":\"https:\/\/jlgequipements.fr\/#\/schema\/logo\/image\/\"}}]}<\/script>\n<!-- \/ Yoast SEO plugin. -->","yoast_head_json":{"title":"TABLE ZENITH - JLG \u00c9quipements Collectivit\u00e9s","robots":{"index":"index","follow":"follow","max-snippet":"max-snippet:-1","max-image-preview":"max-image-preview:large","max-video-preview":"max-video-preview:-1"},"canonical":"https:\/\/jlgequipements.fr\/index.php\/produit\/table-zenith\/","og_locale":"fr_FR","og_type":"article","og_title":"TABLE ZENITH - JLG \u00c9quipements Collectivit\u00e9s","og_description":"\u00a0 Description : Structure m\u00e9tallique compos\u00e9e de 2 pi\u00e8tements cintr\u00e9s et semelles en acier 5 x 2,5 cm, 2 colonnes \u00d8 65 mm et traverse support plateau en tube rectangle 3 x 2 cm (pour version 2 pieds), d\u2019un croisillon cintr\u00e9 avec semelles en acier 5 x 2,5 cm pour le bas et traverses support plateau en tube 3 x 2 cm pour le haut, une colonne centrale \u00d8 102 mm (version pied central), finition peinture \u00e9poxy, pieds \u00e9quip\u00e9s de 4 v\u00e9rins r\u00e9glables. Plateau de table en panneau stratifi\u00e9 \u00e9paisseur 24 mm, Hauteur de table : 72,9 cm 120 X 80 : 4 personnes 180 x 80 : 6 personnes","og_url":"https:\/\/jlgequipements.fr\/index.php\/produit\/table-zenith\/","og_site_name":"JLG \u00c9quipements Collectivit\u00e9s","og_image":[{"width":2083,"height":2083,"url":"http:\/\/jlgequipements.fr\/wp-content\/uploads\/2026\/01\/TABLE-ZENITH-01.jpg","type":"image\/jpeg"}],"twitter_card":"summary_large_image","schema":{"@context":"https:\/\/schema.org","@graph":[{"@type":"WebPage","@id":"https:\/\/jlgequipements.fr\/index.php\/produit\/table-zenith\/","url":"https:\/\/jlgequipements.fr\/index.php\/produit\/table-zenith\/","name":"TABLE ZENITH - JLG \u00c9quipements Collectivit\u00e9s","isPartOf":{"@id":"https:\/\/jlgequipements.fr\/#website"},"primaryImageOfPage":{"@id":"https:\/\/jlgequipements.fr\/index.php\/produit\/table-zenith\/#primaryimage"},"image":{"@id":"https:\/\/jlgequipements.fr\/index.php\/produit\/table-zenith\/#primaryimage"},"thumbnailUrl":"https:\/\/jlgequipements.fr\/wp-content\/uploads\/2026\/01\/TABLE-ZENITH-01.jpg","datePublished":"2026-01-29T10:22:17+00:00","breadcrumb":{"@id":"https:\/\/jlgequipements.fr\/index.php\/produit\/table-zenith\/#breadcrumb"},"inLanguage":"fr-FR","potentialAction":[{"@type":"ReadAction","target":["https:\/\/jlgequipements.fr\/index.php\/produit\/table-zenith\/"]}]},{"@type":"ImageObject","inLanguage":"fr-FR","@id":"https:\/\/jlgequipements.fr\/index.php\/produit\/table-zenith\/#primaryimage","url":"https:\/\/jlgequipements.fr\/wp-content\/uploads\/2026\/01\/TABLE-ZENITH-01.jpg","contentUrl":"https:\/\/jlgequipements.fr\/wp-content\/uploads\/2026\/01\/TABLE-ZENITH-01.jpg","width":2083,"height":2083},{"@type":"BreadcrumbList","@id":"https:\/\/jlgequipements.fr\/index.php\/produit\/table-zenith\/#breadcrumb","itemListElement":[{"@type":"ListItem","position":1,"name":"Accueil","item":"https:\/\/jlgequipements.fr\/"},{"@type":"ListItem","position":2,"name":"Boutique","item":"https:\/\/jlgequipements.fr\/index.php\/boutique\/"},{"@type":"ListItem","position":3,"name":"TABLE ZENITH"}]},{"@type":"WebSite","@id":"https:\/\/jlgequipements.fr\/#website","url":"https:\/\/jlgequipements.fr\/","name":"JLG \u00c9quipements collectivit\u00e9","description":"Le partenaire des communes","publisher":{"@id":"https:\/\/jlgequipements.fr\/#organization"},"potentialAction":[{"@type":"SearchAction","target":{"@type":"EntryPoint","urlTemplate":"https:\/\/jlgequipements.fr\/?s={search_term_string}"},"query-input":{"@type":"PropertyValueSpecification","valueRequired":true,"valueName":"search_term_string"}}],"inLanguage":"fr-FR"},{"@type":"Organization","@id":"https:\/\/jlgequipements.fr\/#organization","name":"JLG \u00c9quipements collectivit\u00e9","url":"https:\/\/jlgequipements.fr\/","logo":{"@type":"ImageObject","inLanguage":"fr-FR","@id":"https:\/\/jlgequipements.fr\/#\/schema\/logo\/image\/","url":"https:\/\/jlgequipements.fr\/wp-content\/uploads\/2024\/01\/JLG_LOGO_VECTO.png","contentUrl":"https:\/\/jlgequipements.fr\/wp-content\/uploads\/2024\/01\/JLG_LOGO_VECTO.png","width":3293,"height":3292,"caption":"JLG \u00c9quipements collectivit\u00e9"},"image":{"@id":"https:\/\/jlgequipements.fr\/#\/schema\/logo\/image\/"}}]}},"_links":{"self":[{"href":"https:\/\/jlgequipements.fr\/index.php\/wp-json\/wp\/v2\/product\/14579","targetHints":{"allow":["GET"]}}],"collection":[{"href":"https:\/\/jlgequipements.fr\/index.php\/wp-json\/wp\/v2\/product"}],"about":[{"href":"https:\/\/jlgequipements.fr\/index.php\/wp-json\/wp\/v2\/types\/product"}],"replies":[{"embeddable":true,"href":"https:\/\/jlgequipements.fr\/index.php\/wp-json\/wp\/v2\/comments?post=14579"}],"version-history":[{"count":1,"href":"https:\/\/jlgequipements.fr\/index.php\/wp-json\/wp\/v2\/product\/14579\/revisions"}],"predecessor-version":[{"id":14582,"href":"https:\/\/jlgequipements.fr\/index.php\/wp-json\/wp\/v2\/product\/14579\/revisions\/14582"}],"wp:featuredmedia":[{"embeddable":true,"href":"https:\/\/jlgequipements.fr\/index.php\/wp-json\/wp\/v2\/media\/14580"}],"wp:attachment":[{"href":"https:\/\/jlgequipements.fr\/index.php\/wp-json\/wp\/v2\/media?parent=14579"}],"wp:term":[{"taxonomy":"product_brand","embeddable":true,"href":"https:\/\/jlgequipements.fr\/index.php\/wp-json\/wp\/v2\/product_brand?post=14579"},{"taxonomy":"product_cat","embeddable":true,"href":"https:\/\/jlgequipements.fr\/index.php\/wp-json\/wp\/v2\/product_cat?post=14579"},{"taxonomy":"product_tag","embeddable":true,"href":"https:\/\/jlgequipements.fr\/index.php\/wp-json\/wp\/v2\/product_tag?post=14579"}],"curies":[{"name":"wp","href":"https:\/\/api.w.org\/{rel}","templated":true}]}}