{"id":14574,"date":"2026-01-29T11:16:20","date_gmt":"2026-01-29T10:16:20","guid":{"rendered":"https:\/\/jlgequipements.fr\/?post_type=product&#038;p=14574"},"modified":"2026-01-29T11:16:20","modified_gmt":"2026-01-29T10:16:20","slug":"table-romea-reglable","status":"publish","type":"product","link":"https:\/\/jlgequipements.fr\/index.php\/produit\/table-romea-reglable\/","title":{"rendered":"TABLE ROM\u00c9A R\u00c9GLABLE"},"content":{"rendered":"<p class=\"p1\"><b><span class=\"Apple-converted-space\">\u00a0 <\/span>Description :<\/b><b><\/b><\/p>\n<p class=\"p2\">&#8211; Table 1 et 2 places<\/p>\n<p class=\"p2\">&#8211; Tailles 3 \u00e0 6<\/p>\n<p class=\"p2\">&#8211; Livr\u00e9 mont\u00e9<\/p>\n<p class=\"p2\"><span class=\"s1\">&#8211; <b>1 place :<\/b><\/span> 700 x 500 x 757 mm<\/p>\n<p class=\"p2\"><span class=\"s1\">&#8211; <b>2 places :<\/b><\/span> 1300 x 500 x 757 mm<\/p>\n<p class=\"p2\">&#8211; Plateau m\u00e9lamin\u00e9<\/p>\n<p class=\"p2\">&#8211; Possible en version stratifi\u00e9e<\/p>\n<p class=\"p1\">Le r\u00e9glage est obtenu par coulissement de la fourrure dans une colonne. Les diff\u00e9rentes hauteurs sont assur\u00e9es par un ergot de positionnement mont\u00e9 sur une lame ressort. Le blocage est effectu\u00e9 par une vis pointeau.<\/p>\n<p><strong>&#8211; Option :\u00a0<\/strong><\/p>\n<p>&#8211; Casier classique<\/p>\n<p>&#8211; Crochet soud\u00e9<\/p>\n","protected":false},"excerpt":{"rendered":"<p>\u00a0 Description : &#8211; Table 1 et 2 places &#8211; Tailles 3 \u00e0 6 &#8211; Livr\u00e9 mont\u00e9 &#8211; 1 place : 700 x 500 x 757 mm &#8211; 2 places : 1300 x 500 x 757 mm &#8211; Plateau m\u00e9lamin\u00e9 &#8211; Possible en version stratifi\u00e9e Le r\u00e9glage est obtenu par coulissement de la fourrure dans une colonne. Les diff\u00e9rentes hauteurs sont assur\u00e9es par un ergot de positionnement mont\u00e9 sur une lame ressort. Le blocage est effectu\u00e9 par une vis pointeau. &#8211; Option :\u00a0 &#8211; Casier classique &#8211; Crochet soud\u00e9<\/p>\n","protected":false},"featured_media":14575,"comment_status":"open","ping_status":"closed","template":"","meta":[],"product_brand":[],"product_cat":[240,242],"product_tag":[],"class_list":{"0":"post-14574","1":"product","2":"type-product","3":"status-publish","4":"has-post-thumbnail","6":"product_cat-mobilier-scolaire","7":"product_cat-tables","9":"first","10":"instock","11":"shipping-taxable","12":"product-type-simple"},"yoast_head":"<!-- This site is optimized with the Yoast SEO plugin v27.1.1 - https:\/\/yoast.com\/product\/yoast-seo-wordpress\/ -->\n<title>TABLE ROM\u00c9A R\u00c9GLABLE - JLG \u00c9quipements Collectivit\u00e9s<\/title>\n<meta name=\"robots\" content=\"index, follow, max-snippet:-1, max-image-preview:large, max-video-preview:-1\" \/>\n<link rel=\"canonical\" href=\"https:\/\/jlgequipements.fr\/index.php\/produit\/table-romea-reglable\/\" \/>\n<meta property=\"og:locale\" content=\"fr_FR\" \/>\n<meta property=\"og:type\" content=\"article\" \/>\n<meta property=\"og:title\" content=\"TABLE ROM\u00c9A R\u00c9GLABLE - JLG \u00c9quipements Collectivit\u00e9s\" \/>\n<meta property=\"og:description\" content=\"\u00a0 Description : &#8211; Table 1 et 2 places &#8211; Tailles 3 \u00e0 6 &#8211; Livr\u00e9 mont\u00e9 &#8211; 1 place : 700 x 500 x 757 mm &#8211; 2 places : 1300 x 500 x 757 mm &#8211; Plateau m\u00e9lamin\u00e9 &#8211; Possible en version stratifi\u00e9e Le r\u00e9glage est obtenu par coulissement de la fourrure dans une colonne. Les diff\u00e9rentes hauteurs sont assur\u00e9es par un ergot de positionnement mont\u00e9 sur une lame ressort. Le blocage est effectu\u00e9 par une vis pointeau. &#8211; Option :\u00a0 &#8211; Casier classique &#8211; Crochet soud\u00e9\" \/>\n<meta property=\"og:url\" content=\"https:\/\/jlgequipements.fr\/index.php\/produit\/table-romea-reglable\/\" \/>\n<meta property=\"og:site_name\" content=\"JLG \u00c9quipements Collectivit\u00e9s\" \/>\n<meta property=\"og:image\" content=\"http:\/\/jlgequipements.fr\/wp-content\/uploads\/2026\/01\/TABLE-ROMEA-REGLABLE-01.jpg\" \/>\n\t<meta property=\"og:image:width\" content=\"2083\" \/>\n\t<meta property=\"og:image:height\" content=\"2083\" \/>\n\t<meta property=\"og:image:type\" content=\"image\/jpeg\" \/>\n<meta name=\"twitter:card\" content=\"summary_large_image\" \/>\n<script type=\"application\/ld+json\" class=\"yoast-schema-graph\">{\"@context\":\"https:\/\/schema.org\",\"@graph\":[{\"@type\":\"WebPage\",\"@id\":\"https:\/\/jlgequipements.fr\/index.php\/produit\/table-romea-reglable\/\",\"url\":\"https:\/\/jlgequipements.fr\/index.php\/produit\/table-romea-reglable\/\",\"name\":\"TABLE ROM\u00c9A R\u00c9GLABLE - JLG \u00c9quipements Collectivit\u00e9s\",\"isPartOf\":{\"@id\":\"https:\/\/jlgequipements.fr\/#website\"},\"primaryImageOfPage\":{\"@id\":\"https:\/\/jlgequipements.fr\/index.php\/produit\/table-romea-reglable\/#primaryimage\"},\"image\":{\"@id\":\"https:\/\/jlgequipements.fr\/index.php\/produit\/table-romea-reglable\/#primaryimage\"},\"thumbnailUrl\":\"https:\/\/jlgequipements.fr\/wp-content\/uploads\/2026\/01\/TABLE-ROMEA-REGLABLE-01.jpg\",\"datePublished\":\"2026-01-29T10:16:20+00:00\",\"breadcrumb\":{\"@id\":\"https:\/\/jlgequipements.fr\/index.php\/produit\/table-romea-reglable\/#breadcrumb\"},\"inLanguage\":\"fr-FR\",\"potentialAction\":[{\"@type\":\"ReadAction\",\"target\":[\"https:\/\/jlgequipements.fr\/index.php\/produit\/table-romea-reglable\/\"]}]},{\"@type\":\"ImageObject\",\"inLanguage\":\"fr-FR\",\"@id\":\"https:\/\/jlgequipements.fr\/index.php\/produit\/table-romea-reglable\/#primaryimage\",\"url\":\"https:\/\/jlgequipements.fr\/wp-content\/uploads\/2026\/01\/TABLE-ROMEA-REGLABLE-01.jpg\",\"contentUrl\":\"https:\/\/jlgequipements.fr\/wp-content\/uploads\/2026\/01\/TABLE-ROMEA-REGLABLE-01.jpg\",\"width\":2083,\"height\":2083},{\"@type\":\"BreadcrumbList\",\"@id\":\"https:\/\/jlgequipements.fr\/index.php\/produit\/table-romea-reglable\/#breadcrumb\",\"itemListElement\":[{\"@type\":\"ListItem\",\"position\":1,\"name\":\"Accueil\",\"item\":\"https:\/\/jlgequipements.fr\/\"},{\"@type\":\"ListItem\",\"position\":2,\"name\":\"Boutique\",\"item\":\"https:\/\/jlgequipements.fr\/index.php\/boutique\/\"},{\"@type\":\"ListItem\",\"position\":3,\"name\":\"TABLE ROM\u00c9A R\u00c9GLABLE\"}]},{\"@type\":\"WebSite\",\"@id\":\"https:\/\/jlgequipements.fr\/#website\",\"url\":\"https:\/\/jlgequipements.fr\/\",\"name\":\"JLG \u00c9quipements collectivit\u00e9\",\"description\":\"Le partenaire des communes\",\"publisher\":{\"@id\":\"https:\/\/jlgequipements.fr\/#organization\"},\"potentialAction\":[{\"@type\":\"SearchAction\",\"target\":{\"@type\":\"EntryPoint\",\"urlTemplate\":\"https:\/\/jlgequipements.fr\/?s={search_term_string}\"},\"query-input\":{\"@type\":\"PropertyValueSpecification\",\"valueRequired\":true,\"valueName\":\"search_term_string\"}}],\"inLanguage\":\"fr-FR\"},{\"@type\":\"Organization\",\"@id\":\"https:\/\/jlgequipements.fr\/#organization\",\"name\":\"JLG \u00c9quipements collectivit\u00e9\",\"url\":\"https:\/\/jlgequipements.fr\/\",\"logo\":{\"@type\":\"ImageObject\",\"inLanguage\":\"fr-FR\",\"@id\":\"https:\/\/jlgequipements.fr\/#\/schema\/logo\/image\/\",\"url\":\"https:\/\/jlgequipements.fr\/wp-content\/uploads\/2024\/01\/JLG_LOGO_VECTO.png\",\"contentUrl\":\"https:\/\/jlgequipements.fr\/wp-content\/uploads\/2024\/01\/JLG_LOGO_VECTO.png\",\"width\":3293,\"height\":3292,\"caption\":\"JLG \u00c9quipements collectivit\u00e9\"},\"image\":{\"@id\":\"https:\/\/jlgequipements.fr\/#\/schema\/logo\/image\/\"}}]}<\/script>\n<!-- \/ Yoast SEO plugin. -->","yoast_head_json":{"title":"TABLE ROM\u00c9A R\u00c9GLABLE - JLG \u00c9quipements Collectivit\u00e9s","robots":{"index":"index","follow":"follow","max-snippet":"max-snippet:-1","max-image-preview":"max-image-preview:large","max-video-preview":"max-video-preview:-1"},"canonical":"https:\/\/jlgequipements.fr\/index.php\/produit\/table-romea-reglable\/","og_locale":"fr_FR","og_type":"article","og_title":"TABLE ROM\u00c9A R\u00c9GLABLE - JLG \u00c9quipements Collectivit\u00e9s","og_description":"\u00a0 Description : &#8211; Table 1 et 2 places &#8211; Tailles 3 \u00e0 6 &#8211; Livr\u00e9 mont\u00e9 &#8211; 1 place : 700 x 500 x 757 mm &#8211; 2 places : 1300 x 500 x 757 mm &#8211; Plateau m\u00e9lamin\u00e9 &#8211; Possible en version stratifi\u00e9e Le r\u00e9glage est obtenu par coulissement de la fourrure dans une colonne. Les diff\u00e9rentes hauteurs sont assur\u00e9es par un ergot de positionnement mont\u00e9 sur une lame ressort. Le blocage est effectu\u00e9 par une vis pointeau. &#8211; Option :\u00a0 &#8211; Casier classique &#8211; Crochet soud\u00e9","og_url":"https:\/\/jlgequipements.fr\/index.php\/produit\/table-romea-reglable\/","og_site_name":"JLG \u00c9quipements Collectivit\u00e9s","og_image":[{"width":2083,"height":2083,"url":"http:\/\/jlgequipements.fr\/wp-content\/uploads\/2026\/01\/TABLE-ROMEA-REGLABLE-01.jpg","type":"image\/jpeg"}],"twitter_card":"summary_large_image","schema":{"@context":"https:\/\/schema.org","@graph":[{"@type":"WebPage","@id":"https:\/\/jlgequipements.fr\/index.php\/produit\/table-romea-reglable\/","url":"https:\/\/jlgequipements.fr\/index.php\/produit\/table-romea-reglable\/","name":"TABLE ROM\u00c9A R\u00c9GLABLE - JLG \u00c9quipements Collectivit\u00e9s","isPartOf":{"@id":"https:\/\/jlgequipements.fr\/#website"},"primaryImageOfPage":{"@id":"https:\/\/jlgequipements.fr\/index.php\/produit\/table-romea-reglable\/#primaryimage"},"image":{"@id":"https:\/\/jlgequipements.fr\/index.php\/produit\/table-romea-reglable\/#primaryimage"},"thumbnailUrl":"https:\/\/jlgequipements.fr\/wp-content\/uploads\/2026\/01\/TABLE-ROMEA-REGLABLE-01.jpg","datePublished":"2026-01-29T10:16:20+00:00","breadcrumb":{"@id":"https:\/\/jlgequipements.fr\/index.php\/produit\/table-romea-reglable\/#breadcrumb"},"inLanguage":"fr-FR","potentialAction":[{"@type":"ReadAction","target":["https:\/\/jlgequipements.fr\/index.php\/produit\/table-romea-reglable\/"]}]},{"@type":"ImageObject","inLanguage":"fr-FR","@id":"https:\/\/jlgequipements.fr\/index.php\/produit\/table-romea-reglable\/#primaryimage","url":"https:\/\/jlgequipements.fr\/wp-content\/uploads\/2026\/01\/TABLE-ROMEA-REGLABLE-01.jpg","contentUrl":"https:\/\/jlgequipements.fr\/wp-content\/uploads\/2026\/01\/TABLE-ROMEA-REGLABLE-01.jpg","width":2083,"height":2083},{"@type":"BreadcrumbList","@id":"https:\/\/jlgequipements.fr\/index.php\/produit\/table-romea-reglable\/#breadcrumb","itemListElement":[{"@type":"ListItem","position":1,"name":"Accueil","item":"https:\/\/jlgequipements.fr\/"},{"@type":"ListItem","position":2,"name":"Boutique","item":"https:\/\/jlgequipements.fr\/index.php\/boutique\/"},{"@type":"ListItem","position":3,"name":"TABLE ROM\u00c9A R\u00c9GLABLE"}]},{"@type":"WebSite","@id":"https:\/\/jlgequipements.fr\/#website","url":"https:\/\/jlgequipements.fr\/","name":"JLG \u00c9quipements collectivit\u00e9","description":"Le partenaire des communes","publisher":{"@id":"https:\/\/jlgequipements.fr\/#organization"},"potentialAction":[{"@type":"SearchAction","target":{"@type":"EntryPoint","urlTemplate":"https:\/\/jlgequipements.fr\/?s={search_term_string}"},"query-input":{"@type":"PropertyValueSpecification","valueRequired":true,"valueName":"search_term_string"}}],"inLanguage":"fr-FR"},{"@type":"Organization","@id":"https:\/\/jlgequipements.fr\/#organization","name":"JLG \u00c9quipements collectivit\u00e9","url":"https:\/\/jlgequipements.fr\/","logo":{"@type":"ImageObject","inLanguage":"fr-FR","@id":"https:\/\/jlgequipements.fr\/#\/schema\/logo\/image\/","url":"https:\/\/jlgequipements.fr\/wp-content\/uploads\/2024\/01\/JLG_LOGO_VECTO.png","contentUrl":"https:\/\/jlgequipements.fr\/wp-content\/uploads\/2024\/01\/JLG_LOGO_VECTO.png","width":3293,"height":3292,"caption":"JLG \u00c9quipements collectivit\u00e9"},"image":{"@id":"https:\/\/jlgequipements.fr\/#\/schema\/logo\/image\/"}}]}},"_links":{"self":[{"href":"https:\/\/jlgequipements.fr\/index.php\/wp-json\/wp\/v2\/product\/14574","targetHints":{"allow":["GET"]}}],"collection":[{"href":"https:\/\/jlgequipements.fr\/index.php\/wp-json\/wp\/v2\/product"}],"about":[{"href":"https:\/\/jlgequipements.fr\/index.php\/wp-json\/wp\/v2\/types\/product"}],"replies":[{"embeddable":true,"href":"https:\/\/jlgequipements.fr\/index.php\/wp-json\/wp\/v2\/comments?post=14574"}],"version-history":[{"count":1,"href":"https:\/\/jlgequipements.fr\/index.php\/wp-json\/wp\/v2\/product\/14574\/revisions"}],"predecessor-version":[{"id":14578,"href":"https:\/\/jlgequipements.fr\/index.php\/wp-json\/wp\/v2\/product\/14574\/revisions\/14578"}],"wp:featuredmedia":[{"embeddable":true,"href":"https:\/\/jlgequipements.fr\/index.php\/wp-json\/wp\/v2\/media\/14575"}],"wp:attachment":[{"href":"https:\/\/jlgequipements.fr\/index.php\/wp-json\/wp\/v2\/media?parent=14574"}],"wp:term":[{"taxonomy":"product_brand","embeddable":true,"href":"https:\/\/jlgequipements.fr\/index.php\/wp-json\/wp\/v2\/product_brand?post=14574"},{"taxonomy":"product_cat","embeddable":true,"href":"https:\/\/jlgequipements.fr\/index.php\/wp-json\/wp\/v2\/product_cat?post=14574"},{"taxonomy":"product_tag","embeddable":true,"href":"https:\/\/jlgequipements.fr\/index.php\/wp-json\/wp\/v2\/product_tag?post=14574"}],"curies":[{"name":"wp","href":"https:\/\/api.w.org\/{rel}","templated":true}]}}