{"id":14517,"date":"2026-01-29T10:12:59","date_gmt":"2026-01-29T09:12:59","guid":{"rendered":"https:\/\/jlgequipements.fr\/?post_type=product&#038;p=14517"},"modified":"2026-01-29T14:58:14","modified_gmt":"2026-01-29T13:58:14","slug":"panneaux-dinteret-local-bi-mat-n1","status":"publish","type":"product","link":"https:\/\/jlgequipements.fr\/index.php\/produit\/panneaux-dinteret-local-bi-mat-n1\/","title":{"rendered":"PANNEAUX D&rsquo;INT\u00c9R\u00caT LOCAL BI-M\u00c2T N\u00b01"},"content":{"rendered":"<p class=\"p1\">Esth\u00e9tiques et robustes, nos panneaux de signal\u00e9tique s\u2019int\u00e9greront parfaitement dans votre commune, une zone artisanale, un site industriel ou m\u00eame un p\u00f4le sant\u00e9.<\/p>\n<p class=\"p1\">Personnalisable, un \u00e9ventail de possibilit\u00e9s s\u2019offre \u00e0 vous :<\/p>\n<p class=\"p1\">&#8211; R\u00e9tror\u00e9fl\u00e9chissant ou non avec ou sans id\u00e9ogramme<\/p>\n<p class=\"p1\">&#8211; Hauteur de lattes : 100 \/ 120 \/ 150 \/ 200 \/ 300 mm<\/p>\n<p>&#8211; Longueur de lattes : 1 000 \/ 1 500 \/ 2 000 \/ 2 500 \/ 3 000 mm<\/p>\n<p class=\"p1\">&#8211; Lattes de simple ou double face et large palette de couleur<\/p>\n<p class=\"p1\">&#8211; Supports laqu\u00e9s y compris chapeau<\/p>\n<p class=\"p1\">&#8211; 1 ou 2 d\u00e9parts<\/p>\n<p class=\"p1\">&#8211; Avec ou sans platine.<\/p>\n<p class=\"p1\">&#8211; Support simple d\u00e9part ou support double d\u00e9part<\/p>\n","protected":false},"excerpt":{"rendered":"<p>Esth\u00e9tiques et robustes, nos panneaux de signal\u00e9tique s\u2019int\u00e9greront parfaitement dans votre commune, une zone artisanale, un site industriel ou m\u00eame un p\u00f4le sant\u00e9. Personnalisable, un \u00e9ventail de possibilit\u00e9s s\u2019offre \u00e0 vous : &#8211; R\u00e9tror\u00e9fl\u00e9chissant ou non avec ou sans id\u00e9ogramme &#8211; Hauteur de lattes : 100 \/ 120 \/ 150 \/ 200 \/ 300 mm &#8211; Longueur de lattes : 1 000 \/ 1 500 \/ 2 000 \/ 2 500 \/ 3 000 mm &#8211; Lattes de simple ou double face et large palette de couleur &#8211; Supports laqu\u00e9s y compris chapeau &#8211; 1 ou 2 d\u00e9parts &#8211; Avec ou sans platine. &#8211; Support simple d\u00e9part ou support double d\u00e9part<\/p>\n","protected":false},"featured_media":14518,"comment_status":"open","ping_status":"closed","template":"","meta":[],"product_brand":[],"product_cat":[292,226],"product_tag":[],"class_list":{"0":"post-14517","1":"product","2":"type-product","3":"status-publish","4":"has-post-thumbnail","6":"product_cat-panneaux-de-villes","7":"product_cat-mobilier-urbain","9":"first","10":"instock","11":"shipping-taxable","12":"product-type-simple"},"yoast_head":"<!-- This site is optimized with the Yoast SEO plugin v27.1.1 - https:\/\/yoast.com\/product\/yoast-seo-wordpress\/ -->\n<title>PANNEAUX D&#039;INT\u00c9R\u00caT LOCAL BI-M\u00c2T N\u00b01 - JLG \u00c9quipements Collectivit\u00e9s<\/title>\n<meta name=\"robots\" content=\"index, follow, max-snippet:-1, max-image-preview:large, max-video-preview:-1\" \/>\n<link rel=\"canonical\" href=\"https:\/\/jlgequipements.fr\/index.php\/produit\/panneaux-dinteret-local-bi-mat-n1\/\" \/>\n<meta property=\"og:locale\" content=\"fr_FR\" \/>\n<meta property=\"og:type\" content=\"article\" \/>\n<meta property=\"og:title\" content=\"PANNEAUX D&#039;INT\u00c9R\u00caT LOCAL BI-M\u00c2T N\u00b01 - JLG \u00c9quipements Collectivit\u00e9s\" \/>\n<meta property=\"og:description\" content=\"Esth\u00e9tiques et robustes, nos panneaux de signal\u00e9tique s\u2019int\u00e9greront parfaitement dans votre commune, une zone artisanale, un site industriel ou m\u00eame un p\u00f4le sant\u00e9. Personnalisable, un \u00e9ventail de possibilit\u00e9s s\u2019offre \u00e0 vous : &#8211; R\u00e9tror\u00e9fl\u00e9chissant ou non avec ou sans id\u00e9ogramme &#8211; Hauteur de lattes : 100 \/ 120 \/ 150 \/ 200 \/ 300 mm &#8211; Longueur de lattes : 1 000 \/ 1 500 \/ 2 000 \/ 2 500 \/ 3 000 mm &#8211; Lattes de simple ou double face et large palette de couleur &#8211; Supports laqu\u00e9s y compris chapeau &#8211; 1 ou 2 d\u00e9parts &#8211; Avec ou sans platine. &#8211; Support simple d\u00e9part ou support double d\u00e9part\" \/>\n<meta property=\"og:url\" content=\"https:\/\/jlgequipements.fr\/index.php\/produit\/panneaux-dinteret-local-bi-mat-n1\/\" \/>\n<meta property=\"og:site_name\" content=\"JLG \u00c9quipements Collectivit\u00e9s\" \/>\n<meta property=\"article:modified_time\" content=\"2026-01-29T13:58:14+00:00\" \/>\n<meta property=\"og:image\" content=\"http:\/\/jlgequipements.fr\/wp-content\/uploads\/2026\/01\/Bi-mat1-01-1024x1024.jpg\" \/>\n\t<meta property=\"og:image:width\" content=\"1024\" \/>\n\t<meta property=\"og:image:height\" content=\"1024\" \/>\n\t<meta property=\"og:image:type\" content=\"image\/jpeg\" \/>\n<meta name=\"twitter:card\" content=\"summary_large_image\" \/>\n<script type=\"application\/ld+json\" class=\"yoast-schema-graph\">{\"@context\":\"https:\/\/schema.org\",\"@graph\":[{\"@type\":\"WebPage\",\"@id\":\"https:\/\/jlgequipements.fr\/index.php\/produit\/panneaux-dinteret-local-bi-mat-n1\/\",\"url\":\"https:\/\/jlgequipements.fr\/index.php\/produit\/panneaux-dinteret-local-bi-mat-n1\/\",\"name\":\"PANNEAUX D'INT\u00c9R\u00caT LOCAL BI-M\u00c2T N\u00b01 - JLG \u00c9quipements Collectivit\u00e9s\",\"isPartOf\":{\"@id\":\"https:\/\/jlgequipements.fr\/#website\"},\"primaryImageOfPage\":{\"@id\":\"https:\/\/jlgequipements.fr\/index.php\/produit\/panneaux-dinteret-local-bi-mat-n1\/#primaryimage\"},\"image\":{\"@id\":\"https:\/\/jlgequipements.fr\/index.php\/produit\/panneaux-dinteret-local-bi-mat-n1\/#primaryimage\"},\"thumbnailUrl\":\"https:\/\/jlgequipements.fr\/wp-content\/uploads\/2026\/01\/Bi-mat1-01.jpg\",\"datePublished\":\"2026-01-29T09:12:59+00:00\",\"dateModified\":\"2026-01-29T13:58:14+00:00\",\"breadcrumb\":{\"@id\":\"https:\/\/jlgequipements.fr\/index.php\/produit\/panneaux-dinteret-local-bi-mat-n1\/#breadcrumb\"},\"inLanguage\":\"fr-FR\",\"potentialAction\":[{\"@type\":\"ReadAction\",\"target\":[\"https:\/\/jlgequipements.fr\/index.php\/produit\/panneaux-dinteret-local-bi-mat-n1\/\"]}]},{\"@type\":\"ImageObject\",\"inLanguage\":\"fr-FR\",\"@id\":\"https:\/\/jlgequipements.fr\/index.php\/produit\/panneaux-dinteret-local-bi-mat-n1\/#primaryimage\",\"url\":\"https:\/\/jlgequipements.fr\/wp-content\/uploads\/2026\/01\/Bi-mat1-01.jpg\",\"contentUrl\":\"https:\/\/jlgequipements.fr\/wp-content\/uploads\/2026\/01\/Bi-mat1-01.jpg\",\"width\":2083,\"height\":2083},{\"@type\":\"BreadcrumbList\",\"@id\":\"https:\/\/jlgequipements.fr\/index.php\/produit\/panneaux-dinteret-local-bi-mat-n1\/#breadcrumb\",\"itemListElement\":[{\"@type\":\"ListItem\",\"position\":1,\"name\":\"Accueil\",\"item\":\"https:\/\/jlgequipements.fr\/\"},{\"@type\":\"ListItem\",\"position\":2,\"name\":\"Boutique\",\"item\":\"https:\/\/jlgequipements.fr\/index.php\/boutique\/\"},{\"@type\":\"ListItem\",\"position\":3,\"name\":\"PANNEAUX D&rsquo;INT\u00c9R\u00caT LOCAL BI-M\u00c2T N\u00b01\"}]},{\"@type\":\"WebSite\",\"@id\":\"https:\/\/jlgequipements.fr\/#website\",\"url\":\"https:\/\/jlgequipements.fr\/\",\"name\":\"JLG \u00c9quipements collectivit\u00e9\",\"description\":\"Le partenaire des communes\",\"publisher\":{\"@id\":\"https:\/\/jlgequipements.fr\/#organization\"},\"potentialAction\":[{\"@type\":\"SearchAction\",\"target\":{\"@type\":\"EntryPoint\",\"urlTemplate\":\"https:\/\/jlgequipements.fr\/?s={search_term_string}\"},\"query-input\":{\"@type\":\"PropertyValueSpecification\",\"valueRequired\":true,\"valueName\":\"search_term_string\"}}],\"inLanguage\":\"fr-FR\"},{\"@type\":\"Organization\",\"@id\":\"https:\/\/jlgequipements.fr\/#organization\",\"name\":\"JLG \u00c9quipements collectivit\u00e9\",\"url\":\"https:\/\/jlgequipements.fr\/\",\"logo\":{\"@type\":\"ImageObject\",\"inLanguage\":\"fr-FR\",\"@id\":\"https:\/\/jlgequipements.fr\/#\/schema\/logo\/image\/\",\"url\":\"https:\/\/jlgequipements.fr\/wp-content\/uploads\/2024\/01\/JLG_LOGO_VECTO.png\",\"contentUrl\":\"https:\/\/jlgequipements.fr\/wp-content\/uploads\/2024\/01\/JLG_LOGO_VECTO.png\",\"width\":3293,\"height\":3292,\"caption\":\"JLG \u00c9quipements collectivit\u00e9\"},\"image\":{\"@id\":\"https:\/\/jlgequipements.fr\/#\/schema\/logo\/image\/\"}}]}<\/script>\n<!-- \/ Yoast SEO plugin. -->","yoast_head_json":{"title":"PANNEAUX D'INT\u00c9R\u00caT LOCAL BI-M\u00c2T N\u00b01 - JLG \u00c9quipements Collectivit\u00e9s","robots":{"index":"index","follow":"follow","max-snippet":"max-snippet:-1","max-image-preview":"max-image-preview:large","max-video-preview":"max-video-preview:-1"},"canonical":"https:\/\/jlgequipements.fr\/index.php\/produit\/panneaux-dinteret-local-bi-mat-n1\/","og_locale":"fr_FR","og_type":"article","og_title":"PANNEAUX D'INT\u00c9R\u00caT LOCAL BI-M\u00c2T N\u00b01 - JLG \u00c9quipements Collectivit\u00e9s","og_description":"Esth\u00e9tiques et robustes, nos panneaux de signal\u00e9tique s\u2019int\u00e9greront parfaitement dans votre commune, une zone artisanale, un site industriel ou m\u00eame un p\u00f4le sant\u00e9. Personnalisable, un \u00e9ventail de possibilit\u00e9s s\u2019offre \u00e0 vous : &#8211; R\u00e9tror\u00e9fl\u00e9chissant ou non avec ou sans id\u00e9ogramme &#8211; Hauteur de lattes : 100 \/ 120 \/ 150 \/ 200 \/ 300 mm &#8211; Longueur de lattes : 1 000 \/ 1 500 \/ 2 000 \/ 2 500 \/ 3 000 mm &#8211; Lattes de simple ou double face et large palette de couleur &#8211; Supports laqu\u00e9s y compris chapeau &#8211; 1 ou 2 d\u00e9parts &#8211; Avec ou sans platine. &#8211; Support simple d\u00e9part ou support double d\u00e9part","og_url":"https:\/\/jlgequipements.fr\/index.php\/produit\/panneaux-dinteret-local-bi-mat-n1\/","og_site_name":"JLG \u00c9quipements Collectivit\u00e9s","article_modified_time":"2026-01-29T13:58:14+00:00","og_image":[{"width":1024,"height":1024,"url":"http:\/\/jlgequipements.fr\/wp-content\/uploads\/2026\/01\/Bi-mat1-01-1024x1024.jpg","type":"image\/jpeg"}],"twitter_card":"summary_large_image","schema":{"@context":"https:\/\/schema.org","@graph":[{"@type":"WebPage","@id":"https:\/\/jlgequipements.fr\/index.php\/produit\/panneaux-dinteret-local-bi-mat-n1\/","url":"https:\/\/jlgequipements.fr\/index.php\/produit\/panneaux-dinteret-local-bi-mat-n1\/","name":"PANNEAUX D'INT\u00c9R\u00caT LOCAL BI-M\u00c2T N\u00b01 - JLG \u00c9quipements Collectivit\u00e9s","isPartOf":{"@id":"https:\/\/jlgequipements.fr\/#website"},"primaryImageOfPage":{"@id":"https:\/\/jlgequipements.fr\/index.php\/produit\/panneaux-dinteret-local-bi-mat-n1\/#primaryimage"},"image":{"@id":"https:\/\/jlgequipements.fr\/index.php\/produit\/panneaux-dinteret-local-bi-mat-n1\/#primaryimage"},"thumbnailUrl":"https:\/\/jlgequipements.fr\/wp-content\/uploads\/2026\/01\/Bi-mat1-01.jpg","datePublished":"2026-01-29T09:12:59+00:00","dateModified":"2026-01-29T13:58:14+00:00","breadcrumb":{"@id":"https:\/\/jlgequipements.fr\/index.php\/produit\/panneaux-dinteret-local-bi-mat-n1\/#breadcrumb"},"inLanguage":"fr-FR","potentialAction":[{"@type":"ReadAction","target":["https:\/\/jlgequipements.fr\/index.php\/produit\/panneaux-dinteret-local-bi-mat-n1\/"]}]},{"@type":"ImageObject","inLanguage":"fr-FR","@id":"https:\/\/jlgequipements.fr\/index.php\/produit\/panneaux-dinteret-local-bi-mat-n1\/#primaryimage","url":"https:\/\/jlgequipements.fr\/wp-content\/uploads\/2026\/01\/Bi-mat1-01.jpg","contentUrl":"https:\/\/jlgequipements.fr\/wp-content\/uploads\/2026\/01\/Bi-mat1-01.jpg","width":2083,"height":2083},{"@type":"BreadcrumbList","@id":"https:\/\/jlgequipements.fr\/index.php\/produit\/panneaux-dinteret-local-bi-mat-n1\/#breadcrumb","itemListElement":[{"@type":"ListItem","position":1,"name":"Accueil","item":"https:\/\/jlgequipements.fr\/"},{"@type":"ListItem","position":2,"name":"Boutique","item":"https:\/\/jlgequipements.fr\/index.php\/boutique\/"},{"@type":"ListItem","position":3,"name":"PANNEAUX D&rsquo;INT\u00c9R\u00caT LOCAL BI-M\u00c2T N\u00b01"}]},{"@type":"WebSite","@id":"https:\/\/jlgequipements.fr\/#website","url":"https:\/\/jlgequipements.fr\/","name":"JLG \u00c9quipements collectivit\u00e9","description":"Le partenaire des communes","publisher":{"@id":"https:\/\/jlgequipements.fr\/#organization"},"potentialAction":[{"@type":"SearchAction","target":{"@type":"EntryPoint","urlTemplate":"https:\/\/jlgequipements.fr\/?s={search_term_string}"},"query-input":{"@type":"PropertyValueSpecification","valueRequired":true,"valueName":"search_term_string"}}],"inLanguage":"fr-FR"},{"@type":"Organization","@id":"https:\/\/jlgequipements.fr\/#organization","name":"JLG \u00c9quipements collectivit\u00e9","url":"https:\/\/jlgequipements.fr\/","logo":{"@type":"ImageObject","inLanguage":"fr-FR","@id":"https:\/\/jlgequipements.fr\/#\/schema\/logo\/image\/","url":"https:\/\/jlgequipements.fr\/wp-content\/uploads\/2024\/01\/JLG_LOGO_VECTO.png","contentUrl":"https:\/\/jlgequipements.fr\/wp-content\/uploads\/2024\/01\/JLG_LOGO_VECTO.png","width":3293,"height":3292,"caption":"JLG \u00c9quipements collectivit\u00e9"},"image":{"@id":"https:\/\/jlgequipements.fr\/#\/schema\/logo\/image\/"}}]}},"_links":{"self":[{"href":"https:\/\/jlgequipements.fr\/index.php\/wp-json\/wp\/v2\/product\/14517","targetHints":{"allow":["GET"]}}],"collection":[{"href":"https:\/\/jlgequipements.fr\/index.php\/wp-json\/wp\/v2\/product"}],"about":[{"href":"https:\/\/jlgequipements.fr\/index.php\/wp-json\/wp\/v2\/types\/product"}],"replies":[{"embeddable":true,"href":"https:\/\/jlgequipements.fr\/index.php\/wp-json\/wp\/v2\/comments?post=14517"}],"version-history":[{"count":1,"href":"https:\/\/jlgequipements.fr\/index.php\/wp-json\/wp\/v2\/product\/14517\/revisions"}],"predecessor-version":[{"id":14521,"href":"https:\/\/jlgequipements.fr\/index.php\/wp-json\/wp\/v2\/product\/14517\/revisions\/14521"}],"wp:featuredmedia":[{"embeddable":true,"href":"https:\/\/jlgequipements.fr\/index.php\/wp-json\/wp\/v2\/media\/14518"}],"wp:attachment":[{"href":"https:\/\/jlgequipements.fr\/index.php\/wp-json\/wp\/v2\/media?parent=14517"}],"wp:term":[{"taxonomy":"product_brand","embeddable":true,"href":"https:\/\/jlgequipements.fr\/index.php\/wp-json\/wp\/v2\/product_brand?post=14517"},{"taxonomy":"product_cat","embeddable":true,"href":"https:\/\/jlgequipements.fr\/index.php\/wp-json\/wp\/v2\/product_cat?post=14517"},{"taxonomy":"product_tag","embeddable":true,"href":"https:\/\/jlgequipements.fr\/index.php\/wp-json\/wp\/v2\/product_tag?post=14517"}],"curies":[{"name":"wp","href":"https:\/\/api.w.org\/{rel}","templated":true}]}}