{"id":14502,"date":"2026-01-28T17:34:17","date_gmt":"2026-01-28T16:34:17","guid":{"rendered":"https:\/\/jlgequipements.fr\/?post_type=product&#038;p=14502"},"modified":"2026-01-28T17:34:17","modified_gmt":"2026-01-28T16:34:17","slug":"cendrier-ludique","status":"publish","type":"product","link":"https:\/\/jlgequipements.fr\/index.php\/produit\/cendrier-ludique\/","title":{"rendered":"CENDRIER LUDIQUE"},"content":{"rendered":"<p class=\"p1\"><b>&#8211; Capacit\u00e9 :<\/b> de 2 000 m\u00e9gots<\/p>\n<p class=\"p1\"><b>&#8211; Syst\u00e8me : <\/b>anti-d\u00e9bordement<\/p>\n<p class=\"p1\">&#8211; Plaque \u00e9crase-m\u00e9got en acier galva<\/p>\n<p class=\"p1\">&#8211; Syst\u00e8me de vidage facile<\/p>\n<p class=\"p1\">&#8211; Verrouillage en fa\u00e7ade par cl\u00e9 triangulaire<\/p>\n<p class=\"p1\">&#8211; Communication personnalisable<\/p>\n<p class=\"p1\">&#8211; Fabrication en aluminium<\/p>\n<p class=\"p1\"><b>&#8211; Poids : <\/b>3,8 kg<\/p>\n<p class=\"p1\"><b>&#8211; Dimension : <\/b>350 x 580 x 110 mm<\/p>\n<p class=\"p1\"><b>&#8211; Coloris : <\/b>RAL6009<\/p>\n<p class=\"p1\"><span class=\"Apple-converted-space\">\u00a0 <\/span>(autre RAL sur demande)<\/p>\n<p>&#8211; Vendu cendrier seul ou avec poteau<\/p>\n<p>&#8211; Communication personnalisable<\/p>\n","protected":false},"excerpt":{"rendered":"<p>&#8211; Capacit\u00e9 : de 2 000 m\u00e9gots &#8211; Syst\u00e8me : anti-d\u00e9bordement &#8211; Plaque \u00e9crase-m\u00e9got en acier galva &#8211; Syst\u00e8me de vidage facile &#8211; Verrouillage en fa\u00e7ade par cl\u00e9 triangulaire &#8211; Communication personnalisable &#8211; Fabrication en aluminium &#8211; Poids : 3,8 kg &#8211; Dimension : 350 x 580 x 110 mm &#8211; Coloris : RAL6009 \u00a0 (autre RAL sur demande) &#8211; Vendu cendrier seul ou avec poteau &#8211; Communication personnalisable<\/p>\n","protected":false},"featured_media":14503,"comment_status":"open","ping_status":"closed","template":"","meta":[],"product_brand":[],"product_cat":[313,226],"product_tag":[],"class_list":{"0":"post-14502","1":"product","2":"type-product","3":"status-publish","4":"has-post-thumbnail","6":"product_cat-cendriers","7":"product_cat-mobilier-urbain","9":"first","10":"instock","11":"shipping-taxable","12":"product-type-simple"},"yoast_head":"<!-- This site is optimized with the Yoast SEO plugin v27.1.1 - https:\/\/yoast.com\/product\/yoast-seo-wordpress\/ -->\n<title>CENDRIER LUDIQUE - JLG \u00c9quipements Collectivit\u00e9s<\/title>\n<meta name=\"robots\" content=\"index, follow, max-snippet:-1, max-image-preview:large, max-video-preview:-1\" \/>\n<link rel=\"canonical\" href=\"https:\/\/jlgequipements.fr\/index.php\/produit\/cendrier-ludique\/\" \/>\n<meta property=\"og:locale\" content=\"fr_FR\" \/>\n<meta property=\"og:type\" content=\"article\" \/>\n<meta property=\"og:title\" content=\"CENDRIER LUDIQUE - JLG \u00c9quipements Collectivit\u00e9s\" \/>\n<meta property=\"og:description\" content=\"&#8211; Capacit\u00e9 : de 2 000 m\u00e9gots &#8211; Syst\u00e8me : anti-d\u00e9bordement &#8211; Plaque \u00e9crase-m\u00e9got en acier galva &#8211; Syst\u00e8me de vidage facile &#8211; Verrouillage en fa\u00e7ade par cl\u00e9 triangulaire &#8211; Communication personnalisable &#8211; Fabrication en aluminium &#8211; Poids : 3,8 kg &#8211; Dimension : 350 x 580 x 110 mm &#8211; Coloris : RAL6009 \u00a0 (autre RAL sur demande) &#8211; Vendu cendrier seul ou avec poteau &#8211; Communication personnalisable\" \/>\n<meta property=\"og:url\" content=\"https:\/\/jlgequipements.fr\/index.php\/produit\/cendrier-ludique\/\" \/>\n<meta property=\"og:site_name\" content=\"JLG \u00c9quipements Collectivit\u00e9s\" \/>\n<meta property=\"og:image\" content=\"http:\/\/jlgequipements.fr\/wp-content\/uploads\/2026\/01\/cendrier-ludique-01-1024x1024.jpg\" \/>\n\t<meta property=\"og:image:width\" content=\"1024\" \/>\n\t<meta property=\"og:image:height\" content=\"1024\" \/>\n\t<meta property=\"og:image:type\" content=\"image\/jpeg\" \/>\n<meta name=\"twitter:card\" content=\"summary_large_image\" \/>\n<script type=\"application\/ld+json\" class=\"yoast-schema-graph\">{\"@context\":\"https:\/\/schema.org\",\"@graph\":[{\"@type\":\"WebPage\",\"@id\":\"https:\/\/jlgequipements.fr\/index.php\/produit\/cendrier-ludique\/\",\"url\":\"https:\/\/jlgequipements.fr\/index.php\/produit\/cendrier-ludique\/\",\"name\":\"CENDRIER LUDIQUE - JLG \u00c9quipements Collectivit\u00e9s\",\"isPartOf\":{\"@id\":\"https:\/\/jlgequipements.fr\/#website\"},\"primaryImageOfPage\":{\"@id\":\"https:\/\/jlgequipements.fr\/index.php\/produit\/cendrier-ludique\/#primaryimage\"},\"image\":{\"@id\":\"https:\/\/jlgequipements.fr\/index.php\/produit\/cendrier-ludique\/#primaryimage\"},\"thumbnailUrl\":\"https:\/\/jlgequipements.fr\/wp-content\/uploads\/2026\/01\/cendrier-ludique-01.jpg\",\"datePublished\":\"2026-01-28T16:34:17+00:00\",\"breadcrumb\":{\"@id\":\"https:\/\/jlgequipements.fr\/index.php\/produit\/cendrier-ludique\/#breadcrumb\"},\"inLanguage\":\"fr-FR\",\"potentialAction\":[{\"@type\":\"ReadAction\",\"target\":[\"https:\/\/jlgequipements.fr\/index.php\/produit\/cendrier-ludique\/\"]}]},{\"@type\":\"ImageObject\",\"inLanguage\":\"fr-FR\",\"@id\":\"https:\/\/jlgequipements.fr\/index.php\/produit\/cendrier-ludique\/#primaryimage\",\"url\":\"https:\/\/jlgequipements.fr\/wp-content\/uploads\/2026\/01\/cendrier-ludique-01.jpg\",\"contentUrl\":\"https:\/\/jlgequipements.fr\/wp-content\/uploads\/2026\/01\/cendrier-ludique-01.jpg\",\"width\":2083,\"height\":2083},{\"@type\":\"BreadcrumbList\",\"@id\":\"https:\/\/jlgequipements.fr\/index.php\/produit\/cendrier-ludique\/#breadcrumb\",\"itemListElement\":[{\"@type\":\"ListItem\",\"position\":1,\"name\":\"Accueil\",\"item\":\"https:\/\/jlgequipements.fr\/\"},{\"@type\":\"ListItem\",\"position\":2,\"name\":\"Boutique\",\"item\":\"https:\/\/jlgequipements.fr\/index.php\/boutique\/\"},{\"@type\":\"ListItem\",\"position\":3,\"name\":\"CENDRIER LUDIQUE\"}]},{\"@type\":\"WebSite\",\"@id\":\"https:\/\/jlgequipements.fr\/#website\",\"url\":\"https:\/\/jlgequipements.fr\/\",\"name\":\"JLG \u00c9quipements collectivit\u00e9\",\"description\":\"Le partenaire des communes\",\"publisher\":{\"@id\":\"https:\/\/jlgequipements.fr\/#organization\"},\"potentialAction\":[{\"@type\":\"SearchAction\",\"target\":{\"@type\":\"EntryPoint\",\"urlTemplate\":\"https:\/\/jlgequipements.fr\/?s={search_term_string}\"},\"query-input\":{\"@type\":\"PropertyValueSpecification\",\"valueRequired\":true,\"valueName\":\"search_term_string\"}}],\"inLanguage\":\"fr-FR\"},{\"@type\":\"Organization\",\"@id\":\"https:\/\/jlgequipements.fr\/#organization\",\"name\":\"JLG \u00c9quipements collectivit\u00e9\",\"url\":\"https:\/\/jlgequipements.fr\/\",\"logo\":{\"@type\":\"ImageObject\",\"inLanguage\":\"fr-FR\",\"@id\":\"https:\/\/jlgequipements.fr\/#\/schema\/logo\/image\/\",\"url\":\"https:\/\/jlgequipements.fr\/wp-content\/uploads\/2024\/01\/JLG_LOGO_VECTO.png\",\"contentUrl\":\"https:\/\/jlgequipements.fr\/wp-content\/uploads\/2024\/01\/JLG_LOGO_VECTO.png\",\"width\":3293,\"height\":3292,\"caption\":\"JLG \u00c9quipements collectivit\u00e9\"},\"image\":{\"@id\":\"https:\/\/jlgequipements.fr\/#\/schema\/logo\/image\/\"}}]}<\/script>\n<!-- \/ Yoast SEO plugin. -->","yoast_head_json":{"title":"CENDRIER LUDIQUE - JLG \u00c9quipements Collectivit\u00e9s","robots":{"index":"index","follow":"follow","max-snippet":"max-snippet:-1","max-image-preview":"max-image-preview:large","max-video-preview":"max-video-preview:-1"},"canonical":"https:\/\/jlgequipements.fr\/index.php\/produit\/cendrier-ludique\/","og_locale":"fr_FR","og_type":"article","og_title":"CENDRIER LUDIQUE - JLG \u00c9quipements Collectivit\u00e9s","og_description":"&#8211; Capacit\u00e9 : de 2 000 m\u00e9gots &#8211; Syst\u00e8me : anti-d\u00e9bordement &#8211; Plaque \u00e9crase-m\u00e9got en acier galva &#8211; Syst\u00e8me de vidage facile &#8211; Verrouillage en fa\u00e7ade par cl\u00e9 triangulaire &#8211; Communication personnalisable &#8211; Fabrication en aluminium &#8211; Poids : 3,8 kg &#8211; Dimension : 350 x 580 x 110 mm &#8211; Coloris : RAL6009 \u00a0 (autre RAL sur demande) &#8211; Vendu cendrier seul ou avec poteau &#8211; Communication personnalisable","og_url":"https:\/\/jlgequipements.fr\/index.php\/produit\/cendrier-ludique\/","og_site_name":"JLG \u00c9quipements Collectivit\u00e9s","og_image":[{"width":1024,"height":1024,"url":"http:\/\/jlgequipements.fr\/wp-content\/uploads\/2026\/01\/cendrier-ludique-01-1024x1024.jpg","type":"image\/jpeg"}],"twitter_card":"summary_large_image","schema":{"@context":"https:\/\/schema.org","@graph":[{"@type":"WebPage","@id":"https:\/\/jlgequipements.fr\/index.php\/produit\/cendrier-ludique\/","url":"https:\/\/jlgequipements.fr\/index.php\/produit\/cendrier-ludique\/","name":"CENDRIER LUDIQUE - JLG \u00c9quipements Collectivit\u00e9s","isPartOf":{"@id":"https:\/\/jlgequipements.fr\/#website"},"primaryImageOfPage":{"@id":"https:\/\/jlgequipements.fr\/index.php\/produit\/cendrier-ludique\/#primaryimage"},"image":{"@id":"https:\/\/jlgequipements.fr\/index.php\/produit\/cendrier-ludique\/#primaryimage"},"thumbnailUrl":"https:\/\/jlgequipements.fr\/wp-content\/uploads\/2026\/01\/cendrier-ludique-01.jpg","datePublished":"2026-01-28T16:34:17+00:00","breadcrumb":{"@id":"https:\/\/jlgequipements.fr\/index.php\/produit\/cendrier-ludique\/#breadcrumb"},"inLanguage":"fr-FR","potentialAction":[{"@type":"ReadAction","target":["https:\/\/jlgequipements.fr\/index.php\/produit\/cendrier-ludique\/"]}]},{"@type":"ImageObject","inLanguage":"fr-FR","@id":"https:\/\/jlgequipements.fr\/index.php\/produit\/cendrier-ludique\/#primaryimage","url":"https:\/\/jlgequipements.fr\/wp-content\/uploads\/2026\/01\/cendrier-ludique-01.jpg","contentUrl":"https:\/\/jlgequipements.fr\/wp-content\/uploads\/2026\/01\/cendrier-ludique-01.jpg","width":2083,"height":2083},{"@type":"BreadcrumbList","@id":"https:\/\/jlgequipements.fr\/index.php\/produit\/cendrier-ludique\/#breadcrumb","itemListElement":[{"@type":"ListItem","position":1,"name":"Accueil","item":"https:\/\/jlgequipements.fr\/"},{"@type":"ListItem","position":2,"name":"Boutique","item":"https:\/\/jlgequipements.fr\/index.php\/boutique\/"},{"@type":"ListItem","position":3,"name":"CENDRIER LUDIQUE"}]},{"@type":"WebSite","@id":"https:\/\/jlgequipements.fr\/#website","url":"https:\/\/jlgequipements.fr\/","name":"JLG \u00c9quipements collectivit\u00e9","description":"Le partenaire des communes","publisher":{"@id":"https:\/\/jlgequipements.fr\/#organization"},"potentialAction":[{"@type":"SearchAction","target":{"@type":"EntryPoint","urlTemplate":"https:\/\/jlgequipements.fr\/?s={search_term_string}"},"query-input":{"@type":"PropertyValueSpecification","valueRequired":true,"valueName":"search_term_string"}}],"inLanguage":"fr-FR"},{"@type":"Organization","@id":"https:\/\/jlgequipements.fr\/#organization","name":"JLG \u00c9quipements collectivit\u00e9","url":"https:\/\/jlgequipements.fr\/","logo":{"@type":"ImageObject","inLanguage":"fr-FR","@id":"https:\/\/jlgequipements.fr\/#\/schema\/logo\/image\/","url":"https:\/\/jlgequipements.fr\/wp-content\/uploads\/2024\/01\/JLG_LOGO_VECTO.png","contentUrl":"https:\/\/jlgequipements.fr\/wp-content\/uploads\/2024\/01\/JLG_LOGO_VECTO.png","width":3293,"height":3292,"caption":"JLG \u00c9quipements collectivit\u00e9"},"image":{"@id":"https:\/\/jlgequipements.fr\/#\/schema\/logo\/image\/"}}]}},"_links":{"self":[{"href":"https:\/\/jlgequipements.fr\/index.php\/wp-json\/wp\/v2\/product\/14502","targetHints":{"allow":["GET"]}}],"collection":[{"href":"https:\/\/jlgequipements.fr\/index.php\/wp-json\/wp\/v2\/product"}],"about":[{"href":"https:\/\/jlgequipements.fr\/index.php\/wp-json\/wp\/v2\/types\/product"}],"replies":[{"embeddable":true,"href":"https:\/\/jlgequipements.fr\/index.php\/wp-json\/wp\/v2\/comments?post=14502"}],"version-history":[{"count":1,"href":"https:\/\/jlgequipements.fr\/index.php\/wp-json\/wp\/v2\/product\/14502\/revisions"}],"predecessor-version":[{"id":14505,"href":"https:\/\/jlgequipements.fr\/index.php\/wp-json\/wp\/v2\/product\/14502\/revisions\/14505"}],"wp:featuredmedia":[{"embeddable":true,"href":"https:\/\/jlgequipements.fr\/index.php\/wp-json\/wp\/v2\/media\/14503"}],"wp:attachment":[{"href":"https:\/\/jlgequipements.fr\/index.php\/wp-json\/wp\/v2\/media?parent=14502"}],"wp:term":[{"taxonomy":"product_brand","embeddable":true,"href":"https:\/\/jlgequipements.fr\/index.php\/wp-json\/wp\/v2\/product_brand?post=14502"},{"taxonomy":"product_cat","embeddable":true,"href":"https:\/\/jlgequipements.fr\/index.php\/wp-json\/wp\/v2\/product_cat?post=14502"},{"taxonomy":"product_tag","embeddable":true,"href":"https:\/\/jlgequipements.fr\/index.php\/wp-json\/wp\/v2\/product_tag?post=14502"}],"curies":[{"name":"wp","href":"https:\/\/api.w.org\/{rel}","templated":true}]}}