{"id":14497,"date":"2026-01-28T17:32:00","date_gmt":"2026-01-28T16:32:00","guid":{"rendered":"https:\/\/jlgequipements.fr\/?post_type=product&#038;p=14497"},"modified":"2026-01-28T17:35:11","modified_gmt":"2026-01-28T16:35:11","slug":"cendrier-potelet","status":"publish","type":"product","link":"https:\/\/jlgequipements.fr\/index.php\/produit\/cendrier-potelet\/","title":{"rendered":"CENDRIER POTELET"},"content":{"rendered":"<p class=\"p1\"><span class=\"s1\"><b>&#8211; Contenance : <\/b>3000 m\u00e9gots environ<\/span><\/p>\n<p class=\"p1\"><span class=\"s1\"><b>&#8211; Vidage : <\/b>propre, facile et rapide par bouchon au bas du tube<\/span><\/p>\n<p class=\"p1\"><span class=\"s1\">&#8211; Structure en tube acier \u00d8 76 mm et t\u00eate en aluminium moul\u00e9<\/span><\/p>\n<p class=\"p1\"><span class=\"s1\">&#8211; Plateau d\u2019\u00e9crasement emp\u00eachant les d\u00e9tritus volumineux<\/span><\/p>\n<p class=\"p1\"><span class=\"s1\">&#8211; Deux mod\u00e8les disponibles :<\/span><\/p>\n<p class=\"p1\"><span class=\"s2\">&#8211; Sur fourreau \u00e0 sceller fourni, verrouillable par cl\u00e9 triangle. Hauteur hors sol 1210 mm<\/span><\/p>\n<p class=\"p1\"><span class=\"s2\">&#8211; Sur fourreau platine \u00e0 poser ou fixer au sol, verrouillable par cadenas. Hauteur hors sol 1450 mm.<\/span><\/p>\n<ul>\n<li>Disponible en couleurs cigarette<\/li>\n<\/ul>\n","protected":false},"excerpt":{"rendered":"<p>&#8211; Contenance : 3000 m\u00e9gots environ &#8211; Vidage : propre, facile et rapide par bouchon au bas du tube &#8211; Structure en tube acier \u00d8 76 mm et t\u00eate en aluminium moul\u00e9 &#8211; Plateau d\u2019\u00e9crasement emp\u00eachant les d\u00e9tritus volumineux &#8211; Deux mod\u00e8les disponibles : &#8211; Sur fourreau \u00e0 sceller fourni, verrouillable par cl\u00e9 triangle. Hauteur hors sol 1210 mm &#8211; Sur fourreau platine \u00e0 poser ou fixer au sol, verrouillable par cadenas. Hauteur hors sol 1450 mm. Disponible en couleurs cigarette<\/p>\n","protected":false},"featured_media":14498,"comment_status":"open","ping_status":"closed","template":"","meta":[],"product_brand":[],"product_cat":[313,226],"product_tag":[],"class_list":{"0":"post-14497","1":"product","2":"type-product","3":"status-publish","4":"has-post-thumbnail","6":"product_cat-cendriers","7":"product_cat-mobilier-urbain","9":"first","10":"instock","11":"shipping-taxable","12":"product-type-simple"},"yoast_head":"<!-- This site is optimized with the Yoast SEO plugin v27.1.1 - https:\/\/yoast.com\/product\/yoast-seo-wordpress\/ -->\n<title>CENDRIER POTELET - JLG \u00c9quipements Collectivit\u00e9s<\/title>\n<meta name=\"robots\" content=\"index, follow, max-snippet:-1, max-image-preview:large, max-video-preview:-1\" \/>\n<link rel=\"canonical\" href=\"https:\/\/jlgequipements.fr\/index.php\/produit\/cendrier-potelet\/\" \/>\n<meta property=\"og:locale\" content=\"fr_FR\" \/>\n<meta property=\"og:type\" content=\"article\" \/>\n<meta property=\"og:title\" content=\"CENDRIER POTELET - JLG \u00c9quipements Collectivit\u00e9s\" \/>\n<meta property=\"og:description\" content=\"&#8211; Contenance : 3000 m\u00e9gots environ &#8211; Vidage : propre, facile et rapide par bouchon au bas du tube &#8211; Structure en tube acier \u00d8 76 mm et t\u00eate en aluminium moul\u00e9 &#8211; Plateau d\u2019\u00e9crasement emp\u00eachant les d\u00e9tritus volumineux &#8211; Deux mod\u00e8les disponibles : &#8211; Sur fourreau \u00e0 sceller fourni, verrouillable par cl\u00e9 triangle. Hauteur hors sol 1210 mm &#8211; Sur fourreau platine \u00e0 poser ou fixer au sol, verrouillable par cadenas. Hauteur hors sol 1450 mm. Disponible en couleurs cigarette\" \/>\n<meta property=\"og:url\" content=\"https:\/\/jlgequipements.fr\/index.php\/produit\/cendrier-potelet\/\" \/>\n<meta property=\"og:site_name\" content=\"JLG \u00c9quipements Collectivit\u00e9s\" \/>\n<meta property=\"article:modified_time\" content=\"2026-01-28T16:35:11+00:00\" \/>\n<meta property=\"og:image\" content=\"http:\/\/jlgequipements.fr\/wp-content\/uploads\/2026\/01\/potelet-cendrier-01.jpg\" \/>\n\t<meta property=\"og:image:width\" content=\"2083\" \/>\n\t<meta property=\"og:image:height\" content=\"2083\" \/>\n\t<meta property=\"og:image:type\" content=\"image\/jpeg\" \/>\n<meta name=\"twitter:card\" content=\"summary_large_image\" \/>\n<script type=\"application\/ld+json\" class=\"yoast-schema-graph\">{\"@context\":\"https:\/\/schema.org\",\"@graph\":[{\"@type\":\"WebPage\",\"@id\":\"https:\/\/jlgequipements.fr\/index.php\/produit\/cendrier-potelet\/\",\"url\":\"https:\/\/jlgequipements.fr\/index.php\/produit\/cendrier-potelet\/\",\"name\":\"CENDRIER POTELET - JLG \u00c9quipements Collectivit\u00e9s\",\"isPartOf\":{\"@id\":\"https:\/\/jlgequipements.fr\/#website\"},\"primaryImageOfPage\":{\"@id\":\"https:\/\/jlgequipements.fr\/index.php\/produit\/cendrier-potelet\/#primaryimage\"},\"image\":{\"@id\":\"https:\/\/jlgequipements.fr\/index.php\/produit\/cendrier-potelet\/#primaryimage\"},\"thumbnailUrl\":\"https:\/\/jlgequipements.fr\/wp-content\/uploads\/2026\/01\/potelet-cendrier-01.jpg\",\"datePublished\":\"2026-01-28T16:32:00+00:00\",\"dateModified\":\"2026-01-28T16:35:11+00:00\",\"breadcrumb\":{\"@id\":\"https:\/\/jlgequipements.fr\/index.php\/produit\/cendrier-potelet\/#breadcrumb\"},\"inLanguage\":\"fr-FR\",\"potentialAction\":[{\"@type\":\"ReadAction\",\"target\":[\"https:\/\/jlgequipements.fr\/index.php\/produit\/cendrier-potelet\/\"]}]},{\"@type\":\"ImageObject\",\"inLanguage\":\"fr-FR\",\"@id\":\"https:\/\/jlgequipements.fr\/index.php\/produit\/cendrier-potelet\/#primaryimage\",\"url\":\"https:\/\/jlgequipements.fr\/wp-content\/uploads\/2026\/01\/potelet-cendrier-01.jpg\",\"contentUrl\":\"https:\/\/jlgequipements.fr\/wp-content\/uploads\/2026\/01\/potelet-cendrier-01.jpg\",\"width\":2083,\"height\":2083},{\"@type\":\"BreadcrumbList\",\"@id\":\"https:\/\/jlgequipements.fr\/index.php\/produit\/cendrier-potelet\/#breadcrumb\",\"itemListElement\":[{\"@type\":\"ListItem\",\"position\":1,\"name\":\"Accueil\",\"item\":\"https:\/\/jlgequipements.fr\/\"},{\"@type\":\"ListItem\",\"position\":2,\"name\":\"Boutique\",\"item\":\"https:\/\/jlgequipements.fr\/index.php\/boutique\/\"},{\"@type\":\"ListItem\",\"position\":3,\"name\":\"CENDRIER POTELET\"}]},{\"@type\":\"WebSite\",\"@id\":\"https:\/\/jlgequipements.fr\/#website\",\"url\":\"https:\/\/jlgequipements.fr\/\",\"name\":\"JLG \u00c9quipements collectivit\u00e9\",\"description\":\"Le partenaire des communes\",\"publisher\":{\"@id\":\"https:\/\/jlgequipements.fr\/#organization\"},\"potentialAction\":[{\"@type\":\"SearchAction\",\"target\":{\"@type\":\"EntryPoint\",\"urlTemplate\":\"https:\/\/jlgequipements.fr\/?s={search_term_string}\"},\"query-input\":{\"@type\":\"PropertyValueSpecification\",\"valueRequired\":true,\"valueName\":\"search_term_string\"}}],\"inLanguage\":\"fr-FR\"},{\"@type\":\"Organization\",\"@id\":\"https:\/\/jlgequipements.fr\/#organization\",\"name\":\"JLG \u00c9quipements collectivit\u00e9\",\"url\":\"https:\/\/jlgequipements.fr\/\",\"logo\":{\"@type\":\"ImageObject\",\"inLanguage\":\"fr-FR\",\"@id\":\"https:\/\/jlgequipements.fr\/#\/schema\/logo\/image\/\",\"url\":\"https:\/\/jlgequipements.fr\/wp-content\/uploads\/2024\/01\/JLG_LOGO_VECTO.png\",\"contentUrl\":\"https:\/\/jlgequipements.fr\/wp-content\/uploads\/2024\/01\/JLG_LOGO_VECTO.png\",\"width\":3293,\"height\":3292,\"caption\":\"JLG \u00c9quipements collectivit\u00e9\"},\"image\":{\"@id\":\"https:\/\/jlgequipements.fr\/#\/schema\/logo\/image\/\"}}]}<\/script>\n<!-- \/ Yoast SEO plugin. -->","yoast_head_json":{"title":"CENDRIER POTELET - JLG \u00c9quipements Collectivit\u00e9s","robots":{"index":"index","follow":"follow","max-snippet":"max-snippet:-1","max-image-preview":"max-image-preview:large","max-video-preview":"max-video-preview:-1"},"canonical":"https:\/\/jlgequipements.fr\/index.php\/produit\/cendrier-potelet\/","og_locale":"fr_FR","og_type":"article","og_title":"CENDRIER POTELET - JLG \u00c9quipements Collectivit\u00e9s","og_description":"&#8211; Contenance : 3000 m\u00e9gots environ &#8211; Vidage : propre, facile et rapide par bouchon au bas du tube &#8211; Structure en tube acier \u00d8 76 mm et t\u00eate en aluminium moul\u00e9 &#8211; Plateau d\u2019\u00e9crasement emp\u00eachant les d\u00e9tritus volumineux &#8211; Deux mod\u00e8les disponibles : &#8211; Sur fourreau \u00e0 sceller fourni, verrouillable par cl\u00e9 triangle. Hauteur hors sol 1210 mm &#8211; Sur fourreau platine \u00e0 poser ou fixer au sol, verrouillable par cadenas. Hauteur hors sol 1450 mm. Disponible en couleurs cigarette","og_url":"https:\/\/jlgequipements.fr\/index.php\/produit\/cendrier-potelet\/","og_site_name":"JLG \u00c9quipements Collectivit\u00e9s","article_modified_time":"2026-01-28T16:35:11+00:00","og_image":[{"width":2083,"height":2083,"url":"http:\/\/jlgequipements.fr\/wp-content\/uploads\/2026\/01\/potelet-cendrier-01.jpg","type":"image\/jpeg"}],"twitter_card":"summary_large_image","schema":{"@context":"https:\/\/schema.org","@graph":[{"@type":"WebPage","@id":"https:\/\/jlgequipements.fr\/index.php\/produit\/cendrier-potelet\/","url":"https:\/\/jlgequipements.fr\/index.php\/produit\/cendrier-potelet\/","name":"CENDRIER POTELET - JLG \u00c9quipements Collectivit\u00e9s","isPartOf":{"@id":"https:\/\/jlgequipements.fr\/#website"},"primaryImageOfPage":{"@id":"https:\/\/jlgequipements.fr\/index.php\/produit\/cendrier-potelet\/#primaryimage"},"image":{"@id":"https:\/\/jlgequipements.fr\/index.php\/produit\/cendrier-potelet\/#primaryimage"},"thumbnailUrl":"https:\/\/jlgequipements.fr\/wp-content\/uploads\/2026\/01\/potelet-cendrier-01.jpg","datePublished":"2026-01-28T16:32:00+00:00","dateModified":"2026-01-28T16:35:11+00:00","breadcrumb":{"@id":"https:\/\/jlgequipements.fr\/index.php\/produit\/cendrier-potelet\/#breadcrumb"},"inLanguage":"fr-FR","potentialAction":[{"@type":"ReadAction","target":["https:\/\/jlgequipements.fr\/index.php\/produit\/cendrier-potelet\/"]}]},{"@type":"ImageObject","inLanguage":"fr-FR","@id":"https:\/\/jlgequipements.fr\/index.php\/produit\/cendrier-potelet\/#primaryimage","url":"https:\/\/jlgequipements.fr\/wp-content\/uploads\/2026\/01\/potelet-cendrier-01.jpg","contentUrl":"https:\/\/jlgequipements.fr\/wp-content\/uploads\/2026\/01\/potelet-cendrier-01.jpg","width":2083,"height":2083},{"@type":"BreadcrumbList","@id":"https:\/\/jlgequipements.fr\/index.php\/produit\/cendrier-potelet\/#breadcrumb","itemListElement":[{"@type":"ListItem","position":1,"name":"Accueil","item":"https:\/\/jlgequipements.fr\/"},{"@type":"ListItem","position":2,"name":"Boutique","item":"https:\/\/jlgequipements.fr\/index.php\/boutique\/"},{"@type":"ListItem","position":3,"name":"CENDRIER POTELET"}]},{"@type":"WebSite","@id":"https:\/\/jlgequipements.fr\/#website","url":"https:\/\/jlgequipements.fr\/","name":"JLG \u00c9quipements collectivit\u00e9","description":"Le partenaire des communes","publisher":{"@id":"https:\/\/jlgequipements.fr\/#organization"},"potentialAction":[{"@type":"SearchAction","target":{"@type":"EntryPoint","urlTemplate":"https:\/\/jlgequipements.fr\/?s={search_term_string}"},"query-input":{"@type":"PropertyValueSpecification","valueRequired":true,"valueName":"search_term_string"}}],"inLanguage":"fr-FR"},{"@type":"Organization","@id":"https:\/\/jlgequipements.fr\/#organization","name":"JLG \u00c9quipements collectivit\u00e9","url":"https:\/\/jlgequipements.fr\/","logo":{"@type":"ImageObject","inLanguage":"fr-FR","@id":"https:\/\/jlgequipements.fr\/#\/schema\/logo\/image\/","url":"https:\/\/jlgequipements.fr\/wp-content\/uploads\/2024\/01\/JLG_LOGO_VECTO.png","contentUrl":"https:\/\/jlgequipements.fr\/wp-content\/uploads\/2024\/01\/JLG_LOGO_VECTO.png","width":3293,"height":3292,"caption":"JLG \u00c9quipements collectivit\u00e9"},"image":{"@id":"https:\/\/jlgequipements.fr\/#\/schema\/logo\/image\/"}}]}},"_links":{"self":[{"href":"https:\/\/jlgequipements.fr\/index.php\/wp-json\/wp\/v2\/product\/14497","targetHints":{"allow":["GET"]}}],"collection":[{"href":"https:\/\/jlgequipements.fr\/index.php\/wp-json\/wp\/v2\/product"}],"about":[{"href":"https:\/\/jlgequipements.fr\/index.php\/wp-json\/wp\/v2\/types\/product"}],"replies":[{"embeddable":true,"href":"https:\/\/jlgequipements.fr\/index.php\/wp-json\/wp\/v2\/comments?post=14497"}],"version-history":[{"count":1,"href":"https:\/\/jlgequipements.fr\/index.php\/wp-json\/wp\/v2\/product\/14497\/revisions"}],"predecessor-version":[{"id":14501,"href":"https:\/\/jlgequipements.fr\/index.php\/wp-json\/wp\/v2\/product\/14497\/revisions\/14501"}],"wp:featuredmedia":[{"embeddable":true,"href":"https:\/\/jlgequipements.fr\/index.php\/wp-json\/wp\/v2\/media\/14498"}],"wp:attachment":[{"href":"https:\/\/jlgequipements.fr\/index.php\/wp-json\/wp\/v2\/media?parent=14497"}],"wp:term":[{"taxonomy":"product_brand","embeddable":true,"href":"https:\/\/jlgequipements.fr\/index.php\/wp-json\/wp\/v2\/product_brand?post=14497"},{"taxonomy":"product_cat","embeddable":true,"href":"https:\/\/jlgequipements.fr\/index.php\/wp-json\/wp\/v2\/product_cat?post=14497"},{"taxonomy":"product_tag","embeddable":true,"href":"https:\/\/jlgequipements.fr\/index.php\/wp-json\/wp\/v2\/product_tag?post=14497"}],"curies":[{"name":"wp","href":"https:\/\/api.w.org\/{rel}","templated":true}]}}