{"id":14474,"date":"2026-01-28T17:00:52","date_gmt":"2026-01-28T16:00:52","guid":{"rendered":"https:\/\/jlgequipements.fr\/?post_type=product&#038;p=14474"},"modified":"2026-01-28T17:00:52","modified_gmt":"2026-01-28T16:00:52","slug":"barriere-venise","status":"publish","type":"product","link":"https:\/\/jlgequipements.fr\/index.php\/produit\/barriere-venise\/","title":{"rendered":"BARRI\u00c8RE VENISE"},"content":{"rendered":"<p class=\"p1\"><b>Deux longueurs : <\/b>1000 ou 1500 mm<\/p>\n<p class=\"p1\"><b>Hauteur hors tout :<\/b> 1080 mm<\/p>\n<p class=\"p1\"><b>Hauteur hors sol : <\/b>900 mm<\/p>\n<p class=\"p1\"><b>Garde au sol : <\/b>150 mm<\/p>\n<p class=\"p1\"><b>Poteaux et lisse sup\u00e9rieur : <\/b>Tubes acier 50 x 30 mm<\/p>\n<p class=\"p1\">Trois cadres en tube acier 30 x 20 mm simple croix type \u00abCroix de St Andr\u00e9\u00bb 20 x 20 mm avec rondelle centrale \u00d8 89 mm ; t\u00f4le d\u00e9coup\u00e9e \u00e9p. 3 mm ; \u00e0 barreaux 25 x10 mm<\/p>\n<p class=\"p1\"><b>Finition : <\/b>acier peint sur zinc selon nos coloris<\/p>\n<p class=\"p1\"><b>Fixation : <\/b>pose par scellement direct<\/p>\n<p class=\"p1\"><b>Options : <\/b>pose sur platines ovales &#8211; kit d\u2019amovibilit\u00e9 Serrubloc\u00ae pour barri\u00e8res de ville compos\u00e9 de deux fourreaux d\u2019amovibilit\u00e9 dont l\u2019un est verrouillable par cl\u00e9 triangle. Auto-drainants se posent \u00e0 fond de fouilles.<\/p>\n<p class=\"p1\">R\u00e9f. 203405<\/p>\n","protected":false},"excerpt":{"rendered":"<p>Deux longueurs : 1000 ou 1500 mm Hauteur hors tout : 1080 mm Hauteur hors sol : 900 mm Garde au sol : 150 mm Poteaux et lisse sup\u00e9rieur : Tubes acier 50 x 30 mm Trois cadres en tube acier 30 x 20 mm simple croix type \u00abCroix de St Andr\u00e9\u00bb 20 x 20 mm avec rondelle centrale \u00d8 89 mm ; t\u00f4le d\u00e9coup\u00e9e \u00e9p. 3 mm ; \u00e0 barreaux 25 x10 mm Finition : acier peint sur zinc selon nos coloris Fixation : pose par scellement direct Options : pose sur platines ovales &#8211; kit d\u2019amovibilit\u00e9 Serrubloc\u00ae pour barri\u00e8res de ville compos\u00e9 de deux fourreaux d\u2019amovibilit\u00e9 dont l\u2019un est verrouillable par cl\u00e9 triangle. Auto-drainants se posent \u00e0 fond de fouilles. R\u00e9f. 203405<\/p>\n","protected":false},"featured_media":14478,"comment_status":"open","ping_status":"closed","template":"","meta":[],"product_brand":[],"product_cat":[226,227],"product_tag":[],"class_list":{"0":"post-14474","1":"product","2":"type-product","3":"status-publish","4":"has-post-thumbnail","6":"product_cat-mobilier-urbain","7":"product_cat-barrieres-de-ville-et-de-police","9":"first","10":"instock","11":"shipping-taxable","12":"product-type-simple"},"yoast_head":"<!-- This site is optimized with the Yoast SEO plugin v27.1.1 - https:\/\/yoast.com\/product\/yoast-seo-wordpress\/ -->\n<title>BARRI\u00c8RE VENISE - JLG \u00c9quipements Collectivit\u00e9s<\/title>\n<meta name=\"robots\" content=\"index, follow, max-snippet:-1, max-image-preview:large, max-video-preview:-1\" \/>\n<link rel=\"canonical\" href=\"https:\/\/jlgequipements.fr\/index.php\/produit\/barriere-venise\/\" \/>\n<meta property=\"og:locale\" content=\"fr_FR\" \/>\n<meta property=\"og:type\" content=\"article\" \/>\n<meta property=\"og:title\" content=\"BARRI\u00c8RE VENISE - JLG \u00c9quipements Collectivit\u00e9s\" \/>\n<meta property=\"og:description\" content=\"Deux longueurs : 1000 ou 1500 mm Hauteur hors tout : 1080 mm Hauteur hors sol : 900 mm Garde au sol : 150 mm Poteaux et lisse sup\u00e9rieur : Tubes acier 50 x 30 mm Trois cadres en tube acier 30 x 20 mm simple croix type \u00abCroix de St Andr\u00e9\u00bb 20 x 20 mm avec rondelle centrale \u00d8 89 mm ; t\u00f4le d\u00e9coup\u00e9e \u00e9p. 3 mm ; \u00e0 barreaux 25 x10 mm Finition : acier peint sur zinc selon nos coloris Fixation : pose par scellement direct Options : pose sur platines ovales &#8211; kit d\u2019amovibilit\u00e9 Serrubloc\u00ae pour barri\u00e8res de ville compos\u00e9 de deux fourreaux d\u2019amovibilit\u00e9 dont l\u2019un est verrouillable par cl\u00e9 triangle. Auto-drainants se posent \u00e0 fond de fouilles. R\u00e9f. 203405\" \/>\n<meta property=\"og:url\" content=\"https:\/\/jlgequipements.fr\/index.php\/produit\/barriere-venise\/\" \/>\n<meta property=\"og:site_name\" content=\"JLG \u00c9quipements Collectivit\u00e9s\" \/>\n<meta property=\"og:image\" content=\"http:\/\/jlgequipements.fr\/wp-content\/uploads\/2026\/01\/barriere_venise-04.jpg\" \/>\n\t<meta property=\"og:image:width\" content=\"2083\" \/>\n\t<meta property=\"og:image:height\" content=\"2083\" \/>\n\t<meta property=\"og:image:type\" content=\"image\/jpeg\" \/>\n<meta name=\"twitter:card\" content=\"summary_large_image\" \/>\n<meta name=\"twitter:label1\" content=\"Dur\u00e9e de lecture estim\u00e9e\" \/>\n\t<meta name=\"twitter:data1\" content=\"1 minute\" \/>\n<script type=\"application\/ld+json\" class=\"yoast-schema-graph\">{\"@context\":\"https:\/\/schema.org\",\"@graph\":[{\"@type\":\"WebPage\",\"@id\":\"https:\/\/jlgequipements.fr\/index.php\/produit\/barriere-venise\/\",\"url\":\"https:\/\/jlgequipements.fr\/index.php\/produit\/barriere-venise\/\",\"name\":\"BARRI\u00c8RE VENISE - JLG \u00c9quipements Collectivit\u00e9s\",\"isPartOf\":{\"@id\":\"https:\/\/jlgequipements.fr\/#website\"},\"primaryImageOfPage\":{\"@id\":\"https:\/\/jlgequipements.fr\/index.php\/produit\/barriere-venise\/#primaryimage\"},\"image\":{\"@id\":\"https:\/\/jlgequipements.fr\/index.php\/produit\/barriere-venise\/#primaryimage\"},\"thumbnailUrl\":\"https:\/\/jlgequipements.fr\/wp-content\/uploads\/2026\/01\/barriere_venise-04.jpg\",\"datePublished\":\"2026-01-28T16:00:52+00:00\",\"breadcrumb\":{\"@id\":\"https:\/\/jlgequipements.fr\/index.php\/produit\/barriere-venise\/#breadcrumb\"},\"inLanguage\":\"fr-FR\",\"potentialAction\":[{\"@type\":\"ReadAction\",\"target\":[\"https:\/\/jlgequipements.fr\/index.php\/produit\/barriere-venise\/\"]}]},{\"@type\":\"ImageObject\",\"inLanguage\":\"fr-FR\",\"@id\":\"https:\/\/jlgequipements.fr\/index.php\/produit\/barriere-venise\/#primaryimage\",\"url\":\"https:\/\/jlgequipements.fr\/wp-content\/uploads\/2026\/01\/barriere_venise-04.jpg\",\"contentUrl\":\"https:\/\/jlgequipements.fr\/wp-content\/uploads\/2026\/01\/barriere_venise-04.jpg\",\"width\":2083,\"height\":2083},{\"@type\":\"BreadcrumbList\",\"@id\":\"https:\/\/jlgequipements.fr\/index.php\/produit\/barriere-venise\/#breadcrumb\",\"itemListElement\":[{\"@type\":\"ListItem\",\"position\":1,\"name\":\"Accueil\",\"item\":\"https:\/\/jlgequipements.fr\/\"},{\"@type\":\"ListItem\",\"position\":2,\"name\":\"Boutique\",\"item\":\"https:\/\/jlgequipements.fr\/index.php\/boutique\/\"},{\"@type\":\"ListItem\",\"position\":3,\"name\":\"BARRI\u00c8RE VENISE\"}]},{\"@type\":\"WebSite\",\"@id\":\"https:\/\/jlgequipements.fr\/#website\",\"url\":\"https:\/\/jlgequipements.fr\/\",\"name\":\"JLG \u00c9quipements collectivit\u00e9\",\"description\":\"Le partenaire des communes\",\"publisher\":{\"@id\":\"https:\/\/jlgequipements.fr\/#organization\"},\"potentialAction\":[{\"@type\":\"SearchAction\",\"target\":{\"@type\":\"EntryPoint\",\"urlTemplate\":\"https:\/\/jlgequipements.fr\/?s={search_term_string}\"},\"query-input\":{\"@type\":\"PropertyValueSpecification\",\"valueRequired\":true,\"valueName\":\"search_term_string\"}}],\"inLanguage\":\"fr-FR\"},{\"@type\":\"Organization\",\"@id\":\"https:\/\/jlgequipements.fr\/#organization\",\"name\":\"JLG \u00c9quipements collectivit\u00e9\",\"url\":\"https:\/\/jlgequipements.fr\/\",\"logo\":{\"@type\":\"ImageObject\",\"inLanguage\":\"fr-FR\",\"@id\":\"https:\/\/jlgequipements.fr\/#\/schema\/logo\/image\/\",\"url\":\"https:\/\/jlgequipements.fr\/wp-content\/uploads\/2024\/01\/JLG_LOGO_VECTO.png\",\"contentUrl\":\"https:\/\/jlgequipements.fr\/wp-content\/uploads\/2024\/01\/JLG_LOGO_VECTO.png\",\"width\":3293,\"height\":3292,\"caption\":\"JLG \u00c9quipements collectivit\u00e9\"},\"image\":{\"@id\":\"https:\/\/jlgequipements.fr\/#\/schema\/logo\/image\/\"}}]}<\/script>\n<!-- \/ Yoast SEO plugin. -->","yoast_head_json":{"title":"BARRI\u00c8RE VENISE - JLG \u00c9quipements Collectivit\u00e9s","robots":{"index":"index","follow":"follow","max-snippet":"max-snippet:-1","max-image-preview":"max-image-preview:large","max-video-preview":"max-video-preview:-1"},"canonical":"https:\/\/jlgequipements.fr\/index.php\/produit\/barriere-venise\/","og_locale":"fr_FR","og_type":"article","og_title":"BARRI\u00c8RE VENISE - JLG \u00c9quipements Collectivit\u00e9s","og_description":"Deux longueurs : 1000 ou 1500 mm Hauteur hors tout : 1080 mm Hauteur hors sol : 900 mm Garde au sol : 150 mm Poteaux et lisse sup\u00e9rieur : Tubes acier 50 x 30 mm Trois cadres en tube acier 30 x 20 mm simple croix type \u00abCroix de St Andr\u00e9\u00bb 20 x 20 mm avec rondelle centrale \u00d8 89 mm ; t\u00f4le d\u00e9coup\u00e9e \u00e9p. 3 mm ; \u00e0 barreaux 25 x10 mm Finition : acier peint sur zinc selon nos coloris Fixation : pose par scellement direct Options : pose sur platines ovales &#8211; kit d\u2019amovibilit\u00e9 Serrubloc\u00ae pour barri\u00e8res de ville compos\u00e9 de deux fourreaux d\u2019amovibilit\u00e9 dont l\u2019un est verrouillable par cl\u00e9 triangle. Auto-drainants se posent \u00e0 fond de fouilles. R\u00e9f. 203405","og_url":"https:\/\/jlgequipements.fr\/index.php\/produit\/barriere-venise\/","og_site_name":"JLG \u00c9quipements Collectivit\u00e9s","og_image":[{"width":2083,"height":2083,"url":"http:\/\/jlgequipements.fr\/wp-content\/uploads\/2026\/01\/barriere_venise-04.jpg","type":"image\/jpeg"}],"twitter_card":"summary_large_image","twitter_misc":{"Dur\u00e9e de lecture estim\u00e9e":"1 minute"},"schema":{"@context":"https:\/\/schema.org","@graph":[{"@type":"WebPage","@id":"https:\/\/jlgequipements.fr\/index.php\/produit\/barriere-venise\/","url":"https:\/\/jlgequipements.fr\/index.php\/produit\/barriere-venise\/","name":"BARRI\u00c8RE VENISE - JLG \u00c9quipements Collectivit\u00e9s","isPartOf":{"@id":"https:\/\/jlgequipements.fr\/#website"},"primaryImageOfPage":{"@id":"https:\/\/jlgequipements.fr\/index.php\/produit\/barriere-venise\/#primaryimage"},"image":{"@id":"https:\/\/jlgequipements.fr\/index.php\/produit\/barriere-venise\/#primaryimage"},"thumbnailUrl":"https:\/\/jlgequipements.fr\/wp-content\/uploads\/2026\/01\/barriere_venise-04.jpg","datePublished":"2026-01-28T16:00:52+00:00","breadcrumb":{"@id":"https:\/\/jlgequipements.fr\/index.php\/produit\/barriere-venise\/#breadcrumb"},"inLanguage":"fr-FR","potentialAction":[{"@type":"ReadAction","target":["https:\/\/jlgequipements.fr\/index.php\/produit\/barriere-venise\/"]}]},{"@type":"ImageObject","inLanguage":"fr-FR","@id":"https:\/\/jlgequipements.fr\/index.php\/produit\/barriere-venise\/#primaryimage","url":"https:\/\/jlgequipements.fr\/wp-content\/uploads\/2026\/01\/barriere_venise-04.jpg","contentUrl":"https:\/\/jlgequipements.fr\/wp-content\/uploads\/2026\/01\/barriere_venise-04.jpg","width":2083,"height":2083},{"@type":"BreadcrumbList","@id":"https:\/\/jlgequipements.fr\/index.php\/produit\/barriere-venise\/#breadcrumb","itemListElement":[{"@type":"ListItem","position":1,"name":"Accueil","item":"https:\/\/jlgequipements.fr\/"},{"@type":"ListItem","position":2,"name":"Boutique","item":"https:\/\/jlgequipements.fr\/index.php\/boutique\/"},{"@type":"ListItem","position":3,"name":"BARRI\u00c8RE VENISE"}]},{"@type":"WebSite","@id":"https:\/\/jlgequipements.fr\/#website","url":"https:\/\/jlgequipements.fr\/","name":"JLG \u00c9quipements collectivit\u00e9","description":"Le partenaire des communes","publisher":{"@id":"https:\/\/jlgequipements.fr\/#organization"},"potentialAction":[{"@type":"SearchAction","target":{"@type":"EntryPoint","urlTemplate":"https:\/\/jlgequipements.fr\/?s={search_term_string}"},"query-input":{"@type":"PropertyValueSpecification","valueRequired":true,"valueName":"search_term_string"}}],"inLanguage":"fr-FR"},{"@type":"Organization","@id":"https:\/\/jlgequipements.fr\/#organization","name":"JLG \u00c9quipements collectivit\u00e9","url":"https:\/\/jlgequipements.fr\/","logo":{"@type":"ImageObject","inLanguage":"fr-FR","@id":"https:\/\/jlgequipements.fr\/#\/schema\/logo\/image\/","url":"https:\/\/jlgequipements.fr\/wp-content\/uploads\/2024\/01\/JLG_LOGO_VECTO.png","contentUrl":"https:\/\/jlgequipements.fr\/wp-content\/uploads\/2024\/01\/JLG_LOGO_VECTO.png","width":3293,"height":3292,"caption":"JLG \u00c9quipements collectivit\u00e9"},"image":{"@id":"https:\/\/jlgequipements.fr\/#\/schema\/logo\/image\/"}}]}},"_links":{"self":[{"href":"https:\/\/jlgequipements.fr\/index.php\/wp-json\/wp\/v2\/product\/14474","targetHints":{"allow":["GET"]}}],"collection":[{"href":"https:\/\/jlgequipements.fr\/index.php\/wp-json\/wp\/v2\/product"}],"about":[{"href":"https:\/\/jlgequipements.fr\/index.php\/wp-json\/wp\/v2\/types\/product"}],"replies":[{"embeddable":true,"href":"https:\/\/jlgequipements.fr\/index.php\/wp-json\/wp\/v2\/comments?post=14474"}],"version-history":[{"count":1,"href":"https:\/\/jlgequipements.fr\/index.php\/wp-json\/wp\/v2\/product\/14474\/revisions"}],"predecessor-version":[{"id":14482,"href":"https:\/\/jlgequipements.fr\/index.php\/wp-json\/wp\/v2\/product\/14474\/revisions\/14482"}],"wp:featuredmedia":[{"embeddable":true,"href":"https:\/\/jlgequipements.fr\/index.php\/wp-json\/wp\/v2\/media\/14478"}],"wp:attachment":[{"href":"https:\/\/jlgequipements.fr\/index.php\/wp-json\/wp\/v2\/media?parent=14474"}],"wp:term":[{"taxonomy":"product_brand","embeddable":true,"href":"https:\/\/jlgequipements.fr\/index.php\/wp-json\/wp\/v2\/product_brand?post=14474"},{"taxonomy":"product_cat","embeddable":true,"href":"https:\/\/jlgequipements.fr\/index.php\/wp-json\/wp\/v2\/product_cat?post=14474"},{"taxonomy":"product_tag","embeddable":true,"href":"https:\/\/jlgequipements.fr\/index.php\/wp-json\/wp\/v2\/product_tag?post=14474"}],"curies":[{"name":"wp","href":"https:\/\/api.w.org\/{rel}","templated":true}]}}