{"id":14370,"date":"2026-01-28T10:20:26","date_gmt":"2026-01-28T09:20:26","guid":{"rendered":"https:\/\/jlgequipements.fr\/?post_type=product&#038;p=14370"},"modified":"2026-01-28T10:21:10","modified_gmt":"2026-01-28T09:21:10","slug":"livre-du-parrainage-civil-jlg","status":"publish","type":"product","link":"https:\/\/jlgequipements.fr\/index.php\/produit\/livre-du-parrainage-civil-jlg\/","title":{"rendered":"LIVRE DU PARRAINAGE CIVIL JLG"},"content":{"rendered":"<p class=\"p1\"><span class=\"s1\"><b>Mon livre du parrainage civil est un nouveau produit JLG<\/b><\/span> livret souvenir offert par la mairie \u00e0 l\u2019occasion de la c\u00e9r\u00e9monie de parrainage civil de l\u2019enfant. Con\u00e7u comme un v\u00e9ritable album de vie, il permet de conserver les temps forts de cette journ\u00e9e symbolique\u202f: pr\u00e9sentation de l\u2019enfant, du parrain et de la marraine, photos, messages des proches, d\u00e9dicaces et les symboles de la r\u00e9publique.<\/p>\n<p>&nbsp;<\/p>\n<p class=\"p1\"><b>Caract\u00e9ristiques :<\/b><\/p>\n<p class=\"p2\">&#8211; Format : ferm\u00e9 &#8211; 260 x 245 mm, ouvert &#8211; 520 x 245 mm<\/p>\n<p class=\"p2\">&#8211; Couverture demi-mat blanc 4 pages rigides<\/p>\n<p class=\"p2\">&#8211; Int\u00e9rieur : 48 pages &#8211; 170 gr<\/p>\n<p class=\"p2\">&#8211; Impression dorure sur la couverture<\/p>\n<p>&nbsp;<\/p>\n<p class=\"p1\"><b>Th\u00e9matiques abord\u00e9es :<\/b><\/p>\n<p class=\"p2\">Pr\u00e9sentation de l\u2019enfant, de la marraine, du parrain, histoire, sens et \u00e9volution du parrainage civil, en France, en Europe et dans le monde, vivre en soci\u00e9t\u00e9, pages ludiques et p\u00e9dagogiques, dimension culturelle et \u00e9ducative, droits de l\u2019enfant et rappel des grands principes de la D\u00e9claration des droits de l\u2019enfant.<\/p>\n<p>&nbsp;<\/p>\n<p>&nbsp;<\/p>\n","protected":false},"excerpt":{"rendered":"<p>Mon livre du parrainage civil est un nouveau produit JLG livret souvenir offert par la mairie \u00e0 l\u2019occasion de la c\u00e9r\u00e9monie de parrainage civil de l\u2019enfant. Con\u00e7u comme un v\u00e9ritable album de vie, il permet de conserver les temps forts de cette journ\u00e9e symbolique\u202f: pr\u00e9sentation de l\u2019enfant, du parrain et de la marraine, photos, messages des proches, d\u00e9dicaces et les symboles de la r\u00e9publique. &nbsp; Caract\u00e9ristiques : &#8211; Format : ferm\u00e9 &#8211; 260 x 245 mm, ouvert &#8211; 520 x 245 mm &#8211; Couverture demi-mat blanc 4 pages rigides &#8211; Int\u00e9rieur : 48 pages &#8211; 170 gr &#8211; Impression dorure sur la couverture &nbsp; Th\u00e9matiques abord\u00e9es : Pr\u00e9sentation de l\u2019enfant, de la marraine, du parrain, histoire, sens et \u00e9volution du parrainage civil, en France, en Europe et dans le monde, vivre en soci\u00e9t\u00e9, pages ludiques et p\u00e9dagogiques, dimension culturelle et \u00e9ducative, droits de l\u2019enfant et rappel des grands principes de la D\u00e9claration des droits de l\u2019enfant. &nbsp; &nbsp;<\/p>\n","protected":false},"featured_media":14371,"comment_status":"open","ping_status":"closed","template":"","meta":[],"product_brand":[],"product_cat":[198,206],"product_tag":[],"class_list":{"0":"post-14370","1":"product","2":"type-product","3":"status-publish","4":"has-post-thumbnail","6":"product_cat-etat-civil","7":"product_cat-parrainage-civil","9":"first","10":"instock","11":"shipping-taxable","12":"product-type-simple"},"yoast_head":"<!-- This site is optimized with the Yoast SEO plugin v27.1.1 - https:\/\/yoast.com\/product\/yoast-seo-wordpress\/ -->\n<title>LIVRE DU PARRAINAGE CIVIL JLG - JLG \u00c9quipements Collectivit\u00e9s<\/title>\n<meta name=\"robots\" content=\"index, follow, max-snippet:-1, max-image-preview:large, max-video-preview:-1\" \/>\n<link rel=\"canonical\" href=\"https:\/\/jlgequipements.fr\/index.php\/produit\/livre-du-parrainage-civil-jlg\/\" \/>\n<meta property=\"og:locale\" content=\"fr_FR\" \/>\n<meta property=\"og:type\" content=\"article\" \/>\n<meta property=\"og:title\" content=\"LIVRE DU PARRAINAGE CIVIL JLG - JLG \u00c9quipements Collectivit\u00e9s\" \/>\n<meta property=\"og:description\" content=\"Mon livre du parrainage civil est un nouveau produit JLG livret souvenir offert par la mairie \u00e0 l\u2019occasion de la c\u00e9r\u00e9monie de parrainage civil de l\u2019enfant. Con\u00e7u comme un v\u00e9ritable album de vie, il permet de conserver les temps forts de cette journ\u00e9e symbolique\u202f: pr\u00e9sentation de l\u2019enfant, du parrain et de la marraine, photos, messages des proches, d\u00e9dicaces et les symboles de la r\u00e9publique. &nbsp; Caract\u00e9ristiques : &#8211; Format : ferm\u00e9 &#8211; 260 x 245 mm, ouvert &#8211; 520 x 245 mm &#8211; Couverture demi-mat blanc 4 pages rigides &#8211; Int\u00e9rieur : 48 pages &#8211; 170 gr &#8211; Impression dorure sur la couverture &nbsp; Th\u00e9matiques abord\u00e9es : Pr\u00e9sentation de l\u2019enfant, de la marraine, du parrain, histoire, sens et \u00e9volution du parrainage civil, en France, en Europe et dans le monde, vivre en soci\u00e9t\u00e9, pages ludiques et p\u00e9dagogiques, dimension culturelle et \u00e9ducative, droits de l\u2019enfant et rappel des grands principes de la D\u00e9claration des droits de l\u2019enfant. &nbsp; &nbsp;\" \/>\n<meta property=\"og:url\" content=\"https:\/\/jlgequipements.fr\/index.php\/produit\/livre-du-parrainage-civil-jlg\/\" \/>\n<meta property=\"og:site_name\" content=\"JLG \u00c9quipements Collectivit\u00e9s\" \/>\n<meta property=\"article:modified_time\" content=\"2026-01-28T09:21:10+00:00\" \/>\n<meta property=\"og:image\" content=\"http:\/\/jlgequipements.fr\/wp-content\/uploads\/2026\/01\/livre-parrainage-civil-jlg-01.jpg\" \/>\n\t<meta property=\"og:image:width\" content=\"2083\" \/>\n\t<meta property=\"og:image:height\" content=\"2083\" \/>\n\t<meta property=\"og:image:type\" content=\"image\/jpeg\" \/>\n<meta name=\"twitter:card\" content=\"summary_large_image\" \/>\n<meta name=\"twitter:label1\" content=\"Dur\u00e9e de lecture estim\u00e9e\" \/>\n\t<meta name=\"twitter:data1\" content=\"1 minute\" \/>\n<script type=\"application\/ld+json\" class=\"yoast-schema-graph\">{\"@context\":\"https:\/\/schema.org\",\"@graph\":[{\"@type\":\"WebPage\",\"@id\":\"https:\/\/jlgequipements.fr\/index.php\/produit\/livre-du-parrainage-civil-jlg\/\",\"url\":\"https:\/\/jlgequipements.fr\/index.php\/produit\/livre-du-parrainage-civil-jlg\/\",\"name\":\"LIVRE DU PARRAINAGE CIVIL JLG - JLG \u00c9quipements Collectivit\u00e9s\",\"isPartOf\":{\"@id\":\"https:\/\/jlgequipements.fr\/#website\"},\"primaryImageOfPage\":{\"@id\":\"https:\/\/jlgequipements.fr\/index.php\/produit\/livre-du-parrainage-civil-jlg\/#primaryimage\"},\"image\":{\"@id\":\"https:\/\/jlgequipements.fr\/index.php\/produit\/livre-du-parrainage-civil-jlg\/#primaryimage\"},\"thumbnailUrl\":\"https:\/\/jlgequipements.fr\/wp-content\/uploads\/2026\/01\/livre-parrainage-civil-jlg-01.jpg\",\"datePublished\":\"2026-01-28T09:20:26+00:00\",\"dateModified\":\"2026-01-28T09:21:10+00:00\",\"breadcrumb\":{\"@id\":\"https:\/\/jlgequipements.fr\/index.php\/produit\/livre-du-parrainage-civil-jlg\/#breadcrumb\"},\"inLanguage\":\"fr-FR\",\"potentialAction\":[{\"@type\":\"ReadAction\",\"target\":[\"https:\/\/jlgequipements.fr\/index.php\/produit\/livre-du-parrainage-civil-jlg\/\"]}]},{\"@type\":\"ImageObject\",\"inLanguage\":\"fr-FR\",\"@id\":\"https:\/\/jlgequipements.fr\/index.php\/produit\/livre-du-parrainage-civil-jlg\/#primaryimage\",\"url\":\"https:\/\/jlgequipements.fr\/wp-content\/uploads\/2026\/01\/livre-parrainage-civil-jlg-01.jpg\",\"contentUrl\":\"https:\/\/jlgequipements.fr\/wp-content\/uploads\/2026\/01\/livre-parrainage-civil-jlg-01.jpg\",\"width\":2083,\"height\":2083},{\"@type\":\"BreadcrumbList\",\"@id\":\"https:\/\/jlgequipements.fr\/index.php\/produit\/livre-du-parrainage-civil-jlg\/#breadcrumb\",\"itemListElement\":[{\"@type\":\"ListItem\",\"position\":1,\"name\":\"Accueil\",\"item\":\"https:\/\/jlgequipements.fr\/\"},{\"@type\":\"ListItem\",\"position\":2,\"name\":\"Boutique\",\"item\":\"https:\/\/jlgequipements.fr\/index.php\/boutique\/\"},{\"@type\":\"ListItem\",\"position\":3,\"name\":\"LIVRE DU PARRAINAGE CIVIL JLG\"}]},{\"@type\":\"WebSite\",\"@id\":\"https:\/\/jlgequipements.fr\/#website\",\"url\":\"https:\/\/jlgequipements.fr\/\",\"name\":\"JLG \u00c9quipements collectivit\u00e9\",\"description\":\"Le partenaire des communes\",\"publisher\":{\"@id\":\"https:\/\/jlgequipements.fr\/#organization\"},\"potentialAction\":[{\"@type\":\"SearchAction\",\"target\":{\"@type\":\"EntryPoint\",\"urlTemplate\":\"https:\/\/jlgequipements.fr\/?s={search_term_string}\"},\"query-input\":{\"@type\":\"PropertyValueSpecification\",\"valueRequired\":true,\"valueName\":\"search_term_string\"}}],\"inLanguage\":\"fr-FR\"},{\"@type\":\"Organization\",\"@id\":\"https:\/\/jlgequipements.fr\/#organization\",\"name\":\"JLG \u00c9quipements collectivit\u00e9\",\"url\":\"https:\/\/jlgequipements.fr\/\",\"logo\":{\"@type\":\"ImageObject\",\"inLanguage\":\"fr-FR\",\"@id\":\"https:\/\/jlgequipements.fr\/#\/schema\/logo\/image\/\",\"url\":\"https:\/\/jlgequipements.fr\/wp-content\/uploads\/2024\/01\/JLG_LOGO_VECTO.png\",\"contentUrl\":\"https:\/\/jlgequipements.fr\/wp-content\/uploads\/2024\/01\/JLG_LOGO_VECTO.png\",\"width\":3293,\"height\":3292,\"caption\":\"JLG \u00c9quipements collectivit\u00e9\"},\"image\":{\"@id\":\"https:\/\/jlgequipements.fr\/#\/schema\/logo\/image\/\"}}]}<\/script>\n<!-- \/ Yoast SEO plugin. -->","yoast_head_json":{"title":"LIVRE DU PARRAINAGE CIVIL JLG - JLG \u00c9quipements Collectivit\u00e9s","robots":{"index":"index","follow":"follow","max-snippet":"max-snippet:-1","max-image-preview":"max-image-preview:large","max-video-preview":"max-video-preview:-1"},"canonical":"https:\/\/jlgequipements.fr\/index.php\/produit\/livre-du-parrainage-civil-jlg\/","og_locale":"fr_FR","og_type":"article","og_title":"LIVRE DU PARRAINAGE CIVIL JLG - JLG \u00c9quipements Collectivit\u00e9s","og_description":"Mon livre du parrainage civil est un nouveau produit JLG livret souvenir offert par la mairie \u00e0 l\u2019occasion de la c\u00e9r\u00e9monie de parrainage civil de l\u2019enfant. Con\u00e7u comme un v\u00e9ritable album de vie, il permet de conserver les temps forts de cette journ\u00e9e symbolique\u202f: pr\u00e9sentation de l\u2019enfant, du parrain et de la marraine, photos, messages des proches, d\u00e9dicaces et les symboles de la r\u00e9publique. &nbsp; Caract\u00e9ristiques : &#8211; Format : ferm\u00e9 &#8211; 260 x 245 mm, ouvert &#8211; 520 x 245 mm &#8211; Couverture demi-mat blanc 4 pages rigides &#8211; Int\u00e9rieur : 48 pages &#8211; 170 gr &#8211; Impression dorure sur la couverture &nbsp; Th\u00e9matiques abord\u00e9es : Pr\u00e9sentation de l\u2019enfant, de la marraine, du parrain, histoire, sens et \u00e9volution du parrainage civil, en France, en Europe et dans le monde, vivre en soci\u00e9t\u00e9, pages ludiques et p\u00e9dagogiques, dimension culturelle et \u00e9ducative, droits de l\u2019enfant et rappel des grands principes de la D\u00e9claration des droits de l\u2019enfant. &nbsp; &nbsp;","og_url":"https:\/\/jlgequipements.fr\/index.php\/produit\/livre-du-parrainage-civil-jlg\/","og_site_name":"JLG \u00c9quipements Collectivit\u00e9s","article_modified_time":"2026-01-28T09:21:10+00:00","og_image":[{"width":2083,"height":2083,"url":"http:\/\/jlgequipements.fr\/wp-content\/uploads\/2026\/01\/livre-parrainage-civil-jlg-01.jpg","type":"image\/jpeg"}],"twitter_card":"summary_large_image","twitter_misc":{"Dur\u00e9e de lecture estim\u00e9e":"1 minute"},"schema":{"@context":"https:\/\/schema.org","@graph":[{"@type":"WebPage","@id":"https:\/\/jlgequipements.fr\/index.php\/produit\/livre-du-parrainage-civil-jlg\/","url":"https:\/\/jlgequipements.fr\/index.php\/produit\/livre-du-parrainage-civil-jlg\/","name":"LIVRE DU PARRAINAGE CIVIL JLG - JLG \u00c9quipements Collectivit\u00e9s","isPartOf":{"@id":"https:\/\/jlgequipements.fr\/#website"},"primaryImageOfPage":{"@id":"https:\/\/jlgequipements.fr\/index.php\/produit\/livre-du-parrainage-civil-jlg\/#primaryimage"},"image":{"@id":"https:\/\/jlgequipements.fr\/index.php\/produit\/livre-du-parrainage-civil-jlg\/#primaryimage"},"thumbnailUrl":"https:\/\/jlgequipements.fr\/wp-content\/uploads\/2026\/01\/livre-parrainage-civil-jlg-01.jpg","datePublished":"2026-01-28T09:20:26+00:00","dateModified":"2026-01-28T09:21:10+00:00","breadcrumb":{"@id":"https:\/\/jlgequipements.fr\/index.php\/produit\/livre-du-parrainage-civil-jlg\/#breadcrumb"},"inLanguage":"fr-FR","potentialAction":[{"@type":"ReadAction","target":["https:\/\/jlgequipements.fr\/index.php\/produit\/livre-du-parrainage-civil-jlg\/"]}]},{"@type":"ImageObject","inLanguage":"fr-FR","@id":"https:\/\/jlgequipements.fr\/index.php\/produit\/livre-du-parrainage-civil-jlg\/#primaryimage","url":"https:\/\/jlgequipements.fr\/wp-content\/uploads\/2026\/01\/livre-parrainage-civil-jlg-01.jpg","contentUrl":"https:\/\/jlgequipements.fr\/wp-content\/uploads\/2026\/01\/livre-parrainage-civil-jlg-01.jpg","width":2083,"height":2083},{"@type":"BreadcrumbList","@id":"https:\/\/jlgequipements.fr\/index.php\/produit\/livre-du-parrainage-civil-jlg\/#breadcrumb","itemListElement":[{"@type":"ListItem","position":1,"name":"Accueil","item":"https:\/\/jlgequipements.fr\/"},{"@type":"ListItem","position":2,"name":"Boutique","item":"https:\/\/jlgequipements.fr\/index.php\/boutique\/"},{"@type":"ListItem","position":3,"name":"LIVRE DU PARRAINAGE CIVIL JLG"}]},{"@type":"WebSite","@id":"https:\/\/jlgequipements.fr\/#website","url":"https:\/\/jlgequipements.fr\/","name":"JLG \u00c9quipements collectivit\u00e9","description":"Le partenaire des communes","publisher":{"@id":"https:\/\/jlgequipements.fr\/#organization"},"potentialAction":[{"@type":"SearchAction","target":{"@type":"EntryPoint","urlTemplate":"https:\/\/jlgequipements.fr\/?s={search_term_string}"},"query-input":{"@type":"PropertyValueSpecification","valueRequired":true,"valueName":"search_term_string"}}],"inLanguage":"fr-FR"},{"@type":"Organization","@id":"https:\/\/jlgequipements.fr\/#organization","name":"JLG \u00c9quipements collectivit\u00e9","url":"https:\/\/jlgequipements.fr\/","logo":{"@type":"ImageObject","inLanguage":"fr-FR","@id":"https:\/\/jlgequipements.fr\/#\/schema\/logo\/image\/","url":"https:\/\/jlgequipements.fr\/wp-content\/uploads\/2024\/01\/JLG_LOGO_VECTO.png","contentUrl":"https:\/\/jlgequipements.fr\/wp-content\/uploads\/2024\/01\/JLG_LOGO_VECTO.png","width":3293,"height":3292,"caption":"JLG \u00c9quipements collectivit\u00e9"},"image":{"@id":"https:\/\/jlgequipements.fr\/#\/schema\/logo\/image\/"}}]}},"_links":{"self":[{"href":"https:\/\/jlgequipements.fr\/index.php\/wp-json\/wp\/v2\/product\/14370","targetHints":{"allow":["GET"]}}],"collection":[{"href":"https:\/\/jlgequipements.fr\/index.php\/wp-json\/wp\/v2\/product"}],"about":[{"href":"https:\/\/jlgequipements.fr\/index.php\/wp-json\/wp\/v2\/types\/product"}],"replies":[{"embeddable":true,"href":"https:\/\/jlgequipements.fr\/index.php\/wp-json\/wp\/v2\/comments?post=14370"}],"version-history":[{"count":1,"href":"https:\/\/jlgequipements.fr\/index.php\/wp-json\/wp\/v2\/product\/14370\/revisions"}],"predecessor-version":[{"id":14373,"href":"https:\/\/jlgequipements.fr\/index.php\/wp-json\/wp\/v2\/product\/14370\/revisions\/14373"}],"wp:featuredmedia":[{"embeddable":true,"href":"https:\/\/jlgequipements.fr\/index.php\/wp-json\/wp\/v2\/media\/14371"}],"wp:attachment":[{"href":"https:\/\/jlgequipements.fr\/index.php\/wp-json\/wp\/v2\/media?parent=14370"}],"wp:term":[{"taxonomy":"product_brand","embeddable":true,"href":"https:\/\/jlgequipements.fr\/index.php\/wp-json\/wp\/v2\/product_brand?post=14370"},{"taxonomy":"product_cat","embeddable":true,"href":"https:\/\/jlgequipements.fr\/index.php\/wp-json\/wp\/v2\/product_cat?post=14370"},{"taxonomy":"product_tag","embeddable":true,"href":"https:\/\/jlgequipements.fr\/index.php\/wp-json\/wp\/v2\/product_tag?post=14370"}],"curies":[{"name":"wp","href":"https:\/\/api.w.org\/{rel}","templated":true}]}}