{"id":14360,"date":"2026-01-28T10:10:57","date_gmt":"2026-01-28T09:10:57","guid":{"rendered":"https:\/\/jlgequipements.fr\/?post_type=product&#038;p=14360"},"modified":"2026-01-28T10:10:57","modified_gmt":"2026-01-28T09:10:57","slug":"livre-dor-de-notre-mariage-velours","status":"publish","type":"product","link":"https:\/\/jlgequipements.fr\/index.php\/produit\/livre-dor-de-notre-mariage-velours\/","title":{"rendered":"LIVRE D&rsquo;OR DE NOTRE MARIAGE VELOURS"},"content":{"rendered":"<p>Livre d&rsquo;or personnalis\u00e9<\/p>\n<p class=\"p1\">Ce livre d\u2019or en velours a \u00e9t\u00e9 con\u00e7u pour accompagner avec \u00e9l\u00e9gance les c\u00e9r\u00e9monies de mariage civil. Avec sa couverture douce et noble, il apporte une touche de raffinement \u00e0 cet instant solennel. Pens\u00e9 pour \u00eatre \u00e0 la fois symbolique et pratique, il int\u00e8gre des textes essentiels sur le mariage, des espaces personnalisables pour les mari\u00e9(e)s, ainsi qu\u2019une page r\u00e9serv\u00e9e aux v\u0153ux du maire.<\/p>\n<p class=\"p2\"><b>Caract\u00e9ristiques :<\/b><b><\/b><\/p>\n<p class=\"p1\">&#8211; Format : 26 x 24 cm<\/p>\n<p class=\"p1\">&#8211; Nombre de pages : 64 pages<\/p>\n<p class=\"p1\">&#8211; Finition : velours haut de gamme<\/p>\n<p class=\"p1\">&#8211; Coloris disponibles : ivoire, bordeaux, bleu de France<\/p>\n<p class=\"p1\">&#8211; Personnalisation : dorure possible sur la couverture (ex. : blason, nom de la commune\u2026)<\/p>\n<p class=\"p1\">&#8211; Contenu : textes officiels sur le mariage, espaces \u00e0 compl\u00e9ter par les mari\u00e9(e)s, d\u00e9dicace du maire.<\/p>\n<p>&#8211; Disponible en : Bordeaux, Bleu de France ou Ivoire<\/p>\n","protected":false},"excerpt":{"rendered":"<p>Livre d&rsquo;or personnalis\u00e9 Ce livre d\u2019or en velours a \u00e9t\u00e9 con\u00e7u pour accompagner avec \u00e9l\u00e9gance les c\u00e9r\u00e9monies de mariage civil. Avec sa couverture douce et noble, il apporte une touche de raffinement \u00e0 cet instant solennel. Pens\u00e9 pour \u00eatre \u00e0 la fois symbolique et pratique, il int\u00e8gre des textes essentiels sur le mariage, des espaces personnalisables pour les mari\u00e9(e)s, ainsi qu\u2019une page r\u00e9serv\u00e9e aux v\u0153ux du maire. Caract\u00e9ristiques : &#8211; Format : 26 x 24 cm &#8211; Nombre de pages : 64 pages &#8211; Finition : velours haut de gamme &#8211; Coloris disponibles : ivoire, bordeaux, bleu de France &#8211; Personnalisation : dorure possible sur la couverture (ex. : blason, nom de la commune\u2026) &#8211; Contenu : textes officiels sur le mariage, espaces \u00e0 compl\u00e9ter par les mari\u00e9(e)s, d\u00e9dicace du maire. &#8211; Disponible en : Bordeaux, Bleu de France ou Ivoire<\/p>\n","protected":false},"featured_media":14362,"comment_status":"open","ping_status":"closed","template":"","meta":[],"product_brand":[],"product_cat":[287,198,203],"product_tag":[],"class_list":{"0":"post-14360","1":"product","2":"type-product","3":"status-publish","4":"has-post-thumbnail","6":"product_cat-mariage","7":"product_cat-etat-civil","8":"product_cat-livre-dor-et-medailles","10":"first","11":"instock","12":"shipping-taxable","13":"product-type-simple"},"yoast_head":"<!-- This site is optimized with the Yoast SEO plugin v27.1.1 - https:\/\/yoast.com\/product\/yoast-seo-wordpress\/ -->\n<title>LIVRE D&#039;OR DE NOTRE MARIAGE VELOURS - JLG \u00c9quipements Collectivit\u00e9s<\/title>\n<meta name=\"robots\" content=\"index, follow, max-snippet:-1, max-image-preview:large, max-video-preview:-1\" \/>\n<link rel=\"canonical\" href=\"https:\/\/jlgequipements.fr\/index.php\/produit\/livre-dor-de-notre-mariage-velours\/\" \/>\n<meta property=\"og:locale\" content=\"fr_FR\" \/>\n<meta property=\"og:type\" content=\"article\" \/>\n<meta property=\"og:title\" content=\"LIVRE D&#039;OR DE NOTRE MARIAGE VELOURS - JLG \u00c9quipements Collectivit\u00e9s\" \/>\n<meta property=\"og:description\" content=\"Livre d&rsquo;or personnalis\u00e9 Ce livre d\u2019or en velours a \u00e9t\u00e9 con\u00e7u pour accompagner avec \u00e9l\u00e9gance les c\u00e9r\u00e9monies de mariage civil. Avec sa couverture douce et noble, il apporte une touche de raffinement \u00e0 cet instant solennel. Pens\u00e9 pour \u00eatre \u00e0 la fois symbolique et pratique, il int\u00e8gre des textes essentiels sur le mariage, des espaces personnalisables pour les mari\u00e9(e)s, ainsi qu\u2019une page r\u00e9serv\u00e9e aux v\u0153ux du maire. Caract\u00e9ristiques : &#8211; Format : 26 x 24 cm &#8211; Nombre de pages : 64 pages &#8211; Finition : velours haut de gamme &#8211; Coloris disponibles : ivoire, bordeaux, bleu de France &#8211; Personnalisation : dorure possible sur la couverture (ex. : blason, nom de la commune\u2026) &#8211; Contenu : textes officiels sur le mariage, espaces \u00e0 compl\u00e9ter par les mari\u00e9(e)s, d\u00e9dicace du maire. &#8211; Disponible en : Bordeaux, Bleu de France ou Ivoire\" \/>\n<meta property=\"og:url\" content=\"https:\/\/jlgequipements.fr\/index.php\/produit\/livre-dor-de-notre-mariage-velours\/\" \/>\n<meta property=\"og:site_name\" content=\"JLG \u00c9quipements Collectivit\u00e9s\" \/>\n<meta property=\"og:image\" content=\"http:\/\/jlgequipements.fr\/wp-content\/uploads\/2026\/01\/Livredormariage2.jpg\" \/>\n\t<meta property=\"og:image:width\" content=\"2083\" \/>\n\t<meta property=\"og:image:height\" content=\"2083\" \/>\n\t<meta property=\"og:image:type\" content=\"image\/jpeg\" \/>\n<meta name=\"twitter:card\" content=\"summary_large_image\" \/>\n<meta name=\"twitter:label1\" content=\"Dur\u00e9e de lecture estim\u00e9e\" \/>\n\t<meta name=\"twitter:data1\" content=\"1 minute\" \/>\n<script type=\"application\/ld+json\" class=\"yoast-schema-graph\">{\"@context\":\"https:\/\/schema.org\",\"@graph\":[{\"@type\":\"WebPage\",\"@id\":\"https:\/\/jlgequipements.fr\/index.php\/produit\/livre-dor-de-notre-mariage-velours\/\",\"url\":\"https:\/\/jlgequipements.fr\/index.php\/produit\/livre-dor-de-notre-mariage-velours\/\",\"name\":\"LIVRE D'OR DE NOTRE MARIAGE VELOURS - JLG \u00c9quipements Collectivit\u00e9s\",\"isPartOf\":{\"@id\":\"https:\/\/jlgequipements.fr\/#website\"},\"primaryImageOfPage\":{\"@id\":\"https:\/\/jlgequipements.fr\/index.php\/produit\/livre-dor-de-notre-mariage-velours\/#primaryimage\"},\"image\":{\"@id\":\"https:\/\/jlgequipements.fr\/index.php\/produit\/livre-dor-de-notre-mariage-velours\/#primaryimage\"},\"thumbnailUrl\":\"https:\/\/jlgequipements.fr\/wp-content\/uploads\/2026\/01\/Livredormariage2.jpg\",\"datePublished\":\"2026-01-28T09:10:57+00:00\",\"breadcrumb\":{\"@id\":\"https:\/\/jlgequipements.fr\/index.php\/produit\/livre-dor-de-notre-mariage-velours\/#breadcrumb\"},\"inLanguage\":\"fr-FR\",\"potentialAction\":[{\"@type\":\"ReadAction\",\"target\":[\"https:\/\/jlgequipements.fr\/index.php\/produit\/livre-dor-de-notre-mariage-velours\/\"]}]},{\"@type\":\"ImageObject\",\"inLanguage\":\"fr-FR\",\"@id\":\"https:\/\/jlgequipements.fr\/index.php\/produit\/livre-dor-de-notre-mariage-velours\/#primaryimage\",\"url\":\"https:\/\/jlgequipements.fr\/wp-content\/uploads\/2026\/01\/Livredormariage2.jpg\",\"contentUrl\":\"https:\/\/jlgequipements.fr\/wp-content\/uploads\/2026\/01\/Livredormariage2.jpg\",\"width\":2083,\"height\":2083},{\"@type\":\"BreadcrumbList\",\"@id\":\"https:\/\/jlgequipements.fr\/index.php\/produit\/livre-dor-de-notre-mariage-velours\/#breadcrumb\",\"itemListElement\":[{\"@type\":\"ListItem\",\"position\":1,\"name\":\"Accueil\",\"item\":\"https:\/\/jlgequipements.fr\/\"},{\"@type\":\"ListItem\",\"position\":2,\"name\":\"Boutique\",\"item\":\"https:\/\/jlgequipements.fr\/index.php\/boutique\/\"},{\"@type\":\"ListItem\",\"position\":3,\"name\":\"LIVRE D&rsquo;OR DE NOTRE MARIAGE VELOURS\"}]},{\"@type\":\"WebSite\",\"@id\":\"https:\/\/jlgequipements.fr\/#website\",\"url\":\"https:\/\/jlgequipements.fr\/\",\"name\":\"JLG \u00c9quipements collectivit\u00e9\",\"description\":\"Le partenaire des communes\",\"publisher\":{\"@id\":\"https:\/\/jlgequipements.fr\/#organization\"},\"potentialAction\":[{\"@type\":\"SearchAction\",\"target\":{\"@type\":\"EntryPoint\",\"urlTemplate\":\"https:\/\/jlgequipements.fr\/?s={search_term_string}\"},\"query-input\":{\"@type\":\"PropertyValueSpecification\",\"valueRequired\":true,\"valueName\":\"search_term_string\"}}],\"inLanguage\":\"fr-FR\"},{\"@type\":\"Organization\",\"@id\":\"https:\/\/jlgequipements.fr\/#organization\",\"name\":\"JLG \u00c9quipements collectivit\u00e9\",\"url\":\"https:\/\/jlgequipements.fr\/\",\"logo\":{\"@type\":\"ImageObject\",\"inLanguage\":\"fr-FR\",\"@id\":\"https:\/\/jlgequipements.fr\/#\/schema\/logo\/image\/\",\"url\":\"https:\/\/jlgequipements.fr\/wp-content\/uploads\/2024\/01\/JLG_LOGO_VECTO.png\",\"contentUrl\":\"https:\/\/jlgequipements.fr\/wp-content\/uploads\/2024\/01\/JLG_LOGO_VECTO.png\",\"width\":3293,\"height\":3292,\"caption\":\"JLG \u00c9quipements collectivit\u00e9\"},\"image\":{\"@id\":\"https:\/\/jlgequipements.fr\/#\/schema\/logo\/image\/\"}}]}<\/script>\n<!-- \/ Yoast SEO plugin. -->","yoast_head_json":{"title":"LIVRE D'OR DE NOTRE MARIAGE VELOURS - JLG \u00c9quipements Collectivit\u00e9s","robots":{"index":"index","follow":"follow","max-snippet":"max-snippet:-1","max-image-preview":"max-image-preview:large","max-video-preview":"max-video-preview:-1"},"canonical":"https:\/\/jlgequipements.fr\/index.php\/produit\/livre-dor-de-notre-mariage-velours\/","og_locale":"fr_FR","og_type":"article","og_title":"LIVRE D'OR DE NOTRE MARIAGE VELOURS - JLG \u00c9quipements Collectivit\u00e9s","og_description":"Livre d&rsquo;or personnalis\u00e9 Ce livre d\u2019or en velours a \u00e9t\u00e9 con\u00e7u pour accompagner avec \u00e9l\u00e9gance les c\u00e9r\u00e9monies de mariage civil. Avec sa couverture douce et noble, il apporte une touche de raffinement \u00e0 cet instant solennel. Pens\u00e9 pour \u00eatre \u00e0 la fois symbolique et pratique, il int\u00e8gre des textes essentiels sur le mariage, des espaces personnalisables pour les mari\u00e9(e)s, ainsi qu\u2019une page r\u00e9serv\u00e9e aux v\u0153ux du maire. Caract\u00e9ristiques : &#8211; Format : 26 x 24 cm &#8211; Nombre de pages : 64 pages &#8211; Finition : velours haut de gamme &#8211; Coloris disponibles : ivoire, bordeaux, bleu de France &#8211; Personnalisation : dorure possible sur la couverture (ex. : blason, nom de la commune\u2026) &#8211; Contenu : textes officiels sur le mariage, espaces \u00e0 compl\u00e9ter par les mari\u00e9(e)s, d\u00e9dicace du maire. &#8211; Disponible en : Bordeaux, Bleu de France ou Ivoire","og_url":"https:\/\/jlgequipements.fr\/index.php\/produit\/livre-dor-de-notre-mariage-velours\/","og_site_name":"JLG \u00c9quipements Collectivit\u00e9s","og_image":[{"width":2083,"height":2083,"url":"http:\/\/jlgequipements.fr\/wp-content\/uploads\/2026\/01\/Livredormariage2.jpg","type":"image\/jpeg"}],"twitter_card":"summary_large_image","twitter_misc":{"Dur\u00e9e de lecture estim\u00e9e":"1 minute"},"schema":{"@context":"https:\/\/schema.org","@graph":[{"@type":"WebPage","@id":"https:\/\/jlgequipements.fr\/index.php\/produit\/livre-dor-de-notre-mariage-velours\/","url":"https:\/\/jlgequipements.fr\/index.php\/produit\/livre-dor-de-notre-mariage-velours\/","name":"LIVRE D'OR DE NOTRE MARIAGE VELOURS - JLG \u00c9quipements Collectivit\u00e9s","isPartOf":{"@id":"https:\/\/jlgequipements.fr\/#website"},"primaryImageOfPage":{"@id":"https:\/\/jlgequipements.fr\/index.php\/produit\/livre-dor-de-notre-mariage-velours\/#primaryimage"},"image":{"@id":"https:\/\/jlgequipements.fr\/index.php\/produit\/livre-dor-de-notre-mariage-velours\/#primaryimage"},"thumbnailUrl":"https:\/\/jlgequipements.fr\/wp-content\/uploads\/2026\/01\/Livredormariage2.jpg","datePublished":"2026-01-28T09:10:57+00:00","breadcrumb":{"@id":"https:\/\/jlgequipements.fr\/index.php\/produit\/livre-dor-de-notre-mariage-velours\/#breadcrumb"},"inLanguage":"fr-FR","potentialAction":[{"@type":"ReadAction","target":["https:\/\/jlgequipements.fr\/index.php\/produit\/livre-dor-de-notre-mariage-velours\/"]}]},{"@type":"ImageObject","inLanguage":"fr-FR","@id":"https:\/\/jlgequipements.fr\/index.php\/produit\/livre-dor-de-notre-mariage-velours\/#primaryimage","url":"https:\/\/jlgequipements.fr\/wp-content\/uploads\/2026\/01\/Livredormariage2.jpg","contentUrl":"https:\/\/jlgequipements.fr\/wp-content\/uploads\/2026\/01\/Livredormariage2.jpg","width":2083,"height":2083},{"@type":"BreadcrumbList","@id":"https:\/\/jlgequipements.fr\/index.php\/produit\/livre-dor-de-notre-mariage-velours\/#breadcrumb","itemListElement":[{"@type":"ListItem","position":1,"name":"Accueil","item":"https:\/\/jlgequipements.fr\/"},{"@type":"ListItem","position":2,"name":"Boutique","item":"https:\/\/jlgequipements.fr\/index.php\/boutique\/"},{"@type":"ListItem","position":3,"name":"LIVRE D&rsquo;OR DE NOTRE MARIAGE VELOURS"}]},{"@type":"WebSite","@id":"https:\/\/jlgequipements.fr\/#website","url":"https:\/\/jlgequipements.fr\/","name":"JLG \u00c9quipements collectivit\u00e9","description":"Le partenaire des communes","publisher":{"@id":"https:\/\/jlgequipements.fr\/#organization"},"potentialAction":[{"@type":"SearchAction","target":{"@type":"EntryPoint","urlTemplate":"https:\/\/jlgequipements.fr\/?s={search_term_string}"},"query-input":{"@type":"PropertyValueSpecification","valueRequired":true,"valueName":"search_term_string"}}],"inLanguage":"fr-FR"},{"@type":"Organization","@id":"https:\/\/jlgequipements.fr\/#organization","name":"JLG \u00c9quipements collectivit\u00e9","url":"https:\/\/jlgequipements.fr\/","logo":{"@type":"ImageObject","inLanguage":"fr-FR","@id":"https:\/\/jlgequipements.fr\/#\/schema\/logo\/image\/","url":"https:\/\/jlgequipements.fr\/wp-content\/uploads\/2024\/01\/JLG_LOGO_VECTO.png","contentUrl":"https:\/\/jlgequipements.fr\/wp-content\/uploads\/2024\/01\/JLG_LOGO_VECTO.png","width":3293,"height":3292,"caption":"JLG \u00c9quipements collectivit\u00e9"},"image":{"@id":"https:\/\/jlgequipements.fr\/#\/schema\/logo\/image\/"}}]}},"_links":{"self":[{"href":"https:\/\/jlgequipements.fr\/index.php\/wp-json\/wp\/v2\/product\/14360","targetHints":{"allow":["GET"]}}],"collection":[{"href":"https:\/\/jlgequipements.fr\/index.php\/wp-json\/wp\/v2\/product"}],"about":[{"href":"https:\/\/jlgequipements.fr\/index.php\/wp-json\/wp\/v2\/types\/product"}],"replies":[{"embeddable":true,"href":"https:\/\/jlgequipements.fr\/index.php\/wp-json\/wp\/v2\/comments?post=14360"}],"version-history":[{"count":1,"href":"https:\/\/jlgequipements.fr\/index.php\/wp-json\/wp\/v2\/product\/14360\/revisions"}],"predecessor-version":[{"id":14364,"href":"https:\/\/jlgequipements.fr\/index.php\/wp-json\/wp\/v2\/product\/14360\/revisions\/14364"}],"wp:featuredmedia":[{"embeddable":true,"href":"https:\/\/jlgequipements.fr\/index.php\/wp-json\/wp\/v2\/media\/14362"}],"wp:attachment":[{"href":"https:\/\/jlgequipements.fr\/index.php\/wp-json\/wp\/v2\/media?parent=14360"}],"wp:term":[{"taxonomy":"product_brand","embeddable":true,"href":"https:\/\/jlgequipements.fr\/index.php\/wp-json\/wp\/v2\/product_brand?post=14360"},{"taxonomy":"product_cat","embeddable":true,"href":"https:\/\/jlgequipements.fr\/index.php\/wp-json\/wp\/v2\/product_cat?post=14360"},{"taxonomy":"product_tag","embeddable":true,"href":"https:\/\/jlgequipements.fr\/index.php\/wp-json\/wp\/v2\/product_tag?post=14360"}],"curies":[{"name":"wp","href":"https:\/\/api.w.org\/{rel}","templated":true}]}}