{"id":14322,"date":"2026-01-27T14:32:26","date_gmt":"2026-01-27T13:32:26","guid":{"rendered":"https:\/\/jlgequipements.fr\/?post_type=product&#038;p=14322"},"modified":"2026-01-27T14:32:26","modified_gmt":"2026-01-27T13:32:26","slug":"parure-stylo-en-bois-de-rose-jlg","status":"publish","type":"product","link":"https:\/\/jlgequipements.fr\/index.php\/produit\/parure-stylo-en-bois-de-rose-jlg\/","title":{"rendered":"PARURE STYLO EN BOIS DE ROSE JLG"},"content":{"rendered":"<p class=\"p1\">La parure de stylos Bois de rose personnalis\u00e9e est compos\u00e9e d\u2019un \u00e9crin en bois de rose, grav\u00e9e au laser sur le couvercle au nom de la commune, ainsi que d\u2019un ensemble de deux stylos bille en bois de rose avec une extr\u00e9mit\u00e9 orn\u00e9e de m\u00e9tal brillant (encre noire).<\/p>\n","protected":false},"excerpt":{"rendered":"<p>La parure de stylos Bois de rose personnalis\u00e9e est compos\u00e9e d\u2019un \u00e9crin en bois de rose, grav\u00e9e au laser sur le couvercle au nom de la commune, ainsi que d\u2019un ensemble de deux stylos bille en bois de rose avec une extr\u00e9mit\u00e9 orn\u00e9e de m\u00e9tal brillant (encre noire).<\/p>\n","protected":false},"featured_media":14323,"comment_status":"open","ping_status":"closed","template":"","meta":[],"product_brand":[],"product_cat":[198,202],"product_tag":[],"class_list":{"0":"post-14322","1":"product","2":"type-product","3":"status-publish","4":"has-post-thumbnail","6":"product_cat-etat-civil","7":"product_cat-stylos-detat-civil-et-etuis","9":"first","10":"instock","11":"shipping-taxable","12":"product-type-simple"},"yoast_head":"<!-- This site is optimized with the Yoast SEO plugin v27.1.1 - https:\/\/yoast.com\/product\/yoast-seo-wordpress\/ -->\n<title>PARURE STYLO EN BOIS DE ROSE JLG - JLG \u00c9quipements Collectivit\u00e9s<\/title>\n<meta name=\"robots\" content=\"index, follow, max-snippet:-1, max-image-preview:large, max-video-preview:-1\" \/>\n<link rel=\"canonical\" href=\"https:\/\/jlgequipements.fr\/index.php\/produit\/parure-stylo-en-bois-de-rose-jlg\/\" \/>\n<meta property=\"og:locale\" content=\"fr_FR\" \/>\n<meta property=\"og:type\" content=\"article\" \/>\n<meta property=\"og:title\" content=\"PARURE STYLO EN BOIS DE ROSE JLG - JLG \u00c9quipements Collectivit\u00e9s\" \/>\n<meta property=\"og:description\" content=\"La parure de stylos Bois de rose personnalis\u00e9e est compos\u00e9e d\u2019un \u00e9crin en bois de rose, grav\u00e9e au laser sur le couvercle au nom de la commune, ainsi que d\u2019un ensemble de deux stylos bille en bois de rose avec une extr\u00e9mit\u00e9 orn\u00e9e de m\u00e9tal brillant (encre noire).\" \/>\n<meta property=\"og:url\" content=\"https:\/\/jlgequipements.fr\/index.php\/produit\/parure-stylo-en-bois-de-rose-jlg\/\" \/>\n<meta property=\"og:site_name\" content=\"JLG \u00c9quipements Collectivit\u00e9s\" \/>\n<meta property=\"og:image\" content=\"http:\/\/jlgequipements.fr\/wp-content\/uploads\/2026\/01\/PARURE-STYLO-EN-BOIS-DE-ROSE-JLG-01.jpg\" \/>\n\t<meta property=\"og:image:width\" content=\"2083\" \/>\n\t<meta property=\"og:image:height\" content=\"2083\" \/>\n\t<meta property=\"og:image:type\" content=\"image\/jpeg\" \/>\n<meta name=\"twitter:card\" content=\"summary_large_image\" \/>\n<script type=\"application\/ld+json\" class=\"yoast-schema-graph\">{\"@context\":\"https:\/\/schema.org\",\"@graph\":[{\"@type\":\"WebPage\",\"@id\":\"https:\/\/jlgequipements.fr\/index.php\/produit\/parure-stylo-en-bois-de-rose-jlg\/\",\"url\":\"https:\/\/jlgequipements.fr\/index.php\/produit\/parure-stylo-en-bois-de-rose-jlg\/\",\"name\":\"PARURE STYLO EN BOIS DE ROSE JLG - JLG \u00c9quipements Collectivit\u00e9s\",\"isPartOf\":{\"@id\":\"https:\/\/jlgequipements.fr\/#website\"},\"primaryImageOfPage\":{\"@id\":\"https:\/\/jlgequipements.fr\/index.php\/produit\/parure-stylo-en-bois-de-rose-jlg\/#primaryimage\"},\"image\":{\"@id\":\"https:\/\/jlgequipements.fr\/index.php\/produit\/parure-stylo-en-bois-de-rose-jlg\/#primaryimage\"},\"thumbnailUrl\":\"https:\/\/jlgequipements.fr\/wp-content\/uploads\/2026\/01\/PARURE-STYLO-EN-BOIS-DE-ROSE-JLG-01.jpg\",\"datePublished\":\"2026-01-27T13:32:26+00:00\",\"breadcrumb\":{\"@id\":\"https:\/\/jlgequipements.fr\/index.php\/produit\/parure-stylo-en-bois-de-rose-jlg\/#breadcrumb\"},\"inLanguage\":\"fr-FR\",\"potentialAction\":[{\"@type\":\"ReadAction\",\"target\":[\"https:\/\/jlgequipements.fr\/index.php\/produit\/parure-stylo-en-bois-de-rose-jlg\/\"]}]},{\"@type\":\"ImageObject\",\"inLanguage\":\"fr-FR\",\"@id\":\"https:\/\/jlgequipements.fr\/index.php\/produit\/parure-stylo-en-bois-de-rose-jlg\/#primaryimage\",\"url\":\"https:\/\/jlgequipements.fr\/wp-content\/uploads\/2026\/01\/PARURE-STYLO-EN-BOIS-DE-ROSE-JLG-01.jpg\",\"contentUrl\":\"https:\/\/jlgequipements.fr\/wp-content\/uploads\/2026\/01\/PARURE-STYLO-EN-BOIS-DE-ROSE-JLG-01.jpg\",\"width\":2083,\"height\":2083},{\"@type\":\"BreadcrumbList\",\"@id\":\"https:\/\/jlgequipements.fr\/index.php\/produit\/parure-stylo-en-bois-de-rose-jlg\/#breadcrumb\",\"itemListElement\":[{\"@type\":\"ListItem\",\"position\":1,\"name\":\"Accueil\",\"item\":\"https:\/\/jlgequipements.fr\/\"},{\"@type\":\"ListItem\",\"position\":2,\"name\":\"Boutique\",\"item\":\"https:\/\/jlgequipements.fr\/index.php\/boutique\/\"},{\"@type\":\"ListItem\",\"position\":3,\"name\":\"PARURE STYLO EN BOIS DE ROSE JLG\"}]},{\"@type\":\"WebSite\",\"@id\":\"https:\/\/jlgequipements.fr\/#website\",\"url\":\"https:\/\/jlgequipements.fr\/\",\"name\":\"JLG \u00c9quipements collectivit\u00e9\",\"description\":\"Le partenaire des communes\",\"publisher\":{\"@id\":\"https:\/\/jlgequipements.fr\/#organization\"},\"potentialAction\":[{\"@type\":\"SearchAction\",\"target\":{\"@type\":\"EntryPoint\",\"urlTemplate\":\"https:\/\/jlgequipements.fr\/?s={search_term_string}\"},\"query-input\":{\"@type\":\"PropertyValueSpecification\",\"valueRequired\":true,\"valueName\":\"search_term_string\"}}],\"inLanguage\":\"fr-FR\"},{\"@type\":\"Organization\",\"@id\":\"https:\/\/jlgequipements.fr\/#organization\",\"name\":\"JLG \u00c9quipements collectivit\u00e9\",\"url\":\"https:\/\/jlgequipements.fr\/\",\"logo\":{\"@type\":\"ImageObject\",\"inLanguage\":\"fr-FR\",\"@id\":\"https:\/\/jlgequipements.fr\/#\/schema\/logo\/image\/\",\"url\":\"https:\/\/jlgequipements.fr\/wp-content\/uploads\/2024\/01\/JLG_LOGO_VECTO.png\",\"contentUrl\":\"https:\/\/jlgequipements.fr\/wp-content\/uploads\/2024\/01\/JLG_LOGO_VECTO.png\",\"width\":3293,\"height\":3292,\"caption\":\"JLG \u00c9quipements collectivit\u00e9\"},\"image\":{\"@id\":\"https:\/\/jlgequipements.fr\/#\/schema\/logo\/image\/\"}}]}<\/script>\n<!-- \/ Yoast SEO plugin. -->","yoast_head_json":{"title":"PARURE STYLO EN BOIS DE ROSE JLG - JLG \u00c9quipements Collectivit\u00e9s","robots":{"index":"index","follow":"follow","max-snippet":"max-snippet:-1","max-image-preview":"max-image-preview:large","max-video-preview":"max-video-preview:-1"},"canonical":"https:\/\/jlgequipements.fr\/index.php\/produit\/parure-stylo-en-bois-de-rose-jlg\/","og_locale":"fr_FR","og_type":"article","og_title":"PARURE STYLO EN BOIS DE ROSE JLG - JLG \u00c9quipements Collectivit\u00e9s","og_description":"La parure de stylos Bois de rose personnalis\u00e9e est compos\u00e9e d\u2019un \u00e9crin en bois de rose, grav\u00e9e au laser sur le couvercle au nom de la commune, ainsi que d\u2019un ensemble de deux stylos bille en bois de rose avec une extr\u00e9mit\u00e9 orn\u00e9e de m\u00e9tal brillant (encre noire).","og_url":"https:\/\/jlgequipements.fr\/index.php\/produit\/parure-stylo-en-bois-de-rose-jlg\/","og_site_name":"JLG \u00c9quipements Collectivit\u00e9s","og_image":[{"width":2083,"height":2083,"url":"http:\/\/jlgequipements.fr\/wp-content\/uploads\/2026\/01\/PARURE-STYLO-EN-BOIS-DE-ROSE-JLG-01.jpg","type":"image\/jpeg"}],"twitter_card":"summary_large_image","schema":{"@context":"https:\/\/schema.org","@graph":[{"@type":"WebPage","@id":"https:\/\/jlgequipements.fr\/index.php\/produit\/parure-stylo-en-bois-de-rose-jlg\/","url":"https:\/\/jlgequipements.fr\/index.php\/produit\/parure-stylo-en-bois-de-rose-jlg\/","name":"PARURE STYLO EN BOIS DE ROSE JLG - JLG \u00c9quipements Collectivit\u00e9s","isPartOf":{"@id":"https:\/\/jlgequipements.fr\/#website"},"primaryImageOfPage":{"@id":"https:\/\/jlgequipements.fr\/index.php\/produit\/parure-stylo-en-bois-de-rose-jlg\/#primaryimage"},"image":{"@id":"https:\/\/jlgequipements.fr\/index.php\/produit\/parure-stylo-en-bois-de-rose-jlg\/#primaryimage"},"thumbnailUrl":"https:\/\/jlgequipements.fr\/wp-content\/uploads\/2026\/01\/PARURE-STYLO-EN-BOIS-DE-ROSE-JLG-01.jpg","datePublished":"2026-01-27T13:32:26+00:00","breadcrumb":{"@id":"https:\/\/jlgequipements.fr\/index.php\/produit\/parure-stylo-en-bois-de-rose-jlg\/#breadcrumb"},"inLanguage":"fr-FR","potentialAction":[{"@type":"ReadAction","target":["https:\/\/jlgequipements.fr\/index.php\/produit\/parure-stylo-en-bois-de-rose-jlg\/"]}]},{"@type":"ImageObject","inLanguage":"fr-FR","@id":"https:\/\/jlgequipements.fr\/index.php\/produit\/parure-stylo-en-bois-de-rose-jlg\/#primaryimage","url":"https:\/\/jlgequipements.fr\/wp-content\/uploads\/2026\/01\/PARURE-STYLO-EN-BOIS-DE-ROSE-JLG-01.jpg","contentUrl":"https:\/\/jlgequipements.fr\/wp-content\/uploads\/2026\/01\/PARURE-STYLO-EN-BOIS-DE-ROSE-JLG-01.jpg","width":2083,"height":2083},{"@type":"BreadcrumbList","@id":"https:\/\/jlgequipements.fr\/index.php\/produit\/parure-stylo-en-bois-de-rose-jlg\/#breadcrumb","itemListElement":[{"@type":"ListItem","position":1,"name":"Accueil","item":"https:\/\/jlgequipements.fr\/"},{"@type":"ListItem","position":2,"name":"Boutique","item":"https:\/\/jlgequipements.fr\/index.php\/boutique\/"},{"@type":"ListItem","position":3,"name":"PARURE STYLO EN BOIS DE ROSE JLG"}]},{"@type":"WebSite","@id":"https:\/\/jlgequipements.fr\/#website","url":"https:\/\/jlgequipements.fr\/","name":"JLG \u00c9quipements collectivit\u00e9","description":"Le partenaire des communes","publisher":{"@id":"https:\/\/jlgequipements.fr\/#organization"},"potentialAction":[{"@type":"SearchAction","target":{"@type":"EntryPoint","urlTemplate":"https:\/\/jlgequipements.fr\/?s={search_term_string}"},"query-input":{"@type":"PropertyValueSpecification","valueRequired":true,"valueName":"search_term_string"}}],"inLanguage":"fr-FR"},{"@type":"Organization","@id":"https:\/\/jlgequipements.fr\/#organization","name":"JLG \u00c9quipements collectivit\u00e9","url":"https:\/\/jlgequipements.fr\/","logo":{"@type":"ImageObject","inLanguage":"fr-FR","@id":"https:\/\/jlgequipements.fr\/#\/schema\/logo\/image\/","url":"https:\/\/jlgequipements.fr\/wp-content\/uploads\/2024\/01\/JLG_LOGO_VECTO.png","contentUrl":"https:\/\/jlgequipements.fr\/wp-content\/uploads\/2024\/01\/JLG_LOGO_VECTO.png","width":3293,"height":3292,"caption":"JLG \u00c9quipements collectivit\u00e9"},"image":{"@id":"https:\/\/jlgequipements.fr\/#\/schema\/logo\/image\/"}}]}},"_links":{"self":[{"href":"https:\/\/jlgequipements.fr\/index.php\/wp-json\/wp\/v2\/product\/14322","targetHints":{"allow":["GET"]}}],"collection":[{"href":"https:\/\/jlgequipements.fr\/index.php\/wp-json\/wp\/v2\/product"}],"about":[{"href":"https:\/\/jlgequipements.fr\/index.php\/wp-json\/wp\/v2\/types\/product"}],"replies":[{"embeddable":true,"href":"https:\/\/jlgequipements.fr\/index.php\/wp-json\/wp\/v2\/comments?post=14322"}],"version-history":[{"count":1,"href":"https:\/\/jlgequipements.fr\/index.php\/wp-json\/wp\/v2\/product\/14322\/revisions"}],"predecessor-version":[{"id":14326,"href":"https:\/\/jlgequipements.fr\/index.php\/wp-json\/wp\/v2\/product\/14322\/revisions\/14326"}],"wp:featuredmedia":[{"embeddable":true,"href":"https:\/\/jlgequipements.fr\/index.php\/wp-json\/wp\/v2\/media\/14323"}],"wp:attachment":[{"href":"https:\/\/jlgequipements.fr\/index.php\/wp-json\/wp\/v2\/media?parent=14322"}],"wp:term":[{"taxonomy":"product_brand","embeddable":true,"href":"https:\/\/jlgequipements.fr\/index.php\/wp-json\/wp\/v2\/product_brand?post=14322"},{"taxonomy":"product_cat","embeddable":true,"href":"https:\/\/jlgequipements.fr\/index.php\/wp-json\/wp\/v2\/product_cat?post=14322"},{"taxonomy":"product_tag","embeddable":true,"href":"https:\/\/jlgequipements.fr\/index.php\/wp-json\/wp\/v2\/product_tag?post=14322"}],"curies":[{"name":"wp","href":"https:\/\/api.w.org\/{rel}","templated":true}]}}