{"id":14318,"date":"2026-01-27T14:26:06","date_gmt":"2026-01-27T13:26:06","guid":{"rendered":"https:\/\/jlgequipements.fr\/?post_type=product&#038;p=14318"},"modified":"2026-01-27T14:26:06","modified_gmt":"2026-01-27T13:26:06","slug":"parure-stylo-le-touquet","status":"publish","type":"product","link":"https:\/\/jlgequipements.fr\/index.php\/produit\/parure-stylo-le-touquet\/","title":{"rendered":"PARURE STYLO \u00a0\u00bb LE TOUQUET \u00ab\u00a0"},"content":{"rendered":"<p class=\"p1\">Ce stylo \u00e0 bille personnalis\u00e9 est constitu\u00e9 en m\u00e9tal et poss\u00e8de une mine de couleur noire. Il est assorti \u00e0 la couleur de son tube, qui lui, est en aluminium. Son syst\u00e8me fonctionne \u00e0 l\u2019aide d\u2019un m\u00e9canisme rotatif. Pour ce stylo, vous avez la possibilit\u00e9 de le rendre d\u2019autant plus unique en y inscrivant la personnalisation de votre commune avec le logo ou le blason pour en faire un cadeau m\u00e9morable.<\/p>\n<p>Disponible en Blanc, Argent\u00e9 ou Noir<\/p>\n<p>Disponible personnalis\u00e9 ou non-personnalis\u00e9<\/p>\n","protected":false},"excerpt":{"rendered":"<p>Ce stylo \u00e0 bille personnalis\u00e9 est constitu\u00e9 en m\u00e9tal et poss\u00e8de une mine de couleur noire. Il est assorti \u00e0 la couleur de son tube, qui lui, est en aluminium. Son syst\u00e8me fonctionne \u00e0 l\u2019aide d\u2019un m\u00e9canisme rotatif. Pour ce stylo, vous avez la possibilit\u00e9 de le rendre d\u2019autant plus unique en y inscrivant la personnalisation de votre commune avec le logo ou le blason pour en faire un cadeau m\u00e9morable. Disponible en Blanc, Argent\u00e9 ou Noir Disponible personnalis\u00e9 ou non-personnalis\u00e9<\/p>\n","protected":false},"featured_media":14319,"comment_status":"open","ping_status":"closed","template":"","meta":[],"product_brand":[],"product_cat":[198,202],"product_tag":[],"class_list":{"0":"post-14318","1":"product","2":"type-product","3":"status-publish","4":"has-post-thumbnail","6":"product_cat-etat-civil","7":"product_cat-stylos-detat-civil-et-etuis","9":"first","10":"instock","11":"shipping-taxable","12":"product-type-simple"},"yoast_head":"<!-- This site is optimized with the Yoast SEO plugin v27.1.1 - https:\/\/yoast.com\/product\/yoast-seo-wordpress\/ -->\n<title>PARURE STYLO &quot; LE TOUQUET &quot; - JLG \u00c9quipements Collectivit\u00e9s<\/title>\n<meta name=\"robots\" content=\"index, follow, max-snippet:-1, max-image-preview:large, max-video-preview:-1\" \/>\n<link rel=\"canonical\" href=\"https:\/\/jlgequipements.fr\/index.php\/produit\/parure-stylo-le-touquet\/\" \/>\n<meta property=\"og:locale\" content=\"fr_FR\" \/>\n<meta property=\"og:type\" content=\"article\" \/>\n<meta property=\"og:title\" content=\"PARURE STYLO &quot; LE TOUQUET &quot; - JLG \u00c9quipements Collectivit\u00e9s\" \/>\n<meta property=\"og:description\" content=\"Ce stylo \u00e0 bille personnalis\u00e9 est constitu\u00e9 en m\u00e9tal et poss\u00e8de une mine de couleur noire. Il est assorti \u00e0 la couleur de son tube, qui lui, est en aluminium. Son syst\u00e8me fonctionne \u00e0 l\u2019aide d\u2019un m\u00e9canisme rotatif. Pour ce stylo, vous avez la possibilit\u00e9 de le rendre d\u2019autant plus unique en y inscrivant la personnalisation de votre commune avec le logo ou le blason pour en faire un cadeau m\u00e9morable. Disponible en Blanc, Argent\u00e9 ou Noir Disponible personnalis\u00e9 ou non-personnalis\u00e9\" \/>\n<meta property=\"og:url\" content=\"https:\/\/jlgequipements.fr\/index.php\/produit\/parure-stylo-le-touquet\/\" \/>\n<meta property=\"og:site_name\" content=\"JLG \u00c9quipements Collectivit\u00e9s\" \/>\n<meta property=\"og:image\" content=\"http:\/\/jlgequipements.fr\/wp-content\/uploads\/2026\/01\/parure-Stylo-22-le-touquet-22.jpg\" \/>\n\t<meta property=\"og:image:width\" content=\"2083\" \/>\n\t<meta property=\"og:image:height\" content=\"2083\" \/>\n\t<meta property=\"og:image:type\" content=\"image\/jpeg\" \/>\n<meta name=\"twitter:card\" content=\"summary_large_image\" \/>\n<script type=\"application\/ld+json\" class=\"yoast-schema-graph\">{\"@context\":\"https:\/\/schema.org\",\"@graph\":[{\"@type\":\"WebPage\",\"@id\":\"https:\/\/jlgequipements.fr\/index.php\/produit\/parure-stylo-le-touquet\/\",\"url\":\"https:\/\/jlgequipements.fr\/index.php\/produit\/parure-stylo-le-touquet\/\",\"name\":\"PARURE STYLO \\\" LE TOUQUET \\\" - JLG \u00c9quipements Collectivit\u00e9s\",\"isPartOf\":{\"@id\":\"https:\/\/jlgequipements.fr\/#website\"},\"primaryImageOfPage\":{\"@id\":\"https:\/\/jlgequipements.fr\/index.php\/produit\/parure-stylo-le-touquet\/#primaryimage\"},\"image\":{\"@id\":\"https:\/\/jlgequipements.fr\/index.php\/produit\/parure-stylo-le-touquet\/#primaryimage\"},\"thumbnailUrl\":\"https:\/\/jlgequipements.fr\/wp-content\/uploads\/2026\/01\/parure-Stylo-22-le-touquet-22.jpg\",\"datePublished\":\"2026-01-27T13:26:06+00:00\",\"breadcrumb\":{\"@id\":\"https:\/\/jlgequipements.fr\/index.php\/produit\/parure-stylo-le-touquet\/#breadcrumb\"},\"inLanguage\":\"fr-FR\",\"potentialAction\":[{\"@type\":\"ReadAction\",\"target\":[\"https:\/\/jlgequipements.fr\/index.php\/produit\/parure-stylo-le-touquet\/\"]}]},{\"@type\":\"ImageObject\",\"inLanguage\":\"fr-FR\",\"@id\":\"https:\/\/jlgequipements.fr\/index.php\/produit\/parure-stylo-le-touquet\/#primaryimage\",\"url\":\"https:\/\/jlgequipements.fr\/wp-content\/uploads\/2026\/01\/parure-Stylo-22-le-touquet-22.jpg\",\"contentUrl\":\"https:\/\/jlgequipements.fr\/wp-content\/uploads\/2026\/01\/parure-Stylo-22-le-touquet-22.jpg\",\"width\":2083,\"height\":2083},{\"@type\":\"BreadcrumbList\",\"@id\":\"https:\/\/jlgequipements.fr\/index.php\/produit\/parure-stylo-le-touquet\/#breadcrumb\",\"itemListElement\":[{\"@type\":\"ListItem\",\"position\":1,\"name\":\"Accueil\",\"item\":\"https:\/\/jlgequipements.fr\/\"},{\"@type\":\"ListItem\",\"position\":2,\"name\":\"Boutique\",\"item\":\"https:\/\/jlgequipements.fr\/index.php\/boutique\/\"},{\"@type\":\"ListItem\",\"position\":3,\"name\":\"PARURE STYLO \u00a0\u00bb LE TOUQUET \u00ab\u00a0\"}]},{\"@type\":\"WebSite\",\"@id\":\"https:\/\/jlgequipements.fr\/#website\",\"url\":\"https:\/\/jlgequipements.fr\/\",\"name\":\"JLG \u00c9quipements collectivit\u00e9\",\"description\":\"Le partenaire des communes\",\"publisher\":{\"@id\":\"https:\/\/jlgequipements.fr\/#organization\"},\"potentialAction\":[{\"@type\":\"SearchAction\",\"target\":{\"@type\":\"EntryPoint\",\"urlTemplate\":\"https:\/\/jlgequipements.fr\/?s={search_term_string}\"},\"query-input\":{\"@type\":\"PropertyValueSpecification\",\"valueRequired\":true,\"valueName\":\"search_term_string\"}}],\"inLanguage\":\"fr-FR\"},{\"@type\":\"Organization\",\"@id\":\"https:\/\/jlgequipements.fr\/#organization\",\"name\":\"JLG \u00c9quipements collectivit\u00e9\",\"url\":\"https:\/\/jlgequipements.fr\/\",\"logo\":{\"@type\":\"ImageObject\",\"inLanguage\":\"fr-FR\",\"@id\":\"https:\/\/jlgequipements.fr\/#\/schema\/logo\/image\/\",\"url\":\"https:\/\/jlgequipements.fr\/wp-content\/uploads\/2024\/01\/JLG_LOGO_VECTO.png\",\"contentUrl\":\"https:\/\/jlgequipements.fr\/wp-content\/uploads\/2024\/01\/JLG_LOGO_VECTO.png\",\"width\":3293,\"height\":3292,\"caption\":\"JLG \u00c9quipements collectivit\u00e9\"},\"image\":{\"@id\":\"https:\/\/jlgequipements.fr\/#\/schema\/logo\/image\/\"}}]}<\/script>\n<!-- \/ Yoast SEO plugin. -->","yoast_head_json":{"title":"PARURE STYLO \" LE TOUQUET \" - JLG \u00c9quipements Collectivit\u00e9s","robots":{"index":"index","follow":"follow","max-snippet":"max-snippet:-1","max-image-preview":"max-image-preview:large","max-video-preview":"max-video-preview:-1"},"canonical":"https:\/\/jlgequipements.fr\/index.php\/produit\/parure-stylo-le-touquet\/","og_locale":"fr_FR","og_type":"article","og_title":"PARURE STYLO \" LE TOUQUET \" - JLG \u00c9quipements Collectivit\u00e9s","og_description":"Ce stylo \u00e0 bille personnalis\u00e9 est constitu\u00e9 en m\u00e9tal et poss\u00e8de une mine de couleur noire. Il est assorti \u00e0 la couleur de son tube, qui lui, est en aluminium. Son syst\u00e8me fonctionne \u00e0 l\u2019aide d\u2019un m\u00e9canisme rotatif. Pour ce stylo, vous avez la possibilit\u00e9 de le rendre d\u2019autant plus unique en y inscrivant la personnalisation de votre commune avec le logo ou le blason pour en faire un cadeau m\u00e9morable. Disponible en Blanc, Argent\u00e9 ou Noir Disponible personnalis\u00e9 ou non-personnalis\u00e9","og_url":"https:\/\/jlgequipements.fr\/index.php\/produit\/parure-stylo-le-touquet\/","og_site_name":"JLG \u00c9quipements Collectivit\u00e9s","og_image":[{"width":2083,"height":2083,"url":"http:\/\/jlgequipements.fr\/wp-content\/uploads\/2026\/01\/parure-Stylo-22-le-touquet-22.jpg","type":"image\/jpeg"}],"twitter_card":"summary_large_image","schema":{"@context":"https:\/\/schema.org","@graph":[{"@type":"WebPage","@id":"https:\/\/jlgequipements.fr\/index.php\/produit\/parure-stylo-le-touquet\/","url":"https:\/\/jlgequipements.fr\/index.php\/produit\/parure-stylo-le-touquet\/","name":"PARURE STYLO \" LE TOUQUET \" - JLG \u00c9quipements Collectivit\u00e9s","isPartOf":{"@id":"https:\/\/jlgequipements.fr\/#website"},"primaryImageOfPage":{"@id":"https:\/\/jlgequipements.fr\/index.php\/produit\/parure-stylo-le-touquet\/#primaryimage"},"image":{"@id":"https:\/\/jlgequipements.fr\/index.php\/produit\/parure-stylo-le-touquet\/#primaryimage"},"thumbnailUrl":"https:\/\/jlgequipements.fr\/wp-content\/uploads\/2026\/01\/parure-Stylo-22-le-touquet-22.jpg","datePublished":"2026-01-27T13:26:06+00:00","breadcrumb":{"@id":"https:\/\/jlgequipements.fr\/index.php\/produit\/parure-stylo-le-touquet\/#breadcrumb"},"inLanguage":"fr-FR","potentialAction":[{"@type":"ReadAction","target":["https:\/\/jlgequipements.fr\/index.php\/produit\/parure-stylo-le-touquet\/"]}]},{"@type":"ImageObject","inLanguage":"fr-FR","@id":"https:\/\/jlgequipements.fr\/index.php\/produit\/parure-stylo-le-touquet\/#primaryimage","url":"https:\/\/jlgequipements.fr\/wp-content\/uploads\/2026\/01\/parure-Stylo-22-le-touquet-22.jpg","contentUrl":"https:\/\/jlgequipements.fr\/wp-content\/uploads\/2026\/01\/parure-Stylo-22-le-touquet-22.jpg","width":2083,"height":2083},{"@type":"BreadcrumbList","@id":"https:\/\/jlgequipements.fr\/index.php\/produit\/parure-stylo-le-touquet\/#breadcrumb","itemListElement":[{"@type":"ListItem","position":1,"name":"Accueil","item":"https:\/\/jlgequipements.fr\/"},{"@type":"ListItem","position":2,"name":"Boutique","item":"https:\/\/jlgequipements.fr\/index.php\/boutique\/"},{"@type":"ListItem","position":3,"name":"PARURE STYLO \u00a0\u00bb LE TOUQUET \u00ab\u00a0"}]},{"@type":"WebSite","@id":"https:\/\/jlgequipements.fr\/#website","url":"https:\/\/jlgequipements.fr\/","name":"JLG \u00c9quipements collectivit\u00e9","description":"Le partenaire des communes","publisher":{"@id":"https:\/\/jlgequipements.fr\/#organization"},"potentialAction":[{"@type":"SearchAction","target":{"@type":"EntryPoint","urlTemplate":"https:\/\/jlgequipements.fr\/?s={search_term_string}"},"query-input":{"@type":"PropertyValueSpecification","valueRequired":true,"valueName":"search_term_string"}}],"inLanguage":"fr-FR"},{"@type":"Organization","@id":"https:\/\/jlgequipements.fr\/#organization","name":"JLG \u00c9quipements collectivit\u00e9","url":"https:\/\/jlgequipements.fr\/","logo":{"@type":"ImageObject","inLanguage":"fr-FR","@id":"https:\/\/jlgequipements.fr\/#\/schema\/logo\/image\/","url":"https:\/\/jlgequipements.fr\/wp-content\/uploads\/2024\/01\/JLG_LOGO_VECTO.png","contentUrl":"https:\/\/jlgequipements.fr\/wp-content\/uploads\/2024\/01\/JLG_LOGO_VECTO.png","width":3293,"height":3292,"caption":"JLG \u00c9quipements collectivit\u00e9"},"image":{"@id":"https:\/\/jlgequipements.fr\/#\/schema\/logo\/image\/"}}]}},"_links":{"self":[{"href":"https:\/\/jlgequipements.fr\/index.php\/wp-json\/wp\/v2\/product\/14318","targetHints":{"allow":["GET"]}}],"collection":[{"href":"https:\/\/jlgequipements.fr\/index.php\/wp-json\/wp\/v2\/product"}],"about":[{"href":"https:\/\/jlgequipements.fr\/index.php\/wp-json\/wp\/v2\/types\/product"}],"replies":[{"embeddable":true,"href":"https:\/\/jlgequipements.fr\/index.php\/wp-json\/wp\/v2\/comments?post=14318"}],"version-history":[{"count":1,"href":"https:\/\/jlgequipements.fr\/index.php\/wp-json\/wp\/v2\/product\/14318\/revisions"}],"predecessor-version":[{"id":14320,"href":"https:\/\/jlgequipements.fr\/index.php\/wp-json\/wp\/v2\/product\/14318\/revisions\/14320"}],"wp:featuredmedia":[{"embeddable":true,"href":"https:\/\/jlgequipements.fr\/index.php\/wp-json\/wp\/v2\/media\/14319"}],"wp:attachment":[{"href":"https:\/\/jlgequipements.fr\/index.php\/wp-json\/wp\/v2\/media?parent=14318"}],"wp:term":[{"taxonomy":"product_brand","embeddable":true,"href":"https:\/\/jlgequipements.fr\/index.php\/wp-json\/wp\/v2\/product_brand?post=14318"},{"taxonomy":"product_cat","embeddable":true,"href":"https:\/\/jlgequipements.fr\/index.php\/wp-json\/wp\/v2\/product_cat?post=14318"},{"taxonomy":"product_tag","embeddable":true,"href":"https:\/\/jlgequipements.fr\/index.php\/wp-json\/wp\/v2\/product_tag?post=14318"}],"curies":[{"name":"wp","href":"https:\/\/api.w.org\/{rel}","templated":true}]}}