{"id":13810,"date":"2025-01-30T09:42:24","date_gmt":"2025-01-30T08:42:24","guid":{"rendered":"https:\/\/jlgequipements.fr\/?post_type=product&#038;p=13810"},"modified":"2026-01-29T10:22:07","modified_gmt":"2026-01-29T09:22:07","slug":"chariot-de-stockage","status":"publish","type":"product","link":"https:\/\/jlgequipements.fr\/index.php\/produit\/chariot-de-stockage\/","title":{"rendered":"CHARIOT DE STOCKAGE"},"content":{"rendered":"<ul>\n<li>\n<p class=\"p1\">Caract\u00e9ristique :<\/p>\n<p class=\"p2\">&#8211; Con\u00e7u pour accueillir 28 mange-debout LIFETIME<\/p>\n<p class=\"p3\"><span class=\"s1\">2 barres amovibles <\/span>(fixation goupilles)<span class=\"s1\"> permettent de s\u00e9parer ou caler les tables, m\u00eame si chargement partiel <\/span>(6 emplacements pr\u00e9vus pour ces barres dont 1 \u00e0 l\u2019extr\u00e9mit\u00e9 du chariot)<\/p>\n<p class=\"p2\">&#8211; 4 roues pivotantes dont 2 avec frein<\/p>\n<p class=\"p2\">&#8211; Peut transporter jusque 300 kg de mat\u00e9riel. Barre de renfort en dessous du plateau.<\/p>\n<p class=\"p2\">&#8211; Montage tr\u00e8s facile<\/p>\n<p class=\"p2\">&#8211; Structure acier thermos-laqu\u00e9 finition satin\u00e9 noir<\/p>\n<p class=\"p2\">&#8211; Corni\u00e8re support de pi\u00e9tement de table en 3mm d\u2019\u00e9paisseur<\/p>\n<\/li>\n<\/ul>\n","protected":false},"excerpt":{"rendered":"<p>Caract\u00e9ristique : &#8211; Con\u00e7u pour accueillir 28 mange-debout LIFETIME 2 barres amovibles (fixation goupilles) permettent de s\u00e9parer ou caler les tables, m\u00eame si chargement partiel (6 emplacements pr\u00e9vus pour ces barres dont 1 \u00e0 l\u2019extr\u00e9mit\u00e9 du chariot) &#8211; 4 roues pivotantes dont 2 avec frein &#8211; Peut transporter jusque 300 kg de mat\u00e9riel. Barre de renfort en dessous du plateau. &#8211; Montage tr\u00e8s facile &#8211; Structure acier thermos-laqu\u00e9 finition satin\u00e9 noir &#8211; Corni\u00e8re support de pi\u00e9tement de table en 3mm d\u2019\u00e9paisseur<\/p>\n","protected":false},"featured_media":14531,"comment_status":"open","ping_status":"closed","template":"","meta":[],"product_brand":[],"product_cat":[284,234],"product_tag":[],"class_list":{"0":"post-13810","1":"product","2":"type-product","3":"status-publish","4":"has-post-thumbnail","6":"product_cat-chariots-pour-tables-et-chaises","7":"product_cat-mobilier-salle-polyvalente","9":"first","10":"instock","11":"shipping-taxable","12":"product-type-simple"},"yoast_head":"<!-- This site is optimized with the Yoast SEO plugin v27.1.1 - https:\/\/yoast.com\/product\/yoast-seo-wordpress\/ -->\n<title>CHARIOT DE STOCKAGE - JLG \u00c9quipements Collectivit\u00e9s<\/title>\n<meta name=\"robots\" content=\"index, follow, max-snippet:-1, max-image-preview:large, max-video-preview:-1\" \/>\n<link rel=\"canonical\" href=\"https:\/\/jlgequipements.fr\/index.php\/produit\/chariot-de-stockage\/\" \/>\n<meta property=\"og:locale\" content=\"fr_FR\" \/>\n<meta property=\"og:type\" content=\"article\" \/>\n<meta property=\"og:title\" content=\"CHARIOT DE STOCKAGE - JLG \u00c9quipements Collectivit\u00e9s\" \/>\n<meta property=\"og:description\" content=\"Caract\u00e9ristique : &#8211; Con\u00e7u pour accueillir 28 mange-debout LIFETIME 2 barres amovibles (fixation goupilles) permettent de s\u00e9parer ou caler les tables, m\u00eame si chargement partiel (6 emplacements pr\u00e9vus pour ces barres dont 1 \u00e0 l\u2019extr\u00e9mit\u00e9 du chariot) &#8211; 4 roues pivotantes dont 2 avec frein &#8211; Peut transporter jusque 300 kg de mat\u00e9riel. Barre de renfort en dessous du plateau. &#8211; Montage tr\u00e8s facile &#8211; Structure acier thermos-laqu\u00e9 finition satin\u00e9 noir &#8211; Corni\u00e8re support de pi\u00e9tement de table en 3mm d\u2019\u00e9paisseur\" \/>\n<meta property=\"og:url\" content=\"https:\/\/jlgequipements.fr\/index.php\/produit\/chariot-de-stockage\/\" \/>\n<meta property=\"og:site_name\" content=\"JLG \u00c9quipements Collectivit\u00e9s\" \/>\n<meta property=\"article:modified_time\" content=\"2026-01-29T09:22:07+00:00\" \/>\n<meta property=\"og:image\" content=\"http:\/\/jlgequipements.fr\/wp-content\/uploads\/2025\/01\/chariot-de-stockage-01.jpg\" \/>\n\t<meta property=\"og:image:width\" content=\"2083\" \/>\n\t<meta property=\"og:image:height\" content=\"2083\" \/>\n\t<meta property=\"og:image:type\" content=\"image\/jpeg\" \/>\n<meta name=\"twitter:card\" content=\"summary_large_image\" \/>\n<script type=\"application\/ld+json\" class=\"yoast-schema-graph\">{\"@context\":\"https:\/\/schema.org\",\"@graph\":[{\"@type\":\"WebPage\",\"@id\":\"https:\/\/jlgequipements.fr\/index.php\/produit\/chariot-de-stockage\/\",\"url\":\"https:\/\/jlgequipements.fr\/index.php\/produit\/chariot-de-stockage\/\",\"name\":\"CHARIOT DE STOCKAGE - JLG \u00c9quipements Collectivit\u00e9s\",\"isPartOf\":{\"@id\":\"https:\/\/jlgequipements.fr\/#website\"},\"primaryImageOfPage\":{\"@id\":\"https:\/\/jlgequipements.fr\/index.php\/produit\/chariot-de-stockage\/#primaryimage\"},\"image\":{\"@id\":\"https:\/\/jlgequipements.fr\/index.php\/produit\/chariot-de-stockage\/#primaryimage\"},\"thumbnailUrl\":\"https:\/\/jlgequipements.fr\/wp-content\/uploads\/2025\/01\/chariot-de-stockage-01.jpg\",\"datePublished\":\"2025-01-30T08:42:24+00:00\",\"dateModified\":\"2026-01-29T09:22:07+00:00\",\"breadcrumb\":{\"@id\":\"https:\/\/jlgequipements.fr\/index.php\/produit\/chariot-de-stockage\/#breadcrumb\"},\"inLanguage\":\"fr-FR\",\"potentialAction\":[{\"@type\":\"ReadAction\",\"target\":[\"https:\/\/jlgequipements.fr\/index.php\/produit\/chariot-de-stockage\/\"]}]},{\"@type\":\"ImageObject\",\"inLanguage\":\"fr-FR\",\"@id\":\"https:\/\/jlgequipements.fr\/index.php\/produit\/chariot-de-stockage\/#primaryimage\",\"url\":\"https:\/\/jlgequipements.fr\/wp-content\/uploads\/2025\/01\/chariot-de-stockage-01.jpg\",\"contentUrl\":\"https:\/\/jlgequipements.fr\/wp-content\/uploads\/2025\/01\/chariot-de-stockage-01.jpg\",\"width\":2083,\"height\":2083},{\"@type\":\"BreadcrumbList\",\"@id\":\"https:\/\/jlgequipements.fr\/index.php\/produit\/chariot-de-stockage\/#breadcrumb\",\"itemListElement\":[{\"@type\":\"ListItem\",\"position\":1,\"name\":\"Accueil\",\"item\":\"https:\/\/jlgequipements.fr\/\"},{\"@type\":\"ListItem\",\"position\":2,\"name\":\"Boutique\",\"item\":\"https:\/\/jlgequipements.fr\/index.php\/boutique\/\"},{\"@type\":\"ListItem\",\"position\":3,\"name\":\"CHARIOT DE STOCKAGE\"}]},{\"@type\":\"WebSite\",\"@id\":\"https:\/\/jlgequipements.fr\/#website\",\"url\":\"https:\/\/jlgequipements.fr\/\",\"name\":\"JLG \u00c9quipements collectivit\u00e9\",\"description\":\"Le partenaire des communes\",\"publisher\":{\"@id\":\"https:\/\/jlgequipements.fr\/#organization\"},\"potentialAction\":[{\"@type\":\"SearchAction\",\"target\":{\"@type\":\"EntryPoint\",\"urlTemplate\":\"https:\/\/jlgequipements.fr\/?s={search_term_string}\"},\"query-input\":{\"@type\":\"PropertyValueSpecification\",\"valueRequired\":true,\"valueName\":\"search_term_string\"}}],\"inLanguage\":\"fr-FR\"},{\"@type\":\"Organization\",\"@id\":\"https:\/\/jlgequipements.fr\/#organization\",\"name\":\"JLG \u00c9quipements collectivit\u00e9\",\"url\":\"https:\/\/jlgequipements.fr\/\",\"logo\":{\"@type\":\"ImageObject\",\"inLanguage\":\"fr-FR\",\"@id\":\"https:\/\/jlgequipements.fr\/#\/schema\/logo\/image\/\",\"url\":\"https:\/\/jlgequipements.fr\/wp-content\/uploads\/2024\/01\/JLG_LOGO_VECTO.png\",\"contentUrl\":\"https:\/\/jlgequipements.fr\/wp-content\/uploads\/2024\/01\/JLG_LOGO_VECTO.png\",\"width\":3293,\"height\":3292,\"caption\":\"JLG \u00c9quipements collectivit\u00e9\"},\"image\":{\"@id\":\"https:\/\/jlgequipements.fr\/#\/schema\/logo\/image\/\"}}]}<\/script>\n<!-- \/ Yoast SEO plugin. -->","yoast_head_json":{"title":"CHARIOT DE STOCKAGE - JLG \u00c9quipements Collectivit\u00e9s","robots":{"index":"index","follow":"follow","max-snippet":"max-snippet:-1","max-image-preview":"max-image-preview:large","max-video-preview":"max-video-preview:-1"},"canonical":"https:\/\/jlgequipements.fr\/index.php\/produit\/chariot-de-stockage\/","og_locale":"fr_FR","og_type":"article","og_title":"CHARIOT DE STOCKAGE - JLG \u00c9quipements Collectivit\u00e9s","og_description":"Caract\u00e9ristique : &#8211; Con\u00e7u pour accueillir 28 mange-debout LIFETIME 2 barres amovibles (fixation goupilles) permettent de s\u00e9parer ou caler les tables, m\u00eame si chargement partiel (6 emplacements pr\u00e9vus pour ces barres dont 1 \u00e0 l\u2019extr\u00e9mit\u00e9 du chariot) &#8211; 4 roues pivotantes dont 2 avec frein &#8211; Peut transporter jusque 300 kg de mat\u00e9riel. Barre de renfort en dessous du plateau. &#8211; Montage tr\u00e8s facile &#8211; Structure acier thermos-laqu\u00e9 finition satin\u00e9 noir &#8211; Corni\u00e8re support de pi\u00e9tement de table en 3mm d\u2019\u00e9paisseur","og_url":"https:\/\/jlgequipements.fr\/index.php\/produit\/chariot-de-stockage\/","og_site_name":"JLG \u00c9quipements Collectivit\u00e9s","article_modified_time":"2026-01-29T09:22:07+00:00","og_image":[{"width":2083,"height":2083,"url":"http:\/\/jlgequipements.fr\/wp-content\/uploads\/2025\/01\/chariot-de-stockage-01.jpg","type":"image\/jpeg"}],"twitter_card":"summary_large_image","schema":{"@context":"https:\/\/schema.org","@graph":[{"@type":"WebPage","@id":"https:\/\/jlgequipements.fr\/index.php\/produit\/chariot-de-stockage\/","url":"https:\/\/jlgequipements.fr\/index.php\/produit\/chariot-de-stockage\/","name":"CHARIOT DE STOCKAGE - JLG \u00c9quipements Collectivit\u00e9s","isPartOf":{"@id":"https:\/\/jlgequipements.fr\/#website"},"primaryImageOfPage":{"@id":"https:\/\/jlgequipements.fr\/index.php\/produit\/chariot-de-stockage\/#primaryimage"},"image":{"@id":"https:\/\/jlgequipements.fr\/index.php\/produit\/chariot-de-stockage\/#primaryimage"},"thumbnailUrl":"https:\/\/jlgequipements.fr\/wp-content\/uploads\/2025\/01\/chariot-de-stockage-01.jpg","datePublished":"2025-01-30T08:42:24+00:00","dateModified":"2026-01-29T09:22:07+00:00","breadcrumb":{"@id":"https:\/\/jlgequipements.fr\/index.php\/produit\/chariot-de-stockage\/#breadcrumb"},"inLanguage":"fr-FR","potentialAction":[{"@type":"ReadAction","target":["https:\/\/jlgequipements.fr\/index.php\/produit\/chariot-de-stockage\/"]}]},{"@type":"ImageObject","inLanguage":"fr-FR","@id":"https:\/\/jlgequipements.fr\/index.php\/produit\/chariot-de-stockage\/#primaryimage","url":"https:\/\/jlgequipements.fr\/wp-content\/uploads\/2025\/01\/chariot-de-stockage-01.jpg","contentUrl":"https:\/\/jlgequipements.fr\/wp-content\/uploads\/2025\/01\/chariot-de-stockage-01.jpg","width":2083,"height":2083},{"@type":"BreadcrumbList","@id":"https:\/\/jlgequipements.fr\/index.php\/produit\/chariot-de-stockage\/#breadcrumb","itemListElement":[{"@type":"ListItem","position":1,"name":"Accueil","item":"https:\/\/jlgequipements.fr\/"},{"@type":"ListItem","position":2,"name":"Boutique","item":"https:\/\/jlgequipements.fr\/index.php\/boutique\/"},{"@type":"ListItem","position":3,"name":"CHARIOT DE STOCKAGE"}]},{"@type":"WebSite","@id":"https:\/\/jlgequipements.fr\/#website","url":"https:\/\/jlgequipements.fr\/","name":"JLG \u00c9quipements collectivit\u00e9","description":"Le partenaire des communes","publisher":{"@id":"https:\/\/jlgequipements.fr\/#organization"},"potentialAction":[{"@type":"SearchAction","target":{"@type":"EntryPoint","urlTemplate":"https:\/\/jlgequipements.fr\/?s={search_term_string}"},"query-input":{"@type":"PropertyValueSpecification","valueRequired":true,"valueName":"search_term_string"}}],"inLanguage":"fr-FR"},{"@type":"Organization","@id":"https:\/\/jlgequipements.fr\/#organization","name":"JLG \u00c9quipements collectivit\u00e9","url":"https:\/\/jlgequipements.fr\/","logo":{"@type":"ImageObject","inLanguage":"fr-FR","@id":"https:\/\/jlgequipements.fr\/#\/schema\/logo\/image\/","url":"https:\/\/jlgequipements.fr\/wp-content\/uploads\/2024\/01\/JLG_LOGO_VECTO.png","contentUrl":"https:\/\/jlgequipements.fr\/wp-content\/uploads\/2024\/01\/JLG_LOGO_VECTO.png","width":3293,"height":3292,"caption":"JLG \u00c9quipements collectivit\u00e9"},"image":{"@id":"https:\/\/jlgequipements.fr\/#\/schema\/logo\/image\/"}}]}},"_links":{"self":[{"href":"https:\/\/jlgequipements.fr\/index.php\/wp-json\/wp\/v2\/product\/13810","targetHints":{"allow":["GET"]}}],"collection":[{"href":"https:\/\/jlgequipements.fr\/index.php\/wp-json\/wp\/v2\/product"}],"about":[{"href":"https:\/\/jlgequipements.fr\/index.php\/wp-json\/wp\/v2\/types\/product"}],"replies":[{"embeddable":true,"href":"https:\/\/jlgequipements.fr\/index.php\/wp-json\/wp\/v2\/comments?post=13810"}],"version-history":[{"count":3,"href":"https:\/\/jlgequipements.fr\/index.php\/wp-json\/wp\/v2\/product\/13810\/revisions"}],"predecessor-version":[{"id":14533,"href":"https:\/\/jlgequipements.fr\/index.php\/wp-json\/wp\/v2\/product\/13810\/revisions\/14533"}],"wp:featuredmedia":[{"embeddable":true,"href":"https:\/\/jlgequipements.fr\/index.php\/wp-json\/wp\/v2\/media\/14531"}],"wp:attachment":[{"href":"https:\/\/jlgequipements.fr\/index.php\/wp-json\/wp\/v2\/media?parent=13810"}],"wp:term":[{"taxonomy":"product_brand","embeddable":true,"href":"https:\/\/jlgequipements.fr\/index.php\/wp-json\/wp\/v2\/product_brand?post=13810"},{"taxonomy":"product_cat","embeddable":true,"href":"https:\/\/jlgequipements.fr\/index.php\/wp-json\/wp\/v2\/product_cat?post=13810"},{"taxonomy":"product_tag","embeddable":true,"href":"https:\/\/jlgequipements.fr\/index.php\/wp-json\/wp\/v2\/product_tag?post=13810"}],"curies":[{"name":"wp","href":"https:\/\/api.w.org\/{rel}","templated":true}]}}