{"id":13768,"date":"2025-01-29T16:19:40","date_gmt":"2025-01-29T15:19:40","guid":{"rendered":"https:\/\/jlgequipements.fr\/?post_type=product&#038;p=13768"},"modified":"2025-01-29T16:19:40","modified_gmt":"2025-01-29T15:19:40","slug":"traversee-bonne-fete","status":"publish","type":"product","link":"https:\/\/jlgequipements.fr\/index.php\/produit\/traversee-bonne-fete\/","title":{"rendered":"TRAVERS\u00c9E \u00a0\u00bb BONNE F\u00caTE \u00ab\u00a0"},"content":{"rendered":"<p class=\"p1\">&#8211; Texte : \u00ab Bonnes F\u00eates \u00bb<\/p>\n<p class=\"p1\">&#8211; Hauteur : 135 cm<\/p>\n<p class=\"p1\">&#8211; Largeur : 420 cm<\/p>\n<p class=\"p1\">&#8211; Poids : 12 kg<\/p>\n<p class=\"p1\">&#8211; 34 Watts<\/p>\n<p class=\"p1\">R\u00e9f : 18350<\/p>\n<p class=\"p2\">\n","protected":false},"excerpt":{"rendered":"<p>&#8211; Texte : \u00ab Bonnes F\u00eates \u00bb &#8211; Hauteur : 135 cm &#8211; Largeur : 420 cm &#8211; Poids : 12 kg &#8211; 34 Watts R\u00e9f : 18350<\/p>\n","protected":false},"featured_media":13769,"comment_status":"open","ping_status":"closed","template":"","meta":[],"product_brand":[],"product_cat":[311,268],"product_tag":[],"class_list":{"0":"post-13768","1":"product","2":"type-product","3":"status-publish","4":"has-post-thumbnail","6":"product_cat-traversee-de-rue","7":"product_cat-illumination","9":"first","10":"instock","11":"shipping-taxable","12":"product-type-simple"},"yoast_head":"<!-- This site is optimized with the Yoast SEO plugin v27.1.1 - https:\/\/yoast.com\/product\/yoast-seo-wordpress\/ -->\n<title>TRAVERS\u00c9E &quot; BONNE F\u00caTE &quot; - JLG \u00c9quipements Collectivit\u00e9s<\/title>\n<meta name=\"robots\" content=\"index, follow, max-snippet:-1, max-image-preview:large, max-video-preview:-1\" \/>\n<link rel=\"canonical\" href=\"https:\/\/jlgequipements.fr\/index.php\/produit\/traversee-bonne-fete\/\" \/>\n<meta property=\"og:locale\" content=\"fr_FR\" \/>\n<meta property=\"og:type\" content=\"article\" \/>\n<meta property=\"og:title\" content=\"TRAVERS\u00c9E &quot; BONNE F\u00caTE &quot; - JLG \u00c9quipements Collectivit\u00e9s\" \/>\n<meta property=\"og:description\" content=\"&#8211; Texte : \u00ab Bonnes F\u00eates \u00bb &#8211; Hauteur : 135 cm &#8211; Largeur : 420 cm &#8211; Poids : 12 kg &#8211; 34 Watts R\u00e9f : 18350\" \/>\n<meta property=\"og:url\" content=\"https:\/\/jlgequipements.fr\/index.php\/produit\/traversee-bonne-fete\/\" \/>\n<meta property=\"og:site_name\" content=\"JLG \u00c9quipements Collectivit\u00e9s\" \/>\n<meta property=\"og:image\" content=\"http:\/\/jlgequipements.fr\/wp-content\/uploads\/2025\/01\/TRAVERSEE-22-BONNE-FETES.jpg\" \/>\n\t<meta property=\"og:image:width\" content=\"1496\" \/>\n\t<meta property=\"og:image:height\" content=\"439\" \/>\n\t<meta property=\"og:image:type\" content=\"image\/jpeg\" \/>\n<meta name=\"twitter:card\" content=\"summary_large_image\" \/>\n<script type=\"application\/ld+json\" class=\"yoast-schema-graph\">{\"@context\":\"https:\/\/schema.org\",\"@graph\":[{\"@type\":\"WebPage\",\"@id\":\"https:\/\/jlgequipements.fr\/index.php\/produit\/traversee-bonne-fete\/\",\"url\":\"https:\/\/jlgequipements.fr\/index.php\/produit\/traversee-bonne-fete\/\",\"name\":\"TRAVERS\u00c9E \\\" BONNE F\u00caTE \\\" - JLG \u00c9quipements Collectivit\u00e9s\",\"isPartOf\":{\"@id\":\"https:\/\/jlgequipements.fr\/#website\"},\"primaryImageOfPage\":{\"@id\":\"https:\/\/jlgequipements.fr\/index.php\/produit\/traversee-bonne-fete\/#primaryimage\"},\"image\":{\"@id\":\"https:\/\/jlgequipements.fr\/index.php\/produit\/traversee-bonne-fete\/#primaryimage\"},\"thumbnailUrl\":\"https:\/\/jlgequipements.fr\/wp-content\/uploads\/2025\/01\/TRAVERSEE-22-BONNE-FETES.jpg\",\"datePublished\":\"2025-01-29T15:19:40+00:00\",\"breadcrumb\":{\"@id\":\"https:\/\/jlgequipements.fr\/index.php\/produit\/traversee-bonne-fete\/#breadcrumb\"},\"inLanguage\":\"fr-FR\",\"potentialAction\":[{\"@type\":\"ReadAction\",\"target\":[\"https:\/\/jlgequipements.fr\/index.php\/produit\/traversee-bonne-fete\/\"]}]},{\"@type\":\"ImageObject\",\"inLanguage\":\"fr-FR\",\"@id\":\"https:\/\/jlgequipements.fr\/index.php\/produit\/traversee-bonne-fete\/#primaryimage\",\"url\":\"https:\/\/jlgequipements.fr\/wp-content\/uploads\/2025\/01\/TRAVERSEE-22-BONNE-FETES.jpg\",\"contentUrl\":\"https:\/\/jlgequipements.fr\/wp-content\/uploads\/2025\/01\/TRAVERSEE-22-BONNE-FETES.jpg\",\"width\":1496,\"height\":439},{\"@type\":\"BreadcrumbList\",\"@id\":\"https:\/\/jlgequipements.fr\/index.php\/produit\/traversee-bonne-fete\/#breadcrumb\",\"itemListElement\":[{\"@type\":\"ListItem\",\"position\":1,\"name\":\"Accueil\",\"item\":\"https:\/\/jlgequipements.fr\/\"},{\"@type\":\"ListItem\",\"position\":2,\"name\":\"Boutique\",\"item\":\"https:\/\/jlgequipements.fr\/index.php\/boutique\/\"},{\"@type\":\"ListItem\",\"position\":3,\"name\":\"TRAVERS\u00c9E \u00a0\u00bb BONNE F\u00caTE \u00ab\u00a0\"}]},{\"@type\":\"WebSite\",\"@id\":\"https:\/\/jlgequipements.fr\/#website\",\"url\":\"https:\/\/jlgequipements.fr\/\",\"name\":\"JLG \u00c9quipements collectivit\u00e9\",\"description\":\"Le partenaire des communes\",\"publisher\":{\"@id\":\"https:\/\/jlgequipements.fr\/#organization\"},\"potentialAction\":[{\"@type\":\"SearchAction\",\"target\":{\"@type\":\"EntryPoint\",\"urlTemplate\":\"https:\/\/jlgequipements.fr\/?s={search_term_string}\"},\"query-input\":{\"@type\":\"PropertyValueSpecification\",\"valueRequired\":true,\"valueName\":\"search_term_string\"}}],\"inLanguage\":\"fr-FR\"},{\"@type\":\"Organization\",\"@id\":\"https:\/\/jlgequipements.fr\/#organization\",\"name\":\"JLG \u00c9quipements collectivit\u00e9\",\"url\":\"https:\/\/jlgequipements.fr\/\",\"logo\":{\"@type\":\"ImageObject\",\"inLanguage\":\"fr-FR\",\"@id\":\"https:\/\/jlgequipements.fr\/#\/schema\/logo\/image\/\",\"url\":\"https:\/\/jlgequipements.fr\/wp-content\/uploads\/2024\/01\/JLG_LOGO_VECTO.png\",\"contentUrl\":\"https:\/\/jlgequipements.fr\/wp-content\/uploads\/2024\/01\/JLG_LOGO_VECTO.png\",\"width\":3293,\"height\":3292,\"caption\":\"JLG \u00c9quipements collectivit\u00e9\"},\"image\":{\"@id\":\"https:\/\/jlgequipements.fr\/#\/schema\/logo\/image\/\"}}]}<\/script>\n<!-- \/ Yoast SEO plugin. -->","yoast_head_json":{"title":"TRAVERS\u00c9E \" BONNE F\u00caTE \" - JLG \u00c9quipements Collectivit\u00e9s","robots":{"index":"index","follow":"follow","max-snippet":"max-snippet:-1","max-image-preview":"max-image-preview:large","max-video-preview":"max-video-preview:-1"},"canonical":"https:\/\/jlgequipements.fr\/index.php\/produit\/traversee-bonne-fete\/","og_locale":"fr_FR","og_type":"article","og_title":"TRAVERS\u00c9E \" BONNE F\u00caTE \" - JLG \u00c9quipements Collectivit\u00e9s","og_description":"&#8211; Texte : \u00ab Bonnes F\u00eates \u00bb &#8211; Hauteur : 135 cm &#8211; Largeur : 420 cm &#8211; Poids : 12 kg &#8211; 34 Watts R\u00e9f : 18350","og_url":"https:\/\/jlgequipements.fr\/index.php\/produit\/traversee-bonne-fete\/","og_site_name":"JLG \u00c9quipements Collectivit\u00e9s","og_image":[{"width":1496,"height":439,"url":"http:\/\/jlgequipements.fr\/wp-content\/uploads\/2025\/01\/TRAVERSEE-22-BONNE-FETES.jpg","type":"image\/jpeg"}],"twitter_card":"summary_large_image","schema":{"@context":"https:\/\/schema.org","@graph":[{"@type":"WebPage","@id":"https:\/\/jlgequipements.fr\/index.php\/produit\/traversee-bonne-fete\/","url":"https:\/\/jlgequipements.fr\/index.php\/produit\/traversee-bonne-fete\/","name":"TRAVERS\u00c9E \" BONNE F\u00caTE \" - JLG \u00c9quipements Collectivit\u00e9s","isPartOf":{"@id":"https:\/\/jlgequipements.fr\/#website"},"primaryImageOfPage":{"@id":"https:\/\/jlgequipements.fr\/index.php\/produit\/traversee-bonne-fete\/#primaryimage"},"image":{"@id":"https:\/\/jlgequipements.fr\/index.php\/produit\/traversee-bonne-fete\/#primaryimage"},"thumbnailUrl":"https:\/\/jlgequipements.fr\/wp-content\/uploads\/2025\/01\/TRAVERSEE-22-BONNE-FETES.jpg","datePublished":"2025-01-29T15:19:40+00:00","breadcrumb":{"@id":"https:\/\/jlgequipements.fr\/index.php\/produit\/traversee-bonne-fete\/#breadcrumb"},"inLanguage":"fr-FR","potentialAction":[{"@type":"ReadAction","target":["https:\/\/jlgequipements.fr\/index.php\/produit\/traversee-bonne-fete\/"]}]},{"@type":"ImageObject","inLanguage":"fr-FR","@id":"https:\/\/jlgequipements.fr\/index.php\/produit\/traversee-bonne-fete\/#primaryimage","url":"https:\/\/jlgequipements.fr\/wp-content\/uploads\/2025\/01\/TRAVERSEE-22-BONNE-FETES.jpg","contentUrl":"https:\/\/jlgequipements.fr\/wp-content\/uploads\/2025\/01\/TRAVERSEE-22-BONNE-FETES.jpg","width":1496,"height":439},{"@type":"BreadcrumbList","@id":"https:\/\/jlgequipements.fr\/index.php\/produit\/traversee-bonne-fete\/#breadcrumb","itemListElement":[{"@type":"ListItem","position":1,"name":"Accueil","item":"https:\/\/jlgequipements.fr\/"},{"@type":"ListItem","position":2,"name":"Boutique","item":"https:\/\/jlgequipements.fr\/index.php\/boutique\/"},{"@type":"ListItem","position":3,"name":"TRAVERS\u00c9E \u00a0\u00bb BONNE F\u00caTE \u00ab\u00a0"}]},{"@type":"WebSite","@id":"https:\/\/jlgequipements.fr\/#website","url":"https:\/\/jlgequipements.fr\/","name":"JLG \u00c9quipements collectivit\u00e9","description":"Le partenaire des communes","publisher":{"@id":"https:\/\/jlgequipements.fr\/#organization"},"potentialAction":[{"@type":"SearchAction","target":{"@type":"EntryPoint","urlTemplate":"https:\/\/jlgequipements.fr\/?s={search_term_string}"},"query-input":{"@type":"PropertyValueSpecification","valueRequired":true,"valueName":"search_term_string"}}],"inLanguage":"fr-FR"},{"@type":"Organization","@id":"https:\/\/jlgequipements.fr\/#organization","name":"JLG \u00c9quipements collectivit\u00e9","url":"https:\/\/jlgequipements.fr\/","logo":{"@type":"ImageObject","inLanguage":"fr-FR","@id":"https:\/\/jlgequipements.fr\/#\/schema\/logo\/image\/","url":"https:\/\/jlgequipements.fr\/wp-content\/uploads\/2024\/01\/JLG_LOGO_VECTO.png","contentUrl":"https:\/\/jlgequipements.fr\/wp-content\/uploads\/2024\/01\/JLG_LOGO_VECTO.png","width":3293,"height":3292,"caption":"JLG \u00c9quipements collectivit\u00e9"},"image":{"@id":"https:\/\/jlgequipements.fr\/#\/schema\/logo\/image\/"}}]}},"_links":{"self":[{"href":"https:\/\/jlgequipements.fr\/index.php\/wp-json\/wp\/v2\/product\/13768","targetHints":{"allow":["GET"]}}],"collection":[{"href":"https:\/\/jlgequipements.fr\/index.php\/wp-json\/wp\/v2\/product"}],"about":[{"href":"https:\/\/jlgequipements.fr\/index.php\/wp-json\/wp\/v2\/types\/product"}],"replies":[{"embeddable":true,"href":"https:\/\/jlgequipements.fr\/index.php\/wp-json\/wp\/v2\/comments?post=13768"}],"version-history":[{"count":1,"href":"https:\/\/jlgequipements.fr\/index.php\/wp-json\/wp\/v2\/product\/13768\/revisions"}],"predecessor-version":[{"id":13770,"href":"https:\/\/jlgequipements.fr\/index.php\/wp-json\/wp\/v2\/product\/13768\/revisions\/13770"}],"wp:featuredmedia":[{"embeddable":true,"href":"https:\/\/jlgequipements.fr\/index.php\/wp-json\/wp\/v2\/media\/13769"}],"wp:attachment":[{"href":"https:\/\/jlgequipements.fr\/index.php\/wp-json\/wp\/v2\/media?parent=13768"}],"wp:term":[{"taxonomy":"product_brand","embeddable":true,"href":"https:\/\/jlgequipements.fr\/index.php\/wp-json\/wp\/v2\/product_brand?post=13768"},{"taxonomy":"product_cat","embeddable":true,"href":"https:\/\/jlgequipements.fr\/index.php\/wp-json\/wp\/v2\/product_cat?post=13768"},{"taxonomy":"product_tag","embeddable":true,"href":"https:\/\/jlgequipements.fr\/index.php\/wp-json\/wp\/v2\/product_tag?post=13768"}],"curies":[{"name":"wp","href":"https:\/\/api.w.org\/{rel}","templated":true}]}}