{"id":13745,"date":"2025-01-29T16:00:14","date_gmt":"2025-01-29T15:00:14","guid":{"rendered":"https:\/\/jlgequipements.fr\/?post_type=product&#038;p=13745"},"modified":"2026-01-28T15:24:16","modified_gmt":"2026-01-28T14:24:16","slug":"fauteuil-emmanuelle-2","status":"publish","type":"product","link":"https:\/\/jlgequipements.fr\/index.php\/produit\/fauteuil-emmanuelle-2\/","title":{"rendered":"FAUTEUIL EMMANUELLE 2"},"content":{"rendered":"<p class=\"p1\">&#8211; Mat\u00e9riau : Assise et dossier en mousse recouverts de simili cuir<\/p>\n<p class=\"p1\">&#8211; Acier laqu\u00e9 avec 5 roues en nylon de 6 cm de diam\u00e8tre<\/p>\n<p class=\"p1\">&#8211; Grand confort avec mousse de densit\u00e9 35 kg\/m3 pour l\u2019assise <span class=\"Apple-converted-space\">\u00a0 <\/span>et 22 kg\/m3 pour le dossier<\/p>\n<p class=\"p1\">&#8211; Accoudoirs fixes en m\u00e9tal avec manchettes en simili cuir<\/p>\n<p class=\"p1\">&#8211; Usage quotidien de 8 heures, pour un poids maximum de 110 kg<\/p>\n<p class=\"p1\">&#8211; Dimensions : Prof. 530 mm x Larg. 520 mm x Haut. 720 mm<\/p>\n<p class=\"p1\">&#8211; R\u00e9f\u00e9rence produit : 159355<\/p>\n","protected":false},"excerpt":{"rendered":"<p>&#8211; Mat\u00e9riau : Assise et dossier en mousse recouverts de simili cuir &#8211; Acier laqu\u00e9 avec 5 roues en nylon de 6 cm de diam\u00e8tre &#8211; Grand confort avec mousse de densit\u00e9 35 kg\/m3 pour l\u2019assise \u00a0 et 22 kg\/m3 pour le dossier &#8211; Accoudoirs fixes en m\u00e9tal avec manchettes en simili cuir &#8211; Usage quotidien de 8 heures, pour un poids maximum de 110 kg &#8211; Dimensions : Prof. 530 mm x Larg. 520 mm x Haut. 720 mm &#8211; R\u00e9f\u00e9rence produit : 159355<\/p>\n","protected":false},"featured_media":14421,"comment_status":"open","ping_status":"closed","template":"","meta":[],"product_brand":[],"product_cat":[309,306,198],"product_tag":[],"class_list":{"0":"post-13745","1":"product","2":"type-product","3":"status-publish","4":"has-post-thumbnail","6":"product_cat-fauteuil","7":"product_cat-mobilier-de-bureau","8":"product_cat-etat-civil","10":"first","11":"instock","12":"shipping-taxable","13":"product-type-simple"},"yoast_head":"<!-- This site is optimized with the Yoast SEO plugin v27.1.1 - https:\/\/yoast.com\/product\/yoast-seo-wordpress\/ -->\n<title>FAUTEUIL EMMANUELLE 2 - JLG \u00c9quipements Collectivit\u00e9s<\/title>\n<meta name=\"robots\" content=\"index, follow, max-snippet:-1, max-image-preview:large, max-video-preview:-1\" \/>\n<link rel=\"canonical\" href=\"https:\/\/jlgequipements.fr\/index.php\/produit\/fauteuil-emmanuelle-2\/\" \/>\n<meta property=\"og:locale\" content=\"fr_FR\" \/>\n<meta property=\"og:type\" content=\"article\" \/>\n<meta property=\"og:title\" content=\"FAUTEUIL EMMANUELLE 2 - JLG \u00c9quipements Collectivit\u00e9s\" \/>\n<meta property=\"og:description\" content=\"&#8211; Mat\u00e9riau : Assise et dossier en mousse recouverts de simili cuir &#8211; Acier laqu\u00e9 avec 5 roues en nylon de 6 cm de diam\u00e8tre &#8211; Grand confort avec mousse de densit\u00e9 35 kg\/m3 pour l\u2019assise \u00a0 et 22 kg\/m3 pour le dossier &#8211; Accoudoirs fixes en m\u00e9tal avec manchettes en simili cuir &#8211; Usage quotidien de 8 heures, pour un poids maximum de 110 kg &#8211; Dimensions : Prof. 530 mm x Larg. 520 mm x Haut. 720 mm &#8211; R\u00e9f\u00e9rence produit : 159355\" \/>\n<meta property=\"og:url\" content=\"https:\/\/jlgequipements.fr\/index.php\/produit\/fauteuil-emmanuelle-2\/\" \/>\n<meta property=\"og:site_name\" content=\"JLG \u00c9quipements Collectivit\u00e9s\" \/>\n<meta property=\"article:modified_time\" content=\"2026-01-28T14:24:16+00:00\" \/>\n<meta property=\"og:image\" content=\"http:\/\/jlgequipements.fr\/wp-content\/uploads\/2025\/01\/fauteuil-manue1.jpg\" \/>\n\t<meta property=\"og:image:width\" content=\"2083\" \/>\n\t<meta property=\"og:image:height\" content=\"2083\" \/>\n\t<meta property=\"og:image:type\" content=\"image\/jpeg\" \/>\n<meta name=\"twitter:card\" content=\"summary_large_image\" \/>\n<script type=\"application\/ld+json\" class=\"yoast-schema-graph\">{\"@context\":\"https:\/\/schema.org\",\"@graph\":[{\"@type\":\"WebPage\",\"@id\":\"https:\/\/jlgequipements.fr\/index.php\/produit\/fauteuil-emmanuelle-2\/\",\"url\":\"https:\/\/jlgequipements.fr\/index.php\/produit\/fauteuil-emmanuelle-2\/\",\"name\":\"FAUTEUIL EMMANUELLE 2 - JLG \u00c9quipements Collectivit\u00e9s\",\"isPartOf\":{\"@id\":\"https:\/\/jlgequipements.fr\/#website\"},\"primaryImageOfPage\":{\"@id\":\"https:\/\/jlgequipements.fr\/index.php\/produit\/fauteuil-emmanuelle-2\/#primaryimage\"},\"image\":{\"@id\":\"https:\/\/jlgequipements.fr\/index.php\/produit\/fauteuil-emmanuelle-2\/#primaryimage\"},\"thumbnailUrl\":\"https:\/\/jlgequipements.fr\/wp-content\/uploads\/2025\/01\/fauteuil-manue1.jpg\",\"datePublished\":\"2025-01-29T15:00:14+00:00\",\"dateModified\":\"2026-01-28T14:24:16+00:00\",\"breadcrumb\":{\"@id\":\"https:\/\/jlgequipements.fr\/index.php\/produit\/fauteuil-emmanuelle-2\/#breadcrumb\"},\"inLanguage\":\"fr-FR\",\"potentialAction\":[{\"@type\":\"ReadAction\",\"target\":[\"https:\/\/jlgequipements.fr\/index.php\/produit\/fauteuil-emmanuelle-2\/\"]}]},{\"@type\":\"ImageObject\",\"inLanguage\":\"fr-FR\",\"@id\":\"https:\/\/jlgequipements.fr\/index.php\/produit\/fauteuil-emmanuelle-2\/#primaryimage\",\"url\":\"https:\/\/jlgequipements.fr\/wp-content\/uploads\/2025\/01\/fauteuil-manue1.jpg\",\"contentUrl\":\"https:\/\/jlgequipements.fr\/wp-content\/uploads\/2025\/01\/fauteuil-manue1.jpg\",\"width\":2083,\"height\":2083},{\"@type\":\"BreadcrumbList\",\"@id\":\"https:\/\/jlgequipements.fr\/index.php\/produit\/fauteuil-emmanuelle-2\/#breadcrumb\",\"itemListElement\":[{\"@type\":\"ListItem\",\"position\":1,\"name\":\"Accueil\",\"item\":\"https:\/\/jlgequipements.fr\/\"},{\"@type\":\"ListItem\",\"position\":2,\"name\":\"Boutique\",\"item\":\"https:\/\/jlgequipements.fr\/index.php\/boutique\/\"},{\"@type\":\"ListItem\",\"position\":3,\"name\":\"FAUTEUIL EMMANUELLE 2\"}]},{\"@type\":\"WebSite\",\"@id\":\"https:\/\/jlgequipements.fr\/#website\",\"url\":\"https:\/\/jlgequipements.fr\/\",\"name\":\"JLG \u00c9quipements collectivit\u00e9\",\"description\":\"Le partenaire des communes\",\"publisher\":{\"@id\":\"https:\/\/jlgequipements.fr\/#organization\"},\"potentialAction\":[{\"@type\":\"SearchAction\",\"target\":{\"@type\":\"EntryPoint\",\"urlTemplate\":\"https:\/\/jlgequipements.fr\/?s={search_term_string}\"},\"query-input\":{\"@type\":\"PropertyValueSpecification\",\"valueRequired\":true,\"valueName\":\"search_term_string\"}}],\"inLanguage\":\"fr-FR\"},{\"@type\":\"Organization\",\"@id\":\"https:\/\/jlgequipements.fr\/#organization\",\"name\":\"JLG \u00c9quipements collectivit\u00e9\",\"url\":\"https:\/\/jlgequipements.fr\/\",\"logo\":{\"@type\":\"ImageObject\",\"inLanguage\":\"fr-FR\",\"@id\":\"https:\/\/jlgequipements.fr\/#\/schema\/logo\/image\/\",\"url\":\"https:\/\/jlgequipements.fr\/wp-content\/uploads\/2024\/01\/JLG_LOGO_VECTO.png\",\"contentUrl\":\"https:\/\/jlgequipements.fr\/wp-content\/uploads\/2024\/01\/JLG_LOGO_VECTO.png\",\"width\":3293,\"height\":3292,\"caption\":\"JLG \u00c9quipements collectivit\u00e9\"},\"image\":{\"@id\":\"https:\/\/jlgequipements.fr\/#\/schema\/logo\/image\/\"}}]}<\/script>\n<!-- \/ Yoast SEO plugin. -->","yoast_head_json":{"title":"FAUTEUIL EMMANUELLE 2 - JLG \u00c9quipements Collectivit\u00e9s","robots":{"index":"index","follow":"follow","max-snippet":"max-snippet:-1","max-image-preview":"max-image-preview:large","max-video-preview":"max-video-preview:-1"},"canonical":"https:\/\/jlgequipements.fr\/index.php\/produit\/fauteuil-emmanuelle-2\/","og_locale":"fr_FR","og_type":"article","og_title":"FAUTEUIL EMMANUELLE 2 - JLG \u00c9quipements Collectivit\u00e9s","og_description":"&#8211; Mat\u00e9riau : Assise et dossier en mousse recouverts de simili cuir &#8211; Acier laqu\u00e9 avec 5 roues en nylon de 6 cm de diam\u00e8tre &#8211; Grand confort avec mousse de densit\u00e9 35 kg\/m3 pour l\u2019assise \u00a0 et 22 kg\/m3 pour le dossier &#8211; Accoudoirs fixes en m\u00e9tal avec manchettes en simili cuir &#8211; Usage quotidien de 8 heures, pour un poids maximum de 110 kg &#8211; Dimensions : Prof. 530 mm x Larg. 520 mm x Haut. 720 mm &#8211; R\u00e9f\u00e9rence produit : 159355","og_url":"https:\/\/jlgequipements.fr\/index.php\/produit\/fauteuil-emmanuelle-2\/","og_site_name":"JLG \u00c9quipements Collectivit\u00e9s","article_modified_time":"2026-01-28T14:24:16+00:00","og_image":[{"width":2083,"height":2083,"url":"http:\/\/jlgequipements.fr\/wp-content\/uploads\/2025\/01\/fauteuil-manue1.jpg","type":"image\/jpeg"}],"twitter_card":"summary_large_image","schema":{"@context":"https:\/\/schema.org","@graph":[{"@type":"WebPage","@id":"https:\/\/jlgequipements.fr\/index.php\/produit\/fauteuil-emmanuelle-2\/","url":"https:\/\/jlgequipements.fr\/index.php\/produit\/fauteuil-emmanuelle-2\/","name":"FAUTEUIL EMMANUELLE 2 - JLG \u00c9quipements Collectivit\u00e9s","isPartOf":{"@id":"https:\/\/jlgequipements.fr\/#website"},"primaryImageOfPage":{"@id":"https:\/\/jlgequipements.fr\/index.php\/produit\/fauteuil-emmanuelle-2\/#primaryimage"},"image":{"@id":"https:\/\/jlgequipements.fr\/index.php\/produit\/fauteuil-emmanuelle-2\/#primaryimage"},"thumbnailUrl":"https:\/\/jlgequipements.fr\/wp-content\/uploads\/2025\/01\/fauteuil-manue1.jpg","datePublished":"2025-01-29T15:00:14+00:00","dateModified":"2026-01-28T14:24:16+00:00","breadcrumb":{"@id":"https:\/\/jlgequipements.fr\/index.php\/produit\/fauteuil-emmanuelle-2\/#breadcrumb"},"inLanguage":"fr-FR","potentialAction":[{"@type":"ReadAction","target":["https:\/\/jlgequipements.fr\/index.php\/produit\/fauteuil-emmanuelle-2\/"]}]},{"@type":"ImageObject","inLanguage":"fr-FR","@id":"https:\/\/jlgequipements.fr\/index.php\/produit\/fauteuil-emmanuelle-2\/#primaryimage","url":"https:\/\/jlgequipements.fr\/wp-content\/uploads\/2025\/01\/fauteuil-manue1.jpg","contentUrl":"https:\/\/jlgequipements.fr\/wp-content\/uploads\/2025\/01\/fauteuil-manue1.jpg","width":2083,"height":2083},{"@type":"BreadcrumbList","@id":"https:\/\/jlgequipements.fr\/index.php\/produit\/fauteuil-emmanuelle-2\/#breadcrumb","itemListElement":[{"@type":"ListItem","position":1,"name":"Accueil","item":"https:\/\/jlgequipements.fr\/"},{"@type":"ListItem","position":2,"name":"Boutique","item":"https:\/\/jlgequipements.fr\/index.php\/boutique\/"},{"@type":"ListItem","position":3,"name":"FAUTEUIL EMMANUELLE 2"}]},{"@type":"WebSite","@id":"https:\/\/jlgequipements.fr\/#website","url":"https:\/\/jlgequipements.fr\/","name":"JLG \u00c9quipements collectivit\u00e9","description":"Le partenaire des communes","publisher":{"@id":"https:\/\/jlgequipements.fr\/#organization"},"potentialAction":[{"@type":"SearchAction","target":{"@type":"EntryPoint","urlTemplate":"https:\/\/jlgequipements.fr\/?s={search_term_string}"},"query-input":{"@type":"PropertyValueSpecification","valueRequired":true,"valueName":"search_term_string"}}],"inLanguage":"fr-FR"},{"@type":"Organization","@id":"https:\/\/jlgequipements.fr\/#organization","name":"JLG \u00c9quipements collectivit\u00e9","url":"https:\/\/jlgequipements.fr\/","logo":{"@type":"ImageObject","inLanguage":"fr-FR","@id":"https:\/\/jlgequipements.fr\/#\/schema\/logo\/image\/","url":"https:\/\/jlgequipements.fr\/wp-content\/uploads\/2024\/01\/JLG_LOGO_VECTO.png","contentUrl":"https:\/\/jlgequipements.fr\/wp-content\/uploads\/2024\/01\/JLG_LOGO_VECTO.png","width":3293,"height":3292,"caption":"JLG \u00c9quipements collectivit\u00e9"},"image":{"@id":"https:\/\/jlgequipements.fr\/#\/schema\/logo\/image\/"}}]}},"_links":{"self":[{"href":"https:\/\/jlgequipements.fr\/index.php\/wp-json\/wp\/v2\/product\/13745","targetHints":{"allow":["GET"]}}],"collection":[{"href":"https:\/\/jlgequipements.fr\/index.php\/wp-json\/wp\/v2\/product"}],"about":[{"href":"https:\/\/jlgequipements.fr\/index.php\/wp-json\/wp\/v2\/types\/product"}],"replies":[{"embeddable":true,"href":"https:\/\/jlgequipements.fr\/index.php\/wp-json\/wp\/v2\/comments?post=13745"}],"version-history":[{"count":3,"href":"https:\/\/jlgequipements.fr\/index.php\/wp-json\/wp\/v2\/product\/13745\/revisions"}],"predecessor-version":[{"id":14424,"href":"https:\/\/jlgequipements.fr\/index.php\/wp-json\/wp\/v2\/product\/13745\/revisions\/14424"}],"wp:featuredmedia":[{"embeddable":true,"href":"https:\/\/jlgequipements.fr\/index.php\/wp-json\/wp\/v2\/media\/14421"}],"wp:attachment":[{"href":"https:\/\/jlgequipements.fr\/index.php\/wp-json\/wp\/v2\/media?parent=13745"}],"wp:term":[{"taxonomy":"product_brand","embeddable":true,"href":"https:\/\/jlgequipements.fr\/index.php\/wp-json\/wp\/v2\/product_brand?post=13745"},{"taxonomy":"product_cat","embeddable":true,"href":"https:\/\/jlgequipements.fr\/index.php\/wp-json\/wp\/v2\/product_cat?post=13745"},{"taxonomy":"product_tag","embeddable":true,"href":"https:\/\/jlgequipements.fr\/index.php\/wp-json\/wp\/v2\/product_tag?post=13745"}],"curies":[{"name":"wp","href":"https:\/\/api.w.org\/{rel}","templated":true}]}}