{"id":13612,"date":"2025-01-29T14:12:56","date_gmt":"2025-01-29T13:12:56","guid":{"rendered":"https:\/\/jlgequipements.fr\/?post_type=product&#038;p=13612"},"modified":"2026-01-29T15:48:27","modified_gmt":"2026-01-29T14:48:27","slug":"ramette-papier-500-feuilles-q-connect-a4-80-gr","status":"publish","type":"product","link":"https:\/\/jlgequipements.fr\/index.php\/produit\/ramette-papier-500-feuilles-q-connect-a4-80-gr\/","title":{"rendered":"RAMETTE PAPIER 500 FEUILLES Q CONNECT A4 80 GR"},"content":{"rendered":"<p class=\"p1\">Le papier Q-Connect A4 80g\/m\u00c7 Multifonction est un choix \u00e9conomique et polyvalent pour une vari\u00e9t\u00e9 d\u2019applications de bureau et d\u2019impression.<\/p>\n<p class=\"p1\">Ce papier est con\u00e7u pour \u00eatre utilis\u00e9 avec des imprimantes jet d\u2019encre, des imprimantes laser, ainsi que des copieurs, offrant une performance coh\u00e9rente et fiable.<\/p>\n<p>&nbsp;<\/p>\n<p>Vendu par lot de 5, 50 et 240 (la palette)<\/p>\n","protected":false},"excerpt":{"rendered":"<p>Le papier Q-Connect A4 80g\/m\u00c7 Multifonction est un choix \u00e9conomique et polyvalent pour une vari\u00e9t\u00e9 d\u2019applications de bureau et d\u2019impression. Ce papier est con\u00e7u pour \u00eatre utilis\u00e9 avec des imprimantes jet d\u2019encre, des imprimantes laser, ainsi que des copieurs, offrant une performance coh\u00e9rente et fiable. &nbsp; Vendu par lot de 5, 50 et 240 (la palette)<\/p>\n","protected":false},"featured_media":14649,"comment_status":"open","ping_status":"closed","template":"","meta":[],"product_brand":[],"product_cat":[305,198],"product_tag":[],"class_list":{"0":"post-13612","1":"product","2":"type-product","3":"status-publish","4":"has-post-thumbnail","6":"product_cat-papeterie","7":"product_cat-etat-civil","9":"first","10":"instock","11":"shipping-taxable","12":"product-type-simple"},"yoast_head":"<!-- This site is optimized with the Yoast SEO plugin v27.1.1 - https:\/\/yoast.com\/product\/yoast-seo-wordpress\/ -->\n<title>RAMETTE PAPIER 500 FEUILLES Q CONNECT A4 80 GR - JLG \u00c9quipements Collectivit\u00e9s<\/title>\n<meta name=\"robots\" content=\"index, follow, max-snippet:-1, max-image-preview:large, max-video-preview:-1\" \/>\n<link rel=\"canonical\" href=\"https:\/\/jlgequipements.fr\/index.php\/produit\/ramette-papier-500-feuilles-q-connect-a4-80-gr\/\" \/>\n<meta property=\"og:locale\" content=\"fr_FR\" \/>\n<meta property=\"og:type\" content=\"article\" \/>\n<meta property=\"og:title\" content=\"RAMETTE PAPIER 500 FEUILLES Q CONNECT A4 80 GR - JLG \u00c9quipements Collectivit\u00e9s\" \/>\n<meta property=\"og:description\" content=\"Le papier Q-Connect A4 80g\/m\u00c7 Multifonction est un choix \u00e9conomique et polyvalent pour une vari\u00e9t\u00e9 d\u2019applications de bureau et d\u2019impression. Ce papier est con\u00e7u pour \u00eatre utilis\u00e9 avec des imprimantes jet d\u2019encre, des imprimantes laser, ainsi que des copieurs, offrant une performance coh\u00e9rente et fiable. &nbsp; Vendu par lot de 5, 50 et 240 (la palette)\" \/>\n<meta property=\"og:url\" content=\"https:\/\/jlgequipements.fr\/index.php\/produit\/ramette-papier-500-feuilles-q-connect-a4-80-gr\/\" \/>\n<meta property=\"og:site_name\" content=\"JLG \u00c9quipements Collectivit\u00e9s\" \/>\n<meta property=\"article:modified_time\" content=\"2026-01-29T14:48:27+00:00\" \/>\n<meta property=\"og:image\" content=\"https:\/\/jlgequipements.fr\/wp-content\/uploads\/2025\/01\/ramette-A4.jpg\" \/>\n\t<meta property=\"og:image:width\" content=\"2083\" \/>\n\t<meta property=\"og:image:height\" content=\"2083\" \/>\n\t<meta property=\"og:image:type\" content=\"image\/jpeg\" \/>\n<meta name=\"twitter:card\" content=\"summary_large_image\" \/>\n<script type=\"application\/ld+json\" class=\"yoast-schema-graph\">{\"@context\":\"https:\/\/schema.org\",\"@graph\":[{\"@type\":\"WebPage\",\"@id\":\"https:\/\/jlgequipements.fr\/index.php\/produit\/ramette-papier-500-feuilles-q-connect-a4-80-gr\/\",\"url\":\"https:\/\/jlgequipements.fr\/index.php\/produit\/ramette-papier-500-feuilles-q-connect-a4-80-gr\/\",\"name\":\"RAMETTE PAPIER 500 FEUILLES Q CONNECT A4 80 GR - JLG \u00c9quipements Collectivit\u00e9s\",\"isPartOf\":{\"@id\":\"https:\/\/jlgequipements.fr\/#website\"},\"primaryImageOfPage\":{\"@id\":\"https:\/\/jlgequipements.fr\/index.php\/produit\/ramette-papier-500-feuilles-q-connect-a4-80-gr\/#primaryimage\"},\"image\":{\"@id\":\"https:\/\/jlgequipements.fr\/index.php\/produit\/ramette-papier-500-feuilles-q-connect-a4-80-gr\/#primaryimage\"},\"thumbnailUrl\":\"https:\/\/jlgequipements.fr\/wp-content\/uploads\/2025\/01\/ramette-A4.jpg\",\"datePublished\":\"2025-01-29T13:12:56+00:00\",\"dateModified\":\"2026-01-29T14:48:27+00:00\",\"breadcrumb\":{\"@id\":\"https:\/\/jlgequipements.fr\/index.php\/produit\/ramette-papier-500-feuilles-q-connect-a4-80-gr\/#breadcrumb\"},\"inLanguage\":\"fr-FR\",\"potentialAction\":[{\"@type\":\"ReadAction\",\"target\":[\"https:\/\/jlgequipements.fr\/index.php\/produit\/ramette-papier-500-feuilles-q-connect-a4-80-gr\/\"]}]},{\"@type\":\"ImageObject\",\"inLanguage\":\"fr-FR\",\"@id\":\"https:\/\/jlgequipements.fr\/index.php\/produit\/ramette-papier-500-feuilles-q-connect-a4-80-gr\/#primaryimage\",\"url\":\"https:\/\/jlgequipements.fr\/wp-content\/uploads\/2025\/01\/ramette-A4.jpg\",\"contentUrl\":\"https:\/\/jlgequipements.fr\/wp-content\/uploads\/2025\/01\/ramette-A4.jpg\",\"width\":2083,\"height\":2083},{\"@type\":\"BreadcrumbList\",\"@id\":\"https:\/\/jlgequipements.fr\/index.php\/produit\/ramette-papier-500-feuilles-q-connect-a4-80-gr\/#breadcrumb\",\"itemListElement\":[{\"@type\":\"ListItem\",\"position\":1,\"name\":\"Accueil\",\"item\":\"https:\/\/jlgequipements.fr\/\"},{\"@type\":\"ListItem\",\"position\":2,\"name\":\"Boutique\",\"item\":\"https:\/\/jlgequipements.fr\/index.php\/boutique\/\"},{\"@type\":\"ListItem\",\"position\":3,\"name\":\"RAMETTE PAPIER 500 FEUILLES Q CONNECT A4 80 GR\"}]},{\"@type\":\"WebSite\",\"@id\":\"https:\/\/jlgequipements.fr\/#website\",\"url\":\"https:\/\/jlgequipements.fr\/\",\"name\":\"JLG \u00c9quipements collectivit\u00e9\",\"description\":\"Le partenaire des communes\",\"publisher\":{\"@id\":\"https:\/\/jlgequipements.fr\/#organization\"},\"potentialAction\":[{\"@type\":\"SearchAction\",\"target\":{\"@type\":\"EntryPoint\",\"urlTemplate\":\"https:\/\/jlgequipements.fr\/?s={search_term_string}\"},\"query-input\":{\"@type\":\"PropertyValueSpecification\",\"valueRequired\":true,\"valueName\":\"search_term_string\"}}],\"inLanguage\":\"fr-FR\"},{\"@type\":\"Organization\",\"@id\":\"https:\/\/jlgequipements.fr\/#organization\",\"name\":\"JLG \u00c9quipements collectivit\u00e9\",\"url\":\"https:\/\/jlgequipements.fr\/\",\"logo\":{\"@type\":\"ImageObject\",\"inLanguage\":\"fr-FR\",\"@id\":\"https:\/\/jlgequipements.fr\/#\/schema\/logo\/image\/\",\"url\":\"https:\/\/jlgequipements.fr\/wp-content\/uploads\/2024\/01\/JLG_LOGO_VECTO.png\",\"contentUrl\":\"https:\/\/jlgequipements.fr\/wp-content\/uploads\/2024\/01\/JLG_LOGO_VECTO.png\",\"width\":3293,\"height\":3292,\"caption\":\"JLG \u00c9quipements collectivit\u00e9\"},\"image\":{\"@id\":\"https:\/\/jlgequipements.fr\/#\/schema\/logo\/image\/\"}}]}<\/script>\n<!-- \/ Yoast SEO plugin. -->","yoast_head_json":{"title":"RAMETTE PAPIER 500 FEUILLES Q CONNECT A4 80 GR - JLG \u00c9quipements Collectivit\u00e9s","robots":{"index":"index","follow":"follow","max-snippet":"max-snippet:-1","max-image-preview":"max-image-preview:large","max-video-preview":"max-video-preview:-1"},"canonical":"https:\/\/jlgequipements.fr\/index.php\/produit\/ramette-papier-500-feuilles-q-connect-a4-80-gr\/","og_locale":"fr_FR","og_type":"article","og_title":"RAMETTE PAPIER 500 FEUILLES Q CONNECT A4 80 GR - JLG \u00c9quipements Collectivit\u00e9s","og_description":"Le papier Q-Connect A4 80g\/m\u00c7 Multifonction est un choix \u00e9conomique et polyvalent pour une vari\u00e9t\u00e9 d\u2019applications de bureau et d\u2019impression. Ce papier est con\u00e7u pour \u00eatre utilis\u00e9 avec des imprimantes jet d\u2019encre, des imprimantes laser, ainsi que des copieurs, offrant une performance coh\u00e9rente et fiable. &nbsp; Vendu par lot de 5, 50 et 240 (la palette)","og_url":"https:\/\/jlgequipements.fr\/index.php\/produit\/ramette-papier-500-feuilles-q-connect-a4-80-gr\/","og_site_name":"JLG \u00c9quipements Collectivit\u00e9s","article_modified_time":"2026-01-29T14:48:27+00:00","og_image":[{"width":2083,"height":2083,"url":"https:\/\/jlgequipements.fr\/wp-content\/uploads\/2025\/01\/ramette-A4.jpg","type":"image\/jpeg"}],"twitter_card":"summary_large_image","schema":{"@context":"https:\/\/schema.org","@graph":[{"@type":"WebPage","@id":"https:\/\/jlgequipements.fr\/index.php\/produit\/ramette-papier-500-feuilles-q-connect-a4-80-gr\/","url":"https:\/\/jlgequipements.fr\/index.php\/produit\/ramette-papier-500-feuilles-q-connect-a4-80-gr\/","name":"RAMETTE PAPIER 500 FEUILLES Q CONNECT A4 80 GR - JLG \u00c9quipements Collectivit\u00e9s","isPartOf":{"@id":"https:\/\/jlgequipements.fr\/#website"},"primaryImageOfPage":{"@id":"https:\/\/jlgequipements.fr\/index.php\/produit\/ramette-papier-500-feuilles-q-connect-a4-80-gr\/#primaryimage"},"image":{"@id":"https:\/\/jlgequipements.fr\/index.php\/produit\/ramette-papier-500-feuilles-q-connect-a4-80-gr\/#primaryimage"},"thumbnailUrl":"https:\/\/jlgequipements.fr\/wp-content\/uploads\/2025\/01\/ramette-A4.jpg","datePublished":"2025-01-29T13:12:56+00:00","dateModified":"2026-01-29T14:48:27+00:00","breadcrumb":{"@id":"https:\/\/jlgequipements.fr\/index.php\/produit\/ramette-papier-500-feuilles-q-connect-a4-80-gr\/#breadcrumb"},"inLanguage":"fr-FR","potentialAction":[{"@type":"ReadAction","target":["https:\/\/jlgequipements.fr\/index.php\/produit\/ramette-papier-500-feuilles-q-connect-a4-80-gr\/"]}]},{"@type":"ImageObject","inLanguage":"fr-FR","@id":"https:\/\/jlgequipements.fr\/index.php\/produit\/ramette-papier-500-feuilles-q-connect-a4-80-gr\/#primaryimage","url":"https:\/\/jlgequipements.fr\/wp-content\/uploads\/2025\/01\/ramette-A4.jpg","contentUrl":"https:\/\/jlgequipements.fr\/wp-content\/uploads\/2025\/01\/ramette-A4.jpg","width":2083,"height":2083},{"@type":"BreadcrumbList","@id":"https:\/\/jlgequipements.fr\/index.php\/produit\/ramette-papier-500-feuilles-q-connect-a4-80-gr\/#breadcrumb","itemListElement":[{"@type":"ListItem","position":1,"name":"Accueil","item":"https:\/\/jlgequipements.fr\/"},{"@type":"ListItem","position":2,"name":"Boutique","item":"https:\/\/jlgequipements.fr\/index.php\/boutique\/"},{"@type":"ListItem","position":3,"name":"RAMETTE PAPIER 500 FEUILLES Q CONNECT A4 80 GR"}]},{"@type":"WebSite","@id":"https:\/\/jlgequipements.fr\/#website","url":"https:\/\/jlgequipements.fr\/","name":"JLG \u00c9quipements collectivit\u00e9","description":"Le partenaire des communes","publisher":{"@id":"https:\/\/jlgequipements.fr\/#organization"},"potentialAction":[{"@type":"SearchAction","target":{"@type":"EntryPoint","urlTemplate":"https:\/\/jlgequipements.fr\/?s={search_term_string}"},"query-input":{"@type":"PropertyValueSpecification","valueRequired":true,"valueName":"search_term_string"}}],"inLanguage":"fr-FR"},{"@type":"Organization","@id":"https:\/\/jlgequipements.fr\/#organization","name":"JLG \u00c9quipements collectivit\u00e9","url":"https:\/\/jlgequipements.fr\/","logo":{"@type":"ImageObject","inLanguage":"fr-FR","@id":"https:\/\/jlgequipements.fr\/#\/schema\/logo\/image\/","url":"https:\/\/jlgequipements.fr\/wp-content\/uploads\/2024\/01\/JLG_LOGO_VECTO.png","contentUrl":"https:\/\/jlgequipements.fr\/wp-content\/uploads\/2024\/01\/JLG_LOGO_VECTO.png","width":3293,"height":3292,"caption":"JLG \u00c9quipements collectivit\u00e9"},"image":{"@id":"https:\/\/jlgequipements.fr\/#\/schema\/logo\/image\/"}}]}},"_links":{"self":[{"href":"https:\/\/jlgequipements.fr\/index.php\/wp-json\/wp\/v2\/product\/13612","targetHints":{"allow":["GET"]}}],"collection":[{"href":"https:\/\/jlgequipements.fr\/index.php\/wp-json\/wp\/v2\/product"}],"about":[{"href":"https:\/\/jlgequipements.fr\/index.php\/wp-json\/wp\/v2\/types\/product"}],"replies":[{"embeddable":true,"href":"https:\/\/jlgequipements.fr\/index.php\/wp-json\/wp\/v2\/comments?post=13612"}],"version-history":[{"count":1,"href":"https:\/\/jlgequipements.fr\/index.php\/wp-json\/wp\/v2\/product\/13612\/revisions"}],"predecessor-version":[{"id":13614,"href":"https:\/\/jlgequipements.fr\/index.php\/wp-json\/wp\/v2\/product\/13612\/revisions\/13614"}],"wp:featuredmedia":[{"embeddable":true,"href":"https:\/\/jlgequipements.fr\/index.php\/wp-json\/wp\/v2\/media\/14649"}],"wp:attachment":[{"href":"https:\/\/jlgequipements.fr\/index.php\/wp-json\/wp\/v2\/media?parent=13612"}],"wp:term":[{"taxonomy":"product_brand","embeddable":true,"href":"https:\/\/jlgequipements.fr\/index.php\/wp-json\/wp\/v2\/product_brand?post=13612"},{"taxonomy":"product_cat","embeddable":true,"href":"https:\/\/jlgequipements.fr\/index.php\/wp-json\/wp\/v2\/product_cat?post=13612"},{"taxonomy":"product_tag","embeddable":true,"href":"https:\/\/jlgequipements.fr\/index.php\/wp-json\/wp\/v2\/product_tag?post=13612"}],"curies":[{"name":"wp","href":"https:\/\/api.w.org\/{rel}","templated":true}]}}