{"id":13356,"date":"2024-08-19T11:37:54","date_gmt":"2024-08-19T09:37:54","guid":{"rendered":"https:\/\/jlgequipements.fr\/?post_type=product&#038;p=13356"},"modified":"2024-08-19T11:37:55","modified_gmt":"2024-08-19T09:37:55","slug":"portique-2-places","status":"publish","type":"product","link":"https:\/\/jlgequipements.fr\/index.php\/produit\/portique-2-places\/","title":{"rendered":"PORTIQUE 2 PLACES"},"content":{"rendered":"<p class=\"p1\"><b>Description :<\/b><\/p>\n<p class=\"p2\">\u00c2ge : 3 \u00e0 12 ans<\/p>\n<p class=\"p2\">2 places<\/p>\n<p class=\"p2\">Poteaux en bois trait\u00e9 autoclave section 90 x 90 mm et traverse<\/p>\n<p class=\"p2\">en acier galvanis\u00e9 \u00d8 76 mm<\/p>\n<p class=\"p2\">Si\u00e8ges en caoutchouc maintenus par des chaines<span class=\"Apple-converted-space\">\u00a0<\/span><\/p>\n<p class=\"p2\">en acier inoxydables<\/p>\n<p class=\"p2\">\u00c0 sceller ou fixations au sol par platines en acier<\/p>\n<p class=\"p2\">Livr\u00e9 d\u00e9mont\u00e9<\/p>\n<p class=\"p2\">Poids : 70 kg<\/p>\n<p class=\"p2\">Assises : hauteur 45 cm<\/p>\n<p class=\"p2\">Zone de s\u00e9curit\u00e9 : 700 x 410 cm<\/p>\n<p class=\"p2\">Conforme \u00e0 la norme EN 1176<\/p>\n","protected":false},"excerpt":{"rendered":"<p>Description : \u00c2ge : 3 \u00e0 12 ans 2 places Poteaux en bois trait\u00e9 autoclave section 90 x 90 mm et traverse en acier galvanis\u00e9 \u00d8 76 mm Si\u00e8ges en caoutchouc maintenus par des chaines\u00a0 en acier inoxydables \u00c0 sceller ou fixations au sol par platines en acier Livr\u00e9 d\u00e9mont\u00e9 Poids : 70 kg Assises : hauteur 45 cm Zone de s\u00e9curit\u00e9 : 700 x 410 cm Conforme \u00e0 la norme EN 1176<\/p>\n","protected":false},"featured_media":13357,"comment_status":"open","ping_status":"closed","template":"","meta":[],"product_brand":[],"product_cat":[231],"product_tag":[],"class_list":{"0":"post-13356","1":"product","2":"type-product","3":"status-publish","4":"has-post-thumbnail","6":"product_cat-aires-de-jeux","8":"first","9":"instock","10":"shipping-taxable","11":"product-type-simple"},"yoast_head":"<!-- This site is optimized with the Yoast SEO plugin v27.1.1 - https:\/\/yoast.com\/product\/yoast-seo-wordpress\/ -->\n<title>PORTIQUE 2 PLACES - JLG \u00c9quipements Collectivit\u00e9s<\/title>\n<meta name=\"robots\" content=\"index, follow, max-snippet:-1, max-image-preview:large, max-video-preview:-1\" \/>\n<link rel=\"canonical\" href=\"https:\/\/jlgequipements.fr\/index.php\/produit\/portique-2-places\/\" \/>\n<meta property=\"og:locale\" content=\"fr_FR\" \/>\n<meta property=\"og:type\" content=\"article\" \/>\n<meta property=\"og:title\" content=\"PORTIQUE 2 PLACES - JLG \u00c9quipements Collectivit\u00e9s\" \/>\n<meta property=\"og:description\" content=\"Description : \u00c2ge : 3 \u00e0 12 ans 2 places Poteaux en bois trait\u00e9 autoclave section 90 x 90 mm et traverse en acier galvanis\u00e9 \u00d8 76 mm Si\u00e8ges en caoutchouc maintenus par des chaines\u00a0 en acier inoxydables \u00c0 sceller ou fixations au sol par platines en acier Livr\u00e9 d\u00e9mont\u00e9 Poids : 70 kg Assises : hauteur 45 cm Zone de s\u00e9curit\u00e9 : 700 x 410 cm Conforme \u00e0 la norme EN 1176\" \/>\n<meta property=\"og:url\" content=\"https:\/\/jlgequipements.fr\/index.php\/produit\/portique-2-places\/\" \/>\n<meta property=\"og:site_name\" content=\"JLG \u00c9quipements Collectivit\u00e9s\" \/>\n<meta property=\"article:modified_time\" content=\"2024-08-19T09:37:55+00:00\" \/>\n<meta property=\"og:image\" content=\"http:\/\/jlgequipements.fr\/wp-content\/uploads\/2024\/08\/portique-poutre-acier-2-balancoires.png\" \/>\n\t<meta property=\"og:image:width\" content=\"800\" \/>\n\t<meta property=\"og:image:height\" content=\"800\" \/>\n\t<meta property=\"og:image:type\" content=\"image\/png\" \/>\n<meta name=\"twitter:card\" content=\"summary_large_image\" \/>\n<script type=\"application\/ld+json\" class=\"yoast-schema-graph\">{\"@context\":\"https:\/\/schema.org\",\"@graph\":[{\"@type\":\"WebPage\",\"@id\":\"https:\/\/jlgequipements.fr\/index.php\/produit\/portique-2-places\/\",\"url\":\"https:\/\/jlgequipements.fr\/index.php\/produit\/portique-2-places\/\",\"name\":\"PORTIQUE 2 PLACES - JLG \u00c9quipements Collectivit\u00e9s\",\"isPartOf\":{\"@id\":\"https:\/\/jlgequipements.fr\/#website\"},\"primaryImageOfPage\":{\"@id\":\"https:\/\/jlgequipements.fr\/index.php\/produit\/portique-2-places\/#primaryimage\"},\"image\":{\"@id\":\"https:\/\/jlgequipements.fr\/index.php\/produit\/portique-2-places\/#primaryimage\"},\"thumbnailUrl\":\"https:\/\/jlgequipements.fr\/wp-content\/uploads\/2024\/08\/portique-poutre-acier-2-balancoires.png\",\"datePublished\":\"2024-08-19T09:37:54+00:00\",\"dateModified\":\"2024-08-19T09:37:55+00:00\",\"breadcrumb\":{\"@id\":\"https:\/\/jlgequipements.fr\/index.php\/produit\/portique-2-places\/#breadcrumb\"},\"inLanguage\":\"fr-FR\",\"potentialAction\":[{\"@type\":\"ReadAction\",\"target\":[\"https:\/\/jlgequipements.fr\/index.php\/produit\/portique-2-places\/\"]}]},{\"@type\":\"ImageObject\",\"inLanguage\":\"fr-FR\",\"@id\":\"https:\/\/jlgequipements.fr\/index.php\/produit\/portique-2-places\/#primaryimage\",\"url\":\"https:\/\/jlgequipements.fr\/wp-content\/uploads\/2024\/08\/portique-poutre-acier-2-balancoires.png\",\"contentUrl\":\"https:\/\/jlgequipements.fr\/wp-content\/uploads\/2024\/08\/portique-poutre-acier-2-balancoires.png\",\"width\":800,\"height\":800},{\"@type\":\"BreadcrumbList\",\"@id\":\"https:\/\/jlgequipements.fr\/index.php\/produit\/portique-2-places\/#breadcrumb\",\"itemListElement\":[{\"@type\":\"ListItem\",\"position\":1,\"name\":\"Accueil\",\"item\":\"https:\/\/jlgequipements.fr\/\"},{\"@type\":\"ListItem\",\"position\":2,\"name\":\"Boutique\",\"item\":\"https:\/\/jlgequipements.fr\/index.php\/boutique\/\"},{\"@type\":\"ListItem\",\"position\":3,\"name\":\"PORTIQUE 2 PLACES\"}]},{\"@type\":\"WebSite\",\"@id\":\"https:\/\/jlgequipements.fr\/#website\",\"url\":\"https:\/\/jlgequipements.fr\/\",\"name\":\"JLG \u00c9quipements collectivit\u00e9\",\"description\":\"Le partenaire des communes\",\"publisher\":{\"@id\":\"https:\/\/jlgequipements.fr\/#organization\"},\"potentialAction\":[{\"@type\":\"SearchAction\",\"target\":{\"@type\":\"EntryPoint\",\"urlTemplate\":\"https:\/\/jlgequipements.fr\/?s={search_term_string}\"},\"query-input\":{\"@type\":\"PropertyValueSpecification\",\"valueRequired\":true,\"valueName\":\"search_term_string\"}}],\"inLanguage\":\"fr-FR\"},{\"@type\":\"Organization\",\"@id\":\"https:\/\/jlgequipements.fr\/#organization\",\"name\":\"JLG \u00c9quipements collectivit\u00e9\",\"url\":\"https:\/\/jlgequipements.fr\/\",\"logo\":{\"@type\":\"ImageObject\",\"inLanguage\":\"fr-FR\",\"@id\":\"https:\/\/jlgequipements.fr\/#\/schema\/logo\/image\/\",\"url\":\"https:\/\/jlgequipements.fr\/wp-content\/uploads\/2024\/01\/JLG_LOGO_VECTO.png\",\"contentUrl\":\"https:\/\/jlgequipements.fr\/wp-content\/uploads\/2024\/01\/JLG_LOGO_VECTO.png\",\"width\":3293,\"height\":3292,\"caption\":\"JLG \u00c9quipements collectivit\u00e9\"},\"image\":{\"@id\":\"https:\/\/jlgequipements.fr\/#\/schema\/logo\/image\/\"}}]}<\/script>\n<!-- \/ Yoast SEO plugin. -->","yoast_head_json":{"title":"PORTIQUE 2 PLACES - JLG \u00c9quipements Collectivit\u00e9s","robots":{"index":"index","follow":"follow","max-snippet":"max-snippet:-1","max-image-preview":"max-image-preview:large","max-video-preview":"max-video-preview:-1"},"canonical":"https:\/\/jlgequipements.fr\/index.php\/produit\/portique-2-places\/","og_locale":"fr_FR","og_type":"article","og_title":"PORTIQUE 2 PLACES - JLG \u00c9quipements Collectivit\u00e9s","og_description":"Description : \u00c2ge : 3 \u00e0 12 ans 2 places Poteaux en bois trait\u00e9 autoclave section 90 x 90 mm et traverse en acier galvanis\u00e9 \u00d8 76 mm Si\u00e8ges en caoutchouc maintenus par des chaines\u00a0 en acier inoxydables \u00c0 sceller ou fixations au sol par platines en acier Livr\u00e9 d\u00e9mont\u00e9 Poids : 70 kg Assises : hauteur 45 cm Zone de s\u00e9curit\u00e9 : 700 x 410 cm Conforme \u00e0 la norme EN 1176","og_url":"https:\/\/jlgequipements.fr\/index.php\/produit\/portique-2-places\/","og_site_name":"JLG \u00c9quipements Collectivit\u00e9s","article_modified_time":"2024-08-19T09:37:55+00:00","og_image":[{"width":800,"height":800,"url":"http:\/\/jlgequipements.fr\/wp-content\/uploads\/2024\/08\/portique-poutre-acier-2-balancoires.png","type":"image\/png"}],"twitter_card":"summary_large_image","schema":{"@context":"https:\/\/schema.org","@graph":[{"@type":"WebPage","@id":"https:\/\/jlgequipements.fr\/index.php\/produit\/portique-2-places\/","url":"https:\/\/jlgequipements.fr\/index.php\/produit\/portique-2-places\/","name":"PORTIQUE 2 PLACES - JLG \u00c9quipements Collectivit\u00e9s","isPartOf":{"@id":"https:\/\/jlgequipements.fr\/#website"},"primaryImageOfPage":{"@id":"https:\/\/jlgequipements.fr\/index.php\/produit\/portique-2-places\/#primaryimage"},"image":{"@id":"https:\/\/jlgequipements.fr\/index.php\/produit\/portique-2-places\/#primaryimage"},"thumbnailUrl":"https:\/\/jlgequipements.fr\/wp-content\/uploads\/2024\/08\/portique-poutre-acier-2-balancoires.png","datePublished":"2024-08-19T09:37:54+00:00","dateModified":"2024-08-19T09:37:55+00:00","breadcrumb":{"@id":"https:\/\/jlgequipements.fr\/index.php\/produit\/portique-2-places\/#breadcrumb"},"inLanguage":"fr-FR","potentialAction":[{"@type":"ReadAction","target":["https:\/\/jlgequipements.fr\/index.php\/produit\/portique-2-places\/"]}]},{"@type":"ImageObject","inLanguage":"fr-FR","@id":"https:\/\/jlgequipements.fr\/index.php\/produit\/portique-2-places\/#primaryimage","url":"https:\/\/jlgequipements.fr\/wp-content\/uploads\/2024\/08\/portique-poutre-acier-2-balancoires.png","contentUrl":"https:\/\/jlgequipements.fr\/wp-content\/uploads\/2024\/08\/portique-poutre-acier-2-balancoires.png","width":800,"height":800},{"@type":"BreadcrumbList","@id":"https:\/\/jlgequipements.fr\/index.php\/produit\/portique-2-places\/#breadcrumb","itemListElement":[{"@type":"ListItem","position":1,"name":"Accueil","item":"https:\/\/jlgequipements.fr\/"},{"@type":"ListItem","position":2,"name":"Boutique","item":"https:\/\/jlgequipements.fr\/index.php\/boutique\/"},{"@type":"ListItem","position":3,"name":"PORTIQUE 2 PLACES"}]},{"@type":"WebSite","@id":"https:\/\/jlgequipements.fr\/#website","url":"https:\/\/jlgequipements.fr\/","name":"JLG \u00c9quipements collectivit\u00e9","description":"Le partenaire des communes","publisher":{"@id":"https:\/\/jlgequipements.fr\/#organization"},"potentialAction":[{"@type":"SearchAction","target":{"@type":"EntryPoint","urlTemplate":"https:\/\/jlgequipements.fr\/?s={search_term_string}"},"query-input":{"@type":"PropertyValueSpecification","valueRequired":true,"valueName":"search_term_string"}}],"inLanguage":"fr-FR"},{"@type":"Organization","@id":"https:\/\/jlgequipements.fr\/#organization","name":"JLG \u00c9quipements collectivit\u00e9","url":"https:\/\/jlgequipements.fr\/","logo":{"@type":"ImageObject","inLanguage":"fr-FR","@id":"https:\/\/jlgequipements.fr\/#\/schema\/logo\/image\/","url":"https:\/\/jlgequipements.fr\/wp-content\/uploads\/2024\/01\/JLG_LOGO_VECTO.png","contentUrl":"https:\/\/jlgequipements.fr\/wp-content\/uploads\/2024\/01\/JLG_LOGO_VECTO.png","width":3293,"height":3292,"caption":"JLG \u00c9quipements collectivit\u00e9"},"image":{"@id":"https:\/\/jlgequipements.fr\/#\/schema\/logo\/image\/"}}]}},"_links":{"self":[{"href":"https:\/\/jlgequipements.fr\/index.php\/wp-json\/wp\/v2\/product\/13356","targetHints":{"allow":["GET"]}}],"collection":[{"href":"https:\/\/jlgequipements.fr\/index.php\/wp-json\/wp\/v2\/product"}],"about":[{"href":"https:\/\/jlgequipements.fr\/index.php\/wp-json\/wp\/v2\/types\/product"}],"replies":[{"embeddable":true,"href":"https:\/\/jlgequipements.fr\/index.php\/wp-json\/wp\/v2\/comments?post=13356"}],"version-history":[{"count":1,"href":"https:\/\/jlgequipements.fr\/index.php\/wp-json\/wp\/v2\/product\/13356\/revisions"}],"predecessor-version":[{"id":13358,"href":"https:\/\/jlgequipements.fr\/index.php\/wp-json\/wp\/v2\/product\/13356\/revisions\/13358"}],"wp:featuredmedia":[{"embeddable":true,"href":"https:\/\/jlgequipements.fr\/index.php\/wp-json\/wp\/v2\/media\/13357"}],"wp:attachment":[{"href":"https:\/\/jlgequipements.fr\/index.php\/wp-json\/wp\/v2\/media?parent=13356"}],"wp:term":[{"taxonomy":"product_brand","embeddable":true,"href":"https:\/\/jlgequipements.fr\/index.php\/wp-json\/wp\/v2\/product_brand?post=13356"},{"taxonomy":"product_cat","embeddable":true,"href":"https:\/\/jlgequipements.fr\/index.php\/wp-json\/wp\/v2\/product_cat?post=13356"},{"taxonomy":"product_tag","embeddable":true,"href":"https:\/\/jlgequipements.fr\/index.php\/wp-json\/wp\/v2\/product_tag?post=13356"}],"curies":[{"name":"wp","href":"https:\/\/api.w.org\/{rel}","templated":true}]}}