{"id":13311,"date":"2024-08-19T10:47:06","date_gmt":"2024-08-19T08:47:06","guid":{"rendered":"https:\/\/jlgequipements.fr\/?post_type=product&#038;p=13311"},"modified":"2026-01-29T14:04:24","modified_gmt":"2026-01-29T13:04:24","slug":"balancoire-horizontale","status":"publish","type":"product","link":"https:\/\/jlgequipements.fr\/index.php\/produit\/balancoire-horizontale\/","title":{"rendered":"BALANCOIRE HORIZONTALE"},"content":{"rendered":"<p class=\"p1\"><b>Description :<\/b><\/p>\n<p class=\"p2\"><b>Tranche d\u2019\u00e2ge : <\/b>2 \u00e0 7 ans Hauteur de chute (HIC) : 0,80 m<\/p>\n<p class=\"p2\"><b>Encombrement hors tout : <\/b>2,00 x 0,31 m<\/p>\n<p class=\"p2\"><b>Surface amortissante :<\/b> 17,50 m2\u00b2<\/p>\n<p class=\"p2\"><b>Scellement niveau 0 : <\/b>non applicable<\/p>\n<p>&nbsp;<\/p>\n<p class=\"p1\"><b>Structure :<\/b><\/p>\n<p class=\"p2\">Essence PIN NORD ROUGE origine FINLANDE et\/ou SU\u00c8DE, cat\u00e9gorie 5, gage de stabilit\u00e9 et de haute r\u00e9sistance ;<\/p>\n<p class=\"p2\">Traitement autoclave sous pression, classe 4, solution aqueuse sans chrome ni arsenic ;<\/p>\n<p class=\"p2\">Visserie INOX A2 pour l\u2019assemblage des bois et des \u00e9l\u00e9ments en compact et visserie ZINGU\u00c9E pour l\u2019assemblage des poign\u00e9es ;<\/p>\n<p class=\"p2\">\u00c9l\u00e9ment de d\u00e9cor : plastique haute densit\u00e9 (HPDE) recyclable<\/p>\n","protected":false},"excerpt":{"rendered":"<p>Description : Tranche d\u2019\u00e2ge : 2 \u00e0 7 ans Hauteur de chute (HIC) : 0,80 m Encombrement hors tout : 2,00 x 0,31 m Surface amortissante : 17,50 m2\u00b2 Scellement niveau 0 : non applicable &nbsp; Structure : Essence PIN NORD ROUGE origine FINLANDE et\/ou SU\u00c8DE, cat\u00e9gorie 5, gage de stabilit\u00e9 et de haute r\u00e9sistance ; Traitement autoclave sous pression, classe 4, solution aqueuse sans chrome ni arsenic ; Visserie INOX A2 pour l\u2019assemblage des bois et des \u00e9l\u00e9ments en compact et visserie ZINGU\u00c9E pour l\u2019assemblage des poign\u00e9es ; \u00c9l\u00e9ment de d\u00e9cor : plastique haute densit\u00e9 (HPDE) recyclable<\/p>\n","protected":false},"featured_media":13312,"comment_status":"open","ping_status":"closed","template":"","meta":[],"product_brand":[],"product_cat":[226,231],"product_tag":[],"class_list":{"0":"post-13311","1":"product","2":"type-product","3":"status-publish","4":"has-post-thumbnail","6":"product_cat-mobilier-urbain","7":"product_cat-aires-de-jeux","9":"first","10":"instock","11":"shipping-taxable","12":"product-type-simple"},"yoast_head":"<!-- This site is optimized with the Yoast SEO plugin v27.1.1 - https:\/\/yoast.com\/product\/yoast-seo-wordpress\/ -->\n<title>BALANCOIRE HORIZONTALE - JLG \u00c9quipements Collectivit\u00e9s<\/title>\n<meta name=\"robots\" content=\"index, follow, max-snippet:-1, max-image-preview:large, max-video-preview:-1\" \/>\n<link rel=\"canonical\" href=\"https:\/\/jlgequipements.fr\/index.php\/produit\/balancoire-horizontale\/\" \/>\n<meta property=\"og:locale\" content=\"fr_FR\" \/>\n<meta property=\"og:type\" content=\"article\" \/>\n<meta property=\"og:title\" content=\"BALANCOIRE HORIZONTALE - JLG \u00c9quipements Collectivit\u00e9s\" \/>\n<meta property=\"og:description\" content=\"Description : Tranche d\u2019\u00e2ge : 2 \u00e0 7 ans Hauteur de chute (HIC) : 0,80 m Encombrement hors tout : 2,00 x 0,31 m Surface amortissante : 17,50 m2\u00b2 Scellement niveau 0 : non applicable &nbsp; Structure : Essence PIN NORD ROUGE origine FINLANDE et\/ou SU\u00c8DE, cat\u00e9gorie 5, gage de stabilit\u00e9 et de haute r\u00e9sistance ; Traitement autoclave sous pression, classe 4, solution aqueuse sans chrome ni arsenic ; Visserie INOX A2 pour l\u2019assemblage des bois et des \u00e9l\u00e9ments en compact et visserie ZINGU\u00c9E pour l\u2019assemblage des poign\u00e9es ; \u00c9l\u00e9ment de d\u00e9cor : plastique haute densit\u00e9 (HPDE) recyclable\" \/>\n<meta property=\"og:url\" content=\"https:\/\/jlgequipements.fr\/index.php\/produit\/balancoire-horizontale\/\" \/>\n<meta property=\"og:site_name\" content=\"JLG \u00c9quipements Collectivit\u00e9s\" \/>\n<meta property=\"article:modified_time\" content=\"2026-01-29T13:04:24+00:00\" \/>\n<meta property=\"og:image\" content=\"http:\/\/jlgequipements.fr\/wp-content\/uploads\/2024\/08\/balancoire-horizontale-2-metres.jpg\" \/>\n\t<meta property=\"og:image:width\" content=\"792\" \/>\n\t<meta property=\"og:image:height\" content=\"594\" \/>\n\t<meta property=\"og:image:type\" content=\"image\/jpeg\" \/>\n<meta name=\"twitter:card\" content=\"summary_large_image\" \/>\n<script type=\"application\/ld+json\" class=\"yoast-schema-graph\">{\"@context\":\"https:\/\/schema.org\",\"@graph\":[{\"@type\":\"WebPage\",\"@id\":\"https:\/\/jlgequipements.fr\/index.php\/produit\/balancoire-horizontale\/\",\"url\":\"https:\/\/jlgequipements.fr\/index.php\/produit\/balancoire-horizontale\/\",\"name\":\"BALANCOIRE HORIZONTALE - JLG \u00c9quipements Collectivit\u00e9s\",\"isPartOf\":{\"@id\":\"https:\/\/jlgequipements.fr\/#website\"},\"primaryImageOfPage\":{\"@id\":\"https:\/\/jlgequipements.fr\/index.php\/produit\/balancoire-horizontale\/#primaryimage\"},\"image\":{\"@id\":\"https:\/\/jlgequipements.fr\/index.php\/produit\/balancoire-horizontale\/#primaryimage\"},\"thumbnailUrl\":\"https:\/\/jlgequipements.fr\/wp-content\/uploads\/2024\/08\/balancoire-horizontale-2-metres.jpg\",\"datePublished\":\"2024-08-19T08:47:06+00:00\",\"dateModified\":\"2026-01-29T13:04:24+00:00\",\"breadcrumb\":{\"@id\":\"https:\/\/jlgequipements.fr\/index.php\/produit\/balancoire-horizontale\/#breadcrumb\"},\"inLanguage\":\"fr-FR\",\"potentialAction\":[{\"@type\":\"ReadAction\",\"target\":[\"https:\/\/jlgequipements.fr\/index.php\/produit\/balancoire-horizontale\/\"]}]},{\"@type\":\"ImageObject\",\"inLanguage\":\"fr-FR\",\"@id\":\"https:\/\/jlgequipements.fr\/index.php\/produit\/balancoire-horizontale\/#primaryimage\",\"url\":\"https:\/\/jlgequipements.fr\/wp-content\/uploads\/2024\/08\/balancoire-horizontale-2-metres.jpg\",\"contentUrl\":\"https:\/\/jlgequipements.fr\/wp-content\/uploads\/2024\/08\/balancoire-horizontale-2-metres.jpg\",\"width\":792,\"height\":594},{\"@type\":\"BreadcrumbList\",\"@id\":\"https:\/\/jlgequipements.fr\/index.php\/produit\/balancoire-horizontale\/#breadcrumb\",\"itemListElement\":[{\"@type\":\"ListItem\",\"position\":1,\"name\":\"Accueil\",\"item\":\"https:\/\/jlgequipements.fr\/\"},{\"@type\":\"ListItem\",\"position\":2,\"name\":\"Boutique\",\"item\":\"https:\/\/jlgequipements.fr\/index.php\/boutique\/\"},{\"@type\":\"ListItem\",\"position\":3,\"name\":\"BALANCOIRE HORIZONTALE\"}]},{\"@type\":\"WebSite\",\"@id\":\"https:\/\/jlgequipements.fr\/#website\",\"url\":\"https:\/\/jlgequipements.fr\/\",\"name\":\"JLG \u00c9quipements collectivit\u00e9\",\"description\":\"Le partenaire des communes\",\"publisher\":{\"@id\":\"https:\/\/jlgequipements.fr\/#organization\"},\"potentialAction\":[{\"@type\":\"SearchAction\",\"target\":{\"@type\":\"EntryPoint\",\"urlTemplate\":\"https:\/\/jlgequipements.fr\/?s={search_term_string}\"},\"query-input\":{\"@type\":\"PropertyValueSpecification\",\"valueRequired\":true,\"valueName\":\"search_term_string\"}}],\"inLanguage\":\"fr-FR\"},{\"@type\":\"Organization\",\"@id\":\"https:\/\/jlgequipements.fr\/#organization\",\"name\":\"JLG \u00c9quipements collectivit\u00e9\",\"url\":\"https:\/\/jlgequipements.fr\/\",\"logo\":{\"@type\":\"ImageObject\",\"inLanguage\":\"fr-FR\",\"@id\":\"https:\/\/jlgequipements.fr\/#\/schema\/logo\/image\/\",\"url\":\"https:\/\/jlgequipements.fr\/wp-content\/uploads\/2024\/01\/JLG_LOGO_VECTO.png\",\"contentUrl\":\"https:\/\/jlgequipements.fr\/wp-content\/uploads\/2024\/01\/JLG_LOGO_VECTO.png\",\"width\":3293,\"height\":3292,\"caption\":\"JLG \u00c9quipements collectivit\u00e9\"},\"image\":{\"@id\":\"https:\/\/jlgequipements.fr\/#\/schema\/logo\/image\/\"}}]}<\/script>\n<!-- \/ Yoast SEO plugin. -->","yoast_head_json":{"title":"BALANCOIRE HORIZONTALE - JLG \u00c9quipements Collectivit\u00e9s","robots":{"index":"index","follow":"follow","max-snippet":"max-snippet:-1","max-image-preview":"max-image-preview:large","max-video-preview":"max-video-preview:-1"},"canonical":"https:\/\/jlgequipements.fr\/index.php\/produit\/balancoire-horizontale\/","og_locale":"fr_FR","og_type":"article","og_title":"BALANCOIRE HORIZONTALE - JLG \u00c9quipements Collectivit\u00e9s","og_description":"Description : Tranche d\u2019\u00e2ge : 2 \u00e0 7 ans Hauteur de chute (HIC) : 0,80 m Encombrement hors tout : 2,00 x 0,31 m Surface amortissante : 17,50 m2\u00b2 Scellement niveau 0 : non applicable &nbsp; Structure : Essence PIN NORD ROUGE origine FINLANDE et\/ou SU\u00c8DE, cat\u00e9gorie 5, gage de stabilit\u00e9 et de haute r\u00e9sistance ; Traitement autoclave sous pression, classe 4, solution aqueuse sans chrome ni arsenic ; Visserie INOX A2 pour l\u2019assemblage des bois et des \u00e9l\u00e9ments en compact et visserie ZINGU\u00c9E pour l\u2019assemblage des poign\u00e9es ; \u00c9l\u00e9ment de d\u00e9cor : plastique haute densit\u00e9 (HPDE) recyclable","og_url":"https:\/\/jlgequipements.fr\/index.php\/produit\/balancoire-horizontale\/","og_site_name":"JLG \u00c9quipements Collectivit\u00e9s","article_modified_time":"2026-01-29T13:04:24+00:00","og_image":[{"width":792,"height":594,"url":"http:\/\/jlgequipements.fr\/wp-content\/uploads\/2024\/08\/balancoire-horizontale-2-metres.jpg","type":"image\/jpeg"}],"twitter_card":"summary_large_image","schema":{"@context":"https:\/\/schema.org","@graph":[{"@type":"WebPage","@id":"https:\/\/jlgequipements.fr\/index.php\/produit\/balancoire-horizontale\/","url":"https:\/\/jlgequipements.fr\/index.php\/produit\/balancoire-horizontale\/","name":"BALANCOIRE HORIZONTALE - JLG \u00c9quipements Collectivit\u00e9s","isPartOf":{"@id":"https:\/\/jlgequipements.fr\/#website"},"primaryImageOfPage":{"@id":"https:\/\/jlgequipements.fr\/index.php\/produit\/balancoire-horizontale\/#primaryimage"},"image":{"@id":"https:\/\/jlgequipements.fr\/index.php\/produit\/balancoire-horizontale\/#primaryimage"},"thumbnailUrl":"https:\/\/jlgequipements.fr\/wp-content\/uploads\/2024\/08\/balancoire-horizontale-2-metres.jpg","datePublished":"2024-08-19T08:47:06+00:00","dateModified":"2026-01-29T13:04:24+00:00","breadcrumb":{"@id":"https:\/\/jlgequipements.fr\/index.php\/produit\/balancoire-horizontale\/#breadcrumb"},"inLanguage":"fr-FR","potentialAction":[{"@type":"ReadAction","target":["https:\/\/jlgequipements.fr\/index.php\/produit\/balancoire-horizontale\/"]}]},{"@type":"ImageObject","inLanguage":"fr-FR","@id":"https:\/\/jlgequipements.fr\/index.php\/produit\/balancoire-horizontale\/#primaryimage","url":"https:\/\/jlgequipements.fr\/wp-content\/uploads\/2024\/08\/balancoire-horizontale-2-metres.jpg","contentUrl":"https:\/\/jlgequipements.fr\/wp-content\/uploads\/2024\/08\/balancoire-horizontale-2-metres.jpg","width":792,"height":594},{"@type":"BreadcrumbList","@id":"https:\/\/jlgequipements.fr\/index.php\/produit\/balancoire-horizontale\/#breadcrumb","itemListElement":[{"@type":"ListItem","position":1,"name":"Accueil","item":"https:\/\/jlgequipements.fr\/"},{"@type":"ListItem","position":2,"name":"Boutique","item":"https:\/\/jlgequipements.fr\/index.php\/boutique\/"},{"@type":"ListItem","position":3,"name":"BALANCOIRE HORIZONTALE"}]},{"@type":"WebSite","@id":"https:\/\/jlgequipements.fr\/#website","url":"https:\/\/jlgequipements.fr\/","name":"JLG \u00c9quipements collectivit\u00e9","description":"Le partenaire des communes","publisher":{"@id":"https:\/\/jlgequipements.fr\/#organization"},"potentialAction":[{"@type":"SearchAction","target":{"@type":"EntryPoint","urlTemplate":"https:\/\/jlgequipements.fr\/?s={search_term_string}"},"query-input":{"@type":"PropertyValueSpecification","valueRequired":true,"valueName":"search_term_string"}}],"inLanguage":"fr-FR"},{"@type":"Organization","@id":"https:\/\/jlgequipements.fr\/#organization","name":"JLG \u00c9quipements collectivit\u00e9","url":"https:\/\/jlgequipements.fr\/","logo":{"@type":"ImageObject","inLanguage":"fr-FR","@id":"https:\/\/jlgequipements.fr\/#\/schema\/logo\/image\/","url":"https:\/\/jlgequipements.fr\/wp-content\/uploads\/2024\/01\/JLG_LOGO_VECTO.png","contentUrl":"https:\/\/jlgequipements.fr\/wp-content\/uploads\/2024\/01\/JLG_LOGO_VECTO.png","width":3293,"height":3292,"caption":"JLG \u00c9quipements collectivit\u00e9"},"image":{"@id":"https:\/\/jlgequipements.fr\/#\/schema\/logo\/image\/"}}]}},"_links":{"self":[{"href":"https:\/\/jlgequipements.fr\/index.php\/wp-json\/wp\/v2\/product\/13311","targetHints":{"allow":["GET"]}}],"collection":[{"href":"https:\/\/jlgequipements.fr\/index.php\/wp-json\/wp\/v2\/product"}],"about":[{"href":"https:\/\/jlgequipements.fr\/index.php\/wp-json\/wp\/v2\/types\/product"}],"replies":[{"embeddable":true,"href":"https:\/\/jlgequipements.fr\/index.php\/wp-json\/wp\/v2\/comments?post=13311"}],"version-history":[{"count":1,"href":"https:\/\/jlgequipements.fr\/index.php\/wp-json\/wp\/v2\/product\/13311\/revisions"}],"predecessor-version":[{"id":13313,"href":"https:\/\/jlgequipements.fr\/index.php\/wp-json\/wp\/v2\/product\/13311\/revisions\/13313"}],"wp:featuredmedia":[{"embeddable":true,"href":"https:\/\/jlgequipements.fr\/index.php\/wp-json\/wp\/v2\/media\/13312"}],"wp:attachment":[{"href":"https:\/\/jlgequipements.fr\/index.php\/wp-json\/wp\/v2\/media?parent=13311"}],"wp:term":[{"taxonomy":"product_brand","embeddable":true,"href":"https:\/\/jlgequipements.fr\/index.php\/wp-json\/wp\/v2\/product_brand?post=13311"},{"taxonomy":"product_cat","embeddable":true,"href":"https:\/\/jlgequipements.fr\/index.php\/wp-json\/wp\/v2\/product_cat?post=13311"},{"taxonomy":"product_tag","embeddable":true,"href":"https:\/\/jlgequipements.fr\/index.php\/wp-json\/wp\/v2\/product_tag?post=13311"}],"curies":[{"name":"wp","href":"https:\/\/api.w.org\/{rel}","templated":true}]}}