{"id":13295,"date":"2024-08-19T10:24:05","date_gmt":"2024-08-19T08:24:05","guid":{"rendered":"https:\/\/jlgequipements.fr\/?post_type=product&#038;p=13295"},"modified":"2024-08-19T10:24:38","modified_gmt":"2024-08-19T08:24:38","slug":"gymino-aluminium","status":"publish","type":"product","link":"https:\/\/jlgequipements.fr\/index.php\/produit\/gymino-aluminium\/","title":{"rendered":"GYMINO ALUMINIUM"},"content":{"rendered":"<p class=\"p1\"><b>Description :<\/b><\/p>\n<p class=\"p2\"><b>Tranche d\u2019\u00e2ge :<\/b> 2 \u00e0 7 ans Hauteur de chute (HIC) : 0,90 m<\/p>\n<p class=\"p2\"><b>Encombrement hors tout : <\/b>4,54 x 1,20 m<\/p>\n<p class=\"p2\"><b>Surface amortissante :<\/b> 28 m2\u00b2<\/p>\n<p class=\"p2\"><b>Scellement niveau 0 :<\/b> applicable<\/p>\n<p>&nbsp;<\/p>\n<p class=\"p1\"><b>Structure :<\/b><\/p>\n<p class=\"p2\">Structure en aluminium extrud\u00e9, \u00e9paisseur minimum 2 mm, rev\u00eatement \u00e9poxy polyester, coloris bleu azur ;<\/p>\n<p class=\"p2\">\u2022Visserie INOX A2 pour l\u2019assemblage de la structure en aluminium et visserie ZINGU\u00c9E pour l\u2019assemblage des extr\u00e9mit\u00e9s des cordes;<\/p>\n<p class=\"p2\">\u2022 \u00c9l\u00e9ment de d\u00e9cor : plastique haute densit\u00e9 (HPDE), recyclable<\/p>\n<p class=\"p2\">\u2022 \u00c9l\u00e9ments de marche et grimpe : plastique anti-d\u00e9rapant noir 15mm, recyclable<\/p>\n","protected":false},"excerpt":{"rendered":"<p>Description : Tranche d\u2019\u00e2ge : 2 \u00e0 7 ans Hauteur de chute (HIC) : 0,90 m Encombrement hors tout : 4,54 x 1,20 m Surface amortissante : 28 m2\u00b2 Scellement niveau 0 : applicable &nbsp; Structure : Structure en aluminium extrud\u00e9, \u00e9paisseur minimum 2 mm, rev\u00eatement \u00e9poxy polyester, coloris bleu azur ; \u2022Visserie INOX A2 pour l\u2019assemblage de la structure en aluminium et visserie ZINGU\u00c9E pour l\u2019assemblage des extr\u00e9mit\u00e9s des cordes; \u2022 \u00c9l\u00e9ment de d\u00e9cor : plastique haute densit\u00e9 (HPDE), recyclable \u2022 \u00c9l\u00e9ments de marche et grimpe : plastique anti-d\u00e9rapant noir 15mm, recyclable<\/p>\n","protected":false},"featured_media":13297,"comment_status":"open","ping_status":"closed","template":"","meta":[],"product_brand":[],"product_cat":[231],"product_tag":[],"class_list":{"0":"post-13295","1":"product","2":"type-product","3":"status-publish","4":"has-post-thumbnail","6":"product_cat-aires-de-jeux","8":"first","9":"instock","10":"shipping-taxable","11":"product-type-simple"},"yoast_head":"<!-- This site is optimized with the Yoast SEO plugin v27.1.1 - https:\/\/yoast.com\/product\/yoast-seo-wordpress\/ -->\n<title>GYMINO ALUMINIUM - JLG \u00c9quipements Collectivit\u00e9s<\/title>\n<meta name=\"robots\" content=\"index, follow, max-snippet:-1, max-image-preview:large, max-video-preview:-1\" \/>\n<link rel=\"canonical\" href=\"https:\/\/jlgequipements.fr\/index.php\/produit\/gymino-aluminium\/\" \/>\n<meta property=\"og:locale\" content=\"fr_FR\" \/>\n<meta property=\"og:type\" content=\"article\" \/>\n<meta property=\"og:title\" content=\"GYMINO ALUMINIUM - JLG \u00c9quipements Collectivit\u00e9s\" \/>\n<meta property=\"og:description\" content=\"Description : Tranche d\u2019\u00e2ge : 2 \u00e0 7 ans Hauteur de chute (HIC) : 0,90 m Encombrement hors tout : 4,54 x 1,20 m Surface amortissante : 28 m2\u00b2 Scellement niveau 0 : applicable &nbsp; Structure : Structure en aluminium extrud\u00e9, \u00e9paisseur minimum 2 mm, rev\u00eatement \u00e9poxy polyester, coloris bleu azur ; \u2022Visserie INOX A2 pour l\u2019assemblage de la structure en aluminium et visserie ZINGU\u00c9E pour l\u2019assemblage des extr\u00e9mit\u00e9s des cordes; \u2022 \u00c9l\u00e9ment de d\u00e9cor : plastique haute densit\u00e9 (HPDE), recyclable \u2022 \u00c9l\u00e9ments de marche et grimpe : plastique anti-d\u00e9rapant noir 15mm, recyclable\" \/>\n<meta property=\"og:url\" content=\"https:\/\/jlgequipements.fr\/index.php\/produit\/gymino-aluminium\/\" \/>\n<meta property=\"og:site_name\" content=\"JLG \u00c9quipements Collectivit\u00e9s\" \/>\n<meta property=\"article:modified_time\" content=\"2024-08-19T08:24:38+00:00\" \/>\n<meta property=\"og:image\" content=\"http:\/\/jlgequipements.fr\/wp-content\/uploads\/2024\/08\/structure-multi-jeux-gymino-alu.webp\" \/>\n\t<meta property=\"og:image:width\" content=\"660\" \/>\n\t<meta property=\"og:image:height\" content=\"450\" \/>\n\t<meta property=\"og:image:type\" content=\"image\/webp\" \/>\n<meta name=\"twitter:card\" content=\"summary_large_image\" \/>\n<script type=\"application\/ld+json\" class=\"yoast-schema-graph\">{\"@context\":\"https:\/\/schema.org\",\"@graph\":[{\"@type\":\"WebPage\",\"@id\":\"https:\/\/jlgequipements.fr\/index.php\/produit\/gymino-aluminium\/\",\"url\":\"https:\/\/jlgequipements.fr\/index.php\/produit\/gymino-aluminium\/\",\"name\":\"GYMINO ALUMINIUM - JLG \u00c9quipements Collectivit\u00e9s\",\"isPartOf\":{\"@id\":\"https:\/\/jlgequipements.fr\/#website\"},\"primaryImageOfPage\":{\"@id\":\"https:\/\/jlgequipements.fr\/index.php\/produit\/gymino-aluminium\/#primaryimage\"},\"image\":{\"@id\":\"https:\/\/jlgequipements.fr\/index.php\/produit\/gymino-aluminium\/#primaryimage\"},\"thumbnailUrl\":\"https:\/\/jlgequipements.fr\/wp-content\/uploads\/2024\/08\/structure-multi-jeux-gymino-alu.webp\",\"datePublished\":\"2024-08-19T08:24:05+00:00\",\"dateModified\":\"2024-08-19T08:24:38+00:00\",\"breadcrumb\":{\"@id\":\"https:\/\/jlgequipements.fr\/index.php\/produit\/gymino-aluminium\/#breadcrumb\"},\"inLanguage\":\"fr-FR\",\"potentialAction\":[{\"@type\":\"ReadAction\",\"target\":[\"https:\/\/jlgequipements.fr\/index.php\/produit\/gymino-aluminium\/\"]}]},{\"@type\":\"ImageObject\",\"inLanguage\":\"fr-FR\",\"@id\":\"https:\/\/jlgequipements.fr\/index.php\/produit\/gymino-aluminium\/#primaryimage\",\"url\":\"https:\/\/jlgequipements.fr\/wp-content\/uploads\/2024\/08\/structure-multi-jeux-gymino-alu.webp\",\"contentUrl\":\"https:\/\/jlgequipements.fr\/wp-content\/uploads\/2024\/08\/structure-multi-jeux-gymino-alu.webp\",\"width\":660,\"height\":450},{\"@type\":\"BreadcrumbList\",\"@id\":\"https:\/\/jlgequipements.fr\/index.php\/produit\/gymino-aluminium\/#breadcrumb\",\"itemListElement\":[{\"@type\":\"ListItem\",\"position\":1,\"name\":\"Accueil\",\"item\":\"https:\/\/jlgequipements.fr\/\"},{\"@type\":\"ListItem\",\"position\":2,\"name\":\"Boutique\",\"item\":\"https:\/\/jlgequipements.fr\/index.php\/boutique\/\"},{\"@type\":\"ListItem\",\"position\":3,\"name\":\"GYMINO ALUMINIUM\"}]},{\"@type\":\"WebSite\",\"@id\":\"https:\/\/jlgequipements.fr\/#website\",\"url\":\"https:\/\/jlgequipements.fr\/\",\"name\":\"JLG \u00c9quipements collectivit\u00e9\",\"description\":\"Le partenaire des communes\",\"publisher\":{\"@id\":\"https:\/\/jlgequipements.fr\/#organization\"},\"potentialAction\":[{\"@type\":\"SearchAction\",\"target\":{\"@type\":\"EntryPoint\",\"urlTemplate\":\"https:\/\/jlgequipements.fr\/?s={search_term_string}\"},\"query-input\":{\"@type\":\"PropertyValueSpecification\",\"valueRequired\":true,\"valueName\":\"search_term_string\"}}],\"inLanguage\":\"fr-FR\"},{\"@type\":\"Organization\",\"@id\":\"https:\/\/jlgequipements.fr\/#organization\",\"name\":\"JLG \u00c9quipements collectivit\u00e9\",\"url\":\"https:\/\/jlgequipements.fr\/\",\"logo\":{\"@type\":\"ImageObject\",\"inLanguage\":\"fr-FR\",\"@id\":\"https:\/\/jlgequipements.fr\/#\/schema\/logo\/image\/\",\"url\":\"https:\/\/jlgequipements.fr\/wp-content\/uploads\/2024\/01\/JLG_LOGO_VECTO.png\",\"contentUrl\":\"https:\/\/jlgequipements.fr\/wp-content\/uploads\/2024\/01\/JLG_LOGO_VECTO.png\",\"width\":3293,\"height\":3292,\"caption\":\"JLG \u00c9quipements collectivit\u00e9\"},\"image\":{\"@id\":\"https:\/\/jlgequipements.fr\/#\/schema\/logo\/image\/\"}}]}<\/script>\n<!-- \/ Yoast SEO plugin. -->","yoast_head_json":{"title":"GYMINO ALUMINIUM - JLG \u00c9quipements Collectivit\u00e9s","robots":{"index":"index","follow":"follow","max-snippet":"max-snippet:-1","max-image-preview":"max-image-preview:large","max-video-preview":"max-video-preview:-1"},"canonical":"https:\/\/jlgequipements.fr\/index.php\/produit\/gymino-aluminium\/","og_locale":"fr_FR","og_type":"article","og_title":"GYMINO ALUMINIUM - JLG \u00c9quipements Collectivit\u00e9s","og_description":"Description : Tranche d\u2019\u00e2ge : 2 \u00e0 7 ans Hauteur de chute (HIC) : 0,90 m Encombrement hors tout : 4,54 x 1,20 m Surface amortissante : 28 m2\u00b2 Scellement niveau 0 : applicable &nbsp; Structure : Structure en aluminium extrud\u00e9, \u00e9paisseur minimum 2 mm, rev\u00eatement \u00e9poxy polyester, coloris bleu azur ; \u2022Visserie INOX A2 pour l\u2019assemblage de la structure en aluminium et visserie ZINGU\u00c9E pour l\u2019assemblage des extr\u00e9mit\u00e9s des cordes; \u2022 \u00c9l\u00e9ment de d\u00e9cor : plastique haute densit\u00e9 (HPDE), recyclable \u2022 \u00c9l\u00e9ments de marche et grimpe : plastique anti-d\u00e9rapant noir 15mm, recyclable","og_url":"https:\/\/jlgequipements.fr\/index.php\/produit\/gymino-aluminium\/","og_site_name":"JLG \u00c9quipements Collectivit\u00e9s","article_modified_time":"2024-08-19T08:24:38+00:00","og_image":[{"width":660,"height":450,"url":"http:\/\/jlgequipements.fr\/wp-content\/uploads\/2024\/08\/structure-multi-jeux-gymino-alu.webp","type":"image\/webp"}],"twitter_card":"summary_large_image","schema":{"@context":"https:\/\/schema.org","@graph":[{"@type":"WebPage","@id":"https:\/\/jlgequipements.fr\/index.php\/produit\/gymino-aluminium\/","url":"https:\/\/jlgequipements.fr\/index.php\/produit\/gymino-aluminium\/","name":"GYMINO ALUMINIUM - JLG \u00c9quipements Collectivit\u00e9s","isPartOf":{"@id":"https:\/\/jlgequipements.fr\/#website"},"primaryImageOfPage":{"@id":"https:\/\/jlgequipements.fr\/index.php\/produit\/gymino-aluminium\/#primaryimage"},"image":{"@id":"https:\/\/jlgequipements.fr\/index.php\/produit\/gymino-aluminium\/#primaryimage"},"thumbnailUrl":"https:\/\/jlgequipements.fr\/wp-content\/uploads\/2024\/08\/structure-multi-jeux-gymino-alu.webp","datePublished":"2024-08-19T08:24:05+00:00","dateModified":"2024-08-19T08:24:38+00:00","breadcrumb":{"@id":"https:\/\/jlgequipements.fr\/index.php\/produit\/gymino-aluminium\/#breadcrumb"},"inLanguage":"fr-FR","potentialAction":[{"@type":"ReadAction","target":["https:\/\/jlgequipements.fr\/index.php\/produit\/gymino-aluminium\/"]}]},{"@type":"ImageObject","inLanguage":"fr-FR","@id":"https:\/\/jlgequipements.fr\/index.php\/produit\/gymino-aluminium\/#primaryimage","url":"https:\/\/jlgequipements.fr\/wp-content\/uploads\/2024\/08\/structure-multi-jeux-gymino-alu.webp","contentUrl":"https:\/\/jlgequipements.fr\/wp-content\/uploads\/2024\/08\/structure-multi-jeux-gymino-alu.webp","width":660,"height":450},{"@type":"BreadcrumbList","@id":"https:\/\/jlgequipements.fr\/index.php\/produit\/gymino-aluminium\/#breadcrumb","itemListElement":[{"@type":"ListItem","position":1,"name":"Accueil","item":"https:\/\/jlgequipements.fr\/"},{"@type":"ListItem","position":2,"name":"Boutique","item":"https:\/\/jlgequipements.fr\/index.php\/boutique\/"},{"@type":"ListItem","position":3,"name":"GYMINO ALUMINIUM"}]},{"@type":"WebSite","@id":"https:\/\/jlgequipements.fr\/#website","url":"https:\/\/jlgequipements.fr\/","name":"JLG \u00c9quipements collectivit\u00e9","description":"Le partenaire des communes","publisher":{"@id":"https:\/\/jlgequipements.fr\/#organization"},"potentialAction":[{"@type":"SearchAction","target":{"@type":"EntryPoint","urlTemplate":"https:\/\/jlgequipements.fr\/?s={search_term_string}"},"query-input":{"@type":"PropertyValueSpecification","valueRequired":true,"valueName":"search_term_string"}}],"inLanguage":"fr-FR"},{"@type":"Organization","@id":"https:\/\/jlgequipements.fr\/#organization","name":"JLG \u00c9quipements collectivit\u00e9","url":"https:\/\/jlgequipements.fr\/","logo":{"@type":"ImageObject","inLanguage":"fr-FR","@id":"https:\/\/jlgequipements.fr\/#\/schema\/logo\/image\/","url":"https:\/\/jlgequipements.fr\/wp-content\/uploads\/2024\/01\/JLG_LOGO_VECTO.png","contentUrl":"https:\/\/jlgequipements.fr\/wp-content\/uploads\/2024\/01\/JLG_LOGO_VECTO.png","width":3293,"height":3292,"caption":"JLG \u00c9quipements collectivit\u00e9"},"image":{"@id":"https:\/\/jlgequipements.fr\/#\/schema\/logo\/image\/"}}]}},"_links":{"self":[{"href":"https:\/\/jlgequipements.fr\/index.php\/wp-json\/wp\/v2\/product\/13295","targetHints":{"allow":["GET"]}}],"collection":[{"href":"https:\/\/jlgequipements.fr\/index.php\/wp-json\/wp\/v2\/product"}],"about":[{"href":"https:\/\/jlgequipements.fr\/index.php\/wp-json\/wp\/v2\/types\/product"}],"replies":[{"embeddable":true,"href":"https:\/\/jlgequipements.fr\/index.php\/wp-json\/wp\/v2\/comments?post=13295"}],"version-history":[{"count":2,"href":"https:\/\/jlgequipements.fr\/index.php\/wp-json\/wp\/v2\/product\/13295\/revisions"}],"predecessor-version":[{"id":13299,"href":"https:\/\/jlgequipements.fr\/index.php\/wp-json\/wp\/v2\/product\/13295\/revisions\/13299"}],"wp:featuredmedia":[{"embeddable":true,"href":"https:\/\/jlgequipements.fr\/index.php\/wp-json\/wp\/v2\/media\/13297"}],"wp:attachment":[{"href":"https:\/\/jlgequipements.fr\/index.php\/wp-json\/wp\/v2\/media?parent=13295"}],"wp:term":[{"taxonomy":"product_brand","embeddable":true,"href":"https:\/\/jlgequipements.fr\/index.php\/wp-json\/wp\/v2\/product_brand?post=13295"},{"taxonomy":"product_cat","embeddable":true,"href":"https:\/\/jlgequipements.fr\/index.php\/wp-json\/wp\/v2\/product_cat?post=13295"},{"taxonomy":"product_tag","embeddable":true,"href":"https:\/\/jlgequipements.fr\/index.php\/wp-json\/wp\/v2\/product_tag?post=13295"}],"curies":[{"name":"wp","href":"https:\/\/api.w.org\/{rel}","templated":true}]}}