{"id":12107,"date":"2024-04-02T14:04:32","date_gmt":"2024-04-02T12:04:32","guid":{"rendered":"https:\/\/www.jlg.nicolas-briche.fr\/?post_type=product&#038;p=12107"},"modified":"2024-07-02T09:03:04","modified_gmt":"2024-07-02T07:03:04","slug":"armoires-ignifuges-et-coffres-forts","status":"publish","type":"product","link":"https:\/\/jlgequipements.fr\/index.php\/produit\/armoires-ignifuges-et-coffres-forts\/","title":{"rendered":"ARMOIRES IGNIFUGES ET COFFRES FORTS"},"content":{"rendered":"<ul>\n<li class=\"p1\"><b>Certifi\u00e9s NT FIRE 017<\/b><\/li>\n<li class=\"p1\">Serrure \u00e0 cl\u00e9 double panneton<\/li>\n<li class=\"p1\"><b>Haute protection contre le feu : <\/b>de <b>60 minutes \u00e0 120 minutes <\/b>selon les mod\u00e8les, dans des conditions d\u2019exposition \u00e0 une temp\u00e9rature constante de 1010 \u00b0C<\/li>\n<li class=\"p1\">Serrure de haute s\u00e9curit\u00e9 certifi\u00e9e A2P avec fermeture par cl\u00e9 \u00e0 double panneton<\/li>\n<li class=\"p1\">Blocage par p\u00eanes au niveau des pivots emp\u00eachant le d\u00e9montage de la porte en cas d\u2019attaque des paumelles<\/li>\n<li class=\"p1\">Tablette sur cr\u00e9maill\u00e8re r\u00e9glable et amovible<\/li>\n<li class=\"p1\">\n<h5>Les mod\u00e8les 150 JLG, 355 JLG et 635 JLG sont \u00e9quip\u00e9s de 4 roulettes.<\/h5>\n<\/li>\n<li class=\"p1\">Pour la fixation murale 2 trous sont pr\u00e9vus au dos<\/li>\n<li class=\"p1\">Peinture RAL 9002<span class=\"s1\">.<\/span><\/li>\n<\/ul>\n<p>Modalit\u00e9 de livraison :<\/p>\n<ul>\n<li>Livraison et installation incluse<\/li>\n<li>Installation sous condition : RDC avec un roulage de 20 m\u00e8tres, 1 er \u00e9tage avec ascenseur, deux marches maximum.<\/li>\n<\/ul>\n<p>Dimensions externes disponibles :<\/p>\n<ul>\n<li>60JLG: Haut. 600 x Larg. 470 x Prof. 470<\/li>\n<li>80 JLG: Haut. 832 x Larg. 520 x Prof. 520<\/li>\n<li>150 JLG: Haut. 1120 x Larg. 655 x Prof. 560<\/li>\n<li>355 JLG: Haut.\u00a0 1690 x Larg. 775 x Prof. 650<\/li>\n<li>635 JLG: Haut. 1745 x Larg. 1116 x Prof. 700<\/li>\n<\/ul>\n<p>&nbsp;<\/p>\n","protected":false},"excerpt":{"rendered":"<p>Certifi\u00e9s NT FIRE 017 Serrure \u00e0 cl\u00e9 double panneton Haute protection contre le feu : de 60 minutes \u00e0 120 minutes selon les mod\u00e8les, dans des conditions d\u2019exposition \u00e0 une temp\u00e9rature constante de 1010 \u00b0C Serrure de haute s\u00e9curit\u00e9 certifi\u00e9e A2P avec fermeture par cl\u00e9 \u00e0 double panneton Blocage par p\u00eanes au niveau des pivots emp\u00eachant le d\u00e9montage de la porte en cas d\u2019attaque des paumelles Tablette sur cr\u00e9maill\u00e8re r\u00e9glable et amovible Les mod\u00e8les 150 JLG, 355 JLG et 635 JLG sont \u00e9quip\u00e9s de 4 roulettes. Pour la fixation murale 2 trous sont pr\u00e9vus au dos Peinture RAL 9002. Modalit\u00e9 de livraison : Livraison et installation incluse Installation sous condition : RDC avec un roulage de 20 m\u00e8tres, 1 er \u00e9tage avec ascenseur, deux marches maximum. Dimensions externes disponibles : 60JLG: Haut. 600 x Larg. 470 x Prof. 470 80 JLG: Haut. 832 x Larg. 520 x Prof. 520 150 JLG: Haut. 1120 x Larg. 655 x Prof. 560 355 JLG: Haut.\u00a0 1690 x Larg. 775 x Prof. 650 635 JLG: Haut. 1745 x Larg. 1116 x Prof. 700 &nbsp;<\/p>\n","protected":false},"featured_media":12108,"comment_status":"open","ping_status":"closed","template":"","meta":[],"product_brand":[],"product_cat":[198,200],"product_tag":[],"class_list":{"0":"post-12107","1":"product","2":"type-product","3":"status-publish","4":"has-post-thumbnail","6":"product_cat-etat-civil","7":"product_cat-armoires-fortes-coffres-forts","9":"first","10":"instock","11":"shipping-taxable","12":"product-type-simple"},"yoast_head":"<!-- This site is optimized with the Yoast SEO plugin v27.1.1 - https:\/\/yoast.com\/product\/yoast-seo-wordpress\/ -->\n<title>ARMOIRES IGNIFUGES ET COFFRES FORTS - JLG \u00c9quipements Collectivit\u00e9s<\/title>\n<meta name=\"robots\" content=\"index, follow, max-snippet:-1, max-image-preview:large, max-video-preview:-1\" \/>\n<link rel=\"canonical\" href=\"https:\/\/jlgequipements.fr\/index.php\/produit\/armoires-ignifuges-et-coffres-forts\/\" \/>\n<meta property=\"og:locale\" content=\"fr_FR\" \/>\n<meta property=\"og:type\" content=\"article\" \/>\n<meta property=\"og:title\" content=\"ARMOIRES IGNIFUGES ET COFFRES FORTS - JLG \u00c9quipements Collectivit\u00e9s\" \/>\n<meta property=\"og:description\" content=\"Certifi\u00e9s NT FIRE 017 Serrure \u00e0 cl\u00e9 double panneton Haute protection contre le feu : de 60 minutes \u00e0 120 minutes selon les mod\u00e8les, dans des conditions d\u2019exposition \u00e0 une temp\u00e9rature constante de 1010 \u00b0C Serrure de haute s\u00e9curit\u00e9 certifi\u00e9e A2P avec fermeture par cl\u00e9 \u00e0 double panneton Blocage par p\u00eanes au niveau des pivots emp\u00eachant le d\u00e9montage de la porte en cas d\u2019attaque des paumelles Tablette sur cr\u00e9maill\u00e8re r\u00e9glable et amovible Les mod\u00e8les 150 JLG, 355 JLG et 635 JLG sont \u00e9quip\u00e9s de 4 roulettes. Pour la fixation murale 2 trous sont pr\u00e9vus au dos Peinture RAL 9002. Modalit\u00e9 de livraison : Livraison et installation incluse Installation sous condition : RDC avec un roulage de 20 m\u00e8tres, 1 er \u00e9tage avec ascenseur, deux marches maximum. Dimensions externes disponibles : 60JLG: Haut. 600 x Larg. 470 x Prof. 470 80 JLG: Haut. 832 x Larg. 520 x Prof. 520 150 JLG: Haut. 1120 x Larg. 655 x Prof. 560 355 JLG: Haut.\u00a0 1690 x Larg. 775 x Prof. 650 635 JLG: Haut. 1745 x Larg. 1116 x Prof. 700 &nbsp;\" \/>\n<meta property=\"og:url\" content=\"https:\/\/jlgequipements.fr\/index.php\/produit\/armoires-ignifuges-et-coffres-forts\/\" \/>\n<meta property=\"og:site_name\" content=\"JLG \u00c9quipements Collectivit\u00e9s\" \/>\n<meta property=\"article:modified_time\" content=\"2024-07-02T07:03:04+00:00\" \/>\n<meta property=\"og:image\" content=\"http:\/\/jlgequipements.fr\/wp-content\/uploads\/2024\/04\/ARMOIRE-01.jpg\" \/>\n\t<meta property=\"og:image:width\" content=\"2085\" \/>\n\t<meta property=\"og:image:height\" content=\"2084\" \/>\n\t<meta property=\"og:image:type\" content=\"image\/jpeg\" \/>\n<meta name=\"twitter:card\" content=\"summary_large_image\" \/>\n<meta name=\"twitter:label1\" content=\"Dur\u00e9e de lecture estim\u00e9e\" \/>\n\t<meta name=\"twitter:data1\" content=\"1 minute\" \/>\n<script type=\"application\/ld+json\" class=\"yoast-schema-graph\">{\"@context\":\"https:\/\/schema.org\",\"@graph\":[{\"@type\":\"WebPage\",\"@id\":\"https:\/\/jlgequipements.fr\/index.php\/produit\/armoires-ignifuges-et-coffres-forts\/\",\"url\":\"https:\/\/jlgequipements.fr\/index.php\/produit\/armoires-ignifuges-et-coffres-forts\/\",\"name\":\"ARMOIRES IGNIFUGES ET COFFRES FORTS - JLG \u00c9quipements Collectivit\u00e9s\",\"isPartOf\":{\"@id\":\"https:\/\/jlgequipements.fr\/#website\"},\"primaryImageOfPage\":{\"@id\":\"https:\/\/jlgequipements.fr\/index.php\/produit\/armoires-ignifuges-et-coffres-forts\/#primaryimage\"},\"image\":{\"@id\":\"https:\/\/jlgequipements.fr\/index.php\/produit\/armoires-ignifuges-et-coffres-forts\/#primaryimage\"},\"thumbnailUrl\":\"https:\/\/jlgequipements.fr\/wp-content\/uploads\/2024\/04\/ARMOIRE-01.jpg\",\"datePublished\":\"2024-04-02T12:04:32+00:00\",\"dateModified\":\"2024-07-02T07:03:04+00:00\",\"breadcrumb\":{\"@id\":\"https:\/\/jlgequipements.fr\/index.php\/produit\/armoires-ignifuges-et-coffres-forts\/#breadcrumb\"},\"inLanguage\":\"fr-FR\",\"potentialAction\":[{\"@type\":\"ReadAction\",\"target\":[\"https:\/\/jlgequipements.fr\/index.php\/produit\/armoires-ignifuges-et-coffres-forts\/\"]}]},{\"@type\":\"ImageObject\",\"inLanguage\":\"fr-FR\",\"@id\":\"https:\/\/jlgequipements.fr\/index.php\/produit\/armoires-ignifuges-et-coffres-forts\/#primaryimage\",\"url\":\"https:\/\/jlgequipements.fr\/wp-content\/uploads\/2024\/04\/ARMOIRE-01.jpg\",\"contentUrl\":\"https:\/\/jlgequipements.fr\/wp-content\/uploads\/2024\/04\/ARMOIRE-01.jpg\",\"width\":2085,\"height\":2084},{\"@type\":\"BreadcrumbList\",\"@id\":\"https:\/\/jlgequipements.fr\/index.php\/produit\/armoires-ignifuges-et-coffres-forts\/#breadcrumb\",\"itemListElement\":[{\"@type\":\"ListItem\",\"position\":1,\"name\":\"Accueil\",\"item\":\"https:\/\/jlgequipements.fr\/\"},{\"@type\":\"ListItem\",\"position\":2,\"name\":\"Boutique\",\"item\":\"https:\/\/jlgequipements.fr\/index.php\/boutique\/\"},{\"@type\":\"ListItem\",\"position\":3,\"name\":\"ARMOIRES IGNIFUGES ET COFFRES FORTS\"}]},{\"@type\":\"WebSite\",\"@id\":\"https:\/\/jlgequipements.fr\/#website\",\"url\":\"https:\/\/jlgequipements.fr\/\",\"name\":\"JLG \u00c9quipements collectivit\u00e9\",\"description\":\"Le partenaire des communes\",\"publisher\":{\"@id\":\"https:\/\/jlgequipements.fr\/#organization\"},\"potentialAction\":[{\"@type\":\"SearchAction\",\"target\":{\"@type\":\"EntryPoint\",\"urlTemplate\":\"https:\/\/jlgequipements.fr\/?s={search_term_string}\"},\"query-input\":{\"@type\":\"PropertyValueSpecification\",\"valueRequired\":true,\"valueName\":\"search_term_string\"}}],\"inLanguage\":\"fr-FR\"},{\"@type\":\"Organization\",\"@id\":\"https:\/\/jlgequipements.fr\/#organization\",\"name\":\"JLG \u00c9quipements collectivit\u00e9\",\"url\":\"https:\/\/jlgequipements.fr\/\",\"logo\":{\"@type\":\"ImageObject\",\"inLanguage\":\"fr-FR\",\"@id\":\"https:\/\/jlgequipements.fr\/#\/schema\/logo\/image\/\",\"url\":\"https:\/\/jlgequipements.fr\/wp-content\/uploads\/2024\/01\/JLG_LOGO_VECTO.png\",\"contentUrl\":\"https:\/\/jlgequipements.fr\/wp-content\/uploads\/2024\/01\/JLG_LOGO_VECTO.png\",\"width\":3293,\"height\":3292,\"caption\":\"JLG \u00c9quipements collectivit\u00e9\"},\"image\":{\"@id\":\"https:\/\/jlgequipements.fr\/#\/schema\/logo\/image\/\"}}]}<\/script>\n<!-- \/ Yoast SEO plugin. -->","yoast_head_json":{"title":"ARMOIRES IGNIFUGES ET COFFRES FORTS - JLG \u00c9quipements Collectivit\u00e9s","robots":{"index":"index","follow":"follow","max-snippet":"max-snippet:-1","max-image-preview":"max-image-preview:large","max-video-preview":"max-video-preview:-1"},"canonical":"https:\/\/jlgequipements.fr\/index.php\/produit\/armoires-ignifuges-et-coffres-forts\/","og_locale":"fr_FR","og_type":"article","og_title":"ARMOIRES IGNIFUGES ET COFFRES FORTS - JLG \u00c9quipements Collectivit\u00e9s","og_description":"Certifi\u00e9s NT FIRE 017 Serrure \u00e0 cl\u00e9 double panneton Haute protection contre le feu : de 60 minutes \u00e0 120 minutes selon les mod\u00e8les, dans des conditions d\u2019exposition \u00e0 une temp\u00e9rature constante de 1010 \u00b0C Serrure de haute s\u00e9curit\u00e9 certifi\u00e9e A2P avec fermeture par cl\u00e9 \u00e0 double panneton Blocage par p\u00eanes au niveau des pivots emp\u00eachant le d\u00e9montage de la porte en cas d\u2019attaque des paumelles Tablette sur cr\u00e9maill\u00e8re r\u00e9glable et amovible Les mod\u00e8les 150 JLG, 355 JLG et 635 JLG sont \u00e9quip\u00e9s de 4 roulettes. Pour la fixation murale 2 trous sont pr\u00e9vus au dos Peinture RAL 9002. Modalit\u00e9 de livraison : Livraison et installation incluse Installation sous condition : RDC avec un roulage de 20 m\u00e8tres, 1 er \u00e9tage avec ascenseur, deux marches maximum. Dimensions externes disponibles : 60JLG: Haut. 600 x Larg. 470 x Prof. 470 80 JLG: Haut. 832 x Larg. 520 x Prof. 520 150 JLG: Haut. 1120 x Larg. 655 x Prof. 560 355 JLG: Haut.\u00a0 1690 x Larg. 775 x Prof. 650 635 JLG: Haut. 1745 x Larg. 1116 x Prof. 700 &nbsp;","og_url":"https:\/\/jlgequipements.fr\/index.php\/produit\/armoires-ignifuges-et-coffres-forts\/","og_site_name":"JLG \u00c9quipements Collectivit\u00e9s","article_modified_time":"2024-07-02T07:03:04+00:00","og_image":[{"width":2085,"height":2084,"url":"http:\/\/jlgequipements.fr\/wp-content\/uploads\/2024\/04\/ARMOIRE-01.jpg","type":"image\/jpeg"}],"twitter_card":"summary_large_image","twitter_misc":{"Dur\u00e9e de lecture estim\u00e9e":"1 minute"},"schema":{"@context":"https:\/\/schema.org","@graph":[{"@type":"WebPage","@id":"https:\/\/jlgequipements.fr\/index.php\/produit\/armoires-ignifuges-et-coffres-forts\/","url":"https:\/\/jlgequipements.fr\/index.php\/produit\/armoires-ignifuges-et-coffres-forts\/","name":"ARMOIRES IGNIFUGES ET COFFRES FORTS - JLG \u00c9quipements Collectivit\u00e9s","isPartOf":{"@id":"https:\/\/jlgequipements.fr\/#website"},"primaryImageOfPage":{"@id":"https:\/\/jlgequipements.fr\/index.php\/produit\/armoires-ignifuges-et-coffres-forts\/#primaryimage"},"image":{"@id":"https:\/\/jlgequipements.fr\/index.php\/produit\/armoires-ignifuges-et-coffres-forts\/#primaryimage"},"thumbnailUrl":"https:\/\/jlgequipements.fr\/wp-content\/uploads\/2024\/04\/ARMOIRE-01.jpg","datePublished":"2024-04-02T12:04:32+00:00","dateModified":"2024-07-02T07:03:04+00:00","breadcrumb":{"@id":"https:\/\/jlgequipements.fr\/index.php\/produit\/armoires-ignifuges-et-coffres-forts\/#breadcrumb"},"inLanguage":"fr-FR","potentialAction":[{"@type":"ReadAction","target":["https:\/\/jlgequipements.fr\/index.php\/produit\/armoires-ignifuges-et-coffres-forts\/"]}]},{"@type":"ImageObject","inLanguage":"fr-FR","@id":"https:\/\/jlgequipements.fr\/index.php\/produit\/armoires-ignifuges-et-coffres-forts\/#primaryimage","url":"https:\/\/jlgequipements.fr\/wp-content\/uploads\/2024\/04\/ARMOIRE-01.jpg","contentUrl":"https:\/\/jlgequipements.fr\/wp-content\/uploads\/2024\/04\/ARMOIRE-01.jpg","width":2085,"height":2084},{"@type":"BreadcrumbList","@id":"https:\/\/jlgequipements.fr\/index.php\/produit\/armoires-ignifuges-et-coffres-forts\/#breadcrumb","itemListElement":[{"@type":"ListItem","position":1,"name":"Accueil","item":"https:\/\/jlgequipements.fr\/"},{"@type":"ListItem","position":2,"name":"Boutique","item":"https:\/\/jlgequipements.fr\/index.php\/boutique\/"},{"@type":"ListItem","position":3,"name":"ARMOIRES IGNIFUGES ET COFFRES FORTS"}]},{"@type":"WebSite","@id":"https:\/\/jlgequipements.fr\/#website","url":"https:\/\/jlgequipements.fr\/","name":"JLG \u00c9quipements collectivit\u00e9","description":"Le partenaire des communes","publisher":{"@id":"https:\/\/jlgequipements.fr\/#organization"},"potentialAction":[{"@type":"SearchAction","target":{"@type":"EntryPoint","urlTemplate":"https:\/\/jlgequipements.fr\/?s={search_term_string}"},"query-input":{"@type":"PropertyValueSpecification","valueRequired":true,"valueName":"search_term_string"}}],"inLanguage":"fr-FR"},{"@type":"Organization","@id":"https:\/\/jlgequipements.fr\/#organization","name":"JLG \u00c9quipements collectivit\u00e9","url":"https:\/\/jlgequipements.fr\/","logo":{"@type":"ImageObject","inLanguage":"fr-FR","@id":"https:\/\/jlgequipements.fr\/#\/schema\/logo\/image\/","url":"https:\/\/jlgequipements.fr\/wp-content\/uploads\/2024\/01\/JLG_LOGO_VECTO.png","contentUrl":"https:\/\/jlgequipements.fr\/wp-content\/uploads\/2024\/01\/JLG_LOGO_VECTO.png","width":3293,"height":3292,"caption":"JLG \u00c9quipements collectivit\u00e9"},"image":{"@id":"https:\/\/jlgequipements.fr\/#\/schema\/logo\/image\/"}}]}},"_links":{"self":[{"href":"https:\/\/jlgequipements.fr\/index.php\/wp-json\/wp\/v2\/product\/12107","targetHints":{"allow":["GET"]}}],"collection":[{"href":"https:\/\/jlgequipements.fr\/index.php\/wp-json\/wp\/v2\/product"}],"about":[{"href":"https:\/\/jlgequipements.fr\/index.php\/wp-json\/wp\/v2\/types\/product"}],"replies":[{"embeddable":true,"href":"https:\/\/jlgequipements.fr\/index.php\/wp-json\/wp\/v2\/comments?post=12107"}],"version-history":[{"count":8,"href":"https:\/\/jlgequipements.fr\/index.php\/wp-json\/wp\/v2\/product\/12107\/revisions"}],"predecessor-version":[{"id":13131,"href":"https:\/\/jlgequipements.fr\/index.php\/wp-json\/wp\/v2\/product\/12107\/revisions\/13131"}],"wp:featuredmedia":[{"embeddable":true,"href":"https:\/\/jlgequipements.fr\/index.php\/wp-json\/wp\/v2\/media\/12108"}],"wp:attachment":[{"href":"https:\/\/jlgequipements.fr\/index.php\/wp-json\/wp\/v2\/media?parent=12107"}],"wp:term":[{"taxonomy":"product_brand","embeddable":true,"href":"https:\/\/jlgequipements.fr\/index.php\/wp-json\/wp\/v2\/product_brand?post=12107"},{"taxonomy":"product_cat","embeddable":true,"href":"https:\/\/jlgequipements.fr\/index.php\/wp-json\/wp\/v2\/product_cat?post=12107"},{"taxonomy":"product_tag","embeddable":true,"href":"https:\/\/jlgequipements.fr\/index.php\/wp-json\/wp\/v2\/product_tag?post=12107"}],"curies":[{"name":"wp","href":"https:\/\/api.w.org\/{rel}","templated":true}]}}