{"id":11929,"date":"2024-03-29T08:59:00","date_gmt":"2024-03-29T07:59:00","guid":{"rendered":"https:\/\/www.jlg.nicolas-briche.fr\/?post_type=product&#038;p=11929"},"modified":"2024-03-29T09:00:15","modified_gmt":"2024-03-29T08:00:15","slug":"kit-damovibilite-pour-barrieres-serrubloc","status":"publish","type":"product","link":"https:\/\/jlgequipements.fr\/index.php\/produit\/kit-damovibilite-pour-barrieres-serrubloc\/","title":{"rendered":"KIT D&rsquo;AMOVIBILITE POUR BARRIERES SERRUBLOC"},"content":{"rendered":"<p class=\"p1\"><b>\u00ab Effet scellement \u00bb : <\/b>la barri\u00e8re est parfaitement stable lorsqu\u2019elle est en place dans ses fourreaux<\/p>\n<p class=\"p1\"><b>Auto-drainants : <\/b>se posent \u00e0 fond de fouilles<\/p>\n<p class=\"p1\"><b>R\u00e9serve :<\/b> autorise l\u2019accumulation des sables et des poussi\u00e8res<span class=\"Apple-converted-space\">\u00a0<\/span><\/p>\n<p class=\"p1\"><b>Verrouillage et d\u00e9verrouillage : <\/b>par cl\u00e9 de 11 et p\u00eane \u00e0 vis<\/p>\n<p class=\"p1\">Protection de la serrure par cache basculant laqu\u00e9 noir<span class=\"Apple-converted-space\">\u00a0<\/span><\/p>\n<p class=\"p1\"><b>Finition : <\/b>acier galvanis\u00e9 pour une parfaite anticorrosion<span class=\"s1\">.<span class=\"Apple-converted-space\">\u00a0<\/span><\/span><\/p>\n<p>&nbsp;<\/p>\n<p><strong>Dimensions disponibles :<\/strong><\/p>\n<ul>\n<li>Barri\u00e8res Lisbonne et H\u00e9ritage.\u00a0 \u00a0 \u00a0 \u00a0 \u00a0 \u00a0 \u00a0 \u00a0 \u00a0 \u00a0 \u00a0 \u00a0 \u00a0 \u00a0 R\u00e9f 203400<\/li>\n<li>Barri\u00e8re Venise\u00a0 \u00a0 \u00a0 \u00a0 \u00a0 \u00a0 \u00a0 \u00a0 \u00a0 \u00a0 \u00a0 \u00a0 \u00a0 \u00a0 \u00a0 \u00a0 \u00a0 \u00a0 \u00a0 \u00a0 \u00a0 \u00a0 \u00a0 \u00a0 \u00a0 \u00a0 \u00a0 \u00a0 \u00a0R\u00e9f 203405<\/li>\n<li>Barri\u00e8res Province, Trio, Linea et carrefour\u00a0 \u00a0 \u00a0 \u00a0R\u00e9f 203404<\/li>\n<li>Barri\u00e8re Losange\u00a0 \u00a0 \u00a0 \u00a0 \u00a0 \u00a0 \u00a0 \u00a0 \u00a0 \u00a0 \u00a0 \u00a0 \u00a0 \u00a0 \u00a0 \u00a0 \u00a0 \u00a0 \u00a0 \u00a0 \u00a0 \u00a0 \u00a0 \u00a0 \u00a0 \u00a0 \u00a0 R\u00e9f 203403<\/li>\n<li>Barri\u00e8re Pagode\u00a0 \u00a0 \u00a0 \u00a0 \u00a0 \u00a0 \u00a0 \u00a0 \u00a0 \u00a0 \u00a0 \u00a0 \u00a0 \u00a0 \u00a0 \u00a0 \u00a0 \u00a0 \u00a0 \u00a0 \u00a0 \u00a0 \u00a0 \u00a0 \u00a0 \u00a0 \u00a0 \u00a0 R\u00e9f 203401<\/li>\n<li>Barri\u00e8res Orl\u00e9ans et Conviviale\u00a0 \u00a0 \u00a0 \u00a0 \u00a0 \u00a0 \u00a0 \u00a0 \u00a0 \u00a0 \u00a0 \u00a0 \u00a0 \u00a0 \u00a0R\u00e9f 203402<\/li>\n<\/ul>\n","protected":false},"excerpt":{"rendered":"<p>\u00ab Effet scellement \u00bb : la barri\u00e8re est parfaitement stable lorsqu\u2019elle est en place dans ses fourreaux Auto-drainants : se posent \u00e0 fond de fouilles R\u00e9serve : autorise l\u2019accumulation des sables et des poussi\u00e8res\u00a0 Verrouillage et d\u00e9verrouillage : par cl\u00e9 de 11 et p\u00eane \u00e0 vis Protection de la serrure par cache basculant laqu\u00e9 noir\u00a0 Finition : acier galvanis\u00e9 pour une parfaite anticorrosion.\u00a0 &nbsp; Dimensions disponibles : Barri\u00e8res Lisbonne et H\u00e9ritage.\u00a0 \u00a0 \u00a0 \u00a0 \u00a0 \u00a0 \u00a0 \u00a0 \u00a0 \u00a0 \u00a0 \u00a0 \u00a0 \u00a0 R\u00e9f 203400 Barri\u00e8re Venise\u00a0 \u00a0 \u00a0 \u00a0 \u00a0 \u00a0 \u00a0 \u00a0 \u00a0 \u00a0 \u00a0 \u00a0 \u00a0 \u00a0 \u00a0 \u00a0 \u00a0 \u00a0 \u00a0 \u00a0 \u00a0 \u00a0 \u00a0 \u00a0 \u00a0 \u00a0 \u00a0 \u00a0 \u00a0R\u00e9f 203405 Barri\u00e8res Province, Trio, Linea et carrefour\u00a0 \u00a0 \u00a0 \u00a0R\u00e9f 203404 Barri\u00e8re Losange\u00a0 \u00a0 \u00a0 \u00a0 \u00a0 \u00a0 \u00a0 \u00a0 \u00a0 \u00a0 \u00a0 \u00a0 \u00a0 \u00a0 \u00a0 \u00a0 \u00a0 \u00a0 \u00a0 \u00a0 \u00a0 \u00a0 \u00a0 \u00a0 \u00a0 \u00a0 \u00a0 R\u00e9f 203403 Barri\u00e8re Pagode\u00a0 \u00a0 \u00a0 \u00a0 \u00a0 \u00a0 \u00a0 \u00a0 \u00a0 \u00a0 \u00a0 \u00a0 \u00a0 \u00a0 \u00a0 \u00a0 \u00a0 \u00a0 \u00a0 \u00a0 \u00a0 \u00a0 \u00a0 \u00a0 \u00a0 \u00a0 \u00a0 \u00a0 R\u00e9f 203401 Barri\u00e8res Orl\u00e9ans et Conviviale\u00a0 \u00a0 \u00a0 \u00a0 \u00a0 \u00a0 \u00a0 \u00a0 \u00a0 \u00a0 \u00a0 \u00a0 \u00a0 \u00a0 \u00a0R\u00e9f 203402<\/p>\n","protected":false},"featured_media":11930,"comment_status":"open","ping_status":"closed","template":"","meta":[],"product_brand":[],"product_cat":[226,227],"product_tag":[],"class_list":{"0":"post-11929","1":"product","2":"type-product","3":"status-publish","4":"has-post-thumbnail","6":"product_cat-mobilier-urbain","7":"product_cat-barrieres-de-ville-et-de-police","9":"first","10":"instock","11":"shipping-taxable","12":"product-type-simple"},"yoast_head":"<!-- This site is optimized with the Yoast SEO plugin v27.1.1 - https:\/\/yoast.com\/product\/yoast-seo-wordpress\/ -->\n<title>KIT D&#039;AMOVIBILITE POUR BARRIERES SERRUBLOC - JLG \u00c9quipements Collectivit\u00e9s<\/title>\n<meta name=\"robots\" content=\"index, follow, max-snippet:-1, max-image-preview:large, max-video-preview:-1\" \/>\n<link rel=\"canonical\" href=\"https:\/\/jlgequipements.fr\/index.php\/produit\/kit-damovibilite-pour-barrieres-serrubloc\/\" \/>\n<meta property=\"og:locale\" content=\"fr_FR\" \/>\n<meta property=\"og:type\" content=\"article\" \/>\n<meta property=\"og:title\" content=\"KIT D&#039;AMOVIBILITE POUR BARRIERES SERRUBLOC - JLG \u00c9quipements Collectivit\u00e9s\" \/>\n<meta property=\"og:description\" content=\"\u00ab Effet scellement \u00bb : la barri\u00e8re est parfaitement stable lorsqu\u2019elle est en place dans ses fourreaux Auto-drainants : se posent \u00e0 fond de fouilles R\u00e9serve : autorise l\u2019accumulation des sables et des poussi\u00e8res\u00a0 Verrouillage et d\u00e9verrouillage : par cl\u00e9 de 11 et p\u00eane \u00e0 vis Protection de la serrure par cache basculant laqu\u00e9 noir\u00a0 Finition : acier galvanis\u00e9 pour une parfaite anticorrosion.\u00a0 &nbsp; Dimensions disponibles : Barri\u00e8res Lisbonne et H\u00e9ritage.\u00a0 \u00a0 \u00a0 \u00a0 \u00a0 \u00a0 \u00a0 \u00a0 \u00a0 \u00a0 \u00a0 \u00a0 \u00a0 \u00a0 R\u00e9f 203400 Barri\u00e8re Venise\u00a0 \u00a0 \u00a0 \u00a0 \u00a0 \u00a0 \u00a0 \u00a0 \u00a0 \u00a0 \u00a0 \u00a0 \u00a0 \u00a0 \u00a0 \u00a0 \u00a0 \u00a0 \u00a0 \u00a0 \u00a0 \u00a0 \u00a0 \u00a0 \u00a0 \u00a0 \u00a0 \u00a0 \u00a0R\u00e9f 203405 Barri\u00e8res Province, Trio, Linea et carrefour\u00a0 \u00a0 \u00a0 \u00a0R\u00e9f 203404 Barri\u00e8re Losange\u00a0 \u00a0 \u00a0 \u00a0 \u00a0 \u00a0 \u00a0 \u00a0 \u00a0 \u00a0 \u00a0 \u00a0 \u00a0 \u00a0 \u00a0 \u00a0 \u00a0 \u00a0 \u00a0 \u00a0 \u00a0 \u00a0 \u00a0 \u00a0 \u00a0 \u00a0 \u00a0 R\u00e9f 203403 Barri\u00e8re Pagode\u00a0 \u00a0 \u00a0 \u00a0 \u00a0 \u00a0 \u00a0 \u00a0 \u00a0 \u00a0 \u00a0 \u00a0 \u00a0 \u00a0 \u00a0 \u00a0 \u00a0 \u00a0 \u00a0 \u00a0 \u00a0 \u00a0 \u00a0 \u00a0 \u00a0 \u00a0 \u00a0 \u00a0 R\u00e9f 203401 Barri\u00e8res Orl\u00e9ans et Conviviale\u00a0 \u00a0 \u00a0 \u00a0 \u00a0 \u00a0 \u00a0 \u00a0 \u00a0 \u00a0 \u00a0 \u00a0 \u00a0 \u00a0 \u00a0R\u00e9f 203402\" \/>\n<meta property=\"og:url\" content=\"https:\/\/jlgequipements.fr\/index.php\/produit\/kit-damovibilite-pour-barrieres-serrubloc\/\" \/>\n<meta property=\"og:site_name\" content=\"JLG \u00c9quipements Collectivit\u00e9s\" \/>\n<meta property=\"article:modified_time\" content=\"2024-03-29T08:00:15+00:00\" \/>\n<meta property=\"og:image\" content=\"http:\/\/jlgequipements.fr\/wp-content\/uploads\/2024\/03\/KIT_DAMOVIBILITE_BARRIERES_SERRUBLOC.jpg\" \/>\n\t<meta property=\"og:image:width\" content=\"1793\" \/>\n\t<meta property=\"og:image:height\" content=\"1818\" \/>\n\t<meta property=\"og:image:type\" content=\"image\/jpeg\" \/>\n<meta name=\"twitter:card\" content=\"summary_large_image\" \/>\n<meta name=\"twitter:label1\" content=\"Dur\u00e9e de lecture estim\u00e9e\" \/>\n\t<meta name=\"twitter:data1\" content=\"1 minute\" \/>\n<script type=\"application\/ld+json\" class=\"yoast-schema-graph\">{\"@context\":\"https:\/\/schema.org\",\"@graph\":[{\"@type\":\"WebPage\",\"@id\":\"https:\/\/jlgequipements.fr\/index.php\/produit\/kit-damovibilite-pour-barrieres-serrubloc\/\",\"url\":\"https:\/\/jlgequipements.fr\/index.php\/produit\/kit-damovibilite-pour-barrieres-serrubloc\/\",\"name\":\"KIT D'AMOVIBILITE POUR BARRIERES SERRUBLOC - JLG \u00c9quipements Collectivit\u00e9s\",\"isPartOf\":{\"@id\":\"https:\/\/jlgequipements.fr\/#website\"},\"primaryImageOfPage\":{\"@id\":\"https:\/\/jlgequipements.fr\/index.php\/produit\/kit-damovibilite-pour-barrieres-serrubloc\/#primaryimage\"},\"image\":{\"@id\":\"https:\/\/jlgequipements.fr\/index.php\/produit\/kit-damovibilite-pour-barrieres-serrubloc\/#primaryimage\"},\"thumbnailUrl\":\"https:\/\/jlgequipements.fr\/wp-content\/uploads\/2024\/03\/KIT_DAMOVIBILITE_BARRIERES_SERRUBLOC.jpg\",\"datePublished\":\"2024-03-29T07:59:00+00:00\",\"dateModified\":\"2024-03-29T08:00:15+00:00\",\"breadcrumb\":{\"@id\":\"https:\/\/jlgequipements.fr\/index.php\/produit\/kit-damovibilite-pour-barrieres-serrubloc\/#breadcrumb\"},\"inLanguage\":\"fr-FR\",\"potentialAction\":[{\"@type\":\"ReadAction\",\"target\":[\"https:\/\/jlgequipements.fr\/index.php\/produit\/kit-damovibilite-pour-barrieres-serrubloc\/\"]}]},{\"@type\":\"ImageObject\",\"inLanguage\":\"fr-FR\",\"@id\":\"https:\/\/jlgequipements.fr\/index.php\/produit\/kit-damovibilite-pour-barrieres-serrubloc\/#primaryimage\",\"url\":\"https:\/\/jlgequipements.fr\/wp-content\/uploads\/2024\/03\/KIT_DAMOVIBILITE_BARRIERES_SERRUBLOC.jpg\",\"contentUrl\":\"https:\/\/jlgequipements.fr\/wp-content\/uploads\/2024\/03\/KIT_DAMOVIBILITE_BARRIERES_SERRUBLOC.jpg\",\"width\":1793,\"height\":1818},{\"@type\":\"BreadcrumbList\",\"@id\":\"https:\/\/jlgequipements.fr\/index.php\/produit\/kit-damovibilite-pour-barrieres-serrubloc\/#breadcrumb\",\"itemListElement\":[{\"@type\":\"ListItem\",\"position\":1,\"name\":\"Accueil\",\"item\":\"https:\/\/jlgequipements.fr\/\"},{\"@type\":\"ListItem\",\"position\":2,\"name\":\"Boutique\",\"item\":\"https:\/\/jlgequipements.fr\/index.php\/boutique\/\"},{\"@type\":\"ListItem\",\"position\":3,\"name\":\"KIT D&rsquo;AMOVIBILITE POUR BARRIERES SERRUBLOC\"}]},{\"@type\":\"WebSite\",\"@id\":\"https:\/\/jlgequipements.fr\/#website\",\"url\":\"https:\/\/jlgequipements.fr\/\",\"name\":\"JLG \u00c9quipements collectivit\u00e9\",\"description\":\"Le partenaire des communes\",\"publisher\":{\"@id\":\"https:\/\/jlgequipements.fr\/#organization\"},\"potentialAction\":[{\"@type\":\"SearchAction\",\"target\":{\"@type\":\"EntryPoint\",\"urlTemplate\":\"https:\/\/jlgequipements.fr\/?s={search_term_string}\"},\"query-input\":{\"@type\":\"PropertyValueSpecification\",\"valueRequired\":true,\"valueName\":\"search_term_string\"}}],\"inLanguage\":\"fr-FR\"},{\"@type\":\"Organization\",\"@id\":\"https:\/\/jlgequipements.fr\/#organization\",\"name\":\"JLG \u00c9quipements collectivit\u00e9\",\"url\":\"https:\/\/jlgequipements.fr\/\",\"logo\":{\"@type\":\"ImageObject\",\"inLanguage\":\"fr-FR\",\"@id\":\"https:\/\/jlgequipements.fr\/#\/schema\/logo\/image\/\",\"url\":\"https:\/\/jlgequipements.fr\/wp-content\/uploads\/2024\/01\/JLG_LOGO_VECTO.png\",\"contentUrl\":\"https:\/\/jlgequipements.fr\/wp-content\/uploads\/2024\/01\/JLG_LOGO_VECTO.png\",\"width\":3293,\"height\":3292,\"caption\":\"JLG \u00c9quipements collectivit\u00e9\"},\"image\":{\"@id\":\"https:\/\/jlgequipements.fr\/#\/schema\/logo\/image\/\"}}]}<\/script>\n<!-- \/ Yoast SEO plugin. -->","yoast_head_json":{"title":"KIT D'AMOVIBILITE POUR BARRIERES SERRUBLOC - JLG \u00c9quipements Collectivit\u00e9s","robots":{"index":"index","follow":"follow","max-snippet":"max-snippet:-1","max-image-preview":"max-image-preview:large","max-video-preview":"max-video-preview:-1"},"canonical":"https:\/\/jlgequipements.fr\/index.php\/produit\/kit-damovibilite-pour-barrieres-serrubloc\/","og_locale":"fr_FR","og_type":"article","og_title":"KIT D'AMOVIBILITE POUR BARRIERES SERRUBLOC - JLG \u00c9quipements Collectivit\u00e9s","og_description":"\u00ab Effet scellement \u00bb : la barri\u00e8re est parfaitement stable lorsqu\u2019elle est en place dans ses fourreaux Auto-drainants : se posent \u00e0 fond de fouilles R\u00e9serve : autorise l\u2019accumulation des sables et des poussi\u00e8res\u00a0 Verrouillage et d\u00e9verrouillage : par cl\u00e9 de 11 et p\u00eane \u00e0 vis Protection de la serrure par cache basculant laqu\u00e9 noir\u00a0 Finition : acier galvanis\u00e9 pour une parfaite anticorrosion.\u00a0 &nbsp; Dimensions disponibles : Barri\u00e8res Lisbonne et H\u00e9ritage.\u00a0 \u00a0 \u00a0 \u00a0 \u00a0 \u00a0 \u00a0 \u00a0 \u00a0 \u00a0 \u00a0 \u00a0 \u00a0 \u00a0 R\u00e9f 203400 Barri\u00e8re Venise\u00a0 \u00a0 \u00a0 \u00a0 \u00a0 \u00a0 \u00a0 \u00a0 \u00a0 \u00a0 \u00a0 \u00a0 \u00a0 \u00a0 \u00a0 \u00a0 \u00a0 \u00a0 \u00a0 \u00a0 \u00a0 \u00a0 \u00a0 \u00a0 \u00a0 \u00a0 \u00a0 \u00a0 \u00a0R\u00e9f 203405 Barri\u00e8res Province, Trio, Linea et carrefour\u00a0 \u00a0 \u00a0 \u00a0R\u00e9f 203404 Barri\u00e8re Losange\u00a0 \u00a0 \u00a0 \u00a0 \u00a0 \u00a0 \u00a0 \u00a0 \u00a0 \u00a0 \u00a0 \u00a0 \u00a0 \u00a0 \u00a0 \u00a0 \u00a0 \u00a0 \u00a0 \u00a0 \u00a0 \u00a0 \u00a0 \u00a0 \u00a0 \u00a0 \u00a0 R\u00e9f 203403 Barri\u00e8re Pagode\u00a0 \u00a0 \u00a0 \u00a0 \u00a0 \u00a0 \u00a0 \u00a0 \u00a0 \u00a0 \u00a0 \u00a0 \u00a0 \u00a0 \u00a0 \u00a0 \u00a0 \u00a0 \u00a0 \u00a0 \u00a0 \u00a0 \u00a0 \u00a0 \u00a0 \u00a0 \u00a0 \u00a0 R\u00e9f 203401 Barri\u00e8res Orl\u00e9ans et Conviviale\u00a0 \u00a0 \u00a0 \u00a0 \u00a0 \u00a0 \u00a0 \u00a0 \u00a0 \u00a0 \u00a0 \u00a0 \u00a0 \u00a0 \u00a0R\u00e9f 203402","og_url":"https:\/\/jlgequipements.fr\/index.php\/produit\/kit-damovibilite-pour-barrieres-serrubloc\/","og_site_name":"JLG \u00c9quipements Collectivit\u00e9s","article_modified_time":"2024-03-29T08:00:15+00:00","og_image":[{"width":1793,"height":1818,"url":"http:\/\/jlgequipements.fr\/wp-content\/uploads\/2024\/03\/KIT_DAMOVIBILITE_BARRIERES_SERRUBLOC.jpg","type":"image\/jpeg"}],"twitter_card":"summary_large_image","twitter_misc":{"Dur\u00e9e de lecture estim\u00e9e":"1 minute"},"schema":{"@context":"https:\/\/schema.org","@graph":[{"@type":"WebPage","@id":"https:\/\/jlgequipements.fr\/index.php\/produit\/kit-damovibilite-pour-barrieres-serrubloc\/","url":"https:\/\/jlgequipements.fr\/index.php\/produit\/kit-damovibilite-pour-barrieres-serrubloc\/","name":"KIT D'AMOVIBILITE POUR BARRIERES SERRUBLOC - JLG \u00c9quipements Collectivit\u00e9s","isPartOf":{"@id":"https:\/\/jlgequipements.fr\/#website"},"primaryImageOfPage":{"@id":"https:\/\/jlgequipements.fr\/index.php\/produit\/kit-damovibilite-pour-barrieres-serrubloc\/#primaryimage"},"image":{"@id":"https:\/\/jlgequipements.fr\/index.php\/produit\/kit-damovibilite-pour-barrieres-serrubloc\/#primaryimage"},"thumbnailUrl":"https:\/\/jlgequipements.fr\/wp-content\/uploads\/2024\/03\/KIT_DAMOVIBILITE_BARRIERES_SERRUBLOC.jpg","datePublished":"2024-03-29T07:59:00+00:00","dateModified":"2024-03-29T08:00:15+00:00","breadcrumb":{"@id":"https:\/\/jlgequipements.fr\/index.php\/produit\/kit-damovibilite-pour-barrieres-serrubloc\/#breadcrumb"},"inLanguage":"fr-FR","potentialAction":[{"@type":"ReadAction","target":["https:\/\/jlgequipements.fr\/index.php\/produit\/kit-damovibilite-pour-barrieres-serrubloc\/"]}]},{"@type":"ImageObject","inLanguage":"fr-FR","@id":"https:\/\/jlgequipements.fr\/index.php\/produit\/kit-damovibilite-pour-barrieres-serrubloc\/#primaryimage","url":"https:\/\/jlgequipements.fr\/wp-content\/uploads\/2024\/03\/KIT_DAMOVIBILITE_BARRIERES_SERRUBLOC.jpg","contentUrl":"https:\/\/jlgequipements.fr\/wp-content\/uploads\/2024\/03\/KIT_DAMOVIBILITE_BARRIERES_SERRUBLOC.jpg","width":1793,"height":1818},{"@type":"BreadcrumbList","@id":"https:\/\/jlgequipements.fr\/index.php\/produit\/kit-damovibilite-pour-barrieres-serrubloc\/#breadcrumb","itemListElement":[{"@type":"ListItem","position":1,"name":"Accueil","item":"https:\/\/jlgequipements.fr\/"},{"@type":"ListItem","position":2,"name":"Boutique","item":"https:\/\/jlgequipements.fr\/index.php\/boutique\/"},{"@type":"ListItem","position":3,"name":"KIT D&rsquo;AMOVIBILITE POUR BARRIERES SERRUBLOC"}]},{"@type":"WebSite","@id":"https:\/\/jlgequipements.fr\/#website","url":"https:\/\/jlgequipements.fr\/","name":"JLG \u00c9quipements collectivit\u00e9","description":"Le partenaire des communes","publisher":{"@id":"https:\/\/jlgequipements.fr\/#organization"},"potentialAction":[{"@type":"SearchAction","target":{"@type":"EntryPoint","urlTemplate":"https:\/\/jlgequipements.fr\/?s={search_term_string}"},"query-input":{"@type":"PropertyValueSpecification","valueRequired":true,"valueName":"search_term_string"}}],"inLanguage":"fr-FR"},{"@type":"Organization","@id":"https:\/\/jlgequipements.fr\/#organization","name":"JLG \u00c9quipements collectivit\u00e9","url":"https:\/\/jlgequipements.fr\/","logo":{"@type":"ImageObject","inLanguage":"fr-FR","@id":"https:\/\/jlgequipements.fr\/#\/schema\/logo\/image\/","url":"https:\/\/jlgequipements.fr\/wp-content\/uploads\/2024\/01\/JLG_LOGO_VECTO.png","contentUrl":"https:\/\/jlgequipements.fr\/wp-content\/uploads\/2024\/01\/JLG_LOGO_VECTO.png","width":3293,"height":3292,"caption":"JLG \u00c9quipements collectivit\u00e9"},"image":{"@id":"https:\/\/jlgequipements.fr\/#\/schema\/logo\/image\/"}}]}},"_links":{"self":[{"href":"https:\/\/jlgequipements.fr\/index.php\/wp-json\/wp\/v2\/product\/11929","targetHints":{"allow":["GET"]}}],"collection":[{"href":"https:\/\/jlgequipements.fr\/index.php\/wp-json\/wp\/v2\/product"}],"about":[{"href":"https:\/\/jlgequipements.fr\/index.php\/wp-json\/wp\/v2\/types\/product"}],"replies":[{"embeddable":true,"href":"https:\/\/jlgequipements.fr\/index.php\/wp-json\/wp\/v2\/comments?post=11929"}],"version-history":[{"count":1,"href":"https:\/\/jlgequipements.fr\/index.php\/wp-json\/wp\/v2\/product\/11929\/revisions"}],"predecessor-version":[{"id":11931,"href":"https:\/\/jlgequipements.fr\/index.php\/wp-json\/wp\/v2\/product\/11929\/revisions\/11931"}],"wp:featuredmedia":[{"embeddable":true,"href":"https:\/\/jlgequipements.fr\/index.php\/wp-json\/wp\/v2\/media\/11930"}],"wp:attachment":[{"href":"https:\/\/jlgequipements.fr\/index.php\/wp-json\/wp\/v2\/media?parent=11929"}],"wp:term":[{"taxonomy":"product_brand","embeddable":true,"href":"https:\/\/jlgequipements.fr\/index.php\/wp-json\/wp\/v2\/product_brand?post=11929"},{"taxonomy":"product_cat","embeddable":true,"href":"https:\/\/jlgequipements.fr\/index.php\/wp-json\/wp\/v2\/product_cat?post=11929"},{"taxonomy":"product_tag","embeddable":true,"href":"https:\/\/jlgequipements.fr\/index.php\/wp-json\/wp\/v2\/product_tag?post=11929"}],"curies":[{"name":"wp","href":"https:\/\/api.w.org\/{rel}","templated":true}]}}