{"id":11849,"date":"2024-03-26T15:33:37","date_gmt":"2024-03-26T14:33:37","guid":{"rendered":"https:\/\/www.jlg.nicolas-briche.fr\/?post_type=product&#038;p=11849"},"modified":"2024-04-09T14:58:28","modified_gmt":"2024-04-09T12:58:28","slug":"carnet-de-tickets-55-x-135-mm-perso","status":"publish","type":"product","link":"https:\/\/jlgequipements.fr\/index.php\/produit\/carnet-de-tickets-55-x-135-mm-perso\/","title":{"rendered":"CARNET DE TICKETS 55 x 135 MM PERSO"},"content":{"rendered":"<ul>\n<li>Carnet de tickets<\/li>\n<li>55 x 135 mm<\/li>\n<li>80 gr<\/li>\n<li>Impression noire<\/li>\n<li>1 perforation<\/li>\n<li>Double num\u00e9rotation<\/li>\n<li>1 agrafe<\/li>\n<li>Couverture recto-verso<\/li>\n<\/ul>\n<p>Carnets disponibles en :<\/p>\n<ul>\n<li>10 tickets<\/li>\n<li>25 tickets<\/li>\n<li>50 tickets<\/li>\n<li>100 tickets<\/li>\n<\/ul>\n<p>Couleurs disponibles :<\/p>\n<ul>\n<li>Vert vif, Blanc, Vert Mousse, Rose, Jaune, Bleu vif, Orange, Rouge, Fuchsia<\/li>\n<\/ul>\n","protected":false},"excerpt":{"rendered":"<p>Carnet de tickets 55 x 135 mm 80 gr Impression noire 1 perforation Double num\u00e9rotation 1 agrafe Couverture recto-verso Carnets disponibles en : 10 tickets 25 tickets 50 tickets 100 tickets Couleurs disponibles : Vert vif, Blanc, Vert Mousse, Rose, Jaune, Bleu vif, Orange, Rouge, Fuchsia<\/p>\n","protected":false},"featured_media":12336,"comment_status":"open","ping_status":"closed","template":"","meta":[],"product_brand":[],"product_cat":[255],"product_tag":[],"class_list":{"0":"post-11849","1":"product","2":"type-product","3":"status-publish","4":"has-post-thumbnail","6":"product_cat-tickets-de-cantine","8":"first","9":"instock","10":"shipping-taxable","11":"product-type-simple"},"yoast_head":"<!-- This site is optimized with the Yoast SEO plugin v27.1.1 - https:\/\/yoast.com\/product\/yoast-seo-wordpress\/ -->\n<title>CARNET DE TICKETS 55 x 135 MM PERSO - JLG \u00c9quipements Collectivit\u00e9s<\/title>\n<meta name=\"robots\" content=\"index, follow, max-snippet:-1, max-image-preview:large, max-video-preview:-1\" \/>\n<link rel=\"canonical\" href=\"https:\/\/jlgequipements.fr\/index.php\/produit\/carnet-de-tickets-55-x-135-mm-perso\/\" \/>\n<meta property=\"og:locale\" content=\"fr_FR\" \/>\n<meta property=\"og:type\" content=\"article\" \/>\n<meta property=\"og:title\" content=\"CARNET DE TICKETS 55 x 135 MM PERSO - JLG \u00c9quipements Collectivit\u00e9s\" \/>\n<meta property=\"og:description\" content=\"Carnet de tickets 55 x 135 mm 80 gr Impression noire 1 perforation Double num\u00e9rotation 1 agrafe Couverture recto-verso Carnets disponibles en : 10 tickets 25 tickets 50 tickets 100 tickets Couleurs disponibles : Vert vif, Blanc, Vert Mousse, Rose, Jaune, Bleu vif, Orange, Rouge, Fuchsia\" \/>\n<meta property=\"og:url\" content=\"https:\/\/jlgequipements.fr\/index.php\/produit\/carnet-de-tickets-55-x-135-mm-perso\/\" \/>\n<meta property=\"og:site_name\" content=\"JLG \u00c9quipements Collectivit\u00e9s\" \/>\n<meta property=\"article:modified_time\" content=\"2024-04-09T12:58:28+00:00\" \/>\n<meta property=\"og:image\" content=\"http:\/\/jlgequipements.fr\/wp-content\/uploads\/2024\/03\/Untitled-117.jpg\" \/>\n\t<meta property=\"og:image:width\" content=\"500\" \/>\n\t<meta property=\"og:image:height\" content=\"500\" \/>\n\t<meta property=\"og:image:type\" content=\"image\/jpeg\" \/>\n<meta name=\"twitter:card\" content=\"summary_large_image\" \/>\n<script type=\"application\/ld+json\" class=\"yoast-schema-graph\">{\"@context\":\"https:\/\/schema.org\",\"@graph\":[{\"@type\":\"WebPage\",\"@id\":\"https:\/\/jlgequipements.fr\/index.php\/produit\/carnet-de-tickets-55-x-135-mm-perso\/\",\"url\":\"https:\/\/jlgequipements.fr\/index.php\/produit\/carnet-de-tickets-55-x-135-mm-perso\/\",\"name\":\"CARNET DE TICKETS 55 x 135 MM PERSO - JLG \u00c9quipements Collectivit\u00e9s\",\"isPartOf\":{\"@id\":\"https:\/\/jlgequipements.fr\/#website\"},\"primaryImageOfPage\":{\"@id\":\"https:\/\/jlgequipements.fr\/index.php\/produit\/carnet-de-tickets-55-x-135-mm-perso\/#primaryimage\"},\"image\":{\"@id\":\"https:\/\/jlgequipements.fr\/index.php\/produit\/carnet-de-tickets-55-x-135-mm-perso\/#primaryimage\"},\"thumbnailUrl\":\"https:\/\/jlgequipements.fr\/wp-content\/uploads\/2024\/03\/Untitled-117.jpg\",\"datePublished\":\"2024-03-26T14:33:37+00:00\",\"dateModified\":\"2024-04-09T12:58:28+00:00\",\"breadcrumb\":{\"@id\":\"https:\/\/jlgequipements.fr\/index.php\/produit\/carnet-de-tickets-55-x-135-mm-perso\/#breadcrumb\"},\"inLanguage\":\"fr-FR\",\"potentialAction\":[{\"@type\":\"ReadAction\",\"target\":[\"https:\/\/jlgequipements.fr\/index.php\/produit\/carnet-de-tickets-55-x-135-mm-perso\/\"]}]},{\"@type\":\"ImageObject\",\"inLanguage\":\"fr-FR\",\"@id\":\"https:\/\/jlgequipements.fr\/index.php\/produit\/carnet-de-tickets-55-x-135-mm-perso\/#primaryimage\",\"url\":\"https:\/\/jlgequipements.fr\/wp-content\/uploads\/2024\/03\/Untitled-117.jpg\",\"contentUrl\":\"https:\/\/jlgequipements.fr\/wp-content\/uploads\/2024\/03\/Untitled-117.jpg\",\"width\":500,\"height\":500},{\"@type\":\"BreadcrumbList\",\"@id\":\"https:\/\/jlgequipements.fr\/index.php\/produit\/carnet-de-tickets-55-x-135-mm-perso\/#breadcrumb\",\"itemListElement\":[{\"@type\":\"ListItem\",\"position\":1,\"name\":\"Accueil\",\"item\":\"https:\/\/jlgequipements.fr\/\"},{\"@type\":\"ListItem\",\"position\":2,\"name\":\"Boutique\",\"item\":\"https:\/\/jlgequipements.fr\/index.php\/boutique\/\"},{\"@type\":\"ListItem\",\"position\":3,\"name\":\"CARNET DE TICKETS 55 x 135 MM PERSO\"}]},{\"@type\":\"WebSite\",\"@id\":\"https:\/\/jlgequipements.fr\/#website\",\"url\":\"https:\/\/jlgequipements.fr\/\",\"name\":\"JLG \u00c9quipements collectivit\u00e9\",\"description\":\"Le partenaire des communes\",\"publisher\":{\"@id\":\"https:\/\/jlgequipements.fr\/#organization\"},\"potentialAction\":[{\"@type\":\"SearchAction\",\"target\":{\"@type\":\"EntryPoint\",\"urlTemplate\":\"https:\/\/jlgequipements.fr\/?s={search_term_string}\"},\"query-input\":{\"@type\":\"PropertyValueSpecification\",\"valueRequired\":true,\"valueName\":\"search_term_string\"}}],\"inLanguage\":\"fr-FR\"},{\"@type\":\"Organization\",\"@id\":\"https:\/\/jlgequipements.fr\/#organization\",\"name\":\"JLG \u00c9quipements collectivit\u00e9\",\"url\":\"https:\/\/jlgequipements.fr\/\",\"logo\":{\"@type\":\"ImageObject\",\"inLanguage\":\"fr-FR\",\"@id\":\"https:\/\/jlgequipements.fr\/#\/schema\/logo\/image\/\",\"url\":\"https:\/\/jlgequipements.fr\/wp-content\/uploads\/2024\/01\/JLG_LOGO_VECTO.png\",\"contentUrl\":\"https:\/\/jlgequipements.fr\/wp-content\/uploads\/2024\/01\/JLG_LOGO_VECTO.png\",\"width\":3293,\"height\":3292,\"caption\":\"JLG \u00c9quipements collectivit\u00e9\"},\"image\":{\"@id\":\"https:\/\/jlgequipements.fr\/#\/schema\/logo\/image\/\"}}]}<\/script>\n<!-- \/ Yoast SEO plugin. -->","yoast_head_json":{"title":"CARNET DE TICKETS 55 x 135 MM PERSO - JLG \u00c9quipements Collectivit\u00e9s","robots":{"index":"index","follow":"follow","max-snippet":"max-snippet:-1","max-image-preview":"max-image-preview:large","max-video-preview":"max-video-preview:-1"},"canonical":"https:\/\/jlgequipements.fr\/index.php\/produit\/carnet-de-tickets-55-x-135-mm-perso\/","og_locale":"fr_FR","og_type":"article","og_title":"CARNET DE TICKETS 55 x 135 MM PERSO - JLG \u00c9quipements Collectivit\u00e9s","og_description":"Carnet de tickets 55 x 135 mm 80 gr Impression noire 1 perforation Double num\u00e9rotation 1 agrafe Couverture recto-verso Carnets disponibles en : 10 tickets 25 tickets 50 tickets 100 tickets Couleurs disponibles : Vert vif, Blanc, Vert Mousse, Rose, Jaune, Bleu vif, Orange, Rouge, Fuchsia","og_url":"https:\/\/jlgequipements.fr\/index.php\/produit\/carnet-de-tickets-55-x-135-mm-perso\/","og_site_name":"JLG \u00c9quipements Collectivit\u00e9s","article_modified_time":"2024-04-09T12:58:28+00:00","og_image":[{"width":500,"height":500,"url":"http:\/\/jlgequipements.fr\/wp-content\/uploads\/2024\/03\/Untitled-117.jpg","type":"image\/jpeg"}],"twitter_card":"summary_large_image","schema":{"@context":"https:\/\/schema.org","@graph":[{"@type":"WebPage","@id":"https:\/\/jlgequipements.fr\/index.php\/produit\/carnet-de-tickets-55-x-135-mm-perso\/","url":"https:\/\/jlgequipements.fr\/index.php\/produit\/carnet-de-tickets-55-x-135-mm-perso\/","name":"CARNET DE TICKETS 55 x 135 MM PERSO - JLG \u00c9quipements Collectivit\u00e9s","isPartOf":{"@id":"https:\/\/jlgequipements.fr\/#website"},"primaryImageOfPage":{"@id":"https:\/\/jlgequipements.fr\/index.php\/produit\/carnet-de-tickets-55-x-135-mm-perso\/#primaryimage"},"image":{"@id":"https:\/\/jlgequipements.fr\/index.php\/produit\/carnet-de-tickets-55-x-135-mm-perso\/#primaryimage"},"thumbnailUrl":"https:\/\/jlgequipements.fr\/wp-content\/uploads\/2024\/03\/Untitled-117.jpg","datePublished":"2024-03-26T14:33:37+00:00","dateModified":"2024-04-09T12:58:28+00:00","breadcrumb":{"@id":"https:\/\/jlgequipements.fr\/index.php\/produit\/carnet-de-tickets-55-x-135-mm-perso\/#breadcrumb"},"inLanguage":"fr-FR","potentialAction":[{"@type":"ReadAction","target":["https:\/\/jlgequipements.fr\/index.php\/produit\/carnet-de-tickets-55-x-135-mm-perso\/"]}]},{"@type":"ImageObject","inLanguage":"fr-FR","@id":"https:\/\/jlgequipements.fr\/index.php\/produit\/carnet-de-tickets-55-x-135-mm-perso\/#primaryimage","url":"https:\/\/jlgequipements.fr\/wp-content\/uploads\/2024\/03\/Untitled-117.jpg","contentUrl":"https:\/\/jlgequipements.fr\/wp-content\/uploads\/2024\/03\/Untitled-117.jpg","width":500,"height":500},{"@type":"BreadcrumbList","@id":"https:\/\/jlgequipements.fr\/index.php\/produit\/carnet-de-tickets-55-x-135-mm-perso\/#breadcrumb","itemListElement":[{"@type":"ListItem","position":1,"name":"Accueil","item":"https:\/\/jlgequipements.fr\/"},{"@type":"ListItem","position":2,"name":"Boutique","item":"https:\/\/jlgequipements.fr\/index.php\/boutique\/"},{"@type":"ListItem","position":3,"name":"CARNET DE TICKETS 55 x 135 MM PERSO"}]},{"@type":"WebSite","@id":"https:\/\/jlgequipements.fr\/#website","url":"https:\/\/jlgequipements.fr\/","name":"JLG \u00c9quipements collectivit\u00e9","description":"Le partenaire des communes","publisher":{"@id":"https:\/\/jlgequipements.fr\/#organization"},"potentialAction":[{"@type":"SearchAction","target":{"@type":"EntryPoint","urlTemplate":"https:\/\/jlgequipements.fr\/?s={search_term_string}"},"query-input":{"@type":"PropertyValueSpecification","valueRequired":true,"valueName":"search_term_string"}}],"inLanguage":"fr-FR"},{"@type":"Organization","@id":"https:\/\/jlgequipements.fr\/#organization","name":"JLG \u00c9quipements collectivit\u00e9","url":"https:\/\/jlgequipements.fr\/","logo":{"@type":"ImageObject","inLanguage":"fr-FR","@id":"https:\/\/jlgequipements.fr\/#\/schema\/logo\/image\/","url":"https:\/\/jlgequipements.fr\/wp-content\/uploads\/2024\/01\/JLG_LOGO_VECTO.png","contentUrl":"https:\/\/jlgequipements.fr\/wp-content\/uploads\/2024\/01\/JLG_LOGO_VECTO.png","width":3293,"height":3292,"caption":"JLG \u00c9quipements collectivit\u00e9"},"image":{"@id":"https:\/\/jlgequipements.fr\/#\/schema\/logo\/image\/"}}]}},"_links":{"self":[{"href":"https:\/\/jlgequipements.fr\/index.php\/wp-json\/wp\/v2\/product\/11849","targetHints":{"allow":["GET"]}}],"collection":[{"href":"https:\/\/jlgequipements.fr\/index.php\/wp-json\/wp\/v2\/product"}],"about":[{"href":"https:\/\/jlgequipements.fr\/index.php\/wp-json\/wp\/v2\/types\/product"}],"replies":[{"embeddable":true,"href":"https:\/\/jlgequipements.fr\/index.php\/wp-json\/wp\/v2\/comments?post=11849"}],"version-history":[{"count":1,"href":"https:\/\/jlgequipements.fr\/index.php\/wp-json\/wp\/v2\/product\/11849\/revisions"}],"predecessor-version":[{"id":11850,"href":"https:\/\/jlgequipements.fr\/index.php\/wp-json\/wp\/v2\/product\/11849\/revisions\/11850"}],"wp:featuredmedia":[{"embeddable":true,"href":"https:\/\/jlgequipements.fr\/index.php\/wp-json\/wp\/v2\/media\/12336"}],"wp:attachment":[{"href":"https:\/\/jlgequipements.fr\/index.php\/wp-json\/wp\/v2\/media?parent=11849"}],"wp:term":[{"taxonomy":"product_brand","embeddable":true,"href":"https:\/\/jlgequipements.fr\/index.php\/wp-json\/wp\/v2\/product_brand?post=11849"},{"taxonomy":"product_cat","embeddable":true,"href":"https:\/\/jlgequipements.fr\/index.php\/wp-json\/wp\/v2\/product_cat?post=11849"},{"taxonomy":"product_tag","embeddable":true,"href":"https:\/\/jlgequipements.fr\/index.php\/wp-json\/wp\/v2\/product_tag?post=11849"}],"curies":[{"name":"wp","href":"https:\/\/api.w.org\/{rel}","templated":true}]}}