{"id":11768,"date":"2024-03-26T11:06:52","date_gmt":"2024-03-26T10:06:52","guid":{"rendered":"https:\/\/www.jlg.nicolas-briche.fr\/?post_type=product&#038;p=11768"},"modified":"2026-03-18T21:45:08","modified_gmt":"2026-03-18T20:45:08","slug":"livre-dor-de-notre-mariage-non-personnalise","status":"publish","type":"product","link":"https:\/\/jlgequipements.fr\/index.php\/produit\/livre-dor-de-notre-mariage-non-personnalise\/","title":{"rendered":"LIVRE D&rsquo;OR DE NOTRE MARIAGE NON PERSONNALIS\u00c9"},"content":{"rendered":"<p class=\"p1\">Ce nouveau livre d\u2019OR de Notre Mariage est <span class=\"s1\"><b>une cr\u00e9ation JLG !<\/b><\/span> Cet ouvrage regorge d\u2019innovation pour le bonheur des jeunes mari\u00e9s, mis \u00e0 jour avec la pr\u00e9sence des r\u00e9cents textes de loi du Mariage pour tous, ainsi que des inspirations musicales vari\u00e9es de Francis Cabrel \u00e0 Grand Corps Malade en passant par Amir.<\/p>\n<p>&nbsp;<\/p>\n<p>Caract\u00e9ristiques :<\/p>\n<ul>\n<li class=\"p1\">Format : ferm\u00e9 &#8211; 260 x 245 mm, ouvert &#8211; 520 x 245 mm<span class=\"Apple-converted-space\">\u00a0<\/span><\/li>\n<li class=\"p1\">Couverture demi-mat blanc 4 pages rigides<span class=\"Apple-converted-space\">\u00a0<\/span><\/li>\n<li class=\"p1\">Int\u00e9rieur : 64 pages &#8211; 170 gr<span class=\"Apple-converted-space\">\u00a0<\/span><\/li>\n<\/ul>\n<p>Th\u00e9matiques abord\u00e9es :<\/p>\n<p class=\"p1\"><span class=\"s1\">Origine du Mariage, l\u2019<\/span>\u00c9volution du Mariage, Symbole du Mariage, Vin d\u2019honneur, Origine du champagne, Origine de la pi\u00e8ce mont\u00e9e, Voyage de Noces, Arbre g\u00e9n\u00e9alogique, etc &#8230;<\/p>\n","protected":false},"excerpt":{"rendered":"<p>Ce nouveau livre d\u2019OR de Notre Mariage est une cr\u00e9ation JLG ! Cet ouvrage regorge d\u2019innovation pour le bonheur des jeunes mari\u00e9s, mis \u00e0 jour avec la pr\u00e9sence des r\u00e9cents textes de loi du Mariage pour tous, ainsi que des inspirations musicales vari\u00e9es de Francis Cabrel \u00e0 Grand Corps Malade en passant par Amir. &nbsp; Caract\u00e9ristiques : Format : ferm\u00e9 &#8211; 260 x 245 mm, ouvert &#8211; 520 x 245 mm\u00a0 Couverture demi-mat blanc 4 pages rigides\u00a0 Int\u00e9rieur : 64 pages &#8211; 170 gr\u00a0 Th\u00e9matiques abord\u00e9es : Origine du Mariage, l\u2019\u00c9volution du Mariage, Symbole du Mariage, Vin d\u2019honneur, Origine du champagne, Origine de la pi\u00e8ce mont\u00e9e, Voyage de Noces, Arbre g\u00e9n\u00e9alogique, etc &#8230;<\/p>\n","protected":false},"featured_media":11769,"comment_status":"open","ping_status":"closed","template":"","meta":[],"product_brand":[],"product_cat":[287,198,203],"product_tag":[],"class_list":{"0":"post-11768","1":"product","2":"type-product","3":"status-publish","4":"has-post-thumbnail","6":"product_cat-mariage","7":"product_cat-etat-civil","8":"product_cat-livre-dor-et-medailles","10":"first","11":"instock","12":"shipping-taxable","13":"product-type-simple"},"yoast_head":"<!-- This site is optimized with the Yoast SEO plugin v27.1.1 - https:\/\/yoast.com\/product\/yoast-seo-wordpress\/ -->\n<title>LIVRE D&#039;OR DE NOTRE MARIAGE NON PERSONNALIS\u00c9 - JLG \u00c9quipements Collectivit\u00e9s<\/title>\n<meta name=\"robots\" content=\"index, follow, max-snippet:-1, max-image-preview:large, max-video-preview:-1\" \/>\n<link rel=\"canonical\" href=\"https:\/\/jlgequipements.fr\/index.php\/produit\/livre-dor-de-notre-mariage-non-personnalise\/\" \/>\n<meta property=\"og:locale\" content=\"fr_FR\" \/>\n<meta property=\"og:type\" content=\"article\" \/>\n<meta property=\"og:title\" content=\"LIVRE D&#039;OR DE NOTRE MARIAGE NON PERSONNALIS\u00c9 - JLG \u00c9quipements Collectivit\u00e9s\" \/>\n<meta property=\"og:description\" content=\"Ce nouveau livre d\u2019OR de Notre Mariage est une cr\u00e9ation JLG ! Cet ouvrage regorge d\u2019innovation pour le bonheur des jeunes mari\u00e9s, mis \u00e0 jour avec la pr\u00e9sence des r\u00e9cents textes de loi du Mariage pour tous, ainsi que des inspirations musicales vari\u00e9es de Francis Cabrel \u00e0 Grand Corps Malade en passant par Amir. &nbsp; Caract\u00e9ristiques : Format : ferm\u00e9 &#8211; 260 x 245 mm, ouvert &#8211; 520 x 245 mm\u00a0 Couverture demi-mat blanc 4 pages rigides\u00a0 Int\u00e9rieur : 64 pages &#8211; 170 gr\u00a0 Th\u00e9matiques abord\u00e9es : Origine du Mariage, l\u2019\u00c9volution du Mariage, Symbole du Mariage, Vin d\u2019honneur, Origine du champagne, Origine de la pi\u00e8ce mont\u00e9e, Voyage de Noces, Arbre g\u00e9n\u00e9alogique, etc &#8230;\" \/>\n<meta property=\"og:url\" content=\"https:\/\/jlgequipements.fr\/index.php\/produit\/livre-dor-de-notre-mariage-non-personnalise\/\" \/>\n<meta property=\"og:site_name\" content=\"JLG \u00c9quipements Collectivit\u00e9s\" \/>\n<meta property=\"article:modified_time\" content=\"2026-03-18T20:45:08+00:00\" \/>\n<meta property=\"og:image\" content=\"http:\/\/jlgequipements.fr\/wp-content\/uploads\/2024\/03\/LIVRE_DOR_NON_PERSO.jpg\" \/>\n\t<meta property=\"og:image:width\" content=\"2054\" \/>\n\t<meta property=\"og:image:height\" content=\"2120\" \/>\n\t<meta property=\"og:image:type\" content=\"image\/jpeg\" \/>\n<meta name=\"twitter:card\" content=\"summary_large_image\" \/>\n<meta name=\"twitter:label1\" content=\"Dur\u00e9e de lecture estim\u00e9e\" \/>\n\t<meta name=\"twitter:data1\" content=\"1 minute\" \/>\n<script type=\"application\/ld+json\" class=\"yoast-schema-graph\">{\"@context\":\"https:\/\/schema.org\",\"@graph\":[{\"@type\":\"WebPage\",\"@id\":\"https:\/\/jlgequipements.fr\/index.php\/produit\/livre-dor-de-notre-mariage-non-personnalise\/\",\"url\":\"https:\/\/jlgequipements.fr\/index.php\/produit\/livre-dor-de-notre-mariage-non-personnalise\/\",\"name\":\"LIVRE D'OR DE NOTRE MARIAGE NON PERSONNALIS\u00c9 - JLG \u00c9quipements Collectivit\u00e9s\",\"isPartOf\":{\"@id\":\"https:\/\/jlgequipements.fr\/#website\"},\"primaryImageOfPage\":{\"@id\":\"https:\/\/jlgequipements.fr\/index.php\/produit\/livre-dor-de-notre-mariage-non-personnalise\/#primaryimage\"},\"image\":{\"@id\":\"https:\/\/jlgequipements.fr\/index.php\/produit\/livre-dor-de-notre-mariage-non-personnalise\/#primaryimage\"},\"thumbnailUrl\":\"https:\/\/jlgequipements.fr\/wp-content\/uploads\/2024\/03\/LIVRE_DOR_NON_PERSO.jpg\",\"datePublished\":\"2024-03-26T10:06:52+00:00\",\"dateModified\":\"2026-03-18T20:45:08+00:00\",\"breadcrumb\":{\"@id\":\"https:\/\/jlgequipements.fr\/index.php\/produit\/livre-dor-de-notre-mariage-non-personnalise\/#breadcrumb\"},\"inLanguage\":\"fr-FR\",\"potentialAction\":[{\"@type\":\"ReadAction\",\"target\":[\"https:\/\/jlgequipements.fr\/index.php\/produit\/livre-dor-de-notre-mariage-non-personnalise\/\"]}]},{\"@type\":\"ImageObject\",\"inLanguage\":\"fr-FR\",\"@id\":\"https:\/\/jlgequipements.fr\/index.php\/produit\/livre-dor-de-notre-mariage-non-personnalise\/#primaryimage\",\"url\":\"https:\/\/jlgequipements.fr\/wp-content\/uploads\/2024\/03\/LIVRE_DOR_NON_PERSO.jpg\",\"contentUrl\":\"https:\/\/jlgequipements.fr\/wp-content\/uploads\/2024\/03\/LIVRE_DOR_NON_PERSO.jpg\",\"width\":2054,\"height\":2120},{\"@type\":\"BreadcrumbList\",\"@id\":\"https:\/\/jlgequipements.fr\/index.php\/produit\/livre-dor-de-notre-mariage-non-personnalise\/#breadcrumb\",\"itemListElement\":[{\"@type\":\"ListItem\",\"position\":1,\"name\":\"Accueil\",\"item\":\"https:\/\/jlgequipements.fr\/\"},{\"@type\":\"ListItem\",\"position\":2,\"name\":\"Boutique\",\"item\":\"https:\/\/jlgequipements.fr\/index.php\/boutique\/\"},{\"@type\":\"ListItem\",\"position\":3,\"name\":\"LIVRE D&rsquo;OR DE NOTRE MARIAGE NON PERSONNALIS\u00c9\"}]},{\"@type\":\"WebSite\",\"@id\":\"https:\/\/jlgequipements.fr\/#website\",\"url\":\"https:\/\/jlgequipements.fr\/\",\"name\":\"JLG \u00c9quipements collectivit\u00e9\",\"description\":\"Le partenaire des communes\",\"publisher\":{\"@id\":\"https:\/\/jlgequipements.fr\/#organization\"},\"potentialAction\":[{\"@type\":\"SearchAction\",\"target\":{\"@type\":\"EntryPoint\",\"urlTemplate\":\"https:\/\/jlgequipements.fr\/?s={search_term_string}\"},\"query-input\":{\"@type\":\"PropertyValueSpecification\",\"valueRequired\":true,\"valueName\":\"search_term_string\"}}],\"inLanguage\":\"fr-FR\"},{\"@type\":\"Organization\",\"@id\":\"https:\/\/jlgequipements.fr\/#organization\",\"name\":\"JLG \u00c9quipements collectivit\u00e9\",\"url\":\"https:\/\/jlgequipements.fr\/\",\"logo\":{\"@type\":\"ImageObject\",\"inLanguage\":\"fr-FR\",\"@id\":\"https:\/\/jlgequipements.fr\/#\/schema\/logo\/image\/\",\"url\":\"https:\/\/jlgequipements.fr\/wp-content\/uploads\/2024\/01\/JLG_LOGO_VECTO.png\",\"contentUrl\":\"https:\/\/jlgequipements.fr\/wp-content\/uploads\/2024\/01\/JLG_LOGO_VECTO.png\",\"width\":3293,\"height\":3292,\"caption\":\"JLG \u00c9quipements collectivit\u00e9\"},\"image\":{\"@id\":\"https:\/\/jlgequipements.fr\/#\/schema\/logo\/image\/\"}}]}<\/script>\n<!-- \/ Yoast SEO plugin. -->","yoast_head_json":{"title":"LIVRE D'OR DE NOTRE MARIAGE NON PERSONNALIS\u00c9 - JLG \u00c9quipements Collectivit\u00e9s","robots":{"index":"index","follow":"follow","max-snippet":"max-snippet:-1","max-image-preview":"max-image-preview:large","max-video-preview":"max-video-preview:-1"},"canonical":"https:\/\/jlgequipements.fr\/index.php\/produit\/livre-dor-de-notre-mariage-non-personnalise\/","og_locale":"fr_FR","og_type":"article","og_title":"LIVRE D'OR DE NOTRE MARIAGE NON PERSONNALIS\u00c9 - JLG \u00c9quipements Collectivit\u00e9s","og_description":"Ce nouveau livre d\u2019OR de Notre Mariage est une cr\u00e9ation JLG ! Cet ouvrage regorge d\u2019innovation pour le bonheur des jeunes mari\u00e9s, mis \u00e0 jour avec la pr\u00e9sence des r\u00e9cents textes de loi du Mariage pour tous, ainsi que des inspirations musicales vari\u00e9es de Francis Cabrel \u00e0 Grand Corps Malade en passant par Amir. &nbsp; Caract\u00e9ristiques : Format : ferm\u00e9 &#8211; 260 x 245 mm, ouvert &#8211; 520 x 245 mm\u00a0 Couverture demi-mat blanc 4 pages rigides\u00a0 Int\u00e9rieur : 64 pages &#8211; 170 gr\u00a0 Th\u00e9matiques abord\u00e9es : Origine du Mariage, l\u2019\u00c9volution du Mariage, Symbole du Mariage, Vin d\u2019honneur, Origine du champagne, Origine de la pi\u00e8ce mont\u00e9e, Voyage de Noces, Arbre g\u00e9n\u00e9alogique, etc &#8230;","og_url":"https:\/\/jlgequipements.fr\/index.php\/produit\/livre-dor-de-notre-mariage-non-personnalise\/","og_site_name":"JLG \u00c9quipements Collectivit\u00e9s","article_modified_time":"2026-03-18T20:45:08+00:00","og_image":[{"width":2054,"height":2120,"url":"http:\/\/jlgequipements.fr\/wp-content\/uploads\/2024\/03\/LIVRE_DOR_NON_PERSO.jpg","type":"image\/jpeg"}],"twitter_card":"summary_large_image","twitter_misc":{"Dur\u00e9e de lecture estim\u00e9e":"1 minute"},"schema":{"@context":"https:\/\/schema.org","@graph":[{"@type":"WebPage","@id":"https:\/\/jlgequipements.fr\/index.php\/produit\/livre-dor-de-notre-mariage-non-personnalise\/","url":"https:\/\/jlgequipements.fr\/index.php\/produit\/livre-dor-de-notre-mariage-non-personnalise\/","name":"LIVRE D'OR DE NOTRE MARIAGE NON PERSONNALIS\u00c9 - JLG \u00c9quipements Collectivit\u00e9s","isPartOf":{"@id":"https:\/\/jlgequipements.fr\/#website"},"primaryImageOfPage":{"@id":"https:\/\/jlgequipements.fr\/index.php\/produit\/livre-dor-de-notre-mariage-non-personnalise\/#primaryimage"},"image":{"@id":"https:\/\/jlgequipements.fr\/index.php\/produit\/livre-dor-de-notre-mariage-non-personnalise\/#primaryimage"},"thumbnailUrl":"https:\/\/jlgequipements.fr\/wp-content\/uploads\/2024\/03\/LIVRE_DOR_NON_PERSO.jpg","datePublished":"2024-03-26T10:06:52+00:00","dateModified":"2026-03-18T20:45:08+00:00","breadcrumb":{"@id":"https:\/\/jlgequipements.fr\/index.php\/produit\/livre-dor-de-notre-mariage-non-personnalise\/#breadcrumb"},"inLanguage":"fr-FR","potentialAction":[{"@type":"ReadAction","target":["https:\/\/jlgequipements.fr\/index.php\/produit\/livre-dor-de-notre-mariage-non-personnalise\/"]}]},{"@type":"ImageObject","inLanguage":"fr-FR","@id":"https:\/\/jlgequipements.fr\/index.php\/produit\/livre-dor-de-notre-mariage-non-personnalise\/#primaryimage","url":"https:\/\/jlgequipements.fr\/wp-content\/uploads\/2024\/03\/LIVRE_DOR_NON_PERSO.jpg","contentUrl":"https:\/\/jlgequipements.fr\/wp-content\/uploads\/2024\/03\/LIVRE_DOR_NON_PERSO.jpg","width":2054,"height":2120},{"@type":"BreadcrumbList","@id":"https:\/\/jlgequipements.fr\/index.php\/produit\/livre-dor-de-notre-mariage-non-personnalise\/#breadcrumb","itemListElement":[{"@type":"ListItem","position":1,"name":"Accueil","item":"https:\/\/jlgequipements.fr\/"},{"@type":"ListItem","position":2,"name":"Boutique","item":"https:\/\/jlgequipements.fr\/index.php\/boutique\/"},{"@type":"ListItem","position":3,"name":"LIVRE D&rsquo;OR DE NOTRE MARIAGE NON PERSONNALIS\u00c9"}]},{"@type":"WebSite","@id":"https:\/\/jlgequipements.fr\/#website","url":"https:\/\/jlgequipements.fr\/","name":"JLG \u00c9quipements collectivit\u00e9","description":"Le partenaire des communes","publisher":{"@id":"https:\/\/jlgequipements.fr\/#organization"},"potentialAction":[{"@type":"SearchAction","target":{"@type":"EntryPoint","urlTemplate":"https:\/\/jlgequipements.fr\/?s={search_term_string}"},"query-input":{"@type":"PropertyValueSpecification","valueRequired":true,"valueName":"search_term_string"}}],"inLanguage":"fr-FR"},{"@type":"Organization","@id":"https:\/\/jlgequipements.fr\/#organization","name":"JLG \u00c9quipements collectivit\u00e9","url":"https:\/\/jlgequipements.fr\/","logo":{"@type":"ImageObject","inLanguage":"fr-FR","@id":"https:\/\/jlgequipements.fr\/#\/schema\/logo\/image\/","url":"https:\/\/jlgequipements.fr\/wp-content\/uploads\/2024\/01\/JLG_LOGO_VECTO.png","contentUrl":"https:\/\/jlgequipements.fr\/wp-content\/uploads\/2024\/01\/JLG_LOGO_VECTO.png","width":3293,"height":3292,"caption":"JLG \u00c9quipements collectivit\u00e9"},"image":{"@id":"https:\/\/jlgequipements.fr\/#\/schema\/logo\/image\/"}}]}},"_links":{"self":[{"href":"https:\/\/jlgequipements.fr\/index.php\/wp-json\/wp\/v2\/product\/11768","targetHints":{"allow":["GET"]}}],"collection":[{"href":"https:\/\/jlgequipements.fr\/index.php\/wp-json\/wp\/v2\/product"}],"about":[{"href":"https:\/\/jlgequipements.fr\/index.php\/wp-json\/wp\/v2\/types\/product"}],"replies":[{"embeddable":true,"href":"https:\/\/jlgequipements.fr\/index.php\/wp-json\/wp\/v2\/comments?post=11768"}],"version-history":[{"count":1,"href":"https:\/\/jlgequipements.fr\/index.php\/wp-json\/wp\/v2\/product\/11768\/revisions"}],"predecessor-version":[{"id":11770,"href":"https:\/\/jlgequipements.fr\/index.php\/wp-json\/wp\/v2\/product\/11768\/revisions\/11770"}],"wp:featuredmedia":[{"embeddable":true,"href":"https:\/\/jlgequipements.fr\/index.php\/wp-json\/wp\/v2\/media\/11769"}],"wp:attachment":[{"href":"https:\/\/jlgequipements.fr\/index.php\/wp-json\/wp\/v2\/media?parent=11768"}],"wp:term":[{"taxonomy":"product_brand","embeddable":true,"href":"https:\/\/jlgequipements.fr\/index.php\/wp-json\/wp\/v2\/product_brand?post=11768"},{"taxonomy":"product_cat","embeddable":true,"href":"https:\/\/jlgequipements.fr\/index.php\/wp-json\/wp\/v2\/product_cat?post=11768"},{"taxonomy":"product_tag","embeddable":true,"href":"https:\/\/jlgequipements.fr\/index.php\/wp-json\/wp\/v2\/product_tag?post=11768"}],"curies":[{"name":"wp","href":"https:\/\/api.w.org\/{rel}","templated":true}]}}