{"id":11528,"date":"2024-03-22T15:20:45","date_gmt":"2024-03-22T14:20:45","guid":{"rendered":"https:\/\/www.jlg.nicolas-briche.fr\/?post_type=product&#038;p=11528"},"modified":"2024-03-22T15:20:46","modified_gmt":"2024-03-22T14:20:46","slug":"araignee-firry-version-fixe-ou-rotatif","status":"publish","type":"product","link":"https:\/\/jlgequipements.fr\/index.php\/produit\/araignee-firry-version-fixe-ou-rotatif\/","title":{"rendered":"ARAIGN\u00c9E FIRRY VERSION FIXE OU ROTATIF"},"content":{"rendered":"<p><strong>\u00c2ge :<\/strong> 3 \u00e0 12 ans<br \/>\nFilet de corde arm\u00e9e solide \u00d8 16 mm avec connecteurs en<br \/>\naluminium,<br \/>\nPilier central thermolaqu\u00e9 par poudrage \u00d8 120 mm avec<br \/>\ncapuchon galvanis\u00e9 \u00e0 chaud,<br \/>\nAnneau de cordes : \u00d8 90 x largeur 1360 mm,<br \/>\n\u00c0 fixer dans plot b\u00e9ton (ancrage inclus).<br \/>\n<strong>Hauteur de chute :<\/strong> 50 cm<br \/>\n<strong>Surface amortissante :<\/strong> 19 m2 (sol coul\u00e9) ou 24 m2 (dalles)<br \/>\n<strong>Charge admissible :<\/strong> 1000 kg<br \/>\n<strong>Poids :<\/strong> 82 kg<br \/>\nConforme \u00e0 la norme EN 1176.<\/p>\n<p><strong>R\u00e9f.<\/strong> <em>20231<\/em><\/p>\n","protected":false},"excerpt":{"rendered":"<p>\u00c2ge : 3 \u00e0 12 ans Filet de corde arm\u00e9e solide \u00d8 16 mm avec connecteurs en aluminium, Pilier central thermolaqu\u00e9 par poudrage \u00d8 120 mm avec capuchon galvanis\u00e9 \u00e0 chaud, Anneau de cordes : \u00d8 90 x largeur 1360 mm, \u00c0 fixer dans plot b\u00e9ton (ancrage inclus). Hauteur de chute : 50 cm Surface amortissante : 19 m2 (sol coul\u00e9) ou 24 m2 (dalles) Charge admissible : 1000 kg Poids : 82 kg Conforme \u00e0 la norme EN 1176. R\u00e9f. 20231<\/p>\n","protected":false},"featured_media":11530,"comment_status":"open","ping_status":"closed","template":"","meta":[],"product_brand":[],"product_cat":[226,231],"product_tag":[],"class_list":{"0":"post-11528","1":"product","2":"type-product","3":"status-publish","4":"has-post-thumbnail","6":"product_cat-mobilier-urbain","7":"product_cat-aires-de-jeux","9":"first","10":"instock","11":"shipping-taxable","12":"product-type-simple"},"yoast_head":"<!-- This site is optimized with the Yoast SEO plugin v27.1.1 - https:\/\/yoast.com\/product\/yoast-seo-wordpress\/ -->\n<title>ARAIGN\u00c9E FIRRY VERSION FIXE OU ROTATIF - JLG \u00c9quipements Collectivit\u00e9s<\/title>\n<meta name=\"robots\" content=\"index, follow, max-snippet:-1, max-image-preview:large, max-video-preview:-1\" \/>\n<link rel=\"canonical\" href=\"https:\/\/jlgequipements.fr\/index.php\/produit\/araignee-firry-version-fixe-ou-rotatif\/\" \/>\n<meta property=\"og:locale\" content=\"fr_FR\" \/>\n<meta property=\"og:type\" content=\"article\" \/>\n<meta property=\"og:title\" content=\"ARAIGN\u00c9E FIRRY VERSION FIXE OU ROTATIF - JLG \u00c9quipements Collectivit\u00e9s\" \/>\n<meta property=\"og:description\" content=\"\u00c2ge : 3 \u00e0 12 ans Filet de corde arm\u00e9e solide \u00d8 16 mm avec connecteurs en aluminium, Pilier central thermolaqu\u00e9 par poudrage \u00d8 120 mm avec capuchon galvanis\u00e9 \u00e0 chaud, Anneau de cordes : \u00d8 90 x largeur 1360 mm, \u00c0 fixer dans plot b\u00e9ton (ancrage inclus). Hauteur de chute : 50 cm Surface amortissante : 19 m2 (sol coul\u00e9) ou 24 m2 (dalles) Charge admissible : 1000 kg Poids : 82 kg Conforme \u00e0 la norme EN 1176. R\u00e9f. 20231\" \/>\n<meta property=\"og:url\" content=\"https:\/\/jlgequipements.fr\/index.php\/produit\/araignee-firry-version-fixe-ou-rotatif\/\" \/>\n<meta property=\"og:site_name\" content=\"JLG \u00c9quipements Collectivit\u00e9s\" \/>\n<meta property=\"article:modified_time\" content=\"2024-03-22T14:20:46+00:00\" \/>\n<meta property=\"og:image\" content=\"http:\/\/jlgequipements.fr\/wp-content\/uploads\/2024\/03\/Untitled-2024-03-22T152006.551.jpg\" \/>\n\t<meta property=\"og:image:width\" content=\"500\" \/>\n\t<meta property=\"og:image:height\" content=\"500\" \/>\n\t<meta property=\"og:image:type\" content=\"image\/jpeg\" \/>\n<meta name=\"twitter:card\" content=\"summary_large_image\" \/>\n<script type=\"application\/ld+json\" class=\"yoast-schema-graph\">{\"@context\":\"https:\/\/schema.org\",\"@graph\":[{\"@type\":\"WebPage\",\"@id\":\"https:\/\/jlgequipements.fr\/index.php\/produit\/araignee-firry-version-fixe-ou-rotatif\/\",\"url\":\"https:\/\/jlgequipements.fr\/index.php\/produit\/araignee-firry-version-fixe-ou-rotatif\/\",\"name\":\"ARAIGN\u00c9E FIRRY VERSION FIXE OU ROTATIF - JLG \u00c9quipements Collectivit\u00e9s\",\"isPartOf\":{\"@id\":\"https:\/\/jlgequipements.fr\/#website\"},\"primaryImageOfPage\":{\"@id\":\"https:\/\/jlgequipements.fr\/index.php\/produit\/araignee-firry-version-fixe-ou-rotatif\/#primaryimage\"},\"image\":{\"@id\":\"https:\/\/jlgequipements.fr\/index.php\/produit\/araignee-firry-version-fixe-ou-rotatif\/#primaryimage\"},\"thumbnailUrl\":\"https:\/\/jlgequipements.fr\/wp-content\/uploads\/2024\/03\/Untitled-2024-03-22T152006.551.jpg\",\"datePublished\":\"2024-03-22T14:20:45+00:00\",\"dateModified\":\"2024-03-22T14:20:46+00:00\",\"breadcrumb\":{\"@id\":\"https:\/\/jlgequipements.fr\/index.php\/produit\/araignee-firry-version-fixe-ou-rotatif\/#breadcrumb\"},\"inLanguage\":\"fr-FR\",\"potentialAction\":[{\"@type\":\"ReadAction\",\"target\":[\"https:\/\/jlgequipements.fr\/index.php\/produit\/araignee-firry-version-fixe-ou-rotatif\/\"]}]},{\"@type\":\"ImageObject\",\"inLanguage\":\"fr-FR\",\"@id\":\"https:\/\/jlgequipements.fr\/index.php\/produit\/araignee-firry-version-fixe-ou-rotatif\/#primaryimage\",\"url\":\"https:\/\/jlgequipements.fr\/wp-content\/uploads\/2024\/03\/Untitled-2024-03-22T152006.551.jpg\",\"contentUrl\":\"https:\/\/jlgequipements.fr\/wp-content\/uploads\/2024\/03\/Untitled-2024-03-22T152006.551.jpg\",\"width\":500,\"height\":500,\"caption\":\"Araign\u00e9e Firry\"},{\"@type\":\"BreadcrumbList\",\"@id\":\"https:\/\/jlgequipements.fr\/index.php\/produit\/araignee-firry-version-fixe-ou-rotatif\/#breadcrumb\",\"itemListElement\":[{\"@type\":\"ListItem\",\"position\":1,\"name\":\"Accueil\",\"item\":\"https:\/\/jlgequipements.fr\/\"},{\"@type\":\"ListItem\",\"position\":2,\"name\":\"Boutique\",\"item\":\"https:\/\/jlgequipements.fr\/index.php\/boutique\/\"},{\"@type\":\"ListItem\",\"position\":3,\"name\":\"ARAIGN\u00c9E FIRRY VERSION FIXE OU ROTATIF\"}]},{\"@type\":\"WebSite\",\"@id\":\"https:\/\/jlgequipements.fr\/#website\",\"url\":\"https:\/\/jlgequipements.fr\/\",\"name\":\"JLG \u00c9quipements collectivit\u00e9\",\"description\":\"Le partenaire des communes\",\"publisher\":{\"@id\":\"https:\/\/jlgequipements.fr\/#organization\"},\"potentialAction\":[{\"@type\":\"SearchAction\",\"target\":{\"@type\":\"EntryPoint\",\"urlTemplate\":\"https:\/\/jlgequipements.fr\/?s={search_term_string}\"},\"query-input\":{\"@type\":\"PropertyValueSpecification\",\"valueRequired\":true,\"valueName\":\"search_term_string\"}}],\"inLanguage\":\"fr-FR\"},{\"@type\":\"Organization\",\"@id\":\"https:\/\/jlgequipements.fr\/#organization\",\"name\":\"JLG \u00c9quipements collectivit\u00e9\",\"url\":\"https:\/\/jlgequipements.fr\/\",\"logo\":{\"@type\":\"ImageObject\",\"inLanguage\":\"fr-FR\",\"@id\":\"https:\/\/jlgequipements.fr\/#\/schema\/logo\/image\/\",\"url\":\"https:\/\/jlgequipements.fr\/wp-content\/uploads\/2024\/01\/JLG_LOGO_VECTO.png\",\"contentUrl\":\"https:\/\/jlgequipements.fr\/wp-content\/uploads\/2024\/01\/JLG_LOGO_VECTO.png\",\"width\":3293,\"height\":3292,\"caption\":\"JLG \u00c9quipements collectivit\u00e9\"},\"image\":{\"@id\":\"https:\/\/jlgequipements.fr\/#\/schema\/logo\/image\/\"}}]}<\/script>\n<!-- \/ Yoast SEO plugin. -->","yoast_head_json":{"title":"ARAIGN\u00c9E FIRRY VERSION FIXE OU ROTATIF - JLG \u00c9quipements Collectivit\u00e9s","robots":{"index":"index","follow":"follow","max-snippet":"max-snippet:-1","max-image-preview":"max-image-preview:large","max-video-preview":"max-video-preview:-1"},"canonical":"https:\/\/jlgequipements.fr\/index.php\/produit\/araignee-firry-version-fixe-ou-rotatif\/","og_locale":"fr_FR","og_type":"article","og_title":"ARAIGN\u00c9E FIRRY VERSION FIXE OU ROTATIF - JLG \u00c9quipements Collectivit\u00e9s","og_description":"\u00c2ge : 3 \u00e0 12 ans Filet de corde arm\u00e9e solide \u00d8 16 mm avec connecteurs en aluminium, Pilier central thermolaqu\u00e9 par poudrage \u00d8 120 mm avec capuchon galvanis\u00e9 \u00e0 chaud, Anneau de cordes : \u00d8 90 x largeur 1360 mm, \u00c0 fixer dans plot b\u00e9ton (ancrage inclus). Hauteur de chute : 50 cm Surface amortissante : 19 m2 (sol coul\u00e9) ou 24 m2 (dalles) Charge admissible : 1000 kg Poids : 82 kg Conforme \u00e0 la norme EN 1176. R\u00e9f. 20231","og_url":"https:\/\/jlgequipements.fr\/index.php\/produit\/araignee-firry-version-fixe-ou-rotatif\/","og_site_name":"JLG \u00c9quipements Collectivit\u00e9s","article_modified_time":"2024-03-22T14:20:46+00:00","og_image":[{"width":500,"height":500,"url":"http:\/\/jlgequipements.fr\/wp-content\/uploads\/2024\/03\/Untitled-2024-03-22T152006.551.jpg","type":"image\/jpeg"}],"twitter_card":"summary_large_image","schema":{"@context":"https:\/\/schema.org","@graph":[{"@type":"WebPage","@id":"https:\/\/jlgequipements.fr\/index.php\/produit\/araignee-firry-version-fixe-ou-rotatif\/","url":"https:\/\/jlgequipements.fr\/index.php\/produit\/araignee-firry-version-fixe-ou-rotatif\/","name":"ARAIGN\u00c9E FIRRY VERSION FIXE OU ROTATIF - JLG \u00c9quipements Collectivit\u00e9s","isPartOf":{"@id":"https:\/\/jlgequipements.fr\/#website"},"primaryImageOfPage":{"@id":"https:\/\/jlgequipements.fr\/index.php\/produit\/araignee-firry-version-fixe-ou-rotatif\/#primaryimage"},"image":{"@id":"https:\/\/jlgequipements.fr\/index.php\/produit\/araignee-firry-version-fixe-ou-rotatif\/#primaryimage"},"thumbnailUrl":"https:\/\/jlgequipements.fr\/wp-content\/uploads\/2024\/03\/Untitled-2024-03-22T152006.551.jpg","datePublished":"2024-03-22T14:20:45+00:00","dateModified":"2024-03-22T14:20:46+00:00","breadcrumb":{"@id":"https:\/\/jlgequipements.fr\/index.php\/produit\/araignee-firry-version-fixe-ou-rotatif\/#breadcrumb"},"inLanguage":"fr-FR","potentialAction":[{"@type":"ReadAction","target":["https:\/\/jlgequipements.fr\/index.php\/produit\/araignee-firry-version-fixe-ou-rotatif\/"]}]},{"@type":"ImageObject","inLanguage":"fr-FR","@id":"https:\/\/jlgequipements.fr\/index.php\/produit\/araignee-firry-version-fixe-ou-rotatif\/#primaryimage","url":"https:\/\/jlgequipements.fr\/wp-content\/uploads\/2024\/03\/Untitled-2024-03-22T152006.551.jpg","contentUrl":"https:\/\/jlgequipements.fr\/wp-content\/uploads\/2024\/03\/Untitled-2024-03-22T152006.551.jpg","width":500,"height":500,"caption":"Araign\u00e9e Firry"},{"@type":"BreadcrumbList","@id":"https:\/\/jlgequipements.fr\/index.php\/produit\/araignee-firry-version-fixe-ou-rotatif\/#breadcrumb","itemListElement":[{"@type":"ListItem","position":1,"name":"Accueil","item":"https:\/\/jlgequipements.fr\/"},{"@type":"ListItem","position":2,"name":"Boutique","item":"https:\/\/jlgequipements.fr\/index.php\/boutique\/"},{"@type":"ListItem","position":3,"name":"ARAIGN\u00c9E FIRRY VERSION FIXE OU ROTATIF"}]},{"@type":"WebSite","@id":"https:\/\/jlgequipements.fr\/#website","url":"https:\/\/jlgequipements.fr\/","name":"JLG \u00c9quipements collectivit\u00e9","description":"Le partenaire des communes","publisher":{"@id":"https:\/\/jlgequipements.fr\/#organization"},"potentialAction":[{"@type":"SearchAction","target":{"@type":"EntryPoint","urlTemplate":"https:\/\/jlgequipements.fr\/?s={search_term_string}"},"query-input":{"@type":"PropertyValueSpecification","valueRequired":true,"valueName":"search_term_string"}}],"inLanguage":"fr-FR"},{"@type":"Organization","@id":"https:\/\/jlgequipements.fr\/#organization","name":"JLG \u00c9quipements collectivit\u00e9","url":"https:\/\/jlgequipements.fr\/","logo":{"@type":"ImageObject","inLanguage":"fr-FR","@id":"https:\/\/jlgequipements.fr\/#\/schema\/logo\/image\/","url":"https:\/\/jlgequipements.fr\/wp-content\/uploads\/2024\/01\/JLG_LOGO_VECTO.png","contentUrl":"https:\/\/jlgequipements.fr\/wp-content\/uploads\/2024\/01\/JLG_LOGO_VECTO.png","width":3293,"height":3292,"caption":"JLG \u00c9quipements collectivit\u00e9"},"image":{"@id":"https:\/\/jlgequipements.fr\/#\/schema\/logo\/image\/"}}]}},"_links":{"self":[{"href":"https:\/\/jlgequipements.fr\/index.php\/wp-json\/wp\/v2\/product\/11528","targetHints":{"allow":["GET"]}}],"collection":[{"href":"https:\/\/jlgequipements.fr\/index.php\/wp-json\/wp\/v2\/product"}],"about":[{"href":"https:\/\/jlgequipements.fr\/index.php\/wp-json\/wp\/v2\/types\/product"}],"replies":[{"embeddable":true,"href":"https:\/\/jlgequipements.fr\/index.php\/wp-json\/wp\/v2\/comments?post=11528"}],"version-history":[{"count":1,"href":"https:\/\/jlgequipements.fr\/index.php\/wp-json\/wp\/v2\/product\/11528\/revisions"}],"predecessor-version":[{"id":11531,"href":"https:\/\/jlgequipements.fr\/index.php\/wp-json\/wp\/v2\/product\/11528\/revisions\/11531"}],"wp:featuredmedia":[{"embeddable":true,"href":"https:\/\/jlgequipements.fr\/index.php\/wp-json\/wp\/v2\/media\/11530"}],"wp:attachment":[{"href":"https:\/\/jlgequipements.fr\/index.php\/wp-json\/wp\/v2\/media?parent=11528"}],"wp:term":[{"taxonomy":"product_brand","embeddable":true,"href":"https:\/\/jlgequipements.fr\/index.php\/wp-json\/wp\/v2\/product_brand?post=11528"},{"taxonomy":"product_cat","embeddable":true,"href":"https:\/\/jlgequipements.fr\/index.php\/wp-json\/wp\/v2\/product_cat?post=11528"},{"taxonomy":"product_tag","embeddable":true,"href":"https:\/\/jlgequipements.fr\/index.php\/wp-json\/wp\/v2\/product_tag?post=11528"}],"curies":[{"name":"wp","href":"https:\/\/api.w.org\/{rel}","templated":true}]}}