{"id":11035,"date":"2024-03-19T12:34:48","date_gmt":"2024-03-19T11:34:48","guid":{"rendered":"https:\/\/www.jlg.nicolas-briche.fr\/?post_type=product&#038;p=11035"},"modified":"2024-05-13T09:45:18","modified_gmt":"2024-05-13T07:45:18","slug":"miroir-anti-givre","status":"publish","type":"product","link":"https:\/\/jlgequipements.fr\/index.php\/produit\/miroir-anti-givre\/","title":{"rendered":"MIROIR ANTI-GIVRE"},"content":{"rendered":"<p><strong>Caract\u00e9ristiques :<\/strong><\/p>\n<ul>\n<li>Optique P.A.S incassable, ind\u00e9formable, trait\u00e9e anti-UV, anti-scratch et antistatique<\/li>\n<li>Image pr\u00e9cise, nette, sans d\u00e9formation<\/li>\n<li>Fixation universelle pour fa\u00e7ades et poteaux non fournis<\/li>\n<li>Qualit\u00e9 Inox Anti Givre<\/li>\n<\/ul>\n<p><strong>Dimensions :<\/strong><\/p>\n<ul>\n<li><strong>Optique<\/strong> 600 x 400 mm , <strong>Cadre<\/strong> 900 x 680 mm, <strong>Distance d&rsquo;observation<\/strong> 8 m\u00e8tres r\u00e9f : 874<\/li>\n<li><strong>Optique<\/strong> 600 mm, <strong>Cadre<\/strong> 930 x 930 mm, <strong>Distance d&rsquo;observation<\/strong> 10 m\u00e8tres r\u00e9f : 866<\/li>\n<li><strong>Optique<\/strong> 800 x 600 mm, <strong>Cadre<\/strong> 1200 x 910 mm, <strong>Distance d&rsquo;observation<\/strong> 15 m\u00e8tres r\u00e9f : 876<\/li>\n<\/ul>\n<h1><strong>\u00a0Garantie 10 ans<\/strong><\/h1>\n","protected":false},"excerpt":{"rendered":"<p>Caract\u00e9ristiques : Optique P.A.S incassable, ind\u00e9formable, trait\u00e9e anti-UV, anti-scratch et antistatique Image pr\u00e9cise, nette, sans d\u00e9formation Fixation universelle pour fa\u00e7ades et poteaux non fournis Qualit\u00e9 Inox Anti Givre Dimensions : Optique 600 x 400 mm , Cadre 900 x 680 mm, Distance d&rsquo;observation 8 m\u00e8tres r\u00e9f : 874 Optique 600 mm, Cadre 930 x 930 mm, Distance d&rsquo;observation 10 m\u00e8tres r\u00e9f : 866 Optique 800 x 600 mm, Cadre 1200 x 910 mm, Distance d&rsquo;observation 15 m\u00e8tres r\u00e9f : 876 \u00a0Garantie 10 ans<\/p>\n","protected":false},"featured_media":11045,"comment_status":"open","ping_status":"closed","template":"","meta":[],"product_brand":[],"product_cat":[289,226],"product_tag":[],"class_list":{"0":"post-11035","1":"product","2":"type-product","3":"status-publish","4":"has-post-thumbnail","6":"product_cat-miroirs-dangles-de-rue","7":"product_cat-mobilier-urbain","9":"first","10":"instock","11":"shipping-taxable","12":"product-type-simple"},"yoast_head":"<!-- This site is optimized with the Yoast SEO plugin v27.1.1 - https:\/\/yoast.com\/product\/yoast-seo-wordpress\/ -->\n<title>MIROIR ANTI-GIVRE - JLG \u00c9quipements Collectivit\u00e9s<\/title>\n<meta name=\"robots\" content=\"index, follow, max-snippet:-1, max-image-preview:large, max-video-preview:-1\" \/>\n<link rel=\"canonical\" href=\"https:\/\/jlgequipements.fr\/index.php\/produit\/miroir-anti-givre\/\" \/>\n<meta property=\"og:locale\" content=\"fr_FR\" \/>\n<meta property=\"og:type\" content=\"article\" \/>\n<meta property=\"og:title\" content=\"MIROIR ANTI-GIVRE - JLG \u00c9quipements Collectivit\u00e9s\" \/>\n<meta property=\"og:description\" content=\"Caract\u00e9ristiques : Optique P.A.S incassable, ind\u00e9formable, trait\u00e9e anti-UV, anti-scratch et antistatique Image pr\u00e9cise, nette, sans d\u00e9formation Fixation universelle pour fa\u00e7ades et poteaux non fournis Qualit\u00e9 Inox Anti Givre Dimensions : Optique 600 x 400 mm , Cadre 900 x 680 mm, Distance d&rsquo;observation 8 m\u00e8tres r\u00e9f : 874 Optique 600 mm, Cadre 930 x 930 mm, Distance d&rsquo;observation 10 m\u00e8tres r\u00e9f : 866 Optique 800 x 600 mm, Cadre 1200 x 910 mm, Distance d&rsquo;observation 15 m\u00e8tres r\u00e9f : 876 \u00a0Garantie 10 ans\" \/>\n<meta property=\"og:url\" content=\"https:\/\/jlgequipements.fr\/index.php\/produit\/miroir-anti-givre\/\" \/>\n<meta property=\"og:site_name\" content=\"JLG \u00c9quipements Collectivit\u00e9s\" \/>\n<meta property=\"article:modified_time\" content=\"2024-05-13T07:45:18+00:00\" \/>\n<meta property=\"og:image\" content=\"https:\/\/jlgequipements.fr\/wp-content\/uploads\/2024\/03\/Untitled-2024-03-19T122420.824.jpg\" \/>\n\t<meta property=\"og:image:width\" content=\"500\" \/>\n\t<meta property=\"og:image:height\" content=\"500\" \/>\n\t<meta property=\"og:image:type\" content=\"image\/jpeg\" \/>\n<meta name=\"twitter:card\" content=\"summary_large_image\" \/>\n<script type=\"application\/ld+json\" class=\"yoast-schema-graph\">{\"@context\":\"https:\/\/schema.org\",\"@graph\":[{\"@type\":\"WebPage\",\"@id\":\"https:\/\/jlgequipements.fr\/index.php\/produit\/miroir-anti-givre\/\",\"url\":\"https:\/\/jlgequipements.fr\/index.php\/produit\/miroir-anti-givre\/\",\"name\":\"MIROIR ANTI-GIVRE - JLG \u00c9quipements Collectivit\u00e9s\",\"isPartOf\":{\"@id\":\"https:\/\/jlgequipements.fr\/#website\"},\"primaryImageOfPage\":{\"@id\":\"https:\/\/jlgequipements.fr\/index.php\/produit\/miroir-anti-givre\/#primaryimage\"},\"image\":{\"@id\":\"https:\/\/jlgequipements.fr\/index.php\/produit\/miroir-anti-givre\/#primaryimage\"},\"thumbnailUrl\":\"https:\/\/jlgequipements.fr\/wp-content\/uploads\/2024\/03\/Untitled-2024-03-19T122420.824.jpg\",\"datePublished\":\"2024-03-19T11:34:48+00:00\",\"dateModified\":\"2024-05-13T07:45:18+00:00\",\"breadcrumb\":{\"@id\":\"https:\/\/jlgequipements.fr\/index.php\/produit\/miroir-anti-givre\/#breadcrumb\"},\"inLanguage\":\"fr-FR\",\"potentialAction\":[{\"@type\":\"ReadAction\",\"target\":[\"https:\/\/jlgequipements.fr\/index.php\/produit\/miroir-anti-givre\/\"]}]},{\"@type\":\"ImageObject\",\"inLanguage\":\"fr-FR\",\"@id\":\"https:\/\/jlgequipements.fr\/index.php\/produit\/miroir-anti-givre\/#primaryimage\",\"url\":\"https:\/\/jlgequipements.fr\/wp-content\/uploads\/2024\/03\/Untitled-2024-03-19T122420.824.jpg\",\"contentUrl\":\"https:\/\/jlgequipements.fr\/wp-content\/uploads\/2024\/03\/Untitled-2024-03-19T122420.824.jpg\",\"width\":500,\"height\":500,\"caption\":\"Miroirs anti-givre\"},{\"@type\":\"BreadcrumbList\",\"@id\":\"https:\/\/jlgequipements.fr\/index.php\/produit\/miroir-anti-givre\/#breadcrumb\",\"itemListElement\":[{\"@type\":\"ListItem\",\"position\":1,\"name\":\"Accueil\",\"item\":\"https:\/\/jlgequipements.fr\/\"},{\"@type\":\"ListItem\",\"position\":2,\"name\":\"Boutique\",\"item\":\"https:\/\/jlgequipements.fr\/index.php\/boutique\/\"},{\"@type\":\"ListItem\",\"position\":3,\"name\":\"MIROIR ANTI-GIVRE\"}]},{\"@type\":\"WebSite\",\"@id\":\"https:\/\/jlgequipements.fr\/#website\",\"url\":\"https:\/\/jlgequipements.fr\/\",\"name\":\"JLG \u00c9quipements collectivit\u00e9\",\"description\":\"Le partenaire des communes\",\"publisher\":{\"@id\":\"https:\/\/jlgequipements.fr\/#organization\"},\"potentialAction\":[{\"@type\":\"SearchAction\",\"target\":{\"@type\":\"EntryPoint\",\"urlTemplate\":\"https:\/\/jlgequipements.fr\/?s={search_term_string}\"},\"query-input\":{\"@type\":\"PropertyValueSpecification\",\"valueRequired\":true,\"valueName\":\"search_term_string\"}}],\"inLanguage\":\"fr-FR\"},{\"@type\":\"Organization\",\"@id\":\"https:\/\/jlgequipements.fr\/#organization\",\"name\":\"JLG \u00c9quipements collectivit\u00e9\",\"url\":\"https:\/\/jlgequipements.fr\/\",\"logo\":{\"@type\":\"ImageObject\",\"inLanguage\":\"fr-FR\",\"@id\":\"https:\/\/jlgequipements.fr\/#\/schema\/logo\/image\/\",\"url\":\"https:\/\/jlgequipements.fr\/wp-content\/uploads\/2024\/01\/JLG_LOGO_VECTO.png\",\"contentUrl\":\"https:\/\/jlgequipements.fr\/wp-content\/uploads\/2024\/01\/JLG_LOGO_VECTO.png\",\"width\":3293,\"height\":3292,\"caption\":\"JLG \u00c9quipements collectivit\u00e9\"},\"image\":{\"@id\":\"https:\/\/jlgequipements.fr\/#\/schema\/logo\/image\/\"}}]}<\/script>\n<!-- \/ Yoast SEO plugin. -->","yoast_head_json":{"title":"MIROIR ANTI-GIVRE - JLG \u00c9quipements Collectivit\u00e9s","robots":{"index":"index","follow":"follow","max-snippet":"max-snippet:-1","max-image-preview":"max-image-preview:large","max-video-preview":"max-video-preview:-1"},"canonical":"https:\/\/jlgequipements.fr\/index.php\/produit\/miroir-anti-givre\/","og_locale":"fr_FR","og_type":"article","og_title":"MIROIR ANTI-GIVRE - JLG \u00c9quipements Collectivit\u00e9s","og_description":"Caract\u00e9ristiques : Optique P.A.S incassable, ind\u00e9formable, trait\u00e9e anti-UV, anti-scratch et antistatique Image pr\u00e9cise, nette, sans d\u00e9formation Fixation universelle pour fa\u00e7ades et poteaux non fournis Qualit\u00e9 Inox Anti Givre Dimensions : Optique 600 x 400 mm , Cadre 900 x 680 mm, Distance d&rsquo;observation 8 m\u00e8tres r\u00e9f : 874 Optique 600 mm, Cadre 930 x 930 mm, Distance d&rsquo;observation 10 m\u00e8tres r\u00e9f : 866 Optique 800 x 600 mm, Cadre 1200 x 910 mm, Distance d&rsquo;observation 15 m\u00e8tres r\u00e9f : 876 \u00a0Garantie 10 ans","og_url":"https:\/\/jlgequipements.fr\/index.php\/produit\/miroir-anti-givre\/","og_site_name":"JLG \u00c9quipements Collectivit\u00e9s","article_modified_time":"2024-05-13T07:45:18+00:00","og_image":[{"width":500,"height":500,"url":"https:\/\/jlgequipements.fr\/wp-content\/uploads\/2024\/03\/Untitled-2024-03-19T122420.824.jpg","type":"image\/jpeg"}],"twitter_card":"summary_large_image","schema":{"@context":"https:\/\/schema.org","@graph":[{"@type":"WebPage","@id":"https:\/\/jlgequipements.fr\/index.php\/produit\/miroir-anti-givre\/","url":"https:\/\/jlgequipements.fr\/index.php\/produit\/miroir-anti-givre\/","name":"MIROIR ANTI-GIVRE - JLG \u00c9quipements Collectivit\u00e9s","isPartOf":{"@id":"https:\/\/jlgequipements.fr\/#website"},"primaryImageOfPage":{"@id":"https:\/\/jlgequipements.fr\/index.php\/produit\/miroir-anti-givre\/#primaryimage"},"image":{"@id":"https:\/\/jlgequipements.fr\/index.php\/produit\/miroir-anti-givre\/#primaryimage"},"thumbnailUrl":"https:\/\/jlgequipements.fr\/wp-content\/uploads\/2024\/03\/Untitled-2024-03-19T122420.824.jpg","datePublished":"2024-03-19T11:34:48+00:00","dateModified":"2024-05-13T07:45:18+00:00","breadcrumb":{"@id":"https:\/\/jlgequipements.fr\/index.php\/produit\/miroir-anti-givre\/#breadcrumb"},"inLanguage":"fr-FR","potentialAction":[{"@type":"ReadAction","target":["https:\/\/jlgequipements.fr\/index.php\/produit\/miroir-anti-givre\/"]}]},{"@type":"ImageObject","inLanguage":"fr-FR","@id":"https:\/\/jlgequipements.fr\/index.php\/produit\/miroir-anti-givre\/#primaryimage","url":"https:\/\/jlgequipements.fr\/wp-content\/uploads\/2024\/03\/Untitled-2024-03-19T122420.824.jpg","contentUrl":"https:\/\/jlgequipements.fr\/wp-content\/uploads\/2024\/03\/Untitled-2024-03-19T122420.824.jpg","width":500,"height":500,"caption":"Miroirs anti-givre"},{"@type":"BreadcrumbList","@id":"https:\/\/jlgequipements.fr\/index.php\/produit\/miroir-anti-givre\/#breadcrumb","itemListElement":[{"@type":"ListItem","position":1,"name":"Accueil","item":"https:\/\/jlgequipements.fr\/"},{"@type":"ListItem","position":2,"name":"Boutique","item":"https:\/\/jlgequipements.fr\/index.php\/boutique\/"},{"@type":"ListItem","position":3,"name":"MIROIR ANTI-GIVRE"}]},{"@type":"WebSite","@id":"https:\/\/jlgequipements.fr\/#website","url":"https:\/\/jlgequipements.fr\/","name":"JLG \u00c9quipements collectivit\u00e9","description":"Le partenaire des communes","publisher":{"@id":"https:\/\/jlgequipements.fr\/#organization"},"potentialAction":[{"@type":"SearchAction","target":{"@type":"EntryPoint","urlTemplate":"https:\/\/jlgequipements.fr\/?s={search_term_string}"},"query-input":{"@type":"PropertyValueSpecification","valueRequired":true,"valueName":"search_term_string"}}],"inLanguage":"fr-FR"},{"@type":"Organization","@id":"https:\/\/jlgequipements.fr\/#organization","name":"JLG \u00c9quipements collectivit\u00e9","url":"https:\/\/jlgequipements.fr\/","logo":{"@type":"ImageObject","inLanguage":"fr-FR","@id":"https:\/\/jlgequipements.fr\/#\/schema\/logo\/image\/","url":"https:\/\/jlgequipements.fr\/wp-content\/uploads\/2024\/01\/JLG_LOGO_VECTO.png","contentUrl":"https:\/\/jlgequipements.fr\/wp-content\/uploads\/2024\/01\/JLG_LOGO_VECTO.png","width":3293,"height":3292,"caption":"JLG \u00c9quipements collectivit\u00e9"},"image":{"@id":"https:\/\/jlgequipements.fr\/#\/schema\/logo\/image\/"}}]}},"_links":{"self":[{"href":"https:\/\/jlgequipements.fr\/index.php\/wp-json\/wp\/v2\/product\/11035","targetHints":{"allow":["GET"]}}],"collection":[{"href":"https:\/\/jlgequipements.fr\/index.php\/wp-json\/wp\/v2\/product"}],"about":[{"href":"https:\/\/jlgequipements.fr\/index.php\/wp-json\/wp\/v2\/types\/product"}],"replies":[{"embeddable":true,"href":"https:\/\/jlgequipements.fr\/index.php\/wp-json\/wp\/v2\/comments?post=11035"}],"version-history":[{"count":4,"href":"https:\/\/jlgequipements.fr\/index.php\/wp-json\/wp\/v2\/product\/11035\/revisions"}],"predecessor-version":[{"id":12532,"href":"https:\/\/jlgequipements.fr\/index.php\/wp-json\/wp\/v2\/product\/11035\/revisions\/12532"}],"wp:featuredmedia":[{"embeddable":true,"href":"https:\/\/jlgequipements.fr\/index.php\/wp-json\/wp\/v2\/media\/11045"}],"wp:attachment":[{"href":"https:\/\/jlgequipements.fr\/index.php\/wp-json\/wp\/v2\/media?parent=11035"}],"wp:term":[{"taxonomy":"product_brand","embeddable":true,"href":"https:\/\/jlgequipements.fr\/index.php\/wp-json\/wp\/v2\/product_brand?post=11035"},{"taxonomy":"product_cat","embeddable":true,"href":"https:\/\/jlgequipements.fr\/index.php\/wp-json\/wp\/v2\/product_cat?post=11035"},{"taxonomy":"product_tag","embeddable":true,"href":"https:\/\/jlgequipements.fr\/index.php\/wp-json\/wp\/v2\/product_tag?post=11035"}],"curies":[{"name":"wp","href":"https:\/\/api.w.org\/{rel}","templated":true}]}}