{"id":10998,"date":"2024-03-19T11:13:17","date_gmt":"2024-03-19T10:13:17","guid":{"rendered":"https:\/\/www.jlg.nicolas-briche.fr\/?post_type=product&#038;p=10998"},"modified":"2026-01-29T11:49:42","modified_gmt":"2026-01-29T10:49:42","slug":"tableau-simple-et-tryptique","status":"publish","type":"product","link":"https:\/\/jlgequipements.fr\/index.php\/produit\/tableau-simple-et-tryptique\/","title":{"rendered":"TABLEAU SIMPLE ET TRIPTYQUE"},"content":{"rendered":"<ul>\n<li>\n<p class=\"p1\"><span class=\"s1\"><b>Avantages et caract\u00e9ristiques produits<\/b><\/span><\/p>\n<p class=\"p1\">Surface en acier \u00e9maill\u00e9 vitrifi\u00e9 \u00e0 800\u00b0C e3 \u00e0 choisir blanc feutre, blanc projection, blanc \u00e9cran ou vert craie. Substrat en agglom\u00e9r\u00e9 de bois haute densit\u00e9 et panneau alv\u00e9olaire \u00e9cologique (fabriqu\u00e9 avec 100% de d\u00e9chets, sans formald\u00e9hyde, sans COV, recyclable \u00e0 100%) et ultra l\u00e9ger (85kg\/m3). Encadrement en alu lisse anodis\u00e9. Contrebalancement par une t\u00f4le galvanis\u00e9e 3\/10e qui assure une plan\u00e9it\u00e9 parfaite du panneau dans le temps. Collage \u00e0 l\u2019aide d\u2019une colle Polyur\u00e9thane sans aucun COV. Charni\u00e8res compas m\u00e9talliques permettant au triptyque d\u2019\u00eatre mont\u00e9 en porte \u00e0 faux. Embouts de protection en plastique.<\/p>\n<\/li>\n<\/ul>\n<p>TABEAU SIMPLE :<\/p>\n<p>100 x 200 cm<\/p>\n<p>120 x 150 cm<\/p>\n<p>120 x 200 cm<\/p>\n<p>TABLEAU TRIPTYQUE :<\/p>\n<p>Tableau : 120 x 200 Volets ouverts : 100 x 400<\/p>\n<p>Tableau : 120 x 150 Volets ouverts : 120 x 300<\/p>\n<p>Tableau : 120 x 200 Volets ouverts : 120 x 400<\/p>\n<p>&nbsp;<\/p>\n<p><strong>Tableaux garantie 5 ans\u00a0<\/strong><\/p>\n<p><strong>Surface garantie \u00e0 VIE<\/strong><\/p>\n","protected":false},"excerpt":{"rendered":"<p>Avantages et caract\u00e9ristiques produits Surface en acier \u00e9maill\u00e9 vitrifi\u00e9 \u00e0 800\u00b0C e3 \u00e0 choisir blanc feutre, blanc projection, blanc \u00e9cran ou vert craie. Substrat en agglom\u00e9r\u00e9 de bois haute densit\u00e9 et panneau alv\u00e9olaire \u00e9cologique (fabriqu\u00e9 avec 100% de d\u00e9chets, sans formald\u00e9hyde, sans COV, recyclable \u00e0 100%) et ultra l\u00e9ger (85kg\/m3). Encadrement en alu lisse anodis\u00e9. Contrebalancement par une t\u00f4le galvanis\u00e9e 3\/10e qui assure une plan\u00e9it\u00e9 parfaite du panneau dans le temps. Collage \u00e0 l\u2019aide d\u2019une colle Polyur\u00e9thane sans aucun COV. Charni\u00e8res compas m\u00e9talliques permettant au triptyque d\u2019\u00eatre mont\u00e9 en porte \u00e0 faux. Embouts de protection en plastique. TABEAU SIMPLE : 100 x 200 cm 120 x 150 cm 120 x 200 cm TABLEAU TRIPTYQUE : Tableau : 120 x 200 Volets ouverts : 100 x 400 Tableau : 120 x 150 Volets ouverts : 120 x 300 Tableau : 120 x 200 Volets ouverts : 120 x 400 &nbsp; Tableaux garantie 5 ans\u00a0 Surface garantie \u00e0 VIE<\/p>\n","protected":false},"featured_media":14601,"comment_status":"open","ping_status":"closed","template":"","meta":[],"product_brand":[],"product_cat":[240,245],"product_tag":[],"class_list":{"0":"post-10998","1":"product","2":"type-product","3":"status-publish","4":"has-post-thumbnail","6":"product_cat-mobilier-scolaire","7":"product_cat-tableaux-scolaire","9":"first","10":"instock","11":"shipping-taxable","12":"product-type-simple"},"yoast_head":"<!-- This site is optimized with the Yoast SEO plugin v27.1.1 - https:\/\/yoast.com\/product\/yoast-seo-wordpress\/ -->\n<title>TABLEAU SIMPLE ET TRIPTYQUE - JLG \u00c9quipements Collectivit\u00e9s<\/title>\n<meta name=\"robots\" content=\"index, follow, max-snippet:-1, max-image-preview:large, max-video-preview:-1\" \/>\n<link rel=\"canonical\" href=\"https:\/\/jlgequipements.fr\/index.php\/produit\/tableau-simple-et-tryptique\/\" \/>\n<meta property=\"og:locale\" content=\"fr_FR\" \/>\n<meta property=\"og:type\" content=\"article\" \/>\n<meta property=\"og:title\" content=\"TABLEAU SIMPLE ET TRIPTYQUE - JLG \u00c9quipements Collectivit\u00e9s\" \/>\n<meta property=\"og:description\" content=\"Avantages et caract\u00e9ristiques produits Surface en acier \u00e9maill\u00e9 vitrifi\u00e9 \u00e0 800\u00b0C e3 \u00e0 choisir blanc feutre, blanc projection, blanc \u00e9cran ou vert craie. Substrat en agglom\u00e9r\u00e9 de bois haute densit\u00e9 et panneau alv\u00e9olaire \u00e9cologique (fabriqu\u00e9 avec 100% de d\u00e9chets, sans formald\u00e9hyde, sans COV, recyclable \u00e0 100%) et ultra l\u00e9ger (85kg\/m3). Encadrement en alu lisse anodis\u00e9. Contrebalancement par une t\u00f4le galvanis\u00e9e 3\/10e qui assure une plan\u00e9it\u00e9 parfaite du panneau dans le temps. Collage \u00e0 l\u2019aide d\u2019une colle Polyur\u00e9thane sans aucun COV. Charni\u00e8res compas m\u00e9talliques permettant au triptyque d\u2019\u00eatre mont\u00e9 en porte \u00e0 faux. Embouts de protection en plastique. TABEAU SIMPLE : 100 x 200 cm 120 x 150 cm 120 x 200 cm TABLEAU TRIPTYQUE : Tableau : 120 x 200 Volets ouverts : 100 x 400 Tableau : 120 x 150 Volets ouverts : 120 x 300 Tableau : 120 x 200 Volets ouverts : 120 x 400 &nbsp; Tableaux garantie 5 ans\u00a0 Surface garantie \u00e0 VIE\" \/>\n<meta property=\"og:url\" content=\"https:\/\/jlgequipements.fr\/index.php\/produit\/tableau-simple-et-tryptique\/\" \/>\n<meta property=\"og:site_name\" content=\"JLG \u00c9quipements Collectivit\u00e9s\" \/>\n<meta property=\"article:modified_time\" content=\"2026-01-29T10:49:42+00:00\" \/>\n<meta property=\"og:image\" content=\"https:\/\/jlgequipements.fr\/wp-content\/uploads\/2024\/03\/TABLEAU-TRIPTYQE.jpg\" \/>\n\t<meta property=\"og:image:width\" content=\"2083\" \/>\n\t<meta property=\"og:image:height\" content=\"2083\" \/>\n\t<meta property=\"og:image:type\" content=\"image\/jpeg\" \/>\n<meta name=\"twitter:card\" content=\"summary_large_image\" \/>\n<meta name=\"twitter:label1\" content=\"Dur\u00e9e de lecture estim\u00e9e\" \/>\n\t<meta name=\"twitter:data1\" content=\"1 minute\" \/>\n<script type=\"application\/ld+json\" class=\"yoast-schema-graph\">{\"@context\":\"https:\/\/schema.org\",\"@graph\":[{\"@type\":\"WebPage\",\"@id\":\"https:\/\/jlgequipements.fr\/index.php\/produit\/tableau-simple-et-tryptique\/\",\"url\":\"https:\/\/jlgequipements.fr\/index.php\/produit\/tableau-simple-et-tryptique\/\",\"name\":\"TABLEAU SIMPLE ET TRIPTYQUE - JLG \u00c9quipements Collectivit\u00e9s\",\"isPartOf\":{\"@id\":\"https:\/\/jlgequipements.fr\/#website\"},\"primaryImageOfPage\":{\"@id\":\"https:\/\/jlgequipements.fr\/index.php\/produit\/tableau-simple-et-tryptique\/#primaryimage\"},\"image\":{\"@id\":\"https:\/\/jlgequipements.fr\/index.php\/produit\/tableau-simple-et-tryptique\/#primaryimage\"},\"thumbnailUrl\":\"https:\/\/jlgequipements.fr\/wp-content\/uploads\/2024\/03\/TABLEAU-TRIPTYQE.jpg\",\"datePublished\":\"2024-03-19T10:13:17+00:00\",\"dateModified\":\"2026-01-29T10:49:42+00:00\",\"breadcrumb\":{\"@id\":\"https:\/\/jlgequipements.fr\/index.php\/produit\/tableau-simple-et-tryptique\/#breadcrumb\"},\"inLanguage\":\"fr-FR\",\"potentialAction\":[{\"@type\":\"ReadAction\",\"target\":[\"https:\/\/jlgequipements.fr\/index.php\/produit\/tableau-simple-et-tryptique\/\"]}]},{\"@type\":\"ImageObject\",\"inLanguage\":\"fr-FR\",\"@id\":\"https:\/\/jlgequipements.fr\/index.php\/produit\/tableau-simple-et-tryptique\/#primaryimage\",\"url\":\"https:\/\/jlgequipements.fr\/wp-content\/uploads\/2024\/03\/TABLEAU-TRIPTYQE.jpg\",\"contentUrl\":\"https:\/\/jlgequipements.fr\/wp-content\/uploads\/2024\/03\/TABLEAU-TRIPTYQE.jpg\",\"width\":2083,\"height\":2083},{\"@type\":\"BreadcrumbList\",\"@id\":\"https:\/\/jlgequipements.fr\/index.php\/produit\/tableau-simple-et-tryptique\/#breadcrumb\",\"itemListElement\":[{\"@type\":\"ListItem\",\"position\":1,\"name\":\"Accueil\",\"item\":\"https:\/\/jlgequipements.fr\/\"},{\"@type\":\"ListItem\",\"position\":2,\"name\":\"Boutique\",\"item\":\"https:\/\/jlgequipements.fr\/index.php\/boutique\/\"},{\"@type\":\"ListItem\",\"position\":3,\"name\":\"TABLEAU SIMPLE ET TRIPTYQUE\"}]},{\"@type\":\"WebSite\",\"@id\":\"https:\/\/jlgequipements.fr\/#website\",\"url\":\"https:\/\/jlgequipements.fr\/\",\"name\":\"JLG \u00c9quipements collectivit\u00e9\",\"description\":\"Le partenaire des communes\",\"publisher\":{\"@id\":\"https:\/\/jlgequipements.fr\/#organization\"},\"potentialAction\":[{\"@type\":\"SearchAction\",\"target\":{\"@type\":\"EntryPoint\",\"urlTemplate\":\"https:\/\/jlgequipements.fr\/?s={search_term_string}\"},\"query-input\":{\"@type\":\"PropertyValueSpecification\",\"valueRequired\":true,\"valueName\":\"search_term_string\"}}],\"inLanguage\":\"fr-FR\"},{\"@type\":\"Organization\",\"@id\":\"https:\/\/jlgequipements.fr\/#organization\",\"name\":\"JLG \u00c9quipements collectivit\u00e9\",\"url\":\"https:\/\/jlgequipements.fr\/\",\"logo\":{\"@type\":\"ImageObject\",\"inLanguage\":\"fr-FR\",\"@id\":\"https:\/\/jlgequipements.fr\/#\/schema\/logo\/image\/\",\"url\":\"https:\/\/jlgequipements.fr\/wp-content\/uploads\/2024\/01\/JLG_LOGO_VECTO.png\",\"contentUrl\":\"https:\/\/jlgequipements.fr\/wp-content\/uploads\/2024\/01\/JLG_LOGO_VECTO.png\",\"width\":3293,\"height\":3292,\"caption\":\"JLG \u00c9quipements collectivit\u00e9\"},\"image\":{\"@id\":\"https:\/\/jlgequipements.fr\/#\/schema\/logo\/image\/\"}}]}<\/script>\n<!-- \/ Yoast SEO plugin. -->","yoast_head_json":{"title":"TABLEAU SIMPLE ET TRIPTYQUE - JLG \u00c9quipements Collectivit\u00e9s","robots":{"index":"index","follow":"follow","max-snippet":"max-snippet:-1","max-image-preview":"max-image-preview:large","max-video-preview":"max-video-preview:-1"},"canonical":"https:\/\/jlgequipements.fr\/index.php\/produit\/tableau-simple-et-tryptique\/","og_locale":"fr_FR","og_type":"article","og_title":"TABLEAU SIMPLE ET TRIPTYQUE - JLG \u00c9quipements Collectivit\u00e9s","og_description":"Avantages et caract\u00e9ristiques produits Surface en acier \u00e9maill\u00e9 vitrifi\u00e9 \u00e0 800\u00b0C e3 \u00e0 choisir blanc feutre, blanc projection, blanc \u00e9cran ou vert craie. Substrat en agglom\u00e9r\u00e9 de bois haute densit\u00e9 et panneau alv\u00e9olaire \u00e9cologique (fabriqu\u00e9 avec 100% de d\u00e9chets, sans formald\u00e9hyde, sans COV, recyclable \u00e0 100%) et ultra l\u00e9ger (85kg\/m3). Encadrement en alu lisse anodis\u00e9. Contrebalancement par une t\u00f4le galvanis\u00e9e 3\/10e qui assure une plan\u00e9it\u00e9 parfaite du panneau dans le temps. Collage \u00e0 l\u2019aide d\u2019une colle Polyur\u00e9thane sans aucun COV. Charni\u00e8res compas m\u00e9talliques permettant au triptyque d\u2019\u00eatre mont\u00e9 en porte \u00e0 faux. Embouts de protection en plastique. TABEAU SIMPLE : 100 x 200 cm 120 x 150 cm 120 x 200 cm TABLEAU TRIPTYQUE : Tableau : 120 x 200 Volets ouverts : 100 x 400 Tableau : 120 x 150 Volets ouverts : 120 x 300 Tableau : 120 x 200 Volets ouverts : 120 x 400 &nbsp; Tableaux garantie 5 ans\u00a0 Surface garantie \u00e0 VIE","og_url":"https:\/\/jlgequipements.fr\/index.php\/produit\/tableau-simple-et-tryptique\/","og_site_name":"JLG \u00c9quipements Collectivit\u00e9s","article_modified_time":"2026-01-29T10:49:42+00:00","og_image":[{"width":2083,"height":2083,"url":"https:\/\/jlgequipements.fr\/wp-content\/uploads\/2024\/03\/TABLEAU-TRIPTYQE.jpg","type":"image\/jpeg"}],"twitter_card":"summary_large_image","twitter_misc":{"Dur\u00e9e de lecture estim\u00e9e":"1 minute"},"schema":{"@context":"https:\/\/schema.org","@graph":[{"@type":"WebPage","@id":"https:\/\/jlgequipements.fr\/index.php\/produit\/tableau-simple-et-tryptique\/","url":"https:\/\/jlgequipements.fr\/index.php\/produit\/tableau-simple-et-tryptique\/","name":"TABLEAU SIMPLE ET TRIPTYQUE - JLG \u00c9quipements Collectivit\u00e9s","isPartOf":{"@id":"https:\/\/jlgequipements.fr\/#website"},"primaryImageOfPage":{"@id":"https:\/\/jlgequipements.fr\/index.php\/produit\/tableau-simple-et-tryptique\/#primaryimage"},"image":{"@id":"https:\/\/jlgequipements.fr\/index.php\/produit\/tableau-simple-et-tryptique\/#primaryimage"},"thumbnailUrl":"https:\/\/jlgequipements.fr\/wp-content\/uploads\/2024\/03\/TABLEAU-TRIPTYQE.jpg","datePublished":"2024-03-19T10:13:17+00:00","dateModified":"2026-01-29T10:49:42+00:00","breadcrumb":{"@id":"https:\/\/jlgequipements.fr\/index.php\/produit\/tableau-simple-et-tryptique\/#breadcrumb"},"inLanguage":"fr-FR","potentialAction":[{"@type":"ReadAction","target":["https:\/\/jlgequipements.fr\/index.php\/produit\/tableau-simple-et-tryptique\/"]}]},{"@type":"ImageObject","inLanguage":"fr-FR","@id":"https:\/\/jlgequipements.fr\/index.php\/produit\/tableau-simple-et-tryptique\/#primaryimage","url":"https:\/\/jlgequipements.fr\/wp-content\/uploads\/2024\/03\/TABLEAU-TRIPTYQE.jpg","contentUrl":"https:\/\/jlgequipements.fr\/wp-content\/uploads\/2024\/03\/TABLEAU-TRIPTYQE.jpg","width":2083,"height":2083},{"@type":"BreadcrumbList","@id":"https:\/\/jlgequipements.fr\/index.php\/produit\/tableau-simple-et-tryptique\/#breadcrumb","itemListElement":[{"@type":"ListItem","position":1,"name":"Accueil","item":"https:\/\/jlgequipements.fr\/"},{"@type":"ListItem","position":2,"name":"Boutique","item":"https:\/\/jlgequipements.fr\/index.php\/boutique\/"},{"@type":"ListItem","position":3,"name":"TABLEAU SIMPLE ET TRIPTYQUE"}]},{"@type":"WebSite","@id":"https:\/\/jlgequipements.fr\/#website","url":"https:\/\/jlgequipements.fr\/","name":"JLG \u00c9quipements collectivit\u00e9","description":"Le partenaire des communes","publisher":{"@id":"https:\/\/jlgequipements.fr\/#organization"},"potentialAction":[{"@type":"SearchAction","target":{"@type":"EntryPoint","urlTemplate":"https:\/\/jlgequipements.fr\/?s={search_term_string}"},"query-input":{"@type":"PropertyValueSpecification","valueRequired":true,"valueName":"search_term_string"}}],"inLanguage":"fr-FR"},{"@type":"Organization","@id":"https:\/\/jlgequipements.fr\/#organization","name":"JLG \u00c9quipements collectivit\u00e9","url":"https:\/\/jlgequipements.fr\/","logo":{"@type":"ImageObject","inLanguage":"fr-FR","@id":"https:\/\/jlgequipements.fr\/#\/schema\/logo\/image\/","url":"https:\/\/jlgequipements.fr\/wp-content\/uploads\/2024\/01\/JLG_LOGO_VECTO.png","contentUrl":"https:\/\/jlgequipements.fr\/wp-content\/uploads\/2024\/01\/JLG_LOGO_VECTO.png","width":3293,"height":3292,"caption":"JLG \u00c9quipements collectivit\u00e9"},"image":{"@id":"https:\/\/jlgequipements.fr\/#\/schema\/logo\/image\/"}}]}},"_links":{"self":[{"href":"https:\/\/jlgequipements.fr\/index.php\/wp-json\/wp\/v2\/product\/10998","targetHints":{"allow":["GET"]}}],"collection":[{"href":"https:\/\/jlgequipements.fr\/index.php\/wp-json\/wp\/v2\/product"}],"about":[{"href":"https:\/\/jlgequipements.fr\/index.php\/wp-json\/wp\/v2\/types\/product"}],"replies":[{"embeddable":true,"href":"https:\/\/jlgequipements.fr\/index.php\/wp-json\/wp\/v2\/comments?post=10998"}],"version-history":[{"count":3,"href":"https:\/\/jlgequipements.fr\/index.php\/wp-json\/wp\/v2\/product\/10998\/revisions"}],"predecessor-version":[{"id":14602,"href":"https:\/\/jlgequipements.fr\/index.php\/wp-json\/wp\/v2\/product\/10998\/revisions\/14602"}],"wp:featuredmedia":[{"embeddable":true,"href":"https:\/\/jlgequipements.fr\/index.php\/wp-json\/wp\/v2\/media\/14601"}],"wp:attachment":[{"href":"https:\/\/jlgequipements.fr\/index.php\/wp-json\/wp\/v2\/media?parent=10998"}],"wp:term":[{"taxonomy":"product_brand","embeddable":true,"href":"https:\/\/jlgequipements.fr\/index.php\/wp-json\/wp\/v2\/product_brand?post=10998"},{"taxonomy":"product_cat","embeddable":true,"href":"https:\/\/jlgequipements.fr\/index.php\/wp-json\/wp\/v2\/product_cat?post=10998"},{"taxonomy":"product_tag","embeddable":true,"href":"https:\/\/jlgequipements.fr\/index.php\/wp-json\/wp\/v2\/product_tag?post=10998"}],"curies":[{"name":"wp","href":"https:\/\/api.w.org\/{rel}","templated":true}]}}